{"id":61552,"date":"2014-12-09T12:59:30","date_gmt":"2014-12-09T10:59:30","guid":{"rendered":"https:\/\/sharks.ee\/vunder_2019.klient.veebimajutus.ee\/?post_type=product&#038;p=61552"},"modified":"2014-12-09T12:59:30","modified_gmt":"2014-12-09T10:59:30","slug":"liberon-stripper-krasas-skidinatajs","status":"publish","type":"product","link":"https:\/\/hobstop.ee\/lv\/produkts\/liberon-stripper-krasas-skidinatajs\/","title":{"rendered":"Liberon Stripper kr\u0101sas \u0161\u0137\u012bdin\u0101t\u0101js"},"content":{"rendered":"<p>\u012apa\u0161i efekt\u012bvs \u017eelejveida l\u012bdzeklis kr\u0101sas un lakas no\u0146em\u0161anai no koka un met\u0101la virsm\u0101m. L\u012bdzeklis nemaina koka toni, neboj\u0101 finier\u0113jumu un l\u012bm\u0113\u0161anas vietas. Biezais sast\u0101vs atvieglo vertik\u0101lu virsmu t\u012br\u012b\u0161anu. Liberon kr\u0101sas no\u0146\u0113m\u0113js nesatur metil\u0113nhlor\u012bdu.<br \/>\nP\u0101rkl\u0101jums: 4m\u00b2\/L<br \/>\n\u017d\u016b\u0161anas laiks: 5-30 min.<br \/>\nDarba r\u012bki: ota uzkl\u0101\u0161anai uz virsmas, skr\u0101pis virsmas t\u012br\u012b\u0161anai, \u0161pakte\u013cl\u0101psti\u0146a vai met\u0101la vate Nr. 2<br \/>\nDarba r\u012bku t\u012br\u012b\u0161ana: m\u0113be\u013cu t\u012br\u012b\u0161anas l\u012bdzeklis<\/p>\n","protected":false},"excerpt":{"rendered":"<p>\u012apa\u0161i efekt\u012bvs \u017eelejveida l\u012bdzeklis kr\u0101sas un lakas no\u0146em\u0161anai no koka un met\u0101la virsm\u0101m. L\u012bdzeklis nemaina koka toni, neboj\u0101 finier\u0113jumu un l\u012bm\u0113\u0161anas vietas. Biezais sast\u0101vs atvieglo vertik\u0101lu virsmu t\u012br\u012b\u0161anu. Liberon kr\u0101sas no\u0146\u0113m\u0113js nesatur metil\u0113nhlor\u012bdu. P\u0101rkl\u0101jums: 4m\u00b2\/L \u017d\u016b\u0161anas laiks: 5-30 min. Darba r\u012bki: ota uzkl\u0101\u0161anai uz virsmas, skr\u0101pis virsmas t\u012br\u012b\u0161anai, \u0161pakte\u013cl\u0101psti\u0146a vai met\u0101la vate Nr. 2 Darba r\u012bku t\u012br\u012b\u0161ana: m\u0113be\u013cu t\u012br\u012b\u0161anas l\u012bdzeklis<\/p>\n","protected":false},"featured_media":104810,"comment_status":"closed","ping_status":"closed","template":"","meta":{"_acf_changed":false,"ep_exclude_from_search":false},"product_cat":[18565,18561,14970],"product_tag":[],"class_list":{"0":"post-61552","1":"product","2":"type-product","3":"status-publish","4":"has-post-thumbnail","6":"product_cat-koka-tirisana","7":"product_cat-restauracija","8":"product_cat-restauracija-un-iekstelpu-apdare-2","10":"first","11":"instock","12":"taxable","13":"shipping-taxable","14":"purchasable","15":"product-type-variable"},"acf":[],"yoast_head":"<!-- This site is optimized with the Yoast SEO plugin v24.1 - https:\/\/yoast.com\/wordpress\/plugins\/seo\/ -->\n<title>Liberon Stripper kr\u0101sas \u0161\u0137\u012bdin\u0101t\u0101js &#8211; Skizze<\/title>\n<meta name=\"robots\" content=\"noindex, follow, max-snippet:-1, max-image-preview:large, max-video-preview:-1\" \/>\n<meta property=\"og:locale\" content=\"lv_LV\" \/>\n<meta property=\"og:type\" content=\"article\" \/>\n<meta property=\"og:title\" content=\"Liberon Stripper kr\u0101sas \u0161\u0137\u012bdin\u0101t\u0101js &#8211; Skizze\" \/>\n<meta property=\"og:description\" content=\"\u012apa\u0161i efekt\u012bvs \u017eelejveida l\u012bdzeklis kr\u0101sas un lakas no\u0146em\u0161anai no koka un met\u0101la virsm\u0101m. L\u012bdzeklis nemaina koka toni, neboj\u0101 finier\u0113jumu un l\u012bm\u0113\u0161anas vietas. Biezais sast\u0101vs atvieglo vertik\u0101lu virsmu t\u012br\u012b\u0161anu. Liberon kr\u0101sas no\u0146\u0113m\u0113js nesatur metil\u0113nhlor\u012bdu. P\u0101rkl\u0101jums: 4m\u00b2\/L \u017d\u016b\u0161anas laiks: 5-30 min. Darba r\u012bki: ota uzkl\u0101\u0161anai uz virsmas, skr\u0101pis virsmas t\u012br\u012b\u0161anai, \u0161pakte\u013cl\u0101psti\u0146a vai met\u0101la vate Nr. 2 Darba r\u012bku t\u012br\u012b\u0161ana: m\u0113be\u013cu t\u012br\u012b\u0161anas l\u012bdzeklis\" \/>\n<meta property=\"og:url\" content=\"https:\/\/hobstop.ee\/lv\/produkts\/liberon-stripper-krasas-skidinatajs\/\" \/>\n<meta property=\"og:site_name\" content=\"Skizze\" \/>\n<meta property=\"article:publisher\" content=\"http:\/\/www.facebook.com\/VunderSkizze\" \/>\n<meta property=\"og:image\" content=\"https:\/\/hobstop.ee\/media\/2468.jpg\" \/>\n\t<meta property=\"og:image:width\" content=\"1024\" \/>\n\t<meta property=\"og:image:height\" content=\"768\" \/>\n\t<meta property=\"og:image:type\" content=\"image\/jpeg\" \/>\n<meta name=\"twitter:card\" content=\"summary_large_image\" \/>\n<meta name=\"twitter:label1\" content=\"Est. reading time\" \/>\n\t<meta name=\"twitter:data1\" content=\"1 min\u016b\u0161u\" \/>\n<script type=\"application\/ld+json\" class=\"yoast-schema-graph\">{\"@context\":\"https:\/\/schema.org\",\"@graph\":[{\"@type\":\"WebPage\",\"@id\":\"https:\/\/hobstop.ee\/lv\/produkts\/liberon-stripper-krasas-skidinatajs\/\",\"url\":\"https:\/\/hobstop.ee\/lv\/produkts\/liberon-stripper-krasas-skidinatajs\/\",\"name\":\"Liberon Stripper kr\u0101sas \u0161\u0137\u012bdin\u0101t\u0101js &#8211; Skizze\",\"isPartOf\":{\"@id\":\"https:\/\/hobstop.ee\/lv\/#website\"},\"primaryImageOfPage\":{\"@id\":\"https:\/\/hobstop.ee\/lv\/produkts\/liberon-stripper-krasas-skidinatajs\/#primaryimage\"},\"image\":{\"@id\":\"https:\/\/hobstop.ee\/lv\/produkts\/liberon-stripper-krasas-skidinatajs\/#primaryimage\"},\"thumbnailUrl\":\"https:\/\/hobstop.ee\/media\/2468.jpg\",\"datePublished\":\"2014-12-09T10:59:30+00:00\",\"dateModified\":\"2014-12-09T10:59:30+00:00\",\"breadcrumb\":{\"@id\":\"https:\/\/hobstop.ee\/lv\/produkts\/liberon-stripper-krasas-skidinatajs\/#breadcrumb\"},\"inLanguage\":\"lv-LV\",\"potentialAction\":[{\"@type\":\"ReadAction\",\"target\":[\"https:\/\/hobstop.ee\/lv\/produkts\/liberon-stripper-krasas-skidinatajs\/\"]}]},{\"@type\":\"ImageObject\",\"inLanguage\":\"lv-LV\",\"@id\":\"https:\/\/hobstop.ee\/lv\/produkts\/liberon-stripper-krasas-skidinatajs\/#primaryimage\",\"url\":\"https:\/\/hobstop.ee\/media\/2468.jpg\",\"contentUrl\":\"https:\/\/hobstop.ee\/media\/2468.jpg\",\"width\":1024,\"height\":768},{\"@type\":\"BreadcrumbList\",\"@id\":\"https:\/\/hobstop.ee\/lv\/produkts\/liberon-stripper-krasas-skidinatajs\/#breadcrumb\",\"itemListElement\":[{\"@type\":\"ListItem\",\"position\":1,\"name\":\"Avaleht\",\"item\":\"https:\/\/www.hobstop.ee\/lv\/\"},{\"@type\":\"ListItem\",\"position\":2,\"name\":\"Veikals\",\"item\":\"https:\/\/www.hobstop.ee\/lv\/veikals\/\"},{\"@type\":\"ListItem\",\"position\":3,\"name\":\"Liberon Stripper kr\u0101sas \u0161\u0137\u012bdin\u0101t\u0101js\"}]},{\"@type\":\"WebSite\",\"@id\":\"https:\/\/hobstop.ee\/lv\/#website\",\"url\":\"https:\/\/hobstop.ee\/lv\/\",\"name\":\"Skizze\",\"description\":\"M\u0101kslas, hobiju un skolas preces\",\"publisher\":{\"@id\":\"https:\/\/hobstop.ee\/lv\/#organization\"},\"potentialAction\":[{\"@type\":\"SearchAction\",\"target\":{\"@type\":\"EntryPoint\",\"urlTemplate\":\"https:\/\/hobstop.ee\/lv\/?s={search_term_string}\"},\"query-input\":{\"@type\":\"PropertyValueSpecification\",\"valueRequired\":true,\"valueName\":\"search_term_string\"}}],\"inLanguage\":\"lv-LV\"},{\"@type\":\"Organization\",\"@id\":\"https:\/\/hobstop.ee\/lv\/#organization\",\"name\":\"Vunder AS\",\"url\":\"https:\/\/hobstop.ee\/lv\/\",\"logo\":{\"@type\":\"ImageObject\",\"inLanguage\":\"lv-LV\",\"@id\":\"https:\/\/hobstop.ee\/lv\/#\/schema\/logo\/image\/\",\"url\":\"https:\/\/hobstop.ee\/media\/vunder-logo.png\",\"contentUrl\":\"https:\/\/hobstop.ee\/media\/vunder-logo.png\",\"width\":127,\"height\":55,\"caption\":\"Vunder AS\"},\"image\":{\"@id\":\"https:\/\/hobstop.ee\/lv\/#\/schema\/logo\/image\/\"},\"sameAs\":[\"http:\/\/www.facebook.com\/VunderSkizze\"]}]}<\/script>\n<!-- \/ Yoast SEO plugin. -->","yoast_head_json":{"title":"Liberon Stripper kr\u0101sas \u0161\u0137\u012bdin\u0101t\u0101js &#8211; Skizze","robots":{"index":"noindex","follow":"follow","max-snippet":"max-snippet:-1","max-image-preview":"max-image-preview:large","max-video-preview":"max-video-preview:-1"},"og_locale":"lv_LV","og_type":"article","og_title":"Liberon Stripper kr\u0101sas \u0161\u0137\u012bdin\u0101t\u0101js &#8211; Skizze","og_description":"\u012apa\u0161i efekt\u012bvs \u017eelejveida l\u012bdzeklis kr\u0101sas un lakas no\u0146em\u0161anai no koka un met\u0101la virsm\u0101m. L\u012bdzeklis nemaina koka toni, neboj\u0101 finier\u0113jumu un l\u012bm\u0113\u0161anas vietas. Biezais sast\u0101vs atvieglo vertik\u0101lu virsmu t\u012br\u012b\u0161anu. Liberon kr\u0101sas no\u0146\u0113m\u0113js nesatur metil\u0113nhlor\u012bdu. P\u0101rkl\u0101jums: 4m\u00b2\/L \u017d\u016b\u0161anas laiks: 5-30 min. Darba r\u012bki: ota uzkl\u0101\u0161anai uz virsmas, skr\u0101pis virsmas t\u012br\u012b\u0161anai, \u0161pakte\u013cl\u0101psti\u0146a vai met\u0101la vate Nr. 2 Darba r\u012bku t\u012br\u012b\u0161ana: m\u0113be\u013cu t\u012br\u012b\u0161anas l\u012bdzeklis","og_url":"https:\/\/hobstop.ee\/lv\/produkts\/liberon-stripper-krasas-skidinatajs\/","og_site_name":"Skizze","article_publisher":"http:\/\/www.facebook.com\/VunderSkizze","og_image":[{"width":1024,"height":768,"url":"https:\/\/hobstop.ee\/media\/2468.jpg","type":"image\/jpeg"}],"twitter_card":"summary_large_image","twitter_misc":{"Est. reading time":"1 min\u016b\u0161u"},"schema":{"@context":"https:\/\/schema.org","@graph":[{"@type":"WebPage","@id":"https:\/\/hobstop.ee\/lv\/produkts\/liberon-stripper-krasas-skidinatajs\/","url":"https:\/\/hobstop.ee\/lv\/produkts\/liberon-stripper-krasas-skidinatajs\/","name":"Liberon Stripper kr\u0101sas \u0161\u0137\u012bdin\u0101t\u0101js &#8211; Skizze","isPartOf":{"@id":"https:\/\/hobstop.ee\/lv\/#website"},"primaryImageOfPage":{"@id":"https:\/\/hobstop.ee\/lv\/produkts\/liberon-stripper-krasas-skidinatajs\/#primaryimage"},"image":{"@id":"https:\/\/hobstop.ee\/lv\/produkts\/liberon-stripper-krasas-skidinatajs\/#primaryimage"},"thumbnailUrl":"https:\/\/hobstop.ee\/media\/2468.jpg","datePublished":"2014-12-09T10:59:30+00:00","dateModified":"2014-12-09T10:59:30+00:00","breadcrumb":{"@id":"https:\/\/hobstop.ee\/lv\/produkts\/liberon-stripper-krasas-skidinatajs\/#breadcrumb"},"inLanguage":"lv-LV","potentialAction":[{"@type":"ReadAction","target":["https:\/\/hobstop.ee\/lv\/produkts\/liberon-stripper-krasas-skidinatajs\/"]}]},{"@type":"ImageObject","inLanguage":"lv-LV","@id":"https:\/\/hobstop.ee\/lv\/produkts\/liberon-stripper-krasas-skidinatajs\/#primaryimage","url":"https:\/\/hobstop.ee\/media\/2468.jpg","contentUrl":"https:\/\/hobstop.ee\/media\/2468.jpg","width":1024,"height":768},{"@type":"BreadcrumbList","@id":"https:\/\/hobstop.ee\/lv\/produkts\/liberon-stripper-krasas-skidinatajs\/#breadcrumb","itemListElement":[{"@type":"ListItem","position":1,"name":"Avaleht","item":"https:\/\/www.hobstop.ee\/lv\/"},{"@type":"ListItem","position":2,"name":"Veikals","item":"https:\/\/www.hobstop.ee\/lv\/veikals\/"},{"@type":"ListItem","position":3,"name":"Liberon Stripper kr\u0101sas \u0161\u0137\u012bdin\u0101t\u0101js"}]},{"@type":"WebSite","@id":"https:\/\/hobstop.ee\/lv\/#website","url":"https:\/\/hobstop.ee\/lv\/","name":"Skizze","description":"M\u0101kslas, hobiju un skolas preces","publisher":{"@id":"https:\/\/hobstop.ee\/lv\/#organization"},"potentialAction":[{"@type":"SearchAction","target":{"@type":"EntryPoint","urlTemplate":"https:\/\/hobstop.ee\/lv\/?s={search_term_string}"},"query-input":{"@type":"PropertyValueSpecification","valueRequired":true,"valueName":"search_term_string"}}],"inLanguage":"lv-LV"},{"@type":"Organization","@id":"https:\/\/hobstop.ee\/lv\/#organization","name":"Vunder AS","url":"https:\/\/hobstop.ee\/lv\/","logo":{"@type":"ImageObject","inLanguage":"lv-LV","@id":"https:\/\/hobstop.ee\/lv\/#\/schema\/logo\/image\/","url":"https:\/\/hobstop.ee\/media\/vunder-logo.png","contentUrl":"https:\/\/hobstop.ee\/media\/vunder-logo.png","width":127,"height":55,"caption":"Vunder AS"},"image":{"@id":"https:\/\/hobstop.ee\/lv\/#\/schema\/logo\/image\/"},"sameAs":["http:\/\/www.facebook.com\/VunderSkizze"]}]}},"_links":{"self":[{"href":"https:\/\/hobstop.ee\/lv\/wp-json\/wp\/v2\/product\/61552","targetHints":{"allow":["GET"]}}],"collection":[{"href":"https:\/\/hobstop.ee\/lv\/wp-json\/wp\/v2\/product"}],"about":[{"href":"https:\/\/hobstop.ee\/lv\/wp-json\/wp\/v2\/types\/product"}],"replies":[{"embeddable":true,"href":"https:\/\/hobstop.ee\/lv\/wp-json\/wp\/v2\/comments?post=61552"}],"wp:featuredmedia":[{"embeddable":true,"href":"https:\/\/hobstop.ee\/lv\/wp-json\/wp\/v2\/media\/104810"}],"wp:attachment":[{"href":"https:\/\/hobstop.ee\/lv\/wp-json\/wp\/v2\/media?parent=61552"}],"wp:term":[{"taxonomy":"product_cat","embeddable":true,"href":"https:\/\/hobstop.ee\/lv\/wp-json\/wp\/v2\/product_cat?post=61552"},{"taxonomy":"product_tag","embeddable":true,"href":"https:\/\/hobstop.ee\/lv\/wp-json\/wp\/v2\/product_tag?post=61552"}],"curies":[{"name":"wp","href":"https:\/\/api.w.org\/{rel}","templated":true}]}}