{"id":61554,"date":"2014-12-09T12:59:31","date_gmt":"2014-12-09T10:59:31","guid":{"rendered":"https:\/\/sharks.ee\/vunder_2019.klient.veebimajutus.ee\/?post_type=product&#038;p=61554"},"modified":"2014-12-09T12:59:31","modified_gmt":"2014-12-09T10:59:31","slug":"francu-sellaks-liberon-250ml","status":"publish","type":"product","link":"https:\/\/hobstop.ee\/lv\/produkts\/francu-sellaks-liberon-250ml\/","title":{"rendered":"Fran\u010du \u0161ellaks Liberon 250ml"},"content":{"rendered":"<p>Liberon Fran\u010du \u0161ellaks sast\u0101v no dab\u012bgiem sve\u0137iem un spirta. Ar Fran\u010du \u0161ellaku iesp\u0113jams m\u0113bel\u0113m pie\u0161\u0137irt patiesi augstv\u0113rt\u012bgu un ant\u012bku izskatu. Fran\u010du \u0161ellaks ir \u012bpa\u0161i piem\u0113rots mahagonija, riekstkoka un ozola m\u0113be\u013cu apstr\u0101dei, k\u0101 ar\u012b dekorat\u012bvu priek\u0161metu un akustisko m\u016bzikas instrumentu apstr\u0101dei. Tas izce\u013c koka strukt\u016bras \u012bpatn\u012bbas.<\/p>\n","protected":false},"excerpt":{"rendered":"<p>Liberon Fran\u010du \u0161ellaks sast\u0101v no dab\u012bgiem sve\u0137iem un spirta. Ar Fran\u010du \u0161ellaku iesp\u0113jams m\u0113bel\u0113m pie\u0161\u0137irt patiesi augstv\u0113rt\u012bgu un ant\u012bku izskatu. Fran\u010du \u0161ellaks ir \u012bpa\u0161i piem\u0113rots mahagonija, riekstkoka un ozola m\u0113be\u013cu apstr\u0101dei, k\u0101 ar\u012b dekorat\u012bvu priek\u0161metu un akustisko m\u016bzikas instrumentu apstr\u0101dei. Tas izce\u013c koka strukt\u016bras \u012bpatn\u012bbas.<\/p>\n","protected":false},"featured_media":104814,"comment_status":"closed","ping_status":"closed","template":"","meta":{"_acf_changed":false,"ep_exclude_from_search":false},"product_cat":[18572,18561,14970],"product_tag":[],"class_list":{"0":"post-61554","1":"product","2":"type-product","3":"status-publish","4":"has-post-thumbnail","6":"product_cat-koka-lakas-pulesanas-lidzekli-un-kopsanas-lidzekli","7":"product_cat-restauracija","8":"product_cat-restauracija-un-iekstelpu-apdare-2","10":"first","11":"outofstock","12":"taxable","13":"shipping-taxable","14":"purchasable","15":"product-type-variable"},"acf":[],"yoast_head":"<!-- This site is optimized with the Yoast SEO plugin v24.1 - https:\/\/yoast.com\/wordpress\/plugins\/seo\/ -->\n<title>Fran\u010du \u0161ellaks Liberon 250ml &#8211; Skizze<\/title>\n<meta name=\"robots\" content=\"noindex, follow, max-snippet:-1, max-image-preview:large, max-video-preview:-1\" \/>\n<meta property=\"og:locale\" content=\"lv_LV\" \/>\n<meta property=\"og:type\" content=\"article\" \/>\n<meta property=\"og:title\" content=\"Fran\u010du \u0161ellaks Liberon 250ml &#8211; Skizze\" \/>\n<meta property=\"og:description\" content=\"Liberon Fran\u010du \u0161ellaks sast\u0101v no dab\u012bgiem sve\u0137iem un spirta. Ar Fran\u010du \u0161ellaku iesp\u0113jams m\u0113bel\u0113m pie\u0161\u0137irt patiesi augstv\u0113rt\u012bgu un ant\u012bku izskatu. Fran\u010du \u0161ellaks ir \u012bpa\u0161i piem\u0113rots mahagonija, riekstkoka un ozola m\u0113be\u013cu apstr\u0101dei, k\u0101 ar\u012b dekorat\u012bvu priek\u0161metu un akustisko m\u016bzikas instrumentu apstr\u0101dei. Tas izce\u013c koka strukt\u016bras \u012bpatn\u012bbas.\" \/>\n<meta property=\"og:url\" content=\"https:\/\/hobstop.ee\/lv\/produkts\/francu-sellaks-liberon-250ml\/\" \/>\n<meta property=\"og:site_name\" content=\"Skizze\" \/>\n<meta property=\"article:publisher\" content=\"http:\/\/www.facebook.com\/VunderSkizze\" \/>\n<meta property=\"og:image\" content=\"https:\/\/hobstop.ee\/media\/2469.jpg\" \/>\n\t<meta property=\"og:image:width\" content=\"1024\" \/>\n\t<meta property=\"og:image:height\" content=\"768\" \/>\n\t<meta property=\"og:image:type\" content=\"image\/jpeg\" \/>\n<meta name=\"twitter:card\" content=\"summary_large_image\" \/>\n<script type=\"application\/ld+json\" class=\"yoast-schema-graph\">{\"@context\":\"https:\/\/schema.org\",\"@graph\":[{\"@type\":\"WebPage\",\"@id\":\"https:\/\/hobstop.ee\/lv\/produkts\/francu-sellaks-liberon-250ml\/\",\"url\":\"https:\/\/hobstop.ee\/lv\/produkts\/francu-sellaks-liberon-250ml\/\",\"name\":\"Fran\u010du \u0161ellaks Liberon 250ml &#8211; Skizze\",\"isPartOf\":{\"@id\":\"https:\/\/hobstop.ee\/lv\/#website\"},\"primaryImageOfPage\":{\"@id\":\"https:\/\/hobstop.ee\/lv\/produkts\/francu-sellaks-liberon-250ml\/#primaryimage\"},\"image\":{\"@id\":\"https:\/\/hobstop.ee\/lv\/produkts\/francu-sellaks-liberon-250ml\/#primaryimage\"},\"thumbnailUrl\":\"https:\/\/hobstop.ee\/media\/2469.jpg\",\"datePublished\":\"2014-12-09T10:59:31+00:00\",\"dateModified\":\"2014-12-09T10:59:31+00:00\",\"breadcrumb\":{\"@id\":\"https:\/\/hobstop.ee\/lv\/produkts\/francu-sellaks-liberon-250ml\/#breadcrumb\"},\"inLanguage\":\"lv-LV\",\"potentialAction\":[{\"@type\":\"ReadAction\",\"target\":[\"https:\/\/hobstop.ee\/lv\/produkts\/francu-sellaks-liberon-250ml\/\"]}]},{\"@type\":\"ImageObject\",\"inLanguage\":\"lv-LV\",\"@id\":\"https:\/\/hobstop.ee\/lv\/produkts\/francu-sellaks-liberon-250ml\/#primaryimage\",\"url\":\"https:\/\/hobstop.ee\/media\/2469.jpg\",\"contentUrl\":\"https:\/\/hobstop.ee\/media\/2469.jpg\",\"width\":1024,\"height\":768},{\"@type\":\"BreadcrumbList\",\"@id\":\"https:\/\/hobstop.ee\/lv\/produkts\/francu-sellaks-liberon-250ml\/#breadcrumb\",\"itemListElement\":[{\"@type\":\"ListItem\",\"position\":1,\"name\":\"Avaleht\",\"item\":\"https:\/\/hobstop.ee\/lv\/\"},{\"@type\":\"ListItem\",\"position\":2,\"name\":\"Veikals\",\"item\":\"https:\/\/hobstop.ee\/lv\/veikals\/\"},{\"@type\":\"ListItem\",\"position\":3,\"name\":\"Fran\u010du \u0161ellaks Liberon 250ml\"}]},{\"@type\":\"WebSite\",\"@id\":\"https:\/\/hobstop.ee\/lv\/#website\",\"url\":\"https:\/\/hobstop.ee\/lv\/\",\"name\":\"Skizze\",\"description\":\"M\u0101kslas, hobiju un skolas preces\",\"publisher\":{\"@id\":\"https:\/\/hobstop.ee\/lv\/#organization\"},\"potentialAction\":[{\"@type\":\"SearchAction\",\"target\":{\"@type\":\"EntryPoint\",\"urlTemplate\":\"https:\/\/hobstop.ee\/lv\/?s={search_term_string}\"},\"query-input\":{\"@type\":\"PropertyValueSpecification\",\"valueRequired\":true,\"valueName\":\"search_term_string\"}}],\"inLanguage\":\"lv-LV\"},{\"@type\":\"Organization\",\"@id\":\"https:\/\/hobstop.ee\/lv\/#organization\",\"name\":\"Vunder AS\",\"url\":\"https:\/\/hobstop.ee\/lv\/\",\"logo\":{\"@type\":\"ImageObject\",\"inLanguage\":\"lv-LV\",\"@id\":\"https:\/\/hobstop.ee\/lv\/#\/schema\/logo\/image\/\",\"url\":\"https:\/\/hobstop.ee\/media\/vunder-logo.png\",\"contentUrl\":\"https:\/\/hobstop.ee\/media\/vunder-logo.png\",\"width\":127,\"height\":55,\"caption\":\"Vunder AS\"},\"image\":{\"@id\":\"https:\/\/hobstop.ee\/lv\/#\/schema\/logo\/image\/\"},\"sameAs\":[\"http:\/\/www.facebook.com\/VunderSkizze\"]}]}<\/script>\n<!-- \/ Yoast SEO plugin. -->","yoast_head_json":{"title":"Fran\u010du \u0161ellaks Liberon 250ml &#8211; Skizze","robots":{"index":"noindex","follow":"follow","max-snippet":"max-snippet:-1","max-image-preview":"max-image-preview:large","max-video-preview":"max-video-preview:-1"},"og_locale":"lv_LV","og_type":"article","og_title":"Fran\u010du \u0161ellaks Liberon 250ml &#8211; Skizze","og_description":"Liberon Fran\u010du \u0161ellaks sast\u0101v no dab\u012bgiem sve\u0137iem un spirta. Ar Fran\u010du \u0161ellaku iesp\u0113jams m\u0113bel\u0113m pie\u0161\u0137irt patiesi augstv\u0113rt\u012bgu un ant\u012bku izskatu. Fran\u010du \u0161ellaks ir \u012bpa\u0161i piem\u0113rots mahagonija, riekstkoka un ozola m\u0113be\u013cu apstr\u0101dei, k\u0101 ar\u012b dekorat\u012bvu priek\u0161metu un akustisko m\u016bzikas instrumentu apstr\u0101dei. Tas izce\u013c koka strukt\u016bras \u012bpatn\u012bbas.","og_url":"https:\/\/hobstop.ee\/lv\/produkts\/francu-sellaks-liberon-250ml\/","og_site_name":"Skizze","article_publisher":"http:\/\/www.facebook.com\/VunderSkizze","og_image":[{"width":1024,"height":768,"url":"https:\/\/hobstop.ee\/media\/2469.jpg","type":"image\/jpeg"}],"twitter_card":"summary_large_image","schema":{"@context":"https:\/\/schema.org","@graph":[{"@type":"WebPage","@id":"https:\/\/hobstop.ee\/lv\/produkts\/francu-sellaks-liberon-250ml\/","url":"https:\/\/hobstop.ee\/lv\/produkts\/francu-sellaks-liberon-250ml\/","name":"Fran\u010du \u0161ellaks Liberon 250ml &#8211; Skizze","isPartOf":{"@id":"https:\/\/hobstop.ee\/lv\/#website"},"primaryImageOfPage":{"@id":"https:\/\/hobstop.ee\/lv\/produkts\/francu-sellaks-liberon-250ml\/#primaryimage"},"image":{"@id":"https:\/\/hobstop.ee\/lv\/produkts\/francu-sellaks-liberon-250ml\/#primaryimage"},"thumbnailUrl":"https:\/\/hobstop.ee\/media\/2469.jpg","datePublished":"2014-12-09T10:59:31+00:00","dateModified":"2014-12-09T10:59:31+00:00","breadcrumb":{"@id":"https:\/\/hobstop.ee\/lv\/produkts\/francu-sellaks-liberon-250ml\/#breadcrumb"},"inLanguage":"lv-LV","potentialAction":[{"@type":"ReadAction","target":["https:\/\/hobstop.ee\/lv\/produkts\/francu-sellaks-liberon-250ml\/"]}]},{"@type":"ImageObject","inLanguage":"lv-LV","@id":"https:\/\/hobstop.ee\/lv\/produkts\/francu-sellaks-liberon-250ml\/#primaryimage","url":"https:\/\/hobstop.ee\/media\/2469.jpg","contentUrl":"https:\/\/hobstop.ee\/media\/2469.jpg","width":1024,"height":768},{"@type":"BreadcrumbList","@id":"https:\/\/hobstop.ee\/lv\/produkts\/francu-sellaks-liberon-250ml\/#breadcrumb","itemListElement":[{"@type":"ListItem","position":1,"name":"Avaleht","item":"https:\/\/hobstop.ee\/lv\/"},{"@type":"ListItem","position":2,"name":"Veikals","item":"https:\/\/hobstop.ee\/lv\/veikals\/"},{"@type":"ListItem","position":3,"name":"Fran\u010du \u0161ellaks Liberon 250ml"}]},{"@type":"WebSite","@id":"https:\/\/hobstop.ee\/lv\/#website","url":"https:\/\/hobstop.ee\/lv\/","name":"Skizze","description":"M\u0101kslas, hobiju un skolas preces","publisher":{"@id":"https:\/\/hobstop.ee\/lv\/#organization"},"potentialAction":[{"@type":"SearchAction","target":{"@type":"EntryPoint","urlTemplate":"https:\/\/hobstop.ee\/lv\/?s={search_term_string}"},"query-input":{"@type":"PropertyValueSpecification","valueRequired":true,"valueName":"search_term_string"}}],"inLanguage":"lv-LV"},{"@type":"Organization","@id":"https:\/\/hobstop.ee\/lv\/#organization","name":"Vunder AS","url":"https:\/\/hobstop.ee\/lv\/","logo":{"@type":"ImageObject","inLanguage":"lv-LV","@id":"https:\/\/hobstop.ee\/lv\/#\/schema\/logo\/image\/","url":"https:\/\/hobstop.ee\/media\/vunder-logo.png","contentUrl":"https:\/\/hobstop.ee\/media\/vunder-logo.png","width":127,"height":55,"caption":"Vunder AS"},"image":{"@id":"https:\/\/hobstop.ee\/lv\/#\/schema\/logo\/image\/"},"sameAs":["http:\/\/www.facebook.com\/VunderSkizze"]}]}},"_links":{"self":[{"href":"https:\/\/hobstop.ee\/lv\/wp-json\/wp\/v2\/product\/61554","targetHints":{"allow":["GET"]}}],"collection":[{"href":"https:\/\/hobstop.ee\/lv\/wp-json\/wp\/v2\/product"}],"about":[{"href":"https:\/\/hobstop.ee\/lv\/wp-json\/wp\/v2\/types\/product"}],"replies":[{"embeddable":true,"href":"https:\/\/hobstop.ee\/lv\/wp-json\/wp\/v2\/comments?post=61554"}],"wp:featuredmedia":[{"embeddable":true,"href":"https:\/\/hobstop.ee\/lv\/wp-json\/wp\/v2\/media\/104814"}],"wp:attachment":[{"href":"https:\/\/hobstop.ee\/lv\/wp-json\/wp\/v2\/media?parent=61554"}],"wp:term":[{"taxonomy":"product_cat","embeddable":true,"href":"https:\/\/hobstop.ee\/lv\/wp-json\/wp\/v2\/product_cat?post=61554"},{"taxonomy":"product_tag","embeddable":true,"href":"https:\/\/hobstop.ee\/lv\/wp-json\/wp\/v2\/product_tag?post=61554"}],"curies":[{"name":"wp","href":"https:\/\/api.w.org\/{rel}","templated":true}]}}