{"id":61556,"date":"2014-12-09T12:59:32","date_gmt":"2014-12-09T10:59:32","guid":{"rendered":"https:\/\/sharks.ee\/vunder_2019.klient.veebimajutus.ee\/?post_type=product&#038;p=61556"},"modified":"2014-12-09T12:59:32","modified_gmt":"2014-12-09T10:59:32","slug":"bisu-vasks-bivax-liberon-150ml","status":"publish","type":"product","link":"https:\/\/hobstop.ee\/lv\/produkts\/bisu-vasks-bivax-liberon-150ml\/","title":{"rendered":"Bi\u0161u vasks Bivax Liberon 150ml"},"content":{"rendered":"<p>Bivax bi\u0161u vasks ir kr\u0113mveida, m\u012bksts, koka virsmu kopjo\u0161s vasks. Ar vasku var apstr\u0101d\u0101t visas iepriek\u0161 neapstr\u0101d\u0101tas vai e\u013c\u013cotas m\u0113be\u013cu virsmas iek\u0161telp\u0101s (galda virsmas, skapji, kr\u0113sli, grie\u0161anas d\u0113\u013ci u.c.). Lieliski piem\u0113rots liet\u0101m, kam ir saskare ar p\u0101rtiku. Viegli lietojams un nekait\u012bgs vesel\u012bbai, padara koka virsmas stipr\u0101kas un iztur\u012bg\u0101kas. Pie\u0161\u0137ir koka virsm\u0101m veclaic\u012bgu izskatu, izce\u013c koka tekst\u016bru. Datur bi\u0161u vasku un terpent\u012bnu.<br \/>\nP\u0101rkl\u0101jums: 12m\u00b2\/L<br \/>\n\u017d\u016b\u0161anas laiks: 2h<br \/>\nDarba r\u012bki: met\u0101la vate Nr. 0000<br \/>\nDarba r\u012bku t\u012br\u012b\u0161ana: m\u0113be\u013cu t\u012br\u012b\u0161anas l\u012bdzeklis<\/p>\n","protected":false},"excerpt":{"rendered":"<p>Bivax bi\u0161u vasks ir kr\u0113mveida, m\u012bksts, koka virsmu kopjo\u0161s vasks. Ar vasku var apstr\u0101d\u0101t visas iepriek\u0161 neapstr\u0101d\u0101tas vai e\u013c\u013cotas m\u0113be\u013cu virsmas iek\u0161telp\u0101s (galda virsmas, skapji, kr\u0113sli, grie\u0161anas d\u0113\u013ci u.c.). Lieliski piem\u0113rots liet\u0101m, kam ir saskare ar p\u0101rtiku. Viegli lietojams un nekait\u012bgs vesel\u012bbai, padara koka virsmas stipr\u0101kas un iztur\u012bg\u0101kas. Pie\u0161\u0137ir koka virsm\u0101m veclaic\u012bgu izskatu, izce\u013c koka tekst\u016bru. Datur bi\u0161u vasku un terpent\u012bnu. P\u0101rkl\u0101jums: 12m\u00b2\/L \u017d\u016b\u0161anas laiks: 2h Darba r\u012bki: met\u0101la vate Nr. 0000 Darba r\u012bku t\u012br\u012b\u0161ana: m\u0113be\u013cu t\u012br\u012b\u0161anas l\u012bdzeklis<\/p>\n","protected":false},"featured_media":104818,"comment_status":"closed","ping_status":"closed","template":"","meta":{"_acf_changed":false,"ep_exclude_from_search":false},"product_cat":[18574,18561,14970],"product_tag":[],"class_list":{"0":"post-61556","1":"product","2":"type-product","3":"status-publish","4":"has-post-thumbnail","6":"product_cat-koka-vaski","7":"product_cat-restauracija","8":"product_cat-restauracija-un-iekstelpu-apdare-2","10":"first","11":"instock","12":"taxable","13":"shipping-taxable","14":"purchasable","15":"product-type-variable"},"acf":[],"yoast_head":"<!-- This site is optimized with the Yoast SEO plugin v24.1 - https:\/\/yoast.com\/wordpress\/plugins\/seo\/ -->\n<title>Bi\u0161u vasks Bivax Liberon 150ml &#8211; Skizze<\/title>\n<meta name=\"robots\" content=\"noindex, follow, max-snippet:-1, max-image-preview:large, max-video-preview:-1\" \/>\n<meta property=\"og:locale\" content=\"lv_LV\" \/>\n<meta property=\"og:type\" content=\"article\" \/>\n<meta property=\"og:title\" content=\"Bi\u0161u vasks Bivax Liberon 150ml &#8211; Skizze\" \/>\n<meta property=\"og:description\" content=\"Bivax bi\u0161u vasks ir kr\u0113mveida, m\u012bksts, koka virsmu kopjo\u0161s vasks. Ar vasku var apstr\u0101d\u0101t visas iepriek\u0161 neapstr\u0101d\u0101tas vai e\u013c\u013cotas m\u0113be\u013cu virsmas iek\u0161telp\u0101s (galda virsmas, skapji, kr\u0113sli, grie\u0161anas d\u0113\u013ci u.c.). Lieliski piem\u0113rots liet\u0101m, kam ir saskare ar p\u0101rtiku. Viegli lietojams un nekait\u012bgs vesel\u012bbai, padara koka virsmas stipr\u0101kas un iztur\u012bg\u0101kas. Pie\u0161\u0137ir koka virsm\u0101m veclaic\u012bgu izskatu, izce\u013c koka tekst\u016bru. Datur bi\u0161u vasku un terpent\u012bnu. P\u0101rkl\u0101jums: 12m\u00b2\/L \u017d\u016b\u0161anas laiks: 2h Darba r\u012bki: met\u0101la vate Nr. 0000 Darba r\u012bku t\u012br\u012b\u0161ana: m\u0113be\u013cu t\u012br\u012b\u0161anas l\u012bdzeklis\" \/>\n<meta property=\"og:url\" content=\"https:\/\/hobstop.ee\/lv\/produkts\/bisu-vasks-bivax-liberon-150ml\/\" \/>\n<meta property=\"og:site_name\" content=\"Skizze\" \/>\n<meta property=\"article:publisher\" content=\"http:\/\/www.facebook.com\/VunderSkizze\" \/>\n<meta property=\"og:image\" content=\"https:\/\/hobstop.ee\/media\/2470.jpg\" \/>\n\t<meta property=\"og:image:width\" content=\"1024\" \/>\n\t<meta property=\"og:image:height\" content=\"768\" \/>\n\t<meta property=\"og:image:type\" content=\"image\/jpeg\" \/>\n<meta name=\"twitter:card\" content=\"summary_large_image\" \/>\n<meta name=\"twitter:label1\" content=\"Est. reading time\" \/>\n\t<meta name=\"twitter:data1\" content=\"1 min\u016b\u0161u\" \/>\n<script type=\"application\/ld+json\" class=\"yoast-schema-graph\">{\"@context\":\"https:\/\/schema.org\",\"@graph\":[{\"@type\":\"WebPage\",\"@id\":\"https:\/\/hobstop.ee\/lv\/produkts\/bisu-vasks-bivax-liberon-150ml\/\",\"url\":\"https:\/\/hobstop.ee\/lv\/produkts\/bisu-vasks-bivax-liberon-150ml\/\",\"name\":\"Bi\u0161u vasks Bivax Liberon 150ml &#8211; Skizze\",\"isPartOf\":{\"@id\":\"https:\/\/hobstop.ee\/lv\/#website\"},\"primaryImageOfPage\":{\"@id\":\"https:\/\/hobstop.ee\/lv\/produkts\/bisu-vasks-bivax-liberon-150ml\/#primaryimage\"},\"image\":{\"@id\":\"https:\/\/hobstop.ee\/lv\/produkts\/bisu-vasks-bivax-liberon-150ml\/#primaryimage\"},\"thumbnailUrl\":\"https:\/\/hobstop.ee\/media\/2470.jpg\",\"datePublished\":\"2014-12-09T10:59:32+00:00\",\"dateModified\":\"2014-12-09T10:59:32+00:00\",\"breadcrumb\":{\"@id\":\"https:\/\/hobstop.ee\/lv\/produkts\/bisu-vasks-bivax-liberon-150ml\/#breadcrumb\"},\"inLanguage\":\"lv-LV\",\"potentialAction\":[{\"@type\":\"ReadAction\",\"target\":[\"https:\/\/hobstop.ee\/lv\/produkts\/bisu-vasks-bivax-liberon-150ml\/\"]}]},{\"@type\":\"ImageObject\",\"inLanguage\":\"lv-LV\",\"@id\":\"https:\/\/hobstop.ee\/lv\/produkts\/bisu-vasks-bivax-liberon-150ml\/#primaryimage\",\"url\":\"https:\/\/hobstop.ee\/media\/2470.jpg\",\"contentUrl\":\"https:\/\/hobstop.ee\/media\/2470.jpg\",\"width\":1024,\"height\":768},{\"@type\":\"BreadcrumbList\",\"@id\":\"https:\/\/hobstop.ee\/lv\/produkts\/bisu-vasks-bivax-liberon-150ml\/#breadcrumb\",\"itemListElement\":[{\"@type\":\"ListItem\",\"position\":1,\"name\":\"Avaleht\",\"item\":\"https:\/\/hobstop.ee\/lv\/\"},{\"@type\":\"ListItem\",\"position\":2,\"name\":\"Veikals\",\"item\":\"https:\/\/hobstop.ee\/lv\/veikals\/\"},{\"@type\":\"ListItem\",\"position\":3,\"name\":\"Bi\u0161u vasks Bivax Liberon 150ml\"}]},{\"@type\":\"WebSite\",\"@id\":\"https:\/\/hobstop.ee\/lv\/#website\",\"url\":\"https:\/\/hobstop.ee\/lv\/\",\"name\":\"Skizze\",\"description\":\"M\u0101kslas, hobiju un skolas preces\",\"publisher\":{\"@id\":\"https:\/\/hobstop.ee\/lv\/#organization\"},\"potentialAction\":[{\"@type\":\"SearchAction\",\"target\":{\"@type\":\"EntryPoint\",\"urlTemplate\":\"https:\/\/hobstop.ee\/lv\/?s={search_term_string}\"},\"query-input\":{\"@type\":\"PropertyValueSpecification\",\"valueRequired\":true,\"valueName\":\"search_term_string\"}}],\"inLanguage\":\"lv-LV\"},{\"@type\":\"Organization\",\"@id\":\"https:\/\/hobstop.ee\/lv\/#organization\",\"name\":\"Vunder AS\",\"url\":\"https:\/\/hobstop.ee\/lv\/\",\"logo\":{\"@type\":\"ImageObject\",\"inLanguage\":\"lv-LV\",\"@id\":\"https:\/\/hobstop.ee\/lv\/#\/schema\/logo\/image\/\",\"url\":\"https:\/\/hobstop.ee\/media\/vunder-logo.png\",\"contentUrl\":\"https:\/\/hobstop.ee\/media\/vunder-logo.png\",\"width\":127,\"height\":55,\"caption\":\"Vunder AS\"},\"image\":{\"@id\":\"https:\/\/hobstop.ee\/lv\/#\/schema\/logo\/image\/\"},\"sameAs\":[\"http:\/\/www.facebook.com\/VunderSkizze\"]}]}<\/script>\n<!-- \/ Yoast SEO plugin. -->","yoast_head_json":{"title":"Bi\u0161u vasks Bivax Liberon 150ml &#8211; Skizze","robots":{"index":"noindex","follow":"follow","max-snippet":"max-snippet:-1","max-image-preview":"max-image-preview:large","max-video-preview":"max-video-preview:-1"},"og_locale":"lv_LV","og_type":"article","og_title":"Bi\u0161u vasks Bivax Liberon 150ml &#8211; Skizze","og_description":"Bivax bi\u0161u vasks ir kr\u0113mveida, m\u012bksts, koka virsmu kopjo\u0161s vasks. Ar vasku var apstr\u0101d\u0101t visas iepriek\u0161 neapstr\u0101d\u0101tas vai e\u013c\u013cotas m\u0113be\u013cu virsmas iek\u0161telp\u0101s (galda virsmas, skapji, kr\u0113sli, grie\u0161anas d\u0113\u013ci u.c.). Lieliski piem\u0113rots liet\u0101m, kam ir saskare ar p\u0101rtiku. Viegli lietojams un nekait\u012bgs vesel\u012bbai, padara koka virsmas stipr\u0101kas un iztur\u012bg\u0101kas. Pie\u0161\u0137ir koka virsm\u0101m veclaic\u012bgu izskatu, izce\u013c koka tekst\u016bru. Datur bi\u0161u vasku un terpent\u012bnu. P\u0101rkl\u0101jums: 12m\u00b2\/L \u017d\u016b\u0161anas laiks: 2h Darba r\u012bki: met\u0101la vate Nr. 0000 Darba r\u012bku t\u012br\u012b\u0161ana: m\u0113be\u013cu t\u012br\u012b\u0161anas l\u012bdzeklis","og_url":"https:\/\/hobstop.ee\/lv\/produkts\/bisu-vasks-bivax-liberon-150ml\/","og_site_name":"Skizze","article_publisher":"http:\/\/www.facebook.com\/VunderSkizze","og_image":[{"width":1024,"height":768,"url":"https:\/\/hobstop.ee\/media\/2470.jpg","type":"image\/jpeg"}],"twitter_card":"summary_large_image","twitter_misc":{"Est. reading time":"1 min\u016b\u0161u"},"schema":{"@context":"https:\/\/schema.org","@graph":[{"@type":"WebPage","@id":"https:\/\/hobstop.ee\/lv\/produkts\/bisu-vasks-bivax-liberon-150ml\/","url":"https:\/\/hobstop.ee\/lv\/produkts\/bisu-vasks-bivax-liberon-150ml\/","name":"Bi\u0161u vasks Bivax Liberon 150ml &#8211; Skizze","isPartOf":{"@id":"https:\/\/hobstop.ee\/lv\/#website"},"primaryImageOfPage":{"@id":"https:\/\/hobstop.ee\/lv\/produkts\/bisu-vasks-bivax-liberon-150ml\/#primaryimage"},"image":{"@id":"https:\/\/hobstop.ee\/lv\/produkts\/bisu-vasks-bivax-liberon-150ml\/#primaryimage"},"thumbnailUrl":"https:\/\/hobstop.ee\/media\/2470.jpg","datePublished":"2014-12-09T10:59:32+00:00","dateModified":"2014-12-09T10:59:32+00:00","breadcrumb":{"@id":"https:\/\/hobstop.ee\/lv\/produkts\/bisu-vasks-bivax-liberon-150ml\/#breadcrumb"},"inLanguage":"lv-LV","potentialAction":[{"@type":"ReadAction","target":["https:\/\/hobstop.ee\/lv\/produkts\/bisu-vasks-bivax-liberon-150ml\/"]}]},{"@type":"ImageObject","inLanguage":"lv-LV","@id":"https:\/\/hobstop.ee\/lv\/produkts\/bisu-vasks-bivax-liberon-150ml\/#primaryimage","url":"https:\/\/hobstop.ee\/media\/2470.jpg","contentUrl":"https:\/\/hobstop.ee\/media\/2470.jpg","width":1024,"height":768},{"@type":"BreadcrumbList","@id":"https:\/\/hobstop.ee\/lv\/produkts\/bisu-vasks-bivax-liberon-150ml\/#breadcrumb","itemListElement":[{"@type":"ListItem","position":1,"name":"Avaleht","item":"https:\/\/hobstop.ee\/lv\/"},{"@type":"ListItem","position":2,"name":"Veikals","item":"https:\/\/hobstop.ee\/lv\/veikals\/"},{"@type":"ListItem","position":3,"name":"Bi\u0161u vasks Bivax Liberon 150ml"}]},{"@type":"WebSite","@id":"https:\/\/hobstop.ee\/lv\/#website","url":"https:\/\/hobstop.ee\/lv\/","name":"Skizze","description":"M\u0101kslas, hobiju un skolas preces","publisher":{"@id":"https:\/\/hobstop.ee\/lv\/#organization"},"potentialAction":[{"@type":"SearchAction","target":{"@type":"EntryPoint","urlTemplate":"https:\/\/hobstop.ee\/lv\/?s={search_term_string}"},"query-input":{"@type":"PropertyValueSpecification","valueRequired":true,"valueName":"search_term_string"}}],"inLanguage":"lv-LV"},{"@type":"Organization","@id":"https:\/\/hobstop.ee\/lv\/#organization","name":"Vunder AS","url":"https:\/\/hobstop.ee\/lv\/","logo":{"@type":"ImageObject","inLanguage":"lv-LV","@id":"https:\/\/hobstop.ee\/lv\/#\/schema\/logo\/image\/","url":"https:\/\/hobstop.ee\/media\/vunder-logo.png","contentUrl":"https:\/\/hobstop.ee\/media\/vunder-logo.png","width":127,"height":55,"caption":"Vunder AS"},"image":{"@id":"https:\/\/hobstop.ee\/lv\/#\/schema\/logo\/image\/"},"sameAs":["http:\/\/www.facebook.com\/VunderSkizze"]}]}},"_links":{"self":[{"href":"https:\/\/hobstop.ee\/lv\/wp-json\/wp\/v2\/product\/61556","targetHints":{"allow":["GET"]}}],"collection":[{"href":"https:\/\/hobstop.ee\/lv\/wp-json\/wp\/v2\/product"}],"about":[{"href":"https:\/\/hobstop.ee\/lv\/wp-json\/wp\/v2\/types\/product"}],"replies":[{"embeddable":true,"href":"https:\/\/hobstop.ee\/lv\/wp-json\/wp\/v2\/comments?post=61556"}],"wp:featuredmedia":[{"embeddable":true,"href":"https:\/\/hobstop.ee\/lv\/wp-json\/wp\/v2\/media\/104818"}],"wp:attachment":[{"href":"https:\/\/hobstop.ee\/lv\/wp-json\/wp\/v2\/media?parent=61556"}],"wp:term":[{"taxonomy":"product_cat","embeddable":true,"href":"https:\/\/hobstop.ee\/lv\/wp-json\/wp\/v2\/product_cat?post=61556"},{"taxonomy":"product_tag","embeddable":true,"href":"https:\/\/hobstop.ee\/lv\/wp-json\/wp\/v2\/product_tag?post=61556"}],"curies":[{"name":"wp","href":"https:\/\/api.w.org\/{rel}","templated":true}]}}