{"id":61562,"date":"2014-12-09T12:59:40","date_gmt":"2014-12-09T10:59:40","guid":{"rendered":"https:\/\/sharks.ee\/vunder_2019.klient.veebimajutus.ee\/?post_type=product&#038;p=61562"},"modified":"2014-12-09T12:59:40","modified_gmt":"2014-12-09T10:59:40","slug":"metala-laka-liberon-250ml","status":"publish","type":"product","link":"https:\/\/hobstop.ee\/lv\/produkts\/metala-laka-liberon-250ml\/","title":{"rendered":"Met\u0101la laka Liberon 250ml"},"content":{"rendered":"<p>Met\u0101la laka ir augstas kvalit\u0101tes bezkr\u0101saina aizsarglaka, kas pasarg\u0101 met\u0101la virsmas no oksid\u0113\u0161an\u0101s. Piem\u0113rota iek\u0161telp\u0101s lietojamu vara, bronzas, dzelzs, alvas un sudraba deta\u013cu apstr\u0101dei, kas nav tie\u0161\u0101 saskar\u0113 ar mitrumu un augst\u0101m temperat\u016br\u0101m. Met\u0101la laka nodro\u0161ina sp\u012bd\u012bgu, nedzelt\u0113jo\u0161u virsmas kl\u0101jumu.<\/p>\n","protected":false},"excerpt":{"rendered":"<p>Met\u0101la laka ir augstas kvalit\u0101tes bezkr\u0101saina aizsarglaka, kas pasarg\u0101 met\u0101la virsmas no oksid\u0113\u0161an\u0101s. Piem\u0113rota iek\u0161telp\u0101s lietojamu vara, bronzas, dzelzs, alvas un sudraba deta\u013cu apstr\u0101dei, kas nav tie\u0161\u0101 saskar\u0113 ar mitrumu un augst\u0101m temperat\u016br\u0101m. Met\u0101la laka nodro\u0161ina sp\u012bd\u012bgu, nedzelt\u0113jo\u0161u virsmas kl\u0101jumu.<\/p>\n","protected":false},"featured_media":147001,"comment_status":"closed","ping_status":"closed","template":"","meta":{"_acf_changed":false,"ep_exclude_from_search":false},"product_cat":[18581,18561,14970],"product_tag":[],"class_list":{"0":"post-61562","1":"product","2":"type-product","3":"status-publish","4":"has-post-thumbnail","6":"product_cat-metalam","7":"product_cat-restauracija","8":"product_cat-restauracija-un-iekstelpu-apdare-2","10":"first","11":"instock","12":"taxable","13":"shipping-taxable","14":"purchasable","15":"product-type-variable"},"acf":[],"yoast_head":"<!-- This site is optimized with the Yoast SEO plugin v24.1 - https:\/\/yoast.com\/wordpress\/plugins\/seo\/ -->\n<title>Met\u0101la laka Liberon 250ml &#8211; Skizze<\/title>\n<meta name=\"robots\" content=\"noindex, follow, max-snippet:-1, max-image-preview:large, max-video-preview:-1\" \/>\n<meta property=\"og:locale\" content=\"lv_LV\" \/>\n<meta property=\"og:type\" content=\"article\" \/>\n<meta property=\"og:title\" content=\"Met\u0101la laka Liberon 250ml &#8211; Skizze\" \/>\n<meta property=\"og:description\" content=\"Met\u0101la laka ir augstas kvalit\u0101tes bezkr\u0101saina aizsarglaka, kas pasarg\u0101 met\u0101la virsmas no oksid\u0113\u0161an\u0101s. Piem\u0113rota iek\u0161telp\u0101s lietojamu vara, bronzas, dzelzs, alvas un sudraba deta\u013cu apstr\u0101dei, kas nav tie\u0161\u0101 saskar\u0113 ar mitrumu un augst\u0101m temperat\u016br\u0101m. Met\u0101la laka nodro\u0161ina sp\u012bd\u012bgu, nedzelt\u0113jo\u0161u virsmas kl\u0101jumu.\" \/>\n<meta property=\"og:url\" content=\"https:\/\/hobstop.ee\/lv\/produkts\/metala-laka-liberon-250ml\/\" \/>\n<meta property=\"og:site_name\" content=\"Skizze\" \/>\n<meta property=\"article:publisher\" content=\"http:\/\/www.facebook.com\/VunderSkizze\" \/>\n<meta property=\"og:image\" content=\"https:\/\/hobstop.ee\/media\/2482.jpg\" \/>\n\t<meta property=\"og:image:width\" content=\"1024\" \/>\n\t<meta property=\"og:image:height\" content=\"768\" \/>\n\t<meta property=\"og:image:type\" content=\"image\/jpeg\" \/>\n<meta name=\"twitter:card\" content=\"summary_large_image\" \/>\n<script type=\"application\/ld+json\" class=\"yoast-schema-graph\">{\"@context\":\"https:\/\/schema.org\",\"@graph\":[{\"@type\":\"WebPage\",\"@id\":\"https:\/\/hobstop.ee\/lv\/produkts\/metala-laka-liberon-250ml\/\",\"url\":\"https:\/\/hobstop.ee\/lv\/produkts\/metala-laka-liberon-250ml\/\",\"name\":\"Met\u0101la laka Liberon 250ml &#8211; Skizze\",\"isPartOf\":{\"@id\":\"https:\/\/hobstop.ee\/lv\/#website\"},\"primaryImageOfPage\":{\"@id\":\"https:\/\/hobstop.ee\/lv\/produkts\/metala-laka-liberon-250ml\/#primaryimage\"},\"image\":{\"@id\":\"https:\/\/hobstop.ee\/lv\/produkts\/metala-laka-liberon-250ml\/#primaryimage\"},\"thumbnailUrl\":\"https:\/\/hobstop.ee\/media\/2482.jpg\",\"datePublished\":\"2014-12-09T10:59:40+00:00\",\"dateModified\":\"2014-12-09T10:59:40+00:00\",\"breadcrumb\":{\"@id\":\"https:\/\/hobstop.ee\/lv\/produkts\/metala-laka-liberon-250ml\/#breadcrumb\"},\"inLanguage\":\"lv-LV\",\"potentialAction\":[{\"@type\":\"ReadAction\",\"target\":[\"https:\/\/hobstop.ee\/lv\/produkts\/metala-laka-liberon-250ml\/\"]}]},{\"@type\":\"ImageObject\",\"inLanguage\":\"lv-LV\",\"@id\":\"https:\/\/hobstop.ee\/lv\/produkts\/metala-laka-liberon-250ml\/#primaryimage\",\"url\":\"https:\/\/hobstop.ee\/media\/2482.jpg\",\"contentUrl\":\"https:\/\/hobstop.ee\/media\/2482.jpg\",\"width\":1024,\"height\":768},{\"@type\":\"BreadcrumbList\",\"@id\":\"https:\/\/hobstop.ee\/lv\/produkts\/metala-laka-liberon-250ml\/#breadcrumb\",\"itemListElement\":[{\"@type\":\"ListItem\",\"position\":1,\"name\":\"Avaleht\",\"item\":\"https:\/\/hobstop.ee\/lv\/\"},{\"@type\":\"ListItem\",\"position\":2,\"name\":\"Veikals\",\"item\":\"https:\/\/hobstop.ee\/lv\/veikals\/\"},{\"@type\":\"ListItem\",\"position\":3,\"name\":\"Met\u0101la laka Liberon 250ml\"}]},{\"@type\":\"WebSite\",\"@id\":\"https:\/\/hobstop.ee\/lv\/#website\",\"url\":\"https:\/\/hobstop.ee\/lv\/\",\"name\":\"Skizze\",\"description\":\"M\u0101kslas, hobiju un skolas preces\",\"publisher\":{\"@id\":\"https:\/\/hobstop.ee\/lv\/#organization\"},\"potentialAction\":[{\"@type\":\"SearchAction\",\"target\":{\"@type\":\"EntryPoint\",\"urlTemplate\":\"https:\/\/hobstop.ee\/lv\/?s={search_term_string}\"},\"query-input\":{\"@type\":\"PropertyValueSpecification\",\"valueRequired\":true,\"valueName\":\"search_term_string\"}}],\"inLanguage\":\"lv-LV\"},{\"@type\":\"Organization\",\"@id\":\"https:\/\/hobstop.ee\/lv\/#organization\",\"name\":\"Vunder AS\",\"url\":\"https:\/\/hobstop.ee\/lv\/\",\"logo\":{\"@type\":\"ImageObject\",\"inLanguage\":\"lv-LV\",\"@id\":\"https:\/\/hobstop.ee\/lv\/#\/schema\/logo\/image\/\",\"url\":\"https:\/\/hobstop.ee\/media\/vunder-logo.png\",\"contentUrl\":\"https:\/\/hobstop.ee\/media\/vunder-logo.png\",\"width\":127,\"height\":55,\"caption\":\"Vunder AS\"},\"image\":{\"@id\":\"https:\/\/hobstop.ee\/lv\/#\/schema\/logo\/image\/\"},\"sameAs\":[\"http:\/\/www.facebook.com\/VunderSkizze\"]}]}<\/script>\n<!-- \/ Yoast SEO plugin. -->","yoast_head_json":{"title":"Met\u0101la laka Liberon 250ml &#8211; Skizze","robots":{"index":"noindex","follow":"follow","max-snippet":"max-snippet:-1","max-image-preview":"max-image-preview:large","max-video-preview":"max-video-preview:-1"},"og_locale":"lv_LV","og_type":"article","og_title":"Met\u0101la laka Liberon 250ml &#8211; Skizze","og_description":"Met\u0101la laka ir augstas kvalit\u0101tes bezkr\u0101saina aizsarglaka, kas pasarg\u0101 met\u0101la virsmas no oksid\u0113\u0161an\u0101s. Piem\u0113rota iek\u0161telp\u0101s lietojamu vara, bronzas, dzelzs, alvas un sudraba deta\u013cu apstr\u0101dei, kas nav tie\u0161\u0101 saskar\u0113 ar mitrumu un augst\u0101m temperat\u016br\u0101m. Met\u0101la laka nodro\u0161ina sp\u012bd\u012bgu, nedzelt\u0113jo\u0161u virsmas kl\u0101jumu.","og_url":"https:\/\/hobstop.ee\/lv\/produkts\/metala-laka-liberon-250ml\/","og_site_name":"Skizze","article_publisher":"http:\/\/www.facebook.com\/VunderSkizze","og_image":[{"width":1024,"height":768,"url":"https:\/\/hobstop.ee\/media\/2482.jpg","type":"image\/jpeg"}],"twitter_card":"summary_large_image","schema":{"@context":"https:\/\/schema.org","@graph":[{"@type":"WebPage","@id":"https:\/\/hobstop.ee\/lv\/produkts\/metala-laka-liberon-250ml\/","url":"https:\/\/hobstop.ee\/lv\/produkts\/metala-laka-liberon-250ml\/","name":"Met\u0101la laka Liberon 250ml &#8211; Skizze","isPartOf":{"@id":"https:\/\/hobstop.ee\/lv\/#website"},"primaryImageOfPage":{"@id":"https:\/\/hobstop.ee\/lv\/produkts\/metala-laka-liberon-250ml\/#primaryimage"},"image":{"@id":"https:\/\/hobstop.ee\/lv\/produkts\/metala-laka-liberon-250ml\/#primaryimage"},"thumbnailUrl":"https:\/\/hobstop.ee\/media\/2482.jpg","datePublished":"2014-12-09T10:59:40+00:00","dateModified":"2014-12-09T10:59:40+00:00","breadcrumb":{"@id":"https:\/\/hobstop.ee\/lv\/produkts\/metala-laka-liberon-250ml\/#breadcrumb"},"inLanguage":"lv-LV","potentialAction":[{"@type":"ReadAction","target":["https:\/\/hobstop.ee\/lv\/produkts\/metala-laka-liberon-250ml\/"]}]},{"@type":"ImageObject","inLanguage":"lv-LV","@id":"https:\/\/hobstop.ee\/lv\/produkts\/metala-laka-liberon-250ml\/#primaryimage","url":"https:\/\/hobstop.ee\/media\/2482.jpg","contentUrl":"https:\/\/hobstop.ee\/media\/2482.jpg","width":1024,"height":768},{"@type":"BreadcrumbList","@id":"https:\/\/hobstop.ee\/lv\/produkts\/metala-laka-liberon-250ml\/#breadcrumb","itemListElement":[{"@type":"ListItem","position":1,"name":"Avaleht","item":"https:\/\/hobstop.ee\/lv\/"},{"@type":"ListItem","position":2,"name":"Veikals","item":"https:\/\/hobstop.ee\/lv\/veikals\/"},{"@type":"ListItem","position":3,"name":"Met\u0101la laka Liberon 250ml"}]},{"@type":"WebSite","@id":"https:\/\/hobstop.ee\/lv\/#website","url":"https:\/\/hobstop.ee\/lv\/","name":"Skizze","description":"M\u0101kslas, hobiju un skolas preces","publisher":{"@id":"https:\/\/hobstop.ee\/lv\/#organization"},"potentialAction":[{"@type":"SearchAction","target":{"@type":"EntryPoint","urlTemplate":"https:\/\/hobstop.ee\/lv\/?s={search_term_string}"},"query-input":{"@type":"PropertyValueSpecification","valueRequired":true,"valueName":"search_term_string"}}],"inLanguage":"lv-LV"},{"@type":"Organization","@id":"https:\/\/hobstop.ee\/lv\/#organization","name":"Vunder AS","url":"https:\/\/hobstop.ee\/lv\/","logo":{"@type":"ImageObject","inLanguage":"lv-LV","@id":"https:\/\/hobstop.ee\/lv\/#\/schema\/logo\/image\/","url":"https:\/\/hobstop.ee\/media\/vunder-logo.png","contentUrl":"https:\/\/hobstop.ee\/media\/vunder-logo.png","width":127,"height":55,"caption":"Vunder AS"},"image":{"@id":"https:\/\/hobstop.ee\/lv\/#\/schema\/logo\/image\/"},"sameAs":["http:\/\/www.facebook.com\/VunderSkizze"]}]}},"_links":{"self":[{"href":"https:\/\/hobstop.ee\/lv\/wp-json\/wp\/v2\/product\/61562","targetHints":{"allow":["GET"]}}],"collection":[{"href":"https:\/\/hobstop.ee\/lv\/wp-json\/wp\/v2\/product"}],"about":[{"href":"https:\/\/hobstop.ee\/lv\/wp-json\/wp\/v2\/types\/product"}],"replies":[{"embeddable":true,"href":"https:\/\/hobstop.ee\/lv\/wp-json\/wp\/v2\/comments?post=61562"}],"wp:featuredmedia":[{"embeddable":true,"href":"https:\/\/hobstop.ee\/lv\/wp-json\/wp\/v2\/media\/147001"}],"wp:attachment":[{"href":"https:\/\/hobstop.ee\/lv\/wp-json\/wp\/v2\/media?parent=61562"}],"wp:term":[{"taxonomy":"product_cat","embeddable":true,"href":"https:\/\/hobstop.ee\/lv\/wp-json\/wp\/v2\/product_cat?post=61562"},{"taxonomy":"product_tag","embeddable":true,"href":"https:\/\/hobstop.ee\/lv\/wp-json\/wp\/v2\/product_tag?post=61562"}],"curies":[{"name":"wp","href":"https:\/\/api.w.org\/{rel}","templated":true}]}}