{"id":61667,"date":"2014-12-09T13:00:28","date_gmt":"2014-12-09T11:00:28","guid":{"rendered":"https:\/\/sharks.ee\/vunder_2019.klient.veebimajutus.ee\/?post_type=product&p=61667"},"modified":"2014-12-09T13:00:28","modified_gmt":"2014-12-09T10:00:28","slug":"zelta-folijas-lapas-aploksne-nazionale-leaf","status":"publish","type":"product","link":"https:\/\/hobstop.ee\/lv\/produkts\/zelta-folijas-lapas-aploksne-nazionale-leaf\/","title":{"rendered":"Zelta folijas lapas aploksn\u0113 Nazionale Leaf"},"content":{"rendered":"<p>Ned\u0101rgmet\u0101lu virsmas apdares lapas parasti ir izgatavotas no vara un cinka sakaus\u0113juma (zelt\u012bta kr\u0101sa) vai no alum\u012bnija un to biezums ir aptuveni 0.3\u00b5. T\u0101s ir piem\u0113rotas da\u017e\u0101du virsmu, piem., koka, stikla, keramikas, plastmasas, kartona u.c. apdarei.  \u0160is materi\u0101ls parasti ir neiztur\u012bgs pret UV staru, mitruma un temperat\u016bras iedarb\u012bbu, t\u0101d\u0113\u013c \u013coti ieteicams to uzglab\u0101t ori\u0123in\u0101laj\u0101 iepakojum\u0101 istabas temperat\u016br\u0101 (18-23\u00b0C).   J\u0101\u0146em v\u0113r\u0101, ka laika gait\u0101 apk\u0101rt\u0113j\u0101s vides iedarb\u012bb\u0101 materi\u0101ls var main\u012bt savu izskatu.<\/p>\n","protected":false},"excerpt":{"rendered":"<p>Ned\u0101rgmet\u0101lu virsmas apdares lapas parasti ir izgatavotas no vara un cinka sakaus\u0113juma (zelt\u012bta kr\u0101sa) vai no alum\u012bnija un to biezums ir aptuveni 0.3\u00b5. T\u0101s ir piem\u0113rotas da\u017e\u0101du virsmu, piem., koka, stikla, keramikas, plastmasas, kartona u.c. apdarei. \u0160is materi\u0101ls parasti ir neiztur\u012bgs pret UV staru, mitruma un temperat\u016bras iedarb\u012bbu, t\u0101d\u0113\u013c \u013coti ieteicams to uzglab\u0101t ori\u0123in\u0101laj\u0101 iepakojum\u0101 istabas temperat\u016br\u0101 (18-23\u00b0C). J\u0101\u0146em v\u0113r\u0101, ka laika gait\u0101 apk\u0101rt\u0113j\u0101s vides iedarb\u012bb\u0101 materi\u0101ls var main\u012bt savu izskatu.<\/p>\n","protected":false},"featured_media":105078,"comment_status":"closed","ping_status":"closed","template":"","meta":{"_acf_changed":false,"ep_exclude_from_search":false},"product_cat":[18622,16123,18591],"product_tag":[],"class_list":{"0":"post-61667","1":"product","2":"type-product","3":"status-publish","4":"has-post-thumbnail","6":"product_cat-apzeltisanas-piederumi","7":"product_cat-makslas-piederumi-2","8":"product_cat-zelta-folijas-lapas","10":"first","11":"instock","12":"taxable","13":"shipping-taxable","14":"purchasable","15":"product-type-variable"},"acf":[],"yoast_head":"<!-- This site is optimized with the Yoast SEO plugin v24.1 - https:\/\/yoast.com\/wordpress\/plugins\/seo\/ -->\n<title>Zelta folijas lapas aploksn\u0113 Nazionale Leaf &#8211; Skizze<\/title>\n<meta name=\"robots\" content=\"noindex, follow, max-snippet:-1, max-image-preview:large, max-video-preview:-1\" \/>\n<meta property=\"og:locale\" content=\"lv_LV\" \/>\n<meta property=\"og:type\" content=\"article\" \/>\n<meta property=\"og:title\" content=\"Zelta folijas lapas aploksn\u0113 Nazionale Leaf &#8211; Skizze\" \/>\n<meta property=\"og:description\" content=\"Ned\u0101rgmet\u0101lu virsmas apdares lapas parasti ir izgatavotas no vara un cinka sakaus\u0113juma (zelt\u012bta kr\u0101sa) vai no alum\u012bnija un to biezums ir aptuveni 0.3\u00b5. T\u0101s ir piem\u0113rotas da\u017e\u0101du virsmu, piem., koka, stikla, keramikas, plastmasas, kartona u.c. apdarei. \u0160is materi\u0101ls parasti ir neiztur\u012bgs pret UV staru, mitruma un temperat\u016bras iedarb\u012bbu, t\u0101d\u0113\u013c \u013coti ieteicams to uzglab\u0101t ori\u0123in\u0101laj\u0101 iepakojum\u0101 istabas temperat\u016br\u0101 (18-23\u00b0C). J\u0101\u0146em v\u0113r\u0101, ka laika gait\u0101 apk\u0101rt\u0113j\u0101s vides iedarb\u012bb\u0101 materi\u0101ls var main\u012bt savu izskatu.\" \/>\n<meta property=\"og:url\" content=\"https:\/\/hobstop.ee\/lv\/produkts\/zelta-folijas-lapas-aploksne-nazionale-leaf\/\" \/>\n<meta property=\"og:site_name\" content=\"Skizze\" \/>\n<meta property=\"article:publisher\" content=\"http:\/\/www.facebook.com\/VunderSkizze\" \/>\n<meta property=\"article:modified_time\" content=\"-0001-11-30T00:00:00+00:00\" \/>\n<meta property=\"og:image\" content=\"https:\/\/hobstop.ee\/media\/2630.jpg\" \/>\n\t<meta property=\"og:image:width\" content=\"600\" \/>\n\t<meta property=\"og:image:height\" content=\"501\" \/>\n\t<meta property=\"og:image:type\" content=\"image\/jpeg\" \/>\n<meta name=\"twitter:card\" content=\"summary_large_image\" \/>\n<script type=\"application\/ld+json\" class=\"yoast-schema-graph\">{\"@context\":\"https:\/\/schema.org\",\"@graph\":[{\"@type\":\"WebPage\",\"@id\":\"https:\/\/hobstop.ee\/lv\/produkts\/zelta-folijas-lapas-aploksne-nazionale-leaf\/\",\"url\":\"https:\/\/hobstop.ee\/lv\/produkts\/zelta-folijas-lapas-aploksne-nazionale-leaf\/\",\"name\":\"Zelta folijas lapas aploksn\u0113 Nazionale Leaf &#8211; Skizze\",\"isPartOf\":{\"@id\":\"https:\/\/hobstop.ee\/lv\/#website\"},\"primaryImageOfPage\":{\"@id\":\"https:\/\/hobstop.ee\/lv\/produkts\/zelta-folijas-lapas-aploksne-nazionale-leaf\/#primaryimage\"},\"image\":{\"@id\":\"https:\/\/hobstop.ee\/lv\/produkts\/zelta-folijas-lapas-aploksne-nazionale-leaf\/#primaryimage\"},\"thumbnailUrl\":\"https:\/\/hobstop.ee\/media\/2630.jpg\",\"datePublished\":\"2014-12-09T11:00:28+00:00\",\"dateModified\":\"-0001-11-30T00:00:00+00:00\",\"breadcrumb\":{\"@id\":\"https:\/\/hobstop.ee\/lv\/produkts\/zelta-folijas-lapas-aploksne-nazionale-leaf\/#breadcrumb\"},\"inLanguage\":\"lv-LV\",\"potentialAction\":[{\"@type\":\"ReadAction\",\"target\":[\"https:\/\/hobstop.ee\/lv\/produkts\/zelta-folijas-lapas-aploksne-nazionale-leaf\/\"]}]},{\"@type\":\"ImageObject\",\"inLanguage\":\"lv-LV\",\"@id\":\"https:\/\/hobstop.ee\/lv\/produkts\/zelta-folijas-lapas-aploksne-nazionale-leaf\/#primaryimage\",\"url\":\"https:\/\/hobstop.ee\/media\/2630.jpg\",\"contentUrl\":\"https:\/\/hobstop.ee\/media\/2630.jpg\",\"width\":600,\"height\":501},{\"@type\":\"BreadcrumbList\",\"@id\":\"https:\/\/hobstop.ee\/lv\/produkts\/zelta-folijas-lapas-aploksne-nazionale-leaf\/#breadcrumb\",\"itemListElement\":[{\"@type\":\"ListItem\",\"position\":1,\"name\":\"Avaleht\",\"item\":\"https:\/\/www.hobstop.ee\/lv\/\"},{\"@type\":\"ListItem\",\"position\":2,\"name\":\"Veikals\",\"item\":\"https:\/\/www.hobstop.ee\/lv\/veikals\/\"},{\"@type\":\"ListItem\",\"position\":3,\"name\":\"Zelta folijas lapas aploksn\u0113 Nazionale Leaf\"}]},{\"@type\":\"WebSite\",\"@id\":\"https:\/\/hobstop.ee\/lv\/#website\",\"url\":\"https:\/\/hobstop.ee\/lv\/\",\"name\":\"Skizze\",\"description\":\"M\u0101kslas, hobiju un skolas preces\",\"publisher\":{\"@id\":\"https:\/\/hobstop.ee\/lv\/#organization\"},\"potentialAction\":[{\"@type\":\"SearchAction\",\"target\":{\"@type\":\"EntryPoint\",\"urlTemplate\":\"https:\/\/hobstop.ee\/lv\/?s={search_term_string}\"},\"query-input\":{\"@type\":\"PropertyValueSpecification\",\"valueRequired\":true,\"valueName\":\"search_term_string\"}}],\"inLanguage\":\"lv-LV\"},{\"@type\":\"Organization\",\"@id\":\"https:\/\/hobstop.ee\/lv\/#organization\",\"name\":\"Vunder AS\",\"url\":\"https:\/\/hobstop.ee\/lv\/\",\"logo\":{\"@type\":\"ImageObject\",\"inLanguage\":\"lv-LV\",\"@id\":\"https:\/\/hobstop.ee\/lv\/#\/schema\/logo\/image\/\",\"url\":\"https:\/\/hobstop.ee\/media\/vunder-logo.png\",\"contentUrl\":\"https:\/\/hobstop.ee\/media\/vunder-logo.png\",\"width\":127,\"height\":55,\"caption\":\"Vunder AS\"},\"image\":{\"@id\":\"https:\/\/hobstop.ee\/lv\/#\/schema\/logo\/image\/\"},\"sameAs\":[\"http:\/\/www.facebook.com\/VunderSkizze\"]}]}<\/script>\n<!-- \/ Yoast SEO plugin. -->","yoast_head_json":{"title":"Zelta folijas lapas aploksn\u0113 Nazionale Leaf &#8211; Skizze","robots":{"index":"noindex","follow":"follow","max-snippet":"max-snippet:-1","max-image-preview":"max-image-preview:large","max-video-preview":"max-video-preview:-1"},"og_locale":"lv_LV","og_type":"article","og_title":"Zelta folijas lapas aploksn\u0113 Nazionale Leaf &#8211; Skizze","og_description":"Ned\u0101rgmet\u0101lu virsmas apdares lapas parasti ir izgatavotas no vara un cinka sakaus\u0113juma (zelt\u012bta kr\u0101sa) vai no alum\u012bnija un to biezums ir aptuveni 0.3\u00b5. T\u0101s ir piem\u0113rotas da\u017e\u0101du virsmu, piem., koka, stikla, keramikas, plastmasas, kartona u.c. apdarei. \u0160is materi\u0101ls parasti ir neiztur\u012bgs pret UV staru, mitruma un temperat\u016bras iedarb\u012bbu, t\u0101d\u0113\u013c \u013coti ieteicams to uzglab\u0101t ori\u0123in\u0101laj\u0101 iepakojum\u0101 istabas temperat\u016br\u0101 (18-23\u00b0C). J\u0101\u0146em v\u0113r\u0101, ka laika gait\u0101 apk\u0101rt\u0113j\u0101s vides iedarb\u012bb\u0101 materi\u0101ls var main\u012bt savu izskatu.","og_url":"https:\/\/hobstop.ee\/lv\/produkts\/zelta-folijas-lapas-aploksne-nazionale-leaf\/","og_site_name":"Skizze","article_publisher":"http:\/\/www.facebook.com\/VunderSkizze","article_modified_time":"-0001-11-30T00:00:00+00:00","og_image":[{"width":600,"height":501,"url":"https:\/\/hobstop.ee\/media\/2630.jpg","type":"image\/jpeg"}],"twitter_card":"summary_large_image","schema":{"@context":"https:\/\/schema.org","@graph":[{"@type":"WebPage","@id":"https:\/\/hobstop.ee\/lv\/produkts\/zelta-folijas-lapas-aploksne-nazionale-leaf\/","url":"https:\/\/hobstop.ee\/lv\/produkts\/zelta-folijas-lapas-aploksne-nazionale-leaf\/","name":"Zelta folijas lapas aploksn\u0113 Nazionale Leaf &#8211; Skizze","isPartOf":{"@id":"https:\/\/hobstop.ee\/lv\/#website"},"primaryImageOfPage":{"@id":"https:\/\/hobstop.ee\/lv\/produkts\/zelta-folijas-lapas-aploksne-nazionale-leaf\/#primaryimage"},"image":{"@id":"https:\/\/hobstop.ee\/lv\/produkts\/zelta-folijas-lapas-aploksne-nazionale-leaf\/#primaryimage"},"thumbnailUrl":"https:\/\/hobstop.ee\/media\/2630.jpg","datePublished":"2014-12-09T11:00:28+00:00","dateModified":"-0001-11-30T00:00:00+00:00","breadcrumb":{"@id":"https:\/\/hobstop.ee\/lv\/produkts\/zelta-folijas-lapas-aploksne-nazionale-leaf\/#breadcrumb"},"inLanguage":"lv-LV","potentialAction":[{"@type":"ReadAction","target":["https:\/\/hobstop.ee\/lv\/produkts\/zelta-folijas-lapas-aploksne-nazionale-leaf\/"]}]},{"@type":"ImageObject","inLanguage":"lv-LV","@id":"https:\/\/hobstop.ee\/lv\/produkts\/zelta-folijas-lapas-aploksne-nazionale-leaf\/#primaryimage","url":"https:\/\/hobstop.ee\/media\/2630.jpg","contentUrl":"https:\/\/hobstop.ee\/media\/2630.jpg","width":600,"height":501},{"@type":"BreadcrumbList","@id":"https:\/\/hobstop.ee\/lv\/produkts\/zelta-folijas-lapas-aploksne-nazionale-leaf\/#breadcrumb","itemListElement":[{"@type":"ListItem","position":1,"name":"Avaleht","item":"https:\/\/www.hobstop.ee\/lv\/"},{"@type":"ListItem","position":2,"name":"Veikals","item":"https:\/\/www.hobstop.ee\/lv\/veikals\/"},{"@type":"ListItem","position":3,"name":"Zelta folijas lapas aploksn\u0113 Nazionale Leaf"}]},{"@type":"WebSite","@id":"https:\/\/hobstop.ee\/lv\/#website","url":"https:\/\/hobstop.ee\/lv\/","name":"Skizze","description":"M\u0101kslas, hobiju un skolas preces","publisher":{"@id":"https:\/\/hobstop.ee\/lv\/#organization"},"potentialAction":[{"@type":"SearchAction","target":{"@type":"EntryPoint","urlTemplate":"https:\/\/hobstop.ee\/lv\/?s={search_term_string}"},"query-input":{"@type":"PropertyValueSpecification","valueRequired":true,"valueName":"search_term_string"}}],"inLanguage":"lv-LV"},{"@type":"Organization","@id":"https:\/\/hobstop.ee\/lv\/#organization","name":"Vunder AS","url":"https:\/\/hobstop.ee\/lv\/","logo":{"@type":"ImageObject","inLanguage":"lv-LV","@id":"https:\/\/hobstop.ee\/lv\/#\/schema\/logo\/image\/","url":"https:\/\/hobstop.ee\/media\/vunder-logo.png","contentUrl":"https:\/\/hobstop.ee\/media\/vunder-logo.png","width":127,"height":55,"caption":"Vunder AS"},"image":{"@id":"https:\/\/hobstop.ee\/lv\/#\/schema\/logo\/image\/"},"sameAs":["http:\/\/www.facebook.com\/VunderSkizze"]}]}},"_links":{"self":[{"href":"https:\/\/hobstop.ee\/lv\/wp-json\/wp\/v2\/product\/61667","targetHints":{"allow":["GET"]}}],"collection":[{"href":"https:\/\/hobstop.ee\/lv\/wp-json\/wp\/v2\/product"}],"about":[{"href":"https:\/\/hobstop.ee\/lv\/wp-json\/wp\/v2\/types\/product"}],"replies":[{"embeddable":true,"href":"https:\/\/hobstop.ee\/lv\/wp-json\/wp\/v2\/comments?post=61667"}],"wp:featuredmedia":[{"embeddable":true,"href":"https:\/\/hobstop.ee\/lv\/wp-json\/wp\/v2\/media\/105078"}],"wp:attachment":[{"href":"https:\/\/hobstop.ee\/lv\/wp-json\/wp\/v2\/media?parent=61667"}],"wp:term":[{"taxonomy":"product_cat","embeddable":true,"href":"https:\/\/hobstop.ee\/lv\/wp-json\/wp\/v2\/product_cat?post=61667"},{"taxonomy":"product_tag","embeddable":true,"href":"https:\/\/hobstop.ee\/lv\/wp-json\/wp\/v2\/product_tag?post=61667"}],"curies":[{"name":"wp","href":"https:\/\/api.w.org\/{rel}","templated":true}]}}