{"id":61670,"date":"2014-12-09T13:00:28","date_gmt":"2014-12-09T11:00:28","guid":{"rendered":"https:\/\/sharks.ee\/vunder_2019.klient.veebimajutus.ee\/?post_type=product&p=61670"},"modified":"2014-12-09T13:00:28","modified_gmt":"2014-12-09T10:00:28","slug":"zelta-folijas-lapas-aploksne-nazionale-variegated","status":"publish","type":"product","link":"https:\/\/hobstop.ee\/lv\/produkts\/zelta-folijas-lapas-aploksne-nazionale-variegated\/","title":{"rendered":"Zelta folijas lapas aploksn\u0113 Nazionale Variegated"},"content":{"rendered":"<p>K\u0101 zin\u0101ms, vara sakaus\u0113jumu virssl\u0101nis oksid\u0113jas.  Kontrol\u0113jot temperat\u016bras, mitruma un sk\u0101bek\u013ca iedarb\u012bbu, oksid\u0101cijas procesu var veiksm\u012bgi izmantot da\u017e\u0101du tekst\u016bru un kr\u0101sas efektu ieg\u016b\u0161anai.  Katra lapa ir izgatavota ar rok\u0101m, t\u0101d\u0113\u013c pat pie vien\u0101das tekst\u016bras un oksid\u0101cijas pak\u0101pes ieg\u016btais galarezult\u0101ts vienm\u0113r b\u016bs at\u0161\u0137ir\u012bgs.  Ned\u0101rgmet\u0101la lapas parasti ir neiztur\u012bgas pret UV staru, mitruma un temperat\u016bras iedarb\u012bbu, t\u0101d\u0113\u013c \u013coti ieteicams t\u0101s uzglab\u0101t ori\u0123in\u0101laj\u0101 iepakojum\u0101 istabas temperat\u016br\u0101 (18-23\u00b0C).  T\u0101s ir piem\u0113rotas da\u017e\u0101du virsmu, piem., koka, stikla, keramikas, plastmasas, kartona u.c. apdarei.  J\u0101\u0146em v\u0113r\u0101, ka laika gait\u0101 apk\u0101rt\u0113j\u0101s vides iedarb\u012bb\u0101 materi\u0101ls var main\u012bt savu izskatu.<\/p>\n","protected":false},"excerpt":{"rendered":"<p>K\u0101 zin\u0101ms, vara sakaus\u0113jumu virssl\u0101nis oksid\u0113jas. Kontrol\u0113jot temperat\u016bras, mitruma un sk\u0101bek\u013ca iedarb\u012bbu, oksid\u0101cijas procesu var veiksm\u012bgi izmantot da\u017e\u0101du tekst\u016bru un kr\u0101sas efektu ieg\u016b\u0161anai. Katra lapa ir izgatavota ar rok\u0101m, t\u0101d\u0113\u013c pat pie vien\u0101das tekst\u016bras un oksid\u0101cijas pak\u0101pes ieg\u016btais galarezult\u0101ts vienm\u0113r b\u016bs at\u0161\u0137ir\u012bgs. Ned\u0101rgmet\u0101la lapas parasti ir neiztur\u012bgas pret UV staru, mitruma un temperat\u016bras iedarb\u012bbu, t\u0101d\u0113\u013c \u013coti ieteicams t\u0101s uzglab\u0101t ori\u0123in\u0101laj\u0101 iepakojum\u0101 istabas temperat\u016br\u0101 (18-23\u00b0C). T\u0101s ir piem\u0113rotas da\u017e\u0101du virsmu, piem., koka, stikla, keramikas, plastmasas, kartona u.c. apdarei. J\u0101\u0146em v\u0113r\u0101, ka laika gait\u0101 apk\u0101rt\u0113j\u0101s vides iedarb\u012bb\u0101 materi\u0101ls var main\u012bt savu izskatu.<\/p>\n","protected":false},"featured_media":105082,"comment_status":"closed","ping_status":"closed","template":"","meta":{"_acf_changed":false,"ep_exclude_from_search":false},"product_cat":[18622,16123,18591],"product_tag":[],"class_list":{"0":"post-61670","1":"product","2":"type-product","3":"status-publish","4":"has-post-thumbnail","6":"product_cat-apzeltisanas-piederumi","7":"product_cat-makslas-piederumi-2","8":"product_cat-zelta-folijas-lapas","10":"first","11":"instock","12":"sale","13":"taxable","14":"shipping-taxable","15":"purchasable","16":"product-type-variable"},"acf":[],"yoast_head":"<!-- This site is optimized with the Yoast SEO plugin v24.1 - https:\/\/yoast.com\/wordpress\/plugins\/seo\/ -->\n<title>Zelta folijas lapas aploksn\u0113 Nazionale Variegated &#8211; Skizze<\/title>\n<meta name=\"robots\" content=\"noindex, follow, max-snippet:-1, max-image-preview:large, max-video-preview:-1\" \/>\n<meta property=\"og:locale\" content=\"lv_LV\" \/>\n<meta property=\"og:type\" content=\"article\" \/>\n<meta property=\"og:title\" content=\"Zelta folijas lapas aploksn\u0113 Nazionale Variegated &#8211; Skizze\" \/>\n<meta property=\"og:description\" content=\"K\u0101 zin\u0101ms, vara sakaus\u0113jumu virssl\u0101nis oksid\u0113jas. Kontrol\u0113jot temperat\u016bras, mitruma un sk\u0101bek\u013ca iedarb\u012bbu, oksid\u0101cijas procesu var veiksm\u012bgi izmantot da\u017e\u0101du tekst\u016bru un kr\u0101sas efektu ieg\u016b\u0161anai. Katra lapa ir izgatavota ar rok\u0101m, t\u0101d\u0113\u013c pat pie vien\u0101das tekst\u016bras un oksid\u0101cijas pak\u0101pes ieg\u016btais galarezult\u0101ts vienm\u0113r b\u016bs at\u0161\u0137ir\u012bgs. Ned\u0101rgmet\u0101la lapas parasti ir neiztur\u012bgas pret UV staru, mitruma un temperat\u016bras iedarb\u012bbu, t\u0101d\u0113\u013c \u013coti ieteicams t\u0101s uzglab\u0101t ori\u0123in\u0101laj\u0101 iepakojum\u0101 istabas temperat\u016br\u0101 (18-23\u00b0C). T\u0101s ir piem\u0113rotas da\u017e\u0101du virsmu, piem., koka, stikla, keramikas, plastmasas, kartona u.c. apdarei. J\u0101\u0146em v\u0113r\u0101, ka laika gait\u0101 apk\u0101rt\u0113j\u0101s vides iedarb\u012bb\u0101 materi\u0101ls var main\u012bt savu izskatu.\" \/>\n<meta property=\"og:url\" content=\"https:\/\/hobstop.ee\/lv\/produkts\/zelta-folijas-lapas-aploksne-nazionale-variegated\/\" \/>\n<meta property=\"og:site_name\" content=\"Skizze\" \/>\n<meta property=\"article:publisher\" content=\"http:\/\/www.facebook.com\/VunderSkizze\" \/>\n<meta property=\"article:modified_time\" content=\"-0001-11-30T00:00:00+00:00\" \/>\n<meta property=\"og:image\" content=\"https:\/\/hobstop.ee\/media\/2631.jpg\" \/>\n\t<meta property=\"og:image:width\" content=\"600\" \/>\n\t<meta property=\"og:image:height\" content=\"501\" \/>\n\t<meta property=\"og:image:type\" content=\"image\/jpeg\" \/>\n<meta name=\"twitter:card\" content=\"summary_large_image\" \/>\n<meta name=\"twitter:label1\" content=\"Est. reading time\" \/>\n\t<meta name=\"twitter:data1\" content=\"1 min\u016b\u0161u\" \/>\n<script type=\"application\/ld+json\" class=\"yoast-schema-graph\">{\"@context\":\"https:\/\/schema.org\",\"@graph\":[{\"@type\":\"WebPage\",\"@id\":\"https:\/\/hobstop.ee\/lv\/produkts\/zelta-folijas-lapas-aploksne-nazionale-variegated\/\",\"url\":\"https:\/\/hobstop.ee\/lv\/produkts\/zelta-folijas-lapas-aploksne-nazionale-variegated\/\",\"name\":\"Zelta folijas lapas aploksn\u0113 Nazionale Variegated &#8211; Skizze\",\"isPartOf\":{\"@id\":\"https:\/\/hobstop.ee\/lv\/#website\"},\"primaryImageOfPage\":{\"@id\":\"https:\/\/hobstop.ee\/lv\/produkts\/zelta-folijas-lapas-aploksne-nazionale-variegated\/#primaryimage\"},\"image\":{\"@id\":\"https:\/\/hobstop.ee\/lv\/produkts\/zelta-folijas-lapas-aploksne-nazionale-variegated\/#primaryimage\"},\"thumbnailUrl\":\"https:\/\/hobstop.ee\/media\/2631.jpg\",\"datePublished\":\"2014-12-09T11:00:28+00:00\",\"dateModified\":\"-0001-11-30T00:00:00+00:00\",\"breadcrumb\":{\"@id\":\"https:\/\/hobstop.ee\/lv\/produkts\/zelta-folijas-lapas-aploksne-nazionale-variegated\/#breadcrumb\"},\"inLanguage\":\"lv-LV\",\"potentialAction\":[{\"@type\":\"ReadAction\",\"target\":[\"https:\/\/hobstop.ee\/lv\/produkts\/zelta-folijas-lapas-aploksne-nazionale-variegated\/\"]}]},{\"@type\":\"ImageObject\",\"inLanguage\":\"lv-LV\",\"@id\":\"https:\/\/hobstop.ee\/lv\/produkts\/zelta-folijas-lapas-aploksne-nazionale-variegated\/#primaryimage\",\"url\":\"https:\/\/hobstop.ee\/media\/2631.jpg\",\"contentUrl\":\"https:\/\/hobstop.ee\/media\/2631.jpg\",\"width\":600,\"height\":501},{\"@type\":\"BreadcrumbList\",\"@id\":\"https:\/\/hobstop.ee\/lv\/produkts\/zelta-folijas-lapas-aploksne-nazionale-variegated\/#breadcrumb\",\"itemListElement\":[{\"@type\":\"ListItem\",\"position\":1,\"name\":\"Avaleht\",\"item\":\"https:\/\/hobstop.ee\/lv\/\"},{\"@type\":\"ListItem\",\"position\":2,\"name\":\"Veikals\",\"item\":\"https:\/\/hobstop.ee\/lv\/veikals\/\"},{\"@type\":\"ListItem\",\"position\":3,\"name\":\"Zelta folijas lapas aploksn\u0113 Nazionale Variegated\"}]},{\"@type\":\"WebSite\",\"@id\":\"https:\/\/hobstop.ee\/lv\/#website\",\"url\":\"https:\/\/hobstop.ee\/lv\/\",\"name\":\"Skizze\",\"description\":\"M\u0101kslas, hobiju un skolas preces\",\"publisher\":{\"@id\":\"https:\/\/hobstop.ee\/lv\/#organization\"},\"potentialAction\":[{\"@type\":\"SearchAction\",\"target\":{\"@type\":\"EntryPoint\",\"urlTemplate\":\"https:\/\/hobstop.ee\/lv\/?s={search_term_string}\"},\"query-input\":{\"@type\":\"PropertyValueSpecification\",\"valueRequired\":true,\"valueName\":\"search_term_string\"}}],\"inLanguage\":\"lv-LV\"},{\"@type\":\"Organization\",\"@id\":\"https:\/\/hobstop.ee\/lv\/#organization\",\"name\":\"Vunder AS\",\"url\":\"https:\/\/hobstop.ee\/lv\/\",\"logo\":{\"@type\":\"ImageObject\",\"inLanguage\":\"lv-LV\",\"@id\":\"https:\/\/hobstop.ee\/lv\/#\/schema\/logo\/image\/\",\"url\":\"https:\/\/hobstop.ee\/media\/vunder-logo.png\",\"contentUrl\":\"https:\/\/hobstop.ee\/media\/vunder-logo.png\",\"width\":127,\"height\":55,\"caption\":\"Vunder AS\"},\"image\":{\"@id\":\"https:\/\/hobstop.ee\/lv\/#\/schema\/logo\/image\/\"},\"sameAs\":[\"http:\/\/www.facebook.com\/VunderSkizze\"]}]}<\/script>\n<!-- \/ Yoast SEO plugin. -->","yoast_head_json":{"title":"Zelta folijas lapas aploksn\u0113 Nazionale Variegated &#8211; Skizze","robots":{"index":"noindex","follow":"follow","max-snippet":"max-snippet:-1","max-image-preview":"max-image-preview:large","max-video-preview":"max-video-preview:-1"},"og_locale":"lv_LV","og_type":"article","og_title":"Zelta folijas lapas aploksn\u0113 Nazionale Variegated &#8211; Skizze","og_description":"K\u0101 zin\u0101ms, vara sakaus\u0113jumu virssl\u0101nis oksid\u0113jas. Kontrol\u0113jot temperat\u016bras, mitruma un sk\u0101bek\u013ca iedarb\u012bbu, oksid\u0101cijas procesu var veiksm\u012bgi izmantot da\u017e\u0101du tekst\u016bru un kr\u0101sas efektu ieg\u016b\u0161anai. Katra lapa ir izgatavota ar rok\u0101m, t\u0101d\u0113\u013c pat pie vien\u0101das tekst\u016bras un oksid\u0101cijas pak\u0101pes ieg\u016btais galarezult\u0101ts vienm\u0113r b\u016bs at\u0161\u0137ir\u012bgs. Ned\u0101rgmet\u0101la lapas parasti ir neiztur\u012bgas pret UV staru, mitruma un temperat\u016bras iedarb\u012bbu, t\u0101d\u0113\u013c \u013coti ieteicams t\u0101s uzglab\u0101t ori\u0123in\u0101laj\u0101 iepakojum\u0101 istabas temperat\u016br\u0101 (18-23\u00b0C). T\u0101s ir piem\u0113rotas da\u017e\u0101du virsmu, piem., koka, stikla, keramikas, plastmasas, kartona u.c. apdarei. J\u0101\u0146em v\u0113r\u0101, ka laika gait\u0101 apk\u0101rt\u0113j\u0101s vides iedarb\u012bb\u0101 materi\u0101ls var main\u012bt savu izskatu.","og_url":"https:\/\/hobstop.ee\/lv\/produkts\/zelta-folijas-lapas-aploksne-nazionale-variegated\/","og_site_name":"Skizze","article_publisher":"http:\/\/www.facebook.com\/VunderSkizze","article_modified_time":"-0001-11-30T00:00:00+00:00","og_image":[{"width":600,"height":501,"url":"https:\/\/hobstop.ee\/media\/2631.jpg","type":"image\/jpeg"}],"twitter_card":"summary_large_image","twitter_misc":{"Est. reading time":"1 min\u016b\u0161u"},"schema":{"@context":"https:\/\/schema.org","@graph":[{"@type":"WebPage","@id":"https:\/\/hobstop.ee\/lv\/produkts\/zelta-folijas-lapas-aploksne-nazionale-variegated\/","url":"https:\/\/hobstop.ee\/lv\/produkts\/zelta-folijas-lapas-aploksne-nazionale-variegated\/","name":"Zelta folijas lapas aploksn\u0113 Nazionale Variegated &#8211; Skizze","isPartOf":{"@id":"https:\/\/hobstop.ee\/lv\/#website"},"primaryImageOfPage":{"@id":"https:\/\/hobstop.ee\/lv\/produkts\/zelta-folijas-lapas-aploksne-nazionale-variegated\/#primaryimage"},"image":{"@id":"https:\/\/hobstop.ee\/lv\/produkts\/zelta-folijas-lapas-aploksne-nazionale-variegated\/#primaryimage"},"thumbnailUrl":"https:\/\/hobstop.ee\/media\/2631.jpg","datePublished":"2014-12-09T11:00:28+00:00","dateModified":"-0001-11-30T00:00:00+00:00","breadcrumb":{"@id":"https:\/\/hobstop.ee\/lv\/produkts\/zelta-folijas-lapas-aploksne-nazionale-variegated\/#breadcrumb"},"inLanguage":"lv-LV","potentialAction":[{"@type":"ReadAction","target":["https:\/\/hobstop.ee\/lv\/produkts\/zelta-folijas-lapas-aploksne-nazionale-variegated\/"]}]},{"@type":"ImageObject","inLanguage":"lv-LV","@id":"https:\/\/hobstop.ee\/lv\/produkts\/zelta-folijas-lapas-aploksne-nazionale-variegated\/#primaryimage","url":"https:\/\/hobstop.ee\/media\/2631.jpg","contentUrl":"https:\/\/hobstop.ee\/media\/2631.jpg","width":600,"height":501},{"@type":"BreadcrumbList","@id":"https:\/\/hobstop.ee\/lv\/produkts\/zelta-folijas-lapas-aploksne-nazionale-variegated\/#breadcrumb","itemListElement":[{"@type":"ListItem","position":1,"name":"Avaleht","item":"https:\/\/hobstop.ee\/lv\/"},{"@type":"ListItem","position":2,"name":"Veikals","item":"https:\/\/hobstop.ee\/lv\/veikals\/"},{"@type":"ListItem","position":3,"name":"Zelta folijas lapas aploksn\u0113 Nazionale Variegated"}]},{"@type":"WebSite","@id":"https:\/\/hobstop.ee\/lv\/#website","url":"https:\/\/hobstop.ee\/lv\/","name":"Skizze","description":"M\u0101kslas, hobiju un skolas preces","publisher":{"@id":"https:\/\/hobstop.ee\/lv\/#organization"},"potentialAction":[{"@type":"SearchAction","target":{"@type":"EntryPoint","urlTemplate":"https:\/\/hobstop.ee\/lv\/?s={search_term_string}"},"query-input":{"@type":"PropertyValueSpecification","valueRequired":true,"valueName":"search_term_string"}}],"inLanguage":"lv-LV"},{"@type":"Organization","@id":"https:\/\/hobstop.ee\/lv\/#organization","name":"Vunder AS","url":"https:\/\/hobstop.ee\/lv\/","logo":{"@type":"ImageObject","inLanguage":"lv-LV","@id":"https:\/\/hobstop.ee\/lv\/#\/schema\/logo\/image\/","url":"https:\/\/hobstop.ee\/media\/vunder-logo.png","contentUrl":"https:\/\/hobstop.ee\/media\/vunder-logo.png","width":127,"height":55,"caption":"Vunder AS"},"image":{"@id":"https:\/\/hobstop.ee\/lv\/#\/schema\/logo\/image\/"},"sameAs":["http:\/\/www.facebook.com\/VunderSkizze"]}]}},"_links":{"self":[{"href":"https:\/\/hobstop.ee\/lv\/wp-json\/wp\/v2\/product\/61670","targetHints":{"allow":["GET"]}}],"collection":[{"href":"https:\/\/hobstop.ee\/lv\/wp-json\/wp\/v2\/product"}],"about":[{"href":"https:\/\/hobstop.ee\/lv\/wp-json\/wp\/v2\/types\/product"}],"replies":[{"embeddable":true,"href":"https:\/\/hobstop.ee\/lv\/wp-json\/wp\/v2\/comments?post=61670"}],"wp:featuredmedia":[{"embeddable":true,"href":"https:\/\/hobstop.ee\/lv\/wp-json\/wp\/v2\/media\/105082"}],"wp:attachment":[{"href":"https:\/\/hobstop.ee\/lv\/wp-json\/wp\/v2\/media?parent=61670"}],"wp:term":[{"taxonomy":"product_cat","embeddable":true,"href":"https:\/\/hobstop.ee\/lv\/wp-json\/wp\/v2\/product_cat?post=61670"},{"taxonomy":"product_tag","embeddable":true,"href":"https:\/\/hobstop.ee\/lv\/wp-json\/wp\/v2\/product_tag?post=61670"}],"curies":[{"name":"wp","href":"https:\/\/api.w.org\/{rel}","templated":true}]}}