{"id":61688,"date":"2014-12-09T13:00:31","date_gmt":"2014-12-09T11:00:31","guid":{"rendered":"https:\/\/sharks.ee\/vunder_2019.klient.veebimajutus.ee\/?post_type=product&p=61688"},"modified":"2014-12-09T13:00:31","modified_gmt":"2014-12-09T10:00:31","slug":"zeltitas-parslas-nazionale-tamise","status":"publish","type":"product","link":"https:\/\/hobstop.ee\/lv\/produkts\/zeltitas-parslas-nazionale-tamise\/","title":{"rendered":"Zelt\u012btas p\u0101rslas Nazionale Tamise"},"content":{"rendered":"<p>Tamise \u2013 tulkojum\u0101 \u201elauzt\u0101 lapa\u201d.  Nazionale Tamise zelt\u012b\u0161anas p\u0101rslas ir izgatavotas no da\u017e\u0101diem met\u0101liem un t\u0101s ir pieejamas da\u017e\u0101dos lielumos &#8211; mazas, vid\u0113jas, lielas vai speci\u0101la izm\u0113ra.  T\u0101s ir ide\u0101li piem\u0113rotas gandr\u012bz visu materi\u0101lu dekor\u0113\u0161anai, pie\u0161\u0137irot virsmai interesantu kr\u0101sas mirdzuma efektu.  J\u0101\u0146em v\u0113r\u0101, ka laika gait\u0101 apk\u0101rt\u0113j\u0101s vides iedarb\u012bb\u0101 materi\u0101ls var main\u012bt savu izskatu.<\/p>\n","protected":false},"excerpt":{"rendered":"<p>Tamise \u2013 tulkojum\u0101 \u201elauzt\u0101 lapa\u201d. Nazionale Tamise zelt\u012b\u0161anas p\u0101rslas ir izgatavotas no da\u017e\u0101diem met\u0101liem un t\u0101s ir pieejamas da\u017e\u0101dos lielumos &#8211; mazas, vid\u0113jas, lielas vai speci\u0101la izm\u0113ra. T\u0101s ir ide\u0101li piem\u0113rotas gandr\u012bz visu materi\u0101lu dekor\u0113\u0161anai, pie\u0161\u0137irot virsmai interesantu kr\u0101sas mirdzuma efektu. J\u0101\u0146em v\u0113r\u0101, ka laika gait\u0101 apk\u0101rt\u0113j\u0101s vides iedarb\u012bb\u0101 materi\u0101ls var main\u012bt savu izskatu.<\/p>\n","protected":false},"featured_media":115285,"comment_status":"closed","ping_status":"closed","template":"","meta":{"_acf_changed":false,"ep_exclude_from_search":false},"product_cat":[18622,16123,20018],"product_tag":[],"class_list":{"0":"post-61688","1":"product","2":"type-product","3":"status-publish","4":"has-post-thumbnail","6":"product_cat-apzeltisanas-piederumi","7":"product_cat-makslas-piederumi-2","8":"product_cat-zeltitas-skaidinas-un-parslas","10":"first","11":"instock","12":"taxable","13":"shipping-taxable","14":"purchasable","15":"product-type-variable"},"acf":[],"yoast_head":"<!-- This site is optimized with the Yoast SEO plugin v24.1 - https:\/\/yoast.com\/wordpress\/plugins\/seo\/ -->\n<title>Zelt\u012btas p\u0101rslas Nazionale Tamise &#8211; Skizze<\/title>\n<meta name=\"robots\" content=\"noindex, follow, max-snippet:-1, max-image-preview:large, max-video-preview:-1\" \/>\n<meta property=\"og:locale\" content=\"lv_LV\" \/>\n<meta property=\"og:type\" content=\"article\" \/>\n<meta property=\"og:title\" content=\"Zelt\u012btas p\u0101rslas Nazionale Tamise &#8211; Skizze\" \/>\n<meta property=\"og:description\" content=\"Tamise \u2013 tulkojum\u0101 \u201elauzt\u0101 lapa\u201d. Nazionale Tamise zelt\u012b\u0161anas p\u0101rslas ir izgatavotas no da\u017e\u0101diem met\u0101liem un t\u0101s ir pieejamas da\u017e\u0101dos lielumos &#8211; mazas, vid\u0113jas, lielas vai speci\u0101la izm\u0113ra. T\u0101s ir ide\u0101li piem\u0113rotas gandr\u012bz visu materi\u0101lu dekor\u0113\u0161anai, pie\u0161\u0137irot virsmai interesantu kr\u0101sas mirdzuma efektu. J\u0101\u0146em v\u0113r\u0101, ka laika gait\u0101 apk\u0101rt\u0113j\u0101s vides iedarb\u012bb\u0101 materi\u0101ls var main\u012bt savu izskatu.\" \/>\n<meta property=\"og:url\" content=\"https:\/\/hobstop.ee\/lv\/produkts\/zeltitas-parslas-nazionale-tamise\/\" \/>\n<meta property=\"og:site_name\" content=\"Skizze\" \/>\n<meta property=\"article:publisher\" content=\"http:\/\/www.facebook.com\/VunderSkizze\" \/>\n<meta property=\"article:modified_time\" content=\"-0001-11-30T00:00:00+00:00\" \/>\n<meta property=\"og:image\" content=\"https:\/\/hobstop.ee\/media\/2637.jpg\" \/>\n\t<meta property=\"og:image:width\" content=\"1024\" \/>\n\t<meta property=\"og:image:height\" content=\"768\" \/>\n\t<meta property=\"og:image:type\" content=\"image\/jpeg\" \/>\n<meta name=\"twitter:card\" content=\"summary_large_image\" \/>\n<script type=\"application\/ld+json\" class=\"yoast-schema-graph\">{\"@context\":\"https:\/\/schema.org\",\"@graph\":[{\"@type\":\"WebPage\",\"@id\":\"https:\/\/hobstop.ee\/lv\/produkts\/zeltitas-parslas-nazionale-tamise\/\",\"url\":\"https:\/\/hobstop.ee\/lv\/produkts\/zeltitas-parslas-nazionale-tamise\/\",\"name\":\"Zelt\u012btas p\u0101rslas Nazionale Tamise &#8211; Skizze\",\"isPartOf\":{\"@id\":\"https:\/\/hobstop.ee\/lv\/#website\"},\"primaryImageOfPage\":{\"@id\":\"https:\/\/hobstop.ee\/lv\/produkts\/zeltitas-parslas-nazionale-tamise\/#primaryimage\"},\"image\":{\"@id\":\"https:\/\/hobstop.ee\/lv\/produkts\/zeltitas-parslas-nazionale-tamise\/#primaryimage\"},\"thumbnailUrl\":\"https:\/\/hobstop.ee\/media\/2637.jpg\",\"datePublished\":\"2014-12-09T11:00:31+00:00\",\"dateModified\":\"-0001-11-30T00:00:00+00:00\",\"breadcrumb\":{\"@id\":\"https:\/\/hobstop.ee\/lv\/produkts\/zeltitas-parslas-nazionale-tamise\/#breadcrumb\"},\"inLanguage\":\"lv-LV\",\"potentialAction\":[{\"@type\":\"ReadAction\",\"target\":[\"https:\/\/hobstop.ee\/lv\/produkts\/zeltitas-parslas-nazionale-tamise\/\"]}]},{\"@type\":\"ImageObject\",\"inLanguage\":\"lv-LV\",\"@id\":\"https:\/\/hobstop.ee\/lv\/produkts\/zeltitas-parslas-nazionale-tamise\/#primaryimage\",\"url\":\"https:\/\/hobstop.ee\/media\/2637.jpg\",\"contentUrl\":\"https:\/\/hobstop.ee\/media\/2637.jpg\",\"width\":1024,\"height\":768},{\"@type\":\"BreadcrumbList\",\"@id\":\"https:\/\/hobstop.ee\/lv\/produkts\/zeltitas-parslas-nazionale-tamise\/#breadcrumb\",\"itemListElement\":[{\"@type\":\"ListItem\",\"position\":1,\"name\":\"Avaleht\",\"item\":\"https:\/\/hobstop.ee\/lv\/\"},{\"@type\":\"ListItem\",\"position\":2,\"name\":\"Veikals\",\"item\":\"https:\/\/hobstop.ee\/lv\/veikals\/\"},{\"@type\":\"ListItem\",\"position\":3,\"name\":\"Zelt\u012btas p\u0101rslas Nazionale Tamise\"}]},{\"@type\":\"WebSite\",\"@id\":\"https:\/\/hobstop.ee\/lv\/#website\",\"url\":\"https:\/\/hobstop.ee\/lv\/\",\"name\":\"Skizze\",\"description\":\"M\u0101kslas, hobiju un skolas preces\",\"publisher\":{\"@id\":\"https:\/\/hobstop.ee\/lv\/#organization\"},\"potentialAction\":[{\"@type\":\"SearchAction\",\"target\":{\"@type\":\"EntryPoint\",\"urlTemplate\":\"https:\/\/hobstop.ee\/lv\/?s={search_term_string}\"},\"query-input\":{\"@type\":\"PropertyValueSpecification\",\"valueRequired\":true,\"valueName\":\"search_term_string\"}}],\"inLanguage\":\"lv-LV\"},{\"@type\":\"Organization\",\"@id\":\"https:\/\/hobstop.ee\/lv\/#organization\",\"name\":\"Vunder AS\",\"url\":\"https:\/\/hobstop.ee\/lv\/\",\"logo\":{\"@type\":\"ImageObject\",\"inLanguage\":\"lv-LV\",\"@id\":\"https:\/\/hobstop.ee\/lv\/#\/schema\/logo\/image\/\",\"url\":\"https:\/\/hobstop.ee\/media\/vunder-logo.png\",\"contentUrl\":\"https:\/\/hobstop.ee\/media\/vunder-logo.png\",\"width\":127,\"height\":55,\"caption\":\"Vunder AS\"},\"image\":{\"@id\":\"https:\/\/hobstop.ee\/lv\/#\/schema\/logo\/image\/\"},\"sameAs\":[\"http:\/\/www.facebook.com\/VunderSkizze\"]}]}<\/script>\n<!-- \/ Yoast SEO plugin. -->","yoast_head_json":{"title":"Zelt\u012btas p\u0101rslas Nazionale Tamise &#8211; Skizze","robots":{"index":"noindex","follow":"follow","max-snippet":"max-snippet:-1","max-image-preview":"max-image-preview:large","max-video-preview":"max-video-preview:-1"},"og_locale":"lv_LV","og_type":"article","og_title":"Zelt\u012btas p\u0101rslas Nazionale Tamise &#8211; Skizze","og_description":"Tamise \u2013 tulkojum\u0101 \u201elauzt\u0101 lapa\u201d. Nazionale Tamise zelt\u012b\u0161anas p\u0101rslas ir izgatavotas no da\u017e\u0101diem met\u0101liem un t\u0101s ir pieejamas da\u017e\u0101dos lielumos &#8211; mazas, vid\u0113jas, lielas vai speci\u0101la izm\u0113ra. T\u0101s ir ide\u0101li piem\u0113rotas gandr\u012bz visu materi\u0101lu dekor\u0113\u0161anai, pie\u0161\u0137irot virsmai interesantu kr\u0101sas mirdzuma efektu. J\u0101\u0146em v\u0113r\u0101, ka laika gait\u0101 apk\u0101rt\u0113j\u0101s vides iedarb\u012bb\u0101 materi\u0101ls var main\u012bt savu izskatu.","og_url":"https:\/\/hobstop.ee\/lv\/produkts\/zeltitas-parslas-nazionale-tamise\/","og_site_name":"Skizze","article_publisher":"http:\/\/www.facebook.com\/VunderSkizze","article_modified_time":"-0001-11-30T00:00:00+00:00","og_image":[{"width":1024,"height":768,"url":"https:\/\/hobstop.ee\/media\/2637.jpg","type":"image\/jpeg"}],"twitter_card":"summary_large_image","schema":{"@context":"https:\/\/schema.org","@graph":[{"@type":"WebPage","@id":"https:\/\/hobstop.ee\/lv\/produkts\/zeltitas-parslas-nazionale-tamise\/","url":"https:\/\/hobstop.ee\/lv\/produkts\/zeltitas-parslas-nazionale-tamise\/","name":"Zelt\u012btas p\u0101rslas Nazionale Tamise &#8211; Skizze","isPartOf":{"@id":"https:\/\/hobstop.ee\/lv\/#website"},"primaryImageOfPage":{"@id":"https:\/\/hobstop.ee\/lv\/produkts\/zeltitas-parslas-nazionale-tamise\/#primaryimage"},"image":{"@id":"https:\/\/hobstop.ee\/lv\/produkts\/zeltitas-parslas-nazionale-tamise\/#primaryimage"},"thumbnailUrl":"https:\/\/hobstop.ee\/media\/2637.jpg","datePublished":"2014-12-09T11:00:31+00:00","dateModified":"-0001-11-30T00:00:00+00:00","breadcrumb":{"@id":"https:\/\/hobstop.ee\/lv\/produkts\/zeltitas-parslas-nazionale-tamise\/#breadcrumb"},"inLanguage":"lv-LV","potentialAction":[{"@type":"ReadAction","target":["https:\/\/hobstop.ee\/lv\/produkts\/zeltitas-parslas-nazionale-tamise\/"]}]},{"@type":"ImageObject","inLanguage":"lv-LV","@id":"https:\/\/hobstop.ee\/lv\/produkts\/zeltitas-parslas-nazionale-tamise\/#primaryimage","url":"https:\/\/hobstop.ee\/media\/2637.jpg","contentUrl":"https:\/\/hobstop.ee\/media\/2637.jpg","width":1024,"height":768},{"@type":"BreadcrumbList","@id":"https:\/\/hobstop.ee\/lv\/produkts\/zeltitas-parslas-nazionale-tamise\/#breadcrumb","itemListElement":[{"@type":"ListItem","position":1,"name":"Avaleht","item":"https:\/\/hobstop.ee\/lv\/"},{"@type":"ListItem","position":2,"name":"Veikals","item":"https:\/\/hobstop.ee\/lv\/veikals\/"},{"@type":"ListItem","position":3,"name":"Zelt\u012btas p\u0101rslas Nazionale Tamise"}]},{"@type":"WebSite","@id":"https:\/\/hobstop.ee\/lv\/#website","url":"https:\/\/hobstop.ee\/lv\/","name":"Skizze","description":"M\u0101kslas, hobiju un skolas preces","publisher":{"@id":"https:\/\/hobstop.ee\/lv\/#organization"},"potentialAction":[{"@type":"SearchAction","target":{"@type":"EntryPoint","urlTemplate":"https:\/\/hobstop.ee\/lv\/?s={search_term_string}"},"query-input":{"@type":"PropertyValueSpecification","valueRequired":true,"valueName":"search_term_string"}}],"inLanguage":"lv-LV"},{"@type":"Organization","@id":"https:\/\/hobstop.ee\/lv\/#organization","name":"Vunder AS","url":"https:\/\/hobstop.ee\/lv\/","logo":{"@type":"ImageObject","inLanguage":"lv-LV","@id":"https:\/\/hobstop.ee\/lv\/#\/schema\/logo\/image\/","url":"https:\/\/hobstop.ee\/media\/vunder-logo.png","contentUrl":"https:\/\/hobstop.ee\/media\/vunder-logo.png","width":127,"height":55,"caption":"Vunder AS"},"image":{"@id":"https:\/\/hobstop.ee\/lv\/#\/schema\/logo\/image\/"},"sameAs":["http:\/\/www.facebook.com\/VunderSkizze"]}]}},"_links":{"self":[{"href":"https:\/\/hobstop.ee\/lv\/wp-json\/wp\/v2\/product\/61688","targetHints":{"allow":["GET"]}}],"collection":[{"href":"https:\/\/hobstop.ee\/lv\/wp-json\/wp\/v2\/product"}],"about":[{"href":"https:\/\/hobstop.ee\/lv\/wp-json\/wp\/v2\/types\/product"}],"replies":[{"embeddable":true,"href":"https:\/\/hobstop.ee\/lv\/wp-json\/wp\/v2\/comments?post=61688"}],"wp:featuredmedia":[{"embeddable":true,"href":"https:\/\/hobstop.ee\/lv\/wp-json\/wp\/v2\/media\/115285"}],"wp:attachment":[{"href":"https:\/\/hobstop.ee\/lv\/wp-json\/wp\/v2\/media?parent=61688"}],"wp:term":[{"taxonomy":"product_cat","embeddable":true,"href":"https:\/\/hobstop.ee\/lv\/wp-json\/wp\/v2\/product_cat?post=61688"},{"taxonomy":"product_tag","embeddable":true,"href":"https:\/\/hobstop.ee\/lv\/wp-json\/wp\/v2\/product_tag?post=61688"}],"curies":[{"name":"wp","href":"https:\/\/api.w.org\/{rel}","templated":true}]}}