{"id":61697,"date":"2014-12-09T13:00:34","date_gmt":"2014-12-09T11:00:34","guid":{"rendered":"https:\/\/sharks.ee\/vunder_2019.klient.veebimajutus.ee\/?post_type=product&p=61697"},"modified":"2014-12-09T13:00:34","modified_gmt":"2014-12-09T10:00:34","slug":"dzesgumija-derwent-elektrisks","status":"publish","type":"product","link":"https:\/\/hobstop.ee\/lv\/produkts\/dzesgumija-derwent-elektrisks\/","title":{"rendered":"Dz\u0113\u0161gumija Derwent elektrisks"},"content":{"rendered":"<p>Battery Eraser dz\u0113\u0161gumija ir ide\u0101li piem\u0113rota neparastu efektu rad\u012b\u0161anai un eksperimentiem ar da\u017e\u0101d\u0101m z\u012bm\u0113\u0161anas tehnik\u0101m. To, protams, var izmantot ar\u012b nev\u0113lamu l\u012bniju dz\u0113\u0161anai! Kad dz\u0113\u0161gumija ir iesl\u0113gta, grie\u0161an\u0101s darb\u012bba no\u0146em pigmentu no pap\u012bra. Prec\u012bza dz\u0113\u0161gumijas kontrole pal\u012bdz izcelt un pasv\u012btrot v\u0113lam\u0101s vietas z\u012bm\u0113jum\u0101. Ide\u0101li piem\u0113rota nelielu laukumu apstr\u0101dei. Darb\u012bbas poga atrodas uz dz\u0113\u0161gumijas aug\u0161\u0113j\u0101s da\u013cas, kas padara to ide\u0101li piem\u0113rotu darbam gan ar kreiso, gan ar\u012b ar labo roku. T\u0101s lieto\u0161ana ir \u013coti \u0113rta.<\/p>\n","protected":false},"excerpt":{"rendered":"<p>Battery Eraser dz\u0113\u0161gumija ir ide\u0101li piem\u0113rota neparastu efektu rad\u012b\u0161anai un eksperimentiem ar da\u017e\u0101d\u0101m z\u012bm\u0113\u0161anas tehnik\u0101m. To, protams, var izmantot ar\u012b nev\u0113lamu l\u012bniju dz\u0113\u0161anai! Kad dz\u0113\u0161gumija ir iesl\u0113gta, grie\u0161an\u0101s darb\u012bba no\u0146em pigmentu no pap\u012bra. Prec\u012bza dz\u0113\u0161gumijas kontrole pal\u012bdz izcelt un pasv\u012btrot v\u0113lam\u0101s vietas z\u012bm\u0113jum\u0101. Ide\u0101li piem\u0113rota nelielu laukumu apstr\u0101dei. Darb\u012bbas poga atrodas uz dz\u0113\u0161gumijas aug\u0161\u0113j\u0101s da\u013cas, kas padara to ide\u0101li piem\u0113rotu darbam gan ar kreiso, gan ar\u012b ar labo roku. T\u0101s lieto\u0161ana ir \u013coti \u0113rta.<\/p>\n","protected":false},"featured_media":354107,"comment_status":"closed","ping_status":"closed","template":"","meta":{"_acf_changed":false,"ep_exclude_from_search":false},"product_cat":[18754,16123,18931],"product_tag":[],"class_list":{"0":"post-61697","1":"product","2":"type-product","3":"status-publish","4":"has-post-thumbnail","6":"product_cat-dazadi-26","7":"product_cat-makslas-piederumi-2","8":"product_cat-zimesanas-piederumi-3","10":"first","11":"outofstock","12":"taxable","13":"shipping-taxable","14":"purchasable","15":"product-type-variable"},"acf":[],"yoast_head":"<!-- This site is optimized with the Yoast SEO plugin v24.1 - https:\/\/yoast.com\/wordpress\/plugins\/seo\/ -->\n<title>Dz\u0113\u0161gumija Derwent elektrisks &#8211; Skizze<\/title>\n<meta name=\"robots\" content=\"noindex, follow, max-snippet:-1, max-image-preview:large, max-video-preview:-1\" \/>\n<meta property=\"og:locale\" content=\"lv_LV\" \/>\n<meta property=\"og:type\" content=\"article\" \/>\n<meta property=\"og:title\" content=\"Dz\u0113\u0161gumija Derwent elektrisks &#8211; Skizze\" \/>\n<meta property=\"og:description\" content=\"Battery Eraser dz\u0113\u0161gumija ir ide\u0101li piem\u0113rota neparastu efektu rad\u012b\u0161anai un eksperimentiem ar da\u017e\u0101d\u0101m z\u012bm\u0113\u0161anas tehnik\u0101m. To, protams, var izmantot ar\u012b nev\u0113lamu l\u012bniju dz\u0113\u0161anai! Kad dz\u0113\u0161gumija ir iesl\u0113gta, grie\u0161an\u0101s darb\u012bba no\u0146em pigmentu no pap\u012bra. Prec\u012bza dz\u0113\u0161gumijas kontrole pal\u012bdz izcelt un pasv\u012btrot v\u0113lam\u0101s vietas z\u012bm\u0113jum\u0101. Ide\u0101li piem\u0113rota nelielu laukumu apstr\u0101dei. Darb\u012bbas poga atrodas uz dz\u0113\u0161gumijas aug\u0161\u0113j\u0101s da\u013cas, kas padara to ide\u0101li piem\u0113rotu darbam gan ar kreiso, gan ar\u012b ar labo roku. T\u0101s lieto\u0161ana ir \u013coti \u0113rta.\" \/>\n<meta property=\"og:url\" content=\"https:\/\/hobstop.ee\/lv\/produkts\/dzesgumija-derwent-elektrisks\/\" \/>\n<meta property=\"og:site_name\" content=\"Skizze\" \/>\n<meta property=\"article:publisher\" content=\"http:\/\/www.facebook.com\/VunderSkizze\" \/>\n<meta property=\"article:modified_time\" content=\"-0001-11-30T00:00:00+00:00\" \/>\n<meta property=\"og:image\" content=\"https:\/\/hobstop.ee\/media\/2640.jpg\" \/>\n\t<meta property=\"og:image:width\" content=\"1024\" \/>\n\t<meta property=\"og:image:height\" content=\"768\" \/>\n\t<meta property=\"og:image:type\" content=\"image\/jpeg\" \/>\n<meta name=\"twitter:card\" content=\"summary_large_image\" \/>\n<meta name=\"twitter:label1\" content=\"Est. reading time\" \/>\n\t<meta name=\"twitter:data1\" content=\"1 min\u016b\u0161u\" \/>\n<script type=\"application\/ld+json\" class=\"yoast-schema-graph\">{\"@context\":\"https:\/\/schema.org\",\"@graph\":[{\"@type\":\"WebPage\",\"@id\":\"https:\/\/hobstop.ee\/lv\/produkts\/dzesgumija-derwent-elektrisks\/\",\"url\":\"https:\/\/hobstop.ee\/lv\/produkts\/dzesgumija-derwent-elektrisks\/\",\"name\":\"Dz\u0113\u0161gumija Derwent elektrisks &#8211; Skizze\",\"isPartOf\":{\"@id\":\"https:\/\/hobstop.ee\/lv\/#website\"},\"primaryImageOfPage\":{\"@id\":\"https:\/\/hobstop.ee\/lv\/produkts\/dzesgumija-derwent-elektrisks\/#primaryimage\"},\"image\":{\"@id\":\"https:\/\/hobstop.ee\/lv\/produkts\/dzesgumija-derwent-elektrisks\/#primaryimage\"},\"thumbnailUrl\":\"https:\/\/hobstop.ee\/media\/2640.jpg\",\"datePublished\":\"2014-12-09T11:00:34+00:00\",\"dateModified\":\"-0001-11-30T00:00:00+00:00\",\"breadcrumb\":{\"@id\":\"https:\/\/hobstop.ee\/lv\/produkts\/dzesgumija-derwent-elektrisks\/#breadcrumb\"},\"inLanguage\":\"lv-LV\",\"potentialAction\":[{\"@type\":\"ReadAction\",\"target\":[\"https:\/\/hobstop.ee\/lv\/produkts\/dzesgumija-derwent-elektrisks\/\"]}]},{\"@type\":\"ImageObject\",\"inLanguage\":\"lv-LV\",\"@id\":\"https:\/\/hobstop.ee\/lv\/produkts\/dzesgumija-derwent-elektrisks\/#primaryimage\",\"url\":\"https:\/\/hobstop.ee\/media\/2640.jpg\",\"contentUrl\":\"https:\/\/hobstop.ee\/media\/2640.jpg\",\"width\":1024,\"height\":768},{\"@type\":\"BreadcrumbList\",\"@id\":\"https:\/\/hobstop.ee\/lv\/produkts\/dzesgumija-derwent-elektrisks\/#breadcrumb\",\"itemListElement\":[{\"@type\":\"ListItem\",\"position\":1,\"name\":\"Avaleht\",\"item\":\"https:\/\/www.hobstop.ee\/lv\/\"},{\"@type\":\"ListItem\",\"position\":2,\"name\":\"Veikals\",\"item\":\"https:\/\/www.hobstop.ee\/lv\/veikals\/\"},{\"@type\":\"ListItem\",\"position\":3,\"name\":\"Dz\u0113\u0161gumija Derwent elektrisks\"}]},{\"@type\":\"WebSite\",\"@id\":\"https:\/\/hobstop.ee\/lv\/#website\",\"url\":\"https:\/\/hobstop.ee\/lv\/\",\"name\":\"Skizze\",\"description\":\"M\u0101kslas, hobiju un skolas preces\",\"publisher\":{\"@id\":\"https:\/\/hobstop.ee\/lv\/#organization\"},\"potentialAction\":[{\"@type\":\"SearchAction\",\"target\":{\"@type\":\"EntryPoint\",\"urlTemplate\":\"https:\/\/hobstop.ee\/lv\/?s={search_term_string}\"},\"query-input\":{\"@type\":\"PropertyValueSpecification\",\"valueRequired\":true,\"valueName\":\"search_term_string\"}}],\"inLanguage\":\"lv-LV\"},{\"@type\":\"Organization\",\"@id\":\"https:\/\/hobstop.ee\/lv\/#organization\",\"name\":\"Vunder AS\",\"url\":\"https:\/\/hobstop.ee\/lv\/\",\"logo\":{\"@type\":\"ImageObject\",\"inLanguage\":\"lv-LV\",\"@id\":\"https:\/\/hobstop.ee\/lv\/#\/schema\/logo\/image\/\",\"url\":\"https:\/\/hobstop.ee\/media\/vunder-logo.png\",\"contentUrl\":\"https:\/\/hobstop.ee\/media\/vunder-logo.png\",\"width\":127,\"height\":55,\"caption\":\"Vunder AS\"},\"image\":{\"@id\":\"https:\/\/hobstop.ee\/lv\/#\/schema\/logo\/image\/\"},\"sameAs\":[\"http:\/\/www.facebook.com\/VunderSkizze\"]}]}<\/script>\n<!-- \/ Yoast SEO plugin. -->","yoast_head_json":{"title":"Dz\u0113\u0161gumija Derwent elektrisks &#8211; Skizze","robots":{"index":"noindex","follow":"follow","max-snippet":"max-snippet:-1","max-image-preview":"max-image-preview:large","max-video-preview":"max-video-preview:-1"},"og_locale":"lv_LV","og_type":"article","og_title":"Dz\u0113\u0161gumija Derwent elektrisks &#8211; Skizze","og_description":"Battery Eraser dz\u0113\u0161gumija ir ide\u0101li piem\u0113rota neparastu efektu rad\u012b\u0161anai un eksperimentiem ar da\u017e\u0101d\u0101m z\u012bm\u0113\u0161anas tehnik\u0101m. To, protams, var izmantot ar\u012b nev\u0113lamu l\u012bniju dz\u0113\u0161anai! Kad dz\u0113\u0161gumija ir iesl\u0113gta, grie\u0161an\u0101s darb\u012bba no\u0146em pigmentu no pap\u012bra. Prec\u012bza dz\u0113\u0161gumijas kontrole pal\u012bdz izcelt un pasv\u012btrot v\u0113lam\u0101s vietas z\u012bm\u0113jum\u0101. Ide\u0101li piem\u0113rota nelielu laukumu apstr\u0101dei. Darb\u012bbas poga atrodas uz dz\u0113\u0161gumijas aug\u0161\u0113j\u0101s da\u013cas, kas padara to ide\u0101li piem\u0113rotu darbam gan ar kreiso, gan ar\u012b ar labo roku. T\u0101s lieto\u0161ana ir \u013coti \u0113rta.","og_url":"https:\/\/hobstop.ee\/lv\/produkts\/dzesgumija-derwent-elektrisks\/","og_site_name":"Skizze","article_publisher":"http:\/\/www.facebook.com\/VunderSkizze","article_modified_time":"-0001-11-30T00:00:00+00:00","og_image":[{"width":1024,"height":768,"url":"https:\/\/hobstop.ee\/media\/2640.jpg","type":"image\/jpeg"}],"twitter_card":"summary_large_image","twitter_misc":{"Est. reading time":"1 min\u016b\u0161u"},"schema":{"@context":"https:\/\/schema.org","@graph":[{"@type":"WebPage","@id":"https:\/\/hobstop.ee\/lv\/produkts\/dzesgumija-derwent-elektrisks\/","url":"https:\/\/hobstop.ee\/lv\/produkts\/dzesgumija-derwent-elektrisks\/","name":"Dz\u0113\u0161gumija Derwent elektrisks &#8211; Skizze","isPartOf":{"@id":"https:\/\/hobstop.ee\/lv\/#website"},"primaryImageOfPage":{"@id":"https:\/\/hobstop.ee\/lv\/produkts\/dzesgumija-derwent-elektrisks\/#primaryimage"},"image":{"@id":"https:\/\/hobstop.ee\/lv\/produkts\/dzesgumija-derwent-elektrisks\/#primaryimage"},"thumbnailUrl":"https:\/\/hobstop.ee\/media\/2640.jpg","datePublished":"2014-12-09T11:00:34+00:00","dateModified":"-0001-11-30T00:00:00+00:00","breadcrumb":{"@id":"https:\/\/hobstop.ee\/lv\/produkts\/dzesgumija-derwent-elektrisks\/#breadcrumb"},"inLanguage":"lv-LV","potentialAction":[{"@type":"ReadAction","target":["https:\/\/hobstop.ee\/lv\/produkts\/dzesgumija-derwent-elektrisks\/"]}]},{"@type":"ImageObject","inLanguage":"lv-LV","@id":"https:\/\/hobstop.ee\/lv\/produkts\/dzesgumija-derwent-elektrisks\/#primaryimage","url":"https:\/\/hobstop.ee\/media\/2640.jpg","contentUrl":"https:\/\/hobstop.ee\/media\/2640.jpg","width":1024,"height":768},{"@type":"BreadcrumbList","@id":"https:\/\/hobstop.ee\/lv\/produkts\/dzesgumija-derwent-elektrisks\/#breadcrumb","itemListElement":[{"@type":"ListItem","position":1,"name":"Avaleht","item":"https:\/\/www.hobstop.ee\/lv\/"},{"@type":"ListItem","position":2,"name":"Veikals","item":"https:\/\/www.hobstop.ee\/lv\/veikals\/"},{"@type":"ListItem","position":3,"name":"Dz\u0113\u0161gumija Derwent elektrisks"}]},{"@type":"WebSite","@id":"https:\/\/hobstop.ee\/lv\/#website","url":"https:\/\/hobstop.ee\/lv\/","name":"Skizze","description":"M\u0101kslas, hobiju un skolas preces","publisher":{"@id":"https:\/\/hobstop.ee\/lv\/#organization"},"potentialAction":[{"@type":"SearchAction","target":{"@type":"EntryPoint","urlTemplate":"https:\/\/hobstop.ee\/lv\/?s={search_term_string}"},"query-input":{"@type":"PropertyValueSpecification","valueRequired":true,"valueName":"search_term_string"}}],"inLanguage":"lv-LV"},{"@type":"Organization","@id":"https:\/\/hobstop.ee\/lv\/#organization","name":"Vunder AS","url":"https:\/\/hobstop.ee\/lv\/","logo":{"@type":"ImageObject","inLanguage":"lv-LV","@id":"https:\/\/hobstop.ee\/lv\/#\/schema\/logo\/image\/","url":"https:\/\/hobstop.ee\/media\/vunder-logo.png","contentUrl":"https:\/\/hobstop.ee\/media\/vunder-logo.png","width":127,"height":55,"caption":"Vunder AS"},"image":{"@id":"https:\/\/hobstop.ee\/lv\/#\/schema\/logo\/image\/"},"sameAs":["http:\/\/www.facebook.com\/VunderSkizze"]}]}},"_links":{"self":[{"href":"https:\/\/hobstop.ee\/lv\/wp-json\/wp\/v2\/product\/61697","targetHints":{"allow":["GET"]}}],"collection":[{"href":"https:\/\/hobstop.ee\/lv\/wp-json\/wp\/v2\/product"}],"about":[{"href":"https:\/\/hobstop.ee\/lv\/wp-json\/wp\/v2\/types\/product"}],"replies":[{"embeddable":true,"href":"https:\/\/hobstop.ee\/lv\/wp-json\/wp\/v2\/comments?post=61697"}],"wp:featuredmedia":[{"embeddable":true,"href":"https:\/\/hobstop.ee\/lv\/wp-json\/wp\/v2\/media\/354107"}],"wp:attachment":[{"href":"https:\/\/hobstop.ee\/lv\/wp-json\/wp\/v2\/media?parent=61697"}],"wp:term":[{"taxonomy":"product_cat","embeddable":true,"href":"https:\/\/hobstop.ee\/lv\/wp-json\/wp\/v2\/product_cat?post=61697"},{"taxonomy":"product_tag","embeddable":true,"href":"https:\/\/hobstop.ee\/lv\/wp-json\/wp\/v2\/product_tag?post=61697"}],"curies":[{"name":"wp","href":"https:\/\/api.w.org\/{rel}","templated":true}]}}