{"id":61729,"date":"2014-12-09T13:00:47","date_gmt":"2014-12-09T11:00:47","guid":{"rendered":"https:\/\/sharks.ee\/vunder_2019.klient.veebimajutus.ee\/?post_type=product&p=61729"},"modified":"2014-12-09T13:00:47","modified_gmt":"2014-12-09T10:00:47","slug":"parastais-zimulis-lyra-groove-slim","status":"publish","type":"product","link":"https:\/\/hobstop.ee\/lv\/produkts\/parastais-zimulis-lyra-groove-slim\/","title":{"rendered":"Parastais z\u012bmulis Lyra Groove Slim"},"content":{"rendered":"<p>Ergonomisks tr\u012bsst\u016bra formas z\u012bmulis, d=7mm. Dab\u012bgie apa\u013c\u0101s formas iedobumi uz korpusa nodro\u0161ina optim\u0101lu un \u0113rtu z\u012bmu\u013ca novietojumu. Piem\u0113rots z\u012bm\u0113\u0161anai gan ar labo, gan kreiso roku. Vieta v\u0101rdam.<\/p>\n","protected":false},"excerpt":{"rendered":"<p>Ergonomisks tr\u012bsst\u016bra formas z\u012bmulis, d=7mm. Dab\u012bgie apa\u013c\u0101s formas iedobumi uz korpusa nodro\u0161ina optim\u0101lu un \u0113rtu z\u012bmu\u013ca novietojumu. Piem\u0113rots z\u012bm\u0113\u0161anai gan ar labo, gan kreiso roku. Vieta v\u0101rdam.<\/p>\n","protected":false},"featured_media":105198,"comment_status":"closed","ping_status":"closed","template":"","meta":{"_acf_changed":false,"ep_exclude_from_search":false},"product_cat":[18684,17916,18633],"product_tag":[],"class_list":{"0":"post-61729","1":"product","2":"type-product","3":"status-publish","4":"has-post-thumbnail","6":"product_cat-parastie-zimuli","7":"product_cat-preces-skolai","8":"product_cat-zimesanas-piederumi-2","10":"first","11":"instock","12":"taxable","13":"shipping-taxable","14":"purchasable","15":"product-type-variable"},"acf":[],"yoast_head":"<!-- This site is optimized with the Yoast SEO plugin v24.1 - https:\/\/yoast.com\/wordpress\/plugins\/seo\/ -->\n<title>Parastais z\u012bmulis Lyra Groove Slim &#8211; Skizze<\/title>\n<meta name=\"robots\" content=\"noindex, follow, max-snippet:-1, max-image-preview:large, max-video-preview:-1\" \/>\n<meta property=\"og:locale\" content=\"lv_LV\" \/>\n<meta property=\"og:type\" content=\"article\" \/>\n<meta property=\"og:title\" content=\"Parastais z\u012bmulis Lyra Groove Slim &#8211; Skizze\" \/>\n<meta property=\"og:description\" content=\"Ergonomisks tr\u012bsst\u016bra formas z\u012bmulis, d=7mm. Dab\u012bgie apa\u013c\u0101s formas iedobumi uz korpusa nodro\u0161ina optim\u0101lu un \u0113rtu z\u012bmu\u013ca novietojumu. Piem\u0113rots z\u012bm\u0113\u0161anai gan ar labo, gan kreiso roku. Vieta v\u0101rdam.\" \/>\n<meta property=\"og:url\" content=\"https:\/\/hobstop.ee\/lv\/produkts\/parastais-zimulis-lyra-groove-slim\/\" \/>\n<meta property=\"og:site_name\" content=\"Skizze\" \/>\n<meta property=\"article:publisher\" content=\"http:\/\/www.facebook.com\/VunderSkizze\" \/>\n<meta property=\"article:modified_time\" content=\"-0001-11-30T00:00:00+00:00\" \/>\n<meta property=\"og:image\" content=\"https:\/\/hobstop.ee\/media\/2664.jpg\" \/>\n\t<meta property=\"og:image:width\" content=\"1024\" \/>\n\t<meta property=\"og:image:height\" content=\"768\" \/>\n\t<meta property=\"og:image:type\" content=\"image\/jpeg\" \/>\n<meta name=\"twitter:card\" content=\"summary_large_image\" \/>\n<script type=\"application\/ld+json\" class=\"yoast-schema-graph\">{\"@context\":\"https:\/\/schema.org\",\"@graph\":[{\"@type\":\"WebPage\",\"@id\":\"https:\/\/hobstop.ee\/lv\/produkts\/parastais-zimulis-lyra-groove-slim\/\",\"url\":\"https:\/\/hobstop.ee\/lv\/produkts\/parastais-zimulis-lyra-groove-slim\/\",\"name\":\"Parastais z\u012bmulis Lyra Groove Slim &#8211; Skizze\",\"isPartOf\":{\"@id\":\"https:\/\/hobstop.ee\/lv\/#website\"},\"primaryImageOfPage\":{\"@id\":\"https:\/\/hobstop.ee\/lv\/produkts\/parastais-zimulis-lyra-groove-slim\/#primaryimage\"},\"image\":{\"@id\":\"https:\/\/hobstop.ee\/lv\/produkts\/parastais-zimulis-lyra-groove-slim\/#primaryimage\"},\"thumbnailUrl\":\"https:\/\/hobstop.ee\/media\/2664.jpg\",\"datePublished\":\"2014-12-09T11:00:47+00:00\",\"dateModified\":\"-0001-11-30T00:00:00+00:00\",\"breadcrumb\":{\"@id\":\"https:\/\/hobstop.ee\/lv\/produkts\/parastais-zimulis-lyra-groove-slim\/#breadcrumb\"},\"inLanguage\":\"lv-LV\",\"potentialAction\":[{\"@type\":\"ReadAction\",\"target\":[\"https:\/\/hobstop.ee\/lv\/produkts\/parastais-zimulis-lyra-groove-slim\/\"]}]},{\"@type\":\"ImageObject\",\"inLanguage\":\"lv-LV\",\"@id\":\"https:\/\/hobstop.ee\/lv\/produkts\/parastais-zimulis-lyra-groove-slim\/#primaryimage\",\"url\":\"https:\/\/hobstop.ee\/media\/2664.jpg\",\"contentUrl\":\"https:\/\/hobstop.ee\/media\/2664.jpg\",\"width\":1024,\"height\":768},{\"@type\":\"BreadcrumbList\",\"@id\":\"https:\/\/hobstop.ee\/lv\/produkts\/parastais-zimulis-lyra-groove-slim\/#breadcrumb\",\"itemListElement\":[{\"@type\":\"ListItem\",\"position\":1,\"name\":\"Avaleht\",\"item\":\"https:\/\/hobstop.ee\/lv\/\"},{\"@type\":\"ListItem\",\"position\":2,\"name\":\"Veikals\",\"item\":\"https:\/\/hobstop.ee\/lv\/veikals\/\"},{\"@type\":\"ListItem\",\"position\":3,\"name\":\"Parastais z\u012bmulis Lyra Groove Slim\"}]},{\"@type\":\"WebSite\",\"@id\":\"https:\/\/hobstop.ee\/lv\/#website\",\"url\":\"https:\/\/hobstop.ee\/lv\/\",\"name\":\"Skizze\",\"description\":\"M\u0101kslas, hobiju un skolas preces\",\"publisher\":{\"@id\":\"https:\/\/hobstop.ee\/lv\/#organization\"},\"potentialAction\":[{\"@type\":\"SearchAction\",\"target\":{\"@type\":\"EntryPoint\",\"urlTemplate\":\"https:\/\/hobstop.ee\/lv\/?s={search_term_string}\"},\"query-input\":{\"@type\":\"PropertyValueSpecification\",\"valueRequired\":true,\"valueName\":\"search_term_string\"}}],\"inLanguage\":\"lv-LV\"},{\"@type\":\"Organization\",\"@id\":\"https:\/\/hobstop.ee\/lv\/#organization\",\"name\":\"Vunder AS\",\"url\":\"https:\/\/hobstop.ee\/lv\/\",\"logo\":{\"@type\":\"ImageObject\",\"inLanguage\":\"lv-LV\",\"@id\":\"https:\/\/hobstop.ee\/lv\/#\/schema\/logo\/image\/\",\"url\":\"https:\/\/hobstop.ee\/media\/vunder-logo.png\",\"contentUrl\":\"https:\/\/hobstop.ee\/media\/vunder-logo.png\",\"width\":127,\"height\":55,\"caption\":\"Vunder AS\"},\"image\":{\"@id\":\"https:\/\/hobstop.ee\/lv\/#\/schema\/logo\/image\/\"},\"sameAs\":[\"http:\/\/www.facebook.com\/VunderSkizze\"]}]}<\/script>\n<!-- \/ Yoast SEO plugin. -->","yoast_head_json":{"title":"Parastais z\u012bmulis Lyra Groove Slim &#8211; Skizze","robots":{"index":"noindex","follow":"follow","max-snippet":"max-snippet:-1","max-image-preview":"max-image-preview:large","max-video-preview":"max-video-preview:-1"},"og_locale":"lv_LV","og_type":"article","og_title":"Parastais z\u012bmulis Lyra Groove Slim &#8211; Skizze","og_description":"Ergonomisks tr\u012bsst\u016bra formas z\u012bmulis, d=7mm. Dab\u012bgie apa\u013c\u0101s formas iedobumi uz korpusa nodro\u0161ina optim\u0101lu un \u0113rtu z\u012bmu\u013ca novietojumu. Piem\u0113rots z\u012bm\u0113\u0161anai gan ar labo, gan kreiso roku. Vieta v\u0101rdam.","og_url":"https:\/\/hobstop.ee\/lv\/produkts\/parastais-zimulis-lyra-groove-slim\/","og_site_name":"Skizze","article_publisher":"http:\/\/www.facebook.com\/VunderSkizze","article_modified_time":"-0001-11-30T00:00:00+00:00","og_image":[{"width":1024,"height":768,"url":"https:\/\/hobstop.ee\/media\/2664.jpg","type":"image\/jpeg"}],"twitter_card":"summary_large_image","schema":{"@context":"https:\/\/schema.org","@graph":[{"@type":"WebPage","@id":"https:\/\/hobstop.ee\/lv\/produkts\/parastais-zimulis-lyra-groove-slim\/","url":"https:\/\/hobstop.ee\/lv\/produkts\/parastais-zimulis-lyra-groove-slim\/","name":"Parastais z\u012bmulis Lyra Groove Slim &#8211; Skizze","isPartOf":{"@id":"https:\/\/hobstop.ee\/lv\/#website"},"primaryImageOfPage":{"@id":"https:\/\/hobstop.ee\/lv\/produkts\/parastais-zimulis-lyra-groove-slim\/#primaryimage"},"image":{"@id":"https:\/\/hobstop.ee\/lv\/produkts\/parastais-zimulis-lyra-groove-slim\/#primaryimage"},"thumbnailUrl":"https:\/\/hobstop.ee\/media\/2664.jpg","datePublished":"2014-12-09T11:00:47+00:00","dateModified":"-0001-11-30T00:00:00+00:00","breadcrumb":{"@id":"https:\/\/hobstop.ee\/lv\/produkts\/parastais-zimulis-lyra-groove-slim\/#breadcrumb"},"inLanguage":"lv-LV","potentialAction":[{"@type":"ReadAction","target":["https:\/\/hobstop.ee\/lv\/produkts\/parastais-zimulis-lyra-groove-slim\/"]}]},{"@type":"ImageObject","inLanguage":"lv-LV","@id":"https:\/\/hobstop.ee\/lv\/produkts\/parastais-zimulis-lyra-groove-slim\/#primaryimage","url":"https:\/\/hobstop.ee\/media\/2664.jpg","contentUrl":"https:\/\/hobstop.ee\/media\/2664.jpg","width":1024,"height":768},{"@type":"BreadcrumbList","@id":"https:\/\/hobstop.ee\/lv\/produkts\/parastais-zimulis-lyra-groove-slim\/#breadcrumb","itemListElement":[{"@type":"ListItem","position":1,"name":"Avaleht","item":"https:\/\/hobstop.ee\/lv\/"},{"@type":"ListItem","position":2,"name":"Veikals","item":"https:\/\/hobstop.ee\/lv\/veikals\/"},{"@type":"ListItem","position":3,"name":"Parastais z\u012bmulis Lyra Groove Slim"}]},{"@type":"WebSite","@id":"https:\/\/hobstop.ee\/lv\/#website","url":"https:\/\/hobstop.ee\/lv\/","name":"Skizze","description":"M\u0101kslas, hobiju un skolas preces","publisher":{"@id":"https:\/\/hobstop.ee\/lv\/#organization"},"potentialAction":[{"@type":"SearchAction","target":{"@type":"EntryPoint","urlTemplate":"https:\/\/hobstop.ee\/lv\/?s={search_term_string}"},"query-input":{"@type":"PropertyValueSpecification","valueRequired":true,"valueName":"search_term_string"}}],"inLanguage":"lv-LV"},{"@type":"Organization","@id":"https:\/\/hobstop.ee\/lv\/#organization","name":"Vunder AS","url":"https:\/\/hobstop.ee\/lv\/","logo":{"@type":"ImageObject","inLanguage":"lv-LV","@id":"https:\/\/hobstop.ee\/lv\/#\/schema\/logo\/image\/","url":"https:\/\/hobstop.ee\/media\/vunder-logo.png","contentUrl":"https:\/\/hobstop.ee\/media\/vunder-logo.png","width":127,"height":55,"caption":"Vunder AS"},"image":{"@id":"https:\/\/hobstop.ee\/lv\/#\/schema\/logo\/image\/"},"sameAs":["http:\/\/www.facebook.com\/VunderSkizze"]}]}},"_links":{"self":[{"href":"https:\/\/hobstop.ee\/lv\/wp-json\/wp\/v2\/product\/61729","targetHints":{"allow":["GET"]}}],"collection":[{"href":"https:\/\/hobstop.ee\/lv\/wp-json\/wp\/v2\/product"}],"about":[{"href":"https:\/\/hobstop.ee\/lv\/wp-json\/wp\/v2\/types\/product"}],"replies":[{"embeddable":true,"href":"https:\/\/hobstop.ee\/lv\/wp-json\/wp\/v2\/comments?post=61729"}],"wp:featuredmedia":[{"embeddable":true,"href":"https:\/\/hobstop.ee\/lv\/wp-json\/wp\/v2\/media\/105198"}],"wp:attachment":[{"href":"https:\/\/hobstop.ee\/lv\/wp-json\/wp\/v2\/media?parent=61729"}],"wp:term":[{"taxonomy":"product_cat","embeddable":true,"href":"https:\/\/hobstop.ee\/lv\/wp-json\/wp\/v2\/product_cat?post=61729"},{"taxonomy":"product_tag","embeddable":true,"href":"https:\/\/hobstop.ee\/lv\/wp-json\/wp\/v2\/product_tag?post=61729"}],"curies":[{"name":"wp","href":"https:\/\/api.w.org\/{rel}","templated":true}]}}