{"id":61781,"date":"2014-12-09T13:01:02","date_gmt":"2014-12-09T11:01:02","guid":{"rendered":"https:\/\/sharks.ee\/vunder_2019.klient.veebimajutus.ee\/?post_type=product&p=61781"},"modified":"2014-12-09T13:01:02","modified_gmt":"2014-12-09T10:01:02","slug":"krasainais-zimulis-maped-colorpeps-duo","status":"publish","type":"product","link":"https:\/\/hobstop.ee\/lv\/produkts\/krasainais-zimulis-maped-colorpeps-duo\/","title":{"rendered":"Kr\u0101sainais z\u012bmulis Maped Color&#8217;Peps Duo"},"content":{"rendered":"<p>Maped Color\u2019Peps Duo kvalitat\u012bvie kr\u0101sainie praktiskie z\u012bmu\u013ci ir rad\u012bti super smart 2-in-1 stil\u0101: vien\u0101 pen\u0101l\u012b divreiz vair\u0101k kr\u0101su! Ergonomiska tr\u012bsst\u016bra forma nodro\u0161ina lab\u0101ku satv\u0113rienu. Color\u2019Peps kr\u0101so\u0161anas z\u012bmu\u013ciem ir m\u012bksts un iztur\u012bgs serdenis (d=2,9mm), ko ir viegli asin\u0101t.<\/p>\n","protected":false},"excerpt":{"rendered":"<p>Maped Color\u2019Peps Duo kvalitat\u012bvie kr\u0101sainie praktiskie z\u012bmu\u013ci ir rad\u012bti super smart 2-in-1 stil\u0101: vien\u0101 pen\u0101l\u012b divreiz vair\u0101k kr\u0101su! Ergonomiska tr\u012bsst\u016bra forma nodro\u0161ina lab\u0101ku satv\u0113rienu. Color\u2019Peps kr\u0101so\u0161anas z\u012bmu\u013ciem ir m\u012bksts un iztur\u012bgs serdenis (d=2,9mm), ko ir viegli asin\u0101t.<\/p>\n","protected":false},"featured_media":353695,"comment_status":"closed","ping_status":"closed","template":"","meta":{"_acf_changed":false,"ep_exclude_from_search":false},"product_cat":[18694,17916,18633],"product_tag":[],"class_list":{"0":"post-61781","1":"product","2":"type-product","3":"status-publish","4":"has-post-thumbnail","6":"product_cat-krasu-zimuli","7":"product_cat-preces-skolai","8":"product_cat-zimesanas-piederumi-2","10":"first","11":"instock","12":"taxable","13":"shipping-taxable","14":"purchasable","15":"product-type-variable"},"acf":[],"yoast_head":"<!-- This site is optimized with the Yoast SEO plugin v24.1 - https:\/\/yoast.com\/wordpress\/plugins\/seo\/ -->\n<title>Kr\u0101sainais z\u012bmulis Maped Color&#039;Peps Duo &#8211; Skizze<\/title>\n<meta name=\"robots\" content=\"noindex, follow, max-snippet:-1, max-image-preview:large, max-video-preview:-1\" \/>\n<meta property=\"og:locale\" content=\"lv_LV\" \/>\n<meta property=\"og:type\" content=\"article\" \/>\n<meta property=\"og:title\" content=\"Kr\u0101sainais z\u012bmulis Maped Color&#039;Peps Duo &#8211; Skizze\" \/>\n<meta property=\"og:description\" content=\"Maped Color\u2019Peps Duo kvalitat\u012bvie kr\u0101sainie praktiskie z\u012bmu\u013ci ir rad\u012bti super smart 2-in-1 stil\u0101: vien\u0101 pen\u0101l\u012b divreiz vair\u0101k kr\u0101su! Ergonomiska tr\u012bsst\u016bra forma nodro\u0161ina lab\u0101ku satv\u0113rienu. Color\u2019Peps kr\u0101so\u0161anas z\u012bmu\u013ciem ir m\u012bksts un iztur\u012bgs serdenis (d=2,9mm), ko ir viegli asin\u0101t.\" \/>\n<meta property=\"og:url\" content=\"https:\/\/hobstop.ee\/lv\/produkts\/krasainais-zimulis-maped-colorpeps-duo\/\" \/>\n<meta property=\"og:site_name\" content=\"Skizze\" \/>\n<meta property=\"article:publisher\" content=\"http:\/\/www.facebook.com\/VunderSkizze\" \/>\n<meta property=\"article:modified_time\" content=\"-0001-11-30T00:00:00+00:00\" \/>\n<meta property=\"og:image\" content=\"https:\/\/hobstop.ee\/media\/2720.jpg\" \/>\n\t<meta property=\"og:image:width\" content=\"1024\" \/>\n\t<meta property=\"og:image:height\" content=\"768\" \/>\n\t<meta property=\"og:image:type\" content=\"image\/jpeg\" \/>\n<meta name=\"twitter:card\" content=\"summary_large_image\" \/>\n<script type=\"application\/ld+json\" class=\"yoast-schema-graph\">{\"@context\":\"https:\/\/schema.org\",\"@graph\":[{\"@type\":\"WebPage\",\"@id\":\"https:\/\/hobstop.ee\/lv\/produkts\/krasainais-zimulis-maped-colorpeps-duo\/\",\"url\":\"https:\/\/hobstop.ee\/lv\/produkts\/krasainais-zimulis-maped-colorpeps-duo\/\",\"name\":\"Kr\u0101sainais z\u012bmulis Maped Color'Peps Duo &#8211; Skizze\",\"isPartOf\":{\"@id\":\"https:\/\/hobstop.ee\/lv\/#website\"},\"primaryImageOfPage\":{\"@id\":\"https:\/\/hobstop.ee\/lv\/produkts\/krasainais-zimulis-maped-colorpeps-duo\/#primaryimage\"},\"image\":{\"@id\":\"https:\/\/hobstop.ee\/lv\/produkts\/krasainais-zimulis-maped-colorpeps-duo\/#primaryimage\"},\"thumbnailUrl\":\"https:\/\/hobstop.ee\/media\/2720.jpg\",\"datePublished\":\"2014-12-09T11:01:02+00:00\",\"dateModified\":\"-0001-11-30T00:00:00+00:00\",\"breadcrumb\":{\"@id\":\"https:\/\/hobstop.ee\/lv\/produkts\/krasainais-zimulis-maped-colorpeps-duo\/#breadcrumb\"},\"inLanguage\":\"lv-LV\",\"potentialAction\":[{\"@type\":\"ReadAction\",\"target\":[\"https:\/\/hobstop.ee\/lv\/produkts\/krasainais-zimulis-maped-colorpeps-duo\/\"]}]},{\"@type\":\"ImageObject\",\"inLanguage\":\"lv-LV\",\"@id\":\"https:\/\/hobstop.ee\/lv\/produkts\/krasainais-zimulis-maped-colorpeps-duo\/#primaryimage\",\"url\":\"https:\/\/hobstop.ee\/media\/2720.jpg\",\"contentUrl\":\"https:\/\/hobstop.ee\/media\/2720.jpg\",\"width\":1024,\"height\":768},{\"@type\":\"BreadcrumbList\",\"@id\":\"https:\/\/hobstop.ee\/lv\/produkts\/krasainais-zimulis-maped-colorpeps-duo\/#breadcrumb\",\"itemListElement\":[{\"@type\":\"ListItem\",\"position\":1,\"name\":\"Avaleht\",\"item\":\"https:\/\/www.hobstop.ee\/lv\/\"},{\"@type\":\"ListItem\",\"position\":2,\"name\":\"Veikals\",\"item\":\"https:\/\/www.hobstop.ee\/lv\/veikals\/\"},{\"@type\":\"ListItem\",\"position\":3,\"name\":\"Kr\u0101sainais z\u012bmulis Maped Color&#8217;Peps Duo\"}]},{\"@type\":\"WebSite\",\"@id\":\"https:\/\/hobstop.ee\/lv\/#website\",\"url\":\"https:\/\/hobstop.ee\/lv\/\",\"name\":\"Skizze\",\"description\":\"M\u0101kslas, hobiju un skolas preces\",\"publisher\":{\"@id\":\"https:\/\/hobstop.ee\/lv\/#organization\"},\"potentialAction\":[{\"@type\":\"SearchAction\",\"target\":{\"@type\":\"EntryPoint\",\"urlTemplate\":\"https:\/\/hobstop.ee\/lv\/?s={search_term_string}\"},\"query-input\":{\"@type\":\"PropertyValueSpecification\",\"valueRequired\":true,\"valueName\":\"search_term_string\"}}],\"inLanguage\":\"lv-LV\"},{\"@type\":\"Organization\",\"@id\":\"https:\/\/hobstop.ee\/lv\/#organization\",\"name\":\"Vunder AS\",\"url\":\"https:\/\/hobstop.ee\/lv\/\",\"logo\":{\"@type\":\"ImageObject\",\"inLanguage\":\"lv-LV\",\"@id\":\"https:\/\/hobstop.ee\/lv\/#\/schema\/logo\/image\/\",\"url\":\"https:\/\/hobstop.ee\/media\/vunder-logo.png\",\"contentUrl\":\"https:\/\/hobstop.ee\/media\/vunder-logo.png\",\"width\":127,\"height\":55,\"caption\":\"Vunder AS\"},\"image\":{\"@id\":\"https:\/\/hobstop.ee\/lv\/#\/schema\/logo\/image\/\"},\"sameAs\":[\"http:\/\/www.facebook.com\/VunderSkizze\"]}]}<\/script>\n<!-- \/ Yoast SEO plugin. -->","yoast_head_json":{"title":"Kr\u0101sainais z\u012bmulis Maped Color'Peps Duo &#8211; Skizze","robots":{"index":"noindex","follow":"follow","max-snippet":"max-snippet:-1","max-image-preview":"max-image-preview:large","max-video-preview":"max-video-preview:-1"},"og_locale":"lv_LV","og_type":"article","og_title":"Kr\u0101sainais z\u012bmulis Maped Color'Peps Duo &#8211; Skizze","og_description":"Maped Color\u2019Peps Duo kvalitat\u012bvie kr\u0101sainie praktiskie z\u012bmu\u013ci ir rad\u012bti super smart 2-in-1 stil\u0101: vien\u0101 pen\u0101l\u012b divreiz vair\u0101k kr\u0101su! Ergonomiska tr\u012bsst\u016bra forma nodro\u0161ina lab\u0101ku satv\u0113rienu. Color\u2019Peps kr\u0101so\u0161anas z\u012bmu\u013ciem ir m\u012bksts un iztur\u012bgs serdenis (d=2,9mm), ko ir viegli asin\u0101t.","og_url":"https:\/\/hobstop.ee\/lv\/produkts\/krasainais-zimulis-maped-colorpeps-duo\/","og_site_name":"Skizze","article_publisher":"http:\/\/www.facebook.com\/VunderSkizze","article_modified_time":"-0001-11-30T00:00:00+00:00","og_image":[{"width":1024,"height":768,"url":"https:\/\/hobstop.ee\/media\/2720.jpg","type":"image\/jpeg"}],"twitter_card":"summary_large_image","schema":{"@context":"https:\/\/schema.org","@graph":[{"@type":"WebPage","@id":"https:\/\/hobstop.ee\/lv\/produkts\/krasainais-zimulis-maped-colorpeps-duo\/","url":"https:\/\/hobstop.ee\/lv\/produkts\/krasainais-zimulis-maped-colorpeps-duo\/","name":"Kr\u0101sainais z\u012bmulis Maped Color'Peps Duo &#8211; Skizze","isPartOf":{"@id":"https:\/\/hobstop.ee\/lv\/#website"},"primaryImageOfPage":{"@id":"https:\/\/hobstop.ee\/lv\/produkts\/krasainais-zimulis-maped-colorpeps-duo\/#primaryimage"},"image":{"@id":"https:\/\/hobstop.ee\/lv\/produkts\/krasainais-zimulis-maped-colorpeps-duo\/#primaryimage"},"thumbnailUrl":"https:\/\/hobstop.ee\/media\/2720.jpg","datePublished":"2014-12-09T11:01:02+00:00","dateModified":"-0001-11-30T00:00:00+00:00","breadcrumb":{"@id":"https:\/\/hobstop.ee\/lv\/produkts\/krasainais-zimulis-maped-colorpeps-duo\/#breadcrumb"},"inLanguage":"lv-LV","potentialAction":[{"@type":"ReadAction","target":["https:\/\/hobstop.ee\/lv\/produkts\/krasainais-zimulis-maped-colorpeps-duo\/"]}]},{"@type":"ImageObject","inLanguage":"lv-LV","@id":"https:\/\/hobstop.ee\/lv\/produkts\/krasainais-zimulis-maped-colorpeps-duo\/#primaryimage","url":"https:\/\/hobstop.ee\/media\/2720.jpg","contentUrl":"https:\/\/hobstop.ee\/media\/2720.jpg","width":1024,"height":768},{"@type":"BreadcrumbList","@id":"https:\/\/hobstop.ee\/lv\/produkts\/krasainais-zimulis-maped-colorpeps-duo\/#breadcrumb","itemListElement":[{"@type":"ListItem","position":1,"name":"Avaleht","item":"https:\/\/www.hobstop.ee\/lv\/"},{"@type":"ListItem","position":2,"name":"Veikals","item":"https:\/\/www.hobstop.ee\/lv\/veikals\/"},{"@type":"ListItem","position":3,"name":"Kr\u0101sainais z\u012bmulis Maped Color&#8217;Peps Duo"}]},{"@type":"WebSite","@id":"https:\/\/hobstop.ee\/lv\/#website","url":"https:\/\/hobstop.ee\/lv\/","name":"Skizze","description":"M\u0101kslas, hobiju un skolas preces","publisher":{"@id":"https:\/\/hobstop.ee\/lv\/#organization"},"potentialAction":[{"@type":"SearchAction","target":{"@type":"EntryPoint","urlTemplate":"https:\/\/hobstop.ee\/lv\/?s={search_term_string}"},"query-input":{"@type":"PropertyValueSpecification","valueRequired":true,"valueName":"search_term_string"}}],"inLanguage":"lv-LV"},{"@type":"Organization","@id":"https:\/\/hobstop.ee\/lv\/#organization","name":"Vunder AS","url":"https:\/\/hobstop.ee\/lv\/","logo":{"@type":"ImageObject","inLanguage":"lv-LV","@id":"https:\/\/hobstop.ee\/lv\/#\/schema\/logo\/image\/","url":"https:\/\/hobstop.ee\/media\/vunder-logo.png","contentUrl":"https:\/\/hobstop.ee\/media\/vunder-logo.png","width":127,"height":55,"caption":"Vunder AS"},"image":{"@id":"https:\/\/hobstop.ee\/lv\/#\/schema\/logo\/image\/"},"sameAs":["http:\/\/www.facebook.com\/VunderSkizze"]}]}},"_links":{"self":[{"href":"https:\/\/hobstop.ee\/lv\/wp-json\/wp\/v2\/product\/61781","targetHints":{"allow":["GET"]}}],"collection":[{"href":"https:\/\/hobstop.ee\/lv\/wp-json\/wp\/v2\/product"}],"about":[{"href":"https:\/\/hobstop.ee\/lv\/wp-json\/wp\/v2\/types\/product"}],"replies":[{"embeddable":true,"href":"https:\/\/hobstop.ee\/lv\/wp-json\/wp\/v2\/comments?post=61781"}],"wp:featuredmedia":[{"embeddable":true,"href":"https:\/\/hobstop.ee\/lv\/wp-json\/wp\/v2\/media\/353695"}],"wp:attachment":[{"href":"https:\/\/hobstop.ee\/lv\/wp-json\/wp\/v2\/media?parent=61781"}],"wp:term":[{"taxonomy":"product_cat","embeddable":true,"href":"https:\/\/hobstop.ee\/lv\/wp-json\/wp\/v2\/product_cat?post=61781"},{"taxonomy":"product_tag","embeddable":true,"href":"https:\/\/hobstop.ee\/lv\/wp-json\/wp\/v2\/product_tag?post=61781"}],"curies":[{"name":"wp","href":"https:\/\/api.w.org\/{rel}","templated":true}]}}