{"id":61804,"date":"2014-12-09T13:01:08","date_gmt":"2014-12-09T11:01:08","guid":{"rendered":"https:\/\/sharks.ee\/vunder_2019.klient.veebimajutus.ee\/?post_type=product&p=61804"},"modified":"2014-12-09T13:01:08","modified_gmt":"2014-12-09T10:01:08","slug":"litografijas-drukasanas-papirs-canson-edition-250g","status":"publish","type":"product","link":"https:\/\/hobstop.ee\/lv\/produkts\/litografijas-drukasanas-papirs-canson-edition-250g\/","title":{"rendered":"Litogr\u0101fijas druk\u0101\u0161anas pap\u012brs Canson Edition 250g"},"content":{"rendered":"<p>Canson Edition ir 100% kokvilnas pap\u012brs, kura ilgm\u016b\u017e\u012bbas \u012bpa\u0161\u012bbas atbilst ISO 9706 standarta pras\u012bb\u0101m, un tas nodro\u0161ina optim\u0101lu darbu saglab\u0101\u0161anu. Tam ir at\u0161\u0137ir\u012bga loksnes pu\u0161u strukt\u016bra \u2013 viena puse gluda, otra \u2013 ar nelielu tekst\u016bru. \u0160is vispus\u012bgais produkts ir lieliski piem\u0113rots gan z\u012bm\u0113\u0161anai, gan tradicion\u0101laj\u0101m spiedes tehnik\u0101m.<br \/>\nIde\u0101li piem\u0113rots: z\u012bm\u0113\u0161anai, litogr\u0101fijai, ofseta drukai, reljefai drukai (intaglio), poligr\u0101fijai<br \/>\nPiem\u0113rots ar\u012b: trafaretdrukai<\/p>\n","protected":false},"excerpt":{"rendered":"<p>Canson Edition ir 100% kokvilnas pap\u012brs, kura ilgm\u016b\u017e\u012bbas \u012bpa\u0161\u012bbas atbilst ISO 9706 standarta pras\u012bb\u0101m, un tas nodro\u0161ina optim\u0101lu darbu saglab\u0101\u0161anu. Tam ir at\u0161\u0137ir\u012bga loksnes pu\u0161u strukt\u016bra \u2013 viena puse gluda, otra \u2013 ar nelielu tekst\u016bru. \u0160is vispus\u012bgais produkts ir lieliski piem\u0113rots gan z\u012bm\u0113\u0161anai, gan tradicion\u0101laj\u0101m spiedes tehnik\u0101m. Ide\u0101li piem\u0113rots: z\u012bm\u0113\u0161anai, litogr\u0101fijai, ofseta drukai, reljefai drukai (intaglio), poligr\u0101fijai Piem\u0113rots ar\u012b: trafaretdrukai<\/p>\n","protected":false},"featured_media":105342,"comment_status":"closed","ping_status":"closed","template":"","meta":{"_acf_changed":false,"ep_exclude_from_search":false},"product_cat":[17992,18943,17921],"product_tag":[],"class_list":{"0":"post-61804","1":"product","2":"type-product","3":"status-publish","4":"has-post-thumbnail","6":"product_cat-drukas-papirs-3","7":"product_cat-makslas-papirs-un-kartons-2","8":"product_cat-papira-izstradajumi","10":"first","11":"instock","12":"taxable","13":"shipping-taxable","14":"purchasable","15":"product-type-variable"},"acf":[],"yoast_head":"<!-- This site is optimized with the Yoast SEO plugin v24.1 - https:\/\/yoast.com\/wordpress\/plugins\/seo\/ -->\n<title>Litogr\u0101fijas druk\u0101\u0161anas pap\u012brs Canson Edition 250g &#8211; Skizze<\/title>\n<meta name=\"robots\" content=\"noindex, follow, max-snippet:-1, max-image-preview:large, max-video-preview:-1\" \/>\n<meta property=\"og:locale\" content=\"lv_LV\" \/>\n<meta property=\"og:type\" content=\"article\" \/>\n<meta property=\"og:title\" content=\"Litogr\u0101fijas druk\u0101\u0161anas pap\u012brs Canson Edition 250g &#8211; Skizze\" \/>\n<meta property=\"og:description\" content=\"Canson Edition ir 100% kokvilnas pap\u012brs, kura ilgm\u016b\u017e\u012bbas \u012bpa\u0161\u012bbas atbilst ISO 9706 standarta pras\u012bb\u0101m, un tas nodro\u0161ina optim\u0101lu darbu saglab\u0101\u0161anu. Tam ir at\u0161\u0137ir\u012bga loksnes pu\u0161u strukt\u016bra \u2013 viena puse gluda, otra \u2013 ar nelielu tekst\u016bru. \u0160is vispus\u012bgais produkts ir lieliski piem\u0113rots gan z\u012bm\u0113\u0161anai, gan tradicion\u0101laj\u0101m spiedes tehnik\u0101m. Ide\u0101li piem\u0113rots: z\u012bm\u0113\u0161anai, litogr\u0101fijai, ofseta drukai, reljefai drukai (intaglio), poligr\u0101fijai Piem\u0113rots ar\u012b: trafaretdrukai\" \/>\n<meta property=\"og:url\" content=\"https:\/\/hobstop.ee\/lv\/produkts\/litografijas-drukasanas-papirs-canson-edition-250g\/\" \/>\n<meta property=\"og:site_name\" content=\"Skizze\" \/>\n<meta property=\"article:publisher\" content=\"http:\/\/www.facebook.com\/VunderSkizze\" \/>\n<meta property=\"article:modified_time\" content=\"-0001-11-30T00:00:00+00:00\" \/>\n<meta property=\"og:image\" content=\"https:\/\/hobstop.ee\/media\/2760.jpg\" \/>\n\t<meta property=\"og:image:width\" content=\"1024\" \/>\n\t<meta property=\"og:image:height\" content=\"768\" \/>\n\t<meta property=\"og:image:type\" content=\"image\/jpeg\" \/>\n<meta name=\"twitter:card\" content=\"summary_large_image\" \/>\n<script type=\"application\/ld+json\" class=\"yoast-schema-graph\">{\"@context\":\"https:\/\/schema.org\",\"@graph\":[{\"@type\":\"WebPage\",\"@id\":\"https:\/\/hobstop.ee\/lv\/produkts\/litografijas-drukasanas-papirs-canson-edition-250g\/\",\"url\":\"https:\/\/hobstop.ee\/lv\/produkts\/litografijas-drukasanas-papirs-canson-edition-250g\/\",\"name\":\"Litogr\u0101fijas druk\u0101\u0161anas pap\u012brs Canson Edition 250g &#8211; Skizze\",\"isPartOf\":{\"@id\":\"https:\/\/hobstop.ee\/lv\/#website\"},\"primaryImageOfPage\":{\"@id\":\"https:\/\/hobstop.ee\/lv\/produkts\/litografijas-drukasanas-papirs-canson-edition-250g\/#primaryimage\"},\"image\":{\"@id\":\"https:\/\/hobstop.ee\/lv\/produkts\/litografijas-drukasanas-papirs-canson-edition-250g\/#primaryimage\"},\"thumbnailUrl\":\"https:\/\/hobstop.ee\/media\/2760.jpg\",\"datePublished\":\"2014-12-09T11:01:08+00:00\",\"dateModified\":\"-0001-11-30T00:00:00+00:00\",\"breadcrumb\":{\"@id\":\"https:\/\/hobstop.ee\/lv\/produkts\/litografijas-drukasanas-papirs-canson-edition-250g\/#breadcrumb\"},\"inLanguage\":\"lv-LV\",\"potentialAction\":[{\"@type\":\"ReadAction\",\"target\":[\"https:\/\/hobstop.ee\/lv\/produkts\/litografijas-drukasanas-papirs-canson-edition-250g\/\"]}]},{\"@type\":\"ImageObject\",\"inLanguage\":\"lv-LV\",\"@id\":\"https:\/\/hobstop.ee\/lv\/produkts\/litografijas-drukasanas-papirs-canson-edition-250g\/#primaryimage\",\"url\":\"https:\/\/hobstop.ee\/media\/2760.jpg\",\"contentUrl\":\"https:\/\/hobstop.ee\/media\/2760.jpg\",\"width\":1024,\"height\":768},{\"@type\":\"BreadcrumbList\",\"@id\":\"https:\/\/hobstop.ee\/lv\/produkts\/litografijas-drukasanas-papirs-canson-edition-250g\/#breadcrumb\",\"itemListElement\":[{\"@type\":\"ListItem\",\"position\":1,\"name\":\"Avaleht\",\"item\":\"https:\/\/hobstop.ee\/lv\/\"},{\"@type\":\"ListItem\",\"position\":2,\"name\":\"Veikals\",\"item\":\"https:\/\/hobstop.ee\/lv\/veikals\/\"},{\"@type\":\"ListItem\",\"position\":3,\"name\":\"Litogr\u0101fijas druk\u0101\u0161anas pap\u012brs Canson Edition 250g\"}]},{\"@type\":\"WebSite\",\"@id\":\"https:\/\/hobstop.ee\/lv\/#website\",\"url\":\"https:\/\/hobstop.ee\/lv\/\",\"name\":\"Skizze\",\"description\":\"M\u0101kslas, hobiju un skolas preces\",\"publisher\":{\"@id\":\"https:\/\/hobstop.ee\/lv\/#organization\"},\"potentialAction\":[{\"@type\":\"SearchAction\",\"target\":{\"@type\":\"EntryPoint\",\"urlTemplate\":\"https:\/\/hobstop.ee\/lv\/?s={search_term_string}\"},\"query-input\":{\"@type\":\"PropertyValueSpecification\",\"valueRequired\":true,\"valueName\":\"search_term_string\"}}],\"inLanguage\":\"lv-LV\"},{\"@type\":\"Organization\",\"@id\":\"https:\/\/hobstop.ee\/lv\/#organization\",\"name\":\"Vunder AS\",\"url\":\"https:\/\/hobstop.ee\/lv\/\",\"logo\":{\"@type\":\"ImageObject\",\"inLanguage\":\"lv-LV\",\"@id\":\"https:\/\/hobstop.ee\/lv\/#\/schema\/logo\/image\/\",\"url\":\"https:\/\/hobstop.ee\/media\/vunder-logo.png\",\"contentUrl\":\"https:\/\/hobstop.ee\/media\/vunder-logo.png\",\"width\":127,\"height\":55,\"caption\":\"Vunder AS\"},\"image\":{\"@id\":\"https:\/\/hobstop.ee\/lv\/#\/schema\/logo\/image\/\"},\"sameAs\":[\"http:\/\/www.facebook.com\/VunderSkizze\"]}]}<\/script>\n<!-- \/ Yoast SEO plugin. -->","yoast_head_json":{"title":"Litogr\u0101fijas druk\u0101\u0161anas pap\u012brs Canson Edition 250g &#8211; Skizze","robots":{"index":"noindex","follow":"follow","max-snippet":"max-snippet:-1","max-image-preview":"max-image-preview:large","max-video-preview":"max-video-preview:-1"},"og_locale":"lv_LV","og_type":"article","og_title":"Litogr\u0101fijas druk\u0101\u0161anas pap\u012brs Canson Edition 250g &#8211; Skizze","og_description":"Canson Edition ir 100% kokvilnas pap\u012brs, kura ilgm\u016b\u017e\u012bbas \u012bpa\u0161\u012bbas atbilst ISO 9706 standarta pras\u012bb\u0101m, un tas nodro\u0161ina optim\u0101lu darbu saglab\u0101\u0161anu. Tam ir at\u0161\u0137ir\u012bga loksnes pu\u0161u strukt\u016bra \u2013 viena puse gluda, otra \u2013 ar nelielu tekst\u016bru. \u0160is vispus\u012bgais produkts ir lieliski piem\u0113rots gan z\u012bm\u0113\u0161anai, gan tradicion\u0101laj\u0101m spiedes tehnik\u0101m. Ide\u0101li piem\u0113rots: z\u012bm\u0113\u0161anai, litogr\u0101fijai, ofseta drukai, reljefai drukai (intaglio), poligr\u0101fijai Piem\u0113rots ar\u012b: trafaretdrukai","og_url":"https:\/\/hobstop.ee\/lv\/produkts\/litografijas-drukasanas-papirs-canson-edition-250g\/","og_site_name":"Skizze","article_publisher":"http:\/\/www.facebook.com\/VunderSkizze","article_modified_time":"-0001-11-30T00:00:00+00:00","og_image":[{"width":1024,"height":768,"url":"https:\/\/hobstop.ee\/media\/2760.jpg","type":"image\/jpeg"}],"twitter_card":"summary_large_image","schema":{"@context":"https:\/\/schema.org","@graph":[{"@type":"WebPage","@id":"https:\/\/hobstop.ee\/lv\/produkts\/litografijas-drukasanas-papirs-canson-edition-250g\/","url":"https:\/\/hobstop.ee\/lv\/produkts\/litografijas-drukasanas-papirs-canson-edition-250g\/","name":"Litogr\u0101fijas druk\u0101\u0161anas pap\u012brs Canson Edition 250g &#8211; Skizze","isPartOf":{"@id":"https:\/\/hobstop.ee\/lv\/#website"},"primaryImageOfPage":{"@id":"https:\/\/hobstop.ee\/lv\/produkts\/litografijas-drukasanas-papirs-canson-edition-250g\/#primaryimage"},"image":{"@id":"https:\/\/hobstop.ee\/lv\/produkts\/litografijas-drukasanas-papirs-canson-edition-250g\/#primaryimage"},"thumbnailUrl":"https:\/\/hobstop.ee\/media\/2760.jpg","datePublished":"2014-12-09T11:01:08+00:00","dateModified":"-0001-11-30T00:00:00+00:00","breadcrumb":{"@id":"https:\/\/hobstop.ee\/lv\/produkts\/litografijas-drukasanas-papirs-canson-edition-250g\/#breadcrumb"},"inLanguage":"lv-LV","potentialAction":[{"@type":"ReadAction","target":["https:\/\/hobstop.ee\/lv\/produkts\/litografijas-drukasanas-papirs-canson-edition-250g\/"]}]},{"@type":"ImageObject","inLanguage":"lv-LV","@id":"https:\/\/hobstop.ee\/lv\/produkts\/litografijas-drukasanas-papirs-canson-edition-250g\/#primaryimage","url":"https:\/\/hobstop.ee\/media\/2760.jpg","contentUrl":"https:\/\/hobstop.ee\/media\/2760.jpg","width":1024,"height":768},{"@type":"BreadcrumbList","@id":"https:\/\/hobstop.ee\/lv\/produkts\/litografijas-drukasanas-papirs-canson-edition-250g\/#breadcrumb","itemListElement":[{"@type":"ListItem","position":1,"name":"Avaleht","item":"https:\/\/hobstop.ee\/lv\/"},{"@type":"ListItem","position":2,"name":"Veikals","item":"https:\/\/hobstop.ee\/lv\/veikals\/"},{"@type":"ListItem","position":3,"name":"Litogr\u0101fijas druk\u0101\u0161anas pap\u012brs Canson Edition 250g"}]},{"@type":"WebSite","@id":"https:\/\/hobstop.ee\/lv\/#website","url":"https:\/\/hobstop.ee\/lv\/","name":"Skizze","description":"M\u0101kslas, hobiju un skolas preces","publisher":{"@id":"https:\/\/hobstop.ee\/lv\/#organization"},"potentialAction":[{"@type":"SearchAction","target":{"@type":"EntryPoint","urlTemplate":"https:\/\/hobstop.ee\/lv\/?s={search_term_string}"},"query-input":{"@type":"PropertyValueSpecification","valueRequired":true,"valueName":"search_term_string"}}],"inLanguage":"lv-LV"},{"@type":"Organization","@id":"https:\/\/hobstop.ee\/lv\/#organization","name":"Vunder AS","url":"https:\/\/hobstop.ee\/lv\/","logo":{"@type":"ImageObject","inLanguage":"lv-LV","@id":"https:\/\/hobstop.ee\/lv\/#\/schema\/logo\/image\/","url":"https:\/\/hobstop.ee\/media\/vunder-logo.png","contentUrl":"https:\/\/hobstop.ee\/media\/vunder-logo.png","width":127,"height":55,"caption":"Vunder AS"},"image":{"@id":"https:\/\/hobstop.ee\/lv\/#\/schema\/logo\/image\/"},"sameAs":["http:\/\/www.facebook.com\/VunderSkizze"]}]}},"_links":{"self":[{"href":"https:\/\/hobstop.ee\/lv\/wp-json\/wp\/v2\/product\/61804","targetHints":{"allow":["GET"]}}],"collection":[{"href":"https:\/\/hobstop.ee\/lv\/wp-json\/wp\/v2\/product"}],"about":[{"href":"https:\/\/hobstop.ee\/lv\/wp-json\/wp\/v2\/types\/product"}],"replies":[{"embeddable":true,"href":"https:\/\/hobstop.ee\/lv\/wp-json\/wp\/v2\/comments?post=61804"}],"wp:featuredmedia":[{"embeddable":true,"href":"https:\/\/hobstop.ee\/lv\/wp-json\/wp\/v2\/media\/105342"}],"wp:attachment":[{"href":"https:\/\/hobstop.ee\/lv\/wp-json\/wp\/v2\/media?parent=61804"}],"wp:term":[{"taxonomy":"product_cat","embeddable":true,"href":"https:\/\/hobstop.ee\/lv\/wp-json\/wp\/v2\/product_cat?post=61804"},{"taxonomy":"product_tag","embeddable":true,"href":"https:\/\/hobstop.ee\/lv\/wp-json\/wp\/v2\/product_tag?post=61804"}],"curies":[{"name":"wp","href":"https:\/\/api.w.org\/{rel}","templated":true}]}}