{"id":61831,"date":"2014-12-09T13:01:16","date_gmt":"2014-12-09T11:01:16","guid":{"rendered":"https:\/\/sharks.ee\/vunder_2019.klient.veebimajutus.ee\/?post_type=product&p=61831"},"modified":"2014-12-09T13:01:16","modified_gmt":"2014-12-09T10:01:16","slug":"sablons-marabu-3d-15x20cm","status":"publish","type":"product","link":"https:\/\/hobstop.ee\/lv\/produkts\/sablons-marabu-3d-15x20cm\/","title":{"rendered":"\u0160ablons Marabu 3D 15x20cm"},"content":{"rendered":"<p>0.5mm biezie, PVC nesaturo\u0161ie Marabu spiedogi ir ide\u0101li elegantu ornamentu veido\u0161anai uz sien\u0101m, m\u0113bel\u0113m, audumiem u.c. Pateicoties caursp\u012bd\u012bgajam poliestera materi\u0101lam, J\u016bs varat prec\u012bzi redz\u0113t spiedoga novieto\u0161anas vietu.  Spiedogi ir \u013coti iztur\u012bgi un kalpo ilgu laiku.  Marabu studij\u0101 izstr\u0101d\u0101tie dizaina elementi var tikt atk\u0101rtoti, veidojot dekorat\u012bvu apmali vai spogu\u013catt\u0113lu.<\/p>\n","protected":false},"excerpt":{"rendered":"<p>0.5mm biezie, PVC nesaturo\u0161ie Marabu spiedogi ir ide\u0101li elegantu ornamentu veido\u0161anai uz sien\u0101m, m\u0113bel\u0113m, audumiem u.c. Pateicoties caursp\u012bd\u012bgajam poliestera materi\u0101lam, J\u016bs varat prec\u012bzi redz\u0113t spiedoga novieto\u0161anas vietu. Spiedogi ir \u013coti iztur\u012bgi un kalpo ilgu laiku. Marabu studij\u0101 izstr\u0101d\u0101tie dizaina elementi var tikt atk\u0101rtoti, veidojot dekorat\u012bvu apmali vai spogu\u013catt\u0113lu.<\/p>\n","protected":false},"featured_media":0,"comment_status":"closed","ping_status":"closed","template":"","meta":{"_acf_changed":false,"ep_exclude_from_search":false},"product_cat":[17954,17918,20021],"product_tag":[],"class_list":{"0":"post-61831","1":"product","2":"type-product","3":"status-publish","5":"product_cat-decor-krasas-un-lakas","6":"product_cat-preces-hobijiem","7":"product_cat-sabloni-un-spiedogi","9":"first","10":"instock","11":"sale","12":"taxable","13":"shipping-taxable","14":"purchasable","15":"product-type-variable"},"acf":[],"yoast_head":"<!-- This site is optimized with the Yoast SEO plugin v24.1 - https:\/\/yoast.com\/wordpress\/plugins\/seo\/ -->\n<title>\u0160ablons Marabu 3D 15x20cm &#8211; Skizze<\/title>\n<meta name=\"robots\" content=\"noindex, follow, max-snippet:-1, max-image-preview:large, max-video-preview:-1\" \/>\n<meta property=\"og:locale\" content=\"lv_LV\" \/>\n<meta property=\"og:type\" content=\"article\" \/>\n<meta property=\"og:title\" content=\"\u0160ablons Marabu 3D 15x20cm &#8211; Skizze\" \/>\n<meta property=\"og:description\" content=\"0.5mm biezie, PVC nesaturo\u0161ie Marabu spiedogi ir ide\u0101li elegantu ornamentu veido\u0161anai uz sien\u0101m, m\u0113bel\u0113m, audumiem u.c. Pateicoties caursp\u012bd\u012bgajam poliestera materi\u0101lam, J\u016bs varat prec\u012bzi redz\u0113t spiedoga novieto\u0161anas vietu. Spiedogi ir \u013coti iztur\u012bgi un kalpo ilgu laiku. Marabu studij\u0101 izstr\u0101d\u0101tie dizaina elementi var tikt atk\u0101rtoti, veidojot dekorat\u012bvu apmali vai spogu\u013catt\u0113lu.\" \/>\n<meta property=\"og:url\" content=\"https:\/\/hobstop.ee\/lv\/produkts\/sablons-marabu-3d-15x20cm\/\" \/>\n<meta property=\"og:site_name\" content=\"Skizze\" \/>\n<meta property=\"article:publisher\" content=\"http:\/\/www.facebook.com\/VunderSkizze\" \/>\n<meta property=\"article:modified_time\" content=\"-0001-11-30T00:00:00+00:00\" \/>\n<meta name=\"twitter:card\" content=\"summary_large_image\" \/>\n<script type=\"application\/ld+json\" class=\"yoast-schema-graph\">{\"@context\":\"https:\/\/schema.org\",\"@graph\":[{\"@type\":\"WebPage\",\"@id\":\"https:\/\/hobstop.ee\/lv\/produkts\/sablons-marabu-3d-15x20cm\/\",\"url\":\"https:\/\/hobstop.ee\/lv\/produkts\/sablons-marabu-3d-15x20cm\/\",\"name\":\"\u0160ablons Marabu 3D 15x20cm &#8211; Skizze\",\"isPartOf\":{\"@id\":\"https:\/\/hobstop.ee\/lv\/#website\"},\"datePublished\":\"2014-12-09T11:01:16+00:00\",\"dateModified\":\"-0001-11-30T00:00:00+00:00\",\"breadcrumb\":{\"@id\":\"https:\/\/hobstop.ee\/lv\/produkts\/sablons-marabu-3d-15x20cm\/#breadcrumb\"},\"inLanguage\":\"lv-LV\",\"potentialAction\":[{\"@type\":\"ReadAction\",\"target\":[\"https:\/\/hobstop.ee\/lv\/produkts\/sablons-marabu-3d-15x20cm\/\"]}]},{\"@type\":\"BreadcrumbList\",\"@id\":\"https:\/\/hobstop.ee\/lv\/produkts\/sablons-marabu-3d-15x20cm\/#breadcrumb\",\"itemListElement\":[{\"@type\":\"ListItem\",\"position\":1,\"name\":\"Avaleht\",\"item\":\"https:\/\/www.hobstop.ee\/lv\/\"},{\"@type\":\"ListItem\",\"position\":2,\"name\":\"Veikals\",\"item\":\"https:\/\/www.hobstop.ee\/lv\/veikals\/\"},{\"@type\":\"ListItem\",\"position\":3,\"name\":\"\u0160ablons Marabu 3D 15x20cm\"}]},{\"@type\":\"WebSite\",\"@id\":\"https:\/\/hobstop.ee\/lv\/#website\",\"url\":\"https:\/\/hobstop.ee\/lv\/\",\"name\":\"Skizze\",\"description\":\"M\u0101kslas, hobiju un skolas preces\",\"publisher\":{\"@id\":\"https:\/\/hobstop.ee\/lv\/#organization\"},\"potentialAction\":[{\"@type\":\"SearchAction\",\"target\":{\"@type\":\"EntryPoint\",\"urlTemplate\":\"https:\/\/hobstop.ee\/lv\/?s={search_term_string}\"},\"query-input\":{\"@type\":\"PropertyValueSpecification\",\"valueRequired\":true,\"valueName\":\"search_term_string\"}}],\"inLanguage\":\"lv-LV\"},{\"@type\":\"Organization\",\"@id\":\"https:\/\/hobstop.ee\/lv\/#organization\",\"name\":\"Vunder AS\",\"url\":\"https:\/\/hobstop.ee\/lv\/\",\"logo\":{\"@type\":\"ImageObject\",\"inLanguage\":\"lv-LV\",\"@id\":\"https:\/\/hobstop.ee\/lv\/#\/schema\/logo\/image\/\",\"url\":\"https:\/\/hobstop.ee\/media\/vunder-logo.png\",\"contentUrl\":\"https:\/\/hobstop.ee\/media\/vunder-logo.png\",\"width\":127,\"height\":55,\"caption\":\"Vunder AS\"},\"image\":{\"@id\":\"https:\/\/hobstop.ee\/lv\/#\/schema\/logo\/image\/\"},\"sameAs\":[\"http:\/\/www.facebook.com\/VunderSkizze\"]}]}<\/script>\n<!-- \/ Yoast SEO plugin. -->","yoast_head_json":{"title":"\u0160ablons Marabu 3D 15x20cm &#8211; Skizze","robots":{"index":"noindex","follow":"follow","max-snippet":"max-snippet:-1","max-image-preview":"max-image-preview:large","max-video-preview":"max-video-preview:-1"},"og_locale":"lv_LV","og_type":"article","og_title":"\u0160ablons Marabu 3D 15x20cm &#8211; Skizze","og_description":"0.5mm biezie, PVC nesaturo\u0161ie Marabu spiedogi ir ide\u0101li elegantu ornamentu veido\u0161anai uz sien\u0101m, m\u0113bel\u0113m, audumiem u.c. Pateicoties caursp\u012bd\u012bgajam poliestera materi\u0101lam, J\u016bs varat prec\u012bzi redz\u0113t spiedoga novieto\u0161anas vietu. Spiedogi ir \u013coti iztur\u012bgi un kalpo ilgu laiku. Marabu studij\u0101 izstr\u0101d\u0101tie dizaina elementi var tikt atk\u0101rtoti, veidojot dekorat\u012bvu apmali vai spogu\u013catt\u0113lu.","og_url":"https:\/\/hobstop.ee\/lv\/produkts\/sablons-marabu-3d-15x20cm\/","og_site_name":"Skizze","article_publisher":"http:\/\/www.facebook.com\/VunderSkizze","article_modified_time":"-0001-11-30T00:00:00+00:00","twitter_card":"summary_large_image","schema":{"@context":"https:\/\/schema.org","@graph":[{"@type":"WebPage","@id":"https:\/\/hobstop.ee\/lv\/produkts\/sablons-marabu-3d-15x20cm\/","url":"https:\/\/hobstop.ee\/lv\/produkts\/sablons-marabu-3d-15x20cm\/","name":"\u0160ablons Marabu 3D 15x20cm &#8211; Skizze","isPartOf":{"@id":"https:\/\/hobstop.ee\/lv\/#website"},"datePublished":"2014-12-09T11:01:16+00:00","dateModified":"-0001-11-30T00:00:00+00:00","breadcrumb":{"@id":"https:\/\/hobstop.ee\/lv\/produkts\/sablons-marabu-3d-15x20cm\/#breadcrumb"},"inLanguage":"lv-LV","potentialAction":[{"@type":"ReadAction","target":["https:\/\/hobstop.ee\/lv\/produkts\/sablons-marabu-3d-15x20cm\/"]}]},{"@type":"BreadcrumbList","@id":"https:\/\/hobstop.ee\/lv\/produkts\/sablons-marabu-3d-15x20cm\/#breadcrumb","itemListElement":[{"@type":"ListItem","position":1,"name":"Avaleht","item":"https:\/\/www.hobstop.ee\/lv\/"},{"@type":"ListItem","position":2,"name":"Veikals","item":"https:\/\/www.hobstop.ee\/lv\/veikals\/"},{"@type":"ListItem","position":3,"name":"\u0160ablons Marabu 3D 15x20cm"}]},{"@type":"WebSite","@id":"https:\/\/hobstop.ee\/lv\/#website","url":"https:\/\/hobstop.ee\/lv\/","name":"Skizze","description":"M\u0101kslas, hobiju un skolas preces","publisher":{"@id":"https:\/\/hobstop.ee\/lv\/#organization"},"potentialAction":[{"@type":"SearchAction","target":{"@type":"EntryPoint","urlTemplate":"https:\/\/hobstop.ee\/lv\/?s={search_term_string}"},"query-input":{"@type":"PropertyValueSpecification","valueRequired":true,"valueName":"search_term_string"}}],"inLanguage":"lv-LV"},{"@type":"Organization","@id":"https:\/\/hobstop.ee\/lv\/#organization","name":"Vunder AS","url":"https:\/\/hobstop.ee\/lv\/","logo":{"@type":"ImageObject","inLanguage":"lv-LV","@id":"https:\/\/hobstop.ee\/lv\/#\/schema\/logo\/image\/","url":"https:\/\/hobstop.ee\/media\/vunder-logo.png","contentUrl":"https:\/\/hobstop.ee\/media\/vunder-logo.png","width":127,"height":55,"caption":"Vunder AS"},"image":{"@id":"https:\/\/hobstop.ee\/lv\/#\/schema\/logo\/image\/"},"sameAs":["http:\/\/www.facebook.com\/VunderSkizze"]}]}},"_links":{"self":[{"href":"https:\/\/hobstop.ee\/lv\/wp-json\/wp\/v2\/product\/61831","targetHints":{"allow":["GET"]}}],"collection":[{"href":"https:\/\/hobstop.ee\/lv\/wp-json\/wp\/v2\/product"}],"about":[{"href":"https:\/\/hobstop.ee\/lv\/wp-json\/wp\/v2\/types\/product"}],"replies":[{"embeddable":true,"href":"https:\/\/hobstop.ee\/lv\/wp-json\/wp\/v2\/comments?post=61831"}],"wp:attachment":[{"href":"https:\/\/hobstop.ee\/lv\/wp-json\/wp\/v2\/media?parent=61831"}],"wp:term":[{"taxonomy":"product_cat","embeddable":true,"href":"https:\/\/hobstop.ee\/lv\/wp-json\/wp\/v2\/product_cat?post=61831"},{"taxonomy":"product_tag","embeddable":true,"href":"https:\/\/hobstop.ee\/lv\/wp-json\/wp\/v2\/product_tag?post=61831"}],"curies":[{"name":"wp","href":"https:\/\/api.w.org\/{rel}","templated":true}]}}