{"id":61848,"date":"2014-12-09T13:01:21","date_gmt":"2014-12-09T11:01:21","guid":{"rendered":"https:\/\/sharks.ee\/vunder_2019.klient.veebimajutus.ee\/?post_type=product&p=61848"},"modified":"2014-12-09T13:01:21","modified_gmt":"2014-12-09T10:01:21","slug":"ota-marabu-decorationhobby-196-plakana","status":"publish","type":"product","link":"https:\/\/hobstop.ee\/lv\/produkts\/ota-marabu-decorationhobby-196-plakana\/","title":{"rendered":"Ota Marabu Decoration&#038;Hobby 196 plakana"},"content":{"rendered":"<p>Marabu Decoration&#038;Hobby sint\u0113tisk\u0101 ota nodro\u0161ina \u012bpa\u0161i vienm\u0113r\u012bgu un gludu kr\u0101sas kl\u0101\u0161anu. T\u0101 ir ide\u0101li piem\u0113rota lielu laukumu kr\u0101so\u0161anai, k\u0101 ar\u012b grunts un lakas uzkl\u0101\u0161anai.  Ota ir ide\u0101li piem\u0113rota \u0161\u0137idru un pastas konsistences kr\u0101su kl\u0101\u0161anai un var tik izmantota da\u017e\u0101du kr\u0101su, piem\u0113ram, glaz\u016bru, akrila kr\u0101su, tekstila kr\u0101su, dekup\u0101\u017eas tehnikas l\u012bdzek\u013cu uzkl\u0101\u0161anai.  Plat\u0101 ota ir \u012bpa\u0161i piem\u0113rota lielu laukumu kr\u0101so\u0161anai, k\u0101 ar\u012b grunts un lakas kl\u0101\u0161anai.<\/p>\n","protected":false},"excerpt":{"rendered":"<p>Marabu Decoration&#038;Hobby sint\u0113tisk\u0101 ota nodro\u0161ina \u012bpa\u0161i vienm\u0113r\u012bgu un gludu kr\u0101sas kl\u0101\u0161anu. T\u0101 ir ide\u0101li piem\u0113rota lielu laukumu kr\u0101so\u0161anai, k\u0101 ar\u012b grunts un lakas uzkl\u0101\u0161anai. Ota ir ide\u0101li piem\u0113rota \u0161\u0137idru un pastas konsistences kr\u0101su kl\u0101\u0161anai un var tik izmantota da\u017e\u0101du kr\u0101su, piem\u0113ram, glaz\u016bru, akrila kr\u0101su, tekstila kr\u0101su, dekup\u0101\u017eas tehnikas l\u012bdzek\u013cu uzkl\u0101\u0161anai. Plat\u0101 ota ir \u012bpa\u0161i piem\u0113rota lielu laukumu kr\u0101so\u0161anai, k\u0101 ar\u012b grunts un lakas kl\u0101\u0161anai.<\/p>\n","protected":false},"featured_media":147465,"comment_status":"closed","ping_status":"closed","template":"","meta":{"_acf_changed":false,"ep_exclude_from_search":false},"product_cat":[16176,17918,18177],"product_tag":[],"class_list":{"0":"post-61848","1":"product","2":"type-product","3":"status-publish","4":"has-post-thumbnail","6":"product_cat-otas-3","7":"product_cat-preces-hobijiem","8":"product_cat-sintetiskas-otas-3","10":"first","11":"instock","12":"taxable","13":"shipping-taxable","14":"purchasable","15":"product-type-variable"},"acf":[],"yoast_head":"<!-- This site is optimized with the Yoast SEO plugin v24.1 - https:\/\/yoast.com\/wordpress\/plugins\/seo\/ -->\n<title>Ota Marabu Decoration&amp;Hobby 196 plakana &#8211; Skizze<\/title>\n<meta name=\"robots\" content=\"noindex, follow, max-snippet:-1, max-image-preview:large, max-video-preview:-1\" \/>\n<meta property=\"og:locale\" content=\"lv_LV\" \/>\n<meta property=\"og:type\" content=\"article\" \/>\n<meta property=\"og:title\" content=\"Ota Marabu Decoration&amp;Hobby 196 plakana &#8211; Skizze\" \/>\n<meta property=\"og:description\" content=\"Marabu Decoration&#038;Hobby sint\u0113tisk\u0101 ota nodro\u0161ina \u012bpa\u0161i vienm\u0113r\u012bgu un gludu kr\u0101sas kl\u0101\u0161anu. T\u0101 ir ide\u0101li piem\u0113rota lielu laukumu kr\u0101so\u0161anai, k\u0101 ar\u012b grunts un lakas uzkl\u0101\u0161anai. Ota ir ide\u0101li piem\u0113rota \u0161\u0137idru un pastas konsistences kr\u0101su kl\u0101\u0161anai un var tik izmantota da\u017e\u0101du kr\u0101su, piem\u0113ram, glaz\u016bru, akrila kr\u0101su, tekstila kr\u0101su, dekup\u0101\u017eas tehnikas l\u012bdzek\u013cu uzkl\u0101\u0161anai. Plat\u0101 ota ir \u012bpa\u0161i piem\u0113rota lielu laukumu kr\u0101so\u0161anai, k\u0101 ar\u012b grunts un lakas kl\u0101\u0161anai.\" \/>\n<meta property=\"og:url\" content=\"https:\/\/hobstop.ee\/lv\/produkts\/ota-marabu-decorationhobby-196-plakana\/\" \/>\n<meta property=\"og:site_name\" content=\"Skizze\" \/>\n<meta property=\"article:publisher\" content=\"http:\/\/www.facebook.com\/VunderSkizze\" \/>\n<meta property=\"article:modified_time\" content=\"-0001-11-30T00:00:00+00:00\" \/>\n<meta property=\"og:image\" content=\"https:\/\/www.hobstop.ee\/media\/2792.jpg\" \/>\n\t<meta property=\"og:image:width\" content=\"1024\" \/>\n\t<meta property=\"og:image:height\" content=\"768\" \/>\n\t<meta property=\"og:image:type\" content=\"image\/jpeg\" \/>\n<meta name=\"twitter:card\" content=\"summary_large_image\" \/>\n<script type=\"application\/ld+json\" class=\"yoast-schema-graph\">{\"@context\":\"https:\/\/schema.org\",\"@graph\":[{\"@type\":\"WebPage\",\"@id\":\"https:\/\/hobstop.ee\/lv\/produkts\/ota-marabu-decorationhobby-196-plakana\/\",\"url\":\"https:\/\/hobstop.ee\/lv\/produkts\/ota-marabu-decorationhobby-196-plakana\/\",\"name\":\"Ota Marabu Decoration&Hobby 196 plakana &#8211; Skizze\",\"isPartOf\":{\"@id\":\"https:\/\/hobstop.ee\/lv\/#website\"},\"primaryImageOfPage\":{\"@id\":\"https:\/\/hobstop.ee\/lv\/produkts\/ota-marabu-decorationhobby-196-plakana\/#primaryimage\"},\"image\":{\"@id\":\"https:\/\/hobstop.ee\/lv\/produkts\/ota-marabu-decorationhobby-196-plakana\/#primaryimage\"},\"thumbnailUrl\":\"https:\/\/hobstop.ee\/media\/2792.jpg\",\"datePublished\":\"2014-12-09T11:01:21+00:00\",\"dateModified\":\"-0001-11-30T00:00:00+00:00\",\"breadcrumb\":{\"@id\":\"https:\/\/hobstop.ee\/lv\/produkts\/ota-marabu-decorationhobby-196-plakana\/#breadcrumb\"},\"inLanguage\":\"lv-LV\",\"potentialAction\":[{\"@type\":\"ReadAction\",\"target\":[\"https:\/\/hobstop.ee\/lv\/produkts\/ota-marabu-decorationhobby-196-plakana\/\"]}]},{\"@type\":\"ImageObject\",\"inLanguage\":\"lv-LV\",\"@id\":\"https:\/\/hobstop.ee\/lv\/produkts\/ota-marabu-decorationhobby-196-plakana\/#primaryimage\",\"url\":\"https:\/\/hobstop.ee\/media\/2792.jpg\",\"contentUrl\":\"https:\/\/hobstop.ee\/media\/2792.jpg\",\"width\":1024,\"height\":768},{\"@type\":\"BreadcrumbList\",\"@id\":\"https:\/\/hobstop.ee\/lv\/produkts\/ota-marabu-decorationhobby-196-plakana\/#breadcrumb\",\"itemListElement\":[{\"@type\":\"ListItem\",\"position\":1,\"name\":\"Avaleht\",\"item\":\"https:\/\/hobstop.ee\/lv\/\"},{\"@type\":\"ListItem\",\"position\":2,\"name\":\"Veikals\",\"item\":\"https:\/\/hobstop.ee\/lv\/veikals\/\"},{\"@type\":\"ListItem\",\"position\":3,\"name\":\"Ota Marabu Decoration&#038;Hobby 196 plakana\"}]},{\"@type\":\"WebSite\",\"@id\":\"https:\/\/hobstop.ee\/lv\/#website\",\"url\":\"https:\/\/hobstop.ee\/lv\/\",\"name\":\"Skizze\",\"description\":\"M\u0101kslas, hobiju un skolas preces\",\"publisher\":{\"@id\":\"https:\/\/hobstop.ee\/lv\/#organization\"},\"potentialAction\":[{\"@type\":\"SearchAction\",\"target\":{\"@type\":\"EntryPoint\",\"urlTemplate\":\"https:\/\/hobstop.ee\/lv\/?s={search_term_string}\"},\"query-input\":{\"@type\":\"PropertyValueSpecification\",\"valueRequired\":true,\"valueName\":\"search_term_string\"}}],\"inLanguage\":\"lv-LV\"},{\"@type\":\"Organization\",\"@id\":\"https:\/\/hobstop.ee\/lv\/#organization\",\"name\":\"Vunder AS\",\"url\":\"https:\/\/hobstop.ee\/lv\/\",\"logo\":{\"@type\":\"ImageObject\",\"inLanguage\":\"lv-LV\",\"@id\":\"https:\/\/hobstop.ee\/lv\/#\/schema\/logo\/image\/\",\"url\":\"https:\/\/hobstop.ee\/media\/vunder-logo.png\",\"contentUrl\":\"https:\/\/hobstop.ee\/media\/vunder-logo.png\",\"width\":127,\"height\":55,\"caption\":\"Vunder AS\"},\"image\":{\"@id\":\"https:\/\/hobstop.ee\/lv\/#\/schema\/logo\/image\/\"},\"sameAs\":[\"http:\/\/www.facebook.com\/VunderSkizze\"]}]}<\/script>\n<!-- \/ Yoast SEO plugin. -->","yoast_head_json":{"title":"Ota Marabu Decoration&Hobby 196 plakana &#8211; Skizze","robots":{"index":"noindex","follow":"follow","max-snippet":"max-snippet:-1","max-image-preview":"max-image-preview:large","max-video-preview":"max-video-preview:-1"},"og_locale":"lv_LV","og_type":"article","og_title":"Ota Marabu Decoration&Hobby 196 plakana &#8211; Skizze","og_description":"Marabu Decoration&#038;Hobby sint\u0113tisk\u0101 ota nodro\u0161ina \u012bpa\u0161i vienm\u0113r\u012bgu un gludu kr\u0101sas kl\u0101\u0161anu. T\u0101 ir ide\u0101li piem\u0113rota lielu laukumu kr\u0101so\u0161anai, k\u0101 ar\u012b grunts un lakas uzkl\u0101\u0161anai. Ota ir ide\u0101li piem\u0113rota \u0161\u0137idru un pastas konsistences kr\u0101su kl\u0101\u0161anai un var tik izmantota da\u017e\u0101du kr\u0101su, piem\u0113ram, glaz\u016bru, akrila kr\u0101su, tekstila kr\u0101su, dekup\u0101\u017eas tehnikas l\u012bdzek\u013cu uzkl\u0101\u0161anai. Plat\u0101 ota ir \u012bpa\u0161i piem\u0113rota lielu laukumu kr\u0101so\u0161anai, k\u0101 ar\u012b grunts un lakas kl\u0101\u0161anai.","og_url":"https:\/\/hobstop.ee\/lv\/produkts\/ota-marabu-decorationhobby-196-plakana\/","og_site_name":"Skizze","article_publisher":"http:\/\/www.facebook.com\/VunderSkizze","article_modified_time":"-0001-11-30T00:00:00+00:00","og_image":[{"width":1024,"height":768,"url":"https:\/\/www.hobstop.ee\/media\/2792.jpg","type":"image\/jpeg"}],"twitter_card":"summary_large_image","schema":{"@context":"https:\/\/schema.org","@graph":[{"@type":"WebPage","@id":"https:\/\/hobstop.ee\/lv\/produkts\/ota-marabu-decorationhobby-196-plakana\/","url":"https:\/\/hobstop.ee\/lv\/produkts\/ota-marabu-decorationhobby-196-plakana\/","name":"Ota Marabu Decoration&Hobby 196 plakana &#8211; Skizze","isPartOf":{"@id":"https:\/\/hobstop.ee\/lv\/#website"},"primaryImageOfPage":{"@id":"https:\/\/hobstop.ee\/lv\/produkts\/ota-marabu-decorationhobby-196-plakana\/#primaryimage"},"image":{"@id":"https:\/\/hobstop.ee\/lv\/produkts\/ota-marabu-decorationhobby-196-plakana\/#primaryimage"},"thumbnailUrl":"https:\/\/hobstop.ee\/media\/2792.jpg","datePublished":"2014-12-09T11:01:21+00:00","dateModified":"-0001-11-30T00:00:00+00:00","breadcrumb":{"@id":"https:\/\/hobstop.ee\/lv\/produkts\/ota-marabu-decorationhobby-196-plakana\/#breadcrumb"},"inLanguage":"lv-LV","potentialAction":[{"@type":"ReadAction","target":["https:\/\/hobstop.ee\/lv\/produkts\/ota-marabu-decorationhobby-196-plakana\/"]}]},{"@type":"ImageObject","inLanguage":"lv-LV","@id":"https:\/\/hobstop.ee\/lv\/produkts\/ota-marabu-decorationhobby-196-plakana\/#primaryimage","url":"https:\/\/hobstop.ee\/media\/2792.jpg","contentUrl":"https:\/\/hobstop.ee\/media\/2792.jpg","width":1024,"height":768},{"@type":"BreadcrumbList","@id":"https:\/\/hobstop.ee\/lv\/produkts\/ota-marabu-decorationhobby-196-plakana\/#breadcrumb","itemListElement":[{"@type":"ListItem","position":1,"name":"Avaleht","item":"https:\/\/hobstop.ee\/lv\/"},{"@type":"ListItem","position":2,"name":"Veikals","item":"https:\/\/hobstop.ee\/lv\/veikals\/"},{"@type":"ListItem","position":3,"name":"Ota Marabu Decoration&#038;Hobby 196 plakana"}]},{"@type":"WebSite","@id":"https:\/\/hobstop.ee\/lv\/#website","url":"https:\/\/hobstop.ee\/lv\/","name":"Skizze","description":"M\u0101kslas, hobiju un skolas preces","publisher":{"@id":"https:\/\/hobstop.ee\/lv\/#organization"},"potentialAction":[{"@type":"SearchAction","target":{"@type":"EntryPoint","urlTemplate":"https:\/\/hobstop.ee\/lv\/?s={search_term_string}"},"query-input":{"@type":"PropertyValueSpecification","valueRequired":true,"valueName":"search_term_string"}}],"inLanguage":"lv-LV"},{"@type":"Organization","@id":"https:\/\/hobstop.ee\/lv\/#organization","name":"Vunder AS","url":"https:\/\/hobstop.ee\/lv\/","logo":{"@type":"ImageObject","inLanguage":"lv-LV","@id":"https:\/\/hobstop.ee\/lv\/#\/schema\/logo\/image\/","url":"https:\/\/hobstop.ee\/media\/vunder-logo.png","contentUrl":"https:\/\/hobstop.ee\/media\/vunder-logo.png","width":127,"height":55,"caption":"Vunder AS"},"image":{"@id":"https:\/\/hobstop.ee\/lv\/#\/schema\/logo\/image\/"},"sameAs":["http:\/\/www.facebook.com\/VunderSkizze"]}]}},"_links":{"self":[{"href":"https:\/\/hobstop.ee\/lv\/wp-json\/wp\/v2\/product\/61848","targetHints":{"allow":["GET"]}}],"collection":[{"href":"https:\/\/hobstop.ee\/lv\/wp-json\/wp\/v2\/product"}],"about":[{"href":"https:\/\/hobstop.ee\/lv\/wp-json\/wp\/v2\/types\/product"}],"replies":[{"embeddable":true,"href":"https:\/\/hobstop.ee\/lv\/wp-json\/wp\/v2\/comments?post=61848"}],"wp:featuredmedia":[{"embeddable":true,"href":"https:\/\/hobstop.ee\/lv\/wp-json\/wp\/v2\/media\/147465"}],"wp:attachment":[{"href":"https:\/\/hobstop.ee\/lv\/wp-json\/wp\/v2\/media?parent=61848"}],"wp:term":[{"taxonomy":"product_cat","embeddable":true,"href":"https:\/\/hobstop.ee\/lv\/wp-json\/wp\/v2\/product_cat?post=61848"},{"taxonomy":"product_tag","embeddable":true,"href":"https:\/\/hobstop.ee\/lv\/wp-json\/wp\/v2\/product_tag?post=61848"}],"curies":[{"name":"wp","href":"https:\/\/api.w.org\/{rel}","templated":true}]}}