{"id":61858,"date":"2014-12-09T13:01:23","date_gmt":"2014-12-09T11:01:23","guid":{"rendered":"https:\/\/sharks.ee\/vunder_2019.klient.veebimajutus.ee\/?post_type=product&p=61858"},"modified":"2014-12-09T13:01:23","modified_gmt":"2014-12-09T10:01:23","slug":"pastas-masina-veidosanas-masai-cernit","status":"publish","type":"product","link":"https:\/\/hobstop.ee\/lv\/produkts\/pastas-masina-veidosanas-masai-cernit\/","title":{"rendered":"Pastas ma\u0161\u012bna veido\u0161anas masai Cernit"},"content":{"rendered":"<p>Cernit veido\u0161anas masu apstr\u0101des ier\u012bce ir paredz\u0113ta vienm\u0113r\u012bga biezuma lok\u0161\u0146u (9 da\u017e\u0101di biezumi no 0.3-2.5mm) izgatavo\u0161anai, da\u017e\u0101du kr\u0101su jauk\u0161anai un musturu veido\u0161anai.  \u0160\u012b ier\u012bce ir lielisks pal\u012bgl\u012bdzeklis darbam da\u017e\u0101d\u0101s tehnik\u0101s &#8211; marmor\u0113\u0161anas, lok\u0161\u0146u, stien\u012b\u0161u un millefiori tehnik\u0101. Cernit veido\u0161anas masu apstr\u0101des ier\u012bce ir izgatavota no iztur\u012bga ner\u016bs\u0113jo\u0161\u0101 t\u0113rauda, kas nov\u0113r\u0161 polim\u0113rm\u0101lu lip\u0161anu pie virsmas.<\/p>\n","protected":false},"excerpt":{"rendered":"<p>Cernit veido\u0161anas masu apstr\u0101des ier\u012bce ir paredz\u0113ta vienm\u0113r\u012bga biezuma lok\u0161\u0146u (9 da\u017e\u0101di biezumi no 0.3-2.5mm) izgatavo\u0161anai, da\u017e\u0101du kr\u0101su jauk\u0161anai un musturu veido\u0161anai. \u0160\u012b ier\u012bce ir lielisks pal\u012bgl\u012bdzeklis darbam da\u017e\u0101d\u0101s tehnik\u0101s &#8211; marmor\u0113\u0161anas, lok\u0161\u0146u, stien\u012b\u0161u un millefiori tehnik\u0101. Cernit veido\u0161anas masu apstr\u0101des ier\u012bce ir izgatavota no iztur\u012bga ner\u016bs\u0113jo\u0161\u0101 t\u0113rauda, kas nov\u0113r\u0161 polim\u0113rm\u0101lu lip\u0161anu pie virsmas.<\/p>\n","protected":false},"featured_media":147477,"comment_status":"closed","ping_status":"closed","template":"","meta":{"_acf_changed":false,"ep_exclude_from_search":false},"product_cat":[20092,17918,20086],"product_tag":[],"class_list":{"0":"post-61858","1":"product","2":"type-product","3":"status-publish","4":"has-post-thumbnail","6":"product_cat-darbariki-5","7":"product_cat-preces-hobijiem","8":"product_cat-veidosanas-masas-un-piederumi-2","10":"first","11":"outofstock","12":"taxable","13":"shipping-taxable","14":"purchasable","15":"product-type-variable"},"acf":[],"yoast_head":"<!-- This site is optimized with the Yoast SEO plugin v24.1 - https:\/\/yoast.com\/wordpress\/plugins\/seo\/ -->\n<title>Pastas ma\u0161\u012bna veido\u0161anas masai Cernit &#8211; Skizze<\/title>\n<meta name=\"robots\" content=\"noindex, follow, max-snippet:-1, max-image-preview:large, max-video-preview:-1\" \/>\n<meta property=\"og:locale\" content=\"lv_LV\" \/>\n<meta property=\"og:type\" content=\"article\" \/>\n<meta property=\"og:title\" content=\"Pastas ma\u0161\u012bna veido\u0161anas masai Cernit &#8211; Skizze\" \/>\n<meta property=\"og:description\" content=\"Cernit veido\u0161anas masu apstr\u0101des ier\u012bce ir paredz\u0113ta vienm\u0113r\u012bga biezuma lok\u0161\u0146u (9 da\u017e\u0101di biezumi no 0.3-2.5mm) izgatavo\u0161anai, da\u017e\u0101du kr\u0101su jauk\u0161anai un musturu veido\u0161anai. \u0160\u012b ier\u012bce ir lielisks pal\u012bgl\u012bdzeklis darbam da\u017e\u0101d\u0101s tehnik\u0101s &#8211; marmor\u0113\u0161anas, lok\u0161\u0146u, stien\u012b\u0161u un millefiori tehnik\u0101. Cernit veido\u0161anas masu apstr\u0101des ier\u012bce ir izgatavota no iztur\u012bga ner\u016bs\u0113jo\u0161\u0101 t\u0113rauda, kas nov\u0113r\u0161 polim\u0113rm\u0101lu lip\u0161anu pie virsmas.\" \/>\n<meta property=\"og:url\" content=\"https:\/\/hobstop.ee\/lv\/produkts\/pastas-masina-veidosanas-masai-cernit\/\" \/>\n<meta property=\"og:site_name\" content=\"Skizze\" \/>\n<meta property=\"article:publisher\" content=\"http:\/\/www.facebook.com\/VunderSkizze\" \/>\n<meta property=\"article:modified_time\" content=\"-0001-11-30T00:00:00+00:00\" \/>\n<meta property=\"og:image\" content=\"https:\/\/hobstop.ee\/media\/2818.jpg\" \/>\n\t<meta property=\"og:image:width\" content=\"1024\" \/>\n\t<meta property=\"og:image:height\" content=\"768\" \/>\n\t<meta property=\"og:image:type\" content=\"image\/jpeg\" \/>\n<meta name=\"twitter:card\" content=\"summary_large_image\" \/>\n<script type=\"application\/ld+json\" class=\"yoast-schema-graph\">{\"@context\":\"https:\/\/schema.org\",\"@graph\":[{\"@type\":\"WebPage\",\"@id\":\"https:\/\/hobstop.ee\/lv\/produkts\/pastas-masina-veidosanas-masai-cernit\/\",\"url\":\"https:\/\/hobstop.ee\/lv\/produkts\/pastas-masina-veidosanas-masai-cernit\/\",\"name\":\"Pastas ma\u0161\u012bna veido\u0161anas masai Cernit &#8211; Skizze\",\"isPartOf\":{\"@id\":\"https:\/\/www.hobstop.ee\/lv\/#website\"},\"primaryImageOfPage\":{\"@id\":\"https:\/\/hobstop.ee\/lv\/produkts\/pastas-masina-veidosanas-masai-cernit\/#primaryimage\"},\"image\":{\"@id\":\"https:\/\/hobstop.ee\/lv\/produkts\/pastas-masina-veidosanas-masai-cernit\/#primaryimage\"},\"thumbnailUrl\":\"https:\/\/hobstop.ee\/media\/2818.jpg\",\"datePublished\":\"2014-12-09T11:01:23+00:00\",\"dateModified\":\"-0001-11-30T00:00:00+00:00\",\"breadcrumb\":{\"@id\":\"https:\/\/hobstop.ee\/lv\/produkts\/pastas-masina-veidosanas-masai-cernit\/#breadcrumb\"},\"inLanguage\":\"lv-LV\",\"potentialAction\":[{\"@type\":\"ReadAction\",\"target\":[\"https:\/\/hobstop.ee\/lv\/produkts\/pastas-masina-veidosanas-masai-cernit\/\"]}]},{\"@type\":\"ImageObject\",\"inLanguage\":\"lv-LV\",\"@id\":\"https:\/\/hobstop.ee\/lv\/produkts\/pastas-masina-veidosanas-masai-cernit\/#primaryimage\",\"url\":\"https:\/\/hobstop.ee\/media\/2818.jpg\",\"contentUrl\":\"https:\/\/hobstop.ee\/media\/2818.jpg\",\"width\":1024,\"height\":768},{\"@type\":\"BreadcrumbList\",\"@id\":\"https:\/\/hobstop.ee\/lv\/produkts\/pastas-masina-veidosanas-masai-cernit\/#breadcrumb\",\"itemListElement\":[{\"@type\":\"ListItem\",\"position\":1,\"name\":\"Avaleht\",\"item\":\"https:\/\/www.hobstop.ee\/lv\/\"},{\"@type\":\"ListItem\",\"position\":2,\"name\":\"Veikals\",\"item\":\"https:\/\/www.hobstop.ee\/lv\/veikals\/\"},{\"@type\":\"ListItem\",\"position\":3,\"name\":\"Pastas ma\u0161\u012bna veido\u0161anas masai Cernit\"}]},{\"@type\":\"WebSite\",\"@id\":\"https:\/\/www.hobstop.ee\/lv\/#website\",\"url\":\"https:\/\/www.hobstop.ee\/lv\/\",\"name\":\"Skizze\",\"description\":\"M\u0101kslas, hobiju un skolas preces\",\"publisher\":{\"@id\":\"https:\/\/www.hobstop.ee\/lv\/#organization\"},\"potentialAction\":[{\"@type\":\"SearchAction\",\"target\":{\"@type\":\"EntryPoint\",\"urlTemplate\":\"https:\/\/www.hobstop.ee\/lv\/?s={search_term_string}\"},\"query-input\":{\"@type\":\"PropertyValueSpecification\",\"valueRequired\":true,\"valueName\":\"search_term_string\"}}],\"inLanguage\":\"lv-LV\"},{\"@type\":\"Organization\",\"@id\":\"https:\/\/www.hobstop.ee\/lv\/#organization\",\"name\":\"Vunder AS\",\"url\":\"https:\/\/www.hobstop.ee\/lv\/\",\"logo\":{\"@type\":\"ImageObject\",\"inLanguage\":\"lv-LV\",\"@id\":\"https:\/\/www.hobstop.ee\/lv\/#\/schema\/logo\/image\/\",\"url\":\"https:\/\/hobstop.ee\/media\/vunder-logo.png\",\"contentUrl\":\"https:\/\/hobstop.ee\/media\/vunder-logo.png\",\"width\":127,\"height\":55,\"caption\":\"Vunder AS\"},\"image\":{\"@id\":\"https:\/\/www.hobstop.ee\/lv\/#\/schema\/logo\/image\/\"},\"sameAs\":[\"http:\/\/www.facebook.com\/VunderSkizze\"]}]}<\/script>\n<!-- \/ Yoast SEO plugin. -->","yoast_head_json":{"title":"Pastas ma\u0161\u012bna veido\u0161anas masai Cernit &#8211; Skizze","robots":{"index":"noindex","follow":"follow","max-snippet":"max-snippet:-1","max-image-preview":"max-image-preview:large","max-video-preview":"max-video-preview:-1"},"og_locale":"lv_LV","og_type":"article","og_title":"Pastas ma\u0161\u012bna veido\u0161anas masai Cernit &#8211; Skizze","og_description":"Cernit veido\u0161anas masu apstr\u0101des ier\u012bce ir paredz\u0113ta vienm\u0113r\u012bga biezuma lok\u0161\u0146u (9 da\u017e\u0101di biezumi no 0.3-2.5mm) izgatavo\u0161anai, da\u017e\u0101du kr\u0101su jauk\u0161anai un musturu veido\u0161anai. \u0160\u012b ier\u012bce ir lielisks pal\u012bgl\u012bdzeklis darbam da\u017e\u0101d\u0101s tehnik\u0101s &#8211; marmor\u0113\u0161anas, lok\u0161\u0146u, stien\u012b\u0161u un millefiori tehnik\u0101. Cernit veido\u0161anas masu apstr\u0101des ier\u012bce ir izgatavota no iztur\u012bga ner\u016bs\u0113jo\u0161\u0101 t\u0113rauda, kas nov\u0113r\u0161 polim\u0113rm\u0101lu lip\u0161anu pie virsmas.","og_url":"https:\/\/hobstop.ee\/lv\/produkts\/pastas-masina-veidosanas-masai-cernit\/","og_site_name":"Skizze","article_publisher":"http:\/\/www.facebook.com\/VunderSkizze","article_modified_time":"-0001-11-30T00:00:00+00:00","og_image":[{"width":1024,"height":768,"url":"https:\/\/hobstop.ee\/media\/2818.jpg","type":"image\/jpeg"}],"twitter_card":"summary_large_image","schema":{"@context":"https:\/\/schema.org","@graph":[{"@type":"WebPage","@id":"https:\/\/hobstop.ee\/lv\/produkts\/pastas-masina-veidosanas-masai-cernit\/","url":"https:\/\/hobstop.ee\/lv\/produkts\/pastas-masina-veidosanas-masai-cernit\/","name":"Pastas ma\u0161\u012bna veido\u0161anas masai Cernit &#8211; Skizze","isPartOf":{"@id":"https:\/\/www.hobstop.ee\/lv\/#website"},"primaryImageOfPage":{"@id":"https:\/\/hobstop.ee\/lv\/produkts\/pastas-masina-veidosanas-masai-cernit\/#primaryimage"},"image":{"@id":"https:\/\/hobstop.ee\/lv\/produkts\/pastas-masina-veidosanas-masai-cernit\/#primaryimage"},"thumbnailUrl":"https:\/\/hobstop.ee\/media\/2818.jpg","datePublished":"2014-12-09T11:01:23+00:00","dateModified":"-0001-11-30T00:00:00+00:00","breadcrumb":{"@id":"https:\/\/hobstop.ee\/lv\/produkts\/pastas-masina-veidosanas-masai-cernit\/#breadcrumb"},"inLanguage":"lv-LV","potentialAction":[{"@type":"ReadAction","target":["https:\/\/hobstop.ee\/lv\/produkts\/pastas-masina-veidosanas-masai-cernit\/"]}]},{"@type":"ImageObject","inLanguage":"lv-LV","@id":"https:\/\/hobstop.ee\/lv\/produkts\/pastas-masina-veidosanas-masai-cernit\/#primaryimage","url":"https:\/\/hobstop.ee\/media\/2818.jpg","contentUrl":"https:\/\/hobstop.ee\/media\/2818.jpg","width":1024,"height":768},{"@type":"BreadcrumbList","@id":"https:\/\/hobstop.ee\/lv\/produkts\/pastas-masina-veidosanas-masai-cernit\/#breadcrumb","itemListElement":[{"@type":"ListItem","position":1,"name":"Avaleht","item":"https:\/\/www.hobstop.ee\/lv\/"},{"@type":"ListItem","position":2,"name":"Veikals","item":"https:\/\/www.hobstop.ee\/lv\/veikals\/"},{"@type":"ListItem","position":3,"name":"Pastas ma\u0161\u012bna veido\u0161anas masai Cernit"}]},{"@type":"WebSite","@id":"https:\/\/www.hobstop.ee\/lv\/#website","url":"https:\/\/www.hobstop.ee\/lv\/","name":"Skizze","description":"M\u0101kslas, hobiju un skolas preces","publisher":{"@id":"https:\/\/www.hobstop.ee\/lv\/#organization"},"potentialAction":[{"@type":"SearchAction","target":{"@type":"EntryPoint","urlTemplate":"https:\/\/www.hobstop.ee\/lv\/?s={search_term_string}"},"query-input":{"@type":"PropertyValueSpecification","valueRequired":true,"valueName":"search_term_string"}}],"inLanguage":"lv-LV"},{"@type":"Organization","@id":"https:\/\/www.hobstop.ee\/lv\/#organization","name":"Vunder AS","url":"https:\/\/www.hobstop.ee\/lv\/","logo":{"@type":"ImageObject","inLanguage":"lv-LV","@id":"https:\/\/www.hobstop.ee\/lv\/#\/schema\/logo\/image\/","url":"https:\/\/hobstop.ee\/media\/vunder-logo.png","contentUrl":"https:\/\/hobstop.ee\/media\/vunder-logo.png","width":127,"height":55,"caption":"Vunder AS"},"image":{"@id":"https:\/\/www.hobstop.ee\/lv\/#\/schema\/logo\/image\/"},"sameAs":["http:\/\/www.facebook.com\/VunderSkizze"]}]}},"_links":{"self":[{"href":"https:\/\/hobstop.ee\/lv\/wp-json\/wp\/v2\/product\/61858","targetHints":{"allow":["GET"]}}],"collection":[{"href":"https:\/\/hobstop.ee\/lv\/wp-json\/wp\/v2\/product"}],"about":[{"href":"https:\/\/hobstop.ee\/lv\/wp-json\/wp\/v2\/types\/product"}],"replies":[{"embeddable":true,"href":"https:\/\/hobstop.ee\/lv\/wp-json\/wp\/v2\/comments?post=61858"}],"wp:featuredmedia":[{"embeddable":true,"href":"https:\/\/hobstop.ee\/lv\/wp-json\/wp\/v2\/media\/147477"}],"wp:attachment":[{"href":"https:\/\/hobstop.ee\/lv\/wp-json\/wp\/v2\/media?parent=61858"}],"wp:term":[{"taxonomy":"product_cat","embeddable":true,"href":"https:\/\/hobstop.ee\/lv\/wp-json\/wp\/v2\/product_cat?post=61858"},{"taxonomy":"product_tag","embeddable":true,"href":"https:\/\/hobstop.ee\/lv\/wp-json\/wp\/v2\/product_tag?post=61858"}],"curies":[{"name":"wp","href":"https:\/\/api.w.org\/{rel}","templated":true}]}}