{"id":61883,"date":"2014-12-09T13:01:30","date_gmt":"2014-12-09T11:01:30","guid":{"rendered":"https:\/\/sharks.ee\/vunder_2019.klient.veebimajutus.ee\/?post_type=product&p=61883"},"modified":"2014-12-09T13:01:30","modified_gmt":"2014-12-09T10:01:30","slug":"terpentins-destilets-lb","status":"publish","type":"product","link":"https:\/\/hobstop.ee\/lv\/produkts\/terpentins-destilets-lb\/","title":{"rendered":"Terpent\u012bns destil\u0113ts L&#038;B"},"content":{"rendered":"<p>Terpent\u012bns ieg\u016bts, destil\u0113jot prie\u017eu sve\u0137us. Tad tas ir rafin\u0113ts, padarot to bezkr\u0101sainu un palielinot t\u0101 pl\u016bstam\u012bbu. Izmanto galvenok\u0101rt e\u013c\u013cas kr\u0101su \u0161\u0137idrin\u0101\u0161anai, atvieglojot kr\u0101su izmanto\u0161anu pamatski\u010du veido\u0161anai un nemainot to nokr\u0101su. Maz\u0101k gaisto\u0161s k\u0101 \u0101tri \u017e\u016bsto\u0161\u0101 petroleja, darbam nodro\u0161ina maz\u0101k mat\u0113tu izskatu.<\/p>\n","protected":false},"excerpt":{"rendered":"<p>Terpent\u012bns ieg\u016bts, destil\u0113jot prie\u017eu sve\u0137us. Tad tas ir rafin\u0113ts, padarot to bezkr\u0101sainu un palielinot t\u0101 pl\u016bstam\u012bbu. Izmanto galvenok\u0101rt e\u013c\u013cas kr\u0101su \u0161\u0137idrin\u0101\u0161anai, atvieglojot kr\u0101su izmanto\u0161anu pamatski\u010du veido\u0161anai un nemainot to nokr\u0101su. Maz\u0101k gaisto\u0161s k\u0101 \u0101tri \u017e\u016bsto\u0161\u0101 petroleja, darbam nodro\u0161ina maz\u0101k mat\u0113tu izskatu.<\/p>\n","protected":false},"featured_media":297966,"comment_status":"closed","ping_status":"closed","template":"","meta":{"_acf_changed":false,"ep_exclude_from_search":false},"product_cat":[18364,17980,16123],"product_tag":[],"class_list":{"0":"post-61883","1":"product","2":"type-product","3":"status-publish","4":"has-post-thumbnail","6":"product_cat-ellas-krasu-piedevas","7":"product_cat-krasas-un-gleznosanas-paligmateriali","8":"product_cat-makslas-piederumi-2","10":"first","11":"instock","12":"taxable","13":"shipping-taxable","14":"purchasable","15":"product-type-variable"},"acf":[],"yoast_head":"<!-- This site is optimized with the Yoast SEO plugin v24.1 - https:\/\/yoast.com\/wordpress\/plugins\/seo\/ -->\n<title>Terpent\u012bns destil\u0113ts L&amp;B &#8211; Skizze<\/title>\n<meta name=\"robots\" content=\"noindex, follow, max-snippet:-1, max-image-preview:large, max-video-preview:-1\" \/>\n<meta property=\"og:locale\" content=\"lv_LV\" \/>\n<meta property=\"og:type\" content=\"article\" \/>\n<meta property=\"og:title\" content=\"Terpent\u012bns destil\u0113ts L&amp;B &#8211; Skizze\" \/>\n<meta property=\"og:description\" content=\"Terpent\u012bns ieg\u016bts, destil\u0113jot prie\u017eu sve\u0137us. Tad tas ir rafin\u0113ts, padarot to bezkr\u0101sainu un palielinot t\u0101 pl\u016bstam\u012bbu. Izmanto galvenok\u0101rt e\u013c\u013cas kr\u0101su \u0161\u0137idrin\u0101\u0161anai, atvieglojot kr\u0101su izmanto\u0161anu pamatski\u010du veido\u0161anai un nemainot to nokr\u0101su. Maz\u0101k gaisto\u0161s k\u0101 \u0101tri \u017e\u016bsto\u0161\u0101 petroleja, darbam nodro\u0161ina maz\u0101k mat\u0113tu izskatu.\" \/>\n<meta property=\"og:url\" content=\"https:\/\/hobstop.ee\/lv\/produkts\/terpentins-destilets-lb\/\" \/>\n<meta property=\"og:site_name\" content=\"Skizze\" \/>\n<meta property=\"article:publisher\" content=\"http:\/\/www.facebook.com\/VunderSkizze\" \/>\n<meta property=\"article:modified_time\" content=\"-0001-11-30T00:00:00+00:00\" \/>\n<meta property=\"og:image\" content=\"https:\/\/hobstop.ee\/media\/2838.jpg\" \/>\n\t<meta property=\"og:image:width\" content=\"1024\" \/>\n\t<meta property=\"og:image:height\" content=\"768\" \/>\n\t<meta property=\"og:image:type\" content=\"image\/jpeg\" \/>\n<meta name=\"twitter:card\" content=\"summary_large_image\" \/>\n<script type=\"application\/ld+json\" class=\"yoast-schema-graph\">{\"@context\":\"https:\/\/schema.org\",\"@graph\":[{\"@type\":\"WebPage\",\"@id\":\"https:\/\/hobstop.ee\/lv\/produkts\/terpentins-destilets-lb\/\",\"url\":\"https:\/\/hobstop.ee\/lv\/produkts\/terpentins-destilets-lb\/\",\"name\":\"Terpent\u012bns destil\u0113ts L&B &#8211; Skizze\",\"isPartOf\":{\"@id\":\"https:\/\/hobstop.ee\/lv\/#website\"},\"primaryImageOfPage\":{\"@id\":\"https:\/\/hobstop.ee\/lv\/produkts\/terpentins-destilets-lb\/#primaryimage\"},\"image\":{\"@id\":\"https:\/\/hobstop.ee\/lv\/produkts\/terpentins-destilets-lb\/#primaryimage\"},\"thumbnailUrl\":\"https:\/\/hobstop.ee\/media\/2838.jpg\",\"datePublished\":\"2014-12-09T11:01:30+00:00\",\"dateModified\":\"-0001-11-30T00:00:00+00:00\",\"breadcrumb\":{\"@id\":\"https:\/\/hobstop.ee\/lv\/produkts\/terpentins-destilets-lb\/#breadcrumb\"},\"inLanguage\":\"lv-LV\",\"potentialAction\":[{\"@type\":\"ReadAction\",\"target\":[\"https:\/\/hobstop.ee\/lv\/produkts\/terpentins-destilets-lb\/\"]}]},{\"@type\":\"ImageObject\",\"inLanguage\":\"lv-LV\",\"@id\":\"https:\/\/hobstop.ee\/lv\/produkts\/terpentins-destilets-lb\/#primaryimage\",\"url\":\"https:\/\/hobstop.ee\/media\/2838.jpg\",\"contentUrl\":\"https:\/\/hobstop.ee\/media\/2838.jpg\",\"width\":1024,\"height\":768},{\"@type\":\"BreadcrumbList\",\"@id\":\"https:\/\/hobstop.ee\/lv\/produkts\/terpentins-destilets-lb\/#breadcrumb\",\"itemListElement\":[{\"@type\":\"ListItem\",\"position\":1,\"name\":\"Avaleht\",\"item\":\"https:\/\/hobstop.ee\/lv\/\"},{\"@type\":\"ListItem\",\"position\":2,\"name\":\"Veikals\",\"item\":\"https:\/\/hobstop.ee\/lv\/veikals\/\"},{\"@type\":\"ListItem\",\"position\":3,\"name\":\"Terpent\u012bns destil\u0113ts L&#038;B\"}]},{\"@type\":\"WebSite\",\"@id\":\"https:\/\/hobstop.ee\/lv\/#website\",\"url\":\"https:\/\/hobstop.ee\/lv\/\",\"name\":\"Skizze\",\"description\":\"M\u0101kslas, hobiju un skolas preces\",\"publisher\":{\"@id\":\"https:\/\/hobstop.ee\/lv\/#organization\"},\"potentialAction\":[{\"@type\":\"SearchAction\",\"target\":{\"@type\":\"EntryPoint\",\"urlTemplate\":\"https:\/\/hobstop.ee\/lv\/?s={search_term_string}\"},\"query-input\":{\"@type\":\"PropertyValueSpecification\",\"valueRequired\":true,\"valueName\":\"search_term_string\"}}],\"inLanguage\":\"lv-LV\"},{\"@type\":\"Organization\",\"@id\":\"https:\/\/hobstop.ee\/lv\/#organization\",\"name\":\"Vunder AS\",\"url\":\"https:\/\/hobstop.ee\/lv\/\",\"logo\":{\"@type\":\"ImageObject\",\"inLanguage\":\"lv-LV\",\"@id\":\"https:\/\/hobstop.ee\/lv\/#\/schema\/logo\/image\/\",\"url\":\"https:\/\/hobstop.ee\/media\/vunder-logo.png\",\"contentUrl\":\"https:\/\/hobstop.ee\/media\/vunder-logo.png\",\"width\":127,\"height\":55,\"caption\":\"Vunder AS\"},\"image\":{\"@id\":\"https:\/\/hobstop.ee\/lv\/#\/schema\/logo\/image\/\"},\"sameAs\":[\"http:\/\/www.facebook.com\/VunderSkizze\"]}]}<\/script>\n<!-- \/ Yoast SEO plugin. -->","yoast_head_json":{"title":"Terpent\u012bns destil\u0113ts L&B &#8211; Skizze","robots":{"index":"noindex","follow":"follow","max-snippet":"max-snippet:-1","max-image-preview":"max-image-preview:large","max-video-preview":"max-video-preview:-1"},"og_locale":"lv_LV","og_type":"article","og_title":"Terpent\u012bns destil\u0113ts L&B &#8211; Skizze","og_description":"Terpent\u012bns ieg\u016bts, destil\u0113jot prie\u017eu sve\u0137us. Tad tas ir rafin\u0113ts, padarot to bezkr\u0101sainu un palielinot t\u0101 pl\u016bstam\u012bbu. Izmanto galvenok\u0101rt e\u013c\u013cas kr\u0101su \u0161\u0137idrin\u0101\u0161anai, atvieglojot kr\u0101su izmanto\u0161anu pamatski\u010du veido\u0161anai un nemainot to nokr\u0101su. Maz\u0101k gaisto\u0161s k\u0101 \u0101tri \u017e\u016bsto\u0161\u0101 petroleja, darbam nodro\u0161ina maz\u0101k mat\u0113tu izskatu.","og_url":"https:\/\/hobstop.ee\/lv\/produkts\/terpentins-destilets-lb\/","og_site_name":"Skizze","article_publisher":"http:\/\/www.facebook.com\/VunderSkizze","article_modified_time":"-0001-11-30T00:00:00+00:00","og_image":[{"width":1024,"height":768,"url":"https:\/\/hobstop.ee\/media\/2838.jpg","type":"image\/jpeg"}],"twitter_card":"summary_large_image","schema":{"@context":"https:\/\/schema.org","@graph":[{"@type":"WebPage","@id":"https:\/\/hobstop.ee\/lv\/produkts\/terpentins-destilets-lb\/","url":"https:\/\/hobstop.ee\/lv\/produkts\/terpentins-destilets-lb\/","name":"Terpent\u012bns destil\u0113ts L&B &#8211; Skizze","isPartOf":{"@id":"https:\/\/hobstop.ee\/lv\/#website"},"primaryImageOfPage":{"@id":"https:\/\/hobstop.ee\/lv\/produkts\/terpentins-destilets-lb\/#primaryimage"},"image":{"@id":"https:\/\/hobstop.ee\/lv\/produkts\/terpentins-destilets-lb\/#primaryimage"},"thumbnailUrl":"https:\/\/hobstop.ee\/media\/2838.jpg","datePublished":"2014-12-09T11:01:30+00:00","dateModified":"-0001-11-30T00:00:00+00:00","breadcrumb":{"@id":"https:\/\/hobstop.ee\/lv\/produkts\/terpentins-destilets-lb\/#breadcrumb"},"inLanguage":"lv-LV","potentialAction":[{"@type":"ReadAction","target":["https:\/\/hobstop.ee\/lv\/produkts\/terpentins-destilets-lb\/"]}]},{"@type":"ImageObject","inLanguage":"lv-LV","@id":"https:\/\/hobstop.ee\/lv\/produkts\/terpentins-destilets-lb\/#primaryimage","url":"https:\/\/hobstop.ee\/media\/2838.jpg","contentUrl":"https:\/\/hobstop.ee\/media\/2838.jpg","width":1024,"height":768},{"@type":"BreadcrumbList","@id":"https:\/\/hobstop.ee\/lv\/produkts\/terpentins-destilets-lb\/#breadcrumb","itemListElement":[{"@type":"ListItem","position":1,"name":"Avaleht","item":"https:\/\/hobstop.ee\/lv\/"},{"@type":"ListItem","position":2,"name":"Veikals","item":"https:\/\/hobstop.ee\/lv\/veikals\/"},{"@type":"ListItem","position":3,"name":"Terpent\u012bns destil\u0113ts L&#038;B"}]},{"@type":"WebSite","@id":"https:\/\/hobstop.ee\/lv\/#website","url":"https:\/\/hobstop.ee\/lv\/","name":"Skizze","description":"M\u0101kslas, hobiju un skolas preces","publisher":{"@id":"https:\/\/hobstop.ee\/lv\/#organization"},"potentialAction":[{"@type":"SearchAction","target":{"@type":"EntryPoint","urlTemplate":"https:\/\/hobstop.ee\/lv\/?s={search_term_string}"},"query-input":{"@type":"PropertyValueSpecification","valueRequired":true,"valueName":"search_term_string"}}],"inLanguage":"lv-LV"},{"@type":"Organization","@id":"https:\/\/hobstop.ee\/lv\/#organization","name":"Vunder AS","url":"https:\/\/hobstop.ee\/lv\/","logo":{"@type":"ImageObject","inLanguage":"lv-LV","@id":"https:\/\/hobstop.ee\/lv\/#\/schema\/logo\/image\/","url":"https:\/\/hobstop.ee\/media\/vunder-logo.png","contentUrl":"https:\/\/hobstop.ee\/media\/vunder-logo.png","width":127,"height":55,"caption":"Vunder AS"},"image":{"@id":"https:\/\/hobstop.ee\/lv\/#\/schema\/logo\/image\/"},"sameAs":["http:\/\/www.facebook.com\/VunderSkizze"]}]}},"_links":{"self":[{"href":"https:\/\/hobstop.ee\/lv\/wp-json\/wp\/v2\/product\/61883","targetHints":{"allow":["GET"]}}],"collection":[{"href":"https:\/\/hobstop.ee\/lv\/wp-json\/wp\/v2\/product"}],"about":[{"href":"https:\/\/hobstop.ee\/lv\/wp-json\/wp\/v2\/types\/product"}],"replies":[{"embeddable":true,"href":"https:\/\/hobstop.ee\/lv\/wp-json\/wp\/v2\/comments?post=61883"}],"wp:featuredmedia":[{"embeddable":true,"href":"https:\/\/hobstop.ee\/lv\/wp-json\/wp\/v2\/media\/297966"}],"wp:attachment":[{"href":"https:\/\/hobstop.ee\/lv\/wp-json\/wp\/v2\/media?parent=61883"}],"wp:term":[{"taxonomy":"product_cat","embeddable":true,"href":"https:\/\/hobstop.ee\/lv\/wp-json\/wp\/v2\/product_cat?post=61883"},{"taxonomy":"product_tag","embeddable":true,"href":"https:\/\/hobstop.ee\/lv\/wp-json\/wp\/v2\/product_tag?post=61883"}],"curies":[{"name":"wp","href":"https:\/\/api.w.org\/{rel}","templated":true}]}}