{"id":61906,"date":"2014-12-09T13:01:39","date_gmt":"2014-12-09T11:01:39","guid":{"rendered":"https:\/\/sharks.ee\/vunder_2019.klient.veebimajutus.ee\/?post_type=product&p=61906"},"modified":"2014-12-09T13:01:39","modified_gmt":"2014-12-09T10:01:39","slug":"molberts-lb-van-eyck","status":"publish","type":"product","link":"https:\/\/hobstop.ee\/lv\/produkts\/molberts-lb-van-eyck\/","title":{"rendered":"Molberts L&#038;B Van Eyck"},"content":{"rendered":"<p>Lefranc&#038;bourgeois Van Eyck ir viegls un kompakts galda molberts, izgatavots no augstv\u0113rt\u012bga di\u017eskab\u0101r\u017ea, kas apstr\u0101d\u0101ts ar e\u013c\u013cu. Gan augstumu, gan darba le\u0146\u0137i var regul\u0113t veiksm\u012bg\u0101kai darbu izpildei un lab\u0101k\u0101m gaismas piel\u0101go\u0161anas iesp\u0113j\u0101m. Salok\u0101ms viegl\u0101kai uzglab\u0101\u0161anai. Maksim\u0101lais audekla augstums 62cm.<\/p>\n","protected":false},"excerpt":{"rendered":"<p>Lefranc&#038;bourgeois Van Eyck ir viegls un kompakts galda molberts, izgatavots no augstv\u0113rt\u012bga di\u017eskab\u0101r\u017ea, kas apstr\u0101d\u0101ts ar e\u013c\u013cu. Gan augstumu, gan darba le\u0146\u0137i var regul\u0113t veiksm\u012bg\u0101kai darbu izpildei un lab\u0101k\u0101m gaismas piel\u0101go\u0161anas iesp\u0113j\u0101m. Salok\u0101ms viegl\u0101kai uzglab\u0101\u0161anai. Maksim\u0101lais audekla augstums 62cm.<\/p>\n","protected":false},"featured_media":0,"comment_status":"closed","ping_status":"closed","template":"","meta":{"_acf_changed":false,"ep_exclude_from_search":false},"product_cat":[18376,16123,18934],"product_tag":[],"class_list":{"0":"post-61906","1":"product","2":"type-product","3":"status-publish","5":"product_cat-galda-molberti","6":"product_cat-makslas-piederumi-2","7":"product_cat-molberti-2","9":"first","10":"instock","11":"taxable","12":"shipping-taxable","13":"purchasable","14":"product-type-variable"},"acf":[],"yoast_head":"<!-- This site is optimized with the Yoast SEO plugin v24.1 - https:\/\/yoast.com\/wordpress\/plugins\/seo\/ -->\n<title>Molberts L&amp;B Van Eyck &#8211; Skizze<\/title>\n<meta name=\"robots\" content=\"noindex, follow, max-snippet:-1, max-image-preview:large, max-video-preview:-1\" \/>\n<meta property=\"og:locale\" content=\"lv_LV\" \/>\n<meta property=\"og:type\" content=\"article\" \/>\n<meta property=\"og:title\" content=\"Molberts L&amp;B Van Eyck &#8211; Skizze\" \/>\n<meta property=\"og:description\" content=\"Lefranc&#038;bourgeois Van Eyck ir viegls un kompakts galda molberts, izgatavots no augstv\u0113rt\u012bga di\u017eskab\u0101r\u017ea, kas apstr\u0101d\u0101ts ar e\u013c\u013cu. Gan augstumu, gan darba le\u0146\u0137i var regul\u0113t veiksm\u012bg\u0101kai darbu izpildei un lab\u0101k\u0101m gaismas piel\u0101go\u0161anas iesp\u0113j\u0101m. Salok\u0101ms viegl\u0101kai uzglab\u0101\u0161anai. Maksim\u0101lais audekla augstums 62cm.\" \/>\n<meta property=\"og:url\" content=\"https:\/\/hobstop.ee\/lv\/produkts\/molberts-lb-van-eyck\/\" \/>\n<meta property=\"og:site_name\" content=\"Skizze\" \/>\n<meta property=\"article:publisher\" content=\"http:\/\/www.facebook.com\/VunderSkizze\" \/>\n<meta property=\"article:modified_time\" content=\"-0001-11-30T00:00:00+00:00\" \/>\n<meta name=\"twitter:card\" content=\"summary_large_image\" \/>\n<script type=\"application\/ld+json\" class=\"yoast-schema-graph\">{\"@context\":\"https:\/\/schema.org\",\"@graph\":[{\"@type\":\"WebPage\",\"@id\":\"https:\/\/hobstop.ee\/lv\/produkts\/molberts-lb-van-eyck\/\",\"url\":\"https:\/\/hobstop.ee\/lv\/produkts\/molberts-lb-van-eyck\/\",\"name\":\"Molberts L&B Van Eyck &#8211; Skizze\",\"isPartOf\":{\"@id\":\"https:\/\/hobstop.ee\/lv\/#website\"},\"datePublished\":\"2014-12-09T11:01:39+00:00\",\"dateModified\":\"-0001-11-30T00:00:00+00:00\",\"breadcrumb\":{\"@id\":\"https:\/\/hobstop.ee\/lv\/produkts\/molberts-lb-van-eyck\/#breadcrumb\"},\"inLanguage\":\"lv-LV\",\"potentialAction\":[{\"@type\":\"ReadAction\",\"target\":[\"https:\/\/hobstop.ee\/lv\/produkts\/molberts-lb-van-eyck\/\"]}]},{\"@type\":\"BreadcrumbList\",\"@id\":\"https:\/\/hobstop.ee\/lv\/produkts\/molberts-lb-van-eyck\/#breadcrumb\",\"itemListElement\":[{\"@type\":\"ListItem\",\"position\":1,\"name\":\"Avaleht\",\"item\":\"https:\/\/www.hobstop.ee\/lv\/\"},{\"@type\":\"ListItem\",\"position\":2,\"name\":\"Veikals\",\"item\":\"https:\/\/www.hobstop.ee\/lv\/veikals\/\"},{\"@type\":\"ListItem\",\"position\":3,\"name\":\"Molberts L&#038;B Van Eyck\"}]},{\"@type\":\"WebSite\",\"@id\":\"https:\/\/hobstop.ee\/lv\/#website\",\"url\":\"https:\/\/hobstop.ee\/lv\/\",\"name\":\"Skizze\",\"description\":\"M\u0101kslas, hobiju un skolas preces\",\"publisher\":{\"@id\":\"https:\/\/hobstop.ee\/lv\/#organization\"},\"potentialAction\":[{\"@type\":\"SearchAction\",\"target\":{\"@type\":\"EntryPoint\",\"urlTemplate\":\"https:\/\/hobstop.ee\/lv\/?s={search_term_string}\"},\"query-input\":{\"@type\":\"PropertyValueSpecification\",\"valueRequired\":true,\"valueName\":\"search_term_string\"}}],\"inLanguage\":\"lv-LV\"},{\"@type\":\"Organization\",\"@id\":\"https:\/\/hobstop.ee\/lv\/#organization\",\"name\":\"Vunder AS\",\"url\":\"https:\/\/hobstop.ee\/lv\/\",\"logo\":{\"@type\":\"ImageObject\",\"inLanguage\":\"lv-LV\",\"@id\":\"https:\/\/hobstop.ee\/lv\/#\/schema\/logo\/image\/\",\"url\":\"https:\/\/hobstop.ee\/media\/vunder-logo.png\",\"contentUrl\":\"https:\/\/hobstop.ee\/media\/vunder-logo.png\",\"width\":127,\"height\":55,\"caption\":\"Vunder AS\"},\"image\":{\"@id\":\"https:\/\/hobstop.ee\/lv\/#\/schema\/logo\/image\/\"},\"sameAs\":[\"http:\/\/www.facebook.com\/VunderSkizze\"]}]}<\/script>\n<!-- \/ Yoast SEO plugin. -->","yoast_head_json":{"title":"Molberts L&B Van Eyck &#8211; Skizze","robots":{"index":"noindex","follow":"follow","max-snippet":"max-snippet:-1","max-image-preview":"max-image-preview:large","max-video-preview":"max-video-preview:-1"},"og_locale":"lv_LV","og_type":"article","og_title":"Molberts L&B Van Eyck &#8211; Skizze","og_description":"Lefranc&#038;bourgeois Van Eyck ir viegls un kompakts galda molberts, izgatavots no augstv\u0113rt\u012bga di\u017eskab\u0101r\u017ea, kas apstr\u0101d\u0101ts ar e\u013c\u013cu. Gan augstumu, gan darba le\u0146\u0137i var regul\u0113t veiksm\u012bg\u0101kai darbu izpildei un lab\u0101k\u0101m gaismas piel\u0101go\u0161anas iesp\u0113j\u0101m. Salok\u0101ms viegl\u0101kai uzglab\u0101\u0161anai. Maksim\u0101lais audekla augstums 62cm.","og_url":"https:\/\/hobstop.ee\/lv\/produkts\/molberts-lb-van-eyck\/","og_site_name":"Skizze","article_publisher":"http:\/\/www.facebook.com\/VunderSkizze","article_modified_time":"-0001-11-30T00:00:00+00:00","twitter_card":"summary_large_image","schema":{"@context":"https:\/\/schema.org","@graph":[{"@type":"WebPage","@id":"https:\/\/hobstop.ee\/lv\/produkts\/molberts-lb-van-eyck\/","url":"https:\/\/hobstop.ee\/lv\/produkts\/molberts-lb-van-eyck\/","name":"Molberts L&B Van Eyck &#8211; Skizze","isPartOf":{"@id":"https:\/\/hobstop.ee\/lv\/#website"},"datePublished":"2014-12-09T11:01:39+00:00","dateModified":"-0001-11-30T00:00:00+00:00","breadcrumb":{"@id":"https:\/\/hobstop.ee\/lv\/produkts\/molberts-lb-van-eyck\/#breadcrumb"},"inLanguage":"lv-LV","potentialAction":[{"@type":"ReadAction","target":["https:\/\/hobstop.ee\/lv\/produkts\/molberts-lb-van-eyck\/"]}]},{"@type":"BreadcrumbList","@id":"https:\/\/hobstop.ee\/lv\/produkts\/molberts-lb-van-eyck\/#breadcrumb","itemListElement":[{"@type":"ListItem","position":1,"name":"Avaleht","item":"https:\/\/www.hobstop.ee\/lv\/"},{"@type":"ListItem","position":2,"name":"Veikals","item":"https:\/\/www.hobstop.ee\/lv\/veikals\/"},{"@type":"ListItem","position":3,"name":"Molberts L&#038;B Van Eyck"}]},{"@type":"WebSite","@id":"https:\/\/hobstop.ee\/lv\/#website","url":"https:\/\/hobstop.ee\/lv\/","name":"Skizze","description":"M\u0101kslas, hobiju un skolas preces","publisher":{"@id":"https:\/\/hobstop.ee\/lv\/#organization"},"potentialAction":[{"@type":"SearchAction","target":{"@type":"EntryPoint","urlTemplate":"https:\/\/hobstop.ee\/lv\/?s={search_term_string}"},"query-input":{"@type":"PropertyValueSpecification","valueRequired":true,"valueName":"search_term_string"}}],"inLanguage":"lv-LV"},{"@type":"Organization","@id":"https:\/\/hobstop.ee\/lv\/#organization","name":"Vunder AS","url":"https:\/\/hobstop.ee\/lv\/","logo":{"@type":"ImageObject","inLanguage":"lv-LV","@id":"https:\/\/hobstop.ee\/lv\/#\/schema\/logo\/image\/","url":"https:\/\/hobstop.ee\/media\/vunder-logo.png","contentUrl":"https:\/\/hobstop.ee\/media\/vunder-logo.png","width":127,"height":55,"caption":"Vunder AS"},"image":{"@id":"https:\/\/hobstop.ee\/lv\/#\/schema\/logo\/image\/"},"sameAs":["http:\/\/www.facebook.com\/VunderSkizze"]}]}},"_links":{"self":[{"href":"https:\/\/hobstop.ee\/lv\/wp-json\/wp\/v2\/product\/61906","targetHints":{"allow":["GET"]}}],"collection":[{"href":"https:\/\/hobstop.ee\/lv\/wp-json\/wp\/v2\/product"}],"about":[{"href":"https:\/\/hobstop.ee\/lv\/wp-json\/wp\/v2\/types\/product"}],"replies":[{"embeddable":true,"href":"https:\/\/hobstop.ee\/lv\/wp-json\/wp\/v2\/comments?post=61906"}],"wp:attachment":[{"href":"https:\/\/hobstop.ee\/lv\/wp-json\/wp\/v2\/media?parent=61906"}],"wp:term":[{"taxonomy":"product_cat","embeddable":true,"href":"https:\/\/hobstop.ee\/lv\/wp-json\/wp\/v2\/product_cat?post=61906"},{"taxonomy":"product_tag","embeddable":true,"href":"https:\/\/hobstop.ee\/lv\/wp-json\/wp\/v2\/product_tag?post=61906"}],"curies":[{"name":"wp","href":"https:\/\/api.w.org\/{rel}","templated":true}]}}