{"id":61931,"date":"2014-12-09T13:02:01","date_gmt":"2014-12-09T11:02:01","guid":{"rendered":"https:\/\/sharks.ee\/vunder_2019.klient.veebimajutus.ee\/?post_type=product&p=61931"},"modified":"2014-12-09T13:02:01","modified_gmt":"2014-12-09T10:02:01","slug":"krasainie-zimuli-derwent-metala-kaste","status":"publish","type":"product","link":"https:\/\/hobstop.ee\/lv\/produkts\/krasainie-zimuli-derwent-metala-kaste\/","title":{"rendered":"Krasainie zimuli Derwent met\u0101la kast\u0113"},"content":{"rendered":"<p>Ar \u0161\u012b unik\u0101l\u0101 z\u012bmu\u013ca pal\u012bdz\u012bbu j\u016bs var\u0113siet rad\u012bt darbu ar izsmalcin\u0101tu kr\u0101su diapazonu un rado\u0161u idejas izpild\u012bjumu. Z\u012bmulim ir izteikti plats serdenis ar kr\u0113mveid\u012bga tekst\u016bru, kas nodro\u0161ina pasakaini maigu un samtainu rezult\u0101tu. Izcils l\u012bdzeklis dabas z\u012bm\u0113jumos &#8211; daudzi m\u0101kslinieki uzskata to par neat\u0146emamu l\u012bdzekli  spalvu un ka\u017eoku izz\u012bm\u0113\u0161anai. Tas ir ide\u0101li piem\u0113rots ar\u012b smalku ainavu un detaliz\u0113tu portretu rad\u012b\u0161anai.<br \/>\nApa\u013c\u0161 8mm korpuss, serdenis d=5mm<\/p>\n","protected":false},"excerpt":{"rendered":"<p>Ar \u0161\u012b unik\u0101l\u0101 z\u012bmu\u013ca pal\u012bdz\u012bbu j\u016bs var\u0113siet rad\u012bt darbu ar izsmalcin\u0101tu kr\u0101su diapazonu un rado\u0161u idejas izpild\u012bjumu. Z\u012bmulim ir izteikti plats serdenis ar kr\u0113mveid\u012bga tekst\u016bru, kas nodro\u0161ina pasakaini maigu un samtainu rezult\u0101tu. Izcils l\u012bdzeklis dabas z\u012bm\u0113jumos &#8211; daudzi m\u0101kslinieki uzskata to par neat\u0146emamu l\u012bdzekli spalvu un ka\u017eoku izz\u012bm\u0113\u0161anai. Tas ir ide\u0101li piem\u0113rots ar\u012b smalku ainavu un detaliz\u0113tu portretu rad\u012b\u0161anai. Apa\u013c\u0161 8mm korpuss, serdenis d=5mm<\/p>\n","protected":false},"featured_media":354783,"comment_status":"closed","ping_status":"closed","template":"","meta":{"_acf_changed":false,"ep_exclude_from_search":false},"product_cat":[16123,18991,18931],"product_tag":[],"class_list":{"0":"post-61931","1":"product","2":"type-product","3":"status-publish","4":"has-post-thumbnail","6":"product_cat-makslas-piederumi-2","7":"product_cat-skicu-zimuli-2","8":"product_cat-zimesanas-piederumi-3","10":"first","11":"outofstock","12":"taxable","13":"shipping-taxable","14":"purchasable","15":"product-type-variable"},"acf":[],"yoast_head":"<!-- This site is optimized with the Yoast SEO plugin v24.1 - https:\/\/yoast.com\/wordpress\/plugins\/seo\/ -->\n<title>Krasainie zimuli Derwent met\u0101la kast\u0113 &#8211; Skizze<\/title>\n<meta name=\"robots\" content=\"noindex, follow, max-snippet:-1, max-image-preview:large, max-video-preview:-1\" \/>\n<meta property=\"og:locale\" content=\"lv_LV\" \/>\n<meta property=\"og:type\" content=\"article\" \/>\n<meta property=\"og:title\" content=\"Krasainie zimuli Derwent met\u0101la kast\u0113 &#8211; Skizze\" \/>\n<meta property=\"og:description\" content=\"Ar \u0161\u012b unik\u0101l\u0101 z\u012bmu\u013ca pal\u012bdz\u012bbu j\u016bs var\u0113siet rad\u012bt darbu ar izsmalcin\u0101tu kr\u0101su diapazonu un rado\u0161u idejas izpild\u012bjumu. Z\u012bmulim ir izteikti plats serdenis ar kr\u0113mveid\u012bga tekst\u016bru, kas nodro\u0161ina pasakaini maigu un samtainu rezult\u0101tu. Izcils l\u012bdzeklis dabas z\u012bm\u0113jumos &#8211; daudzi m\u0101kslinieki uzskata to par neat\u0146emamu l\u012bdzekli spalvu un ka\u017eoku izz\u012bm\u0113\u0161anai. Tas ir ide\u0101li piem\u0113rots ar\u012b smalku ainavu un detaliz\u0113tu portretu rad\u012b\u0161anai. Apa\u013c\u0161 8mm korpuss, serdenis d=5mm\" \/>\n<meta property=\"og:url\" content=\"https:\/\/hobstop.ee\/lv\/produkts\/krasainie-zimuli-derwent-metala-kaste\/\" \/>\n<meta property=\"og:site_name\" content=\"Skizze\" \/>\n<meta property=\"article:publisher\" content=\"http:\/\/www.facebook.com\/VunderSkizze\" \/>\n<meta property=\"article:modified_time\" content=\"-0001-11-30T00:00:00+00:00\" \/>\n<meta property=\"og:image\" content=\"https:\/\/hobstop.ee\/media\/2883.jpg\" \/>\n\t<meta property=\"og:image:width\" content=\"1024\" \/>\n\t<meta property=\"og:image:height\" content=\"768\" \/>\n\t<meta property=\"og:image:type\" content=\"image\/jpeg\" \/>\n<meta name=\"twitter:card\" content=\"summary_large_image\" \/>\n<script type=\"application\/ld+json\" class=\"yoast-schema-graph\">{\"@context\":\"https:\/\/schema.org\",\"@graph\":[{\"@type\":\"WebPage\",\"@id\":\"https:\/\/hobstop.ee\/lv\/produkts\/krasainie-zimuli-derwent-metala-kaste\/\",\"url\":\"https:\/\/hobstop.ee\/lv\/produkts\/krasainie-zimuli-derwent-metala-kaste\/\",\"name\":\"Krasainie zimuli Derwent met\u0101la kast\u0113 &#8211; Skizze\",\"isPartOf\":{\"@id\":\"https:\/\/hobstop.ee\/lv\/#website\"},\"primaryImageOfPage\":{\"@id\":\"https:\/\/hobstop.ee\/lv\/produkts\/krasainie-zimuli-derwent-metala-kaste\/#primaryimage\"},\"image\":{\"@id\":\"https:\/\/hobstop.ee\/lv\/produkts\/krasainie-zimuli-derwent-metala-kaste\/#primaryimage\"},\"thumbnailUrl\":\"https:\/\/hobstop.ee\/media\/2883.jpg\",\"datePublished\":\"2014-12-09T11:02:01+00:00\",\"dateModified\":\"-0001-11-30T00:00:00+00:00\",\"breadcrumb\":{\"@id\":\"https:\/\/hobstop.ee\/lv\/produkts\/krasainie-zimuli-derwent-metala-kaste\/#breadcrumb\"},\"inLanguage\":\"lv-LV\",\"potentialAction\":[{\"@type\":\"ReadAction\",\"target\":[\"https:\/\/hobstop.ee\/lv\/produkts\/krasainie-zimuli-derwent-metala-kaste\/\"]}]},{\"@type\":\"ImageObject\",\"inLanguage\":\"lv-LV\",\"@id\":\"https:\/\/hobstop.ee\/lv\/produkts\/krasainie-zimuli-derwent-metala-kaste\/#primaryimage\",\"url\":\"https:\/\/hobstop.ee\/media\/2883.jpg\",\"contentUrl\":\"https:\/\/hobstop.ee\/media\/2883.jpg\",\"width\":1024,\"height\":768},{\"@type\":\"BreadcrumbList\",\"@id\":\"https:\/\/hobstop.ee\/lv\/produkts\/krasainie-zimuli-derwent-metala-kaste\/#breadcrumb\",\"itemListElement\":[{\"@type\":\"ListItem\",\"position\":1,\"name\":\"Avaleht\",\"item\":\"https:\/\/hobstop.ee\/lv\/\"},{\"@type\":\"ListItem\",\"position\":2,\"name\":\"Veikals\",\"item\":\"https:\/\/hobstop.ee\/lv\/veikals\/\"},{\"@type\":\"ListItem\",\"position\":3,\"name\":\"Krasainie zimuli Derwent met\u0101la kast\u0113\"}]},{\"@type\":\"WebSite\",\"@id\":\"https:\/\/hobstop.ee\/lv\/#website\",\"url\":\"https:\/\/hobstop.ee\/lv\/\",\"name\":\"Skizze\",\"description\":\"M\u0101kslas, hobiju un skolas preces\",\"publisher\":{\"@id\":\"https:\/\/hobstop.ee\/lv\/#organization\"},\"potentialAction\":[{\"@type\":\"SearchAction\",\"target\":{\"@type\":\"EntryPoint\",\"urlTemplate\":\"https:\/\/hobstop.ee\/lv\/?s={search_term_string}\"},\"query-input\":{\"@type\":\"PropertyValueSpecification\",\"valueRequired\":true,\"valueName\":\"search_term_string\"}}],\"inLanguage\":\"lv-LV\"},{\"@type\":\"Organization\",\"@id\":\"https:\/\/hobstop.ee\/lv\/#organization\",\"name\":\"Vunder AS\",\"url\":\"https:\/\/hobstop.ee\/lv\/\",\"logo\":{\"@type\":\"ImageObject\",\"inLanguage\":\"lv-LV\",\"@id\":\"https:\/\/hobstop.ee\/lv\/#\/schema\/logo\/image\/\",\"url\":\"https:\/\/hobstop.ee\/media\/vunder-logo.png\",\"contentUrl\":\"https:\/\/hobstop.ee\/media\/vunder-logo.png\",\"width\":127,\"height\":55,\"caption\":\"Vunder AS\"},\"image\":{\"@id\":\"https:\/\/hobstop.ee\/lv\/#\/schema\/logo\/image\/\"},\"sameAs\":[\"http:\/\/www.facebook.com\/VunderSkizze\"]}]}<\/script>\n<!-- \/ Yoast SEO plugin. -->","yoast_head_json":{"title":"Krasainie zimuli Derwent met\u0101la kast\u0113 &#8211; Skizze","robots":{"index":"noindex","follow":"follow","max-snippet":"max-snippet:-1","max-image-preview":"max-image-preview:large","max-video-preview":"max-video-preview:-1"},"og_locale":"lv_LV","og_type":"article","og_title":"Krasainie zimuli Derwent met\u0101la kast\u0113 &#8211; Skizze","og_description":"Ar \u0161\u012b unik\u0101l\u0101 z\u012bmu\u013ca pal\u012bdz\u012bbu j\u016bs var\u0113siet rad\u012bt darbu ar izsmalcin\u0101tu kr\u0101su diapazonu un rado\u0161u idejas izpild\u012bjumu. Z\u012bmulim ir izteikti plats serdenis ar kr\u0113mveid\u012bga tekst\u016bru, kas nodro\u0161ina pasakaini maigu un samtainu rezult\u0101tu. Izcils l\u012bdzeklis dabas z\u012bm\u0113jumos &#8211; daudzi m\u0101kslinieki uzskata to par neat\u0146emamu l\u012bdzekli spalvu un ka\u017eoku izz\u012bm\u0113\u0161anai. Tas ir ide\u0101li piem\u0113rots ar\u012b smalku ainavu un detaliz\u0113tu portretu rad\u012b\u0161anai. Apa\u013c\u0161 8mm korpuss, serdenis d=5mm","og_url":"https:\/\/hobstop.ee\/lv\/produkts\/krasainie-zimuli-derwent-metala-kaste\/","og_site_name":"Skizze","article_publisher":"http:\/\/www.facebook.com\/VunderSkizze","article_modified_time":"-0001-11-30T00:00:00+00:00","og_image":[{"width":1024,"height":768,"url":"https:\/\/hobstop.ee\/media\/2883.jpg","type":"image\/jpeg"}],"twitter_card":"summary_large_image","schema":{"@context":"https:\/\/schema.org","@graph":[{"@type":"WebPage","@id":"https:\/\/hobstop.ee\/lv\/produkts\/krasainie-zimuli-derwent-metala-kaste\/","url":"https:\/\/hobstop.ee\/lv\/produkts\/krasainie-zimuli-derwent-metala-kaste\/","name":"Krasainie zimuli Derwent met\u0101la kast\u0113 &#8211; Skizze","isPartOf":{"@id":"https:\/\/hobstop.ee\/lv\/#website"},"primaryImageOfPage":{"@id":"https:\/\/hobstop.ee\/lv\/produkts\/krasainie-zimuli-derwent-metala-kaste\/#primaryimage"},"image":{"@id":"https:\/\/hobstop.ee\/lv\/produkts\/krasainie-zimuli-derwent-metala-kaste\/#primaryimage"},"thumbnailUrl":"https:\/\/hobstop.ee\/media\/2883.jpg","datePublished":"2014-12-09T11:02:01+00:00","dateModified":"-0001-11-30T00:00:00+00:00","breadcrumb":{"@id":"https:\/\/hobstop.ee\/lv\/produkts\/krasainie-zimuli-derwent-metala-kaste\/#breadcrumb"},"inLanguage":"lv-LV","potentialAction":[{"@type":"ReadAction","target":["https:\/\/hobstop.ee\/lv\/produkts\/krasainie-zimuli-derwent-metala-kaste\/"]}]},{"@type":"ImageObject","inLanguage":"lv-LV","@id":"https:\/\/hobstop.ee\/lv\/produkts\/krasainie-zimuli-derwent-metala-kaste\/#primaryimage","url":"https:\/\/hobstop.ee\/media\/2883.jpg","contentUrl":"https:\/\/hobstop.ee\/media\/2883.jpg","width":1024,"height":768},{"@type":"BreadcrumbList","@id":"https:\/\/hobstop.ee\/lv\/produkts\/krasainie-zimuli-derwent-metala-kaste\/#breadcrumb","itemListElement":[{"@type":"ListItem","position":1,"name":"Avaleht","item":"https:\/\/hobstop.ee\/lv\/"},{"@type":"ListItem","position":2,"name":"Veikals","item":"https:\/\/hobstop.ee\/lv\/veikals\/"},{"@type":"ListItem","position":3,"name":"Krasainie zimuli Derwent met\u0101la kast\u0113"}]},{"@type":"WebSite","@id":"https:\/\/hobstop.ee\/lv\/#website","url":"https:\/\/hobstop.ee\/lv\/","name":"Skizze","description":"M\u0101kslas, hobiju un skolas preces","publisher":{"@id":"https:\/\/hobstop.ee\/lv\/#organization"},"potentialAction":[{"@type":"SearchAction","target":{"@type":"EntryPoint","urlTemplate":"https:\/\/hobstop.ee\/lv\/?s={search_term_string}"},"query-input":{"@type":"PropertyValueSpecification","valueRequired":true,"valueName":"search_term_string"}}],"inLanguage":"lv-LV"},{"@type":"Organization","@id":"https:\/\/hobstop.ee\/lv\/#organization","name":"Vunder AS","url":"https:\/\/hobstop.ee\/lv\/","logo":{"@type":"ImageObject","inLanguage":"lv-LV","@id":"https:\/\/hobstop.ee\/lv\/#\/schema\/logo\/image\/","url":"https:\/\/hobstop.ee\/media\/vunder-logo.png","contentUrl":"https:\/\/hobstop.ee\/media\/vunder-logo.png","width":127,"height":55,"caption":"Vunder AS"},"image":{"@id":"https:\/\/hobstop.ee\/lv\/#\/schema\/logo\/image\/"},"sameAs":["http:\/\/www.facebook.com\/VunderSkizze"]}]}},"_links":{"self":[{"href":"https:\/\/hobstop.ee\/lv\/wp-json\/wp\/v2\/product\/61931","targetHints":{"allow":["GET"]}}],"collection":[{"href":"https:\/\/hobstop.ee\/lv\/wp-json\/wp\/v2\/product"}],"about":[{"href":"https:\/\/hobstop.ee\/lv\/wp-json\/wp\/v2\/types\/product"}],"replies":[{"embeddable":true,"href":"https:\/\/hobstop.ee\/lv\/wp-json\/wp\/v2\/comments?post=61931"}],"wp:featuredmedia":[{"embeddable":true,"href":"https:\/\/hobstop.ee\/lv\/wp-json\/wp\/v2\/media\/354783"}],"wp:attachment":[{"href":"https:\/\/hobstop.ee\/lv\/wp-json\/wp\/v2\/media?parent=61931"}],"wp:term":[{"taxonomy":"product_cat","embeddable":true,"href":"https:\/\/hobstop.ee\/lv\/wp-json\/wp\/v2\/product_cat?post=61931"},{"taxonomy":"product_tag","embeddable":true,"href":"https:\/\/hobstop.ee\/lv\/wp-json\/wp\/v2\/product_tag?post=61931"}],"curies":[{"name":"wp","href":"https:\/\/api.w.org\/{rel}","templated":true}]}}