{"id":61958,"date":"2014-12-09T13:02:05","date_gmt":"2014-12-09T11:02:05","guid":{"rendered":"https:\/\/sharks.ee\/vunder_2019.klient.veebimajutus.ee\/?post_type=product&p=61958"},"modified":"2014-12-09T13:02:05","modified_gmt":"2014-12-09T10:02:05","slug":"krasa-iespieddarbiem-charbonnel-aqua-wash-ella-75ml","status":"publish","type":"product","link":"https:\/\/hobstop.ee\/lv\/produkts\/krasa-iespieddarbiem-charbonnel-aqua-wash-ella-75ml\/","title":{"rendered":"Kr\u0101sa iespieddarbiem Charbonnel Aqua Wash e\u013c\u013ca 75ml"},"content":{"rendered":"<p>Izmanto Aqua Wash drukas kr\u0101su pl\u016b\u0161anas \u012bpa\u0161\u012bbu uzlabo\u0161anai, str\u0101d\u0101jot tehnik\u0101s, kam nepiecie\u0161ama \u0161\u0137idr\u0101ka kr\u0101sa (piem., monotipa un fotopolim\u0113ru tehnik\u0101). Aqua Wash  ir uz e\u013c\u013cas emulsijas b\u0101zes ra\u017eota drukas kr\u0101sa.  Darba piederumus mazg\u0101t \u016bden\u012b.<\/p>\n","protected":false},"excerpt":{"rendered":"<p>Izmanto Aqua Wash drukas kr\u0101su pl\u016b\u0161anas \u012bpa\u0161\u012bbu uzlabo\u0161anai, str\u0101d\u0101jot tehnik\u0101s, kam nepiecie\u0161ama \u0161\u0137idr\u0101ka kr\u0101sa (piem., monotipa un fotopolim\u0113ru tehnik\u0101). Aqua Wash ir uz e\u013c\u013cas emulsijas b\u0101zes ra\u017eota drukas kr\u0101sa. Darba piederumus mazg\u0101t \u016bden\u012b.<\/p>\n","protected":false},"featured_media":105654,"comment_status":"closed","ping_status":"closed","template":"","meta":{"_acf_changed":false,"ep_exclude_from_search":false},"product_cat":[18648,18317,16123],"product_tag":[],"class_list":{"0":"post-61958","1":"product","2":"type-product","3":"status-publish","4":"has-post-thumbnail","6":"product_cat-grafika","7":"product_cat-kodinasanas-krasas-un-lakas","8":"product_cat-makslas-piederumi-2","10":"first","11":"outofstock","12":"taxable","13":"shipping-taxable","14":"purchasable","15":"product-type-variable"},"acf":[],"yoast_head":"<!-- This site is optimized with the Yoast SEO plugin v24.1 - https:\/\/yoast.com\/wordpress\/plugins\/seo\/ -->\n<title>Kr\u0101sa iespieddarbiem Charbonnel Aqua Wash e\u013c\u013ca 75ml &#8211; Skizze<\/title>\n<meta name=\"robots\" content=\"noindex, follow, max-snippet:-1, max-image-preview:large, max-video-preview:-1\" \/>\n<meta property=\"og:locale\" content=\"lv_LV\" \/>\n<meta property=\"og:type\" content=\"article\" \/>\n<meta property=\"og:title\" content=\"Kr\u0101sa iespieddarbiem Charbonnel Aqua Wash e\u013c\u013ca 75ml &#8211; Skizze\" \/>\n<meta property=\"og:description\" content=\"Izmanto Aqua Wash drukas kr\u0101su pl\u016b\u0161anas \u012bpa\u0161\u012bbu uzlabo\u0161anai, str\u0101d\u0101jot tehnik\u0101s, kam nepiecie\u0161ama \u0161\u0137idr\u0101ka kr\u0101sa (piem., monotipa un fotopolim\u0113ru tehnik\u0101). Aqua Wash ir uz e\u013c\u013cas emulsijas b\u0101zes ra\u017eota drukas kr\u0101sa. Darba piederumus mazg\u0101t \u016bden\u012b.\" \/>\n<meta property=\"og:url\" content=\"https:\/\/hobstop.ee\/lv\/produkts\/krasa-iespieddarbiem-charbonnel-aqua-wash-ella-75ml\/\" \/>\n<meta property=\"og:site_name\" content=\"Skizze\" \/>\n<meta property=\"article:publisher\" content=\"http:\/\/www.facebook.com\/VunderSkizze\" \/>\n<meta property=\"article:modified_time\" content=\"-0001-11-30T00:00:00+00:00\" \/>\n<meta property=\"og:image\" content=\"https:\/\/hobstop.ee\/media\/2897.jpg\" \/>\n\t<meta property=\"og:image:width\" content=\"1024\" \/>\n\t<meta property=\"og:image:height\" content=\"768\" \/>\n\t<meta property=\"og:image:type\" content=\"image\/jpeg\" \/>\n<meta name=\"twitter:card\" content=\"summary_large_image\" \/>\n<script type=\"application\/ld+json\" class=\"yoast-schema-graph\">{\"@context\":\"https:\/\/schema.org\",\"@graph\":[{\"@type\":\"WebPage\",\"@id\":\"https:\/\/hobstop.ee\/lv\/produkts\/krasa-iespieddarbiem-charbonnel-aqua-wash-ella-75ml\/\",\"url\":\"https:\/\/hobstop.ee\/lv\/produkts\/krasa-iespieddarbiem-charbonnel-aqua-wash-ella-75ml\/\",\"name\":\"Kr\u0101sa iespieddarbiem Charbonnel Aqua Wash e\u013c\u013ca 75ml &#8211; Skizze\",\"isPartOf\":{\"@id\":\"https:\/\/hobstop.ee\/lv\/#website\"},\"primaryImageOfPage\":{\"@id\":\"https:\/\/hobstop.ee\/lv\/produkts\/krasa-iespieddarbiem-charbonnel-aqua-wash-ella-75ml\/#primaryimage\"},\"image\":{\"@id\":\"https:\/\/hobstop.ee\/lv\/produkts\/krasa-iespieddarbiem-charbonnel-aqua-wash-ella-75ml\/#primaryimage\"},\"thumbnailUrl\":\"https:\/\/hobstop.ee\/media\/2897.jpg\",\"datePublished\":\"2014-12-09T11:02:05+00:00\",\"dateModified\":\"-0001-11-30T00:00:00+00:00\",\"breadcrumb\":{\"@id\":\"https:\/\/hobstop.ee\/lv\/produkts\/krasa-iespieddarbiem-charbonnel-aqua-wash-ella-75ml\/#breadcrumb\"},\"inLanguage\":\"lv-LV\",\"potentialAction\":[{\"@type\":\"ReadAction\",\"target\":[\"https:\/\/hobstop.ee\/lv\/produkts\/krasa-iespieddarbiem-charbonnel-aqua-wash-ella-75ml\/\"]}]},{\"@type\":\"ImageObject\",\"inLanguage\":\"lv-LV\",\"@id\":\"https:\/\/hobstop.ee\/lv\/produkts\/krasa-iespieddarbiem-charbonnel-aqua-wash-ella-75ml\/#primaryimage\",\"url\":\"https:\/\/hobstop.ee\/media\/2897.jpg\",\"contentUrl\":\"https:\/\/hobstop.ee\/media\/2897.jpg\",\"width\":1024,\"height\":768},{\"@type\":\"BreadcrumbList\",\"@id\":\"https:\/\/hobstop.ee\/lv\/produkts\/krasa-iespieddarbiem-charbonnel-aqua-wash-ella-75ml\/#breadcrumb\",\"itemListElement\":[{\"@type\":\"ListItem\",\"position\":1,\"name\":\"Avaleht\",\"item\":\"https:\/\/hobstop.ee\/lv\/\"},{\"@type\":\"ListItem\",\"position\":2,\"name\":\"Veikals\",\"item\":\"https:\/\/hobstop.ee\/lv\/veikals\/\"},{\"@type\":\"ListItem\",\"position\":3,\"name\":\"Kr\u0101sa iespieddarbiem Charbonnel Aqua Wash e\u013c\u013ca 75ml\"}]},{\"@type\":\"WebSite\",\"@id\":\"https:\/\/hobstop.ee\/lv\/#website\",\"url\":\"https:\/\/hobstop.ee\/lv\/\",\"name\":\"Skizze\",\"description\":\"M\u0101kslas, hobiju un skolas preces\",\"publisher\":{\"@id\":\"https:\/\/hobstop.ee\/lv\/#organization\"},\"potentialAction\":[{\"@type\":\"SearchAction\",\"target\":{\"@type\":\"EntryPoint\",\"urlTemplate\":\"https:\/\/hobstop.ee\/lv\/?s={search_term_string}\"},\"query-input\":{\"@type\":\"PropertyValueSpecification\",\"valueRequired\":true,\"valueName\":\"search_term_string\"}}],\"inLanguage\":\"lv-LV\"},{\"@type\":\"Organization\",\"@id\":\"https:\/\/hobstop.ee\/lv\/#organization\",\"name\":\"Vunder AS\",\"url\":\"https:\/\/hobstop.ee\/lv\/\",\"logo\":{\"@type\":\"ImageObject\",\"inLanguage\":\"lv-LV\",\"@id\":\"https:\/\/hobstop.ee\/lv\/#\/schema\/logo\/image\/\",\"url\":\"https:\/\/hobstop.ee\/media\/vunder-logo.png\",\"contentUrl\":\"https:\/\/hobstop.ee\/media\/vunder-logo.png\",\"width\":127,\"height\":55,\"caption\":\"Vunder AS\"},\"image\":{\"@id\":\"https:\/\/hobstop.ee\/lv\/#\/schema\/logo\/image\/\"},\"sameAs\":[\"http:\/\/www.facebook.com\/VunderSkizze\"]}]}<\/script>\n<!-- \/ Yoast SEO plugin. -->","yoast_head_json":{"title":"Kr\u0101sa iespieddarbiem Charbonnel Aqua Wash e\u013c\u013ca 75ml &#8211; Skizze","robots":{"index":"noindex","follow":"follow","max-snippet":"max-snippet:-1","max-image-preview":"max-image-preview:large","max-video-preview":"max-video-preview:-1"},"og_locale":"lv_LV","og_type":"article","og_title":"Kr\u0101sa iespieddarbiem Charbonnel Aqua Wash e\u013c\u013ca 75ml &#8211; Skizze","og_description":"Izmanto Aqua Wash drukas kr\u0101su pl\u016b\u0161anas \u012bpa\u0161\u012bbu uzlabo\u0161anai, str\u0101d\u0101jot tehnik\u0101s, kam nepiecie\u0161ama \u0161\u0137idr\u0101ka kr\u0101sa (piem., monotipa un fotopolim\u0113ru tehnik\u0101). Aqua Wash ir uz e\u013c\u013cas emulsijas b\u0101zes ra\u017eota drukas kr\u0101sa. Darba piederumus mazg\u0101t \u016bden\u012b.","og_url":"https:\/\/hobstop.ee\/lv\/produkts\/krasa-iespieddarbiem-charbonnel-aqua-wash-ella-75ml\/","og_site_name":"Skizze","article_publisher":"http:\/\/www.facebook.com\/VunderSkizze","article_modified_time":"-0001-11-30T00:00:00+00:00","og_image":[{"width":1024,"height":768,"url":"https:\/\/hobstop.ee\/media\/2897.jpg","type":"image\/jpeg"}],"twitter_card":"summary_large_image","schema":{"@context":"https:\/\/schema.org","@graph":[{"@type":"WebPage","@id":"https:\/\/hobstop.ee\/lv\/produkts\/krasa-iespieddarbiem-charbonnel-aqua-wash-ella-75ml\/","url":"https:\/\/hobstop.ee\/lv\/produkts\/krasa-iespieddarbiem-charbonnel-aqua-wash-ella-75ml\/","name":"Kr\u0101sa iespieddarbiem Charbonnel Aqua Wash e\u013c\u013ca 75ml &#8211; Skizze","isPartOf":{"@id":"https:\/\/hobstop.ee\/lv\/#website"},"primaryImageOfPage":{"@id":"https:\/\/hobstop.ee\/lv\/produkts\/krasa-iespieddarbiem-charbonnel-aqua-wash-ella-75ml\/#primaryimage"},"image":{"@id":"https:\/\/hobstop.ee\/lv\/produkts\/krasa-iespieddarbiem-charbonnel-aqua-wash-ella-75ml\/#primaryimage"},"thumbnailUrl":"https:\/\/hobstop.ee\/media\/2897.jpg","datePublished":"2014-12-09T11:02:05+00:00","dateModified":"-0001-11-30T00:00:00+00:00","breadcrumb":{"@id":"https:\/\/hobstop.ee\/lv\/produkts\/krasa-iespieddarbiem-charbonnel-aqua-wash-ella-75ml\/#breadcrumb"},"inLanguage":"lv-LV","potentialAction":[{"@type":"ReadAction","target":["https:\/\/hobstop.ee\/lv\/produkts\/krasa-iespieddarbiem-charbonnel-aqua-wash-ella-75ml\/"]}]},{"@type":"ImageObject","inLanguage":"lv-LV","@id":"https:\/\/hobstop.ee\/lv\/produkts\/krasa-iespieddarbiem-charbonnel-aqua-wash-ella-75ml\/#primaryimage","url":"https:\/\/hobstop.ee\/media\/2897.jpg","contentUrl":"https:\/\/hobstop.ee\/media\/2897.jpg","width":1024,"height":768},{"@type":"BreadcrumbList","@id":"https:\/\/hobstop.ee\/lv\/produkts\/krasa-iespieddarbiem-charbonnel-aqua-wash-ella-75ml\/#breadcrumb","itemListElement":[{"@type":"ListItem","position":1,"name":"Avaleht","item":"https:\/\/hobstop.ee\/lv\/"},{"@type":"ListItem","position":2,"name":"Veikals","item":"https:\/\/hobstop.ee\/lv\/veikals\/"},{"@type":"ListItem","position":3,"name":"Kr\u0101sa iespieddarbiem Charbonnel Aqua Wash e\u013c\u013ca 75ml"}]},{"@type":"WebSite","@id":"https:\/\/hobstop.ee\/lv\/#website","url":"https:\/\/hobstop.ee\/lv\/","name":"Skizze","description":"M\u0101kslas, hobiju un skolas preces","publisher":{"@id":"https:\/\/hobstop.ee\/lv\/#organization"},"potentialAction":[{"@type":"SearchAction","target":{"@type":"EntryPoint","urlTemplate":"https:\/\/hobstop.ee\/lv\/?s={search_term_string}"},"query-input":{"@type":"PropertyValueSpecification","valueRequired":true,"valueName":"search_term_string"}}],"inLanguage":"lv-LV"},{"@type":"Organization","@id":"https:\/\/hobstop.ee\/lv\/#organization","name":"Vunder AS","url":"https:\/\/hobstop.ee\/lv\/","logo":{"@type":"ImageObject","inLanguage":"lv-LV","@id":"https:\/\/hobstop.ee\/lv\/#\/schema\/logo\/image\/","url":"https:\/\/hobstop.ee\/media\/vunder-logo.png","contentUrl":"https:\/\/hobstop.ee\/media\/vunder-logo.png","width":127,"height":55,"caption":"Vunder AS"},"image":{"@id":"https:\/\/hobstop.ee\/lv\/#\/schema\/logo\/image\/"},"sameAs":["http:\/\/www.facebook.com\/VunderSkizze"]}]}},"_links":{"self":[{"href":"https:\/\/hobstop.ee\/lv\/wp-json\/wp\/v2\/product\/61958","targetHints":{"allow":["GET"]}}],"collection":[{"href":"https:\/\/hobstop.ee\/lv\/wp-json\/wp\/v2\/product"}],"about":[{"href":"https:\/\/hobstop.ee\/lv\/wp-json\/wp\/v2\/types\/product"}],"replies":[{"embeddable":true,"href":"https:\/\/hobstop.ee\/lv\/wp-json\/wp\/v2\/comments?post=61958"}],"wp:featuredmedia":[{"embeddable":true,"href":"https:\/\/hobstop.ee\/lv\/wp-json\/wp\/v2\/media\/105654"}],"wp:attachment":[{"href":"https:\/\/hobstop.ee\/lv\/wp-json\/wp\/v2\/media?parent=61958"}],"wp:term":[{"taxonomy":"product_cat","embeddable":true,"href":"https:\/\/hobstop.ee\/lv\/wp-json\/wp\/v2\/product_cat?post=61958"},{"taxonomy":"product_tag","embeddable":true,"href":"https:\/\/hobstop.ee\/lv\/wp-json\/wp\/v2\/product_tag?post=61958"}],"curies":[{"name":"wp","href":"https:\/\/api.w.org\/{rel}","templated":true}]}}