{"id":61974,"date":"2014-12-09T13:02:11","date_gmt":"2014-12-09T11:02:11","guid":{"rendered":"https:\/\/sharks.ee\/vunder_2019.klient.veebimajutus.ee\/?post_type=product&p=61974"},"modified":"2014-12-09T13:02:11","modified_gmt":"2014-12-09T10:02:11","slug":"mikstie-pasteli-sennelier-komplekts","status":"publish","type":"product","link":"https:\/\/hobstop.ee\/lv\/produkts\/mikstie-pasteli-sennelier-komplekts\/","title":{"rendered":"M\u012bkstie paste\u013ci Sennelier komplekts"},"content":{"rendered":"<p>20. gadsimta s\u0101kum\u0101 bija nepiecie\u0161ami vair\u0101k nek\u0101 tr\u012bs gadi, lai rad\u012btu Sennelier \u012bpa\u0161i m\u012bksto paste\u013cu &#8220;\u00e0 l\u2019\u00e9cu&#8221; sortimentu, t\u0101d\u0113j\u0101di izveidojot vienu no pla\u0161\u0101kajiem kr\u0101su paste\u013cu kl\u0101stiem. Gadsimta gait\u0101 \u0161is to\u0146u kl\u0101sts ir papildin\u0101jies, bet to ra\u017eo\u0161anas tehnika nav main\u012bjusies.<br \/>\nSennelier \u012bpa\u0161i m\u012bkstie paste\u013ci sast\u0101v no augstas kvalit\u0101tes un t\u012bra pigmenta, kas ir sajaukts ar dab\u012bgu caursp\u012bd\u012bgu saistvielu. Augst\u0101s kvalit\u0101tes \u201c\u00e0 l\u2019\u00e9cu\u201d paste\u013cu sast\u0101vs ir rad\u012bts lieliskas saistvielas un pigmenta attiec\u012bbas rezult\u0101t\u0101. To\u0146u ieg\u016b\u0161anai tiek pievienots liel\u0101ks apjoms miner\u0101lo smalku pulveru t\u0101, lai tie visbeidzot l\u0113n\u0101m virz\u0101s uz balto kr\u0101su. Lieliskais spilgtums tiek ieg\u016bts no pigmenta un dab\u012bgo miner\u0101lu da\u013ci\u0146u sajaukuma, ko Sennelier atkl\u0101ja 1905. gad\u0101, un kas joproj\u0101m tiek lietots kop\u0161 tiem laikiem.<br \/>\nSennelier cilindrisko paste\u013cu ra\u017eo\u0161anas proces\u0101, paste\u013cu masa netiek saspiesta un tie iz\u017e\u016bst dab\u012bg\u0101 veid\u0101. M\u0101kslas darba dz\u012bves ilgumu nodro\u0161ina gan paste\u013cu kvalit\u0101te, gan ar\u012b pamata virsmas kvalit\u0101te. Ja darb\u0101 tiek pielietota daudzu p\u0101rkl\u0101jumu tehnika, tad starpsl\u0101\u0146us ieteicams nostiprin\u0101t. Tom\u0113r ir j\u0101izvair\u0101s no virs\u0113j\u0101 sl\u0101\u0146a p\u0101rliekas nostiprin\u0101\u0161anas, jo t\u0101d\u0113j\u0101di tiek zaud\u0113ts to\u0146u s\u0101kotn\u0113jais spilgtums.<\/p>\n","protected":false},"excerpt":{"rendered":"<p>20. gadsimta s\u0101kum\u0101 bija nepiecie\u0161ami vair\u0101k nek\u0101 tr\u012bs gadi, lai rad\u012btu Sennelier \u012bpa\u0161i m\u012bksto paste\u013cu &#8220;\u00e0 l\u2019\u00e9cu&#8221; sortimentu, t\u0101d\u0113j\u0101di izveidojot vienu no pla\u0161\u0101kajiem kr\u0101su paste\u013cu kl\u0101stiem. Gadsimta gait\u0101 \u0161is to\u0146u kl\u0101sts ir papildin\u0101jies, bet to ra\u017eo\u0161anas tehnika nav main\u012bjusies. Sennelier \u012bpa\u0161i m\u012bkstie paste\u013ci sast\u0101v no augstas kvalit\u0101tes un t\u012bra pigmenta, kas ir sajaukts ar dab\u012bgu caursp\u012bd\u012bgu saistvielu. Augst\u0101s kvalit\u0101tes \u201c\u00e0 l\u2019\u00e9cu\u201d paste\u013cu sast\u0101vs ir rad\u012bts lieliskas saistvielas un pigmenta attiec\u012bbas rezult\u0101t\u0101. To\u0146u ieg\u016b\u0161anai tiek pievienots liel\u0101ks apjoms miner\u0101lo smalku pulveru t\u0101, lai tie visbeidzot l\u0113n\u0101m virz\u0101s uz balto kr\u0101su. Lieliskais spilgtums tiek ieg\u016bts no pigmenta un dab\u012bgo miner\u0101lu da\u013ci\u0146u sajaukuma, ko Sennelier atkl\u0101ja 1905. gad\u0101, un kas joproj\u0101m tiek lietots kop\u0161 tiem laikiem. Sennelier cilindrisko paste\u013cu ra\u017eo\u0161anas proces\u0101, paste\u013cu masa netiek saspiesta un tie iz\u017e\u016bst dab\u012bg\u0101 veid\u0101. M\u0101kslas darba dz\u012bves ilgumu nodro\u0161ina gan paste\u013cu kvalit\u0101te, gan ar\u012b pamata virsmas kvalit\u0101te. Ja darb\u0101 tiek pielietota daudzu p\u0101rkl\u0101jumu tehnika, tad starpsl\u0101\u0146us ieteicams nostiprin\u0101t. Tom\u0113r ir j\u0101izvair\u0101s no virs\u0113j\u0101 sl\u0101\u0146a p\u0101rliekas nostiprin\u0101\u0161anas, jo t\u0101d\u0113j\u0101di tiek zaud\u0113ts to\u0146u s\u0101kotn\u0113jais spilgtums.<\/p>\n","protected":false},"featured_media":105682,"comment_status":"closed","ping_status":"closed","template":"","meta":{"_acf_changed":false,"ep_exclude_from_search":false},"product_cat":[14951,16123,18931],"product_tag":[],"class_list":{"0":"post-61974","1":"product","2":"type-product","3":"status-publish","4":"has-post-thumbnail","6":"product_cat-kritini","7":"product_cat-makslas-piederumi-2","8":"product_cat-zimesanas-piederumi-3","10":"first","11":"instock","12":"taxable","13":"shipping-taxable","14":"purchasable","15":"product-type-variable"},"acf":[],"yoast_head":"<!-- This site is optimized with the Yoast SEO plugin v24.1 - https:\/\/yoast.com\/wordpress\/plugins\/seo\/ -->\n<title>M\u012bkstie paste\u013ci Sennelier komplekts &#8211; Skizze<\/title>\n<meta name=\"robots\" content=\"noindex, follow, max-snippet:-1, max-image-preview:large, max-video-preview:-1\" \/>\n<meta property=\"og:locale\" content=\"lv_LV\" \/>\n<meta property=\"og:type\" content=\"article\" \/>\n<meta property=\"og:title\" content=\"M\u012bkstie paste\u013ci Sennelier komplekts &#8211; Skizze\" \/>\n<meta property=\"og:description\" content=\"20. gadsimta s\u0101kum\u0101 bija nepiecie\u0161ami vair\u0101k nek\u0101 tr\u012bs gadi, lai rad\u012btu Sennelier \u012bpa\u0161i m\u012bksto paste\u013cu &#8220;\u00e0 l\u2019\u00e9cu&#8221; sortimentu, t\u0101d\u0113j\u0101di izveidojot vienu no pla\u0161\u0101kajiem kr\u0101su paste\u013cu kl\u0101stiem. Gadsimta gait\u0101 \u0161is to\u0146u kl\u0101sts ir papildin\u0101jies, bet to ra\u017eo\u0161anas tehnika nav main\u012bjusies. Sennelier \u012bpa\u0161i m\u012bkstie paste\u013ci sast\u0101v no augstas kvalit\u0101tes un t\u012bra pigmenta, kas ir sajaukts ar dab\u012bgu caursp\u012bd\u012bgu saistvielu. Augst\u0101s kvalit\u0101tes \u201c\u00e0 l\u2019\u00e9cu\u201d paste\u013cu sast\u0101vs ir rad\u012bts lieliskas saistvielas un pigmenta attiec\u012bbas rezult\u0101t\u0101. To\u0146u ieg\u016b\u0161anai tiek pievienots liel\u0101ks apjoms miner\u0101lo smalku pulveru t\u0101, lai tie visbeidzot l\u0113n\u0101m virz\u0101s uz balto kr\u0101su. Lieliskais spilgtums tiek ieg\u016bts no pigmenta un dab\u012bgo miner\u0101lu da\u013ci\u0146u sajaukuma, ko Sennelier atkl\u0101ja 1905. gad\u0101, un kas joproj\u0101m tiek lietots kop\u0161 tiem laikiem. Sennelier cilindrisko paste\u013cu ra\u017eo\u0161anas proces\u0101, paste\u013cu masa netiek saspiesta un tie iz\u017e\u016bst dab\u012bg\u0101 veid\u0101. M\u0101kslas darba dz\u012bves ilgumu nodro\u0161ina gan paste\u013cu kvalit\u0101te, gan ar\u012b pamata virsmas kvalit\u0101te. Ja darb\u0101 tiek pielietota daudzu p\u0101rkl\u0101jumu tehnika, tad starpsl\u0101\u0146us ieteicams nostiprin\u0101t. Tom\u0113r ir j\u0101izvair\u0101s no virs\u0113j\u0101 sl\u0101\u0146a p\u0101rliekas nostiprin\u0101\u0161anas, jo t\u0101d\u0113j\u0101di tiek zaud\u0113ts to\u0146u s\u0101kotn\u0113jais spilgtums.\" \/>\n<meta property=\"og:url\" content=\"https:\/\/hobstop.ee\/lv\/produkts\/mikstie-pasteli-sennelier-komplekts\/\" \/>\n<meta property=\"og:site_name\" content=\"Skizze\" \/>\n<meta property=\"article:publisher\" content=\"http:\/\/www.facebook.com\/VunderSkizze\" \/>\n<meta property=\"article:modified_time\" content=\"-0001-11-30T00:00:00+00:00\" \/>\n<meta property=\"og:image\" content=\"https:\/\/www.hobstop.ee\/media\/2943.jpg\" \/>\n\t<meta property=\"og:image:width\" content=\"1024\" \/>\n\t<meta property=\"og:image:height\" content=\"768\" \/>\n\t<meta property=\"og:image:type\" content=\"image\/jpeg\" \/>\n<meta name=\"twitter:card\" content=\"summary_large_image\" \/>\n<meta name=\"twitter:label1\" content=\"Est. reading time\" \/>\n\t<meta name=\"twitter:data1\" content=\"1 min\u016b\u0161u\" \/>\n<script type=\"application\/ld+json\" class=\"yoast-schema-graph\">{\"@context\":\"https:\/\/schema.org\",\"@graph\":[{\"@type\":\"WebPage\",\"@id\":\"https:\/\/hobstop.ee\/lv\/produkts\/mikstie-pasteli-sennelier-komplekts\/\",\"url\":\"https:\/\/hobstop.ee\/lv\/produkts\/mikstie-pasteli-sennelier-komplekts\/\",\"name\":\"M\u012bkstie paste\u013ci Sennelier komplekts &#8211; Skizze\",\"isPartOf\":{\"@id\":\"https:\/\/hobstop.ee\/lv\/#website\"},\"primaryImageOfPage\":{\"@id\":\"https:\/\/hobstop.ee\/lv\/produkts\/mikstie-pasteli-sennelier-komplekts\/#primaryimage\"},\"image\":{\"@id\":\"https:\/\/hobstop.ee\/lv\/produkts\/mikstie-pasteli-sennelier-komplekts\/#primaryimage\"},\"thumbnailUrl\":\"https:\/\/hobstop.ee\/media\/2943.jpg\",\"datePublished\":\"2014-12-09T11:02:11+00:00\",\"dateModified\":\"-0001-11-30T00:00:00+00:00\",\"breadcrumb\":{\"@id\":\"https:\/\/hobstop.ee\/lv\/produkts\/mikstie-pasteli-sennelier-komplekts\/#breadcrumb\"},\"inLanguage\":\"lv-LV\",\"potentialAction\":[{\"@type\":\"ReadAction\",\"target\":[\"https:\/\/hobstop.ee\/lv\/produkts\/mikstie-pasteli-sennelier-komplekts\/\"]}]},{\"@type\":\"ImageObject\",\"inLanguage\":\"lv-LV\",\"@id\":\"https:\/\/hobstop.ee\/lv\/produkts\/mikstie-pasteli-sennelier-komplekts\/#primaryimage\",\"url\":\"https:\/\/hobstop.ee\/media\/2943.jpg\",\"contentUrl\":\"https:\/\/hobstop.ee\/media\/2943.jpg\",\"width\":1024,\"height\":768},{\"@type\":\"BreadcrumbList\",\"@id\":\"https:\/\/hobstop.ee\/lv\/produkts\/mikstie-pasteli-sennelier-komplekts\/#breadcrumb\",\"itemListElement\":[{\"@type\":\"ListItem\",\"position\":1,\"name\":\"Avaleht\",\"item\":\"https:\/\/www.hobstop.ee\/lv\/\"},{\"@type\":\"ListItem\",\"position\":2,\"name\":\"Veikals\",\"item\":\"https:\/\/www.hobstop.ee\/lv\/veikals\/\"},{\"@type\":\"ListItem\",\"position\":3,\"name\":\"M\u012bkstie paste\u013ci Sennelier komplekts\"}]},{\"@type\":\"WebSite\",\"@id\":\"https:\/\/hobstop.ee\/lv\/#website\",\"url\":\"https:\/\/hobstop.ee\/lv\/\",\"name\":\"Skizze\",\"description\":\"M\u0101kslas, hobiju un skolas preces\",\"publisher\":{\"@id\":\"https:\/\/hobstop.ee\/lv\/#organization\"},\"potentialAction\":[{\"@type\":\"SearchAction\",\"target\":{\"@type\":\"EntryPoint\",\"urlTemplate\":\"https:\/\/hobstop.ee\/lv\/?s={search_term_string}\"},\"query-input\":{\"@type\":\"PropertyValueSpecification\",\"valueRequired\":true,\"valueName\":\"search_term_string\"}}],\"inLanguage\":\"lv-LV\"},{\"@type\":\"Organization\",\"@id\":\"https:\/\/hobstop.ee\/lv\/#organization\",\"name\":\"Vunder AS\",\"url\":\"https:\/\/hobstop.ee\/lv\/\",\"logo\":{\"@type\":\"ImageObject\",\"inLanguage\":\"lv-LV\",\"@id\":\"https:\/\/hobstop.ee\/lv\/#\/schema\/logo\/image\/\",\"url\":\"https:\/\/hobstop.ee\/media\/vunder-logo.png\",\"contentUrl\":\"https:\/\/hobstop.ee\/media\/vunder-logo.png\",\"width\":127,\"height\":55,\"caption\":\"Vunder AS\"},\"image\":{\"@id\":\"https:\/\/hobstop.ee\/lv\/#\/schema\/logo\/image\/\"},\"sameAs\":[\"http:\/\/www.facebook.com\/VunderSkizze\"]}]}<\/script>\n<!-- \/ Yoast SEO plugin. -->","yoast_head_json":{"title":"M\u012bkstie paste\u013ci Sennelier komplekts &#8211; Skizze","robots":{"index":"noindex","follow":"follow","max-snippet":"max-snippet:-1","max-image-preview":"max-image-preview:large","max-video-preview":"max-video-preview:-1"},"og_locale":"lv_LV","og_type":"article","og_title":"M\u012bkstie paste\u013ci Sennelier komplekts &#8211; Skizze","og_description":"20. gadsimta s\u0101kum\u0101 bija nepiecie\u0161ami vair\u0101k nek\u0101 tr\u012bs gadi, lai rad\u012btu Sennelier \u012bpa\u0161i m\u012bksto paste\u013cu &#8220;\u00e0 l\u2019\u00e9cu&#8221; sortimentu, t\u0101d\u0113j\u0101di izveidojot vienu no pla\u0161\u0101kajiem kr\u0101su paste\u013cu kl\u0101stiem. Gadsimta gait\u0101 \u0161is to\u0146u kl\u0101sts ir papildin\u0101jies, bet to ra\u017eo\u0161anas tehnika nav main\u012bjusies. Sennelier \u012bpa\u0161i m\u012bkstie paste\u013ci sast\u0101v no augstas kvalit\u0101tes un t\u012bra pigmenta, kas ir sajaukts ar dab\u012bgu caursp\u012bd\u012bgu saistvielu. Augst\u0101s kvalit\u0101tes \u201c\u00e0 l\u2019\u00e9cu\u201d paste\u013cu sast\u0101vs ir rad\u012bts lieliskas saistvielas un pigmenta attiec\u012bbas rezult\u0101t\u0101. To\u0146u ieg\u016b\u0161anai tiek pievienots liel\u0101ks apjoms miner\u0101lo smalku pulveru t\u0101, lai tie visbeidzot l\u0113n\u0101m virz\u0101s uz balto kr\u0101su. Lieliskais spilgtums tiek ieg\u016bts no pigmenta un dab\u012bgo miner\u0101lu da\u013ci\u0146u sajaukuma, ko Sennelier atkl\u0101ja 1905. gad\u0101, un kas joproj\u0101m tiek lietots kop\u0161 tiem laikiem. Sennelier cilindrisko paste\u013cu ra\u017eo\u0161anas proces\u0101, paste\u013cu masa netiek saspiesta un tie iz\u017e\u016bst dab\u012bg\u0101 veid\u0101. M\u0101kslas darba dz\u012bves ilgumu nodro\u0161ina gan paste\u013cu kvalit\u0101te, gan ar\u012b pamata virsmas kvalit\u0101te. Ja darb\u0101 tiek pielietota daudzu p\u0101rkl\u0101jumu tehnika, tad starpsl\u0101\u0146us ieteicams nostiprin\u0101t. Tom\u0113r ir j\u0101izvair\u0101s no virs\u0113j\u0101 sl\u0101\u0146a p\u0101rliekas nostiprin\u0101\u0161anas, jo t\u0101d\u0113j\u0101di tiek zaud\u0113ts to\u0146u s\u0101kotn\u0113jais spilgtums.","og_url":"https:\/\/hobstop.ee\/lv\/produkts\/mikstie-pasteli-sennelier-komplekts\/","og_site_name":"Skizze","article_publisher":"http:\/\/www.facebook.com\/VunderSkizze","article_modified_time":"-0001-11-30T00:00:00+00:00","og_image":[{"width":1024,"height":768,"url":"https:\/\/www.hobstop.ee\/media\/2943.jpg","type":"image\/jpeg"}],"twitter_card":"summary_large_image","twitter_misc":{"Est. reading time":"1 min\u016b\u0161u"},"schema":{"@context":"https:\/\/schema.org","@graph":[{"@type":"WebPage","@id":"https:\/\/hobstop.ee\/lv\/produkts\/mikstie-pasteli-sennelier-komplekts\/","url":"https:\/\/hobstop.ee\/lv\/produkts\/mikstie-pasteli-sennelier-komplekts\/","name":"M\u012bkstie paste\u013ci Sennelier komplekts &#8211; Skizze","isPartOf":{"@id":"https:\/\/hobstop.ee\/lv\/#website"},"primaryImageOfPage":{"@id":"https:\/\/hobstop.ee\/lv\/produkts\/mikstie-pasteli-sennelier-komplekts\/#primaryimage"},"image":{"@id":"https:\/\/hobstop.ee\/lv\/produkts\/mikstie-pasteli-sennelier-komplekts\/#primaryimage"},"thumbnailUrl":"https:\/\/hobstop.ee\/media\/2943.jpg","datePublished":"2014-12-09T11:02:11+00:00","dateModified":"-0001-11-30T00:00:00+00:00","breadcrumb":{"@id":"https:\/\/hobstop.ee\/lv\/produkts\/mikstie-pasteli-sennelier-komplekts\/#breadcrumb"},"inLanguage":"lv-LV","potentialAction":[{"@type":"ReadAction","target":["https:\/\/hobstop.ee\/lv\/produkts\/mikstie-pasteli-sennelier-komplekts\/"]}]},{"@type":"ImageObject","inLanguage":"lv-LV","@id":"https:\/\/hobstop.ee\/lv\/produkts\/mikstie-pasteli-sennelier-komplekts\/#primaryimage","url":"https:\/\/hobstop.ee\/media\/2943.jpg","contentUrl":"https:\/\/hobstop.ee\/media\/2943.jpg","width":1024,"height":768},{"@type":"BreadcrumbList","@id":"https:\/\/hobstop.ee\/lv\/produkts\/mikstie-pasteli-sennelier-komplekts\/#breadcrumb","itemListElement":[{"@type":"ListItem","position":1,"name":"Avaleht","item":"https:\/\/www.hobstop.ee\/lv\/"},{"@type":"ListItem","position":2,"name":"Veikals","item":"https:\/\/www.hobstop.ee\/lv\/veikals\/"},{"@type":"ListItem","position":3,"name":"M\u012bkstie paste\u013ci Sennelier komplekts"}]},{"@type":"WebSite","@id":"https:\/\/hobstop.ee\/lv\/#website","url":"https:\/\/hobstop.ee\/lv\/","name":"Skizze","description":"M\u0101kslas, hobiju un skolas preces","publisher":{"@id":"https:\/\/hobstop.ee\/lv\/#organization"},"potentialAction":[{"@type":"SearchAction","target":{"@type":"EntryPoint","urlTemplate":"https:\/\/hobstop.ee\/lv\/?s={search_term_string}"},"query-input":{"@type":"PropertyValueSpecification","valueRequired":true,"valueName":"search_term_string"}}],"inLanguage":"lv-LV"},{"@type":"Organization","@id":"https:\/\/hobstop.ee\/lv\/#organization","name":"Vunder AS","url":"https:\/\/hobstop.ee\/lv\/","logo":{"@type":"ImageObject","inLanguage":"lv-LV","@id":"https:\/\/hobstop.ee\/lv\/#\/schema\/logo\/image\/","url":"https:\/\/hobstop.ee\/media\/vunder-logo.png","contentUrl":"https:\/\/hobstop.ee\/media\/vunder-logo.png","width":127,"height":55,"caption":"Vunder AS"},"image":{"@id":"https:\/\/hobstop.ee\/lv\/#\/schema\/logo\/image\/"},"sameAs":["http:\/\/www.facebook.com\/VunderSkizze"]}]}},"_links":{"self":[{"href":"https:\/\/hobstop.ee\/lv\/wp-json\/wp\/v2\/product\/61974","targetHints":{"allow":["GET"]}}],"collection":[{"href":"https:\/\/hobstop.ee\/lv\/wp-json\/wp\/v2\/product"}],"about":[{"href":"https:\/\/hobstop.ee\/lv\/wp-json\/wp\/v2\/types\/product"}],"replies":[{"embeddable":true,"href":"https:\/\/hobstop.ee\/lv\/wp-json\/wp\/v2\/comments?post=61974"}],"wp:featuredmedia":[{"embeddable":true,"href":"https:\/\/hobstop.ee\/lv\/wp-json\/wp\/v2\/media\/105682"}],"wp:attachment":[{"href":"https:\/\/hobstop.ee\/lv\/wp-json\/wp\/v2\/media?parent=61974"}],"wp:term":[{"taxonomy":"product_cat","embeddable":true,"href":"https:\/\/hobstop.ee\/lv\/wp-json\/wp\/v2\/product_cat?post=61974"},{"taxonomy":"product_tag","embeddable":true,"href":"https:\/\/hobstop.ee\/lv\/wp-json\/wp\/v2\/product_tag?post=61974"}],"curies":[{"name":"wp","href":"https:\/\/api.w.org\/{rel}","templated":true}]}}