{"id":61995,"date":"2014-12-09T13:02:15","date_gmt":"2014-12-09T11:02:15","guid":{"rendered":"https:\/\/sharks.ee\/vunder_2019.klient.veebimajutus.ee\/?post_type=product&p=61995"},"modified":"2014-12-09T13:02:15","modified_gmt":"2014-12-09T10:02:15","slug":"zivju-lime-sennelier","status":"publish","type":"product","link":"https:\/\/hobstop.ee\/lv\/produkts\/zivju-lime-sennelier\/","title":{"rendered":"Zivju l\u012bme Sennelier"},"content":{"rendered":"<p>Zivju l\u012bme, kas tiek gatavota no zivs p\u016b\u0161\u013ca un skrim\u0161\u013cu iek\u0161\u0113jiem sl\u0101\u0146iem (50% saus\u0101 ekstrakta), tiek lietota jau kop\u0161 seniem laikiem, un t\u0101 ir daudzu tradicion\u0101lo formulu sast\u0101vda\u013ca. L\u012bdz 20. gadsimta vidum t\u0101 tika izmantota k\u0101 univers\u0101l\u0101 l\u012bme da\u017e\u0101diem pielietojuma m\u0113r\u0137iem, ietverot pap\u012bra, kartona un auduma l\u012bm\u0113\u0161anai. Zivju l\u012bme tiek lietota ar\u012b temperas un auduma l\u012bmju ra\u017eo\u0161an\u0101 un restaur\u0113\u0161anas darbos, 30-50% koncentr\u0101cij\u0101. \u0160\u012b \u0161\u0137\u012bsto\u0161\u0101 l\u012bme satur konserv\u0113jo\u0161o vielu. Tai ir labas l\u012bm\u0113\u0161anas \u012bpa\u0161\u012bbas, t\u0101 l\u0113ni \u017e\u016bst un ir pieejama \u0161\u0137idr\u0101 form\u0101. To var lietot ar\u012b aukstu.<\/p>\n","protected":false},"excerpt":{"rendered":"<p>Zivju l\u012bme, kas tiek gatavota no zivs p\u016b\u0161\u013ca un skrim\u0161\u013cu iek\u0161\u0113jiem sl\u0101\u0146iem (50% saus\u0101 ekstrakta), tiek lietota jau kop\u0161 seniem laikiem, un t\u0101 ir daudzu tradicion\u0101lo formulu sast\u0101vda\u013ca. L\u012bdz 20. gadsimta vidum t\u0101 tika izmantota k\u0101 univers\u0101l\u0101 l\u012bme da\u017e\u0101diem pielietojuma m\u0113r\u0137iem, ietverot pap\u012bra, kartona un auduma l\u012bm\u0113\u0161anai. Zivju l\u012bme tiek lietota ar\u012b temperas un auduma l\u012bmju ra\u017eo\u0161an\u0101 un restaur\u0113\u0161anas darbos, 30-50% koncentr\u0101cij\u0101. \u0160\u012b \u0161\u0137\u012bsto\u0161\u0101 l\u012bme satur konserv\u0113jo\u0161o vielu. Tai ir labas l\u012bm\u0113\u0161anas \u012bpa\u0161\u012bbas, t\u0101 l\u0113ni \u017e\u016bst un ir pieejama \u0161\u0137idr\u0101 form\u0101. To var lietot ar\u012b aukstu.<\/p>\n","protected":false},"featured_media":105714,"comment_status":"closed","ping_status":"closed","template":"","meta":{"_acf_changed":false,"ep_exclude_from_search":false},"product_cat":[18761,17980,16123],"product_tag":[],"class_list":{"0":"post-61995","1":"product","2":"type-product","3":"status-publish","4":"has-post-thumbnail","6":"product_cat-dazadi-30","7":"product_cat-krasas-un-gleznosanas-paligmateriali","8":"product_cat-makslas-piederumi-2","10":"first","11":"outofstock","12":"taxable","13":"shipping-taxable","14":"purchasable","15":"product-type-variable"},"acf":[],"yoast_head":"<!-- This site is optimized with the Yoast SEO plugin v24.1 - https:\/\/yoast.com\/wordpress\/plugins\/seo\/ -->\n<title>Zivju l\u012bme Sennelier &#8211; Skizze<\/title>\n<meta name=\"robots\" content=\"noindex, follow, max-snippet:-1, max-image-preview:large, max-video-preview:-1\" \/>\n<meta property=\"og:locale\" content=\"lv_LV\" \/>\n<meta property=\"og:type\" content=\"article\" \/>\n<meta property=\"og:title\" content=\"Zivju l\u012bme Sennelier &#8211; Skizze\" \/>\n<meta property=\"og:description\" content=\"Zivju l\u012bme, kas tiek gatavota no zivs p\u016b\u0161\u013ca un skrim\u0161\u013cu iek\u0161\u0113jiem sl\u0101\u0146iem (50% saus\u0101 ekstrakta), tiek lietota jau kop\u0161 seniem laikiem, un t\u0101 ir daudzu tradicion\u0101lo formulu sast\u0101vda\u013ca. L\u012bdz 20. gadsimta vidum t\u0101 tika izmantota k\u0101 univers\u0101l\u0101 l\u012bme da\u017e\u0101diem pielietojuma m\u0113r\u0137iem, ietverot pap\u012bra, kartona un auduma l\u012bm\u0113\u0161anai. Zivju l\u012bme tiek lietota ar\u012b temperas un auduma l\u012bmju ra\u017eo\u0161an\u0101 un restaur\u0113\u0161anas darbos, 30-50% koncentr\u0101cij\u0101. \u0160\u012b \u0161\u0137\u012bsto\u0161\u0101 l\u012bme satur konserv\u0113jo\u0161o vielu. Tai ir labas l\u012bm\u0113\u0161anas \u012bpa\u0161\u012bbas, t\u0101 l\u0113ni \u017e\u016bst un ir pieejama \u0161\u0137idr\u0101 form\u0101. To var lietot ar\u012b aukstu.\" \/>\n<meta property=\"og:url\" content=\"https:\/\/hobstop.ee\/lv\/produkts\/zivju-lime-sennelier\/\" \/>\n<meta property=\"og:site_name\" content=\"Skizze\" \/>\n<meta property=\"article:publisher\" content=\"http:\/\/www.facebook.com\/VunderSkizze\" \/>\n<meta property=\"article:modified_time\" content=\"-0001-11-30T00:00:00+00:00\" \/>\n<meta property=\"og:image\" content=\"https:\/\/hobstop.ee\/media\/2951.jpg\" \/>\n\t<meta property=\"og:image:width\" content=\"1024\" \/>\n\t<meta property=\"og:image:height\" content=\"768\" \/>\n\t<meta property=\"og:image:type\" content=\"image\/jpeg\" \/>\n<meta name=\"twitter:card\" content=\"summary_large_image\" \/>\n<meta name=\"twitter:label1\" content=\"Est. reading time\" \/>\n\t<meta name=\"twitter:data1\" content=\"1 min\u016b\u0161u\" \/>\n<script type=\"application\/ld+json\" class=\"yoast-schema-graph\">{\"@context\":\"https:\/\/schema.org\",\"@graph\":[{\"@type\":\"WebPage\",\"@id\":\"https:\/\/hobstop.ee\/lv\/produkts\/zivju-lime-sennelier\/\",\"url\":\"https:\/\/hobstop.ee\/lv\/produkts\/zivju-lime-sennelier\/\",\"name\":\"Zivju l\u012bme Sennelier &#8211; Skizze\",\"isPartOf\":{\"@id\":\"https:\/\/hobstop.ee\/lv\/#website\"},\"primaryImageOfPage\":{\"@id\":\"https:\/\/hobstop.ee\/lv\/produkts\/zivju-lime-sennelier\/#primaryimage\"},\"image\":{\"@id\":\"https:\/\/hobstop.ee\/lv\/produkts\/zivju-lime-sennelier\/#primaryimage\"},\"thumbnailUrl\":\"https:\/\/hobstop.ee\/media\/2951.jpg\",\"datePublished\":\"2014-12-09T11:02:15+00:00\",\"dateModified\":\"-0001-11-30T00:00:00+00:00\",\"breadcrumb\":{\"@id\":\"https:\/\/hobstop.ee\/lv\/produkts\/zivju-lime-sennelier\/#breadcrumb\"},\"inLanguage\":\"lv-LV\",\"potentialAction\":[{\"@type\":\"ReadAction\",\"target\":[\"https:\/\/hobstop.ee\/lv\/produkts\/zivju-lime-sennelier\/\"]}]},{\"@type\":\"ImageObject\",\"inLanguage\":\"lv-LV\",\"@id\":\"https:\/\/hobstop.ee\/lv\/produkts\/zivju-lime-sennelier\/#primaryimage\",\"url\":\"https:\/\/hobstop.ee\/media\/2951.jpg\",\"contentUrl\":\"https:\/\/hobstop.ee\/media\/2951.jpg\",\"width\":1024,\"height\":768},{\"@type\":\"BreadcrumbList\",\"@id\":\"https:\/\/hobstop.ee\/lv\/produkts\/zivju-lime-sennelier\/#breadcrumb\",\"itemListElement\":[{\"@type\":\"ListItem\",\"position\":1,\"name\":\"Avaleht\",\"item\":\"https:\/\/www.hobstop.ee\/lv\/\"},{\"@type\":\"ListItem\",\"position\":2,\"name\":\"Veikals\",\"item\":\"https:\/\/www.hobstop.ee\/lv\/veikals\/\"},{\"@type\":\"ListItem\",\"position\":3,\"name\":\"Zivju l\u012bme Sennelier\"}]},{\"@type\":\"WebSite\",\"@id\":\"https:\/\/hobstop.ee\/lv\/#website\",\"url\":\"https:\/\/hobstop.ee\/lv\/\",\"name\":\"Skizze\",\"description\":\"M\u0101kslas, hobiju un skolas preces\",\"publisher\":{\"@id\":\"https:\/\/hobstop.ee\/lv\/#organization\"},\"potentialAction\":[{\"@type\":\"SearchAction\",\"target\":{\"@type\":\"EntryPoint\",\"urlTemplate\":\"https:\/\/hobstop.ee\/lv\/?s={search_term_string}\"},\"query-input\":{\"@type\":\"PropertyValueSpecification\",\"valueRequired\":true,\"valueName\":\"search_term_string\"}}],\"inLanguage\":\"lv-LV\"},{\"@type\":\"Organization\",\"@id\":\"https:\/\/hobstop.ee\/lv\/#organization\",\"name\":\"Vunder AS\",\"url\":\"https:\/\/hobstop.ee\/lv\/\",\"logo\":{\"@type\":\"ImageObject\",\"inLanguage\":\"lv-LV\",\"@id\":\"https:\/\/hobstop.ee\/lv\/#\/schema\/logo\/image\/\",\"url\":\"https:\/\/hobstop.ee\/media\/vunder-logo.png\",\"contentUrl\":\"https:\/\/hobstop.ee\/media\/vunder-logo.png\",\"width\":127,\"height\":55,\"caption\":\"Vunder AS\"},\"image\":{\"@id\":\"https:\/\/hobstop.ee\/lv\/#\/schema\/logo\/image\/\"},\"sameAs\":[\"http:\/\/www.facebook.com\/VunderSkizze\"]}]}<\/script>\n<!-- \/ Yoast SEO plugin. -->","yoast_head_json":{"title":"Zivju l\u012bme Sennelier &#8211; Skizze","robots":{"index":"noindex","follow":"follow","max-snippet":"max-snippet:-1","max-image-preview":"max-image-preview:large","max-video-preview":"max-video-preview:-1"},"og_locale":"lv_LV","og_type":"article","og_title":"Zivju l\u012bme Sennelier &#8211; Skizze","og_description":"Zivju l\u012bme, kas tiek gatavota no zivs p\u016b\u0161\u013ca un skrim\u0161\u013cu iek\u0161\u0113jiem sl\u0101\u0146iem (50% saus\u0101 ekstrakta), tiek lietota jau kop\u0161 seniem laikiem, un t\u0101 ir daudzu tradicion\u0101lo formulu sast\u0101vda\u013ca. L\u012bdz 20. gadsimta vidum t\u0101 tika izmantota k\u0101 univers\u0101l\u0101 l\u012bme da\u017e\u0101diem pielietojuma m\u0113r\u0137iem, ietverot pap\u012bra, kartona un auduma l\u012bm\u0113\u0161anai. Zivju l\u012bme tiek lietota ar\u012b temperas un auduma l\u012bmju ra\u017eo\u0161an\u0101 un restaur\u0113\u0161anas darbos, 30-50% koncentr\u0101cij\u0101. \u0160\u012b \u0161\u0137\u012bsto\u0161\u0101 l\u012bme satur konserv\u0113jo\u0161o vielu. Tai ir labas l\u012bm\u0113\u0161anas \u012bpa\u0161\u012bbas, t\u0101 l\u0113ni \u017e\u016bst un ir pieejama \u0161\u0137idr\u0101 form\u0101. To var lietot ar\u012b aukstu.","og_url":"https:\/\/hobstop.ee\/lv\/produkts\/zivju-lime-sennelier\/","og_site_name":"Skizze","article_publisher":"http:\/\/www.facebook.com\/VunderSkizze","article_modified_time":"-0001-11-30T00:00:00+00:00","og_image":[{"width":1024,"height":768,"url":"https:\/\/hobstop.ee\/media\/2951.jpg","type":"image\/jpeg"}],"twitter_card":"summary_large_image","twitter_misc":{"Est. reading time":"1 min\u016b\u0161u"},"schema":{"@context":"https:\/\/schema.org","@graph":[{"@type":"WebPage","@id":"https:\/\/hobstop.ee\/lv\/produkts\/zivju-lime-sennelier\/","url":"https:\/\/hobstop.ee\/lv\/produkts\/zivju-lime-sennelier\/","name":"Zivju l\u012bme Sennelier &#8211; Skizze","isPartOf":{"@id":"https:\/\/hobstop.ee\/lv\/#website"},"primaryImageOfPage":{"@id":"https:\/\/hobstop.ee\/lv\/produkts\/zivju-lime-sennelier\/#primaryimage"},"image":{"@id":"https:\/\/hobstop.ee\/lv\/produkts\/zivju-lime-sennelier\/#primaryimage"},"thumbnailUrl":"https:\/\/hobstop.ee\/media\/2951.jpg","datePublished":"2014-12-09T11:02:15+00:00","dateModified":"-0001-11-30T00:00:00+00:00","breadcrumb":{"@id":"https:\/\/hobstop.ee\/lv\/produkts\/zivju-lime-sennelier\/#breadcrumb"},"inLanguage":"lv-LV","potentialAction":[{"@type":"ReadAction","target":["https:\/\/hobstop.ee\/lv\/produkts\/zivju-lime-sennelier\/"]}]},{"@type":"ImageObject","inLanguage":"lv-LV","@id":"https:\/\/hobstop.ee\/lv\/produkts\/zivju-lime-sennelier\/#primaryimage","url":"https:\/\/hobstop.ee\/media\/2951.jpg","contentUrl":"https:\/\/hobstop.ee\/media\/2951.jpg","width":1024,"height":768},{"@type":"BreadcrumbList","@id":"https:\/\/hobstop.ee\/lv\/produkts\/zivju-lime-sennelier\/#breadcrumb","itemListElement":[{"@type":"ListItem","position":1,"name":"Avaleht","item":"https:\/\/www.hobstop.ee\/lv\/"},{"@type":"ListItem","position":2,"name":"Veikals","item":"https:\/\/www.hobstop.ee\/lv\/veikals\/"},{"@type":"ListItem","position":3,"name":"Zivju l\u012bme Sennelier"}]},{"@type":"WebSite","@id":"https:\/\/hobstop.ee\/lv\/#website","url":"https:\/\/hobstop.ee\/lv\/","name":"Skizze","description":"M\u0101kslas, hobiju un skolas preces","publisher":{"@id":"https:\/\/hobstop.ee\/lv\/#organization"},"potentialAction":[{"@type":"SearchAction","target":{"@type":"EntryPoint","urlTemplate":"https:\/\/hobstop.ee\/lv\/?s={search_term_string}"},"query-input":{"@type":"PropertyValueSpecification","valueRequired":true,"valueName":"search_term_string"}}],"inLanguage":"lv-LV"},{"@type":"Organization","@id":"https:\/\/hobstop.ee\/lv\/#organization","name":"Vunder AS","url":"https:\/\/hobstop.ee\/lv\/","logo":{"@type":"ImageObject","inLanguage":"lv-LV","@id":"https:\/\/hobstop.ee\/lv\/#\/schema\/logo\/image\/","url":"https:\/\/hobstop.ee\/media\/vunder-logo.png","contentUrl":"https:\/\/hobstop.ee\/media\/vunder-logo.png","width":127,"height":55,"caption":"Vunder AS"},"image":{"@id":"https:\/\/hobstop.ee\/lv\/#\/schema\/logo\/image\/"},"sameAs":["http:\/\/www.facebook.com\/VunderSkizze"]}]}},"_links":{"self":[{"href":"https:\/\/hobstop.ee\/lv\/wp-json\/wp\/v2\/product\/61995","targetHints":{"allow":["GET"]}}],"collection":[{"href":"https:\/\/hobstop.ee\/lv\/wp-json\/wp\/v2\/product"}],"about":[{"href":"https:\/\/hobstop.ee\/lv\/wp-json\/wp\/v2\/types\/product"}],"replies":[{"embeddable":true,"href":"https:\/\/hobstop.ee\/lv\/wp-json\/wp\/v2\/comments?post=61995"}],"wp:featuredmedia":[{"embeddable":true,"href":"https:\/\/hobstop.ee\/lv\/wp-json\/wp\/v2\/media\/105714"}],"wp:attachment":[{"href":"https:\/\/hobstop.ee\/lv\/wp-json\/wp\/v2\/media?parent=61995"}],"wp:term":[{"taxonomy":"product_cat","embeddable":true,"href":"https:\/\/hobstop.ee\/lv\/wp-json\/wp\/v2\/product_cat?post=61995"},{"taxonomy":"product_tag","embeddable":true,"href":"https:\/\/hobstop.ee\/lv\/wp-json\/wp\/v2\/product_tag?post=61995"}],"curies":[{"name":"wp","href":"https:\/\/api.w.org\/{rel}","templated":true}]}}