{"id":62010,"date":"2014-12-09T13:02:17","date_gmt":"2014-12-09T11:02:17","guid":{"rendered":"https:\/\/sharks.ee\/vunder_2019.klient.veebimajutus.ee\/?post_type=product&p=62010"},"modified":"2014-12-09T13:02:17","modified_gmt":"2014-12-09T10:02:17","slug":"ar-udeni-uzpildama-ota","status":"publish","type":"product","link":"https:\/\/hobstop.ee\/lv\/produkts\/ar-udeni-uzpildama-ota\/","title":{"rendered":"Ar \u016bdeni uzpild\u0101ma ota"},"content":{"rendered":"<p>Gleznojiet it visur! Vital Brushes otas glezno\u0161anai \u0101rpus telp\u0101m bez \u016bdens trauka un iz\u0161\u013cakst\u012b\u0161an\u0101s briesm\u0101m. \u0112rti l\u012bdzi \u0146emamas un piepild\u0101mas. Derwent otas ar triju veidu uzga\u013ciem ir \u012bpa\u0161i piem\u0113rotas darbam br\u012bv\u0101 dab\u0101. Speci\u0101lais v\u0101rsts nodro\u0161ina vienm\u0113r\u012bgu \u016bdens piepl\u016bdi otas galam. Ar \u016bdeni uzpild\u0101m\u0101s otas patent\u0113tais v\u0101rsts nepie\u013cauj \u016bdens p\u0101rlieku nopl\u016bdi. Otas ir viegli t\u012br\u0101mas.  Katram otas uzgalim (smalks, vid\u0113js, liels) ir savs numurs, kas \u013cauj \u0113rti un \u0101tri atrast sev nepiecie\u0161amo. Inovat\u012bv\u0101s formas lielais otas uzgalis \u013cauj veidot gan prec\u012bzas un asas l\u012bnijas, gan platus otas vilcienus.<\/p>\n","protected":false},"excerpt":{"rendered":"<p>Gleznojiet it visur! Vital Brushes otas glezno\u0161anai \u0101rpus telp\u0101m bez \u016bdens trauka un iz\u0161\u013cakst\u012b\u0161an\u0101s briesm\u0101m. \u0112rti l\u012bdzi \u0146emamas un piepild\u0101mas. Derwent otas ar triju veidu uzga\u013ciem ir \u012bpa\u0161i piem\u0113rotas darbam br\u012bv\u0101 dab\u0101. Speci\u0101lais v\u0101rsts nodro\u0161ina vienm\u0113r\u012bgu \u016bdens piepl\u016bdi otas galam. Ar \u016bdeni uzpild\u0101m\u0101s otas patent\u0113tais v\u0101rsts nepie\u013cauj \u016bdens p\u0101rlieku nopl\u016bdi. Otas ir viegli t\u012br\u0101mas. Katram otas uzgalim (smalks, vid\u0113js, liels) ir savs numurs, kas \u013cauj \u0113rti un \u0101tri atrast sev nepiecie\u0161amo. Inovat\u012bv\u0101s formas lielais otas uzgalis \u013cauj veidot gan prec\u012bzas un asas l\u012bnijas, gan platus otas vilcienus.<\/p>\n","protected":false},"featured_media":105734,"comment_status":"closed","ping_status":"closed","template":"","meta":{"_acf_changed":false,"ep_exclude_from_search":false},"product_cat":[16123,18754,18931],"product_tag":[],"class_list":{"0":"post-62010","1":"product","2":"type-product","3":"status-publish","4":"has-post-thumbnail","6":"product_cat-makslas-piederumi-2","7":"product_cat-papildus-piederumi","8":"product_cat-zimesanas-piederumi-3","10":"first","11":"instock","12":"taxable","13":"shipping-taxable","14":"purchasable","15":"product-type-variable"},"acf":[],"yoast_head":"<!-- This site is optimized with the Yoast SEO plugin v24.1 - https:\/\/yoast.com\/wordpress\/plugins\/seo\/ -->\n<title>Ar \u016bdeni uzpild\u0101ma ota &#8211; Skizze<\/title>\n<meta name=\"robots\" content=\"noindex, follow, max-snippet:-1, max-image-preview:large, max-video-preview:-1\" \/>\n<meta property=\"og:locale\" content=\"lv_LV\" \/>\n<meta property=\"og:type\" content=\"article\" \/>\n<meta property=\"og:title\" content=\"Ar \u016bdeni uzpild\u0101ma ota &#8211; Skizze\" \/>\n<meta property=\"og:description\" content=\"Gleznojiet it visur! Vital Brushes otas glezno\u0161anai \u0101rpus telp\u0101m bez \u016bdens trauka un iz\u0161\u013cakst\u012b\u0161an\u0101s briesm\u0101m. \u0112rti l\u012bdzi \u0146emamas un piepild\u0101mas. Derwent otas ar triju veidu uzga\u013ciem ir \u012bpa\u0161i piem\u0113rotas darbam br\u012bv\u0101 dab\u0101. Speci\u0101lais v\u0101rsts nodro\u0161ina vienm\u0113r\u012bgu \u016bdens piepl\u016bdi otas galam. Ar \u016bdeni uzpild\u0101m\u0101s otas patent\u0113tais v\u0101rsts nepie\u013cauj \u016bdens p\u0101rlieku nopl\u016bdi. Otas ir viegli t\u012br\u0101mas. Katram otas uzgalim (smalks, vid\u0113js, liels) ir savs numurs, kas \u013cauj \u0113rti un \u0101tri atrast sev nepiecie\u0161amo. Inovat\u012bv\u0101s formas lielais otas uzgalis \u013cauj veidot gan prec\u012bzas un asas l\u012bnijas, gan platus otas vilcienus.\" \/>\n<meta property=\"og:url\" content=\"https:\/\/hobstop.ee\/lv\/produkts\/ar-udeni-uzpildama-ota\/\" \/>\n<meta property=\"og:site_name\" content=\"Skizze\" \/>\n<meta property=\"article:publisher\" content=\"http:\/\/www.facebook.com\/VunderSkizze\" \/>\n<meta property=\"article:modified_time\" content=\"-0001-11-30T00:00:00+00:00\" \/>\n<meta property=\"og:image\" content=\"https:\/\/hobstop.ee\/media\/2966.jpg\" \/>\n\t<meta property=\"og:image:width\" content=\"1024\" \/>\n\t<meta property=\"og:image:height\" content=\"768\" \/>\n\t<meta property=\"og:image:type\" content=\"image\/jpeg\" \/>\n<meta name=\"twitter:card\" content=\"summary_large_image\" \/>\n<meta name=\"twitter:label1\" content=\"Est. reading time\" \/>\n\t<meta name=\"twitter:data1\" content=\"1 min\u016b\u0161u\" \/>\n<script type=\"application\/ld+json\" class=\"yoast-schema-graph\">{\"@context\":\"https:\/\/schema.org\",\"@graph\":[{\"@type\":\"WebPage\",\"@id\":\"https:\/\/hobstop.ee\/lv\/produkts\/ar-udeni-uzpildama-ota\/\",\"url\":\"https:\/\/hobstop.ee\/lv\/produkts\/ar-udeni-uzpildama-ota\/\",\"name\":\"Ar \u016bdeni uzpild\u0101ma ota &#8211; Skizze\",\"isPartOf\":{\"@id\":\"https:\/\/hobstop.ee\/lv\/#website\"},\"primaryImageOfPage\":{\"@id\":\"https:\/\/hobstop.ee\/lv\/produkts\/ar-udeni-uzpildama-ota\/#primaryimage\"},\"image\":{\"@id\":\"https:\/\/hobstop.ee\/lv\/produkts\/ar-udeni-uzpildama-ota\/#primaryimage\"},\"thumbnailUrl\":\"https:\/\/hobstop.ee\/media\/2966.jpg\",\"datePublished\":\"2014-12-09T11:02:17+00:00\",\"dateModified\":\"-0001-11-30T00:00:00+00:00\",\"breadcrumb\":{\"@id\":\"https:\/\/hobstop.ee\/lv\/produkts\/ar-udeni-uzpildama-ota\/#breadcrumb\"},\"inLanguage\":\"lv-LV\",\"potentialAction\":[{\"@type\":\"ReadAction\",\"target\":[\"https:\/\/hobstop.ee\/lv\/produkts\/ar-udeni-uzpildama-ota\/\"]}]},{\"@type\":\"ImageObject\",\"inLanguage\":\"lv-LV\",\"@id\":\"https:\/\/hobstop.ee\/lv\/produkts\/ar-udeni-uzpildama-ota\/#primaryimage\",\"url\":\"https:\/\/hobstop.ee\/media\/2966.jpg\",\"contentUrl\":\"https:\/\/hobstop.ee\/media\/2966.jpg\",\"width\":1024,\"height\":768},{\"@type\":\"BreadcrumbList\",\"@id\":\"https:\/\/hobstop.ee\/lv\/produkts\/ar-udeni-uzpildama-ota\/#breadcrumb\",\"itemListElement\":[{\"@type\":\"ListItem\",\"position\":1,\"name\":\"Avaleht\",\"item\":\"https:\/\/hobstop.ee\/lv\/\"},{\"@type\":\"ListItem\",\"position\":2,\"name\":\"Veikals\",\"item\":\"https:\/\/hobstop.ee\/lv\/veikals\/\"},{\"@type\":\"ListItem\",\"position\":3,\"name\":\"Ar \u016bdeni uzpild\u0101ma ota\"}]},{\"@type\":\"WebSite\",\"@id\":\"https:\/\/hobstop.ee\/lv\/#website\",\"url\":\"https:\/\/hobstop.ee\/lv\/\",\"name\":\"Skizze\",\"description\":\"M\u0101kslas, hobiju un skolas preces\",\"publisher\":{\"@id\":\"https:\/\/hobstop.ee\/lv\/#organization\"},\"potentialAction\":[{\"@type\":\"SearchAction\",\"target\":{\"@type\":\"EntryPoint\",\"urlTemplate\":\"https:\/\/hobstop.ee\/lv\/?s={search_term_string}\"},\"query-input\":{\"@type\":\"PropertyValueSpecification\",\"valueRequired\":true,\"valueName\":\"search_term_string\"}}],\"inLanguage\":\"lv-LV\"},{\"@type\":\"Organization\",\"@id\":\"https:\/\/hobstop.ee\/lv\/#organization\",\"name\":\"Vunder AS\",\"url\":\"https:\/\/hobstop.ee\/lv\/\",\"logo\":{\"@type\":\"ImageObject\",\"inLanguage\":\"lv-LV\",\"@id\":\"https:\/\/hobstop.ee\/lv\/#\/schema\/logo\/image\/\",\"url\":\"https:\/\/hobstop.ee\/media\/vunder-logo.png\",\"contentUrl\":\"https:\/\/hobstop.ee\/media\/vunder-logo.png\",\"width\":127,\"height\":55,\"caption\":\"Vunder AS\"},\"image\":{\"@id\":\"https:\/\/hobstop.ee\/lv\/#\/schema\/logo\/image\/\"},\"sameAs\":[\"http:\/\/www.facebook.com\/VunderSkizze\"]}]}<\/script>\n<!-- \/ Yoast SEO plugin. -->","yoast_head_json":{"title":"Ar \u016bdeni uzpild\u0101ma ota &#8211; Skizze","robots":{"index":"noindex","follow":"follow","max-snippet":"max-snippet:-1","max-image-preview":"max-image-preview:large","max-video-preview":"max-video-preview:-1"},"og_locale":"lv_LV","og_type":"article","og_title":"Ar \u016bdeni uzpild\u0101ma ota &#8211; Skizze","og_description":"Gleznojiet it visur! Vital Brushes otas glezno\u0161anai \u0101rpus telp\u0101m bez \u016bdens trauka un iz\u0161\u013cakst\u012b\u0161an\u0101s briesm\u0101m. \u0112rti l\u012bdzi \u0146emamas un piepild\u0101mas. Derwent otas ar triju veidu uzga\u013ciem ir \u012bpa\u0161i piem\u0113rotas darbam br\u012bv\u0101 dab\u0101. Speci\u0101lais v\u0101rsts nodro\u0161ina vienm\u0113r\u012bgu \u016bdens piepl\u016bdi otas galam. Ar \u016bdeni uzpild\u0101m\u0101s otas patent\u0113tais v\u0101rsts nepie\u013cauj \u016bdens p\u0101rlieku nopl\u016bdi. Otas ir viegli t\u012br\u0101mas. Katram otas uzgalim (smalks, vid\u0113js, liels) ir savs numurs, kas \u013cauj \u0113rti un \u0101tri atrast sev nepiecie\u0161amo. Inovat\u012bv\u0101s formas lielais otas uzgalis \u013cauj veidot gan prec\u012bzas un asas l\u012bnijas, gan platus otas vilcienus.","og_url":"https:\/\/hobstop.ee\/lv\/produkts\/ar-udeni-uzpildama-ota\/","og_site_name":"Skizze","article_publisher":"http:\/\/www.facebook.com\/VunderSkizze","article_modified_time":"-0001-11-30T00:00:00+00:00","og_image":[{"width":1024,"height":768,"url":"https:\/\/hobstop.ee\/media\/2966.jpg","type":"image\/jpeg"}],"twitter_card":"summary_large_image","twitter_misc":{"Est. reading time":"1 min\u016b\u0161u"},"schema":{"@context":"https:\/\/schema.org","@graph":[{"@type":"WebPage","@id":"https:\/\/hobstop.ee\/lv\/produkts\/ar-udeni-uzpildama-ota\/","url":"https:\/\/hobstop.ee\/lv\/produkts\/ar-udeni-uzpildama-ota\/","name":"Ar \u016bdeni uzpild\u0101ma ota &#8211; Skizze","isPartOf":{"@id":"https:\/\/hobstop.ee\/lv\/#website"},"primaryImageOfPage":{"@id":"https:\/\/hobstop.ee\/lv\/produkts\/ar-udeni-uzpildama-ota\/#primaryimage"},"image":{"@id":"https:\/\/hobstop.ee\/lv\/produkts\/ar-udeni-uzpildama-ota\/#primaryimage"},"thumbnailUrl":"https:\/\/hobstop.ee\/media\/2966.jpg","datePublished":"2014-12-09T11:02:17+00:00","dateModified":"-0001-11-30T00:00:00+00:00","breadcrumb":{"@id":"https:\/\/hobstop.ee\/lv\/produkts\/ar-udeni-uzpildama-ota\/#breadcrumb"},"inLanguage":"lv-LV","potentialAction":[{"@type":"ReadAction","target":["https:\/\/hobstop.ee\/lv\/produkts\/ar-udeni-uzpildama-ota\/"]}]},{"@type":"ImageObject","inLanguage":"lv-LV","@id":"https:\/\/hobstop.ee\/lv\/produkts\/ar-udeni-uzpildama-ota\/#primaryimage","url":"https:\/\/hobstop.ee\/media\/2966.jpg","contentUrl":"https:\/\/hobstop.ee\/media\/2966.jpg","width":1024,"height":768},{"@type":"BreadcrumbList","@id":"https:\/\/hobstop.ee\/lv\/produkts\/ar-udeni-uzpildama-ota\/#breadcrumb","itemListElement":[{"@type":"ListItem","position":1,"name":"Avaleht","item":"https:\/\/hobstop.ee\/lv\/"},{"@type":"ListItem","position":2,"name":"Veikals","item":"https:\/\/hobstop.ee\/lv\/veikals\/"},{"@type":"ListItem","position":3,"name":"Ar \u016bdeni uzpild\u0101ma ota"}]},{"@type":"WebSite","@id":"https:\/\/hobstop.ee\/lv\/#website","url":"https:\/\/hobstop.ee\/lv\/","name":"Skizze","description":"M\u0101kslas, hobiju un skolas preces","publisher":{"@id":"https:\/\/hobstop.ee\/lv\/#organization"},"potentialAction":[{"@type":"SearchAction","target":{"@type":"EntryPoint","urlTemplate":"https:\/\/hobstop.ee\/lv\/?s={search_term_string}"},"query-input":{"@type":"PropertyValueSpecification","valueRequired":true,"valueName":"search_term_string"}}],"inLanguage":"lv-LV"},{"@type":"Organization","@id":"https:\/\/hobstop.ee\/lv\/#organization","name":"Vunder AS","url":"https:\/\/hobstop.ee\/lv\/","logo":{"@type":"ImageObject","inLanguage":"lv-LV","@id":"https:\/\/hobstop.ee\/lv\/#\/schema\/logo\/image\/","url":"https:\/\/hobstop.ee\/media\/vunder-logo.png","contentUrl":"https:\/\/hobstop.ee\/media\/vunder-logo.png","width":127,"height":55,"caption":"Vunder AS"},"image":{"@id":"https:\/\/hobstop.ee\/lv\/#\/schema\/logo\/image\/"},"sameAs":["http:\/\/www.facebook.com\/VunderSkizze"]}]}},"_links":{"self":[{"href":"https:\/\/hobstop.ee\/lv\/wp-json\/wp\/v2\/product\/62010","targetHints":{"allow":["GET"]}}],"collection":[{"href":"https:\/\/hobstop.ee\/lv\/wp-json\/wp\/v2\/product"}],"about":[{"href":"https:\/\/hobstop.ee\/lv\/wp-json\/wp\/v2\/types\/product"}],"replies":[{"embeddable":true,"href":"https:\/\/hobstop.ee\/lv\/wp-json\/wp\/v2\/comments?post=62010"}],"wp:featuredmedia":[{"embeddable":true,"href":"https:\/\/hobstop.ee\/lv\/wp-json\/wp\/v2\/media\/105734"}],"wp:attachment":[{"href":"https:\/\/hobstop.ee\/lv\/wp-json\/wp\/v2\/media?parent=62010"}],"wp:term":[{"taxonomy":"product_cat","embeddable":true,"href":"https:\/\/hobstop.ee\/lv\/wp-json\/wp\/v2\/product_cat?post=62010"},{"taxonomy":"product_tag","embeddable":true,"href":"https:\/\/hobstop.ee\/lv\/wp-json\/wp\/v2\/product_tag?post=62010"}],"curies":[{"name":"wp","href":"https:\/\/api.w.org\/{rel}","templated":true}]}}