{"id":62016,"date":"2014-12-09T13:02:18","date_gmt":"2014-12-09T11:02:18","guid":{"rendered":"https:\/\/sharks.ee\/vunder_2019.klient.veebimajutus.ee\/?post_type=product&p=62016"},"modified":"2014-12-09T13:02:18","modified_gmt":"2014-12-09T10:02:18","slug":"zimulu-pagarinajs-derwent-2gab","status":"publish","type":"product","link":"https:\/\/hobstop.ee\/lv\/produkts\/zimulu-pagarinajs-derwent-2gab\/","title":{"rendered":"Z\u012bmu\u013cu pagarin\u0101js Derwent 2gab."},"content":{"rendered":"<p>Z\u012bmu\u013ca pagarin\u0101t\u0101js dod iesp\u0113ju izmantot z\u012bmuli piln\u012bb\u0101 l\u012bdz pa\u0161am galam. To var izmantot ar\u012b, z\u012bm\u0113jot ar \u012bs\u0101kiem z\u012bmu\u013ciem, \u0113rt\u0101kas satver\u0161anas nodro\u0161in\u0101\u0161anai.<br \/>\nThe Derwent pencil extender ir 2 da\u017e\u0101da izm\u0113ra z\u012bmu\u013cu pagarin\u0101t\u0101ji: sudrabotais l\u012bdz 8mm un melnais l\u012bdz 7mm diametra z\u012bmu\u013ciem, ieskaitot Derwent Pastel, Coloursoft un Artist z\u012bmu\u013cus. Melnais pagarin\u0101t\u0101js ir piem\u0113rots standartizm\u0113ra z\u012bmu\u013cu (l\u012bdz 7 mm) izmanto\u0161anai, ieskaitot Derwent Graphic, Watercolor un Studio z\u012bmu\u013cus. Abiem pagarin\u0101t\u0101jiem ir iztur\u012bga skr\u016bve, kas stingri fiks\u0113 z\u012bmuli, un korpuss ar m\u012bkstu p\u0101rkl\u0101jumu, lai to var\u0113tu \u0113rt\u0101k satvert. M\u012bkst\u0101 iepakojum\u0101 ir pieejami divi pagarin\u0101t\u0101ji, viens no katra izm\u0113ra.<\/p>\n","protected":false},"excerpt":{"rendered":"<p>Z\u012bmu\u013ca pagarin\u0101t\u0101js dod iesp\u0113ju izmantot z\u012bmuli piln\u012bb\u0101 l\u012bdz pa\u0161am galam. To var izmantot ar\u012b, z\u012bm\u0113jot ar \u012bs\u0101kiem z\u012bmu\u013ciem, \u0113rt\u0101kas satver\u0161anas nodro\u0161in\u0101\u0161anai. The Derwent pencil extender ir 2 da\u017e\u0101da izm\u0113ra z\u012bmu\u013cu pagarin\u0101t\u0101ji: sudrabotais l\u012bdz 8mm un melnais l\u012bdz 7mm diametra z\u012bmu\u013ciem, ieskaitot Derwent Pastel, Coloursoft un Artist z\u012bmu\u013cus. Melnais pagarin\u0101t\u0101js ir piem\u0113rots standartizm\u0113ra z\u012bmu\u013cu (l\u012bdz 7 mm) izmanto\u0161anai, ieskaitot Derwent Graphic, Watercolor un Studio z\u012bmu\u013cus. Abiem pagarin\u0101t\u0101jiem ir iztur\u012bga skr\u016bve, kas stingri fiks\u0113 z\u012bmuli, un korpuss ar m\u012bkstu p\u0101rkl\u0101jumu, lai to var\u0113tu \u0113rt\u0101k satvert. M\u012bkst\u0101 iepakojum\u0101 ir pieejami divi pagarin\u0101t\u0101ji, viens no katra izm\u0113ra.<\/p>\n","protected":false},"featured_media":105742,"comment_status":"closed","ping_status":"closed","template":"","meta":{"_acf_changed":false,"ep_exclude_from_search":false},"product_cat":[18754,16123,18931],"product_tag":[],"class_list":{"0":"post-62016","1":"product","2":"type-product","3":"status-publish","4":"has-post-thumbnail","6":"product_cat-dazadi-26","7":"product_cat-makslas-piederumi-2","8":"product_cat-zimesanas-piederumi-3","10":"first","11":"outofstock","12":"taxable","13":"shipping-taxable","14":"purchasable","15":"product-type-variable"},"acf":[],"yoast_head":"<!-- This site is optimized with the Yoast SEO plugin v24.1 - https:\/\/yoast.com\/wordpress\/plugins\/seo\/ -->\n<title>Z\u012bmu\u013cu pagarin\u0101js Derwent 2gab. &#8211; Skizze<\/title>\n<meta name=\"robots\" content=\"noindex, follow, max-snippet:-1, max-image-preview:large, max-video-preview:-1\" \/>\n<meta property=\"og:locale\" content=\"lv_LV\" \/>\n<meta property=\"og:type\" content=\"article\" \/>\n<meta property=\"og:title\" content=\"Z\u012bmu\u013cu pagarin\u0101js Derwent 2gab. &#8211; Skizze\" \/>\n<meta property=\"og:description\" content=\"Z\u012bmu\u013ca pagarin\u0101t\u0101js dod iesp\u0113ju izmantot z\u012bmuli piln\u012bb\u0101 l\u012bdz pa\u0161am galam. To var izmantot ar\u012b, z\u012bm\u0113jot ar \u012bs\u0101kiem z\u012bmu\u013ciem, \u0113rt\u0101kas satver\u0161anas nodro\u0161in\u0101\u0161anai. The Derwent pencil extender ir 2 da\u017e\u0101da izm\u0113ra z\u012bmu\u013cu pagarin\u0101t\u0101ji: sudrabotais l\u012bdz 8mm un melnais l\u012bdz 7mm diametra z\u012bmu\u013ciem, ieskaitot Derwent Pastel, Coloursoft un Artist z\u012bmu\u013cus. Melnais pagarin\u0101t\u0101js ir piem\u0113rots standartizm\u0113ra z\u012bmu\u013cu (l\u012bdz 7 mm) izmanto\u0161anai, ieskaitot Derwent Graphic, Watercolor un Studio z\u012bmu\u013cus. Abiem pagarin\u0101t\u0101jiem ir iztur\u012bga skr\u016bve, kas stingri fiks\u0113 z\u012bmuli, un korpuss ar m\u012bkstu p\u0101rkl\u0101jumu, lai to var\u0113tu \u0113rt\u0101k satvert. M\u012bkst\u0101 iepakojum\u0101 ir pieejami divi pagarin\u0101t\u0101ji, viens no katra izm\u0113ra.\" \/>\n<meta property=\"og:url\" content=\"https:\/\/hobstop.ee\/lv\/produkts\/zimulu-pagarinajs-derwent-2gab\/\" \/>\n<meta property=\"og:site_name\" content=\"Skizze\" \/>\n<meta property=\"article:publisher\" content=\"http:\/\/www.facebook.com\/VunderSkizze\" \/>\n<meta property=\"article:modified_time\" content=\"-0001-11-30T00:00:00+00:00\" \/>\n<meta property=\"og:image\" content=\"https:\/\/hobstop.ee\/media\/2971.jpg\" \/>\n\t<meta property=\"og:image:width\" content=\"1024\" \/>\n\t<meta property=\"og:image:height\" content=\"768\" \/>\n\t<meta property=\"og:image:type\" content=\"image\/jpeg\" \/>\n<meta name=\"twitter:card\" content=\"summary_large_image\" \/>\n<meta name=\"twitter:label1\" content=\"Est. reading time\" \/>\n\t<meta name=\"twitter:data1\" content=\"1 min\u016b\u0161u\" \/>\n<script type=\"application\/ld+json\" class=\"yoast-schema-graph\">{\"@context\":\"https:\/\/schema.org\",\"@graph\":[{\"@type\":\"WebPage\",\"@id\":\"https:\/\/hobstop.ee\/lv\/produkts\/zimulu-pagarinajs-derwent-2gab\/\",\"url\":\"https:\/\/hobstop.ee\/lv\/produkts\/zimulu-pagarinajs-derwent-2gab\/\",\"name\":\"Z\u012bmu\u013cu pagarin\u0101js Derwent 2gab. &#8211; Skizze\",\"isPartOf\":{\"@id\":\"https:\/\/www.hobstop.ee\/lv\/#website\"},\"primaryImageOfPage\":{\"@id\":\"https:\/\/hobstop.ee\/lv\/produkts\/zimulu-pagarinajs-derwent-2gab\/#primaryimage\"},\"image\":{\"@id\":\"https:\/\/hobstop.ee\/lv\/produkts\/zimulu-pagarinajs-derwent-2gab\/#primaryimage\"},\"thumbnailUrl\":\"https:\/\/hobstop.ee\/media\/2971.jpg\",\"datePublished\":\"2014-12-09T11:02:18+00:00\",\"dateModified\":\"-0001-11-30T00:00:00+00:00\",\"breadcrumb\":{\"@id\":\"https:\/\/hobstop.ee\/lv\/produkts\/zimulu-pagarinajs-derwent-2gab\/#breadcrumb\"},\"inLanguage\":\"lv-LV\",\"potentialAction\":[{\"@type\":\"ReadAction\",\"target\":[\"https:\/\/hobstop.ee\/lv\/produkts\/zimulu-pagarinajs-derwent-2gab\/\"]}]},{\"@type\":\"ImageObject\",\"inLanguage\":\"lv-LV\",\"@id\":\"https:\/\/hobstop.ee\/lv\/produkts\/zimulu-pagarinajs-derwent-2gab\/#primaryimage\",\"url\":\"https:\/\/hobstop.ee\/media\/2971.jpg\",\"contentUrl\":\"https:\/\/hobstop.ee\/media\/2971.jpg\",\"width\":1024,\"height\":768},{\"@type\":\"BreadcrumbList\",\"@id\":\"https:\/\/hobstop.ee\/lv\/produkts\/zimulu-pagarinajs-derwent-2gab\/#breadcrumb\",\"itemListElement\":[{\"@type\":\"ListItem\",\"position\":1,\"name\":\"Avaleht\",\"item\":\"https:\/\/www.hobstop.ee\/lv\/\"},{\"@type\":\"ListItem\",\"position\":2,\"name\":\"Veikals\",\"item\":\"https:\/\/www.hobstop.ee\/lv\/veikals\/\"},{\"@type\":\"ListItem\",\"position\":3,\"name\":\"Z\u012bmu\u013cu pagarin\u0101js Derwent 2gab.\"}]},{\"@type\":\"WebSite\",\"@id\":\"https:\/\/www.hobstop.ee\/lv\/#website\",\"url\":\"https:\/\/www.hobstop.ee\/lv\/\",\"name\":\"Skizze\",\"description\":\"M\u0101kslas, hobiju un skolas preces\",\"publisher\":{\"@id\":\"https:\/\/www.hobstop.ee\/lv\/#organization\"},\"potentialAction\":[{\"@type\":\"SearchAction\",\"target\":{\"@type\":\"EntryPoint\",\"urlTemplate\":\"https:\/\/www.hobstop.ee\/lv\/?s={search_term_string}\"},\"query-input\":{\"@type\":\"PropertyValueSpecification\",\"valueRequired\":true,\"valueName\":\"search_term_string\"}}],\"inLanguage\":\"lv-LV\"},{\"@type\":\"Organization\",\"@id\":\"https:\/\/www.hobstop.ee\/lv\/#organization\",\"name\":\"Vunder AS\",\"url\":\"https:\/\/www.hobstop.ee\/lv\/\",\"logo\":{\"@type\":\"ImageObject\",\"inLanguage\":\"lv-LV\",\"@id\":\"https:\/\/www.hobstop.ee\/lv\/#\/schema\/logo\/image\/\",\"url\":\"https:\/\/hobstop.ee\/media\/vunder-logo.png\",\"contentUrl\":\"https:\/\/hobstop.ee\/media\/vunder-logo.png\",\"width\":127,\"height\":55,\"caption\":\"Vunder AS\"},\"image\":{\"@id\":\"https:\/\/www.hobstop.ee\/lv\/#\/schema\/logo\/image\/\"},\"sameAs\":[\"http:\/\/www.facebook.com\/VunderSkizze\"]}]}<\/script>\n<!-- \/ Yoast SEO plugin. -->","yoast_head_json":{"title":"Z\u012bmu\u013cu pagarin\u0101js Derwent 2gab. &#8211; Skizze","robots":{"index":"noindex","follow":"follow","max-snippet":"max-snippet:-1","max-image-preview":"max-image-preview:large","max-video-preview":"max-video-preview:-1"},"og_locale":"lv_LV","og_type":"article","og_title":"Z\u012bmu\u013cu pagarin\u0101js Derwent 2gab. &#8211; Skizze","og_description":"Z\u012bmu\u013ca pagarin\u0101t\u0101js dod iesp\u0113ju izmantot z\u012bmuli piln\u012bb\u0101 l\u012bdz pa\u0161am galam. To var izmantot ar\u012b, z\u012bm\u0113jot ar \u012bs\u0101kiem z\u012bmu\u013ciem, \u0113rt\u0101kas satver\u0161anas nodro\u0161in\u0101\u0161anai. The Derwent pencil extender ir 2 da\u017e\u0101da izm\u0113ra z\u012bmu\u013cu pagarin\u0101t\u0101ji: sudrabotais l\u012bdz 8mm un melnais l\u012bdz 7mm diametra z\u012bmu\u013ciem, ieskaitot Derwent Pastel, Coloursoft un Artist z\u012bmu\u013cus. Melnais pagarin\u0101t\u0101js ir piem\u0113rots standartizm\u0113ra z\u012bmu\u013cu (l\u012bdz 7 mm) izmanto\u0161anai, ieskaitot Derwent Graphic, Watercolor un Studio z\u012bmu\u013cus. Abiem pagarin\u0101t\u0101jiem ir iztur\u012bga skr\u016bve, kas stingri fiks\u0113 z\u012bmuli, un korpuss ar m\u012bkstu p\u0101rkl\u0101jumu, lai to var\u0113tu \u0113rt\u0101k satvert. M\u012bkst\u0101 iepakojum\u0101 ir pieejami divi pagarin\u0101t\u0101ji, viens no katra izm\u0113ra.","og_url":"https:\/\/hobstop.ee\/lv\/produkts\/zimulu-pagarinajs-derwent-2gab\/","og_site_name":"Skizze","article_publisher":"http:\/\/www.facebook.com\/VunderSkizze","article_modified_time":"-0001-11-30T00:00:00+00:00","og_image":[{"width":1024,"height":768,"url":"https:\/\/hobstop.ee\/media\/2971.jpg","type":"image\/jpeg"}],"twitter_card":"summary_large_image","twitter_misc":{"Est. reading time":"1 min\u016b\u0161u"},"schema":{"@context":"https:\/\/schema.org","@graph":[{"@type":"WebPage","@id":"https:\/\/hobstop.ee\/lv\/produkts\/zimulu-pagarinajs-derwent-2gab\/","url":"https:\/\/hobstop.ee\/lv\/produkts\/zimulu-pagarinajs-derwent-2gab\/","name":"Z\u012bmu\u013cu pagarin\u0101js Derwent 2gab. &#8211; Skizze","isPartOf":{"@id":"https:\/\/www.hobstop.ee\/lv\/#website"},"primaryImageOfPage":{"@id":"https:\/\/hobstop.ee\/lv\/produkts\/zimulu-pagarinajs-derwent-2gab\/#primaryimage"},"image":{"@id":"https:\/\/hobstop.ee\/lv\/produkts\/zimulu-pagarinajs-derwent-2gab\/#primaryimage"},"thumbnailUrl":"https:\/\/hobstop.ee\/media\/2971.jpg","datePublished":"2014-12-09T11:02:18+00:00","dateModified":"-0001-11-30T00:00:00+00:00","breadcrumb":{"@id":"https:\/\/hobstop.ee\/lv\/produkts\/zimulu-pagarinajs-derwent-2gab\/#breadcrumb"},"inLanguage":"lv-LV","potentialAction":[{"@type":"ReadAction","target":["https:\/\/hobstop.ee\/lv\/produkts\/zimulu-pagarinajs-derwent-2gab\/"]}]},{"@type":"ImageObject","inLanguage":"lv-LV","@id":"https:\/\/hobstop.ee\/lv\/produkts\/zimulu-pagarinajs-derwent-2gab\/#primaryimage","url":"https:\/\/hobstop.ee\/media\/2971.jpg","contentUrl":"https:\/\/hobstop.ee\/media\/2971.jpg","width":1024,"height":768},{"@type":"BreadcrumbList","@id":"https:\/\/hobstop.ee\/lv\/produkts\/zimulu-pagarinajs-derwent-2gab\/#breadcrumb","itemListElement":[{"@type":"ListItem","position":1,"name":"Avaleht","item":"https:\/\/www.hobstop.ee\/lv\/"},{"@type":"ListItem","position":2,"name":"Veikals","item":"https:\/\/www.hobstop.ee\/lv\/veikals\/"},{"@type":"ListItem","position":3,"name":"Z\u012bmu\u013cu pagarin\u0101js Derwent 2gab."}]},{"@type":"WebSite","@id":"https:\/\/www.hobstop.ee\/lv\/#website","url":"https:\/\/www.hobstop.ee\/lv\/","name":"Skizze","description":"M\u0101kslas, hobiju un skolas preces","publisher":{"@id":"https:\/\/www.hobstop.ee\/lv\/#organization"},"potentialAction":[{"@type":"SearchAction","target":{"@type":"EntryPoint","urlTemplate":"https:\/\/www.hobstop.ee\/lv\/?s={search_term_string}"},"query-input":{"@type":"PropertyValueSpecification","valueRequired":true,"valueName":"search_term_string"}}],"inLanguage":"lv-LV"},{"@type":"Organization","@id":"https:\/\/www.hobstop.ee\/lv\/#organization","name":"Vunder AS","url":"https:\/\/www.hobstop.ee\/lv\/","logo":{"@type":"ImageObject","inLanguage":"lv-LV","@id":"https:\/\/www.hobstop.ee\/lv\/#\/schema\/logo\/image\/","url":"https:\/\/hobstop.ee\/media\/vunder-logo.png","contentUrl":"https:\/\/hobstop.ee\/media\/vunder-logo.png","width":127,"height":55,"caption":"Vunder AS"},"image":{"@id":"https:\/\/www.hobstop.ee\/lv\/#\/schema\/logo\/image\/"},"sameAs":["http:\/\/www.facebook.com\/VunderSkizze"]}]}},"_links":{"self":[{"href":"https:\/\/hobstop.ee\/lv\/wp-json\/wp\/v2\/product\/62016","targetHints":{"allow":["GET"]}}],"collection":[{"href":"https:\/\/hobstop.ee\/lv\/wp-json\/wp\/v2\/product"}],"about":[{"href":"https:\/\/hobstop.ee\/lv\/wp-json\/wp\/v2\/types\/product"}],"replies":[{"embeddable":true,"href":"https:\/\/hobstop.ee\/lv\/wp-json\/wp\/v2\/comments?post=62016"}],"wp:featuredmedia":[{"embeddable":true,"href":"https:\/\/hobstop.ee\/lv\/wp-json\/wp\/v2\/media\/105742"}],"wp:attachment":[{"href":"https:\/\/hobstop.ee\/lv\/wp-json\/wp\/v2\/media?parent=62016"}],"wp:term":[{"taxonomy":"product_cat","embeddable":true,"href":"https:\/\/hobstop.ee\/lv\/wp-json\/wp\/v2\/product_cat?post=62016"},{"taxonomy":"product_tag","embeddable":true,"href":"https:\/\/hobstop.ee\/lv\/wp-json\/wp\/v2\/product_tag?post=62016"}],"curies":[{"name":"wp","href":"https:\/\/api.w.org\/{rel}","templated":true}]}}