{"id":62034,"date":"2014-12-09T13:02:23","date_gmt":"2014-12-09T11:02:23","guid":{"rendered":"https:\/\/sharks.ee\/vunder_2019.klient.veebimajutus.ee\/?post_type=product&p=62034"},"modified":"2014-12-09T13:02:23","modified_gmt":"2014-12-09T10:02:23","slug":"kritinu-turetajs-derwent-inktense","status":"publish","type":"product","link":"https:\/\/hobstop.ee\/lv\/produkts\/kritinu-turetajs-derwent-inktense\/","title":{"rendered":"Kr\u012bti\u0146u tur\u0113t\u0101js Derwent Inktense"},"content":{"rendered":"<p>Derwent Inktense Blocks kr\u012bti\u0146u izmanto\u0161ana var rad\u012bt zin\u0101mu nek\u0101rt\u012bbu, ta\u010du tam ir ide\u0101ls risin\u0101jums &#8211; Derwent Grippers. No gumijas izgatavotais kr\u012bti\u0146u tur\u0113t\u0101js viegli uzsl\u012bd uz korpusa, dro\u0161i fiks\u0113jot kr\u012bti\u0146u un padarot t\u0101 lieto\u0161anu \u012bpa\u0161i \u0113rtu. J\u016bsu rokas b\u016bs t\u012bras, un to var izmantot ar\u012b ar citiem Derwent kr\u012bti\u0146iem, piem\u0113ram, Pastels, Natural Graphite un Compressed Charcoal.<\/p>\n","protected":false},"excerpt":{"rendered":"<p>Derwent Inktense Blocks kr\u012bti\u0146u izmanto\u0161ana var rad\u012bt zin\u0101mu nek\u0101rt\u012bbu, ta\u010du tam ir ide\u0101ls risin\u0101jums &#8211; Derwent Grippers. No gumijas izgatavotais kr\u012bti\u0146u tur\u0113t\u0101js viegli uzsl\u012bd uz korpusa, dro\u0161i fiks\u0113jot kr\u012bti\u0146u un padarot t\u0101 lieto\u0161anu \u012bpa\u0161i \u0113rtu. J\u016bsu rokas b\u016bs t\u012bras, un to var izmantot ar\u012b ar citiem Derwent kr\u012bti\u0146iem, piem\u0113ram, Pastels, Natural Graphite un Compressed Charcoal.<\/p>\n","protected":false},"featured_media":105774,"comment_status":"closed","ping_status":"closed","template":"","meta":{"_acf_changed":false,"ep_exclude_from_search":false},"product_cat":[16123,18754,18931],"product_tag":[],"class_list":{"0":"post-62034","1":"product","2":"type-product","3":"status-publish","4":"has-post-thumbnail","6":"product_cat-makslas-piederumi-2","7":"product_cat-papildus-piederumi","8":"product_cat-zimesanas-piederumi-3","10":"first","11":"instock","12":"taxable","13":"shipping-taxable","14":"purchasable","15":"product-type-variable"},"acf":[],"yoast_head":"<!-- This site is optimized with the Yoast SEO plugin v24.1 - https:\/\/yoast.com\/wordpress\/plugins\/seo\/ -->\n<title>Kr\u012bti\u0146u tur\u0113t\u0101js Derwent Inktense &#8211; Skizze<\/title>\n<meta name=\"robots\" content=\"noindex, follow, max-snippet:-1, max-image-preview:large, max-video-preview:-1\" \/>\n<meta property=\"og:locale\" content=\"lv_LV\" \/>\n<meta property=\"og:type\" content=\"article\" \/>\n<meta property=\"og:title\" content=\"Kr\u012bti\u0146u tur\u0113t\u0101js Derwent Inktense &#8211; Skizze\" \/>\n<meta property=\"og:description\" content=\"Derwent Inktense Blocks kr\u012bti\u0146u izmanto\u0161ana var rad\u012bt zin\u0101mu nek\u0101rt\u012bbu, ta\u010du tam ir ide\u0101ls risin\u0101jums &#8211; Derwent Grippers. No gumijas izgatavotais kr\u012bti\u0146u tur\u0113t\u0101js viegli uzsl\u012bd uz korpusa, dro\u0161i fiks\u0113jot kr\u012bti\u0146u un padarot t\u0101 lieto\u0161anu \u012bpa\u0161i \u0113rtu. J\u016bsu rokas b\u016bs t\u012bras, un to var izmantot ar\u012b ar citiem Derwent kr\u012bti\u0146iem, piem\u0113ram, Pastels, Natural Graphite un Compressed Charcoal.\" \/>\n<meta property=\"og:url\" content=\"https:\/\/hobstop.ee\/lv\/produkts\/kritinu-turetajs-derwent-inktense\/\" \/>\n<meta property=\"og:site_name\" content=\"Skizze\" \/>\n<meta property=\"article:publisher\" content=\"http:\/\/www.facebook.com\/VunderSkizze\" \/>\n<meta property=\"article:modified_time\" content=\"-0001-11-30T00:00:00+00:00\" \/>\n<meta property=\"og:image\" content=\"https:\/\/hobstop.ee\/media\/2984.jpg\" \/>\n\t<meta property=\"og:image:width\" content=\"1024\" \/>\n\t<meta property=\"og:image:height\" content=\"768\" \/>\n\t<meta property=\"og:image:type\" content=\"image\/jpeg\" \/>\n<meta name=\"twitter:card\" content=\"summary_large_image\" \/>\n<script type=\"application\/ld+json\" class=\"yoast-schema-graph\">{\"@context\":\"https:\/\/schema.org\",\"@graph\":[{\"@type\":\"WebPage\",\"@id\":\"https:\/\/hobstop.ee\/lv\/produkts\/kritinu-turetajs-derwent-inktense\/\",\"url\":\"https:\/\/hobstop.ee\/lv\/produkts\/kritinu-turetajs-derwent-inktense\/\",\"name\":\"Kr\u012bti\u0146u tur\u0113t\u0101js Derwent Inktense &#8211; Skizze\",\"isPartOf\":{\"@id\":\"https:\/\/hobstop.ee\/lv\/#website\"},\"primaryImageOfPage\":{\"@id\":\"https:\/\/hobstop.ee\/lv\/produkts\/kritinu-turetajs-derwent-inktense\/#primaryimage\"},\"image\":{\"@id\":\"https:\/\/hobstop.ee\/lv\/produkts\/kritinu-turetajs-derwent-inktense\/#primaryimage\"},\"thumbnailUrl\":\"https:\/\/hobstop.ee\/media\/2984.jpg\",\"datePublished\":\"2014-12-09T11:02:23+00:00\",\"dateModified\":\"-0001-11-30T00:00:00+00:00\",\"breadcrumb\":{\"@id\":\"https:\/\/hobstop.ee\/lv\/produkts\/kritinu-turetajs-derwent-inktense\/#breadcrumb\"},\"inLanguage\":\"lv-LV\",\"potentialAction\":[{\"@type\":\"ReadAction\",\"target\":[\"https:\/\/hobstop.ee\/lv\/produkts\/kritinu-turetajs-derwent-inktense\/\"]}]},{\"@type\":\"ImageObject\",\"inLanguage\":\"lv-LV\",\"@id\":\"https:\/\/hobstop.ee\/lv\/produkts\/kritinu-turetajs-derwent-inktense\/#primaryimage\",\"url\":\"https:\/\/hobstop.ee\/media\/2984.jpg\",\"contentUrl\":\"https:\/\/hobstop.ee\/media\/2984.jpg\",\"width\":1024,\"height\":768},{\"@type\":\"BreadcrumbList\",\"@id\":\"https:\/\/hobstop.ee\/lv\/produkts\/kritinu-turetajs-derwent-inktense\/#breadcrumb\",\"itemListElement\":[{\"@type\":\"ListItem\",\"position\":1,\"name\":\"Avaleht\",\"item\":\"https:\/\/hobstop.ee\/lv\/\"},{\"@type\":\"ListItem\",\"position\":2,\"name\":\"Veikals\",\"item\":\"https:\/\/hobstop.ee\/lv\/veikals\/\"},{\"@type\":\"ListItem\",\"position\":3,\"name\":\"Kr\u012bti\u0146u tur\u0113t\u0101js Derwent Inktense\"}]},{\"@type\":\"WebSite\",\"@id\":\"https:\/\/hobstop.ee\/lv\/#website\",\"url\":\"https:\/\/hobstop.ee\/lv\/\",\"name\":\"Skizze\",\"description\":\"M\u0101kslas, hobiju un skolas preces\",\"publisher\":{\"@id\":\"https:\/\/hobstop.ee\/lv\/#organization\"},\"potentialAction\":[{\"@type\":\"SearchAction\",\"target\":{\"@type\":\"EntryPoint\",\"urlTemplate\":\"https:\/\/hobstop.ee\/lv\/?s={search_term_string}\"},\"query-input\":{\"@type\":\"PropertyValueSpecification\",\"valueRequired\":true,\"valueName\":\"search_term_string\"}}],\"inLanguage\":\"lv-LV\"},{\"@type\":\"Organization\",\"@id\":\"https:\/\/hobstop.ee\/lv\/#organization\",\"name\":\"Vunder AS\",\"url\":\"https:\/\/hobstop.ee\/lv\/\",\"logo\":{\"@type\":\"ImageObject\",\"inLanguage\":\"lv-LV\",\"@id\":\"https:\/\/hobstop.ee\/lv\/#\/schema\/logo\/image\/\",\"url\":\"https:\/\/hobstop.ee\/media\/vunder-logo.png\",\"contentUrl\":\"https:\/\/hobstop.ee\/media\/vunder-logo.png\",\"width\":127,\"height\":55,\"caption\":\"Vunder AS\"},\"image\":{\"@id\":\"https:\/\/hobstop.ee\/lv\/#\/schema\/logo\/image\/\"},\"sameAs\":[\"http:\/\/www.facebook.com\/VunderSkizze\"]}]}<\/script>\n<!-- \/ Yoast SEO plugin. -->","yoast_head_json":{"title":"Kr\u012bti\u0146u tur\u0113t\u0101js Derwent Inktense &#8211; Skizze","robots":{"index":"noindex","follow":"follow","max-snippet":"max-snippet:-1","max-image-preview":"max-image-preview:large","max-video-preview":"max-video-preview:-1"},"og_locale":"lv_LV","og_type":"article","og_title":"Kr\u012bti\u0146u tur\u0113t\u0101js Derwent Inktense &#8211; Skizze","og_description":"Derwent Inktense Blocks kr\u012bti\u0146u izmanto\u0161ana var rad\u012bt zin\u0101mu nek\u0101rt\u012bbu, ta\u010du tam ir ide\u0101ls risin\u0101jums &#8211; Derwent Grippers. No gumijas izgatavotais kr\u012bti\u0146u tur\u0113t\u0101js viegli uzsl\u012bd uz korpusa, dro\u0161i fiks\u0113jot kr\u012bti\u0146u un padarot t\u0101 lieto\u0161anu \u012bpa\u0161i \u0113rtu. J\u016bsu rokas b\u016bs t\u012bras, un to var izmantot ar\u012b ar citiem Derwent kr\u012bti\u0146iem, piem\u0113ram, Pastels, Natural Graphite un Compressed Charcoal.","og_url":"https:\/\/hobstop.ee\/lv\/produkts\/kritinu-turetajs-derwent-inktense\/","og_site_name":"Skizze","article_publisher":"http:\/\/www.facebook.com\/VunderSkizze","article_modified_time":"-0001-11-30T00:00:00+00:00","og_image":[{"width":1024,"height":768,"url":"https:\/\/hobstop.ee\/media\/2984.jpg","type":"image\/jpeg"}],"twitter_card":"summary_large_image","schema":{"@context":"https:\/\/schema.org","@graph":[{"@type":"WebPage","@id":"https:\/\/hobstop.ee\/lv\/produkts\/kritinu-turetajs-derwent-inktense\/","url":"https:\/\/hobstop.ee\/lv\/produkts\/kritinu-turetajs-derwent-inktense\/","name":"Kr\u012bti\u0146u tur\u0113t\u0101js Derwent Inktense &#8211; Skizze","isPartOf":{"@id":"https:\/\/hobstop.ee\/lv\/#website"},"primaryImageOfPage":{"@id":"https:\/\/hobstop.ee\/lv\/produkts\/kritinu-turetajs-derwent-inktense\/#primaryimage"},"image":{"@id":"https:\/\/hobstop.ee\/lv\/produkts\/kritinu-turetajs-derwent-inktense\/#primaryimage"},"thumbnailUrl":"https:\/\/hobstop.ee\/media\/2984.jpg","datePublished":"2014-12-09T11:02:23+00:00","dateModified":"-0001-11-30T00:00:00+00:00","breadcrumb":{"@id":"https:\/\/hobstop.ee\/lv\/produkts\/kritinu-turetajs-derwent-inktense\/#breadcrumb"},"inLanguage":"lv-LV","potentialAction":[{"@type":"ReadAction","target":["https:\/\/hobstop.ee\/lv\/produkts\/kritinu-turetajs-derwent-inktense\/"]}]},{"@type":"ImageObject","inLanguage":"lv-LV","@id":"https:\/\/hobstop.ee\/lv\/produkts\/kritinu-turetajs-derwent-inktense\/#primaryimage","url":"https:\/\/hobstop.ee\/media\/2984.jpg","contentUrl":"https:\/\/hobstop.ee\/media\/2984.jpg","width":1024,"height":768},{"@type":"BreadcrumbList","@id":"https:\/\/hobstop.ee\/lv\/produkts\/kritinu-turetajs-derwent-inktense\/#breadcrumb","itemListElement":[{"@type":"ListItem","position":1,"name":"Avaleht","item":"https:\/\/hobstop.ee\/lv\/"},{"@type":"ListItem","position":2,"name":"Veikals","item":"https:\/\/hobstop.ee\/lv\/veikals\/"},{"@type":"ListItem","position":3,"name":"Kr\u012bti\u0146u tur\u0113t\u0101js Derwent Inktense"}]},{"@type":"WebSite","@id":"https:\/\/hobstop.ee\/lv\/#website","url":"https:\/\/hobstop.ee\/lv\/","name":"Skizze","description":"M\u0101kslas, hobiju un skolas preces","publisher":{"@id":"https:\/\/hobstop.ee\/lv\/#organization"},"potentialAction":[{"@type":"SearchAction","target":{"@type":"EntryPoint","urlTemplate":"https:\/\/hobstop.ee\/lv\/?s={search_term_string}"},"query-input":{"@type":"PropertyValueSpecification","valueRequired":true,"valueName":"search_term_string"}}],"inLanguage":"lv-LV"},{"@type":"Organization","@id":"https:\/\/hobstop.ee\/lv\/#organization","name":"Vunder AS","url":"https:\/\/hobstop.ee\/lv\/","logo":{"@type":"ImageObject","inLanguage":"lv-LV","@id":"https:\/\/hobstop.ee\/lv\/#\/schema\/logo\/image\/","url":"https:\/\/hobstop.ee\/media\/vunder-logo.png","contentUrl":"https:\/\/hobstop.ee\/media\/vunder-logo.png","width":127,"height":55,"caption":"Vunder AS"},"image":{"@id":"https:\/\/hobstop.ee\/lv\/#\/schema\/logo\/image\/"},"sameAs":["http:\/\/www.facebook.com\/VunderSkizze"]}]}},"_links":{"self":[{"href":"https:\/\/hobstop.ee\/lv\/wp-json\/wp\/v2\/product\/62034","targetHints":{"allow":["GET"]}}],"collection":[{"href":"https:\/\/hobstop.ee\/lv\/wp-json\/wp\/v2\/product"}],"about":[{"href":"https:\/\/hobstop.ee\/lv\/wp-json\/wp\/v2\/types\/product"}],"replies":[{"embeddable":true,"href":"https:\/\/hobstop.ee\/lv\/wp-json\/wp\/v2\/comments?post=62034"}],"wp:featuredmedia":[{"embeddable":true,"href":"https:\/\/hobstop.ee\/lv\/wp-json\/wp\/v2\/media\/105774"}],"wp:attachment":[{"href":"https:\/\/hobstop.ee\/lv\/wp-json\/wp\/v2\/media?parent=62034"}],"wp:term":[{"taxonomy":"product_cat","embeddable":true,"href":"https:\/\/hobstop.ee\/lv\/wp-json\/wp\/v2\/product_cat?post=62034"},{"taxonomy":"product_tag","embeddable":true,"href":"https:\/\/hobstop.ee\/lv\/wp-json\/wp\/v2\/product_tag?post=62034"}],"curies":[{"name":"wp","href":"https:\/\/api.w.org\/{rel}","templated":true}]}}