{"id":62043,"date":"2014-12-09T13:02:24","date_gmt":"2014-12-09T11:02:24","guid":{"rendered":"https:\/\/sharks.ee\/vunder_2019.klient.veebimajutus.ee\/?post_type=product&p=62043"},"modified":"2014-12-09T13:02:24","modified_gmt":"2014-12-09T10:02:24","slug":"pludinasanas-zimulis-derwent","status":"publish","type":"product","link":"https:\/\/hobstop.ee\/lv\/produkts\/pludinasanas-zimulis-derwent\/","title":{"rendered":"Pludin\u0101\u0161anas z\u012bmulis Derwent"},"content":{"rendered":"<p>Ja j\u016bs str\u0101d\u0101jat ar kr\u0101su z\u012bmu\u013ciem un v\u0113laties g\u016bt smalku kr\u0101su p\u0101reju, Derwent Blender Pencil b\u016bs ide\u0101ls darbar\u012bks. Tas ir m\u012bksts, bezkr\u0101sains z\u012bmulis, kas izgatavots no saistvielas, kura paredz\u0113ta kr\u0101su z\u012bmu\u013ciem, un \u013caus jums veidot p\u0101reju no div\u0101m vai vair\u0101k\u0101m kr\u0101s\u0101m, lai rad\u012btu jaunu kr\u0101su. Taj\u0101 pa\u0161\u0101 laik\u0101 tas fiziski sajauc un nogludina kr\u0101sas t\u0101, ka atsevi\u0161\u0137i kr\u0101su vilcieni un as\u0101k\u0101s malas tiek m\u012bkstin\u0101tas.<\/p>\n","protected":false},"excerpt":{"rendered":"<p>Ja j\u016bs str\u0101d\u0101jat ar kr\u0101su z\u012bmu\u013ciem un v\u0113laties g\u016bt smalku kr\u0101su p\u0101reju, Derwent Blender Pencil b\u016bs ide\u0101ls darbar\u012bks. Tas ir m\u012bksts, bezkr\u0101sains z\u012bmulis, kas izgatavots no saistvielas, kura paredz\u0113ta kr\u0101su z\u012bmu\u013ciem, un \u013caus jums veidot p\u0101reju no div\u0101m vai vair\u0101k\u0101m kr\u0101s\u0101m, lai rad\u012btu jaunu kr\u0101su. Taj\u0101 pa\u0161\u0101 laik\u0101 tas fiziski sajauc un nogludina kr\u0101sas t\u0101, ka atsevi\u0161\u0137i kr\u0101su vilcieni un as\u0101k\u0101s malas tiek m\u012bkstin\u0101tas.<\/p>\n","protected":false},"featured_media":100819,"comment_status":"closed","ping_status":"closed","template":"","meta":{"_acf_changed":false,"ep_exclude_from_search":false},"product_cat":[18754,16123,18931],"product_tag":[],"class_list":{"0":"post-62043","1":"product","2":"type-product","3":"status-publish","4":"has-post-thumbnail","6":"product_cat-dazadi-26","7":"product_cat-makslas-piederumi-2","8":"product_cat-zimesanas-piederumi-3","10":"first","11":"outofstock","12":"taxable","13":"shipping-taxable","14":"purchasable","15":"product-type-variable"},"acf":[],"yoast_head":"<!-- This site is optimized with the Yoast SEO plugin v24.1 - https:\/\/yoast.com\/wordpress\/plugins\/seo\/ -->\n<title>Pludin\u0101\u0161anas z\u012bmulis Derwent &#8211; Skizze<\/title>\n<meta name=\"robots\" content=\"noindex, follow, max-snippet:-1, max-image-preview:large, max-video-preview:-1\" \/>\n<meta property=\"og:locale\" content=\"lv_LV\" \/>\n<meta property=\"og:type\" content=\"article\" \/>\n<meta property=\"og:title\" content=\"Pludin\u0101\u0161anas z\u012bmulis Derwent &#8211; Skizze\" \/>\n<meta property=\"og:description\" content=\"Ja j\u016bs str\u0101d\u0101jat ar kr\u0101su z\u012bmu\u013ciem un v\u0113laties g\u016bt smalku kr\u0101su p\u0101reju, Derwent Blender Pencil b\u016bs ide\u0101ls darbar\u012bks. Tas ir m\u012bksts, bezkr\u0101sains z\u012bmulis, kas izgatavots no saistvielas, kura paredz\u0113ta kr\u0101su z\u012bmu\u013ciem, un \u013caus jums veidot p\u0101reju no div\u0101m vai vair\u0101k\u0101m kr\u0101s\u0101m, lai rad\u012btu jaunu kr\u0101su. Taj\u0101 pa\u0161\u0101 laik\u0101 tas fiziski sajauc un nogludina kr\u0101sas t\u0101, ka atsevi\u0161\u0137i kr\u0101su vilcieni un as\u0101k\u0101s malas tiek m\u012bkstin\u0101tas.\" \/>\n<meta property=\"og:url\" content=\"https:\/\/hobstop.ee\/lv\/produkts\/pludinasanas-zimulis-derwent\/\" \/>\n<meta property=\"og:site_name\" content=\"Skizze\" \/>\n<meta property=\"article:publisher\" content=\"http:\/\/www.facebook.com\/VunderSkizze\" \/>\n<meta property=\"article:modified_time\" content=\"-0001-11-30T00:00:00+00:00\" \/>\n<meta property=\"og:image\" content=\"https:\/\/hobstop.ee\/media\/2987.jpg\" \/>\n\t<meta property=\"og:image:width\" content=\"1024\" \/>\n\t<meta property=\"og:image:height\" content=\"768\" \/>\n\t<meta property=\"og:image:type\" content=\"image\/jpeg\" \/>\n<meta name=\"twitter:card\" content=\"summary_large_image\" \/>\n<script type=\"application\/ld+json\" class=\"yoast-schema-graph\">{\"@context\":\"https:\/\/schema.org\",\"@graph\":[{\"@type\":\"WebPage\",\"@id\":\"https:\/\/hobstop.ee\/lv\/produkts\/pludinasanas-zimulis-derwent\/\",\"url\":\"https:\/\/hobstop.ee\/lv\/produkts\/pludinasanas-zimulis-derwent\/\",\"name\":\"Pludin\u0101\u0161anas z\u012bmulis Derwent &#8211; Skizze\",\"isPartOf\":{\"@id\":\"https:\/\/hobstop.ee\/lv\/#website\"},\"primaryImageOfPage\":{\"@id\":\"https:\/\/hobstop.ee\/lv\/produkts\/pludinasanas-zimulis-derwent\/#primaryimage\"},\"image\":{\"@id\":\"https:\/\/hobstop.ee\/lv\/produkts\/pludinasanas-zimulis-derwent\/#primaryimage\"},\"thumbnailUrl\":\"https:\/\/hobstop.ee\/media\/2987.jpg\",\"datePublished\":\"2014-12-09T11:02:24+00:00\",\"dateModified\":\"-0001-11-30T00:00:00+00:00\",\"breadcrumb\":{\"@id\":\"https:\/\/hobstop.ee\/lv\/produkts\/pludinasanas-zimulis-derwent\/#breadcrumb\"},\"inLanguage\":\"lv-LV\",\"potentialAction\":[{\"@type\":\"ReadAction\",\"target\":[\"https:\/\/hobstop.ee\/lv\/produkts\/pludinasanas-zimulis-derwent\/\"]}]},{\"@type\":\"ImageObject\",\"inLanguage\":\"lv-LV\",\"@id\":\"https:\/\/hobstop.ee\/lv\/produkts\/pludinasanas-zimulis-derwent\/#primaryimage\",\"url\":\"https:\/\/hobstop.ee\/media\/2987.jpg\",\"contentUrl\":\"https:\/\/hobstop.ee\/media\/2987.jpg\",\"width\":1024,\"height\":768},{\"@type\":\"BreadcrumbList\",\"@id\":\"https:\/\/hobstop.ee\/lv\/produkts\/pludinasanas-zimulis-derwent\/#breadcrumb\",\"itemListElement\":[{\"@type\":\"ListItem\",\"position\":1,\"name\":\"Avaleht\",\"item\":\"https:\/\/hobstop.ee\/lv\/\"},{\"@type\":\"ListItem\",\"position\":2,\"name\":\"Veikals\",\"item\":\"https:\/\/hobstop.ee\/lv\/veikals\/\"},{\"@type\":\"ListItem\",\"position\":3,\"name\":\"Pludin\u0101\u0161anas z\u012bmulis Derwent\"}]},{\"@type\":\"WebSite\",\"@id\":\"https:\/\/hobstop.ee\/lv\/#website\",\"url\":\"https:\/\/hobstop.ee\/lv\/\",\"name\":\"Skizze\",\"description\":\"M\u0101kslas, hobiju un skolas preces\",\"publisher\":{\"@id\":\"https:\/\/hobstop.ee\/lv\/#organization\"},\"potentialAction\":[{\"@type\":\"SearchAction\",\"target\":{\"@type\":\"EntryPoint\",\"urlTemplate\":\"https:\/\/hobstop.ee\/lv\/?s={search_term_string}\"},\"query-input\":{\"@type\":\"PropertyValueSpecification\",\"valueRequired\":true,\"valueName\":\"search_term_string\"}}],\"inLanguage\":\"lv-LV\"},{\"@type\":\"Organization\",\"@id\":\"https:\/\/hobstop.ee\/lv\/#organization\",\"name\":\"Vunder AS\",\"url\":\"https:\/\/hobstop.ee\/lv\/\",\"logo\":{\"@type\":\"ImageObject\",\"inLanguage\":\"lv-LV\",\"@id\":\"https:\/\/hobstop.ee\/lv\/#\/schema\/logo\/image\/\",\"url\":\"https:\/\/hobstop.ee\/media\/vunder-logo.png\",\"contentUrl\":\"https:\/\/hobstop.ee\/media\/vunder-logo.png\",\"width\":127,\"height\":55,\"caption\":\"Vunder AS\"},\"image\":{\"@id\":\"https:\/\/hobstop.ee\/lv\/#\/schema\/logo\/image\/\"},\"sameAs\":[\"http:\/\/www.facebook.com\/VunderSkizze\"]}]}<\/script>\n<!-- \/ Yoast SEO plugin. -->","yoast_head_json":{"title":"Pludin\u0101\u0161anas z\u012bmulis Derwent &#8211; Skizze","robots":{"index":"noindex","follow":"follow","max-snippet":"max-snippet:-1","max-image-preview":"max-image-preview:large","max-video-preview":"max-video-preview:-1"},"og_locale":"lv_LV","og_type":"article","og_title":"Pludin\u0101\u0161anas z\u012bmulis Derwent &#8211; Skizze","og_description":"Ja j\u016bs str\u0101d\u0101jat ar kr\u0101su z\u012bmu\u013ciem un v\u0113laties g\u016bt smalku kr\u0101su p\u0101reju, Derwent Blender Pencil b\u016bs ide\u0101ls darbar\u012bks. Tas ir m\u012bksts, bezkr\u0101sains z\u012bmulis, kas izgatavots no saistvielas, kura paredz\u0113ta kr\u0101su z\u012bmu\u013ciem, un \u013caus jums veidot p\u0101reju no div\u0101m vai vair\u0101k\u0101m kr\u0101s\u0101m, lai rad\u012btu jaunu kr\u0101su. Taj\u0101 pa\u0161\u0101 laik\u0101 tas fiziski sajauc un nogludina kr\u0101sas t\u0101, ka atsevi\u0161\u0137i kr\u0101su vilcieni un as\u0101k\u0101s malas tiek m\u012bkstin\u0101tas.","og_url":"https:\/\/hobstop.ee\/lv\/produkts\/pludinasanas-zimulis-derwent\/","og_site_name":"Skizze","article_publisher":"http:\/\/www.facebook.com\/VunderSkizze","article_modified_time":"-0001-11-30T00:00:00+00:00","og_image":[{"width":1024,"height":768,"url":"https:\/\/hobstop.ee\/media\/2987.jpg","type":"image\/jpeg"}],"twitter_card":"summary_large_image","schema":{"@context":"https:\/\/schema.org","@graph":[{"@type":"WebPage","@id":"https:\/\/hobstop.ee\/lv\/produkts\/pludinasanas-zimulis-derwent\/","url":"https:\/\/hobstop.ee\/lv\/produkts\/pludinasanas-zimulis-derwent\/","name":"Pludin\u0101\u0161anas z\u012bmulis Derwent &#8211; Skizze","isPartOf":{"@id":"https:\/\/hobstop.ee\/lv\/#website"},"primaryImageOfPage":{"@id":"https:\/\/hobstop.ee\/lv\/produkts\/pludinasanas-zimulis-derwent\/#primaryimage"},"image":{"@id":"https:\/\/hobstop.ee\/lv\/produkts\/pludinasanas-zimulis-derwent\/#primaryimage"},"thumbnailUrl":"https:\/\/hobstop.ee\/media\/2987.jpg","datePublished":"2014-12-09T11:02:24+00:00","dateModified":"-0001-11-30T00:00:00+00:00","breadcrumb":{"@id":"https:\/\/hobstop.ee\/lv\/produkts\/pludinasanas-zimulis-derwent\/#breadcrumb"},"inLanguage":"lv-LV","potentialAction":[{"@type":"ReadAction","target":["https:\/\/hobstop.ee\/lv\/produkts\/pludinasanas-zimulis-derwent\/"]}]},{"@type":"ImageObject","inLanguage":"lv-LV","@id":"https:\/\/hobstop.ee\/lv\/produkts\/pludinasanas-zimulis-derwent\/#primaryimage","url":"https:\/\/hobstop.ee\/media\/2987.jpg","contentUrl":"https:\/\/hobstop.ee\/media\/2987.jpg","width":1024,"height":768},{"@type":"BreadcrumbList","@id":"https:\/\/hobstop.ee\/lv\/produkts\/pludinasanas-zimulis-derwent\/#breadcrumb","itemListElement":[{"@type":"ListItem","position":1,"name":"Avaleht","item":"https:\/\/hobstop.ee\/lv\/"},{"@type":"ListItem","position":2,"name":"Veikals","item":"https:\/\/hobstop.ee\/lv\/veikals\/"},{"@type":"ListItem","position":3,"name":"Pludin\u0101\u0161anas z\u012bmulis Derwent"}]},{"@type":"WebSite","@id":"https:\/\/hobstop.ee\/lv\/#website","url":"https:\/\/hobstop.ee\/lv\/","name":"Skizze","description":"M\u0101kslas, hobiju un skolas preces","publisher":{"@id":"https:\/\/hobstop.ee\/lv\/#organization"},"potentialAction":[{"@type":"SearchAction","target":{"@type":"EntryPoint","urlTemplate":"https:\/\/hobstop.ee\/lv\/?s={search_term_string}"},"query-input":{"@type":"PropertyValueSpecification","valueRequired":true,"valueName":"search_term_string"}}],"inLanguage":"lv-LV"},{"@type":"Organization","@id":"https:\/\/hobstop.ee\/lv\/#organization","name":"Vunder AS","url":"https:\/\/hobstop.ee\/lv\/","logo":{"@type":"ImageObject","inLanguage":"lv-LV","@id":"https:\/\/hobstop.ee\/lv\/#\/schema\/logo\/image\/","url":"https:\/\/hobstop.ee\/media\/vunder-logo.png","contentUrl":"https:\/\/hobstop.ee\/media\/vunder-logo.png","width":127,"height":55,"caption":"Vunder AS"},"image":{"@id":"https:\/\/hobstop.ee\/lv\/#\/schema\/logo\/image\/"},"sameAs":["http:\/\/www.facebook.com\/VunderSkizze"]}]}},"_links":{"self":[{"href":"https:\/\/hobstop.ee\/lv\/wp-json\/wp\/v2\/product\/62043","targetHints":{"allow":["GET"]}}],"collection":[{"href":"https:\/\/hobstop.ee\/lv\/wp-json\/wp\/v2\/product"}],"about":[{"href":"https:\/\/hobstop.ee\/lv\/wp-json\/wp\/v2\/types\/product"}],"replies":[{"embeddable":true,"href":"https:\/\/hobstop.ee\/lv\/wp-json\/wp\/v2\/comments?post=62043"}],"wp:featuredmedia":[{"embeddable":true,"href":"https:\/\/hobstop.ee\/lv\/wp-json\/wp\/v2\/media\/100819"}],"wp:attachment":[{"href":"https:\/\/hobstop.ee\/lv\/wp-json\/wp\/v2\/media?parent=62043"}],"wp:term":[{"taxonomy":"product_cat","embeddable":true,"href":"https:\/\/hobstop.ee\/lv\/wp-json\/wp\/v2\/product_cat?post=62043"},{"taxonomy":"product_tag","embeddable":true,"href":"https:\/\/hobstop.ee\/lv\/wp-json\/wp\/v2\/product_tag?post=62043"}],"curies":[{"name":"wp","href":"https:\/\/api.w.org\/{rel}","templated":true}]}}