{"id":62046,"date":"2014-12-09T13:02:25","date_gmt":"2014-12-09T11:02:25","guid":{"rendered":"https:\/\/sharks.ee\/vunder_2019.klient.veebimajutus.ee\/?post_type=product&p=62046"},"modified":"2014-12-09T13:02:25","modified_gmt":"2014-12-09T10:02:25","slug":"pulesanas-zimulis-derwent","status":"publish","type":"product","link":"https:\/\/hobstop.ee\/lv\/produkts\/pulesanas-zimulis-derwent\/","title":{"rendered":"Pul\u0113\u0161anas z\u012bmulis Derwent"},"content":{"rendered":"<p>The Derwent Burnisher ir ciets, bezkr\u0101sains z\u012bmulis, kas paredz\u0113ts viegli sp\u012bd\u012bga p\u0101rkl\u0101juma rad\u012b\u0161anai uz nokr\u0101sotas virsmas. Tas iespie\u017e pigmentu dzi\u013c\u0101k pap\u012br\u0101 un rada \u013coti vienm\u0113r\u012bgu virsmu, glu\u017ei k\u0101 fotogr\u0101fij\u0101s. Pateicoties att\u0113la apstr\u0101dei ar  vasku, tas ieg\u016bst sp\u012bd\u012bgu un atstarojo\u0161u efektu, k\u0101 ar\u012b izteikti spilgt\u0101kas kr\u0101sas. To var izmantot ar\u012b darbam vaska z\u012bm\u0113jumu tehnik\u0101: izmantojot vaska z\u012bmuli, uzz\u012bm\u0113 uz pap\u012bra virsmas v\u0113lamo att\u0113lu un tad p\u0101rkl\u0101j pap\u012bru ar kr\u0101su. Vaska k\u0101rti\u0146a pasarg\u0101s pap\u012bru no kr\u0101su z\u012bmu\u013ca vilcieniem, un ar vasku p\u0101rkl\u0101t\u0101s vietas paliks nenokr\u0101sotas.<\/p>\n","protected":false},"excerpt":{"rendered":"<p>The Derwent Burnisher ir ciets, bezkr\u0101sains z\u012bmulis, kas paredz\u0113ts viegli sp\u012bd\u012bga p\u0101rkl\u0101juma rad\u012b\u0161anai uz nokr\u0101sotas virsmas. Tas iespie\u017e pigmentu dzi\u013c\u0101k pap\u012br\u0101 un rada \u013coti vienm\u0113r\u012bgu virsmu, glu\u017ei k\u0101 fotogr\u0101fij\u0101s. Pateicoties att\u0113la apstr\u0101dei ar vasku, tas ieg\u016bst sp\u012bd\u012bgu un atstarojo\u0161u efektu, k\u0101 ar\u012b izteikti spilgt\u0101kas kr\u0101sas. To var izmantot ar\u012b darbam vaska z\u012bm\u0113jumu tehnik\u0101: izmantojot vaska z\u012bmuli, uzz\u012bm\u0113 uz pap\u012bra virsmas v\u0113lamo att\u0113lu un tad p\u0101rkl\u0101j pap\u012bru ar kr\u0101su. Vaska k\u0101rti\u0146a pasarg\u0101s pap\u012bru no kr\u0101su z\u012bmu\u013ca vilcieniem, un ar vasku p\u0101rkl\u0101t\u0101s vietas paliks nenokr\u0101sotas.<\/p>\n","protected":false},"featured_media":100803,"comment_status":"closed","ping_status":"closed","template":"","meta":{"_acf_changed":false,"ep_exclude_from_search":false},"product_cat":[18754,16123,18931],"product_tag":[],"class_list":{"0":"post-62046","1":"product","2":"type-product","3":"status-publish","4":"has-post-thumbnail","6":"product_cat-dazadi-26","7":"product_cat-makslas-piederumi-2","8":"product_cat-zimesanas-piederumi-3","10":"first","11":"outofstock","12":"taxable","13":"shipping-taxable","14":"purchasable","15":"product-type-variable"},"acf":[],"yoast_head":"<!-- This site is optimized with the Yoast SEO plugin v24.1 - https:\/\/yoast.com\/wordpress\/plugins\/seo\/ -->\n<title>Pul\u0113\u0161anas z\u012bmulis Derwent &#8211; Skizze<\/title>\n<meta name=\"robots\" content=\"noindex, follow, max-snippet:-1, max-image-preview:large, max-video-preview:-1\" \/>\n<meta property=\"og:locale\" content=\"lv_LV\" \/>\n<meta property=\"og:type\" content=\"article\" \/>\n<meta property=\"og:title\" content=\"Pul\u0113\u0161anas z\u012bmulis Derwent &#8211; Skizze\" \/>\n<meta property=\"og:description\" content=\"The Derwent Burnisher ir ciets, bezkr\u0101sains z\u012bmulis, kas paredz\u0113ts viegli sp\u012bd\u012bga p\u0101rkl\u0101juma rad\u012b\u0161anai uz nokr\u0101sotas virsmas. Tas iespie\u017e pigmentu dzi\u013c\u0101k pap\u012br\u0101 un rada \u013coti vienm\u0113r\u012bgu virsmu, glu\u017ei k\u0101 fotogr\u0101fij\u0101s. Pateicoties att\u0113la apstr\u0101dei ar vasku, tas ieg\u016bst sp\u012bd\u012bgu un atstarojo\u0161u efektu, k\u0101 ar\u012b izteikti spilgt\u0101kas kr\u0101sas. To var izmantot ar\u012b darbam vaska z\u012bm\u0113jumu tehnik\u0101: izmantojot vaska z\u012bmuli, uzz\u012bm\u0113 uz pap\u012bra virsmas v\u0113lamo att\u0113lu un tad p\u0101rkl\u0101j pap\u012bru ar kr\u0101su. Vaska k\u0101rti\u0146a pasarg\u0101s pap\u012bru no kr\u0101su z\u012bmu\u013ca vilcieniem, un ar vasku p\u0101rkl\u0101t\u0101s vietas paliks nenokr\u0101sotas.\" \/>\n<meta property=\"og:url\" content=\"https:\/\/hobstop.ee\/lv\/produkts\/pulesanas-zimulis-derwent\/\" \/>\n<meta property=\"og:site_name\" content=\"Skizze\" \/>\n<meta property=\"article:publisher\" content=\"http:\/\/www.facebook.com\/VunderSkizze\" \/>\n<meta property=\"article:modified_time\" content=\"-0001-11-30T00:00:00+00:00\" \/>\n<meta property=\"og:image\" content=\"https:\/\/hobstop.ee\/media\/2988.jpg\" \/>\n\t<meta property=\"og:image:width\" content=\"1024\" \/>\n\t<meta property=\"og:image:height\" content=\"768\" \/>\n\t<meta property=\"og:image:type\" content=\"image\/jpeg\" \/>\n<meta name=\"twitter:card\" content=\"summary_large_image\" \/>\n<meta name=\"twitter:label1\" content=\"Est. reading time\" \/>\n\t<meta name=\"twitter:data1\" content=\"1 min\u016b\u0161u\" \/>\n<script type=\"application\/ld+json\" class=\"yoast-schema-graph\">{\"@context\":\"https:\/\/schema.org\",\"@graph\":[{\"@type\":\"WebPage\",\"@id\":\"https:\/\/hobstop.ee\/lv\/produkts\/pulesanas-zimulis-derwent\/\",\"url\":\"https:\/\/hobstop.ee\/lv\/produkts\/pulesanas-zimulis-derwent\/\",\"name\":\"Pul\u0113\u0161anas z\u012bmulis Derwent &#8211; Skizze\",\"isPartOf\":{\"@id\":\"https:\/\/hobstop.ee\/lv\/#website\"},\"primaryImageOfPage\":{\"@id\":\"https:\/\/hobstop.ee\/lv\/produkts\/pulesanas-zimulis-derwent\/#primaryimage\"},\"image\":{\"@id\":\"https:\/\/hobstop.ee\/lv\/produkts\/pulesanas-zimulis-derwent\/#primaryimage\"},\"thumbnailUrl\":\"https:\/\/hobstop.ee\/media\/2988.jpg\",\"datePublished\":\"2014-12-09T11:02:25+00:00\",\"dateModified\":\"-0001-11-30T00:00:00+00:00\",\"breadcrumb\":{\"@id\":\"https:\/\/hobstop.ee\/lv\/produkts\/pulesanas-zimulis-derwent\/#breadcrumb\"},\"inLanguage\":\"lv-LV\",\"potentialAction\":[{\"@type\":\"ReadAction\",\"target\":[\"https:\/\/hobstop.ee\/lv\/produkts\/pulesanas-zimulis-derwent\/\"]}]},{\"@type\":\"ImageObject\",\"inLanguage\":\"lv-LV\",\"@id\":\"https:\/\/hobstop.ee\/lv\/produkts\/pulesanas-zimulis-derwent\/#primaryimage\",\"url\":\"https:\/\/hobstop.ee\/media\/2988.jpg\",\"contentUrl\":\"https:\/\/hobstop.ee\/media\/2988.jpg\",\"width\":1024,\"height\":768},{\"@type\":\"BreadcrumbList\",\"@id\":\"https:\/\/hobstop.ee\/lv\/produkts\/pulesanas-zimulis-derwent\/#breadcrumb\",\"itemListElement\":[{\"@type\":\"ListItem\",\"position\":1,\"name\":\"Avaleht\",\"item\":\"https:\/\/www.hobstop.ee\/lv\/\"},{\"@type\":\"ListItem\",\"position\":2,\"name\":\"Veikals\",\"item\":\"https:\/\/www.hobstop.ee\/lv\/veikals\/\"},{\"@type\":\"ListItem\",\"position\":3,\"name\":\"Pul\u0113\u0161anas z\u012bmulis Derwent\"}]},{\"@type\":\"WebSite\",\"@id\":\"https:\/\/hobstop.ee\/lv\/#website\",\"url\":\"https:\/\/hobstop.ee\/lv\/\",\"name\":\"Skizze\",\"description\":\"M\u0101kslas, hobiju un skolas preces\",\"publisher\":{\"@id\":\"https:\/\/hobstop.ee\/lv\/#organization\"},\"potentialAction\":[{\"@type\":\"SearchAction\",\"target\":{\"@type\":\"EntryPoint\",\"urlTemplate\":\"https:\/\/hobstop.ee\/lv\/?s={search_term_string}\"},\"query-input\":{\"@type\":\"PropertyValueSpecification\",\"valueRequired\":true,\"valueName\":\"search_term_string\"}}],\"inLanguage\":\"lv-LV\"},{\"@type\":\"Organization\",\"@id\":\"https:\/\/hobstop.ee\/lv\/#organization\",\"name\":\"Vunder AS\",\"url\":\"https:\/\/hobstop.ee\/lv\/\",\"logo\":{\"@type\":\"ImageObject\",\"inLanguage\":\"lv-LV\",\"@id\":\"https:\/\/hobstop.ee\/lv\/#\/schema\/logo\/image\/\",\"url\":\"https:\/\/hobstop.ee\/media\/vunder-logo.png\",\"contentUrl\":\"https:\/\/hobstop.ee\/media\/vunder-logo.png\",\"width\":127,\"height\":55,\"caption\":\"Vunder AS\"},\"image\":{\"@id\":\"https:\/\/hobstop.ee\/lv\/#\/schema\/logo\/image\/\"},\"sameAs\":[\"http:\/\/www.facebook.com\/VunderSkizze\"]}]}<\/script>\n<!-- \/ Yoast SEO plugin. -->","yoast_head_json":{"title":"Pul\u0113\u0161anas z\u012bmulis Derwent &#8211; Skizze","robots":{"index":"noindex","follow":"follow","max-snippet":"max-snippet:-1","max-image-preview":"max-image-preview:large","max-video-preview":"max-video-preview:-1"},"og_locale":"lv_LV","og_type":"article","og_title":"Pul\u0113\u0161anas z\u012bmulis Derwent &#8211; Skizze","og_description":"The Derwent Burnisher ir ciets, bezkr\u0101sains z\u012bmulis, kas paredz\u0113ts viegli sp\u012bd\u012bga p\u0101rkl\u0101juma rad\u012b\u0161anai uz nokr\u0101sotas virsmas. Tas iespie\u017e pigmentu dzi\u013c\u0101k pap\u012br\u0101 un rada \u013coti vienm\u0113r\u012bgu virsmu, glu\u017ei k\u0101 fotogr\u0101fij\u0101s. Pateicoties att\u0113la apstr\u0101dei ar vasku, tas ieg\u016bst sp\u012bd\u012bgu un atstarojo\u0161u efektu, k\u0101 ar\u012b izteikti spilgt\u0101kas kr\u0101sas. To var izmantot ar\u012b darbam vaska z\u012bm\u0113jumu tehnik\u0101: izmantojot vaska z\u012bmuli, uzz\u012bm\u0113 uz pap\u012bra virsmas v\u0113lamo att\u0113lu un tad p\u0101rkl\u0101j pap\u012bru ar kr\u0101su. Vaska k\u0101rti\u0146a pasarg\u0101s pap\u012bru no kr\u0101su z\u012bmu\u013ca vilcieniem, un ar vasku p\u0101rkl\u0101t\u0101s vietas paliks nenokr\u0101sotas.","og_url":"https:\/\/hobstop.ee\/lv\/produkts\/pulesanas-zimulis-derwent\/","og_site_name":"Skizze","article_publisher":"http:\/\/www.facebook.com\/VunderSkizze","article_modified_time":"-0001-11-30T00:00:00+00:00","og_image":[{"width":1024,"height":768,"url":"https:\/\/hobstop.ee\/media\/2988.jpg","type":"image\/jpeg"}],"twitter_card":"summary_large_image","twitter_misc":{"Est. reading time":"1 min\u016b\u0161u"},"schema":{"@context":"https:\/\/schema.org","@graph":[{"@type":"WebPage","@id":"https:\/\/hobstop.ee\/lv\/produkts\/pulesanas-zimulis-derwent\/","url":"https:\/\/hobstop.ee\/lv\/produkts\/pulesanas-zimulis-derwent\/","name":"Pul\u0113\u0161anas z\u012bmulis Derwent &#8211; Skizze","isPartOf":{"@id":"https:\/\/hobstop.ee\/lv\/#website"},"primaryImageOfPage":{"@id":"https:\/\/hobstop.ee\/lv\/produkts\/pulesanas-zimulis-derwent\/#primaryimage"},"image":{"@id":"https:\/\/hobstop.ee\/lv\/produkts\/pulesanas-zimulis-derwent\/#primaryimage"},"thumbnailUrl":"https:\/\/hobstop.ee\/media\/2988.jpg","datePublished":"2014-12-09T11:02:25+00:00","dateModified":"-0001-11-30T00:00:00+00:00","breadcrumb":{"@id":"https:\/\/hobstop.ee\/lv\/produkts\/pulesanas-zimulis-derwent\/#breadcrumb"},"inLanguage":"lv-LV","potentialAction":[{"@type":"ReadAction","target":["https:\/\/hobstop.ee\/lv\/produkts\/pulesanas-zimulis-derwent\/"]}]},{"@type":"ImageObject","inLanguage":"lv-LV","@id":"https:\/\/hobstop.ee\/lv\/produkts\/pulesanas-zimulis-derwent\/#primaryimage","url":"https:\/\/hobstop.ee\/media\/2988.jpg","contentUrl":"https:\/\/hobstop.ee\/media\/2988.jpg","width":1024,"height":768},{"@type":"BreadcrumbList","@id":"https:\/\/hobstop.ee\/lv\/produkts\/pulesanas-zimulis-derwent\/#breadcrumb","itemListElement":[{"@type":"ListItem","position":1,"name":"Avaleht","item":"https:\/\/www.hobstop.ee\/lv\/"},{"@type":"ListItem","position":2,"name":"Veikals","item":"https:\/\/www.hobstop.ee\/lv\/veikals\/"},{"@type":"ListItem","position":3,"name":"Pul\u0113\u0161anas z\u012bmulis Derwent"}]},{"@type":"WebSite","@id":"https:\/\/hobstop.ee\/lv\/#website","url":"https:\/\/hobstop.ee\/lv\/","name":"Skizze","description":"M\u0101kslas, hobiju un skolas preces","publisher":{"@id":"https:\/\/hobstop.ee\/lv\/#organization"},"potentialAction":[{"@type":"SearchAction","target":{"@type":"EntryPoint","urlTemplate":"https:\/\/hobstop.ee\/lv\/?s={search_term_string}"},"query-input":{"@type":"PropertyValueSpecification","valueRequired":true,"valueName":"search_term_string"}}],"inLanguage":"lv-LV"},{"@type":"Organization","@id":"https:\/\/hobstop.ee\/lv\/#organization","name":"Vunder AS","url":"https:\/\/hobstop.ee\/lv\/","logo":{"@type":"ImageObject","inLanguage":"lv-LV","@id":"https:\/\/hobstop.ee\/lv\/#\/schema\/logo\/image\/","url":"https:\/\/hobstop.ee\/media\/vunder-logo.png","contentUrl":"https:\/\/hobstop.ee\/media\/vunder-logo.png","width":127,"height":55,"caption":"Vunder AS"},"image":{"@id":"https:\/\/hobstop.ee\/lv\/#\/schema\/logo\/image\/"},"sameAs":["http:\/\/www.facebook.com\/VunderSkizze"]}]}},"_links":{"self":[{"href":"https:\/\/hobstop.ee\/lv\/wp-json\/wp\/v2\/product\/62046","targetHints":{"allow":["GET"]}}],"collection":[{"href":"https:\/\/hobstop.ee\/lv\/wp-json\/wp\/v2\/product"}],"about":[{"href":"https:\/\/hobstop.ee\/lv\/wp-json\/wp\/v2\/types\/product"}],"replies":[{"embeddable":true,"href":"https:\/\/hobstop.ee\/lv\/wp-json\/wp\/v2\/comments?post=62046"}],"wp:featuredmedia":[{"embeddable":true,"href":"https:\/\/hobstop.ee\/lv\/wp-json\/wp\/v2\/media\/100803"}],"wp:attachment":[{"href":"https:\/\/hobstop.ee\/lv\/wp-json\/wp\/v2\/media?parent=62046"}],"wp:term":[{"taxonomy":"product_cat","embeddable":true,"href":"https:\/\/hobstop.ee\/lv\/wp-json\/wp\/v2\/product_cat?post=62046"},{"taxonomy":"product_tag","embeddable":true,"href":"https:\/\/hobstop.ee\/lv\/wp-json\/wp\/v2\/product_tag?post=62046"}],"curies":[{"name":"wp","href":"https:\/\/api.w.org\/{rel}","templated":true}]}}