{"id":62049,"date":"2014-12-09T13:02:26","date_gmt":"2014-12-09T11:02:26","guid":{"rendered":"https:\/\/sharks.ee\/vunder_2019.klient.veebimajutus.ee\/?post_type=product&p=62049"},"modified":"2014-12-09T13:02:26","modified_gmt":"2014-12-09T10:02:26","slug":"akvarelu-kritins-derwent-inktense","status":"publish","type":"product","link":"https:\/\/hobstop.ee\/lv\/produkts\/akvarelu-kritins-derwent-inktense\/","title":{"rendered":"Akvare\u013cu kr\u012bti\u0146\u0161 Derwent Inktense"},"content":{"rendered":"<p>\u0160ie izteiksm\u012bgie, \u016bden\u012b \u0161\u0137\u012bsto\u0161ie tintes kr\u012bti\u0146i rad\u012bs jaunu br\u012bv\u012bbas saj\u016btu un pie\u0161\u0137irs jaunu kr\u0101su gammu j\u016bsu z\u012bm\u0113jumam vai gleznai! Lietojot saus\u0101 veid\u0101, Derwent Inktense sniegs t\u012bras un dinamiskas kr\u0101sas, bet izpludinot, tiks ieg\u016bts caursp\u012bd\u012bga tintes kr\u0101sojuma efekts, kuru p\u0113c no\u017e\u016b\u0161anas var atk\u0101rtoti papildin\u0101t.  Kr\u012bti\u0146i ir \u013coti univers\u0101li un tos var izmantot da\u017e\u0101du efektu rad\u012b\u0161anai. Izmantojiet tos kr\u0101su p\u0101reju rad\u012b\u0161anai! Iem\u0113rciet tos \u016bden\u012b un uzkl\u0101jiet kr\u0101su uz pap\u012bra, izmantojiet to saus\u0101s malas uz mitra pap\u012bra, lai ieg\u016btu intens\u012bvu, palieko\u0161u kr\u0101su. Kr\u012bti\u0146i papildina Inteknse produktu kl\u0101stu, kas paver bezgal\u012bgu iesp\u0113ju pasauli. Tos var izmantot ar\u012b uz auduma, lai rad\u012btu skaistus z\u012bm\u0113jumus uz z\u012bda vai pik\u0113 auduma.<br \/>\nKvadr\u0101tveida 8mm bloks, garums 75mm<\/p>\n","protected":false},"excerpt":{"rendered":"<p>\u0160ie izteiksm\u012bgie, \u016bden\u012b \u0161\u0137\u012bsto\u0161ie tintes kr\u012bti\u0146i rad\u012bs jaunu br\u012bv\u012bbas saj\u016btu un pie\u0161\u0137irs jaunu kr\u0101su gammu j\u016bsu z\u012bm\u0113jumam vai gleznai! Lietojot saus\u0101 veid\u0101, Derwent Inktense sniegs t\u012bras un dinamiskas kr\u0101sas, bet izpludinot, tiks ieg\u016bts caursp\u012bd\u012bga tintes kr\u0101sojuma efekts, kuru p\u0113c no\u017e\u016b\u0161anas var atk\u0101rtoti papildin\u0101t. Kr\u012bti\u0146i ir \u013coti univers\u0101li un tos var izmantot da\u017e\u0101du efektu rad\u012b\u0161anai. Izmantojiet tos kr\u0101su p\u0101reju rad\u012b\u0161anai! Iem\u0113rciet tos \u016bden\u012b un uzkl\u0101jiet kr\u0101su uz pap\u012bra, izmantojiet to saus\u0101s malas uz mitra pap\u012bra, lai ieg\u016btu intens\u012bvu, palieko\u0161u kr\u0101su. Kr\u012bti\u0146i papildina Inteknse produktu kl\u0101stu, kas paver bezgal\u012bgu iesp\u0113ju pasauli. Tos var izmantot ar\u012b uz auduma, lai rad\u012btu skaistus z\u012bm\u0113jumus uz z\u012bda vai pik\u0113 auduma. Kvadr\u0101tveida 8mm bloks, garums 75mm<\/p>\n","protected":false},"featured_media":105790,"comment_status":"closed","ping_status":"closed","template":"","meta":{"_acf_changed":false,"ep_exclude_from_search":false},"product_cat":[14951,16123,18931],"product_tag":[],"class_list":{"0":"post-62049","1":"product","2":"type-product","3":"status-publish","4":"has-post-thumbnail","6":"product_cat-kritini","7":"product_cat-makslas-piederumi-2","8":"product_cat-zimesanas-piederumi-3","10":"first","11":"instock","12":"sale","13":"taxable","14":"shipping-taxable","15":"purchasable","16":"product-type-variable"},"acf":[],"yoast_head":"<!-- This site is optimized with the Yoast SEO plugin v24.1 - https:\/\/yoast.com\/wordpress\/plugins\/seo\/ -->\n<title>Akvare\u013cu kr\u012bti\u0146\u0161 Derwent Inktense &#8211; Skizze<\/title>\n<meta name=\"robots\" content=\"noindex, follow, max-snippet:-1, max-image-preview:large, max-video-preview:-1\" \/>\n<meta property=\"og:locale\" content=\"lv_LV\" \/>\n<meta property=\"og:type\" content=\"article\" \/>\n<meta property=\"og:title\" content=\"Akvare\u013cu kr\u012bti\u0146\u0161 Derwent Inktense &#8211; Skizze\" \/>\n<meta property=\"og:description\" content=\"\u0160ie izteiksm\u012bgie, \u016bden\u012b \u0161\u0137\u012bsto\u0161ie tintes kr\u012bti\u0146i rad\u012bs jaunu br\u012bv\u012bbas saj\u016btu un pie\u0161\u0137irs jaunu kr\u0101su gammu j\u016bsu z\u012bm\u0113jumam vai gleznai! Lietojot saus\u0101 veid\u0101, Derwent Inktense sniegs t\u012bras un dinamiskas kr\u0101sas, bet izpludinot, tiks ieg\u016bts caursp\u012bd\u012bga tintes kr\u0101sojuma efekts, kuru p\u0113c no\u017e\u016b\u0161anas var atk\u0101rtoti papildin\u0101t. Kr\u012bti\u0146i ir \u013coti univers\u0101li un tos var izmantot da\u017e\u0101du efektu rad\u012b\u0161anai. Izmantojiet tos kr\u0101su p\u0101reju rad\u012b\u0161anai! Iem\u0113rciet tos \u016bden\u012b un uzkl\u0101jiet kr\u0101su uz pap\u012bra, izmantojiet to saus\u0101s malas uz mitra pap\u012bra, lai ieg\u016btu intens\u012bvu, palieko\u0161u kr\u0101su. Kr\u012bti\u0146i papildina Inteknse produktu kl\u0101stu, kas paver bezgal\u012bgu iesp\u0113ju pasauli. Tos var izmantot ar\u012b uz auduma, lai rad\u012btu skaistus z\u012bm\u0113jumus uz z\u012bda vai pik\u0113 auduma. Kvadr\u0101tveida 8mm bloks, garums 75mm\" \/>\n<meta property=\"og:url\" content=\"https:\/\/hobstop.ee\/lv\/produkts\/akvarelu-kritins-derwent-inktense\/\" \/>\n<meta property=\"og:site_name\" content=\"Skizze\" \/>\n<meta property=\"article:publisher\" content=\"http:\/\/www.facebook.com\/VunderSkizze\" \/>\n<meta property=\"article:modified_time\" content=\"-0001-11-30T00:00:00+00:00\" \/>\n<meta property=\"og:image\" content=\"https:\/\/hobstop.ee\/media\/2990.jpg\" \/>\n\t<meta property=\"og:image:width\" content=\"1024\" \/>\n\t<meta property=\"og:image:height\" content=\"768\" \/>\n\t<meta property=\"og:image:type\" content=\"image\/jpeg\" \/>\n<meta name=\"twitter:card\" content=\"summary_large_image\" \/>\n<meta name=\"twitter:label1\" content=\"Est. reading time\" \/>\n\t<meta name=\"twitter:data1\" content=\"1 min\u016b\u0161u\" \/>\n<script type=\"application\/ld+json\" class=\"yoast-schema-graph\">{\"@context\":\"https:\/\/schema.org\",\"@graph\":[{\"@type\":\"WebPage\",\"@id\":\"https:\/\/hobstop.ee\/lv\/produkts\/akvarelu-kritins-derwent-inktense\/\",\"url\":\"https:\/\/hobstop.ee\/lv\/produkts\/akvarelu-kritins-derwent-inktense\/\",\"name\":\"Akvare\u013cu kr\u012bti\u0146\u0161 Derwent Inktense &#8211; Skizze\",\"isPartOf\":{\"@id\":\"https:\/\/hobstop.ee\/lv\/#website\"},\"primaryImageOfPage\":{\"@id\":\"https:\/\/hobstop.ee\/lv\/produkts\/akvarelu-kritins-derwent-inktense\/#primaryimage\"},\"image\":{\"@id\":\"https:\/\/hobstop.ee\/lv\/produkts\/akvarelu-kritins-derwent-inktense\/#primaryimage\"},\"thumbnailUrl\":\"https:\/\/hobstop.ee\/media\/2990.jpg\",\"datePublished\":\"2014-12-09T11:02:26+00:00\",\"dateModified\":\"-0001-11-30T00:00:00+00:00\",\"breadcrumb\":{\"@id\":\"https:\/\/hobstop.ee\/lv\/produkts\/akvarelu-kritins-derwent-inktense\/#breadcrumb\"},\"inLanguage\":\"lv-LV\",\"potentialAction\":[{\"@type\":\"ReadAction\",\"target\":[\"https:\/\/hobstop.ee\/lv\/produkts\/akvarelu-kritins-derwent-inktense\/\"]}]},{\"@type\":\"ImageObject\",\"inLanguage\":\"lv-LV\",\"@id\":\"https:\/\/hobstop.ee\/lv\/produkts\/akvarelu-kritins-derwent-inktense\/#primaryimage\",\"url\":\"https:\/\/hobstop.ee\/media\/2990.jpg\",\"contentUrl\":\"https:\/\/hobstop.ee\/media\/2990.jpg\",\"width\":1024,\"height\":768},{\"@type\":\"BreadcrumbList\",\"@id\":\"https:\/\/hobstop.ee\/lv\/produkts\/akvarelu-kritins-derwent-inktense\/#breadcrumb\",\"itemListElement\":[{\"@type\":\"ListItem\",\"position\":1,\"name\":\"Avaleht\",\"item\":\"https:\/\/hobstop.ee\/lv\/\"},{\"@type\":\"ListItem\",\"position\":2,\"name\":\"Veikals\",\"item\":\"https:\/\/hobstop.ee\/lv\/veikals\/\"},{\"@type\":\"ListItem\",\"position\":3,\"name\":\"Akvare\u013cu kr\u012bti\u0146\u0161 Derwent Inktense\"}]},{\"@type\":\"WebSite\",\"@id\":\"https:\/\/hobstop.ee\/lv\/#website\",\"url\":\"https:\/\/hobstop.ee\/lv\/\",\"name\":\"Skizze\",\"description\":\"M\u0101kslas, hobiju un skolas preces\",\"publisher\":{\"@id\":\"https:\/\/hobstop.ee\/lv\/#organization\"},\"potentialAction\":[{\"@type\":\"SearchAction\",\"target\":{\"@type\":\"EntryPoint\",\"urlTemplate\":\"https:\/\/hobstop.ee\/lv\/?s={search_term_string}\"},\"query-input\":{\"@type\":\"PropertyValueSpecification\",\"valueRequired\":true,\"valueName\":\"search_term_string\"}}],\"inLanguage\":\"lv-LV\"},{\"@type\":\"Organization\",\"@id\":\"https:\/\/hobstop.ee\/lv\/#organization\",\"name\":\"Vunder AS\",\"url\":\"https:\/\/hobstop.ee\/lv\/\",\"logo\":{\"@type\":\"ImageObject\",\"inLanguage\":\"lv-LV\",\"@id\":\"https:\/\/hobstop.ee\/lv\/#\/schema\/logo\/image\/\",\"url\":\"https:\/\/hobstop.ee\/media\/vunder-logo.png\",\"contentUrl\":\"https:\/\/hobstop.ee\/media\/vunder-logo.png\",\"width\":127,\"height\":55,\"caption\":\"Vunder AS\"},\"image\":{\"@id\":\"https:\/\/hobstop.ee\/lv\/#\/schema\/logo\/image\/\"},\"sameAs\":[\"http:\/\/www.facebook.com\/VunderSkizze\"]}]}<\/script>\n<!-- \/ Yoast SEO plugin. -->","yoast_head_json":{"title":"Akvare\u013cu kr\u012bti\u0146\u0161 Derwent Inktense &#8211; Skizze","robots":{"index":"noindex","follow":"follow","max-snippet":"max-snippet:-1","max-image-preview":"max-image-preview:large","max-video-preview":"max-video-preview:-1"},"og_locale":"lv_LV","og_type":"article","og_title":"Akvare\u013cu kr\u012bti\u0146\u0161 Derwent Inktense &#8211; Skizze","og_description":"\u0160ie izteiksm\u012bgie, \u016bden\u012b \u0161\u0137\u012bsto\u0161ie tintes kr\u012bti\u0146i rad\u012bs jaunu br\u012bv\u012bbas saj\u016btu un pie\u0161\u0137irs jaunu kr\u0101su gammu j\u016bsu z\u012bm\u0113jumam vai gleznai! Lietojot saus\u0101 veid\u0101, Derwent Inktense sniegs t\u012bras un dinamiskas kr\u0101sas, bet izpludinot, tiks ieg\u016bts caursp\u012bd\u012bga tintes kr\u0101sojuma efekts, kuru p\u0113c no\u017e\u016b\u0161anas var atk\u0101rtoti papildin\u0101t. Kr\u012bti\u0146i ir \u013coti univers\u0101li un tos var izmantot da\u017e\u0101du efektu rad\u012b\u0161anai. Izmantojiet tos kr\u0101su p\u0101reju rad\u012b\u0161anai! Iem\u0113rciet tos \u016bden\u012b un uzkl\u0101jiet kr\u0101su uz pap\u012bra, izmantojiet to saus\u0101s malas uz mitra pap\u012bra, lai ieg\u016btu intens\u012bvu, palieko\u0161u kr\u0101su. Kr\u012bti\u0146i papildina Inteknse produktu kl\u0101stu, kas paver bezgal\u012bgu iesp\u0113ju pasauli. Tos var izmantot ar\u012b uz auduma, lai rad\u012btu skaistus z\u012bm\u0113jumus uz z\u012bda vai pik\u0113 auduma. Kvadr\u0101tveida 8mm bloks, garums 75mm","og_url":"https:\/\/hobstop.ee\/lv\/produkts\/akvarelu-kritins-derwent-inktense\/","og_site_name":"Skizze","article_publisher":"http:\/\/www.facebook.com\/VunderSkizze","article_modified_time":"-0001-11-30T00:00:00+00:00","og_image":[{"width":1024,"height":768,"url":"https:\/\/hobstop.ee\/media\/2990.jpg","type":"image\/jpeg"}],"twitter_card":"summary_large_image","twitter_misc":{"Est. reading time":"1 min\u016b\u0161u"},"schema":{"@context":"https:\/\/schema.org","@graph":[{"@type":"WebPage","@id":"https:\/\/hobstop.ee\/lv\/produkts\/akvarelu-kritins-derwent-inktense\/","url":"https:\/\/hobstop.ee\/lv\/produkts\/akvarelu-kritins-derwent-inktense\/","name":"Akvare\u013cu kr\u012bti\u0146\u0161 Derwent Inktense &#8211; Skizze","isPartOf":{"@id":"https:\/\/hobstop.ee\/lv\/#website"},"primaryImageOfPage":{"@id":"https:\/\/hobstop.ee\/lv\/produkts\/akvarelu-kritins-derwent-inktense\/#primaryimage"},"image":{"@id":"https:\/\/hobstop.ee\/lv\/produkts\/akvarelu-kritins-derwent-inktense\/#primaryimage"},"thumbnailUrl":"https:\/\/hobstop.ee\/media\/2990.jpg","datePublished":"2014-12-09T11:02:26+00:00","dateModified":"-0001-11-30T00:00:00+00:00","breadcrumb":{"@id":"https:\/\/hobstop.ee\/lv\/produkts\/akvarelu-kritins-derwent-inktense\/#breadcrumb"},"inLanguage":"lv-LV","potentialAction":[{"@type":"ReadAction","target":["https:\/\/hobstop.ee\/lv\/produkts\/akvarelu-kritins-derwent-inktense\/"]}]},{"@type":"ImageObject","inLanguage":"lv-LV","@id":"https:\/\/hobstop.ee\/lv\/produkts\/akvarelu-kritins-derwent-inktense\/#primaryimage","url":"https:\/\/hobstop.ee\/media\/2990.jpg","contentUrl":"https:\/\/hobstop.ee\/media\/2990.jpg","width":1024,"height":768},{"@type":"BreadcrumbList","@id":"https:\/\/hobstop.ee\/lv\/produkts\/akvarelu-kritins-derwent-inktense\/#breadcrumb","itemListElement":[{"@type":"ListItem","position":1,"name":"Avaleht","item":"https:\/\/hobstop.ee\/lv\/"},{"@type":"ListItem","position":2,"name":"Veikals","item":"https:\/\/hobstop.ee\/lv\/veikals\/"},{"@type":"ListItem","position":3,"name":"Akvare\u013cu kr\u012bti\u0146\u0161 Derwent Inktense"}]},{"@type":"WebSite","@id":"https:\/\/hobstop.ee\/lv\/#website","url":"https:\/\/hobstop.ee\/lv\/","name":"Skizze","description":"M\u0101kslas, hobiju un skolas preces","publisher":{"@id":"https:\/\/hobstop.ee\/lv\/#organization"},"potentialAction":[{"@type":"SearchAction","target":{"@type":"EntryPoint","urlTemplate":"https:\/\/hobstop.ee\/lv\/?s={search_term_string}"},"query-input":{"@type":"PropertyValueSpecification","valueRequired":true,"valueName":"search_term_string"}}],"inLanguage":"lv-LV"},{"@type":"Organization","@id":"https:\/\/hobstop.ee\/lv\/#organization","name":"Vunder AS","url":"https:\/\/hobstop.ee\/lv\/","logo":{"@type":"ImageObject","inLanguage":"lv-LV","@id":"https:\/\/hobstop.ee\/lv\/#\/schema\/logo\/image\/","url":"https:\/\/hobstop.ee\/media\/vunder-logo.png","contentUrl":"https:\/\/hobstop.ee\/media\/vunder-logo.png","width":127,"height":55,"caption":"Vunder AS"},"image":{"@id":"https:\/\/hobstop.ee\/lv\/#\/schema\/logo\/image\/"},"sameAs":["http:\/\/www.facebook.com\/VunderSkizze"]}]}},"_links":{"self":[{"href":"https:\/\/hobstop.ee\/lv\/wp-json\/wp\/v2\/product\/62049","targetHints":{"allow":["GET"]}}],"collection":[{"href":"https:\/\/hobstop.ee\/lv\/wp-json\/wp\/v2\/product"}],"about":[{"href":"https:\/\/hobstop.ee\/lv\/wp-json\/wp\/v2\/types\/product"}],"replies":[{"embeddable":true,"href":"https:\/\/hobstop.ee\/lv\/wp-json\/wp\/v2\/comments?post=62049"}],"wp:featuredmedia":[{"embeddable":true,"href":"https:\/\/hobstop.ee\/lv\/wp-json\/wp\/v2\/media\/105790"}],"wp:attachment":[{"href":"https:\/\/hobstop.ee\/lv\/wp-json\/wp\/v2\/media?parent=62049"}],"wp:term":[{"taxonomy":"product_cat","embeddable":true,"href":"https:\/\/hobstop.ee\/lv\/wp-json\/wp\/v2\/product_cat?post=62049"},{"taxonomy":"product_tag","embeddable":true,"href":"https:\/\/hobstop.ee\/lv\/wp-json\/wp\/v2\/product_tag?post=62049"}],"curies":[{"name":"wp","href":"https:\/\/api.w.org\/{rel}","templated":true}]}}