{"id":62061,"date":"2014-12-09T13:02:28","date_gmt":"2014-12-09T11:02:28","guid":{"rendered":"https:\/\/sharks.ee\/vunder_2019.klient.veebimajutus.ee\/?post_type=product&p=62061"},"modified":"2014-12-09T13:02:28","modified_gmt":"2014-12-09T10:02:28","slug":"zeltisanas-vasks-lb-30ml","status":"publish","type":"product","link":"https:\/\/hobstop.ee\/lv\/produkts\/zeltisanas-vasks-lb-30ml\/","title":{"rendered":"Zelt\u012b\u0161anas vasks L&#038;B 30ml"},"content":{"rendered":"<p>Pie\u0161\u0137iriet priek\u0161metiem v\u0113sturiskus akcentus! Dekor\u0113jiet vai atjaunojiet priek\u0161metus,  radiet met\u0101lisku vai ant\u012bku efektu. Lefranc&#038;Bourgois zelt\u012b\u0161anas produkti ir alternat\u012bva tradicion\u0101lajiem zelt\u012b\u0161anas tehnik\u0101m un tie ir \u013coti vienk\u0101r\u0161i un \u0113rti izmanto\u0161an\u0101. \u0160ie tradicion\u0101lie amatnieku izstr\u0101d\u0101jumi tiek izmantoti dekor\u0113\u0161anai un nelielu restaur\u0101cijas darbu veik\u0161anai. Satur met\u0101la pigmentus, kas pied\u0101v\u0101 intens\u012bvu atspulgu, dzi\u013cu, sp\u012bd\u012bgu un necaursp\u012bd\u012bgu apdari, k\u0101 ar\u012b  ilgnotur\u012bgu kr\u0101su.<br \/>\nLefranc&#038;Bourgois zelt\u012b\u0161anas vasks ir univers\u0101ls un labs l\u012bdzeklis, lai rad\u012btu patinas efektu uz sl\u012bp\u0101m mal\u0101m, dekorat\u012bviem priek\u0161metiem vai st\u016briem. Taukaino tekst\u016bru var viegli uzkl\u0101t ar saru otu uz gludas un porainu virsmas. Izmantojot dr\u0101nu, uzkl\u0101t var \u0101tri un vienm\u0113r\u012bgi. Piem\u0113rots izmanto\u0161anai uz da\u017e\u0101diem materi\u0101liem, piem\u0113ram, koka, stikla, kartona, akmens, pap\u012bra, dekorat\u012bvajiem audumiem, keramikas utt.<\/p>\n","protected":false},"excerpt":{"rendered":"<p>Pie\u0161\u0137iriet priek\u0161metiem v\u0113sturiskus akcentus! Dekor\u0113jiet vai atjaunojiet priek\u0161metus, radiet met\u0101lisku vai ant\u012bku efektu. Lefranc&#038;Bourgois zelt\u012b\u0161anas produkti ir alternat\u012bva tradicion\u0101lajiem zelt\u012b\u0161anas tehnik\u0101m un tie ir \u013coti vienk\u0101r\u0161i un \u0113rti izmanto\u0161an\u0101. \u0160ie tradicion\u0101lie amatnieku izstr\u0101d\u0101jumi tiek izmantoti dekor\u0113\u0161anai un nelielu restaur\u0101cijas darbu veik\u0161anai. Satur met\u0101la pigmentus, kas pied\u0101v\u0101 intens\u012bvu atspulgu, dzi\u013cu, sp\u012bd\u012bgu un necaursp\u012bd\u012bgu apdari, k\u0101 ar\u012b ilgnotur\u012bgu kr\u0101su. Lefranc&#038;Bourgois zelt\u012b\u0161anas vasks ir univers\u0101ls un labs l\u012bdzeklis, lai rad\u012btu patinas efektu uz sl\u012bp\u0101m mal\u0101m, dekorat\u012bviem priek\u0161metiem vai st\u016briem. Taukaino tekst\u016bru var viegli uzkl\u0101t ar saru otu uz gludas un porainu virsmas. Izmantojot dr\u0101nu, uzkl\u0101t var \u0101tri un vienm\u0113r\u012bgi. Piem\u0113rots izmanto\u0161anai uz da\u017e\u0101diem materi\u0101liem, piem\u0113ram, koka, stikla, kartona, akmens, pap\u012bra, dekorat\u012bvajiem audumiem, keramikas utt.<\/p>\n","protected":false},"featured_media":105810,"comment_status":"closed","ping_status":"closed","template":"","meta":{"_acf_changed":false,"ep_exclude_from_search":false},"product_cat":[18622,16123,20024],"product_tag":[],"class_list":{"0":"post-62061","1":"product","2":"type-product","3":"status-publish","4":"has-post-thumbnail","6":"product_cat-apzeltisanas-piederumi","7":"product_cat-makslas-piederumi-2","8":"product_cat-zeltisanas-vaski-un-skidrumi","10":"first","11":"instock","12":"taxable","13":"shipping-taxable","14":"purchasable","15":"product-type-variable"},"acf":[],"yoast_head":"<!-- This site is optimized with the Yoast SEO plugin v24.1 - https:\/\/yoast.com\/wordpress\/plugins\/seo\/ -->\n<title>Zelt\u012b\u0161anas vasks L&amp;B 30ml &#8211; Skizze<\/title>\n<meta name=\"robots\" content=\"noindex, follow, max-snippet:-1, max-image-preview:large, max-video-preview:-1\" \/>\n<meta property=\"og:locale\" content=\"lv_LV\" \/>\n<meta property=\"og:type\" content=\"article\" \/>\n<meta property=\"og:title\" content=\"Zelt\u012b\u0161anas vasks L&amp;B 30ml &#8211; Skizze\" \/>\n<meta property=\"og:description\" content=\"Pie\u0161\u0137iriet priek\u0161metiem v\u0113sturiskus akcentus! Dekor\u0113jiet vai atjaunojiet priek\u0161metus, radiet met\u0101lisku vai ant\u012bku efektu. Lefranc&#038;Bourgois zelt\u012b\u0161anas produkti ir alternat\u012bva tradicion\u0101lajiem zelt\u012b\u0161anas tehnik\u0101m un tie ir \u013coti vienk\u0101r\u0161i un \u0113rti izmanto\u0161an\u0101. \u0160ie tradicion\u0101lie amatnieku izstr\u0101d\u0101jumi tiek izmantoti dekor\u0113\u0161anai un nelielu restaur\u0101cijas darbu veik\u0161anai. Satur met\u0101la pigmentus, kas pied\u0101v\u0101 intens\u012bvu atspulgu, dzi\u013cu, sp\u012bd\u012bgu un necaursp\u012bd\u012bgu apdari, k\u0101 ar\u012b ilgnotur\u012bgu kr\u0101su. Lefranc&#038;Bourgois zelt\u012b\u0161anas vasks ir univers\u0101ls un labs l\u012bdzeklis, lai rad\u012btu patinas efektu uz sl\u012bp\u0101m mal\u0101m, dekorat\u012bviem priek\u0161metiem vai st\u016briem. Taukaino tekst\u016bru var viegli uzkl\u0101t ar saru otu uz gludas un porainu virsmas. Izmantojot dr\u0101nu, uzkl\u0101t var \u0101tri un vienm\u0113r\u012bgi. Piem\u0113rots izmanto\u0161anai uz da\u017e\u0101diem materi\u0101liem, piem\u0113ram, koka, stikla, kartona, akmens, pap\u012bra, dekorat\u012bvajiem audumiem, keramikas utt.\" \/>\n<meta property=\"og:url\" content=\"https:\/\/hobstop.ee\/lv\/produkts\/zeltisanas-vasks-lb-30ml\/\" \/>\n<meta property=\"og:site_name\" content=\"Skizze\" \/>\n<meta property=\"article:publisher\" content=\"http:\/\/www.facebook.com\/VunderSkizze\" \/>\n<meta property=\"article:modified_time\" content=\"-0001-11-30T00:00:00+00:00\" \/>\n<meta property=\"og:image\" content=\"https:\/\/www.hobstop.ee\/media\/3013.jpg\" \/>\n\t<meta property=\"og:image:width\" content=\"1024\" \/>\n\t<meta property=\"og:image:height\" content=\"768\" \/>\n\t<meta property=\"og:image:type\" content=\"image\/jpeg\" \/>\n<meta name=\"twitter:card\" content=\"summary_large_image\" \/>\n<meta name=\"twitter:label1\" content=\"Est. reading time\" \/>\n\t<meta name=\"twitter:data1\" content=\"1 min\u016b\u0161u\" \/>\n<script type=\"application\/ld+json\" class=\"yoast-schema-graph\">{\"@context\":\"https:\/\/schema.org\",\"@graph\":[{\"@type\":\"WebPage\",\"@id\":\"https:\/\/hobstop.ee\/lv\/produkts\/zeltisanas-vasks-lb-30ml\/\",\"url\":\"https:\/\/hobstop.ee\/lv\/produkts\/zeltisanas-vasks-lb-30ml\/\",\"name\":\"Zelt\u012b\u0161anas vasks L&B 30ml &#8211; Skizze\",\"isPartOf\":{\"@id\":\"https:\/\/hobstop.ee\/lv\/#website\"},\"primaryImageOfPage\":{\"@id\":\"https:\/\/hobstop.ee\/lv\/produkts\/zeltisanas-vasks-lb-30ml\/#primaryimage\"},\"image\":{\"@id\":\"https:\/\/hobstop.ee\/lv\/produkts\/zeltisanas-vasks-lb-30ml\/#primaryimage\"},\"thumbnailUrl\":\"https:\/\/hobstop.ee\/media\/3013.jpg\",\"datePublished\":\"2014-12-09T11:02:28+00:00\",\"dateModified\":\"-0001-11-30T00:00:00+00:00\",\"breadcrumb\":{\"@id\":\"https:\/\/hobstop.ee\/lv\/produkts\/zeltisanas-vasks-lb-30ml\/#breadcrumb\"},\"inLanguage\":\"lv-LV\",\"potentialAction\":[{\"@type\":\"ReadAction\",\"target\":[\"https:\/\/hobstop.ee\/lv\/produkts\/zeltisanas-vasks-lb-30ml\/\"]}]},{\"@type\":\"ImageObject\",\"inLanguage\":\"lv-LV\",\"@id\":\"https:\/\/hobstop.ee\/lv\/produkts\/zeltisanas-vasks-lb-30ml\/#primaryimage\",\"url\":\"https:\/\/hobstop.ee\/media\/3013.jpg\",\"contentUrl\":\"https:\/\/hobstop.ee\/media\/3013.jpg\",\"width\":1024,\"height\":768},{\"@type\":\"BreadcrumbList\",\"@id\":\"https:\/\/hobstop.ee\/lv\/produkts\/zeltisanas-vasks-lb-30ml\/#breadcrumb\",\"itemListElement\":[{\"@type\":\"ListItem\",\"position\":1,\"name\":\"Avaleht\",\"item\":\"https:\/\/www.hobstop.ee\/lv\/\"},{\"@type\":\"ListItem\",\"position\":2,\"name\":\"Veikals\",\"item\":\"https:\/\/www.hobstop.ee\/lv\/veikals\/\"},{\"@type\":\"ListItem\",\"position\":3,\"name\":\"Zelt\u012b\u0161anas vasks L&#038;B 30ml\"}]},{\"@type\":\"WebSite\",\"@id\":\"https:\/\/hobstop.ee\/lv\/#website\",\"url\":\"https:\/\/hobstop.ee\/lv\/\",\"name\":\"Skizze\",\"description\":\"M\u0101kslas, hobiju un skolas preces\",\"publisher\":{\"@id\":\"https:\/\/hobstop.ee\/lv\/#organization\"},\"potentialAction\":[{\"@type\":\"SearchAction\",\"target\":{\"@type\":\"EntryPoint\",\"urlTemplate\":\"https:\/\/hobstop.ee\/lv\/?s={search_term_string}\"},\"query-input\":{\"@type\":\"PropertyValueSpecification\",\"valueRequired\":true,\"valueName\":\"search_term_string\"}}],\"inLanguage\":\"lv-LV\"},{\"@type\":\"Organization\",\"@id\":\"https:\/\/hobstop.ee\/lv\/#organization\",\"name\":\"Vunder AS\",\"url\":\"https:\/\/hobstop.ee\/lv\/\",\"logo\":{\"@type\":\"ImageObject\",\"inLanguage\":\"lv-LV\",\"@id\":\"https:\/\/hobstop.ee\/lv\/#\/schema\/logo\/image\/\",\"url\":\"https:\/\/hobstop.ee\/media\/vunder-logo.png\",\"contentUrl\":\"https:\/\/hobstop.ee\/media\/vunder-logo.png\",\"width\":127,\"height\":55,\"caption\":\"Vunder AS\"},\"image\":{\"@id\":\"https:\/\/hobstop.ee\/lv\/#\/schema\/logo\/image\/\"},\"sameAs\":[\"http:\/\/www.facebook.com\/VunderSkizze\"]}]}<\/script>\n<!-- \/ Yoast SEO plugin. -->","yoast_head_json":{"title":"Zelt\u012b\u0161anas vasks L&B 30ml &#8211; Skizze","robots":{"index":"noindex","follow":"follow","max-snippet":"max-snippet:-1","max-image-preview":"max-image-preview:large","max-video-preview":"max-video-preview:-1"},"og_locale":"lv_LV","og_type":"article","og_title":"Zelt\u012b\u0161anas vasks L&B 30ml &#8211; Skizze","og_description":"Pie\u0161\u0137iriet priek\u0161metiem v\u0113sturiskus akcentus! Dekor\u0113jiet vai atjaunojiet priek\u0161metus, radiet met\u0101lisku vai ant\u012bku efektu. Lefranc&#038;Bourgois zelt\u012b\u0161anas produkti ir alternat\u012bva tradicion\u0101lajiem zelt\u012b\u0161anas tehnik\u0101m un tie ir \u013coti vienk\u0101r\u0161i un \u0113rti izmanto\u0161an\u0101. \u0160ie tradicion\u0101lie amatnieku izstr\u0101d\u0101jumi tiek izmantoti dekor\u0113\u0161anai un nelielu restaur\u0101cijas darbu veik\u0161anai. Satur met\u0101la pigmentus, kas pied\u0101v\u0101 intens\u012bvu atspulgu, dzi\u013cu, sp\u012bd\u012bgu un necaursp\u012bd\u012bgu apdari, k\u0101 ar\u012b ilgnotur\u012bgu kr\u0101su. Lefranc&#038;Bourgois zelt\u012b\u0161anas vasks ir univers\u0101ls un labs l\u012bdzeklis, lai rad\u012btu patinas efektu uz sl\u012bp\u0101m mal\u0101m, dekorat\u012bviem priek\u0161metiem vai st\u016briem. Taukaino tekst\u016bru var viegli uzkl\u0101t ar saru otu uz gludas un porainu virsmas. Izmantojot dr\u0101nu, uzkl\u0101t var \u0101tri un vienm\u0113r\u012bgi. Piem\u0113rots izmanto\u0161anai uz da\u017e\u0101diem materi\u0101liem, piem\u0113ram, koka, stikla, kartona, akmens, pap\u012bra, dekorat\u012bvajiem audumiem, keramikas utt.","og_url":"https:\/\/hobstop.ee\/lv\/produkts\/zeltisanas-vasks-lb-30ml\/","og_site_name":"Skizze","article_publisher":"http:\/\/www.facebook.com\/VunderSkizze","article_modified_time":"-0001-11-30T00:00:00+00:00","og_image":[{"width":1024,"height":768,"url":"https:\/\/www.hobstop.ee\/media\/3013.jpg","type":"image\/jpeg"}],"twitter_card":"summary_large_image","twitter_misc":{"Est. reading time":"1 min\u016b\u0161u"},"schema":{"@context":"https:\/\/schema.org","@graph":[{"@type":"WebPage","@id":"https:\/\/hobstop.ee\/lv\/produkts\/zeltisanas-vasks-lb-30ml\/","url":"https:\/\/hobstop.ee\/lv\/produkts\/zeltisanas-vasks-lb-30ml\/","name":"Zelt\u012b\u0161anas vasks L&B 30ml &#8211; Skizze","isPartOf":{"@id":"https:\/\/hobstop.ee\/lv\/#website"},"primaryImageOfPage":{"@id":"https:\/\/hobstop.ee\/lv\/produkts\/zeltisanas-vasks-lb-30ml\/#primaryimage"},"image":{"@id":"https:\/\/hobstop.ee\/lv\/produkts\/zeltisanas-vasks-lb-30ml\/#primaryimage"},"thumbnailUrl":"https:\/\/hobstop.ee\/media\/3013.jpg","datePublished":"2014-12-09T11:02:28+00:00","dateModified":"-0001-11-30T00:00:00+00:00","breadcrumb":{"@id":"https:\/\/hobstop.ee\/lv\/produkts\/zeltisanas-vasks-lb-30ml\/#breadcrumb"},"inLanguage":"lv-LV","potentialAction":[{"@type":"ReadAction","target":["https:\/\/hobstop.ee\/lv\/produkts\/zeltisanas-vasks-lb-30ml\/"]}]},{"@type":"ImageObject","inLanguage":"lv-LV","@id":"https:\/\/hobstop.ee\/lv\/produkts\/zeltisanas-vasks-lb-30ml\/#primaryimage","url":"https:\/\/hobstop.ee\/media\/3013.jpg","contentUrl":"https:\/\/hobstop.ee\/media\/3013.jpg","width":1024,"height":768},{"@type":"BreadcrumbList","@id":"https:\/\/hobstop.ee\/lv\/produkts\/zeltisanas-vasks-lb-30ml\/#breadcrumb","itemListElement":[{"@type":"ListItem","position":1,"name":"Avaleht","item":"https:\/\/www.hobstop.ee\/lv\/"},{"@type":"ListItem","position":2,"name":"Veikals","item":"https:\/\/www.hobstop.ee\/lv\/veikals\/"},{"@type":"ListItem","position":3,"name":"Zelt\u012b\u0161anas vasks L&#038;B 30ml"}]},{"@type":"WebSite","@id":"https:\/\/hobstop.ee\/lv\/#website","url":"https:\/\/hobstop.ee\/lv\/","name":"Skizze","description":"M\u0101kslas, hobiju un skolas preces","publisher":{"@id":"https:\/\/hobstop.ee\/lv\/#organization"},"potentialAction":[{"@type":"SearchAction","target":{"@type":"EntryPoint","urlTemplate":"https:\/\/hobstop.ee\/lv\/?s={search_term_string}"},"query-input":{"@type":"PropertyValueSpecification","valueRequired":true,"valueName":"search_term_string"}}],"inLanguage":"lv-LV"},{"@type":"Organization","@id":"https:\/\/hobstop.ee\/lv\/#organization","name":"Vunder AS","url":"https:\/\/hobstop.ee\/lv\/","logo":{"@type":"ImageObject","inLanguage":"lv-LV","@id":"https:\/\/hobstop.ee\/lv\/#\/schema\/logo\/image\/","url":"https:\/\/hobstop.ee\/media\/vunder-logo.png","contentUrl":"https:\/\/hobstop.ee\/media\/vunder-logo.png","width":127,"height":55,"caption":"Vunder AS"},"image":{"@id":"https:\/\/hobstop.ee\/lv\/#\/schema\/logo\/image\/"},"sameAs":["http:\/\/www.facebook.com\/VunderSkizze"]}]}},"_links":{"self":[{"href":"https:\/\/hobstop.ee\/lv\/wp-json\/wp\/v2\/product\/62061","targetHints":{"allow":["GET"]}}],"collection":[{"href":"https:\/\/hobstop.ee\/lv\/wp-json\/wp\/v2\/product"}],"about":[{"href":"https:\/\/hobstop.ee\/lv\/wp-json\/wp\/v2\/types\/product"}],"replies":[{"embeddable":true,"href":"https:\/\/hobstop.ee\/lv\/wp-json\/wp\/v2\/comments?post=62061"}],"wp:featuredmedia":[{"embeddable":true,"href":"https:\/\/hobstop.ee\/lv\/wp-json\/wp\/v2\/media\/105810"}],"wp:attachment":[{"href":"https:\/\/hobstop.ee\/lv\/wp-json\/wp\/v2\/media?parent=62061"}],"wp:term":[{"taxonomy":"product_cat","embeddable":true,"href":"https:\/\/hobstop.ee\/lv\/wp-json\/wp\/v2\/product_cat?post=62061"},{"taxonomy":"product_tag","embeddable":true,"href":"https:\/\/hobstop.ee\/lv\/wp-json\/wp\/v2\/product_tag?post=62061"}],"curies":[{"name":"wp","href":"https:\/\/api.w.org\/{rel}","templated":true}]}}