{"id":62082,"date":"2014-12-09T13:02:33","date_gmt":"2014-12-09T11:02:33","guid":{"rendered":"https:\/\/sharks.ee\/vunder_2019.klient.veebimajutus.ee\/?post_type=product&p=62082"},"modified":"2014-12-09T13:02:33","modified_gmt":"2014-12-09T10:02:33","slug":"konturkrasa-stiklam-marabu-20ml","status":"publish","type":"product","link":"https:\/\/hobstop.ee\/lv\/produkts\/konturkrasa-stiklam-marabu-20ml\/","title":{"rendered":"Kont\u016brkr\u0101sa stiklam Marabu 20ml"},"content":{"rendered":"<p>Ar Marabu Relief Paste kr\u0101su z\u012bm\u0113\u0161ana ir \u012bpa\u0161i vienk\u0101r\u0161a un \u0113rta &#8211; kr\u0101su var kl\u0101t tie\u0161i no t\u016bbi\u0146as.  Skaidras kont\u016bras, lielisks efekts.   Vienk\u0101r\u0161i apglezno, \u013cauj \u017e\u016bt 3 dienas un &#8211; gatavs! Var mazg\u0101t trauku mazg\u0101jamaj\u0101 ma\u0161\u012bn\u0101 (max 50\u00b0C), nav nepiecie\u0161ama apdedzin\u0101\u0161ana.  Daudzveid\u012bgai izmanto\u0161anai:  uz stikla un porcel\u0101na, kont\u016bru izcel\u0161anai vai \u0161ablonu tehnikai.  Uz \u016bdens b\u0101zes, bez smar\u017eas un notur\u012bga.<\/p>\n","protected":false},"excerpt":{"rendered":"<p>Ar Marabu Relief Paste kr\u0101su z\u012bm\u0113\u0161ana ir \u012bpa\u0161i vienk\u0101r\u0161a un \u0113rta &#8211; kr\u0101su var kl\u0101t tie\u0161i no t\u016bbi\u0146as. Skaidras kont\u016bras, lielisks efekts. Vienk\u0101r\u0161i apglezno, \u013cauj \u017e\u016bt 3 dienas un &#8211; gatavs! Var mazg\u0101t trauku mazg\u0101jamaj\u0101 ma\u0161\u012bn\u0101 (max 50\u00b0C), nav nepiecie\u0161ama apdedzin\u0101\u0161ana. Daudzveid\u012bgai izmanto\u0161anai: uz stikla un porcel\u0101na, kont\u016bru izcel\u0161anai vai \u0161ablonu tehnikai. Uz \u016bdens b\u0101zes, bez smar\u017eas un notur\u012bga.<\/p>\n","protected":false},"featured_media":105838,"comment_status":"closed","ping_status":"closed","template":"","meta":{"_acf_changed":false,"ep_exclude_from_search":false},"product_cat":[16198,18236,17918],"product_tag":[],"class_list":{"0":"post-62082","1":"product","2":"type-product","3":"status-publish","4":"has-post-thumbnail","6":"product_cat-krasas-stiklam","7":"product_cat-krasas-uz-udens-bazes-2","8":"product_cat-preces-hobijiem","10":"first","11":"instock","12":"sale","13":"taxable","14":"shipping-taxable","15":"purchasable","16":"product-type-variable"},"acf":[],"yoast_head":"<!-- This site is optimized with the Yoast SEO plugin v24.1 - https:\/\/yoast.com\/wordpress\/plugins\/seo\/ -->\n<title>Kont\u016brkr\u0101sa stiklam Marabu 20ml &#8211; Skizze<\/title>\n<meta name=\"robots\" content=\"noindex, follow, max-snippet:-1, max-image-preview:large, max-video-preview:-1\" \/>\n<meta property=\"og:locale\" content=\"lv_LV\" \/>\n<meta property=\"og:type\" content=\"article\" \/>\n<meta property=\"og:title\" content=\"Kont\u016brkr\u0101sa stiklam Marabu 20ml &#8211; Skizze\" \/>\n<meta property=\"og:description\" content=\"Ar Marabu Relief Paste kr\u0101su z\u012bm\u0113\u0161ana ir \u012bpa\u0161i vienk\u0101r\u0161a un \u0113rta &#8211; kr\u0101su var kl\u0101t tie\u0161i no t\u016bbi\u0146as. Skaidras kont\u016bras, lielisks efekts. Vienk\u0101r\u0161i apglezno, \u013cauj \u017e\u016bt 3 dienas un &#8211; gatavs! Var mazg\u0101t trauku mazg\u0101jamaj\u0101 ma\u0161\u012bn\u0101 (max 50\u00b0C), nav nepiecie\u0161ama apdedzin\u0101\u0161ana. Daudzveid\u012bgai izmanto\u0161anai: uz stikla un porcel\u0101na, kont\u016bru izcel\u0161anai vai \u0161ablonu tehnikai. Uz \u016bdens b\u0101zes, bez smar\u017eas un notur\u012bga.\" \/>\n<meta property=\"og:url\" content=\"https:\/\/hobstop.ee\/lv\/produkts\/konturkrasa-stiklam-marabu-20ml\/\" \/>\n<meta property=\"og:site_name\" content=\"Skizze\" \/>\n<meta property=\"article:publisher\" content=\"http:\/\/www.facebook.com\/VunderSkizze\" \/>\n<meta property=\"article:modified_time\" content=\"-0001-11-30T00:00:00+00:00\" \/>\n<meta property=\"og:image\" content=\"https:\/\/hobstop.ee\/media\/3020.jpg\" \/>\n\t<meta property=\"og:image:width\" content=\"1024\" \/>\n\t<meta property=\"og:image:height\" content=\"768\" \/>\n\t<meta property=\"og:image:type\" content=\"image\/jpeg\" \/>\n<meta name=\"twitter:card\" content=\"summary_large_image\" \/>\n<script type=\"application\/ld+json\" class=\"yoast-schema-graph\">{\"@context\":\"https:\/\/schema.org\",\"@graph\":[{\"@type\":\"WebPage\",\"@id\":\"https:\/\/hobstop.ee\/lv\/produkts\/konturkrasa-stiklam-marabu-20ml\/\",\"url\":\"https:\/\/hobstop.ee\/lv\/produkts\/konturkrasa-stiklam-marabu-20ml\/\",\"name\":\"Kont\u016brkr\u0101sa stiklam Marabu 20ml &#8211; Skizze\",\"isPartOf\":{\"@id\":\"https:\/\/hobstop.ee\/lv\/#website\"},\"primaryImageOfPage\":{\"@id\":\"https:\/\/hobstop.ee\/lv\/produkts\/konturkrasa-stiklam-marabu-20ml\/#primaryimage\"},\"image\":{\"@id\":\"https:\/\/hobstop.ee\/lv\/produkts\/konturkrasa-stiklam-marabu-20ml\/#primaryimage\"},\"thumbnailUrl\":\"https:\/\/hobstop.ee\/media\/3020.jpg\",\"datePublished\":\"2014-12-09T11:02:33+00:00\",\"dateModified\":\"-0001-11-30T00:00:00+00:00\",\"breadcrumb\":{\"@id\":\"https:\/\/hobstop.ee\/lv\/produkts\/konturkrasa-stiklam-marabu-20ml\/#breadcrumb\"},\"inLanguage\":\"lv-LV\",\"potentialAction\":[{\"@type\":\"ReadAction\",\"target\":[\"https:\/\/hobstop.ee\/lv\/produkts\/konturkrasa-stiklam-marabu-20ml\/\"]}]},{\"@type\":\"ImageObject\",\"inLanguage\":\"lv-LV\",\"@id\":\"https:\/\/hobstop.ee\/lv\/produkts\/konturkrasa-stiklam-marabu-20ml\/#primaryimage\",\"url\":\"https:\/\/hobstop.ee\/media\/3020.jpg\",\"contentUrl\":\"https:\/\/hobstop.ee\/media\/3020.jpg\",\"width\":1024,\"height\":768},{\"@type\":\"BreadcrumbList\",\"@id\":\"https:\/\/hobstop.ee\/lv\/produkts\/konturkrasa-stiklam-marabu-20ml\/#breadcrumb\",\"itemListElement\":[{\"@type\":\"ListItem\",\"position\":1,\"name\":\"Avaleht\",\"item\":\"https:\/\/www.hobstop.ee\/lv\/\"},{\"@type\":\"ListItem\",\"position\":2,\"name\":\"Veikals\",\"item\":\"https:\/\/www.hobstop.ee\/lv\/veikals\/\"},{\"@type\":\"ListItem\",\"position\":3,\"name\":\"Kont\u016brkr\u0101sa stiklam Marabu 20ml\"}]},{\"@type\":\"WebSite\",\"@id\":\"https:\/\/hobstop.ee\/lv\/#website\",\"url\":\"https:\/\/hobstop.ee\/lv\/\",\"name\":\"Skizze\",\"description\":\"M\u0101kslas, hobiju un skolas preces\",\"publisher\":{\"@id\":\"https:\/\/hobstop.ee\/lv\/#organization\"},\"potentialAction\":[{\"@type\":\"SearchAction\",\"target\":{\"@type\":\"EntryPoint\",\"urlTemplate\":\"https:\/\/hobstop.ee\/lv\/?s={search_term_string}\"},\"query-input\":{\"@type\":\"PropertyValueSpecification\",\"valueRequired\":true,\"valueName\":\"search_term_string\"}}],\"inLanguage\":\"lv-LV\"},{\"@type\":\"Organization\",\"@id\":\"https:\/\/hobstop.ee\/lv\/#organization\",\"name\":\"Vunder AS\",\"url\":\"https:\/\/hobstop.ee\/lv\/\",\"logo\":{\"@type\":\"ImageObject\",\"inLanguage\":\"lv-LV\",\"@id\":\"https:\/\/hobstop.ee\/lv\/#\/schema\/logo\/image\/\",\"url\":\"https:\/\/hobstop.ee\/media\/vunder-logo.png\",\"contentUrl\":\"https:\/\/hobstop.ee\/media\/vunder-logo.png\",\"width\":127,\"height\":55,\"caption\":\"Vunder AS\"},\"image\":{\"@id\":\"https:\/\/hobstop.ee\/lv\/#\/schema\/logo\/image\/\"},\"sameAs\":[\"http:\/\/www.facebook.com\/VunderSkizze\"]}]}<\/script>\n<!-- \/ Yoast SEO plugin. -->","yoast_head_json":{"title":"Kont\u016brkr\u0101sa stiklam Marabu 20ml &#8211; Skizze","robots":{"index":"noindex","follow":"follow","max-snippet":"max-snippet:-1","max-image-preview":"max-image-preview:large","max-video-preview":"max-video-preview:-1"},"og_locale":"lv_LV","og_type":"article","og_title":"Kont\u016brkr\u0101sa stiklam Marabu 20ml &#8211; Skizze","og_description":"Ar Marabu Relief Paste kr\u0101su z\u012bm\u0113\u0161ana ir \u012bpa\u0161i vienk\u0101r\u0161a un \u0113rta &#8211; kr\u0101su var kl\u0101t tie\u0161i no t\u016bbi\u0146as. Skaidras kont\u016bras, lielisks efekts. Vienk\u0101r\u0161i apglezno, \u013cauj \u017e\u016bt 3 dienas un &#8211; gatavs! Var mazg\u0101t trauku mazg\u0101jamaj\u0101 ma\u0161\u012bn\u0101 (max 50\u00b0C), nav nepiecie\u0161ama apdedzin\u0101\u0161ana. Daudzveid\u012bgai izmanto\u0161anai: uz stikla un porcel\u0101na, kont\u016bru izcel\u0161anai vai \u0161ablonu tehnikai. Uz \u016bdens b\u0101zes, bez smar\u017eas un notur\u012bga.","og_url":"https:\/\/hobstop.ee\/lv\/produkts\/konturkrasa-stiklam-marabu-20ml\/","og_site_name":"Skizze","article_publisher":"http:\/\/www.facebook.com\/VunderSkizze","article_modified_time":"-0001-11-30T00:00:00+00:00","og_image":[{"width":1024,"height":768,"url":"https:\/\/hobstop.ee\/media\/3020.jpg","type":"image\/jpeg"}],"twitter_card":"summary_large_image","schema":{"@context":"https:\/\/schema.org","@graph":[{"@type":"WebPage","@id":"https:\/\/hobstop.ee\/lv\/produkts\/konturkrasa-stiklam-marabu-20ml\/","url":"https:\/\/hobstop.ee\/lv\/produkts\/konturkrasa-stiklam-marabu-20ml\/","name":"Kont\u016brkr\u0101sa stiklam Marabu 20ml &#8211; Skizze","isPartOf":{"@id":"https:\/\/hobstop.ee\/lv\/#website"},"primaryImageOfPage":{"@id":"https:\/\/hobstop.ee\/lv\/produkts\/konturkrasa-stiklam-marabu-20ml\/#primaryimage"},"image":{"@id":"https:\/\/hobstop.ee\/lv\/produkts\/konturkrasa-stiklam-marabu-20ml\/#primaryimage"},"thumbnailUrl":"https:\/\/hobstop.ee\/media\/3020.jpg","datePublished":"2014-12-09T11:02:33+00:00","dateModified":"-0001-11-30T00:00:00+00:00","breadcrumb":{"@id":"https:\/\/hobstop.ee\/lv\/produkts\/konturkrasa-stiklam-marabu-20ml\/#breadcrumb"},"inLanguage":"lv-LV","potentialAction":[{"@type":"ReadAction","target":["https:\/\/hobstop.ee\/lv\/produkts\/konturkrasa-stiklam-marabu-20ml\/"]}]},{"@type":"ImageObject","inLanguage":"lv-LV","@id":"https:\/\/hobstop.ee\/lv\/produkts\/konturkrasa-stiklam-marabu-20ml\/#primaryimage","url":"https:\/\/hobstop.ee\/media\/3020.jpg","contentUrl":"https:\/\/hobstop.ee\/media\/3020.jpg","width":1024,"height":768},{"@type":"BreadcrumbList","@id":"https:\/\/hobstop.ee\/lv\/produkts\/konturkrasa-stiklam-marabu-20ml\/#breadcrumb","itemListElement":[{"@type":"ListItem","position":1,"name":"Avaleht","item":"https:\/\/www.hobstop.ee\/lv\/"},{"@type":"ListItem","position":2,"name":"Veikals","item":"https:\/\/www.hobstop.ee\/lv\/veikals\/"},{"@type":"ListItem","position":3,"name":"Kont\u016brkr\u0101sa stiklam Marabu 20ml"}]},{"@type":"WebSite","@id":"https:\/\/hobstop.ee\/lv\/#website","url":"https:\/\/hobstop.ee\/lv\/","name":"Skizze","description":"M\u0101kslas, hobiju un skolas preces","publisher":{"@id":"https:\/\/hobstop.ee\/lv\/#organization"},"potentialAction":[{"@type":"SearchAction","target":{"@type":"EntryPoint","urlTemplate":"https:\/\/hobstop.ee\/lv\/?s={search_term_string}"},"query-input":{"@type":"PropertyValueSpecification","valueRequired":true,"valueName":"search_term_string"}}],"inLanguage":"lv-LV"},{"@type":"Organization","@id":"https:\/\/hobstop.ee\/lv\/#organization","name":"Vunder AS","url":"https:\/\/hobstop.ee\/lv\/","logo":{"@type":"ImageObject","inLanguage":"lv-LV","@id":"https:\/\/hobstop.ee\/lv\/#\/schema\/logo\/image\/","url":"https:\/\/hobstop.ee\/media\/vunder-logo.png","contentUrl":"https:\/\/hobstop.ee\/media\/vunder-logo.png","width":127,"height":55,"caption":"Vunder AS"},"image":{"@id":"https:\/\/hobstop.ee\/lv\/#\/schema\/logo\/image\/"},"sameAs":["http:\/\/www.facebook.com\/VunderSkizze"]}]}},"_links":{"self":[{"href":"https:\/\/hobstop.ee\/lv\/wp-json\/wp\/v2\/product\/62082","targetHints":{"allow":["GET"]}}],"collection":[{"href":"https:\/\/hobstop.ee\/lv\/wp-json\/wp\/v2\/product"}],"about":[{"href":"https:\/\/hobstop.ee\/lv\/wp-json\/wp\/v2\/types\/product"}],"replies":[{"embeddable":true,"href":"https:\/\/hobstop.ee\/lv\/wp-json\/wp\/v2\/comments?post=62082"}],"wp:featuredmedia":[{"embeddable":true,"href":"https:\/\/hobstop.ee\/lv\/wp-json\/wp\/v2\/media\/105838"}],"wp:attachment":[{"href":"https:\/\/hobstop.ee\/lv\/wp-json\/wp\/v2\/media?parent=62082"}],"wp:term":[{"taxonomy":"product_cat","embeddable":true,"href":"https:\/\/hobstop.ee\/lv\/wp-json\/wp\/v2\/product_cat?post=62082"},{"taxonomy":"product_tag","embeddable":true,"href":"https:\/\/hobstop.ee\/lv\/wp-json\/wp\/v2\/product_tag?post=62082"}],"curies":[{"name":"wp","href":"https:\/\/api.w.org\/{rel}","templated":true}]}}