{"id":62113,"date":"2014-12-09T13:02:41","date_gmt":"2014-12-09T11:02:41","guid":{"rendered":"https:\/\/sharks.ee\/vunder_2019.klient.veebimajutus.ee\/?post_type=product&p=62113"},"modified":"2014-12-09T13:02:41","modified_gmt":"2014-12-09T10:02:41","slug":"sablons-marabu-paslimejoss-a5svamme","status":"publish","type":"product","link":"https:\/\/hobstop.ee\/lv\/produkts\/sablons-marabu-paslimejoss-a5svamme\/","title":{"rendered":"\u0160ablons Marabu pa\u0161l\u012bm\u0113jo\u0161s A5+\u0161vamme"},"content":{"rendered":"<p>Pa\u0161l\u012bm\u0113jo\u0161ais \u0161ablons ir piem\u0113rots vienk\u0101r\u0161u materi\u0101lu un virsmu \u0101trai dekor\u0113\u0161anai.  Pa\u0161l\u012bm\u0113jo\u0161o \u0161ablonu var lieliski kombin\u0113t ar akrila, tekstila un porcel\u0101na kr\u0101s\u0101m un tas ir piem\u0113rots lieto\u0161anai uz gandr\u012bz visiem materi\u0101liem: pap\u012bra, stikla, porcel\u0101na, tekstila, met\u0101la, koka, m\u0101la u.c. P\u0113c lieto\u0161anas tas ir viegli not\u012br\u0101ms un atk\u0101rtoti izmantojams.  Katrs pa\u0161l\u012bm\u0113jo\u0161ais \u0161ablons ir komplekt\u0113ts ar kvalitat\u012bvu s\u016bkli, kas izgatavots no s\u012bkporu put\u0101m un ir lieliski piem\u0113rots mazu laukumu un s\u012bku deta\u013cu aizpild\u012b\u0161anai ar kr\u0101su.<\/p>\n","protected":false},"excerpt":{"rendered":"<p>Pa\u0161l\u012bm\u0113jo\u0161ais \u0161ablons ir piem\u0113rots vienk\u0101r\u0161u materi\u0101lu un virsmu \u0101trai dekor\u0113\u0161anai. Pa\u0161l\u012bm\u0113jo\u0161o \u0161ablonu var lieliski kombin\u0113t ar akrila, tekstila un porcel\u0101na kr\u0101s\u0101m un tas ir piem\u0113rots lieto\u0161anai uz gandr\u012bz visiem materi\u0101liem: pap\u012bra, stikla, porcel\u0101na, tekstila, met\u0101la, koka, m\u0101la u.c. P\u0113c lieto\u0161anas tas ir viegli not\u012br\u0101ms un atk\u0101rtoti izmantojams. Katrs pa\u0161l\u012bm\u0113jo\u0161ais \u0161ablons ir komplekt\u0113ts ar kvalitat\u012bvu s\u016bkli, kas izgatavots no s\u012bkporu put\u0101m un ir lieliski piem\u0113rots mazu laukumu un s\u012bku deta\u013cu aizpild\u012b\u0161anai ar kr\u0101su.<\/p>\n","protected":false},"featured_media":105902,"comment_status":"closed","ping_status":"closed","template":"","meta":{"_acf_changed":false,"ep_exclude_from_search":false},"product_cat":[17954,17918,20021],"product_tag":[],"class_list":{"0":"post-62113","1":"product","2":"type-product","3":"status-publish","4":"has-post-thumbnail","6":"product_cat-decor-krasas-un-lakas","7":"product_cat-preces-hobijiem","8":"product_cat-sabloni-un-spiedogi","10":"first","11":"instock","12":"sale","13":"taxable","14":"shipping-taxable","15":"purchasable","16":"product-type-variable"},"acf":[],"yoast_head":"<!-- This site is optimized with the Yoast SEO plugin v24.1 - https:\/\/yoast.com\/wordpress\/plugins\/seo\/ -->\n<title>\u0160ablons Marabu pa\u0161l\u012bm\u0113jo\u0161s A5+\u0161vamme &#8211; Skizze<\/title>\n<meta name=\"robots\" content=\"noindex, follow, max-snippet:-1, max-image-preview:large, max-video-preview:-1\" \/>\n<meta property=\"og:locale\" content=\"lv_LV\" \/>\n<meta property=\"og:type\" content=\"article\" \/>\n<meta property=\"og:title\" content=\"\u0160ablons Marabu pa\u0161l\u012bm\u0113jo\u0161s A5+\u0161vamme &#8211; Skizze\" \/>\n<meta property=\"og:description\" content=\"Pa\u0161l\u012bm\u0113jo\u0161ais \u0161ablons ir piem\u0113rots vienk\u0101r\u0161u materi\u0101lu un virsmu \u0101trai dekor\u0113\u0161anai. Pa\u0161l\u012bm\u0113jo\u0161o \u0161ablonu var lieliski kombin\u0113t ar akrila, tekstila un porcel\u0101na kr\u0101s\u0101m un tas ir piem\u0113rots lieto\u0161anai uz gandr\u012bz visiem materi\u0101liem: pap\u012bra, stikla, porcel\u0101na, tekstila, met\u0101la, koka, m\u0101la u.c. P\u0113c lieto\u0161anas tas ir viegli not\u012br\u0101ms un atk\u0101rtoti izmantojams. Katrs pa\u0161l\u012bm\u0113jo\u0161ais \u0161ablons ir komplekt\u0113ts ar kvalitat\u012bvu s\u016bkli, kas izgatavots no s\u012bkporu put\u0101m un ir lieliski piem\u0113rots mazu laukumu un s\u012bku deta\u013cu aizpild\u012b\u0161anai ar kr\u0101su.\" \/>\n<meta property=\"og:url\" content=\"https:\/\/hobstop.ee\/lv\/produkts\/sablons-marabu-paslimejoss-a5svamme\/\" \/>\n<meta property=\"og:site_name\" content=\"Skizze\" \/>\n<meta property=\"article:publisher\" content=\"http:\/\/www.facebook.com\/VunderSkizze\" \/>\n<meta property=\"article:modified_time\" content=\"-0001-11-30T00:00:00+00:00\" \/>\n<meta property=\"og:image\" content=\"https:\/\/hobstop.ee\/media\/3058.jpg\" \/>\n\t<meta property=\"og:image:width\" content=\"1024\" \/>\n\t<meta property=\"og:image:height\" content=\"768\" \/>\n\t<meta property=\"og:image:type\" content=\"image\/jpeg\" \/>\n<meta name=\"twitter:card\" content=\"summary_large_image\" \/>\n<meta name=\"twitter:label1\" content=\"Est. reading time\" \/>\n\t<meta name=\"twitter:data1\" content=\"1 min\u016b\u0161u\" \/>\n<script type=\"application\/ld+json\" class=\"yoast-schema-graph\">{\"@context\":\"https:\/\/schema.org\",\"@graph\":[{\"@type\":\"WebPage\",\"@id\":\"https:\/\/hobstop.ee\/lv\/produkts\/sablons-marabu-paslimejoss-a5svamme\/\",\"url\":\"https:\/\/hobstop.ee\/lv\/produkts\/sablons-marabu-paslimejoss-a5svamme\/\",\"name\":\"\u0160ablons Marabu pa\u0161l\u012bm\u0113jo\u0161s A5+\u0161vamme &#8211; Skizze\",\"isPartOf\":{\"@id\":\"https:\/\/hobstop.ee\/lv\/#website\"},\"primaryImageOfPage\":{\"@id\":\"https:\/\/hobstop.ee\/lv\/produkts\/sablons-marabu-paslimejoss-a5svamme\/#primaryimage\"},\"image\":{\"@id\":\"https:\/\/hobstop.ee\/lv\/produkts\/sablons-marabu-paslimejoss-a5svamme\/#primaryimage\"},\"thumbnailUrl\":\"https:\/\/hobstop.ee\/media\/3058.jpg\",\"datePublished\":\"2014-12-09T11:02:41+00:00\",\"dateModified\":\"-0001-11-30T00:00:00+00:00\",\"breadcrumb\":{\"@id\":\"https:\/\/hobstop.ee\/lv\/produkts\/sablons-marabu-paslimejoss-a5svamme\/#breadcrumb\"},\"inLanguage\":\"lv-LV\",\"potentialAction\":[{\"@type\":\"ReadAction\",\"target\":[\"https:\/\/hobstop.ee\/lv\/produkts\/sablons-marabu-paslimejoss-a5svamme\/\"]}]},{\"@type\":\"ImageObject\",\"inLanguage\":\"lv-LV\",\"@id\":\"https:\/\/hobstop.ee\/lv\/produkts\/sablons-marabu-paslimejoss-a5svamme\/#primaryimage\",\"url\":\"https:\/\/hobstop.ee\/media\/3058.jpg\",\"contentUrl\":\"https:\/\/hobstop.ee\/media\/3058.jpg\",\"width\":1024,\"height\":768},{\"@type\":\"BreadcrumbList\",\"@id\":\"https:\/\/hobstop.ee\/lv\/produkts\/sablons-marabu-paslimejoss-a5svamme\/#breadcrumb\",\"itemListElement\":[{\"@type\":\"ListItem\",\"position\":1,\"name\":\"Avaleht\",\"item\":\"https:\/\/www.hobstop.ee\/lv\/\"},{\"@type\":\"ListItem\",\"position\":2,\"name\":\"Veikals\",\"item\":\"https:\/\/www.hobstop.ee\/lv\/veikals\/\"},{\"@type\":\"ListItem\",\"position\":3,\"name\":\"\u0160ablons Marabu pa\u0161l\u012bm\u0113jo\u0161s A5+\u0161vamme\"}]},{\"@type\":\"WebSite\",\"@id\":\"https:\/\/hobstop.ee\/lv\/#website\",\"url\":\"https:\/\/hobstop.ee\/lv\/\",\"name\":\"Skizze\",\"description\":\"M\u0101kslas, hobiju un skolas preces\",\"publisher\":{\"@id\":\"https:\/\/hobstop.ee\/lv\/#organization\"},\"potentialAction\":[{\"@type\":\"SearchAction\",\"target\":{\"@type\":\"EntryPoint\",\"urlTemplate\":\"https:\/\/hobstop.ee\/lv\/?s={search_term_string}\"},\"query-input\":{\"@type\":\"PropertyValueSpecification\",\"valueRequired\":true,\"valueName\":\"search_term_string\"}}],\"inLanguage\":\"lv-LV\"},{\"@type\":\"Organization\",\"@id\":\"https:\/\/hobstop.ee\/lv\/#organization\",\"name\":\"Vunder AS\",\"url\":\"https:\/\/hobstop.ee\/lv\/\",\"logo\":{\"@type\":\"ImageObject\",\"inLanguage\":\"lv-LV\",\"@id\":\"https:\/\/hobstop.ee\/lv\/#\/schema\/logo\/image\/\",\"url\":\"https:\/\/hobstop.ee\/media\/vunder-logo.png\",\"contentUrl\":\"https:\/\/hobstop.ee\/media\/vunder-logo.png\",\"width\":127,\"height\":55,\"caption\":\"Vunder AS\"},\"image\":{\"@id\":\"https:\/\/hobstop.ee\/lv\/#\/schema\/logo\/image\/\"},\"sameAs\":[\"http:\/\/www.facebook.com\/VunderSkizze\"]}]}<\/script>\n<!-- \/ Yoast SEO plugin. -->","yoast_head_json":{"title":"\u0160ablons Marabu pa\u0161l\u012bm\u0113jo\u0161s A5+\u0161vamme &#8211; Skizze","robots":{"index":"noindex","follow":"follow","max-snippet":"max-snippet:-1","max-image-preview":"max-image-preview:large","max-video-preview":"max-video-preview:-1"},"og_locale":"lv_LV","og_type":"article","og_title":"\u0160ablons Marabu pa\u0161l\u012bm\u0113jo\u0161s A5+\u0161vamme &#8211; Skizze","og_description":"Pa\u0161l\u012bm\u0113jo\u0161ais \u0161ablons ir piem\u0113rots vienk\u0101r\u0161u materi\u0101lu un virsmu \u0101trai dekor\u0113\u0161anai. Pa\u0161l\u012bm\u0113jo\u0161o \u0161ablonu var lieliski kombin\u0113t ar akrila, tekstila un porcel\u0101na kr\u0101s\u0101m un tas ir piem\u0113rots lieto\u0161anai uz gandr\u012bz visiem materi\u0101liem: pap\u012bra, stikla, porcel\u0101na, tekstila, met\u0101la, koka, m\u0101la u.c. P\u0113c lieto\u0161anas tas ir viegli not\u012br\u0101ms un atk\u0101rtoti izmantojams. Katrs pa\u0161l\u012bm\u0113jo\u0161ais \u0161ablons ir komplekt\u0113ts ar kvalitat\u012bvu s\u016bkli, kas izgatavots no s\u012bkporu put\u0101m un ir lieliski piem\u0113rots mazu laukumu un s\u012bku deta\u013cu aizpild\u012b\u0161anai ar kr\u0101su.","og_url":"https:\/\/hobstop.ee\/lv\/produkts\/sablons-marabu-paslimejoss-a5svamme\/","og_site_name":"Skizze","article_publisher":"http:\/\/www.facebook.com\/VunderSkizze","article_modified_time":"-0001-11-30T00:00:00+00:00","og_image":[{"width":1024,"height":768,"url":"https:\/\/hobstop.ee\/media\/3058.jpg","type":"image\/jpeg"}],"twitter_card":"summary_large_image","twitter_misc":{"Est. reading time":"1 min\u016b\u0161u"},"schema":{"@context":"https:\/\/schema.org","@graph":[{"@type":"WebPage","@id":"https:\/\/hobstop.ee\/lv\/produkts\/sablons-marabu-paslimejoss-a5svamme\/","url":"https:\/\/hobstop.ee\/lv\/produkts\/sablons-marabu-paslimejoss-a5svamme\/","name":"\u0160ablons Marabu pa\u0161l\u012bm\u0113jo\u0161s A5+\u0161vamme &#8211; Skizze","isPartOf":{"@id":"https:\/\/hobstop.ee\/lv\/#website"},"primaryImageOfPage":{"@id":"https:\/\/hobstop.ee\/lv\/produkts\/sablons-marabu-paslimejoss-a5svamme\/#primaryimage"},"image":{"@id":"https:\/\/hobstop.ee\/lv\/produkts\/sablons-marabu-paslimejoss-a5svamme\/#primaryimage"},"thumbnailUrl":"https:\/\/hobstop.ee\/media\/3058.jpg","datePublished":"2014-12-09T11:02:41+00:00","dateModified":"-0001-11-30T00:00:00+00:00","breadcrumb":{"@id":"https:\/\/hobstop.ee\/lv\/produkts\/sablons-marabu-paslimejoss-a5svamme\/#breadcrumb"},"inLanguage":"lv-LV","potentialAction":[{"@type":"ReadAction","target":["https:\/\/hobstop.ee\/lv\/produkts\/sablons-marabu-paslimejoss-a5svamme\/"]}]},{"@type":"ImageObject","inLanguage":"lv-LV","@id":"https:\/\/hobstop.ee\/lv\/produkts\/sablons-marabu-paslimejoss-a5svamme\/#primaryimage","url":"https:\/\/hobstop.ee\/media\/3058.jpg","contentUrl":"https:\/\/hobstop.ee\/media\/3058.jpg","width":1024,"height":768},{"@type":"BreadcrumbList","@id":"https:\/\/hobstop.ee\/lv\/produkts\/sablons-marabu-paslimejoss-a5svamme\/#breadcrumb","itemListElement":[{"@type":"ListItem","position":1,"name":"Avaleht","item":"https:\/\/www.hobstop.ee\/lv\/"},{"@type":"ListItem","position":2,"name":"Veikals","item":"https:\/\/www.hobstop.ee\/lv\/veikals\/"},{"@type":"ListItem","position":3,"name":"\u0160ablons Marabu pa\u0161l\u012bm\u0113jo\u0161s A5+\u0161vamme"}]},{"@type":"WebSite","@id":"https:\/\/hobstop.ee\/lv\/#website","url":"https:\/\/hobstop.ee\/lv\/","name":"Skizze","description":"M\u0101kslas, hobiju un skolas preces","publisher":{"@id":"https:\/\/hobstop.ee\/lv\/#organization"},"potentialAction":[{"@type":"SearchAction","target":{"@type":"EntryPoint","urlTemplate":"https:\/\/hobstop.ee\/lv\/?s={search_term_string}"},"query-input":{"@type":"PropertyValueSpecification","valueRequired":true,"valueName":"search_term_string"}}],"inLanguage":"lv-LV"},{"@type":"Organization","@id":"https:\/\/hobstop.ee\/lv\/#organization","name":"Vunder AS","url":"https:\/\/hobstop.ee\/lv\/","logo":{"@type":"ImageObject","inLanguage":"lv-LV","@id":"https:\/\/hobstop.ee\/lv\/#\/schema\/logo\/image\/","url":"https:\/\/hobstop.ee\/media\/vunder-logo.png","contentUrl":"https:\/\/hobstop.ee\/media\/vunder-logo.png","width":127,"height":55,"caption":"Vunder AS"},"image":{"@id":"https:\/\/hobstop.ee\/lv\/#\/schema\/logo\/image\/"},"sameAs":["http:\/\/www.facebook.com\/VunderSkizze"]}]}},"_links":{"self":[{"href":"https:\/\/hobstop.ee\/lv\/wp-json\/wp\/v2\/product\/62113","targetHints":{"allow":["GET"]}}],"collection":[{"href":"https:\/\/hobstop.ee\/lv\/wp-json\/wp\/v2\/product"}],"about":[{"href":"https:\/\/hobstop.ee\/lv\/wp-json\/wp\/v2\/types\/product"}],"replies":[{"embeddable":true,"href":"https:\/\/hobstop.ee\/lv\/wp-json\/wp\/v2\/comments?post=62113"}],"wp:featuredmedia":[{"embeddable":true,"href":"https:\/\/hobstop.ee\/lv\/wp-json\/wp\/v2\/media\/105902"}],"wp:attachment":[{"href":"https:\/\/hobstop.ee\/lv\/wp-json\/wp\/v2\/media?parent=62113"}],"wp:term":[{"taxonomy":"product_cat","embeddable":true,"href":"https:\/\/hobstop.ee\/lv\/wp-json\/wp\/v2\/product_cat?post=62113"},{"taxonomy":"product_tag","embeddable":true,"href":"https:\/\/hobstop.ee\/lv\/wp-json\/wp\/v2\/product_tag?post=62113"}],"curies":[{"name":"wp","href":"https:\/\/api.w.org\/{rel}","templated":true}]}}