{"id":62138,"date":"2014-12-09T13:02:47","date_gmt":"2014-12-09T11:02:47","guid":{"rendered":"https:\/\/sharks.ee\/vunder_2019.klient.veebimajutus.ee\/?post_type=product&p=62138"},"modified":"2014-12-09T13:02:47","modified_gmt":"2014-12-09T10:02:47","slug":"lime-zeltisanai-charbonnel","status":"publish","type":"product","link":"https:\/\/hobstop.ee\/lv\/produkts\/lime-zeltisanai-charbonnel\/","title":{"rendered":"L\u012bme zelt\u012b\u0161anai Charbonnel"},"content":{"rendered":"<p>Charbonnel Oil Gold Size ir zelt\u012b\u0161anas l\u012bme uz e\u013c\u013cas b\u0101zes. T\u0101 ir piem\u0113rota gan industri\u0101liem, gan ar\u012b liela apjoma restaur\u0101cijas darbiem. T\u0101 tiek kars\u0113ta sl\u0113gt\u0101 tvertn\u0113 saska\u0146\u0101 ar ekskluz\u012bviem priek\u0161rakstiem un pak\u013cauta vair\u0101kiem filtr\u0113\u0161anas un p\u0101rlie\u0161anas procesiem. Rezult\u0101t\u0101 tiek ieg\u016bts augstas kvalit\u0101tes produkts, kas nodro\u0161ina ilgsto\u0161u zelt\u012bjumu. 12h versija ir notur\u012bg\u0101ka par 3h versiju, bet ieg\u016btais rezult\u0101ts ir sp\u012bd\u012bg\u0101ks.<\/p>\n","protected":false},"excerpt":{"rendered":"<p>Charbonnel Oil Gold Size ir zelt\u012b\u0161anas l\u012bme uz e\u013c\u013cas b\u0101zes. T\u0101 ir piem\u0113rota gan industri\u0101liem, gan ar\u012b liela apjoma restaur\u0101cijas darbiem. T\u0101 tiek kars\u0113ta sl\u0113gt\u0101 tvertn\u0113 saska\u0146\u0101 ar ekskluz\u012bviem priek\u0161rakstiem un pak\u013cauta vair\u0101kiem filtr\u0113\u0161anas un p\u0101rlie\u0161anas procesiem. Rezult\u0101t\u0101 tiek ieg\u016bts augstas kvalit\u0101tes produkts, kas nodro\u0161ina ilgsto\u0161u zelt\u012bjumu. 12h versija ir notur\u012bg\u0101ka par 3h versiju, bet ieg\u016btais rezult\u0101ts ir sp\u012bd\u012bg\u0101ks.<\/p>\n","protected":false},"featured_media":105946,"comment_status":"closed","ping_status":"closed","template":"","meta":{"_acf_changed":false,"ep_exclude_from_search":false},"product_cat":[18313,18622,16123],"product_tag":[],"class_list":{"0":"post-62138","1":"product","2":"type-product","3":"status-publish","4":"has-post-thumbnail","6":"product_cat-apzeltisanas-limes-un-gruntis","7":"product_cat-apzeltisanas-piederumi","8":"product_cat-makslas-piederumi-2","10":"first","11":"instock","12":"sale","13":"taxable","14":"shipping-taxable","15":"purchasable","16":"product-type-variable"},"acf":[],"yoast_head":"<!-- This site is optimized with the Yoast SEO plugin v24.1 - https:\/\/yoast.com\/wordpress\/plugins\/seo\/ -->\n<title>L\u012bme zelt\u012b\u0161anai Charbonnel &#8211; Skizze<\/title>\n<meta name=\"robots\" content=\"noindex, follow, max-snippet:-1, max-image-preview:large, max-video-preview:-1\" \/>\n<meta property=\"og:locale\" content=\"lv_LV\" \/>\n<meta property=\"og:type\" content=\"article\" \/>\n<meta property=\"og:title\" content=\"L\u012bme zelt\u012b\u0161anai Charbonnel &#8211; Skizze\" \/>\n<meta property=\"og:description\" content=\"Charbonnel Oil Gold Size ir zelt\u012b\u0161anas l\u012bme uz e\u013c\u013cas b\u0101zes. T\u0101 ir piem\u0113rota gan industri\u0101liem, gan ar\u012b liela apjoma restaur\u0101cijas darbiem. T\u0101 tiek kars\u0113ta sl\u0113gt\u0101 tvertn\u0113 saska\u0146\u0101 ar ekskluz\u012bviem priek\u0161rakstiem un pak\u013cauta vair\u0101kiem filtr\u0113\u0161anas un p\u0101rlie\u0161anas procesiem. Rezult\u0101t\u0101 tiek ieg\u016bts augstas kvalit\u0101tes produkts, kas nodro\u0161ina ilgsto\u0161u zelt\u012bjumu. 12h versija ir notur\u012bg\u0101ka par 3h versiju, bet ieg\u016btais rezult\u0101ts ir sp\u012bd\u012bg\u0101ks.\" \/>\n<meta property=\"og:url\" content=\"https:\/\/hobstop.ee\/lv\/produkts\/lime-zeltisanai-charbonnel\/\" \/>\n<meta property=\"og:site_name\" content=\"Skizze\" \/>\n<meta property=\"article:publisher\" content=\"http:\/\/www.facebook.com\/VunderSkizze\" \/>\n<meta property=\"article:modified_time\" content=\"-0001-11-30T00:00:00+00:00\" \/>\n<meta property=\"og:image\" content=\"https:\/\/hobstop.ee\/media\/3075.jpg\" \/>\n\t<meta property=\"og:image:width\" content=\"1024\" \/>\n\t<meta property=\"og:image:height\" content=\"768\" \/>\n\t<meta property=\"og:image:type\" content=\"image\/jpeg\" \/>\n<meta name=\"twitter:card\" content=\"summary_large_image\" \/>\n<script type=\"application\/ld+json\" class=\"yoast-schema-graph\">{\"@context\":\"https:\/\/schema.org\",\"@graph\":[{\"@type\":\"WebPage\",\"@id\":\"https:\/\/hobstop.ee\/lv\/produkts\/lime-zeltisanai-charbonnel\/\",\"url\":\"https:\/\/hobstop.ee\/lv\/produkts\/lime-zeltisanai-charbonnel\/\",\"name\":\"L\u012bme zelt\u012b\u0161anai Charbonnel &#8211; Skizze\",\"isPartOf\":{\"@id\":\"https:\/\/hobstop.ee\/lv\/#website\"},\"primaryImageOfPage\":{\"@id\":\"https:\/\/hobstop.ee\/lv\/produkts\/lime-zeltisanai-charbonnel\/#primaryimage\"},\"image\":{\"@id\":\"https:\/\/hobstop.ee\/lv\/produkts\/lime-zeltisanai-charbonnel\/#primaryimage\"},\"thumbnailUrl\":\"https:\/\/hobstop.ee\/media\/3075.jpg\",\"datePublished\":\"2014-12-09T11:02:47+00:00\",\"dateModified\":\"-0001-11-30T00:00:00+00:00\",\"breadcrumb\":{\"@id\":\"https:\/\/hobstop.ee\/lv\/produkts\/lime-zeltisanai-charbonnel\/#breadcrumb\"},\"inLanguage\":\"lv-LV\",\"potentialAction\":[{\"@type\":\"ReadAction\",\"target\":[\"https:\/\/hobstop.ee\/lv\/produkts\/lime-zeltisanai-charbonnel\/\"]}]},{\"@type\":\"ImageObject\",\"inLanguage\":\"lv-LV\",\"@id\":\"https:\/\/hobstop.ee\/lv\/produkts\/lime-zeltisanai-charbonnel\/#primaryimage\",\"url\":\"https:\/\/hobstop.ee\/media\/3075.jpg\",\"contentUrl\":\"https:\/\/hobstop.ee\/media\/3075.jpg\",\"width\":1024,\"height\":768},{\"@type\":\"BreadcrumbList\",\"@id\":\"https:\/\/hobstop.ee\/lv\/produkts\/lime-zeltisanai-charbonnel\/#breadcrumb\",\"itemListElement\":[{\"@type\":\"ListItem\",\"position\":1,\"name\":\"Avaleht\",\"item\":\"https:\/\/hobstop.ee\/lv\/\"},{\"@type\":\"ListItem\",\"position\":2,\"name\":\"Veikals\",\"item\":\"https:\/\/hobstop.ee\/lv\/veikals\/\"},{\"@type\":\"ListItem\",\"position\":3,\"name\":\"L\u012bme zelt\u012b\u0161anai Charbonnel\"}]},{\"@type\":\"WebSite\",\"@id\":\"https:\/\/hobstop.ee\/lv\/#website\",\"url\":\"https:\/\/hobstop.ee\/lv\/\",\"name\":\"Skizze\",\"description\":\"M\u0101kslas, hobiju un skolas preces\",\"publisher\":{\"@id\":\"https:\/\/hobstop.ee\/lv\/#organization\"},\"potentialAction\":[{\"@type\":\"SearchAction\",\"target\":{\"@type\":\"EntryPoint\",\"urlTemplate\":\"https:\/\/hobstop.ee\/lv\/?s={search_term_string}\"},\"query-input\":{\"@type\":\"PropertyValueSpecification\",\"valueRequired\":true,\"valueName\":\"search_term_string\"}}],\"inLanguage\":\"lv-LV\"},{\"@type\":\"Organization\",\"@id\":\"https:\/\/hobstop.ee\/lv\/#organization\",\"name\":\"Vunder AS\",\"url\":\"https:\/\/hobstop.ee\/lv\/\",\"logo\":{\"@type\":\"ImageObject\",\"inLanguage\":\"lv-LV\",\"@id\":\"https:\/\/hobstop.ee\/lv\/#\/schema\/logo\/image\/\",\"url\":\"https:\/\/hobstop.ee\/media\/vunder-logo.png\",\"contentUrl\":\"https:\/\/hobstop.ee\/media\/vunder-logo.png\",\"width\":127,\"height\":55,\"caption\":\"Vunder AS\"},\"image\":{\"@id\":\"https:\/\/hobstop.ee\/lv\/#\/schema\/logo\/image\/\"},\"sameAs\":[\"http:\/\/www.facebook.com\/VunderSkizze\"]}]}<\/script>\n<!-- \/ Yoast SEO plugin. -->","yoast_head_json":{"title":"L\u012bme zelt\u012b\u0161anai Charbonnel &#8211; Skizze","robots":{"index":"noindex","follow":"follow","max-snippet":"max-snippet:-1","max-image-preview":"max-image-preview:large","max-video-preview":"max-video-preview:-1"},"og_locale":"lv_LV","og_type":"article","og_title":"L\u012bme zelt\u012b\u0161anai Charbonnel &#8211; Skizze","og_description":"Charbonnel Oil Gold Size ir zelt\u012b\u0161anas l\u012bme uz e\u013c\u013cas b\u0101zes. T\u0101 ir piem\u0113rota gan industri\u0101liem, gan ar\u012b liela apjoma restaur\u0101cijas darbiem. T\u0101 tiek kars\u0113ta sl\u0113gt\u0101 tvertn\u0113 saska\u0146\u0101 ar ekskluz\u012bviem priek\u0161rakstiem un pak\u013cauta vair\u0101kiem filtr\u0113\u0161anas un p\u0101rlie\u0161anas procesiem. Rezult\u0101t\u0101 tiek ieg\u016bts augstas kvalit\u0101tes produkts, kas nodro\u0161ina ilgsto\u0161u zelt\u012bjumu. 12h versija ir notur\u012bg\u0101ka par 3h versiju, bet ieg\u016btais rezult\u0101ts ir sp\u012bd\u012bg\u0101ks.","og_url":"https:\/\/hobstop.ee\/lv\/produkts\/lime-zeltisanai-charbonnel\/","og_site_name":"Skizze","article_publisher":"http:\/\/www.facebook.com\/VunderSkizze","article_modified_time":"-0001-11-30T00:00:00+00:00","og_image":[{"width":1024,"height":768,"url":"https:\/\/hobstop.ee\/media\/3075.jpg","type":"image\/jpeg"}],"twitter_card":"summary_large_image","schema":{"@context":"https:\/\/schema.org","@graph":[{"@type":"WebPage","@id":"https:\/\/hobstop.ee\/lv\/produkts\/lime-zeltisanai-charbonnel\/","url":"https:\/\/hobstop.ee\/lv\/produkts\/lime-zeltisanai-charbonnel\/","name":"L\u012bme zelt\u012b\u0161anai Charbonnel &#8211; Skizze","isPartOf":{"@id":"https:\/\/hobstop.ee\/lv\/#website"},"primaryImageOfPage":{"@id":"https:\/\/hobstop.ee\/lv\/produkts\/lime-zeltisanai-charbonnel\/#primaryimage"},"image":{"@id":"https:\/\/hobstop.ee\/lv\/produkts\/lime-zeltisanai-charbonnel\/#primaryimage"},"thumbnailUrl":"https:\/\/hobstop.ee\/media\/3075.jpg","datePublished":"2014-12-09T11:02:47+00:00","dateModified":"-0001-11-30T00:00:00+00:00","breadcrumb":{"@id":"https:\/\/hobstop.ee\/lv\/produkts\/lime-zeltisanai-charbonnel\/#breadcrumb"},"inLanguage":"lv-LV","potentialAction":[{"@type":"ReadAction","target":["https:\/\/hobstop.ee\/lv\/produkts\/lime-zeltisanai-charbonnel\/"]}]},{"@type":"ImageObject","inLanguage":"lv-LV","@id":"https:\/\/hobstop.ee\/lv\/produkts\/lime-zeltisanai-charbonnel\/#primaryimage","url":"https:\/\/hobstop.ee\/media\/3075.jpg","contentUrl":"https:\/\/hobstop.ee\/media\/3075.jpg","width":1024,"height":768},{"@type":"BreadcrumbList","@id":"https:\/\/hobstop.ee\/lv\/produkts\/lime-zeltisanai-charbonnel\/#breadcrumb","itemListElement":[{"@type":"ListItem","position":1,"name":"Avaleht","item":"https:\/\/hobstop.ee\/lv\/"},{"@type":"ListItem","position":2,"name":"Veikals","item":"https:\/\/hobstop.ee\/lv\/veikals\/"},{"@type":"ListItem","position":3,"name":"L\u012bme zelt\u012b\u0161anai Charbonnel"}]},{"@type":"WebSite","@id":"https:\/\/hobstop.ee\/lv\/#website","url":"https:\/\/hobstop.ee\/lv\/","name":"Skizze","description":"M\u0101kslas, hobiju un skolas preces","publisher":{"@id":"https:\/\/hobstop.ee\/lv\/#organization"},"potentialAction":[{"@type":"SearchAction","target":{"@type":"EntryPoint","urlTemplate":"https:\/\/hobstop.ee\/lv\/?s={search_term_string}"},"query-input":{"@type":"PropertyValueSpecification","valueRequired":true,"valueName":"search_term_string"}}],"inLanguage":"lv-LV"},{"@type":"Organization","@id":"https:\/\/hobstop.ee\/lv\/#organization","name":"Vunder AS","url":"https:\/\/hobstop.ee\/lv\/","logo":{"@type":"ImageObject","inLanguage":"lv-LV","@id":"https:\/\/hobstop.ee\/lv\/#\/schema\/logo\/image\/","url":"https:\/\/hobstop.ee\/media\/vunder-logo.png","contentUrl":"https:\/\/hobstop.ee\/media\/vunder-logo.png","width":127,"height":55,"caption":"Vunder AS"},"image":{"@id":"https:\/\/hobstop.ee\/lv\/#\/schema\/logo\/image\/"},"sameAs":["http:\/\/www.facebook.com\/VunderSkizze"]}]}},"_links":{"self":[{"href":"https:\/\/hobstop.ee\/lv\/wp-json\/wp\/v2\/product\/62138","targetHints":{"allow":["GET"]}}],"collection":[{"href":"https:\/\/hobstop.ee\/lv\/wp-json\/wp\/v2\/product"}],"about":[{"href":"https:\/\/hobstop.ee\/lv\/wp-json\/wp\/v2\/types\/product"}],"replies":[{"embeddable":true,"href":"https:\/\/hobstop.ee\/lv\/wp-json\/wp\/v2\/comments?post=62138"}],"wp:featuredmedia":[{"embeddable":true,"href":"https:\/\/hobstop.ee\/lv\/wp-json\/wp\/v2\/media\/105946"}],"wp:attachment":[{"href":"https:\/\/hobstop.ee\/lv\/wp-json\/wp\/v2\/media?parent=62138"}],"wp:term":[{"taxonomy":"product_cat","embeddable":true,"href":"https:\/\/hobstop.ee\/lv\/wp-json\/wp\/v2\/product_cat?post=62138"},{"taxonomy":"product_tag","embeddable":true,"href":"https:\/\/hobstop.ee\/lv\/wp-json\/wp\/v2\/product_tag?post=62138"}],"curies":[{"name":"wp","href":"https:\/\/api.w.org\/{rel}","templated":true}]}}