{"id":62145,"date":"2014-12-09T13:02:49","date_gmt":"2014-12-09T11:02:49","guid":{"rendered":"https:\/\/sharks.ee\/vunder_2019.klient.veebimajutus.ee\/?post_type=product&p=62145"},"modified":"2014-12-09T13:02:49","modified_gmt":"2014-12-09T10:02:49","slug":"ota-raphael-hobbyloisirs-8101-apala","status":"publish","type":"product","link":"https:\/\/hobstop.ee\/lv\/produkts\/ota-raphael-hobbyloisirs-8101-apala\/","title":{"rendered":"Ota Raphael Hobby&#038;Loisirs 8101 apa\u013ca"},"content":{"rendered":"<p>Hobby&#038;Loisirs ir 4&#215;4 dekorat\u012bv\u0101s otas: otas ar pla\u0161u pielieto\u0161anas spektru var izmantot jebkur, piel\u0101gojas visiem tehnikas veidiem. Tie\u0161i tas Raphael laboratorij\u0101 tika \u0146emts v\u0113r\u0101, radot \u0161\u012bs otas \u2013 lai iepriecin\u0101tu ies\u0101c\u0113jus un tos, kuriem glezno\u0161ana ir \u012bsts va\u013casprieks. Melni, puscieti sari un alum\u012bnija uzgalis, \u012bss rokturis violet\u0101 kr\u0101s\u0101.<br \/>\nGlezno\u0161anas tehnika: univers\u0101la (akrils, akvarelis, tekstils, z\u012bds, u.c.)<br \/>\nPielietojums: visp\u0101r\u012bg\u0101<\/p>\n","protected":false},"excerpt":{"rendered":"<p>Hobby&#038;Loisirs ir 4&#215;4 dekorat\u012bv\u0101s otas: otas ar pla\u0161u pielieto\u0161anas spektru var izmantot jebkur, piel\u0101gojas visiem tehnikas veidiem. Tie\u0161i tas Raphael laboratorij\u0101 tika \u0146emts v\u0113r\u0101, radot \u0161\u012bs otas \u2013 lai iepriecin\u0101tu ies\u0101c\u0113jus un tos, kuriem glezno\u0161ana ir \u012bsts va\u013casprieks. Melni, puscieti sari un alum\u012bnija uzgalis, \u012bss rokturis violet\u0101 kr\u0101s\u0101. Glezno\u0161anas tehnika: univers\u0101la (akrils, akvarelis, tekstils, z\u012bds, u.c.) Pielietojums: visp\u0101r\u012bg\u0101<\/p>\n","protected":false},"featured_media":105962,"comment_status":"closed","ping_status":"closed","template":"","meta":{"_acf_changed":false,"ep_exclude_from_search":false},"product_cat":[16176,17918,18177],"product_tag":[],"class_list":{"0":"post-62145","1":"product","2":"type-product","3":"status-publish","4":"has-post-thumbnail","6":"product_cat-otas-3","7":"product_cat-preces-hobijiem","8":"product_cat-sintetiskas-otas-3","10":"first","11":"instock","12":"taxable","13":"shipping-taxable","14":"purchasable","15":"product-type-variable"},"acf":[],"yoast_head":"<!-- This site is optimized with the Yoast SEO plugin v24.1 - https:\/\/yoast.com\/wordpress\/plugins\/seo\/ -->\n<title>Ota Raphael Hobby&amp;Loisirs 8101 apa\u013ca &#8211; Skizze<\/title>\n<meta name=\"robots\" content=\"noindex, follow, max-snippet:-1, max-image-preview:large, max-video-preview:-1\" \/>\n<meta property=\"og:locale\" content=\"lv_LV\" \/>\n<meta property=\"og:type\" content=\"article\" \/>\n<meta property=\"og:title\" content=\"Ota Raphael Hobby&amp;Loisirs 8101 apa\u013ca &#8211; Skizze\" \/>\n<meta property=\"og:description\" content=\"Hobby&#038;Loisirs ir 4&#215;4 dekorat\u012bv\u0101s otas: otas ar pla\u0161u pielieto\u0161anas spektru var izmantot jebkur, piel\u0101gojas visiem tehnikas veidiem. Tie\u0161i tas Raphael laboratorij\u0101 tika \u0146emts v\u0113r\u0101, radot \u0161\u012bs otas \u2013 lai iepriecin\u0101tu ies\u0101c\u0113jus un tos, kuriem glezno\u0161ana ir \u012bsts va\u013casprieks. Melni, puscieti sari un alum\u012bnija uzgalis, \u012bss rokturis violet\u0101 kr\u0101s\u0101. Glezno\u0161anas tehnika: univers\u0101la (akrils, akvarelis, tekstils, z\u012bds, u.c.) Pielietojums: visp\u0101r\u012bg\u0101\" \/>\n<meta property=\"og:url\" content=\"https:\/\/hobstop.ee\/lv\/produkts\/ota-raphael-hobbyloisirs-8101-apala\/\" \/>\n<meta property=\"og:site_name\" content=\"Skizze\" \/>\n<meta property=\"article:publisher\" content=\"http:\/\/www.facebook.com\/VunderSkizze\" \/>\n<meta property=\"article:modified_time\" content=\"-0001-11-30T00:00:00+00:00\" \/>\n<meta property=\"og:image\" content=\"https:\/\/www.hobstop.ee\/media\/3093.jpg\" \/>\n\t<meta property=\"og:image:width\" content=\"1024\" \/>\n\t<meta property=\"og:image:height\" content=\"768\" \/>\n\t<meta property=\"og:image:type\" content=\"image\/jpeg\" \/>\n<meta name=\"twitter:card\" content=\"summary_large_image\" \/>\n<script type=\"application\/ld+json\" class=\"yoast-schema-graph\">{\"@context\":\"https:\/\/schema.org\",\"@graph\":[{\"@type\":\"WebPage\",\"@id\":\"https:\/\/hobstop.ee\/lv\/produkts\/ota-raphael-hobbyloisirs-8101-apala\/\",\"url\":\"https:\/\/hobstop.ee\/lv\/produkts\/ota-raphael-hobbyloisirs-8101-apala\/\",\"name\":\"Ota Raphael Hobby&Loisirs 8101 apa\u013ca &#8211; Skizze\",\"isPartOf\":{\"@id\":\"https:\/\/hobstop.ee\/lv\/#website\"},\"primaryImageOfPage\":{\"@id\":\"https:\/\/hobstop.ee\/lv\/produkts\/ota-raphael-hobbyloisirs-8101-apala\/#primaryimage\"},\"image\":{\"@id\":\"https:\/\/hobstop.ee\/lv\/produkts\/ota-raphael-hobbyloisirs-8101-apala\/#primaryimage\"},\"thumbnailUrl\":\"https:\/\/hobstop.ee\/media\/3093.jpg\",\"datePublished\":\"2014-12-09T11:02:49+00:00\",\"dateModified\":\"-0001-11-30T00:00:00+00:00\",\"breadcrumb\":{\"@id\":\"https:\/\/hobstop.ee\/lv\/produkts\/ota-raphael-hobbyloisirs-8101-apala\/#breadcrumb\"},\"inLanguage\":\"lv-LV\",\"potentialAction\":[{\"@type\":\"ReadAction\",\"target\":[\"https:\/\/hobstop.ee\/lv\/produkts\/ota-raphael-hobbyloisirs-8101-apala\/\"]}]},{\"@type\":\"ImageObject\",\"inLanguage\":\"lv-LV\",\"@id\":\"https:\/\/hobstop.ee\/lv\/produkts\/ota-raphael-hobbyloisirs-8101-apala\/#primaryimage\",\"url\":\"https:\/\/hobstop.ee\/media\/3093.jpg\",\"contentUrl\":\"https:\/\/hobstop.ee\/media\/3093.jpg\",\"width\":1024,\"height\":768},{\"@type\":\"BreadcrumbList\",\"@id\":\"https:\/\/hobstop.ee\/lv\/produkts\/ota-raphael-hobbyloisirs-8101-apala\/#breadcrumb\",\"itemListElement\":[{\"@type\":\"ListItem\",\"position\":1,\"name\":\"Avaleht\",\"item\":\"https:\/\/www.hobstop.ee\/lv\/\"},{\"@type\":\"ListItem\",\"position\":2,\"name\":\"Veikals\",\"item\":\"https:\/\/www.hobstop.ee\/lv\/veikals\/\"},{\"@type\":\"ListItem\",\"position\":3,\"name\":\"Ota Raphael Hobby&#038;Loisirs 8101 apa\u013ca\"}]},{\"@type\":\"WebSite\",\"@id\":\"https:\/\/hobstop.ee\/lv\/#website\",\"url\":\"https:\/\/hobstop.ee\/lv\/\",\"name\":\"Skizze\",\"description\":\"M\u0101kslas, hobiju un skolas preces\",\"publisher\":{\"@id\":\"https:\/\/hobstop.ee\/lv\/#organization\"},\"potentialAction\":[{\"@type\":\"SearchAction\",\"target\":{\"@type\":\"EntryPoint\",\"urlTemplate\":\"https:\/\/hobstop.ee\/lv\/?s={search_term_string}\"},\"query-input\":{\"@type\":\"PropertyValueSpecification\",\"valueRequired\":true,\"valueName\":\"search_term_string\"}}],\"inLanguage\":\"lv-LV\"},{\"@type\":\"Organization\",\"@id\":\"https:\/\/hobstop.ee\/lv\/#organization\",\"name\":\"Vunder AS\",\"url\":\"https:\/\/hobstop.ee\/lv\/\",\"logo\":{\"@type\":\"ImageObject\",\"inLanguage\":\"lv-LV\",\"@id\":\"https:\/\/hobstop.ee\/lv\/#\/schema\/logo\/image\/\",\"url\":\"https:\/\/hobstop.ee\/media\/vunder-logo.png\",\"contentUrl\":\"https:\/\/hobstop.ee\/media\/vunder-logo.png\",\"width\":127,\"height\":55,\"caption\":\"Vunder AS\"},\"image\":{\"@id\":\"https:\/\/hobstop.ee\/lv\/#\/schema\/logo\/image\/\"},\"sameAs\":[\"http:\/\/www.facebook.com\/VunderSkizze\"]}]}<\/script>\n<!-- \/ Yoast SEO plugin. -->","yoast_head_json":{"title":"Ota Raphael Hobby&Loisirs 8101 apa\u013ca &#8211; Skizze","robots":{"index":"noindex","follow":"follow","max-snippet":"max-snippet:-1","max-image-preview":"max-image-preview:large","max-video-preview":"max-video-preview:-1"},"og_locale":"lv_LV","og_type":"article","og_title":"Ota Raphael Hobby&Loisirs 8101 apa\u013ca &#8211; Skizze","og_description":"Hobby&#038;Loisirs ir 4&#215;4 dekorat\u012bv\u0101s otas: otas ar pla\u0161u pielieto\u0161anas spektru var izmantot jebkur, piel\u0101gojas visiem tehnikas veidiem. Tie\u0161i tas Raphael laboratorij\u0101 tika \u0146emts v\u0113r\u0101, radot \u0161\u012bs otas \u2013 lai iepriecin\u0101tu ies\u0101c\u0113jus un tos, kuriem glezno\u0161ana ir \u012bsts va\u013casprieks. Melni, puscieti sari un alum\u012bnija uzgalis, \u012bss rokturis violet\u0101 kr\u0101s\u0101. Glezno\u0161anas tehnika: univers\u0101la (akrils, akvarelis, tekstils, z\u012bds, u.c.) Pielietojums: visp\u0101r\u012bg\u0101","og_url":"https:\/\/hobstop.ee\/lv\/produkts\/ota-raphael-hobbyloisirs-8101-apala\/","og_site_name":"Skizze","article_publisher":"http:\/\/www.facebook.com\/VunderSkizze","article_modified_time":"-0001-11-30T00:00:00+00:00","og_image":[{"width":1024,"height":768,"url":"https:\/\/www.hobstop.ee\/media\/3093.jpg","type":"image\/jpeg"}],"twitter_card":"summary_large_image","schema":{"@context":"https:\/\/schema.org","@graph":[{"@type":"WebPage","@id":"https:\/\/hobstop.ee\/lv\/produkts\/ota-raphael-hobbyloisirs-8101-apala\/","url":"https:\/\/hobstop.ee\/lv\/produkts\/ota-raphael-hobbyloisirs-8101-apala\/","name":"Ota Raphael Hobby&Loisirs 8101 apa\u013ca &#8211; Skizze","isPartOf":{"@id":"https:\/\/hobstop.ee\/lv\/#website"},"primaryImageOfPage":{"@id":"https:\/\/hobstop.ee\/lv\/produkts\/ota-raphael-hobbyloisirs-8101-apala\/#primaryimage"},"image":{"@id":"https:\/\/hobstop.ee\/lv\/produkts\/ota-raphael-hobbyloisirs-8101-apala\/#primaryimage"},"thumbnailUrl":"https:\/\/hobstop.ee\/media\/3093.jpg","datePublished":"2014-12-09T11:02:49+00:00","dateModified":"-0001-11-30T00:00:00+00:00","breadcrumb":{"@id":"https:\/\/hobstop.ee\/lv\/produkts\/ota-raphael-hobbyloisirs-8101-apala\/#breadcrumb"},"inLanguage":"lv-LV","potentialAction":[{"@type":"ReadAction","target":["https:\/\/hobstop.ee\/lv\/produkts\/ota-raphael-hobbyloisirs-8101-apala\/"]}]},{"@type":"ImageObject","inLanguage":"lv-LV","@id":"https:\/\/hobstop.ee\/lv\/produkts\/ota-raphael-hobbyloisirs-8101-apala\/#primaryimage","url":"https:\/\/hobstop.ee\/media\/3093.jpg","contentUrl":"https:\/\/hobstop.ee\/media\/3093.jpg","width":1024,"height":768},{"@type":"BreadcrumbList","@id":"https:\/\/hobstop.ee\/lv\/produkts\/ota-raphael-hobbyloisirs-8101-apala\/#breadcrumb","itemListElement":[{"@type":"ListItem","position":1,"name":"Avaleht","item":"https:\/\/www.hobstop.ee\/lv\/"},{"@type":"ListItem","position":2,"name":"Veikals","item":"https:\/\/www.hobstop.ee\/lv\/veikals\/"},{"@type":"ListItem","position":3,"name":"Ota Raphael Hobby&#038;Loisirs 8101 apa\u013ca"}]},{"@type":"WebSite","@id":"https:\/\/hobstop.ee\/lv\/#website","url":"https:\/\/hobstop.ee\/lv\/","name":"Skizze","description":"M\u0101kslas, hobiju un skolas preces","publisher":{"@id":"https:\/\/hobstop.ee\/lv\/#organization"},"potentialAction":[{"@type":"SearchAction","target":{"@type":"EntryPoint","urlTemplate":"https:\/\/hobstop.ee\/lv\/?s={search_term_string}"},"query-input":{"@type":"PropertyValueSpecification","valueRequired":true,"valueName":"search_term_string"}}],"inLanguage":"lv-LV"},{"@type":"Organization","@id":"https:\/\/hobstop.ee\/lv\/#organization","name":"Vunder AS","url":"https:\/\/hobstop.ee\/lv\/","logo":{"@type":"ImageObject","inLanguage":"lv-LV","@id":"https:\/\/hobstop.ee\/lv\/#\/schema\/logo\/image\/","url":"https:\/\/hobstop.ee\/media\/vunder-logo.png","contentUrl":"https:\/\/hobstop.ee\/media\/vunder-logo.png","width":127,"height":55,"caption":"Vunder AS"},"image":{"@id":"https:\/\/hobstop.ee\/lv\/#\/schema\/logo\/image\/"},"sameAs":["http:\/\/www.facebook.com\/VunderSkizze"]}]}},"_links":{"self":[{"href":"https:\/\/hobstop.ee\/lv\/wp-json\/wp\/v2\/product\/62145","targetHints":{"allow":["GET"]}}],"collection":[{"href":"https:\/\/hobstop.ee\/lv\/wp-json\/wp\/v2\/product"}],"about":[{"href":"https:\/\/hobstop.ee\/lv\/wp-json\/wp\/v2\/types\/product"}],"replies":[{"embeddable":true,"href":"https:\/\/hobstop.ee\/lv\/wp-json\/wp\/v2\/comments?post=62145"}],"wp:featuredmedia":[{"embeddable":true,"href":"https:\/\/hobstop.ee\/lv\/wp-json\/wp\/v2\/media\/105962"}],"wp:attachment":[{"href":"https:\/\/hobstop.ee\/lv\/wp-json\/wp\/v2\/media?parent=62145"}],"wp:term":[{"taxonomy":"product_cat","embeddable":true,"href":"https:\/\/hobstop.ee\/lv\/wp-json\/wp\/v2\/product_cat?post=62145"},{"taxonomy":"product_tag","embeddable":true,"href":"https:\/\/hobstop.ee\/lv\/wp-json\/wp\/v2\/product_tag?post=62145"}],"curies":[{"name":"wp","href":"https:\/\/api.w.org\/{rel}","templated":true}]}}