{"id":62154,"date":"2014-12-09T13:02:51","date_gmt":"2014-12-09T11:02:51","guid":{"rendered":"https:\/\/sharks.ee\/vunder_2019.klient.veebimajutus.ee\/?post_type=product&p=62154"},"modified":"2014-12-09T13:02:51","modified_gmt":"2014-12-09T10:02:51","slug":"konturu-uzlimes-lotte","status":"publish","type":"product","link":"https:\/\/hobstop.ee\/lv\/produkts\/konturu-uzlimes-lotte\/","title":{"rendered":"Kont\u016bru uzl\u012bmes Lotte"},"content":{"rendered":"<p>Jautr\u0101s un zin\u0101tk\u0101r\u0101s su\u0146u meitenes Lotes tematisk\u0101s Peel-Off\u2019s kontr\u016bruzl\u012bmes ir piem\u0113rotas izmanto\u0161anai uz da\u017e\u0101diem materi\u0101liem \u2013 uz pap\u012bra, stikla, auduma un plastmasas.  T\u0101s lieliski noder\u0113s spogu\u013cu, sve\u010du, trauku, karti\u0146u un citu priek\u0161metu dekor\u0113\u0161anai.  Ar kont\u016bruzl\u012bm\u0113m dekor\u0113tos traukus var izmantot mikrovi\u013c\u0146u kr\u0101sn\u012b un mazg\u0101t trauku mazg\u0101jamaj\u0101 ma\u0161\u012bn\u0101.<\/p>\n","protected":false},"excerpt":{"rendered":"<p>Jautr\u0101s un zin\u0101tk\u0101r\u0101s su\u0146u meitenes Lotes tematisk\u0101s Peel-Off\u2019s kontr\u016bruzl\u012bmes ir piem\u0113rotas izmanto\u0161anai uz da\u017e\u0101diem materi\u0101liem \u2013 uz pap\u012bra, stikla, auduma un plastmasas. T\u0101s lieliski noder\u0113s spogu\u013cu, sve\u010du, trauku, karti\u0146u un citu priek\u0161metu dekor\u0113\u0161anai. Ar kont\u016bruzl\u012bm\u0113m dekor\u0113tos traukus var izmantot mikrovi\u013c\u0146u kr\u0101sn\u012b un mazg\u0101t trauku mazg\u0101jamaj\u0101 ma\u0161\u012bn\u0101.<\/p>\n","protected":false},"featured_media":147885,"comment_status":"closed","ping_status":"closed","template":"","meta":{"_acf_changed":false,"ep_exclude_from_search":false},"product_cat":[17968,17918,18281],"product_tag":[],"class_list":{"0":"post-62154","1":"product","2":"type-product","3":"status-publish","4":"has-post-thumbnail","6":"product_cat-citi-piederumi","7":"product_cat-preces-hobijiem","8":"product_cat-uzlimes","9":"pa_kma-7316","11":"first","12":"instock","13":"taxable","14":"shipping-taxable","15":"purchasable","16":"product-type-variable"},"acf":[],"yoast_head":"<!-- This site is optimized with the Yoast SEO plugin v24.1 - https:\/\/yoast.com\/wordpress\/plugins\/seo\/ -->\n<title>Kont\u016bru uzl\u012bmes Lotte &#8211; Skizze<\/title>\n<meta name=\"robots\" content=\"noindex, follow, max-snippet:-1, max-image-preview:large, max-video-preview:-1\" \/>\n<meta property=\"og:locale\" content=\"lv_LV\" \/>\n<meta property=\"og:type\" content=\"article\" \/>\n<meta property=\"og:title\" content=\"Kont\u016bru uzl\u012bmes Lotte &#8211; Skizze\" \/>\n<meta property=\"og:description\" content=\"Jautr\u0101s un zin\u0101tk\u0101r\u0101s su\u0146u meitenes Lotes tematisk\u0101s Peel-Off\u2019s kontr\u016bruzl\u012bmes ir piem\u0113rotas izmanto\u0161anai uz da\u017e\u0101diem materi\u0101liem \u2013 uz pap\u012bra, stikla, auduma un plastmasas. T\u0101s lieliski noder\u0113s spogu\u013cu, sve\u010du, trauku, karti\u0146u un citu priek\u0161metu dekor\u0113\u0161anai. Ar kont\u016bruzl\u012bm\u0113m dekor\u0113tos traukus var izmantot mikrovi\u013c\u0146u kr\u0101sn\u012b un mazg\u0101t trauku mazg\u0101jamaj\u0101 ma\u0161\u012bn\u0101.\" \/>\n<meta property=\"og:url\" content=\"https:\/\/hobstop.ee\/lv\/produkts\/konturu-uzlimes-lotte\/\" \/>\n<meta property=\"og:site_name\" content=\"Skizze\" \/>\n<meta property=\"article:publisher\" content=\"http:\/\/www.facebook.com\/VunderSkizze\" \/>\n<meta property=\"og:image\" content=\"https:\/\/hobstop.ee\/media\/3099.jpg\" \/>\n\t<meta property=\"og:image:width\" content=\"900\" \/>\n\t<meta property=\"og:image:height\" content=\"600\" \/>\n\t<meta property=\"og:image:type\" content=\"image\/jpeg\" \/>\n<meta name=\"twitter:card\" content=\"summary_large_image\" \/>\n<script type=\"application\/ld+json\" class=\"yoast-schema-graph\">{\"@context\":\"https:\/\/schema.org\",\"@graph\":[{\"@type\":\"WebPage\",\"@id\":\"https:\/\/hobstop.ee\/lv\/produkts\/konturu-uzlimes-lotte\/\",\"url\":\"https:\/\/hobstop.ee\/lv\/produkts\/konturu-uzlimes-lotte\/\",\"name\":\"Kont\u016bru uzl\u012bmes Lotte &#8211; Skizze\",\"isPartOf\":{\"@id\":\"https:\/\/www.hobstop.ee\/lv\/#website\"},\"primaryImageOfPage\":{\"@id\":\"https:\/\/hobstop.ee\/lv\/produkts\/konturu-uzlimes-lotte\/#primaryimage\"},\"image\":{\"@id\":\"https:\/\/hobstop.ee\/lv\/produkts\/konturu-uzlimes-lotte\/#primaryimage\"},\"thumbnailUrl\":\"https:\/\/hobstop.ee\/media\/3099.jpg\",\"datePublished\":\"-0001-11-30T00:00:00+00:00\",\"dateModified\":\"-0001-11-30T00:00:00+00:00\",\"breadcrumb\":{\"@id\":\"https:\/\/hobstop.ee\/lv\/produkts\/konturu-uzlimes-lotte\/#breadcrumb\"},\"inLanguage\":\"lv-LV\",\"potentialAction\":[{\"@type\":\"ReadAction\",\"target\":[\"https:\/\/hobstop.ee\/lv\/produkts\/konturu-uzlimes-lotte\/\"]}]},{\"@type\":\"ImageObject\",\"inLanguage\":\"lv-LV\",\"@id\":\"https:\/\/hobstop.ee\/lv\/produkts\/konturu-uzlimes-lotte\/#primaryimage\",\"url\":\"https:\/\/hobstop.ee\/media\/3099.jpg\",\"contentUrl\":\"https:\/\/hobstop.ee\/media\/3099.jpg\",\"width\":900,\"height\":600},{\"@type\":\"BreadcrumbList\",\"@id\":\"https:\/\/hobstop.ee\/lv\/produkts\/konturu-uzlimes-lotte\/#breadcrumb\",\"itemListElement\":[{\"@type\":\"ListItem\",\"position\":1,\"name\":\"Avaleht\",\"item\":\"https:\/\/www.hobstop.ee\/lv\/\"},{\"@type\":\"ListItem\",\"position\":2,\"name\":\"Veikals\",\"item\":\"https:\/\/www.hobstop.ee\/lv\/veikals\/\"},{\"@type\":\"ListItem\",\"position\":3,\"name\":\"Kont\u016bru uzl\u012bmes Lotte\"}]},{\"@type\":\"WebSite\",\"@id\":\"https:\/\/www.hobstop.ee\/lv\/#website\",\"url\":\"https:\/\/www.hobstop.ee\/lv\/\",\"name\":\"Skizze\",\"description\":\"M\u0101kslas, hobiju un skolas preces\",\"publisher\":{\"@id\":\"https:\/\/www.hobstop.ee\/lv\/#organization\"},\"potentialAction\":[{\"@type\":\"SearchAction\",\"target\":{\"@type\":\"EntryPoint\",\"urlTemplate\":\"https:\/\/www.hobstop.ee\/lv\/?s={search_term_string}\"},\"query-input\":{\"@type\":\"PropertyValueSpecification\",\"valueRequired\":true,\"valueName\":\"search_term_string\"}}],\"inLanguage\":\"lv-LV\"},{\"@type\":\"Organization\",\"@id\":\"https:\/\/www.hobstop.ee\/lv\/#organization\",\"name\":\"Vunder AS\",\"url\":\"https:\/\/www.hobstop.ee\/lv\/\",\"logo\":{\"@type\":\"ImageObject\",\"inLanguage\":\"lv-LV\",\"@id\":\"https:\/\/www.hobstop.ee\/lv\/#\/schema\/logo\/image\/\",\"url\":\"https:\/\/hobstop.ee\/media\/vunder-logo.png\",\"contentUrl\":\"https:\/\/hobstop.ee\/media\/vunder-logo.png\",\"width\":127,\"height\":55,\"caption\":\"Vunder AS\"},\"image\":{\"@id\":\"https:\/\/www.hobstop.ee\/lv\/#\/schema\/logo\/image\/\"},\"sameAs\":[\"http:\/\/www.facebook.com\/VunderSkizze\"]}]}<\/script>\n<!-- \/ Yoast SEO plugin. -->","yoast_head_json":{"title":"Kont\u016bru uzl\u012bmes Lotte &#8211; Skizze","robots":{"index":"noindex","follow":"follow","max-snippet":"max-snippet:-1","max-image-preview":"max-image-preview:large","max-video-preview":"max-video-preview:-1"},"og_locale":"lv_LV","og_type":"article","og_title":"Kont\u016bru uzl\u012bmes Lotte &#8211; Skizze","og_description":"Jautr\u0101s un zin\u0101tk\u0101r\u0101s su\u0146u meitenes Lotes tematisk\u0101s Peel-Off\u2019s kontr\u016bruzl\u012bmes ir piem\u0113rotas izmanto\u0161anai uz da\u017e\u0101diem materi\u0101liem \u2013 uz pap\u012bra, stikla, auduma un plastmasas. T\u0101s lieliski noder\u0113s spogu\u013cu, sve\u010du, trauku, karti\u0146u un citu priek\u0161metu dekor\u0113\u0161anai. Ar kont\u016bruzl\u012bm\u0113m dekor\u0113tos traukus var izmantot mikrovi\u013c\u0146u kr\u0101sn\u012b un mazg\u0101t trauku mazg\u0101jamaj\u0101 ma\u0161\u012bn\u0101.","og_url":"https:\/\/hobstop.ee\/lv\/produkts\/konturu-uzlimes-lotte\/","og_site_name":"Skizze","article_publisher":"http:\/\/www.facebook.com\/VunderSkizze","og_image":[{"width":900,"height":600,"url":"https:\/\/hobstop.ee\/media\/3099.jpg","type":"image\/jpeg"}],"twitter_card":"summary_large_image","schema":{"@context":"https:\/\/schema.org","@graph":[{"@type":"WebPage","@id":"https:\/\/hobstop.ee\/lv\/produkts\/konturu-uzlimes-lotte\/","url":"https:\/\/hobstop.ee\/lv\/produkts\/konturu-uzlimes-lotte\/","name":"Kont\u016bru uzl\u012bmes Lotte &#8211; Skizze","isPartOf":{"@id":"https:\/\/www.hobstop.ee\/lv\/#website"},"primaryImageOfPage":{"@id":"https:\/\/hobstop.ee\/lv\/produkts\/konturu-uzlimes-lotte\/#primaryimage"},"image":{"@id":"https:\/\/hobstop.ee\/lv\/produkts\/konturu-uzlimes-lotte\/#primaryimage"},"thumbnailUrl":"https:\/\/hobstop.ee\/media\/3099.jpg","datePublished":"-0001-11-30T00:00:00+00:00","dateModified":"-0001-11-30T00:00:00+00:00","breadcrumb":{"@id":"https:\/\/hobstop.ee\/lv\/produkts\/konturu-uzlimes-lotte\/#breadcrumb"},"inLanguage":"lv-LV","potentialAction":[{"@type":"ReadAction","target":["https:\/\/hobstop.ee\/lv\/produkts\/konturu-uzlimes-lotte\/"]}]},{"@type":"ImageObject","inLanguage":"lv-LV","@id":"https:\/\/hobstop.ee\/lv\/produkts\/konturu-uzlimes-lotte\/#primaryimage","url":"https:\/\/hobstop.ee\/media\/3099.jpg","contentUrl":"https:\/\/hobstop.ee\/media\/3099.jpg","width":900,"height":600},{"@type":"BreadcrumbList","@id":"https:\/\/hobstop.ee\/lv\/produkts\/konturu-uzlimes-lotte\/#breadcrumb","itemListElement":[{"@type":"ListItem","position":1,"name":"Avaleht","item":"https:\/\/www.hobstop.ee\/lv\/"},{"@type":"ListItem","position":2,"name":"Veikals","item":"https:\/\/www.hobstop.ee\/lv\/veikals\/"},{"@type":"ListItem","position":3,"name":"Kont\u016bru uzl\u012bmes Lotte"}]},{"@type":"WebSite","@id":"https:\/\/www.hobstop.ee\/lv\/#website","url":"https:\/\/www.hobstop.ee\/lv\/","name":"Skizze","description":"M\u0101kslas, hobiju un skolas preces","publisher":{"@id":"https:\/\/www.hobstop.ee\/lv\/#organization"},"potentialAction":[{"@type":"SearchAction","target":{"@type":"EntryPoint","urlTemplate":"https:\/\/www.hobstop.ee\/lv\/?s={search_term_string}"},"query-input":{"@type":"PropertyValueSpecification","valueRequired":true,"valueName":"search_term_string"}}],"inLanguage":"lv-LV"},{"@type":"Organization","@id":"https:\/\/www.hobstop.ee\/lv\/#organization","name":"Vunder AS","url":"https:\/\/www.hobstop.ee\/lv\/","logo":{"@type":"ImageObject","inLanguage":"lv-LV","@id":"https:\/\/www.hobstop.ee\/lv\/#\/schema\/logo\/image\/","url":"https:\/\/hobstop.ee\/media\/vunder-logo.png","contentUrl":"https:\/\/hobstop.ee\/media\/vunder-logo.png","width":127,"height":55,"caption":"Vunder AS"},"image":{"@id":"https:\/\/www.hobstop.ee\/lv\/#\/schema\/logo\/image\/"},"sameAs":["http:\/\/www.facebook.com\/VunderSkizze"]}]}},"_links":{"self":[{"href":"https:\/\/hobstop.ee\/lv\/wp-json\/wp\/v2\/product\/62154","targetHints":{"allow":["GET"]}}],"collection":[{"href":"https:\/\/hobstop.ee\/lv\/wp-json\/wp\/v2\/product"}],"about":[{"href":"https:\/\/hobstop.ee\/lv\/wp-json\/wp\/v2\/types\/product"}],"replies":[{"embeddable":true,"href":"https:\/\/hobstop.ee\/lv\/wp-json\/wp\/v2\/comments?post=62154"}],"wp:featuredmedia":[{"embeddable":true,"href":"https:\/\/hobstop.ee\/lv\/wp-json\/wp\/v2\/media\/147885"}],"wp:attachment":[{"href":"https:\/\/hobstop.ee\/lv\/wp-json\/wp\/v2\/media?parent=62154"}],"wp:term":[{"taxonomy":"product_cat","embeddable":true,"href":"https:\/\/hobstop.ee\/lv\/wp-json\/wp\/v2\/product_cat?post=62154"},{"taxonomy":"product_tag","embeddable":true,"href":"https:\/\/hobstop.ee\/lv\/wp-json\/wp\/v2\/product_tag?post=62154"}],"curies":[{"name":"wp","href":"https:\/\/api.w.org\/{rel}","templated":true}]}}