{"id":62169,"date":"2014-12-09T13:02:53","date_gmt":"2014-12-09T11:02:53","guid":{"rendered":"https:\/\/sharks.ee\/vunder_2019.klient.veebimajutus.ee\/?post_type=product&p=62169"},"modified":"2014-12-09T13:02:53","modified_gmt":"2014-12-09T10:02:53","slug":"akrila-krasa-liquitex-soft-body","status":"publish","type":"product","link":"https:\/\/hobstop.ee\/lv\/produkts\/akrila-krasa-liquitex-soft-body\/","title":{"rendered":"Akrila kr\u0101sa Liquitex Soft Body"},"content":{"rendered":"<p>Liquitex soft Body akrila kr\u0101su izgatavo p\u0113c t\u0101s s\u0101kotn\u0113j\u0101s receptes kop\u0161 1955. gada. Profesion\u0101\u013ciem dom\u0101t\u0101 kr\u0113mveida, koncentr\u0113ta, augstas kvalit\u0101tes pigmenta akrila kr\u0101sa, kas nodro\u0161ina t\u012bru un intens\u012bvu rezult\u0101tu. Kr\u0101sa veido izteikti gludu un vienm\u0113r\u012bgu virsmu. Piem\u0113rota \u013coti da\u017e\u0101d\u0101m tehnik\u0101m.<\/p>\n","protected":false},"excerpt":{"rendered":"<p>Liquitex soft Body akrila kr\u0101su izgatavo p\u0113c t\u0101s s\u0101kotn\u0113j\u0101s receptes kop\u0161 1955. gada. Profesion\u0101\u013ciem dom\u0101t\u0101 kr\u0113mveida, koncentr\u0113ta, augstas kvalit\u0101tes pigmenta akrila kr\u0101sa, kas nodro\u0161ina t\u012bru un intens\u012bvu rezult\u0101tu. Kr\u0101sa veido izteikti gludu un vienm\u0113r\u012bgu virsmu. Piem\u0113rota \u013coti da\u017e\u0101d\u0101m tehnik\u0101m.<\/p>\n","protected":false},"featured_media":115523,"comment_status":"closed","ping_status":"closed","template":"","meta":{"_acf_changed":false,"ep_exclude_from_search":false},"product_cat":[18994,17980,16123],"product_tag":[],"class_list":{"0":"post-62169","1":"product","2":"type-product","3":"status-publish","4":"has-post-thumbnail","6":"product_cat-akrila-krasas","7":"product_cat-krasas-un-gleznosanas-paligmateriali","8":"product_cat-makslas-piederumi-2","10":"first","11":"instock","12":"taxable","13":"shipping-taxable","14":"purchasable","15":"product-type-variable"},"acf":[],"yoast_head":"<!-- This site is optimized with the Yoast SEO plugin v24.1 - https:\/\/yoast.com\/wordpress\/plugins\/seo\/ -->\n<title>Akrila kr\u0101sa Liquitex Soft Body &#8211; Skizze<\/title>\n<meta name=\"robots\" content=\"noindex, follow, max-snippet:-1, max-image-preview:large, max-video-preview:-1\" \/>\n<meta property=\"og:locale\" content=\"lv_LV\" \/>\n<meta property=\"og:type\" content=\"article\" \/>\n<meta property=\"og:title\" content=\"Akrila kr\u0101sa Liquitex Soft Body &#8211; Skizze\" \/>\n<meta property=\"og:description\" content=\"Liquitex soft Body akrila kr\u0101su izgatavo p\u0113c t\u0101s s\u0101kotn\u0113j\u0101s receptes kop\u0161 1955. gada. Profesion\u0101\u013ciem dom\u0101t\u0101 kr\u0113mveida, koncentr\u0113ta, augstas kvalit\u0101tes pigmenta akrila kr\u0101sa, kas nodro\u0161ina t\u012bru un intens\u012bvu rezult\u0101tu. Kr\u0101sa veido izteikti gludu un vienm\u0113r\u012bgu virsmu. Piem\u0113rota \u013coti da\u017e\u0101d\u0101m tehnik\u0101m.\" \/>\n<meta property=\"og:url\" content=\"https:\/\/hobstop.ee\/lv\/produkts\/akrila-krasa-liquitex-soft-body\/\" \/>\n<meta property=\"og:site_name\" content=\"Skizze\" \/>\n<meta property=\"article:publisher\" content=\"http:\/\/www.facebook.com\/VunderSkizze\" \/>\n<meta property=\"article:modified_time\" content=\"-0001-11-30T00:00:00+00:00\" \/>\n<meta property=\"og:image\" content=\"https:\/\/hobstop.ee\/media\/3120.jpg\" \/>\n\t<meta property=\"og:image:width\" content=\"1024\" \/>\n\t<meta property=\"og:image:height\" content=\"768\" \/>\n\t<meta property=\"og:image:type\" content=\"image\/jpeg\" \/>\n<meta name=\"twitter:card\" content=\"summary_large_image\" \/>\n<script type=\"application\/ld+json\" class=\"yoast-schema-graph\">{\"@context\":\"https:\/\/schema.org\",\"@graph\":[{\"@type\":\"WebPage\",\"@id\":\"https:\/\/hobstop.ee\/lv\/produkts\/akrila-krasa-liquitex-soft-body\/\",\"url\":\"https:\/\/hobstop.ee\/lv\/produkts\/akrila-krasa-liquitex-soft-body\/\",\"name\":\"Akrila kr\u0101sa Liquitex Soft Body &#8211; Skizze\",\"isPartOf\":{\"@id\":\"https:\/\/hobstop.ee\/lv\/#website\"},\"primaryImageOfPage\":{\"@id\":\"https:\/\/hobstop.ee\/lv\/produkts\/akrila-krasa-liquitex-soft-body\/#primaryimage\"},\"image\":{\"@id\":\"https:\/\/hobstop.ee\/lv\/produkts\/akrila-krasa-liquitex-soft-body\/#primaryimage\"},\"thumbnailUrl\":\"https:\/\/hobstop.ee\/media\/3120.jpg\",\"datePublished\":\"2014-12-09T11:02:53+00:00\",\"dateModified\":\"-0001-11-30T00:00:00+00:00\",\"breadcrumb\":{\"@id\":\"https:\/\/hobstop.ee\/lv\/produkts\/akrila-krasa-liquitex-soft-body\/#breadcrumb\"},\"inLanguage\":\"lv-LV\",\"potentialAction\":[{\"@type\":\"ReadAction\",\"target\":[\"https:\/\/hobstop.ee\/lv\/produkts\/akrila-krasa-liquitex-soft-body\/\"]}]},{\"@type\":\"ImageObject\",\"inLanguage\":\"lv-LV\",\"@id\":\"https:\/\/hobstop.ee\/lv\/produkts\/akrila-krasa-liquitex-soft-body\/#primaryimage\",\"url\":\"https:\/\/hobstop.ee\/media\/3120.jpg\",\"contentUrl\":\"https:\/\/hobstop.ee\/media\/3120.jpg\",\"width\":1024,\"height\":768},{\"@type\":\"BreadcrumbList\",\"@id\":\"https:\/\/hobstop.ee\/lv\/produkts\/akrila-krasa-liquitex-soft-body\/#breadcrumb\",\"itemListElement\":[{\"@type\":\"ListItem\",\"position\":1,\"name\":\"Avaleht\",\"item\":\"https:\/\/www.hobstop.ee\/lv\/\"},{\"@type\":\"ListItem\",\"position\":2,\"name\":\"Veikals\",\"item\":\"https:\/\/www.hobstop.ee\/lv\/veikals\/\"},{\"@type\":\"ListItem\",\"position\":3,\"name\":\"Akrila kr\u0101sa Liquitex Soft Body\"}]},{\"@type\":\"WebSite\",\"@id\":\"https:\/\/hobstop.ee\/lv\/#website\",\"url\":\"https:\/\/hobstop.ee\/lv\/\",\"name\":\"Skizze\",\"description\":\"M\u0101kslas, hobiju un skolas preces\",\"publisher\":{\"@id\":\"https:\/\/hobstop.ee\/lv\/#organization\"},\"potentialAction\":[{\"@type\":\"SearchAction\",\"target\":{\"@type\":\"EntryPoint\",\"urlTemplate\":\"https:\/\/hobstop.ee\/lv\/?s={search_term_string}\"},\"query-input\":{\"@type\":\"PropertyValueSpecification\",\"valueRequired\":true,\"valueName\":\"search_term_string\"}}],\"inLanguage\":\"lv-LV\"},{\"@type\":\"Organization\",\"@id\":\"https:\/\/hobstop.ee\/lv\/#organization\",\"name\":\"Vunder AS\",\"url\":\"https:\/\/hobstop.ee\/lv\/\",\"logo\":{\"@type\":\"ImageObject\",\"inLanguage\":\"lv-LV\",\"@id\":\"https:\/\/hobstop.ee\/lv\/#\/schema\/logo\/image\/\",\"url\":\"https:\/\/hobstop.ee\/media\/vunder-logo.png\",\"contentUrl\":\"https:\/\/hobstop.ee\/media\/vunder-logo.png\",\"width\":127,\"height\":55,\"caption\":\"Vunder AS\"},\"image\":{\"@id\":\"https:\/\/hobstop.ee\/lv\/#\/schema\/logo\/image\/\"},\"sameAs\":[\"http:\/\/www.facebook.com\/VunderSkizze\"]}]}<\/script>\n<!-- \/ Yoast SEO plugin. -->","yoast_head_json":{"title":"Akrila kr\u0101sa Liquitex Soft Body &#8211; Skizze","robots":{"index":"noindex","follow":"follow","max-snippet":"max-snippet:-1","max-image-preview":"max-image-preview:large","max-video-preview":"max-video-preview:-1"},"og_locale":"lv_LV","og_type":"article","og_title":"Akrila kr\u0101sa Liquitex Soft Body &#8211; Skizze","og_description":"Liquitex soft Body akrila kr\u0101su izgatavo p\u0113c t\u0101s s\u0101kotn\u0113j\u0101s receptes kop\u0161 1955. gada. Profesion\u0101\u013ciem dom\u0101t\u0101 kr\u0113mveida, koncentr\u0113ta, augstas kvalit\u0101tes pigmenta akrila kr\u0101sa, kas nodro\u0161ina t\u012bru un intens\u012bvu rezult\u0101tu. Kr\u0101sa veido izteikti gludu un vienm\u0113r\u012bgu virsmu. Piem\u0113rota \u013coti da\u017e\u0101d\u0101m tehnik\u0101m.","og_url":"https:\/\/hobstop.ee\/lv\/produkts\/akrila-krasa-liquitex-soft-body\/","og_site_name":"Skizze","article_publisher":"http:\/\/www.facebook.com\/VunderSkizze","article_modified_time":"-0001-11-30T00:00:00+00:00","og_image":[{"width":1024,"height":768,"url":"https:\/\/hobstop.ee\/media\/3120.jpg","type":"image\/jpeg"}],"twitter_card":"summary_large_image","schema":{"@context":"https:\/\/schema.org","@graph":[{"@type":"WebPage","@id":"https:\/\/hobstop.ee\/lv\/produkts\/akrila-krasa-liquitex-soft-body\/","url":"https:\/\/hobstop.ee\/lv\/produkts\/akrila-krasa-liquitex-soft-body\/","name":"Akrila kr\u0101sa Liquitex Soft Body &#8211; Skizze","isPartOf":{"@id":"https:\/\/hobstop.ee\/lv\/#website"},"primaryImageOfPage":{"@id":"https:\/\/hobstop.ee\/lv\/produkts\/akrila-krasa-liquitex-soft-body\/#primaryimage"},"image":{"@id":"https:\/\/hobstop.ee\/lv\/produkts\/akrila-krasa-liquitex-soft-body\/#primaryimage"},"thumbnailUrl":"https:\/\/hobstop.ee\/media\/3120.jpg","datePublished":"2014-12-09T11:02:53+00:00","dateModified":"-0001-11-30T00:00:00+00:00","breadcrumb":{"@id":"https:\/\/hobstop.ee\/lv\/produkts\/akrila-krasa-liquitex-soft-body\/#breadcrumb"},"inLanguage":"lv-LV","potentialAction":[{"@type":"ReadAction","target":["https:\/\/hobstop.ee\/lv\/produkts\/akrila-krasa-liquitex-soft-body\/"]}]},{"@type":"ImageObject","inLanguage":"lv-LV","@id":"https:\/\/hobstop.ee\/lv\/produkts\/akrila-krasa-liquitex-soft-body\/#primaryimage","url":"https:\/\/hobstop.ee\/media\/3120.jpg","contentUrl":"https:\/\/hobstop.ee\/media\/3120.jpg","width":1024,"height":768},{"@type":"BreadcrumbList","@id":"https:\/\/hobstop.ee\/lv\/produkts\/akrila-krasa-liquitex-soft-body\/#breadcrumb","itemListElement":[{"@type":"ListItem","position":1,"name":"Avaleht","item":"https:\/\/www.hobstop.ee\/lv\/"},{"@type":"ListItem","position":2,"name":"Veikals","item":"https:\/\/www.hobstop.ee\/lv\/veikals\/"},{"@type":"ListItem","position":3,"name":"Akrila kr\u0101sa Liquitex Soft Body"}]},{"@type":"WebSite","@id":"https:\/\/hobstop.ee\/lv\/#website","url":"https:\/\/hobstop.ee\/lv\/","name":"Skizze","description":"M\u0101kslas, hobiju un skolas preces","publisher":{"@id":"https:\/\/hobstop.ee\/lv\/#organization"},"potentialAction":[{"@type":"SearchAction","target":{"@type":"EntryPoint","urlTemplate":"https:\/\/hobstop.ee\/lv\/?s={search_term_string}"},"query-input":{"@type":"PropertyValueSpecification","valueRequired":true,"valueName":"search_term_string"}}],"inLanguage":"lv-LV"},{"@type":"Organization","@id":"https:\/\/hobstop.ee\/lv\/#organization","name":"Vunder AS","url":"https:\/\/hobstop.ee\/lv\/","logo":{"@type":"ImageObject","inLanguage":"lv-LV","@id":"https:\/\/hobstop.ee\/lv\/#\/schema\/logo\/image\/","url":"https:\/\/hobstop.ee\/media\/vunder-logo.png","contentUrl":"https:\/\/hobstop.ee\/media\/vunder-logo.png","width":127,"height":55,"caption":"Vunder AS"},"image":{"@id":"https:\/\/hobstop.ee\/lv\/#\/schema\/logo\/image\/"},"sameAs":["http:\/\/www.facebook.com\/VunderSkizze"]}]}},"_links":{"self":[{"href":"https:\/\/hobstop.ee\/lv\/wp-json\/wp\/v2\/product\/62169","targetHints":{"allow":["GET"]}}],"collection":[{"href":"https:\/\/hobstop.ee\/lv\/wp-json\/wp\/v2\/product"}],"about":[{"href":"https:\/\/hobstop.ee\/lv\/wp-json\/wp\/v2\/types\/product"}],"replies":[{"embeddable":true,"href":"https:\/\/hobstop.ee\/lv\/wp-json\/wp\/v2\/comments?post=62169"}],"wp:featuredmedia":[{"embeddable":true,"href":"https:\/\/hobstop.ee\/lv\/wp-json\/wp\/v2\/media\/115523"}],"wp:attachment":[{"href":"https:\/\/hobstop.ee\/lv\/wp-json\/wp\/v2\/media?parent=62169"}],"wp:term":[{"taxonomy":"product_cat","embeddable":true,"href":"https:\/\/hobstop.ee\/lv\/wp-json\/wp\/v2\/product_cat?post=62169"},{"taxonomy":"product_tag","embeddable":true,"href":"https:\/\/hobstop.ee\/lv\/wp-json\/wp\/v2\/product_tag?post=62169"}],"curies":[{"name":"wp","href":"https:\/\/api.w.org\/{rel}","templated":true}]}}