{"id":62210,"date":"2014-12-09T13:03:08","date_gmt":"2014-12-09T11:03:08","guid":{"rendered":"https:\/\/sharks.ee\/vunder_2019.klient.veebimajutus.ee\/?post_type=product&p=62210"},"modified":"2014-12-09T13:03:08","modified_gmt":"2014-12-09T10:03:08","slug":"laka-marabu-matt","status":"publish","type":"product","link":"https:\/\/hobstop.ee\/lv\/produkts\/laka-marabu-matt\/","title":{"rendered":"Laka Marabu Matt"},"content":{"rendered":"<p>Lieliska, mat\u0113ta un caursp\u012bd\u012bga sint\u0113tisko sve\u0137u laka ir izgatavota uz organisko \u0161\u0137\u012bdin\u0101t\u0101ju b\u0101zes un ir piem\u0113rota izmanto\u0161anai amatniec\u012bb\u0101, m\u0101j\u0101s un m\u0101kslinieku darbn\u012bc\u0101s.  To izmanto visu Marabu kr\u0101su, k\u0101 ar\u012b kartona, koka, stikla, met\u0101la, akmens, kok\u0161\u0137iedru pl\u0101tnes, pa\u0161saciet\u0113jo\u0161a m\u0101la un citu l\u012bdz\u012bgu materi\u0101lu p\u0101rkl\u0101\u0161anai ar caursp\u012bd\u012bgu aizsargsl\u0101ni.  P\u0101rkl\u0101t\u0101 virsma nesm\u0113r\u0113jas un ir pasarg\u0101ta pret apk\u0101rt\u0113j\u0101s vides ietekmi un t\u0101d\u0113\u013c lieliski piem\u0113rota lieto\u0161anai \u0101rpus\u0113.  Laka no\u017e\u016bst un k\u013c\u016bst sk\u0101riendro\u0161a apm\u0113ram 30 min\u016bt\u0113s.<\/p>\n","protected":false},"excerpt":{"rendered":"<p>Lieliska, mat\u0113ta un caursp\u012bd\u012bga sint\u0113tisko sve\u0137u laka ir izgatavota uz organisko \u0161\u0137\u012bdin\u0101t\u0101ju b\u0101zes un ir piem\u0113rota izmanto\u0161anai amatniec\u012bb\u0101, m\u0101j\u0101s un m\u0101kslinieku darbn\u012bc\u0101s. To izmanto visu Marabu kr\u0101su, k\u0101 ar\u012b kartona, koka, stikla, met\u0101la, akmens, kok\u0161\u0137iedru pl\u0101tnes, pa\u0161saciet\u0113jo\u0161a m\u0101la un citu l\u012bdz\u012bgu materi\u0101lu p\u0101rkl\u0101\u0161anai ar caursp\u012bd\u012bgu aizsargsl\u0101ni. P\u0101rkl\u0101t\u0101 virsma nesm\u0113r\u0113jas un ir pasarg\u0101ta pret apk\u0101rt\u0113j\u0101s vides ietekmi un t\u0101d\u0113\u013c lieliski piem\u0113rota lieto\u0161anai \u0101rpus\u0113. Laka no\u017e\u016bst un k\u013c\u016bst sk\u0101riendro\u0161a apm\u0113ram 30 min\u016bt\u0113s.<\/p>\n","protected":false},"featured_media":352735,"comment_status":"closed","ping_status":"closed","template":"","meta":{"_acf_changed":false,"ep_exclude_from_search":false},"product_cat":[17954,19693,17918],"product_tag":[],"class_list":{"0":"post-62210","1":"product","2":"type-product","3":"status-publish","4":"has-post-thumbnail","6":"product_cat-decor-krasas-un-lakas","7":"product_cat-lakas","8":"product_cat-preces-hobijiem","10":"first","11":"instock","12":"taxable","13":"shipping-taxable","14":"purchasable","15":"product-type-variable"},"acf":[],"yoast_head":"<!-- This site is optimized with the Yoast SEO plugin v24.1 - https:\/\/yoast.com\/wordpress\/plugins\/seo\/ -->\n<title>Laka Marabu Matt &#8211; Skizze<\/title>\n<meta name=\"robots\" content=\"noindex, follow, max-snippet:-1, max-image-preview:large, max-video-preview:-1\" \/>\n<meta property=\"og:locale\" content=\"lv_LV\" \/>\n<meta property=\"og:type\" content=\"article\" \/>\n<meta property=\"og:title\" content=\"Laka Marabu Matt &#8211; Skizze\" \/>\n<meta property=\"og:description\" content=\"Lieliska, mat\u0113ta un caursp\u012bd\u012bga sint\u0113tisko sve\u0137u laka ir izgatavota uz organisko \u0161\u0137\u012bdin\u0101t\u0101ju b\u0101zes un ir piem\u0113rota izmanto\u0161anai amatniec\u012bb\u0101, m\u0101j\u0101s un m\u0101kslinieku darbn\u012bc\u0101s. To izmanto visu Marabu kr\u0101su, k\u0101 ar\u012b kartona, koka, stikla, met\u0101la, akmens, kok\u0161\u0137iedru pl\u0101tnes, pa\u0161saciet\u0113jo\u0161a m\u0101la un citu l\u012bdz\u012bgu materi\u0101lu p\u0101rkl\u0101\u0161anai ar caursp\u012bd\u012bgu aizsargsl\u0101ni. P\u0101rkl\u0101t\u0101 virsma nesm\u0113r\u0113jas un ir pasarg\u0101ta pret apk\u0101rt\u0113j\u0101s vides ietekmi un t\u0101d\u0113\u013c lieliski piem\u0113rota lieto\u0161anai \u0101rpus\u0113. Laka no\u017e\u016bst un k\u013c\u016bst sk\u0101riendro\u0161a apm\u0113ram 30 min\u016bt\u0113s.\" \/>\n<meta property=\"og:url\" content=\"https:\/\/hobstop.ee\/lv\/produkts\/laka-marabu-matt\/\" \/>\n<meta property=\"og:site_name\" content=\"Skizze\" \/>\n<meta property=\"article:publisher\" content=\"http:\/\/www.facebook.com\/VunderSkizze\" \/>\n<meta property=\"article:modified_time\" content=\"-0001-11-30T00:00:00+00:00\" \/>\n<meta property=\"og:image\" content=\"https:\/\/hobstop.ee\/media\/3140.jpg\" \/>\n\t<meta property=\"og:image:width\" content=\"1024\" \/>\n\t<meta property=\"og:image:height\" content=\"768\" \/>\n\t<meta property=\"og:image:type\" content=\"image\/jpeg\" \/>\n<meta name=\"twitter:card\" content=\"summary_large_image\" \/>\n<meta name=\"twitter:label1\" content=\"Est. reading time\" \/>\n\t<meta name=\"twitter:data1\" content=\"1 min\u016b\u0161u\" \/>\n<script type=\"application\/ld+json\" class=\"yoast-schema-graph\">{\"@context\":\"https:\/\/schema.org\",\"@graph\":[{\"@type\":\"WebPage\",\"@id\":\"https:\/\/hobstop.ee\/lv\/produkts\/laka-marabu-matt\/\",\"url\":\"https:\/\/hobstop.ee\/lv\/produkts\/laka-marabu-matt\/\",\"name\":\"Laka Marabu Matt &#8211; Skizze\",\"isPartOf\":{\"@id\":\"https:\/\/www.hobstop.ee\/lv\/#website\"},\"primaryImageOfPage\":{\"@id\":\"https:\/\/hobstop.ee\/lv\/produkts\/laka-marabu-matt\/#primaryimage\"},\"image\":{\"@id\":\"https:\/\/hobstop.ee\/lv\/produkts\/laka-marabu-matt\/#primaryimage\"},\"thumbnailUrl\":\"https:\/\/hobstop.ee\/media\/3140.jpg\",\"datePublished\":\"2014-12-09T11:03:08+00:00\",\"dateModified\":\"-0001-11-30T00:00:00+00:00\",\"breadcrumb\":{\"@id\":\"https:\/\/hobstop.ee\/lv\/produkts\/laka-marabu-matt\/#breadcrumb\"},\"inLanguage\":\"lv-LV\",\"potentialAction\":[{\"@type\":\"ReadAction\",\"target\":[\"https:\/\/hobstop.ee\/lv\/produkts\/laka-marabu-matt\/\"]}]},{\"@type\":\"ImageObject\",\"inLanguage\":\"lv-LV\",\"@id\":\"https:\/\/hobstop.ee\/lv\/produkts\/laka-marabu-matt\/#primaryimage\",\"url\":\"https:\/\/hobstop.ee\/media\/3140.jpg\",\"contentUrl\":\"https:\/\/hobstop.ee\/media\/3140.jpg\",\"width\":1024,\"height\":768},{\"@type\":\"BreadcrumbList\",\"@id\":\"https:\/\/hobstop.ee\/lv\/produkts\/laka-marabu-matt\/#breadcrumb\",\"itemListElement\":[{\"@type\":\"ListItem\",\"position\":1,\"name\":\"Avaleht\",\"item\":\"https:\/\/www.hobstop.ee\/lv\/\"},{\"@type\":\"ListItem\",\"position\":2,\"name\":\"Veikals\",\"item\":\"https:\/\/www.hobstop.ee\/lv\/veikals\/\"},{\"@type\":\"ListItem\",\"position\":3,\"name\":\"Laka Marabu Matt\"}]},{\"@type\":\"WebSite\",\"@id\":\"https:\/\/www.hobstop.ee\/lv\/#website\",\"url\":\"https:\/\/www.hobstop.ee\/lv\/\",\"name\":\"Skizze\",\"description\":\"M\u0101kslas, hobiju un skolas preces\",\"publisher\":{\"@id\":\"https:\/\/www.hobstop.ee\/lv\/#organization\"},\"potentialAction\":[{\"@type\":\"SearchAction\",\"target\":{\"@type\":\"EntryPoint\",\"urlTemplate\":\"https:\/\/www.hobstop.ee\/lv\/?s={search_term_string}\"},\"query-input\":{\"@type\":\"PropertyValueSpecification\",\"valueRequired\":true,\"valueName\":\"search_term_string\"}}],\"inLanguage\":\"lv-LV\"},{\"@type\":\"Organization\",\"@id\":\"https:\/\/www.hobstop.ee\/lv\/#organization\",\"name\":\"Vunder AS\",\"url\":\"https:\/\/www.hobstop.ee\/lv\/\",\"logo\":{\"@type\":\"ImageObject\",\"inLanguage\":\"lv-LV\",\"@id\":\"https:\/\/www.hobstop.ee\/lv\/#\/schema\/logo\/image\/\",\"url\":\"https:\/\/hobstop.ee\/media\/vunder-logo.png\",\"contentUrl\":\"https:\/\/hobstop.ee\/media\/vunder-logo.png\",\"width\":127,\"height\":55,\"caption\":\"Vunder AS\"},\"image\":{\"@id\":\"https:\/\/www.hobstop.ee\/lv\/#\/schema\/logo\/image\/\"},\"sameAs\":[\"http:\/\/www.facebook.com\/VunderSkizze\"]}]}<\/script>\n<!-- \/ Yoast SEO plugin. -->","yoast_head_json":{"title":"Laka Marabu Matt &#8211; Skizze","robots":{"index":"noindex","follow":"follow","max-snippet":"max-snippet:-1","max-image-preview":"max-image-preview:large","max-video-preview":"max-video-preview:-1"},"og_locale":"lv_LV","og_type":"article","og_title":"Laka Marabu Matt &#8211; Skizze","og_description":"Lieliska, mat\u0113ta un caursp\u012bd\u012bga sint\u0113tisko sve\u0137u laka ir izgatavota uz organisko \u0161\u0137\u012bdin\u0101t\u0101ju b\u0101zes un ir piem\u0113rota izmanto\u0161anai amatniec\u012bb\u0101, m\u0101j\u0101s un m\u0101kslinieku darbn\u012bc\u0101s. To izmanto visu Marabu kr\u0101su, k\u0101 ar\u012b kartona, koka, stikla, met\u0101la, akmens, kok\u0161\u0137iedru pl\u0101tnes, pa\u0161saciet\u0113jo\u0161a m\u0101la un citu l\u012bdz\u012bgu materi\u0101lu p\u0101rkl\u0101\u0161anai ar caursp\u012bd\u012bgu aizsargsl\u0101ni. P\u0101rkl\u0101t\u0101 virsma nesm\u0113r\u0113jas un ir pasarg\u0101ta pret apk\u0101rt\u0113j\u0101s vides ietekmi un t\u0101d\u0113\u013c lieliski piem\u0113rota lieto\u0161anai \u0101rpus\u0113. Laka no\u017e\u016bst un k\u013c\u016bst sk\u0101riendro\u0161a apm\u0113ram 30 min\u016bt\u0113s.","og_url":"https:\/\/hobstop.ee\/lv\/produkts\/laka-marabu-matt\/","og_site_name":"Skizze","article_publisher":"http:\/\/www.facebook.com\/VunderSkizze","article_modified_time":"-0001-11-30T00:00:00+00:00","og_image":[{"width":1024,"height":768,"url":"https:\/\/hobstop.ee\/media\/3140.jpg","type":"image\/jpeg"}],"twitter_card":"summary_large_image","twitter_misc":{"Est. reading time":"1 min\u016b\u0161u"},"schema":{"@context":"https:\/\/schema.org","@graph":[{"@type":"WebPage","@id":"https:\/\/hobstop.ee\/lv\/produkts\/laka-marabu-matt\/","url":"https:\/\/hobstop.ee\/lv\/produkts\/laka-marabu-matt\/","name":"Laka Marabu Matt &#8211; Skizze","isPartOf":{"@id":"https:\/\/www.hobstop.ee\/lv\/#website"},"primaryImageOfPage":{"@id":"https:\/\/hobstop.ee\/lv\/produkts\/laka-marabu-matt\/#primaryimage"},"image":{"@id":"https:\/\/hobstop.ee\/lv\/produkts\/laka-marabu-matt\/#primaryimage"},"thumbnailUrl":"https:\/\/hobstop.ee\/media\/3140.jpg","datePublished":"2014-12-09T11:03:08+00:00","dateModified":"-0001-11-30T00:00:00+00:00","breadcrumb":{"@id":"https:\/\/hobstop.ee\/lv\/produkts\/laka-marabu-matt\/#breadcrumb"},"inLanguage":"lv-LV","potentialAction":[{"@type":"ReadAction","target":["https:\/\/hobstop.ee\/lv\/produkts\/laka-marabu-matt\/"]}]},{"@type":"ImageObject","inLanguage":"lv-LV","@id":"https:\/\/hobstop.ee\/lv\/produkts\/laka-marabu-matt\/#primaryimage","url":"https:\/\/hobstop.ee\/media\/3140.jpg","contentUrl":"https:\/\/hobstop.ee\/media\/3140.jpg","width":1024,"height":768},{"@type":"BreadcrumbList","@id":"https:\/\/hobstop.ee\/lv\/produkts\/laka-marabu-matt\/#breadcrumb","itemListElement":[{"@type":"ListItem","position":1,"name":"Avaleht","item":"https:\/\/www.hobstop.ee\/lv\/"},{"@type":"ListItem","position":2,"name":"Veikals","item":"https:\/\/www.hobstop.ee\/lv\/veikals\/"},{"@type":"ListItem","position":3,"name":"Laka Marabu Matt"}]},{"@type":"WebSite","@id":"https:\/\/www.hobstop.ee\/lv\/#website","url":"https:\/\/www.hobstop.ee\/lv\/","name":"Skizze","description":"M\u0101kslas, hobiju un skolas preces","publisher":{"@id":"https:\/\/www.hobstop.ee\/lv\/#organization"},"potentialAction":[{"@type":"SearchAction","target":{"@type":"EntryPoint","urlTemplate":"https:\/\/www.hobstop.ee\/lv\/?s={search_term_string}"},"query-input":{"@type":"PropertyValueSpecification","valueRequired":true,"valueName":"search_term_string"}}],"inLanguage":"lv-LV"},{"@type":"Organization","@id":"https:\/\/www.hobstop.ee\/lv\/#organization","name":"Vunder AS","url":"https:\/\/www.hobstop.ee\/lv\/","logo":{"@type":"ImageObject","inLanguage":"lv-LV","@id":"https:\/\/www.hobstop.ee\/lv\/#\/schema\/logo\/image\/","url":"https:\/\/hobstop.ee\/media\/vunder-logo.png","contentUrl":"https:\/\/hobstop.ee\/media\/vunder-logo.png","width":127,"height":55,"caption":"Vunder AS"},"image":{"@id":"https:\/\/www.hobstop.ee\/lv\/#\/schema\/logo\/image\/"},"sameAs":["http:\/\/www.facebook.com\/VunderSkizze"]}]}},"_links":{"self":[{"href":"https:\/\/hobstop.ee\/lv\/wp-json\/wp\/v2\/product\/62210","targetHints":{"allow":["GET"]}}],"collection":[{"href":"https:\/\/hobstop.ee\/lv\/wp-json\/wp\/v2\/product"}],"about":[{"href":"https:\/\/hobstop.ee\/lv\/wp-json\/wp\/v2\/types\/product"}],"replies":[{"embeddable":true,"href":"https:\/\/hobstop.ee\/lv\/wp-json\/wp\/v2\/comments?post=62210"}],"wp:featuredmedia":[{"embeddable":true,"href":"https:\/\/hobstop.ee\/lv\/wp-json\/wp\/v2\/media\/352735"}],"wp:attachment":[{"href":"https:\/\/hobstop.ee\/lv\/wp-json\/wp\/v2\/media?parent=62210"}],"wp:term":[{"taxonomy":"product_cat","embeddable":true,"href":"https:\/\/hobstop.ee\/lv\/wp-json\/wp\/v2\/product_cat?post=62210"},{"taxonomy":"product_tag","embeddable":true,"href":"https:\/\/hobstop.ee\/lv\/wp-json\/wp\/v2\/product_tag?post=62210"}],"curies":[{"name":"wp","href":"https:\/\/api.w.org\/{rel}","templated":true}]}}