{"id":62216,"date":"2014-12-09T13:03:09","date_gmt":"2014-12-09T11:03:09","guid":{"rendered":"https:\/\/sharks.ee\/vunder_2019.klient.veebimajutus.ee\/?post_type=product&p=62216"},"modified":"2014-12-09T13:03:09","modified_gmt":"2014-12-09T10:03:09","slug":"laka-marabu-matt-aerosols","status":"publish","type":"product","link":"https:\/\/hobstop.ee\/lv\/produkts\/laka-marabu-matt-aerosols\/","title":{"rendered":"Laka Marabu Matt aerosols"},"content":{"rendered":"<p>Uz \u0161\u0137\u012bdin\u0101t\u0101ja b\u0101zes izgatavot\u0101, caursp\u012bd\u012bg\u0101, mat\u0113t\u0101 aerosola laka nov\u0113r\u0161 sm\u0113r\u0113\u0161anos un pasarg\u0101 virsmu pret apk\u0101rt\u0113j\u0101s vides iedarb\u012bbu (ja ir nodro\u0161in\u0101ta laba sa\u0137ere) un ir piem\u0113rota pap\u012bra, kartona, fotogr\u0101fiju, koka, met\u0101la, stikla un citu materi\u0101lu aizsardz\u012bbai.  Patiecoties aerosola formai, laka ir lieliski piem\u0113rota sare\u017e\u0123\u012bti apstr\u0101d\u0101jamu materi\u0101lu, piem\u0113ram, pinumu lako\u0161anai.  Marabu mat\u0113t\u0101 laka ir piem\u0113rota ar\u012b polistirola virsmu lako\u0161anai, bet nav piem\u0113rota e\u013c\u013cas kr\u0101su un uz \u0161\u0137\u012bdin\u0101t\u0101ja b\u0101zes izgatavotu kr\u0101su lako\u0161anai.<\/p>\n","protected":false},"excerpt":{"rendered":"<p>Uz \u0161\u0137\u012bdin\u0101t\u0101ja b\u0101zes izgatavot\u0101, caursp\u012bd\u012bg\u0101, mat\u0113t\u0101 aerosola laka nov\u0113r\u0161 sm\u0113r\u0113\u0161anos un pasarg\u0101 virsmu pret apk\u0101rt\u0113j\u0101s vides iedarb\u012bbu (ja ir nodro\u0161in\u0101ta laba sa\u0137ere) un ir piem\u0113rota pap\u012bra, kartona, fotogr\u0101fiju, koka, met\u0101la, stikla un citu materi\u0101lu aizsardz\u012bbai. Patiecoties aerosola formai, laka ir lieliski piem\u0113rota sare\u017e\u0123\u012bti apstr\u0101d\u0101jamu materi\u0101lu, piem\u0113ram, pinumu lako\u0161anai. Marabu mat\u0113t\u0101 laka ir piem\u0113rota ar\u012b polistirola virsmu lako\u0161anai, bet nav piem\u0113rota e\u013c\u013cas kr\u0101su un uz \u0161\u0137\u012bdin\u0101t\u0101ja b\u0101zes izgatavotu kr\u0101su lako\u0161anai.<\/p>\n","protected":false},"featured_media":352743,"comment_status":"closed","ping_status":"closed","template":"","meta":{"_acf_changed":false,"ep_exclude_from_search":false},"product_cat":[17954,19693,17918],"product_tag":[],"class_list":{"0":"post-62216","1":"product","2":"type-product","3":"status-publish","4":"has-post-thumbnail","6":"product_cat-decor-krasas-un-lakas","7":"product_cat-lakas","8":"product_cat-preces-hobijiem","10":"first","11":"outofstock","12":"taxable","13":"shipping-taxable","14":"purchasable","15":"product-type-variable"},"acf":[],"yoast_head":"<!-- This site is optimized with the Yoast SEO plugin v24.1 - https:\/\/yoast.com\/wordpress\/plugins\/seo\/ -->\n<title>Laka Marabu Matt aerosols &#8211; Skizze<\/title>\n<meta name=\"robots\" content=\"noindex, follow, max-snippet:-1, max-image-preview:large, max-video-preview:-1\" \/>\n<meta property=\"og:locale\" content=\"lv_LV\" \/>\n<meta property=\"og:type\" content=\"article\" \/>\n<meta property=\"og:title\" content=\"Laka Marabu Matt aerosols &#8211; Skizze\" \/>\n<meta property=\"og:description\" content=\"Uz \u0161\u0137\u012bdin\u0101t\u0101ja b\u0101zes izgatavot\u0101, caursp\u012bd\u012bg\u0101, mat\u0113t\u0101 aerosola laka nov\u0113r\u0161 sm\u0113r\u0113\u0161anos un pasarg\u0101 virsmu pret apk\u0101rt\u0113j\u0101s vides iedarb\u012bbu (ja ir nodro\u0161in\u0101ta laba sa\u0137ere) un ir piem\u0113rota pap\u012bra, kartona, fotogr\u0101fiju, koka, met\u0101la, stikla un citu materi\u0101lu aizsardz\u012bbai. Patiecoties aerosola formai, laka ir lieliski piem\u0113rota sare\u017e\u0123\u012bti apstr\u0101d\u0101jamu materi\u0101lu, piem\u0113ram, pinumu lako\u0161anai. Marabu mat\u0113t\u0101 laka ir piem\u0113rota ar\u012b polistirola virsmu lako\u0161anai, bet nav piem\u0113rota e\u013c\u013cas kr\u0101su un uz \u0161\u0137\u012bdin\u0101t\u0101ja b\u0101zes izgatavotu kr\u0101su lako\u0161anai.\" \/>\n<meta property=\"og:url\" content=\"https:\/\/hobstop.ee\/lv\/produkts\/laka-marabu-matt-aerosols\/\" \/>\n<meta property=\"og:site_name\" content=\"Skizze\" \/>\n<meta property=\"article:publisher\" content=\"http:\/\/www.facebook.com\/VunderSkizze\" \/>\n<meta property=\"article:modified_time\" content=\"-0001-11-30T00:00:00+00:00\" \/>\n<meta property=\"og:image\" content=\"https:\/\/hobstop.ee\/media\/3142.jpg\" \/>\n\t<meta property=\"og:image:width\" content=\"1024\" \/>\n\t<meta property=\"og:image:height\" content=\"768\" \/>\n\t<meta property=\"og:image:type\" content=\"image\/jpeg\" \/>\n<meta name=\"twitter:card\" content=\"summary_large_image\" \/>\n<meta name=\"twitter:label1\" content=\"Est. reading time\" \/>\n\t<meta name=\"twitter:data1\" content=\"1 min\u016b\u0161u\" \/>\n<script type=\"application\/ld+json\" class=\"yoast-schema-graph\">{\"@context\":\"https:\/\/schema.org\",\"@graph\":[{\"@type\":\"WebPage\",\"@id\":\"https:\/\/hobstop.ee\/lv\/produkts\/laka-marabu-matt-aerosols\/\",\"url\":\"https:\/\/hobstop.ee\/lv\/produkts\/laka-marabu-matt-aerosols\/\",\"name\":\"Laka Marabu Matt aerosols &#8211; Skizze\",\"isPartOf\":{\"@id\":\"https:\/\/hobstop.ee\/lv\/#website\"},\"primaryImageOfPage\":{\"@id\":\"https:\/\/hobstop.ee\/lv\/produkts\/laka-marabu-matt-aerosols\/#primaryimage\"},\"image\":{\"@id\":\"https:\/\/hobstop.ee\/lv\/produkts\/laka-marabu-matt-aerosols\/#primaryimage\"},\"thumbnailUrl\":\"https:\/\/hobstop.ee\/media\/3142.jpg\",\"datePublished\":\"2014-12-09T11:03:09+00:00\",\"dateModified\":\"-0001-11-30T00:00:00+00:00\",\"breadcrumb\":{\"@id\":\"https:\/\/hobstop.ee\/lv\/produkts\/laka-marabu-matt-aerosols\/#breadcrumb\"},\"inLanguage\":\"lv-LV\",\"potentialAction\":[{\"@type\":\"ReadAction\",\"target\":[\"https:\/\/hobstop.ee\/lv\/produkts\/laka-marabu-matt-aerosols\/\"]}]},{\"@type\":\"ImageObject\",\"inLanguage\":\"lv-LV\",\"@id\":\"https:\/\/hobstop.ee\/lv\/produkts\/laka-marabu-matt-aerosols\/#primaryimage\",\"url\":\"https:\/\/hobstop.ee\/media\/3142.jpg\",\"contentUrl\":\"https:\/\/hobstop.ee\/media\/3142.jpg\",\"width\":1024,\"height\":768},{\"@type\":\"BreadcrumbList\",\"@id\":\"https:\/\/hobstop.ee\/lv\/produkts\/laka-marabu-matt-aerosols\/#breadcrumb\",\"itemListElement\":[{\"@type\":\"ListItem\",\"position\":1,\"name\":\"Avaleht\",\"item\":\"https:\/\/hobstop.ee\/lv\/\"},{\"@type\":\"ListItem\",\"position\":2,\"name\":\"Veikals\",\"item\":\"https:\/\/hobstop.ee\/lv\/veikals\/\"},{\"@type\":\"ListItem\",\"position\":3,\"name\":\"Laka Marabu Matt aerosols\"}]},{\"@type\":\"WebSite\",\"@id\":\"https:\/\/hobstop.ee\/lv\/#website\",\"url\":\"https:\/\/hobstop.ee\/lv\/\",\"name\":\"Skizze\",\"description\":\"M\u0101kslas, hobiju un skolas preces\",\"publisher\":{\"@id\":\"https:\/\/hobstop.ee\/lv\/#organization\"},\"potentialAction\":[{\"@type\":\"SearchAction\",\"target\":{\"@type\":\"EntryPoint\",\"urlTemplate\":\"https:\/\/hobstop.ee\/lv\/?s={search_term_string}\"},\"query-input\":{\"@type\":\"PropertyValueSpecification\",\"valueRequired\":true,\"valueName\":\"search_term_string\"}}],\"inLanguage\":\"lv-LV\"},{\"@type\":\"Organization\",\"@id\":\"https:\/\/hobstop.ee\/lv\/#organization\",\"name\":\"Vunder AS\",\"url\":\"https:\/\/hobstop.ee\/lv\/\",\"logo\":{\"@type\":\"ImageObject\",\"inLanguage\":\"lv-LV\",\"@id\":\"https:\/\/hobstop.ee\/lv\/#\/schema\/logo\/image\/\",\"url\":\"https:\/\/hobstop.ee\/media\/vunder-logo.png\",\"contentUrl\":\"https:\/\/hobstop.ee\/media\/vunder-logo.png\",\"width\":127,\"height\":55,\"caption\":\"Vunder AS\"},\"image\":{\"@id\":\"https:\/\/hobstop.ee\/lv\/#\/schema\/logo\/image\/\"},\"sameAs\":[\"http:\/\/www.facebook.com\/VunderSkizze\"]}]}<\/script>\n<!-- \/ Yoast SEO plugin. -->","yoast_head_json":{"title":"Laka Marabu Matt aerosols &#8211; Skizze","robots":{"index":"noindex","follow":"follow","max-snippet":"max-snippet:-1","max-image-preview":"max-image-preview:large","max-video-preview":"max-video-preview:-1"},"og_locale":"lv_LV","og_type":"article","og_title":"Laka Marabu Matt aerosols &#8211; Skizze","og_description":"Uz \u0161\u0137\u012bdin\u0101t\u0101ja b\u0101zes izgatavot\u0101, caursp\u012bd\u012bg\u0101, mat\u0113t\u0101 aerosola laka nov\u0113r\u0161 sm\u0113r\u0113\u0161anos un pasarg\u0101 virsmu pret apk\u0101rt\u0113j\u0101s vides iedarb\u012bbu (ja ir nodro\u0161in\u0101ta laba sa\u0137ere) un ir piem\u0113rota pap\u012bra, kartona, fotogr\u0101fiju, koka, met\u0101la, stikla un citu materi\u0101lu aizsardz\u012bbai. Patiecoties aerosola formai, laka ir lieliski piem\u0113rota sare\u017e\u0123\u012bti apstr\u0101d\u0101jamu materi\u0101lu, piem\u0113ram, pinumu lako\u0161anai. Marabu mat\u0113t\u0101 laka ir piem\u0113rota ar\u012b polistirola virsmu lako\u0161anai, bet nav piem\u0113rota e\u013c\u013cas kr\u0101su un uz \u0161\u0137\u012bdin\u0101t\u0101ja b\u0101zes izgatavotu kr\u0101su lako\u0161anai.","og_url":"https:\/\/hobstop.ee\/lv\/produkts\/laka-marabu-matt-aerosols\/","og_site_name":"Skizze","article_publisher":"http:\/\/www.facebook.com\/VunderSkizze","article_modified_time":"-0001-11-30T00:00:00+00:00","og_image":[{"width":1024,"height":768,"url":"https:\/\/hobstop.ee\/media\/3142.jpg","type":"image\/jpeg"}],"twitter_card":"summary_large_image","twitter_misc":{"Est. reading time":"1 min\u016b\u0161u"},"schema":{"@context":"https:\/\/schema.org","@graph":[{"@type":"WebPage","@id":"https:\/\/hobstop.ee\/lv\/produkts\/laka-marabu-matt-aerosols\/","url":"https:\/\/hobstop.ee\/lv\/produkts\/laka-marabu-matt-aerosols\/","name":"Laka Marabu Matt aerosols &#8211; Skizze","isPartOf":{"@id":"https:\/\/hobstop.ee\/lv\/#website"},"primaryImageOfPage":{"@id":"https:\/\/hobstop.ee\/lv\/produkts\/laka-marabu-matt-aerosols\/#primaryimage"},"image":{"@id":"https:\/\/hobstop.ee\/lv\/produkts\/laka-marabu-matt-aerosols\/#primaryimage"},"thumbnailUrl":"https:\/\/hobstop.ee\/media\/3142.jpg","datePublished":"2014-12-09T11:03:09+00:00","dateModified":"-0001-11-30T00:00:00+00:00","breadcrumb":{"@id":"https:\/\/hobstop.ee\/lv\/produkts\/laka-marabu-matt-aerosols\/#breadcrumb"},"inLanguage":"lv-LV","potentialAction":[{"@type":"ReadAction","target":["https:\/\/hobstop.ee\/lv\/produkts\/laka-marabu-matt-aerosols\/"]}]},{"@type":"ImageObject","inLanguage":"lv-LV","@id":"https:\/\/hobstop.ee\/lv\/produkts\/laka-marabu-matt-aerosols\/#primaryimage","url":"https:\/\/hobstop.ee\/media\/3142.jpg","contentUrl":"https:\/\/hobstop.ee\/media\/3142.jpg","width":1024,"height":768},{"@type":"BreadcrumbList","@id":"https:\/\/hobstop.ee\/lv\/produkts\/laka-marabu-matt-aerosols\/#breadcrumb","itemListElement":[{"@type":"ListItem","position":1,"name":"Avaleht","item":"https:\/\/hobstop.ee\/lv\/"},{"@type":"ListItem","position":2,"name":"Veikals","item":"https:\/\/hobstop.ee\/lv\/veikals\/"},{"@type":"ListItem","position":3,"name":"Laka Marabu Matt aerosols"}]},{"@type":"WebSite","@id":"https:\/\/hobstop.ee\/lv\/#website","url":"https:\/\/hobstop.ee\/lv\/","name":"Skizze","description":"M\u0101kslas, hobiju un skolas preces","publisher":{"@id":"https:\/\/hobstop.ee\/lv\/#organization"},"potentialAction":[{"@type":"SearchAction","target":{"@type":"EntryPoint","urlTemplate":"https:\/\/hobstop.ee\/lv\/?s={search_term_string}"},"query-input":{"@type":"PropertyValueSpecification","valueRequired":true,"valueName":"search_term_string"}}],"inLanguage":"lv-LV"},{"@type":"Organization","@id":"https:\/\/hobstop.ee\/lv\/#organization","name":"Vunder AS","url":"https:\/\/hobstop.ee\/lv\/","logo":{"@type":"ImageObject","inLanguage":"lv-LV","@id":"https:\/\/hobstop.ee\/lv\/#\/schema\/logo\/image\/","url":"https:\/\/hobstop.ee\/media\/vunder-logo.png","contentUrl":"https:\/\/hobstop.ee\/media\/vunder-logo.png","width":127,"height":55,"caption":"Vunder AS"},"image":{"@id":"https:\/\/hobstop.ee\/lv\/#\/schema\/logo\/image\/"},"sameAs":["http:\/\/www.facebook.com\/VunderSkizze"]}]}},"_links":{"self":[{"href":"https:\/\/hobstop.ee\/lv\/wp-json\/wp\/v2\/product\/62216","targetHints":{"allow":["GET"]}}],"collection":[{"href":"https:\/\/hobstop.ee\/lv\/wp-json\/wp\/v2\/product"}],"about":[{"href":"https:\/\/hobstop.ee\/lv\/wp-json\/wp\/v2\/types\/product"}],"replies":[{"embeddable":true,"href":"https:\/\/hobstop.ee\/lv\/wp-json\/wp\/v2\/comments?post=62216"}],"wp:featuredmedia":[{"embeddable":true,"href":"https:\/\/hobstop.ee\/lv\/wp-json\/wp\/v2\/media\/352743"}],"wp:attachment":[{"href":"https:\/\/hobstop.ee\/lv\/wp-json\/wp\/v2\/media?parent=62216"}],"wp:term":[{"taxonomy":"product_cat","embeddable":true,"href":"https:\/\/hobstop.ee\/lv\/wp-json\/wp\/v2\/product_cat?post=62216"},{"taxonomy":"product_tag","embeddable":true,"href":"https:\/\/hobstop.ee\/lv\/wp-json\/wp\/v2\/product_tag?post=62216"}],"curies":[{"name":"wp","href":"https:\/\/api.w.org\/{rel}","templated":true}]}}