{"id":62230,"date":"2014-12-09T13:03:12","date_gmt":"2014-12-09T11:03:12","guid":{"rendered":"https:\/\/sharks.ee\/vunder_2019.klient.veebimajutus.ee\/?post_type=product&p=62230"},"modified":"2014-12-09T13:03:12","modified_gmt":"2014-12-09T10:03:12","slug":"flomasteri-maped-colorpeps-early-age-jumbo","status":"publish","type":"product","link":"https:\/\/hobstop.ee\/lv\/produkts\/flomasteri-maped-colorpeps-early-age-jumbo\/","title":{"rendered":"Flomasteri Maped Color&#8217;Peps Early Age Jumbo"},"content":{"rendered":"<p>Color\u2019Peps Jumbo ar plato un maksim\u0101li lielo diametru lieliski pal\u012bdz mazajiem m\u0101ksliniekiem iem\u0101c\u012bties kr\u0101sot bez liekiem kre\u0146\u0137iem! Ilgnotur\u012bgi (nokr\u0101so vair\u0101k k\u0101 400m!) flomasteri spilgt\u0101s kr\u0101s\u0101s. \u012apa\u0161i viegli izmazg\u0101jama tinte no liel\u0101k\u0101s da\u013cas audumu un \u0101das ar ziep\u0113m un \u016bdeni. Plats, konisks uzgalis (d=5.9mm).<\/p>\n","protected":false},"excerpt":{"rendered":"<p>Color\u2019Peps Jumbo ar plato un maksim\u0101li lielo diametru lieliski pal\u012bdz mazajiem m\u0101ksliniekiem iem\u0101c\u012bties kr\u0101sot bez liekiem kre\u0146\u0137iem! Ilgnotur\u012bgi (nokr\u0101so vair\u0101k k\u0101 400m!) flomasteri spilgt\u0101s kr\u0101s\u0101s. \u012apa\u0161i viegli izmazg\u0101jama tinte no liel\u0101k\u0101s da\u013cas audumu un \u0101das ar ziep\u0113m un \u016bdeni. Plats, konisks uzgalis (d=5.9mm).<\/p>\n","protected":false},"featured_media":106122,"comment_status":"closed","ping_status":"closed","template":"","meta":{"_acf_changed":false,"ep_exclude_from_search":false},"product_cat":[19835,20389,20395],"product_tag":[],"class_list":{"0":"post-62230","1":"product","2":"type-product","3":"status-publish","4":"has-post-thumbnail","6":"product_cat-bernu-brivais-laiks","7":"product_cat-makslas-piederumi-3","8":"product_cat-zimesana","10":"first","11":"instock","12":"taxable","13":"shipping-taxable","14":"purchasable","15":"product-type-variable"},"acf":[],"yoast_head":"<!-- This site is optimized with the Yoast SEO plugin v24.1 - https:\/\/yoast.com\/wordpress\/plugins\/seo\/ -->\n<title>Flomasteri Maped Color&#039;Peps Early Age Jumbo &#8211; Skizze<\/title>\n<meta name=\"robots\" content=\"noindex, follow, max-snippet:-1, max-image-preview:large, max-video-preview:-1\" \/>\n<meta property=\"og:locale\" content=\"lv_LV\" \/>\n<meta property=\"og:type\" content=\"article\" \/>\n<meta property=\"og:title\" content=\"Flomasteri Maped Color&#039;Peps Early Age Jumbo &#8211; Skizze\" \/>\n<meta property=\"og:description\" content=\"Color\u2019Peps Jumbo ar plato un maksim\u0101li lielo diametru lieliski pal\u012bdz mazajiem m\u0101ksliniekiem iem\u0101c\u012bties kr\u0101sot bez liekiem kre\u0146\u0137iem! Ilgnotur\u012bgi (nokr\u0101so vair\u0101k k\u0101 400m!) flomasteri spilgt\u0101s kr\u0101s\u0101s. \u012apa\u0161i viegli izmazg\u0101jama tinte no liel\u0101k\u0101s da\u013cas audumu un \u0101das ar ziep\u0113m un \u016bdeni. Plats, konisks uzgalis (d=5.9mm).\" \/>\n<meta property=\"og:url\" content=\"https:\/\/hobstop.ee\/lv\/produkts\/flomasteri-maped-colorpeps-early-age-jumbo\/\" \/>\n<meta property=\"og:site_name\" content=\"Skizze\" \/>\n<meta property=\"article:publisher\" content=\"http:\/\/www.facebook.com\/VunderSkizze\" \/>\n<meta property=\"article:modified_time\" content=\"-0001-11-30T00:00:00+00:00\" \/>\n<meta property=\"og:image\" content=\"https:\/\/hobstop.ee\/media\/3150.jpg\" \/>\n\t<meta property=\"og:image:width\" content=\"1024\" \/>\n\t<meta property=\"og:image:height\" content=\"768\" \/>\n\t<meta property=\"og:image:type\" content=\"image\/jpeg\" \/>\n<meta name=\"twitter:card\" content=\"summary_large_image\" \/>\n<script type=\"application\/ld+json\" class=\"yoast-schema-graph\">{\"@context\":\"https:\/\/schema.org\",\"@graph\":[{\"@type\":\"WebPage\",\"@id\":\"https:\/\/hobstop.ee\/lv\/produkts\/flomasteri-maped-colorpeps-early-age-jumbo\/\",\"url\":\"https:\/\/hobstop.ee\/lv\/produkts\/flomasteri-maped-colorpeps-early-age-jumbo\/\",\"name\":\"Flomasteri Maped Color'Peps Early Age Jumbo &#8211; Skizze\",\"isPartOf\":{\"@id\":\"https:\/\/hobstop.ee\/lv\/#website\"},\"primaryImageOfPage\":{\"@id\":\"https:\/\/hobstop.ee\/lv\/produkts\/flomasteri-maped-colorpeps-early-age-jumbo\/#primaryimage\"},\"image\":{\"@id\":\"https:\/\/hobstop.ee\/lv\/produkts\/flomasteri-maped-colorpeps-early-age-jumbo\/#primaryimage\"},\"thumbnailUrl\":\"https:\/\/hobstop.ee\/media\/3150.jpg\",\"datePublished\":\"2014-12-09T11:03:12+00:00\",\"dateModified\":\"-0001-11-30T00:00:00+00:00\",\"breadcrumb\":{\"@id\":\"https:\/\/hobstop.ee\/lv\/produkts\/flomasteri-maped-colorpeps-early-age-jumbo\/#breadcrumb\"},\"inLanguage\":\"lv-LV\",\"potentialAction\":[{\"@type\":\"ReadAction\",\"target\":[\"https:\/\/hobstop.ee\/lv\/produkts\/flomasteri-maped-colorpeps-early-age-jumbo\/\"]}]},{\"@type\":\"ImageObject\",\"inLanguage\":\"lv-LV\",\"@id\":\"https:\/\/hobstop.ee\/lv\/produkts\/flomasteri-maped-colorpeps-early-age-jumbo\/#primaryimage\",\"url\":\"https:\/\/hobstop.ee\/media\/3150.jpg\",\"contentUrl\":\"https:\/\/hobstop.ee\/media\/3150.jpg\",\"width\":1024,\"height\":768},{\"@type\":\"BreadcrumbList\",\"@id\":\"https:\/\/hobstop.ee\/lv\/produkts\/flomasteri-maped-colorpeps-early-age-jumbo\/#breadcrumb\",\"itemListElement\":[{\"@type\":\"ListItem\",\"position\":1,\"name\":\"Avaleht\",\"item\":\"https:\/\/www.hobstop.ee\/lv\/\"},{\"@type\":\"ListItem\",\"position\":2,\"name\":\"Veikals\",\"item\":\"https:\/\/www.hobstop.ee\/lv\/veikals\/\"},{\"@type\":\"ListItem\",\"position\":3,\"name\":\"Flomasteri Maped Color&#8217;Peps Early Age Jumbo\"}]},{\"@type\":\"WebSite\",\"@id\":\"https:\/\/hobstop.ee\/lv\/#website\",\"url\":\"https:\/\/hobstop.ee\/lv\/\",\"name\":\"Skizze\",\"description\":\"M\u0101kslas, hobiju un skolas preces\",\"publisher\":{\"@id\":\"https:\/\/hobstop.ee\/lv\/#organization\"},\"potentialAction\":[{\"@type\":\"SearchAction\",\"target\":{\"@type\":\"EntryPoint\",\"urlTemplate\":\"https:\/\/hobstop.ee\/lv\/?s={search_term_string}\"},\"query-input\":{\"@type\":\"PropertyValueSpecification\",\"valueRequired\":true,\"valueName\":\"search_term_string\"}}],\"inLanguage\":\"lv-LV\"},{\"@type\":\"Organization\",\"@id\":\"https:\/\/hobstop.ee\/lv\/#organization\",\"name\":\"Vunder AS\",\"url\":\"https:\/\/hobstop.ee\/lv\/\",\"logo\":{\"@type\":\"ImageObject\",\"inLanguage\":\"lv-LV\",\"@id\":\"https:\/\/hobstop.ee\/lv\/#\/schema\/logo\/image\/\",\"url\":\"https:\/\/hobstop.ee\/media\/vunder-logo.png\",\"contentUrl\":\"https:\/\/hobstop.ee\/media\/vunder-logo.png\",\"width\":127,\"height\":55,\"caption\":\"Vunder AS\"},\"image\":{\"@id\":\"https:\/\/hobstop.ee\/lv\/#\/schema\/logo\/image\/\"},\"sameAs\":[\"http:\/\/www.facebook.com\/VunderSkizze\"]}]}<\/script>\n<!-- \/ Yoast SEO plugin. -->","yoast_head_json":{"title":"Flomasteri Maped Color'Peps Early Age Jumbo &#8211; Skizze","robots":{"index":"noindex","follow":"follow","max-snippet":"max-snippet:-1","max-image-preview":"max-image-preview:large","max-video-preview":"max-video-preview:-1"},"og_locale":"lv_LV","og_type":"article","og_title":"Flomasteri Maped Color'Peps Early Age Jumbo &#8211; Skizze","og_description":"Color\u2019Peps Jumbo ar plato un maksim\u0101li lielo diametru lieliski pal\u012bdz mazajiem m\u0101ksliniekiem iem\u0101c\u012bties kr\u0101sot bez liekiem kre\u0146\u0137iem! Ilgnotur\u012bgi (nokr\u0101so vair\u0101k k\u0101 400m!) flomasteri spilgt\u0101s kr\u0101s\u0101s. \u012apa\u0161i viegli izmazg\u0101jama tinte no liel\u0101k\u0101s da\u013cas audumu un \u0101das ar ziep\u0113m un \u016bdeni. Plats, konisks uzgalis (d=5.9mm).","og_url":"https:\/\/hobstop.ee\/lv\/produkts\/flomasteri-maped-colorpeps-early-age-jumbo\/","og_site_name":"Skizze","article_publisher":"http:\/\/www.facebook.com\/VunderSkizze","article_modified_time":"-0001-11-30T00:00:00+00:00","og_image":[{"width":1024,"height":768,"url":"https:\/\/hobstop.ee\/media\/3150.jpg","type":"image\/jpeg"}],"twitter_card":"summary_large_image","schema":{"@context":"https:\/\/schema.org","@graph":[{"@type":"WebPage","@id":"https:\/\/hobstop.ee\/lv\/produkts\/flomasteri-maped-colorpeps-early-age-jumbo\/","url":"https:\/\/hobstop.ee\/lv\/produkts\/flomasteri-maped-colorpeps-early-age-jumbo\/","name":"Flomasteri Maped Color'Peps Early Age Jumbo &#8211; Skizze","isPartOf":{"@id":"https:\/\/hobstop.ee\/lv\/#website"},"primaryImageOfPage":{"@id":"https:\/\/hobstop.ee\/lv\/produkts\/flomasteri-maped-colorpeps-early-age-jumbo\/#primaryimage"},"image":{"@id":"https:\/\/hobstop.ee\/lv\/produkts\/flomasteri-maped-colorpeps-early-age-jumbo\/#primaryimage"},"thumbnailUrl":"https:\/\/hobstop.ee\/media\/3150.jpg","datePublished":"2014-12-09T11:03:12+00:00","dateModified":"-0001-11-30T00:00:00+00:00","breadcrumb":{"@id":"https:\/\/hobstop.ee\/lv\/produkts\/flomasteri-maped-colorpeps-early-age-jumbo\/#breadcrumb"},"inLanguage":"lv-LV","potentialAction":[{"@type":"ReadAction","target":["https:\/\/hobstop.ee\/lv\/produkts\/flomasteri-maped-colorpeps-early-age-jumbo\/"]}]},{"@type":"ImageObject","inLanguage":"lv-LV","@id":"https:\/\/hobstop.ee\/lv\/produkts\/flomasteri-maped-colorpeps-early-age-jumbo\/#primaryimage","url":"https:\/\/hobstop.ee\/media\/3150.jpg","contentUrl":"https:\/\/hobstop.ee\/media\/3150.jpg","width":1024,"height":768},{"@type":"BreadcrumbList","@id":"https:\/\/hobstop.ee\/lv\/produkts\/flomasteri-maped-colorpeps-early-age-jumbo\/#breadcrumb","itemListElement":[{"@type":"ListItem","position":1,"name":"Avaleht","item":"https:\/\/www.hobstop.ee\/lv\/"},{"@type":"ListItem","position":2,"name":"Veikals","item":"https:\/\/www.hobstop.ee\/lv\/veikals\/"},{"@type":"ListItem","position":3,"name":"Flomasteri Maped Color&#8217;Peps Early Age Jumbo"}]},{"@type":"WebSite","@id":"https:\/\/hobstop.ee\/lv\/#website","url":"https:\/\/hobstop.ee\/lv\/","name":"Skizze","description":"M\u0101kslas, hobiju un skolas preces","publisher":{"@id":"https:\/\/hobstop.ee\/lv\/#organization"},"potentialAction":[{"@type":"SearchAction","target":{"@type":"EntryPoint","urlTemplate":"https:\/\/hobstop.ee\/lv\/?s={search_term_string}"},"query-input":{"@type":"PropertyValueSpecification","valueRequired":true,"valueName":"search_term_string"}}],"inLanguage":"lv-LV"},{"@type":"Organization","@id":"https:\/\/hobstop.ee\/lv\/#organization","name":"Vunder AS","url":"https:\/\/hobstop.ee\/lv\/","logo":{"@type":"ImageObject","inLanguage":"lv-LV","@id":"https:\/\/hobstop.ee\/lv\/#\/schema\/logo\/image\/","url":"https:\/\/hobstop.ee\/media\/vunder-logo.png","contentUrl":"https:\/\/hobstop.ee\/media\/vunder-logo.png","width":127,"height":55,"caption":"Vunder AS"},"image":{"@id":"https:\/\/hobstop.ee\/lv\/#\/schema\/logo\/image\/"},"sameAs":["http:\/\/www.facebook.com\/VunderSkizze"]}]}},"_links":{"self":[{"href":"https:\/\/hobstop.ee\/lv\/wp-json\/wp\/v2\/product\/62230","targetHints":{"allow":["GET"]}}],"collection":[{"href":"https:\/\/hobstop.ee\/lv\/wp-json\/wp\/v2\/product"}],"about":[{"href":"https:\/\/hobstop.ee\/lv\/wp-json\/wp\/v2\/types\/product"}],"replies":[{"embeddable":true,"href":"https:\/\/hobstop.ee\/lv\/wp-json\/wp\/v2\/comments?post=62230"}],"wp:featuredmedia":[{"embeddable":true,"href":"https:\/\/hobstop.ee\/lv\/wp-json\/wp\/v2\/media\/106122"}],"wp:attachment":[{"href":"https:\/\/hobstop.ee\/lv\/wp-json\/wp\/v2\/media?parent=62230"}],"wp:term":[{"taxonomy":"product_cat","embeddable":true,"href":"https:\/\/hobstop.ee\/lv\/wp-json\/wp\/v2\/product_cat?post=62230"},{"taxonomy":"product_tag","embeddable":true,"href":"https:\/\/hobstop.ee\/lv\/wp-json\/wp\/v2\/product_tag?post=62230"}],"curies":[{"name":"wp","href":"https:\/\/api.w.org\/{rel}","templated":true}]}}