{"id":62263,"date":"2014-12-09T13:03:18","date_gmt":"2014-12-09T11:03:18","guid":{"rendered":"https:\/\/sharks.ee\/vunder_2019.klient.veebimajutus.ee\/?post_type=product&p=62263"},"modified":"2014-12-09T13:03:18","modified_gmt":"2014-12-09T10:03:18","slug":"lodisu-pildspalva-maped-visiopen-kreiliem","status":"publish","type":"product","link":"https:\/\/hobstop.ee\/lv\/produkts\/lodisu-pildspalva-maped-visiopen-kreiliem\/","title":{"rendered":"Lod\u012b\u0161u pildspalva Maped Visiopen krei\u013ciem"},"content":{"rendered":"<p>Maped Visopen ir \u012bpa\u0161i rad\u012bta lod\u012b\u0161u pildspalva krei\u013ciem. T\u0101s ergonomisk\u0101 forma \u013cauj \u0113rti tur\u0113t to rok\u0101 rakst\u012b\u0161anas laik\u0101, k\u0101 ar\u012b nodro\u0161ina labu p\u0101rredzam\u012bbu p\u0101r uzrakst\u012bto tekstu. Gumija pirkstu da\u013c\u0101 nodro\u0161ina \u0113rtu tur\u0113\u0161anu rok\u0101s.<\/p>\n","protected":false},"excerpt":{"rendered":"<p>Maped Visopen ir \u012bpa\u0161i rad\u012bta lod\u012b\u0161u pildspalva krei\u013ciem. T\u0101s ergonomisk\u0101 forma \u013cauj \u0113rti tur\u0113t to rok\u0101 rakst\u012b\u0161anas laik\u0101, k\u0101 ar\u012b nodro\u0161ina labu p\u0101rredzam\u012bbu p\u0101r uzrakst\u012bto tekstu. Gumija pirkstu da\u013c\u0101 nodro\u0161ina \u0113rtu tur\u0113\u0161anu rok\u0101s.<\/p>\n","protected":false},"featured_media":106166,"comment_status":"closed","ping_status":"closed","template":"","meta":{"_acf_changed":false,"ep_exclude_from_search":false},"product_cat":[19695,18519],"product_tag":[],"class_list":{"0":"post-62263","1":"product","2":"type-product","3":"status-publish","4":"has-post-thumbnail","6":"product_cat-lodisu-pildspalvas","7":"product_cat-rakstampiederumi-2","9":"first","10":"instock","11":"taxable","12":"shipping-taxable","13":"purchasable","14":"product-type-variable"},"acf":[],"yoast_head":"<!-- This site is optimized with the Yoast SEO plugin v24.1 - https:\/\/yoast.com\/wordpress\/plugins\/seo\/ -->\n<title>Lod\u012b\u0161u pildspalva Maped Visiopen krei\u013ciem &#8211; Skizze<\/title>\n<meta name=\"robots\" content=\"noindex, follow, max-snippet:-1, max-image-preview:large, max-video-preview:-1\" \/>\n<meta property=\"og:locale\" content=\"lv_LV\" \/>\n<meta property=\"og:type\" content=\"article\" \/>\n<meta property=\"og:title\" content=\"Lod\u012b\u0161u pildspalva Maped Visiopen krei\u013ciem &#8211; Skizze\" \/>\n<meta property=\"og:description\" content=\"Maped Visopen ir \u012bpa\u0161i rad\u012bta lod\u012b\u0161u pildspalva krei\u013ciem. T\u0101s ergonomisk\u0101 forma \u013cauj \u0113rti tur\u0113t to rok\u0101 rakst\u012b\u0161anas laik\u0101, k\u0101 ar\u012b nodro\u0161ina labu p\u0101rredzam\u012bbu p\u0101r uzrakst\u012bto tekstu. Gumija pirkstu da\u013c\u0101 nodro\u0161ina \u0113rtu tur\u0113\u0161anu rok\u0101s.\" \/>\n<meta property=\"og:url\" content=\"https:\/\/hobstop.ee\/lv\/produkts\/lodisu-pildspalva-maped-visiopen-kreiliem\/\" \/>\n<meta property=\"og:site_name\" content=\"Skizze\" \/>\n<meta property=\"article:publisher\" content=\"http:\/\/www.facebook.com\/VunderSkizze\" \/>\n<meta property=\"article:modified_time\" content=\"-0001-11-30T00:00:00+00:00\" \/>\n<meta property=\"og:image\" content=\"https:\/\/hobstop.ee\/media\/3161.jpg\" \/>\n\t<meta property=\"og:image:width\" content=\"1024\" \/>\n\t<meta property=\"og:image:height\" content=\"768\" \/>\n\t<meta property=\"og:image:type\" content=\"image\/jpeg\" \/>\n<meta name=\"twitter:card\" content=\"summary_large_image\" \/>\n<script type=\"application\/ld+json\" class=\"yoast-schema-graph\">{\"@context\":\"https:\/\/schema.org\",\"@graph\":[{\"@type\":\"WebPage\",\"@id\":\"https:\/\/hobstop.ee\/lv\/produkts\/lodisu-pildspalva-maped-visiopen-kreiliem\/\",\"url\":\"https:\/\/hobstop.ee\/lv\/produkts\/lodisu-pildspalva-maped-visiopen-kreiliem\/\",\"name\":\"Lod\u012b\u0161u pildspalva Maped Visiopen krei\u013ciem &#8211; Skizze\",\"isPartOf\":{\"@id\":\"https:\/\/hobstop.ee\/lv\/#website\"},\"primaryImageOfPage\":{\"@id\":\"https:\/\/hobstop.ee\/lv\/produkts\/lodisu-pildspalva-maped-visiopen-kreiliem\/#primaryimage\"},\"image\":{\"@id\":\"https:\/\/hobstop.ee\/lv\/produkts\/lodisu-pildspalva-maped-visiopen-kreiliem\/#primaryimage\"},\"thumbnailUrl\":\"https:\/\/hobstop.ee\/media\/3161.jpg\",\"datePublished\":\"2014-12-09T11:03:18+00:00\",\"dateModified\":\"-0001-11-30T00:00:00+00:00\",\"breadcrumb\":{\"@id\":\"https:\/\/hobstop.ee\/lv\/produkts\/lodisu-pildspalva-maped-visiopen-kreiliem\/#breadcrumb\"},\"inLanguage\":\"lv-LV\",\"potentialAction\":[{\"@type\":\"ReadAction\",\"target\":[\"https:\/\/hobstop.ee\/lv\/produkts\/lodisu-pildspalva-maped-visiopen-kreiliem\/\"]}]},{\"@type\":\"ImageObject\",\"inLanguage\":\"lv-LV\",\"@id\":\"https:\/\/hobstop.ee\/lv\/produkts\/lodisu-pildspalva-maped-visiopen-kreiliem\/#primaryimage\",\"url\":\"https:\/\/hobstop.ee\/media\/3161.jpg\",\"contentUrl\":\"https:\/\/hobstop.ee\/media\/3161.jpg\",\"width\":1024,\"height\":768},{\"@type\":\"BreadcrumbList\",\"@id\":\"https:\/\/hobstop.ee\/lv\/produkts\/lodisu-pildspalva-maped-visiopen-kreiliem\/#breadcrumb\",\"itemListElement\":[{\"@type\":\"ListItem\",\"position\":1,\"name\":\"Avaleht\",\"item\":\"https:\/\/www.hobstop.ee\/lv\/\"},{\"@type\":\"ListItem\",\"position\":2,\"name\":\"Veikals\",\"item\":\"https:\/\/www.hobstop.ee\/lv\/veikals\/\"},{\"@type\":\"ListItem\",\"position\":3,\"name\":\"Lod\u012b\u0161u pildspalva Maped Visiopen krei\u013ciem\"}]},{\"@type\":\"WebSite\",\"@id\":\"https:\/\/hobstop.ee\/lv\/#website\",\"url\":\"https:\/\/hobstop.ee\/lv\/\",\"name\":\"Skizze\",\"description\":\"M\u0101kslas, hobiju un skolas preces\",\"publisher\":{\"@id\":\"https:\/\/hobstop.ee\/lv\/#organization\"},\"potentialAction\":[{\"@type\":\"SearchAction\",\"target\":{\"@type\":\"EntryPoint\",\"urlTemplate\":\"https:\/\/hobstop.ee\/lv\/?s={search_term_string}\"},\"query-input\":{\"@type\":\"PropertyValueSpecification\",\"valueRequired\":true,\"valueName\":\"search_term_string\"}}],\"inLanguage\":\"lv-LV\"},{\"@type\":\"Organization\",\"@id\":\"https:\/\/hobstop.ee\/lv\/#organization\",\"name\":\"Vunder AS\",\"url\":\"https:\/\/hobstop.ee\/lv\/\",\"logo\":{\"@type\":\"ImageObject\",\"inLanguage\":\"lv-LV\",\"@id\":\"https:\/\/hobstop.ee\/lv\/#\/schema\/logo\/image\/\",\"url\":\"https:\/\/hobstop.ee\/media\/vunder-logo.png\",\"contentUrl\":\"https:\/\/hobstop.ee\/media\/vunder-logo.png\",\"width\":127,\"height\":55,\"caption\":\"Vunder AS\"},\"image\":{\"@id\":\"https:\/\/hobstop.ee\/lv\/#\/schema\/logo\/image\/\"},\"sameAs\":[\"http:\/\/www.facebook.com\/VunderSkizze\"]}]}<\/script>\n<!-- \/ Yoast SEO plugin. -->","yoast_head_json":{"title":"Lod\u012b\u0161u pildspalva Maped Visiopen krei\u013ciem &#8211; Skizze","robots":{"index":"noindex","follow":"follow","max-snippet":"max-snippet:-1","max-image-preview":"max-image-preview:large","max-video-preview":"max-video-preview:-1"},"og_locale":"lv_LV","og_type":"article","og_title":"Lod\u012b\u0161u pildspalva Maped Visiopen krei\u013ciem &#8211; Skizze","og_description":"Maped Visopen ir \u012bpa\u0161i rad\u012bta lod\u012b\u0161u pildspalva krei\u013ciem. T\u0101s ergonomisk\u0101 forma \u013cauj \u0113rti tur\u0113t to rok\u0101 rakst\u012b\u0161anas laik\u0101, k\u0101 ar\u012b nodro\u0161ina labu p\u0101rredzam\u012bbu p\u0101r uzrakst\u012bto tekstu. Gumija pirkstu da\u013c\u0101 nodro\u0161ina \u0113rtu tur\u0113\u0161anu rok\u0101s.","og_url":"https:\/\/hobstop.ee\/lv\/produkts\/lodisu-pildspalva-maped-visiopen-kreiliem\/","og_site_name":"Skizze","article_publisher":"http:\/\/www.facebook.com\/VunderSkizze","article_modified_time":"-0001-11-30T00:00:00+00:00","og_image":[{"width":1024,"height":768,"url":"https:\/\/hobstop.ee\/media\/3161.jpg","type":"image\/jpeg"}],"twitter_card":"summary_large_image","schema":{"@context":"https:\/\/schema.org","@graph":[{"@type":"WebPage","@id":"https:\/\/hobstop.ee\/lv\/produkts\/lodisu-pildspalva-maped-visiopen-kreiliem\/","url":"https:\/\/hobstop.ee\/lv\/produkts\/lodisu-pildspalva-maped-visiopen-kreiliem\/","name":"Lod\u012b\u0161u pildspalva Maped Visiopen krei\u013ciem &#8211; Skizze","isPartOf":{"@id":"https:\/\/hobstop.ee\/lv\/#website"},"primaryImageOfPage":{"@id":"https:\/\/hobstop.ee\/lv\/produkts\/lodisu-pildspalva-maped-visiopen-kreiliem\/#primaryimage"},"image":{"@id":"https:\/\/hobstop.ee\/lv\/produkts\/lodisu-pildspalva-maped-visiopen-kreiliem\/#primaryimage"},"thumbnailUrl":"https:\/\/hobstop.ee\/media\/3161.jpg","datePublished":"2014-12-09T11:03:18+00:00","dateModified":"-0001-11-30T00:00:00+00:00","breadcrumb":{"@id":"https:\/\/hobstop.ee\/lv\/produkts\/lodisu-pildspalva-maped-visiopen-kreiliem\/#breadcrumb"},"inLanguage":"lv-LV","potentialAction":[{"@type":"ReadAction","target":["https:\/\/hobstop.ee\/lv\/produkts\/lodisu-pildspalva-maped-visiopen-kreiliem\/"]}]},{"@type":"ImageObject","inLanguage":"lv-LV","@id":"https:\/\/hobstop.ee\/lv\/produkts\/lodisu-pildspalva-maped-visiopen-kreiliem\/#primaryimage","url":"https:\/\/hobstop.ee\/media\/3161.jpg","contentUrl":"https:\/\/hobstop.ee\/media\/3161.jpg","width":1024,"height":768},{"@type":"BreadcrumbList","@id":"https:\/\/hobstop.ee\/lv\/produkts\/lodisu-pildspalva-maped-visiopen-kreiliem\/#breadcrumb","itemListElement":[{"@type":"ListItem","position":1,"name":"Avaleht","item":"https:\/\/www.hobstop.ee\/lv\/"},{"@type":"ListItem","position":2,"name":"Veikals","item":"https:\/\/www.hobstop.ee\/lv\/veikals\/"},{"@type":"ListItem","position":3,"name":"Lod\u012b\u0161u pildspalva Maped Visiopen krei\u013ciem"}]},{"@type":"WebSite","@id":"https:\/\/hobstop.ee\/lv\/#website","url":"https:\/\/hobstop.ee\/lv\/","name":"Skizze","description":"M\u0101kslas, hobiju un skolas preces","publisher":{"@id":"https:\/\/hobstop.ee\/lv\/#organization"},"potentialAction":[{"@type":"SearchAction","target":{"@type":"EntryPoint","urlTemplate":"https:\/\/hobstop.ee\/lv\/?s={search_term_string}"},"query-input":{"@type":"PropertyValueSpecification","valueRequired":true,"valueName":"search_term_string"}}],"inLanguage":"lv-LV"},{"@type":"Organization","@id":"https:\/\/hobstop.ee\/lv\/#organization","name":"Vunder AS","url":"https:\/\/hobstop.ee\/lv\/","logo":{"@type":"ImageObject","inLanguage":"lv-LV","@id":"https:\/\/hobstop.ee\/lv\/#\/schema\/logo\/image\/","url":"https:\/\/hobstop.ee\/media\/vunder-logo.png","contentUrl":"https:\/\/hobstop.ee\/media\/vunder-logo.png","width":127,"height":55,"caption":"Vunder AS"},"image":{"@id":"https:\/\/hobstop.ee\/lv\/#\/schema\/logo\/image\/"},"sameAs":["http:\/\/www.facebook.com\/VunderSkizze"]}]}},"_links":{"self":[{"href":"https:\/\/hobstop.ee\/lv\/wp-json\/wp\/v2\/product\/62263","targetHints":{"allow":["GET"]}}],"collection":[{"href":"https:\/\/hobstop.ee\/lv\/wp-json\/wp\/v2\/product"}],"about":[{"href":"https:\/\/hobstop.ee\/lv\/wp-json\/wp\/v2\/types\/product"}],"replies":[{"embeddable":true,"href":"https:\/\/hobstop.ee\/lv\/wp-json\/wp\/v2\/comments?post=62263"}],"wp:featuredmedia":[{"embeddable":true,"href":"https:\/\/hobstop.ee\/lv\/wp-json\/wp\/v2\/media\/106166"}],"wp:attachment":[{"href":"https:\/\/hobstop.ee\/lv\/wp-json\/wp\/v2\/media?parent=62263"}],"wp:term":[{"taxonomy":"product_cat","embeddable":true,"href":"https:\/\/hobstop.ee\/lv\/wp-json\/wp\/v2\/product_cat?post=62263"},{"taxonomy":"product_tag","embeddable":true,"href":"https:\/\/hobstop.ee\/lv\/wp-json\/wp\/v2\/product_tag?post=62263"}],"curies":[{"name":"wp","href":"https:\/\/api.w.org\/{rel}","templated":true}]}}