{"id":62284,"date":"2014-12-09T13:03:22","date_gmt":"2014-12-09T11:03:22","guid":{"rendered":"https:\/\/sharks.ee\/vunder_2019.klient.veebimajutus.ee\/?post_type=product&p=62284"},"modified":"2014-12-09T13:03:22","modified_gmt":"2014-12-09T10:03:22","slug":"skeres-maped-sensoft-kreiliem","status":"publish","type":"product","link":"https:\/\/hobstop.ee\/lv\/produkts\/skeres-maped-sensoft-kreiliem\/","title":{"rendered":"\u0160\u0137\u0113res Maped SenSoft krei\u013ciem"},"content":{"rendered":"<p>Sensoft \u0161\u0137\u0113r\u0113m piem\u012bt viss nepiecie\u0161amais, lai to m\u012bkstos rokturus paman\u012btu ikviens! Optim\u0101ls satv\u0113riens ar elast\u012bgo rokturu pal\u012bdz\u012bbu &#8211; Sensoft \u0161\u0137\u0113res b\u016bs piem\u0113rotas ikvienam darbam! \u012astas krei\u013cu \u0161\u0137\u0113res ar pret\u0113ji novietotiem asme\u0146iem.<\/p>\n","protected":false},"excerpt":{"rendered":"<p>Sensoft \u0161\u0137\u0113r\u0113m piem\u012bt viss nepiecie\u0161amais, lai to m\u012bkstos rokturus paman\u012btu ikviens! Optim\u0101ls satv\u0113riens ar elast\u012bgo rokturu pal\u012bdz\u012bbu &#8211; Sensoft \u0161\u0137\u0113res b\u016bs piem\u0113rotas ikvienam darbam! \u012astas krei\u013cu \u0161\u0137\u0113res ar pret\u0113ji novietotiem asme\u0146iem.<\/p>\n","protected":false},"featured_media":106194,"comment_status":"closed","ping_status":"closed","template":"","meta":{"_acf_changed":false,"ep_exclude_from_search":false},"product_cat":[18641,17916,18719],"product_tag":[],"class_list":{"0":"post-62284","1":"product","2":"type-product","3":"status-publish","4":"has-post-thumbnail","6":"product_cat-dazadi-3","7":"product_cat-preces-skolai","8":"product_cat-skeres-2","10":"first","11":"instock","12":"taxable","13":"shipping-taxable","14":"purchasable","15":"product-type-variable"},"acf":[],"yoast_head":"<!-- This site is optimized with the Yoast SEO plugin v24.1 - https:\/\/yoast.com\/wordpress\/plugins\/seo\/ -->\n<title>\u0160\u0137\u0113res Maped SenSoft krei\u013ciem &#8211; Skizze<\/title>\n<meta name=\"robots\" content=\"noindex, follow, max-snippet:-1, max-image-preview:large, max-video-preview:-1\" \/>\n<meta property=\"og:locale\" content=\"lv_LV\" \/>\n<meta property=\"og:type\" content=\"article\" \/>\n<meta property=\"og:title\" content=\"\u0160\u0137\u0113res Maped SenSoft krei\u013ciem &#8211; Skizze\" \/>\n<meta property=\"og:description\" content=\"Sensoft \u0161\u0137\u0113r\u0113m piem\u012bt viss nepiecie\u0161amais, lai to m\u012bkstos rokturus paman\u012btu ikviens! Optim\u0101ls satv\u0113riens ar elast\u012bgo rokturu pal\u012bdz\u012bbu &#8211; Sensoft \u0161\u0137\u0113res b\u016bs piem\u0113rotas ikvienam darbam! \u012astas krei\u013cu \u0161\u0137\u0113res ar pret\u0113ji novietotiem asme\u0146iem.\" \/>\n<meta property=\"og:url\" content=\"https:\/\/hobstop.ee\/lv\/produkts\/skeres-maped-sensoft-kreiliem\/\" \/>\n<meta property=\"og:site_name\" content=\"Skizze\" \/>\n<meta property=\"article:publisher\" content=\"http:\/\/www.facebook.com\/VunderSkizze\" \/>\n<meta property=\"article:modified_time\" content=\"-0001-11-30T00:00:00+00:00\" \/>\n<meta property=\"og:image\" content=\"https:\/\/hobstop.ee\/media\/3168.jpg\" \/>\n\t<meta property=\"og:image:width\" content=\"1024\" \/>\n\t<meta property=\"og:image:height\" content=\"768\" \/>\n\t<meta property=\"og:image:type\" content=\"image\/jpeg\" \/>\n<meta name=\"twitter:card\" content=\"summary_large_image\" \/>\n<script type=\"application\/ld+json\" class=\"yoast-schema-graph\">{\"@context\":\"https:\/\/schema.org\",\"@graph\":[{\"@type\":\"WebPage\",\"@id\":\"https:\/\/hobstop.ee\/lv\/produkts\/skeres-maped-sensoft-kreiliem\/\",\"url\":\"https:\/\/hobstop.ee\/lv\/produkts\/skeres-maped-sensoft-kreiliem\/\",\"name\":\"\u0160\u0137\u0113res Maped SenSoft krei\u013ciem &#8211; Skizze\",\"isPartOf\":{\"@id\":\"https:\/\/hobstop.ee\/lv\/#website\"},\"primaryImageOfPage\":{\"@id\":\"https:\/\/hobstop.ee\/lv\/produkts\/skeres-maped-sensoft-kreiliem\/#primaryimage\"},\"image\":{\"@id\":\"https:\/\/hobstop.ee\/lv\/produkts\/skeres-maped-sensoft-kreiliem\/#primaryimage\"},\"thumbnailUrl\":\"https:\/\/hobstop.ee\/media\/3168.jpg\",\"datePublished\":\"2014-12-09T11:03:22+00:00\",\"dateModified\":\"-0001-11-30T00:00:00+00:00\",\"breadcrumb\":{\"@id\":\"https:\/\/hobstop.ee\/lv\/produkts\/skeres-maped-sensoft-kreiliem\/#breadcrumb\"},\"inLanguage\":\"lv-LV\",\"potentialAction\":[{\"@type\":\"ReadAction\",\"target\":[\"https:\/\/hobstop.ee\/lv\/produkts\/skeres-maped-sensoft-kreiliem\/\"]}]},{\"@type\":\"ImageObject\",\"inLanguage\":\"lv-LV\",\"@id\":\"https:\/\/hobstop.ee\/lv\/produkts\/skeres-maped-sensoft-kreiliem\/#primaryimage\",\"url\":\"https:\/\/hobstop.ee\/media\/3168.jpg\",\"contentUrl\":\"https:\/\/hobstop.ee\/media\/3168.jpg\",\"width\":1024,\"height\":768},{\"@type\":\"BreadcrumbList\",\"@id\":\"https:\/\/hobstop.ee\/lv\/produkts\/skeres-maped-sensoft-kreiliem\/#breadcrumb\",\"itemListElement\":[{\"@type\":\"ListItem\",\"position\":1,\"name\":\"Avaleht\",\"item\":\"https:\/\/www.hobstop.ee\/lv\/\"},{\"@type\":\"ListItem\",\"position\":2,\"name\":\"Veikals\",\"item\":\"https:\/\/www.hobstop.ee\/lv\/veikals\/\"},{\"@type\":\"ListItem\",\"position\":3,\"name\":\"\u0160\u0137\u0113res Maped SenSoft krei\u013ciem\"}]},{\"@type\":\"WebSite\",\"@id\":\"https:\/\/hobstop.ee\/lv\/#website\",\"url\":\"https:\/\/hobstop.ee\/lv\/\",\"name\":\"Skizze\",\"description\":\"M\u0101kslas, hobiju un skolas preces\",\"publisher\":{\"@id\":\"https:\/\/hobstop.ee\/lv\/#organization\"},\"potentialAction\":[{\"@type\":\"SearchAction\",\"target\":{\"@type\":\"EntryPoint\",\"urlTemplate\":\"https:\/\/hobstop.ee\/lv\/?s={search_term_string}\"},\"query-input\":{\"@type\":\"PropertyValueSpecification\",\"valueRequired\":true,\"valueName\":\"search_term_string\"}}],\"inLanguage\":\"lv-LV\"},{\"@type\":\"Organization\",\"@id\":\"https:\/\/hobstop.ee\/lv\/#organization\",\"name\":\"Vunder AS\",\"url\":\"https:\/\/hobstop.ee\/lv\/\",\"logo\":{\"@type\":\"ImageObject\",\"inLanguage\":\"lv-LV\",\"@id\":\"https:\/\/hobstop.ee\/lv\/#\/schema\/logo\/image\/\",\"url\":\"https:\/\/hobstop.ee\/media\/vunder-logo.png\",\"contentUrl\":\"https:\/\/hobstop.ee\/media\/vunder-logo.png\",\"width\":127,\"height\":55,\"caption\":\"Vunder AS\"},\"image\":{\"@id\":\"https:\/\/hobstop.ee\/lv\/#\/schema\/logo\/image\/\"},\"sameAs\":[\"http:\/\/www.facebook.com\/VunderSkizze\"]}]}<\/script>\n<!-- \/ Yoast SEO plugin. -->","yoast_head_json":{"title":"\u0160\u0137\u0113res Maped SenSoft krei\u013ciem &#8211; Skizze","robots":{"index":"noindex","follow":"follow","max-snippet":"max-snippet:-1","max-image-preview":"max-image-preview:large","max-video-preview":"max-video-preview:-1"},"og_locale":"lv_LV","og_type":"article","og_title":"\u0160\u0137\u0113res Maped SenSoft krei\u013ciem &#8211; Skizze","og_description":"Sensoft \u0161\u0137\u0113r\u0113m piem\u012bt viss nepiecie\u0161amais, lai to m\u012bkstos rokturus paman\u012btu ikviens! Optim\u0101ls satv\u0113riens ar elast\u012bgo rokturu pal\u012bdz\u012bbu &#8211; Sensoft \u0161\u0137\u0113res b\u016bs piem\u0113rotas ikvienam darbam! \u012astas krei\u013cu \u0161\u0137\u0113res ar pret\u0113ji novietotiem asme\u0146iem.","og_url":"https:\/\/hobstop.ee\/lv\/produkts\/skeres-maped-sensoft-kreiliem\/","og_site_name":"Skizze","article_publisher":"http:\/\/www.facebook.com\/VunderSkizze","article_modified_time":"-0001-11-30T00:00:00+00:00","og_image":[{"width":1024,"height":768,"url":"https:\/\/hobstop.ee\/media\/3168.jpg","type":"image\/jpeg"}],"twitter_card":"summary_large_image","schema":{"@context":"https:\/\/schema.org","@graph":[{"@type":"WebPage","@id":"https:\/\/hobstop.ee\/lv\/produkts\/skeres-maped-sensoft-kreiliem\/","url":"https:\/\/hobstop.ee\/lv\/produkts\/skeres-maped-sensoft-kreiliem\/","name":"\u0160\u0137\u0113res Maped SenSoft krei\u013ciem &#8211; Skizze","isPartOf":{"@id":"https:\/\/hobstop.ee\/lv\/#website"},"primaryImageOfPage":{"@id":"https:\/\/hobstop.ee\/lv\/produkts\/skeres-maped-sensoft-kreiliem\/#primaryimage"},"image":{"@id":"https:\/\/hobstop.ee\/lv\/produkts\/skeres-maped-sensoft-kreiliem\/#primaryimage"},"thumbnailUrl":"https:\/\/hobstop.ee\/media\/3168.jpg","datePublished":"2014-12-09T11:03:22+00:00","dateModified":"-0001-11-30T00:00:00+00:00","breadcrumb":{"@id":"https:\/\/hobstop.ee\/lv\/produkts\/skeres-maped-sensoft-kreiliem\/#breadcrumb"},"inLanguage":"lv-LV","potentialAction":[{"@type":"ReadAction","target":["https:\/\/hobstop.ee\/lv\/produkts\/skeres-maped-sensoft-kreiliem\/"]}]},{"@type":"ImageObject","inLanguage":"lv-LV","@id":"https:\/\/hobstop.ee\/lv\/produkts\/skeres-maped-sensoft-kreiliem\/#primaryimage","url":"https:\/\/hobstop.ee\/media\/3168.jpg","contentUrl":"https:\/\/hobstop.ee\/media\/3168.jpg","width":1024,"height":768},{"@type":"BreadcrumbList","@id":"https:\/\/hobstop.ee\/lv\/produkts\/skeres-maped-sensoft-kreiliem\/#breadcrumb","itemListElement":[{"@type":"ListItem","position":1,"name":"Avaleht","item":"https:\/\/www.hobstop.ee\/lv\/"},{"@type":"ListItem","position":2,"name":"Veikals","item":"https:\/\/www.hobstop.ee\/lv\/veikals\/"},{"@type":"ListItem","position":3,"name":"\u0160\u0137\u0113res Maped SenSoft krei\u013ciem"}]},{"@type":"WebSite","@id":"https:\/\/hobstop.ee\/lv\/#website","url":"https:\/\/hobstop.ee\/lv\/","name":"Skizze","description":"M\u0101kslas, hobiju un skolas preces","publisher":{"@id":"https:\/\/hobstop.ee\/lv\/#organization"},"potentialAction":[{"@type":"SearchAction","target":{"@type":"EntryPoint","urlTemplate":"https:\/\/hobstop.ee\/lv\/?s={search_term_string}"},"query-input":{"@type":"PropertyValueSpecification","valueRequired":true,"valueName":"search_term_string"}}],"inLanguage":"lv-LV"},{"@type":"Organization","@id":"https:\/\/hobstop.ee\/lv\/#organization","name":"Vunder AS","url":"https:\/\/hobstop.ee\/lv\/","logo":{"@type":"ImageObject","inLanguage":"lv-LV","@id":"https:\/\/hobstop.ee\/lv\/#\/schema\/logo\/image\/","url":"https:\/\/hobstop.ee\/media\/vunder-logo.png","contentUrl":"https:\/\/hobstop.ee\/media\/vunder-logo.png","width":127,"height":55,"caption":"Vunder AS"},"image":{"@id":"https:\/\/hobstop.ee\/lv\/#\/schema\/logo\/image\/"},"sameAs":["http:\/\/www.facebook.com\/VunderSkizze"]}]}},"_links":{"self":[{"href":"https:\/\/hobstop.ee\/lv\/wp-json\/wp\/v2\/product\/62284","targetHints":{"allow":["GET"]}}],"collection":[{"href":"https:\/\/hobstop.ee\/lv\/wp-json\/wp\/v2\/product"}],"about":[{"href":"https:\/\/hobstop.ee\/lv\/wp-json\/wp\/v2\/types\/product"}],"replies":[{"embeddable":true,"href":"https:\/\/hobstop.ee\/lv\/wp-json\/wp\/v2\/comments?post=62284"}],"wp:featuredmedia":[{"embeddable":true,"href":"https:\/\/hobstop.ee\/lv\/wp-json\/wp\/v2\/media\/106194"}],"wp:attachment":[{"href":"https:\/\/hobstop.ee\/lv\/wp-json\/wp\/v2\/media?parent=62284"}],"wp:term":[{"taxonomy":"product_cat","embeddable":true,"href":"https:\/\/hobstop.ee\/lv\/wp-json\/wp\/v2\/product_cat?post=62284"},{"taxonomy":"product_tag","embeddable":true,"href":"https:\/\/hobstop.ee\/lv\/wp-json\/wp\/v2\/product_tag?post=62284"}],"curies":[{"name":"wp","href":"https:\/\/api.w.org\/{rel}","templated":true}]}}