{"id":62296,"date":"2014-12-09T13:03:24","date_gmt":"2014-12-09T11:03:24","guid":{"rendered":"https:\/\/sharks.ee\/vunder_2019.klient.veebimajutus.ee\/?post_type=product&p=62296"},"modified":"2019-08-08T13:46:29","modified_gmt":"2019-08-08T10:46:29","slug":"indeksi-apli-zig-zag","status":"publish","type":"product","link":"https:\/\/hobstop.ee\/lv\/produkts\/indeksi-apli-zig-zag\/","title":{"rendered":"Indeksi Apli Zig-Zag"},"content":{"rendered":"<p>Apli Zig-Zag indeksi ir lielisks pal\u012bgl\u012bdzeklis darba organiz\u0113\u0161anai un efektivit\u0101tes uzlabo\u0161anai.  Lielisks l\u012bdzeklis teksta atz\u012bm\u0113\u0161anai, neaizkl\u0101jot to.  \u010cetru da\u017e\u0101du kr\u0101su indeksi: sarkans, dzeltens, za\u013c\u0161 un zils.<\/p>\n","protected":false},"excerpt":{"rendered":"<p>Apli Zig-Zag indeksi ir lielisks pal\u012bgl\u012bdzeklis darba organiz\u0113\u0161anai un efektivit\u0101tes uzlabo\u0161anai. Lielisks l\u012bdzeklis teksta atz\u012bm\u0113\u0161anai, neaizkl\u0101jot to. \u010cetru da\u017e\u0101du kr\u0101su indeksi: sarkans, dzeltens, za\u013c\u0161 un zils.<\/p>\n","protected":false},"featured_media":106210,"comment_status":"closed","ping_status":"closed","template":"","meta":{"_acf_changed":false,"ep_exclude_from_search":false},"product_cat":[17913,18021,18916],"product_tag":[],"class_list":{"0":"post-62296","1":"product","2":"type-product","3":"status-publish","4":"has-post-thumbnail","6":"product_cat-biroja-preces","7":"product_cat-indeksi-un-atdalitaji","8":"product_cat-vaki-un-arhiva-piederumi-2","10":"first","11":"instock","12":"sale","13":"taxable","14":"shipping-taxable","15":"purchasable","16":"product-type-variable"},"acf":[],"yoast_head":"<!-- This site is optimized with the Yoast SEO plugin v24.1 - https:\/\/yoast.com\/wordpress\/plugins\/seo\/ -->\n<title>Indeksi Apli Zig-Zag &#8211; Skizze<\/title>\n<meta name=\"robots\" content=\"noindex, follow, max-snippet:-1, max-image-preview:large, max-video-preview:-1\" \/>\n<meta property=\"og:locale\" content=\"lv_LV\" \/>\n<meta property=\"og:type\" content=\"article\" \/>\n<meta property=\"og:title\" content=\"Indeksi Apli Zig-Zag &#8211; Skizze\" \/>\n<meta property=\"og:description\" content=\"Apli Zig-Zag indeksi ir lielisks pal\u012bgl\u012bdzeklis darba organiz\u0113\u0161anai un efektivit\u0101tes uzlabo\u0161anai. Lielisks l\u012bdzeklis teksta atz\u012bm\u0113\u0161anai, neaizkl\u0101jot to. \u010cetru da\u017e\u0101du kr\u0101su indeksi: sarkans, dzeltens, za\u013c\u0161 un zils.\" \/>\n<meta property=\"og:url\" content=\"https:\/\/hobstop.ee\/lv\/produkts\/indeksi-apli-zig-zag\/\" \/>\n<meta property=\"og:site_name\" content=\"Skizze\" \/>\n<meta property=\"article:publisher\" content=\"http:\/\/www.facebook.com\/VunderSkizze\" \/>\n<meta property=\"article:modified_time\" content=\"2019-08-08T10:46:29+00:00\" \/>\n<meta property=\"og:image\" content=\"https:\/\/www.hobstop.ee\/media\/3173.jpg\" \/>\n\t<meta property=\"og:image:width\" content=\"1024\" \/>\n\t<meta property=\"og:image:height\" content=\"768\" \/>\n\t<meta property=\"og:image:type\" content=\"image\/jpeg\" \/>\n<meta name=\"twitter:card\" content=\"summary_large_image\" \/>\n<script type=\"application\/ld+json\" class=\"yoast-schema-graph\">{\"@context\":\"https:\/\/schema.org\",\"@graph\":[{\"@type\":\"WebPage\",\"@id\":\"https:\/\/hobstop.ee\/lv\/produkts\/indeksi-apli-zig-zag\/\",\"url\":\"https:\/\/hobstop.ee\/lv\/produkts\/indeksi-apli-zig-zag\/\",\"name\":\"Indeksi Apli Zig-Zag &#8211; Skizze\",\"isPartOf\":{\"@id\":\"https:\/\/hobstop.ee\/lv\/#website\"},\"primaryImageOfPage\":{\"@id\":\"https:\/\/hobstop.ee\/lv\/produkts\/indeksi-apli-zig-zag\/#primaryimage\"},\"image\":{\"@id\":\"https:\/\/hobstop.ee\/lv\/produkts\/indeksi-apli-zig-zag\/#primaryimage\"},\"thumbnailUrl\":\"https:\/\/hobstop.ee\/media\/3173.jpg\",\"datePublished\":\"2014-12-09T11:03:24+00:00\",\"dateModified\":\"2019-08-08T10:46:29+00:00\",\"breadcrumb\":{\"@id\":\"https:\/\/hobstop.ee\/lv\/produkts\/indeksi-apli-zig-zag\/#breadcrumb\"},\"inLanguage\":\"lv-LV\",\"potentialAction\":[{\"@type\":\"ReadAction\",\"target\":[\"https:\/\/hobstop.ee\/lv\/produkts\/indeksi-apli-zig-zag\/\"]}]},{\"@type\":\"ImageObject\",\"inLanguage\":\"lv-LV\",\"@id\":\"https:\/\/hobstop.ee\/lv\/produkts\/indeksi-apli-zig-zag\/#primaryimage\",\"url\":\"https:\/\/hobstop.ee\/media\/3173.jpg\",\"contentUrl\":\"https:\/\/hobstop.ee\/media\/3173.jpg\",\"width\":1024,\"height\":768},{\"@type\":\"BreadcrumbList\",\"@id\":\"https:\/\/hobstop.ee\/lv\/produkts\/indeksi-apli-zig-zag\/#breadcrumb\",\"itemListElement\":[{\"@type\":\"ListItem\",\"position\":1,\"name\":\"Avaleht\",\"item\":\"https:\/\/www.hobstop.ee\/lv\/\"},{\"@type\":\"ListItem\",\"position\":2,\"name\":\"Veikals\",\"item\":\"https:\/\/www.hobstop.ee\/lv\/veikals\/\"},{\"@type\":\"ListItem\",\"position\":3,\"name\":\"Indeksi Apli Zig-Zag\"}]},{\"@type\":\"WebSite\",\"@id\":\"https:\/\/hobstop.ee\/lv\/#website\",\"url\":\"https:\/\/hobstop.ee\/lv\/\",\"name\":\"Skizze\",\"description\":\"M\u0101kslas, hobiju un skolas preces\",\"publisher\":{\"@id\":\"https:\/\/hobstop.ee\/lv\/#organization\"},\"potentialAction\":[{\"@type\":\"SearchAction\",\"target\":{\"@type\":\"EntryPoint\",\"urlTemplate\":\"https:\/\/hobstop.ee\/lv\/?s={search_term_string}\"},\"query-input\":{\"@type\":\"PropertyValueSpecification\",\"valueRequired\":true,\"valueName\":\"search_term_string\"}}],\"inLanguage\":\"lv-LV\"},{\"@type\":\"Organization\",\"@id\":\"https:\/\/hobstop.ee\/lv\/#organization\",\"name\":\"Vunder AS\",\"url\":\"https:\/\/hobstop.ee\/lv\/\",\"logo\":{\"@type\":\"ImageObject\",\"inLanguage\":\"lv-LV\",\"@id\":\"https:\/\/hobstop.ee\/lv\/#\/schema\/logo\/image\/\",\"url\":\"https:\/\/hobstop.ee\/media\/vunder-logo.png\",\"contentUrl\":\"https:\/\/hobstop.ee\/media\/vunder-logo.png\",\"width\":127,\"height\":55,\"caption\":\"Vunder AS\"},\"image\":{\"@id\":\"https:\/\/hobstop.ee\/lv\/#\/schema\/logo\/image\/\"},\"sameAs\":[\"http:\/\/www.facebook.com\/VunderSkizze\"]}]}<\/script>\n<!-- \/ Yoast SEO plugin. -->","yoast_head_json":{"title":"Indeksi Apli Zig-Zag &#8211; Skizze","robots":{"index":"noindex","follow":"follow","max-snippet":"max-snippet:-1","max-image-preview":"max-image-preview:large","max-video-preview":"max-video-preview:-1"},"og_locale":"lv_LV","og_type":"article","og_title":"Indeksi Apli Zig-Zag &#8211; Skizze","og_description":"Apli Zig-Zag indeksi ir lielisks pal\u012bgl\u012bdzeklis darba organiz\u0113\u0161anai un efektivit\u0101tes uzlabo\u0161anai. Lielisks l\u012bdzeklis teksta atz\u012bm\u0113\u0161anai, neaizkl\u0101jot to. \u010cetru da\u017e\u0101du kr\u0101su indeksi: sarkans, dzeltens, za\u013c\u0161 un zils.","og_url":"https:\/\/hobstop.ee\/lv\/produkts\/indeksi-apli-zig-zag\/","og_site_name":"Skizze","article_publisher":"http:\/\/www.facebook.com\/VunderSkizze","article_modified_time":"2019-08-08T10:46:29+00:00","og_image":[{"width":1024,"height":768,"url":"https:\/\/www.hobstop.ee\/media\/3173.jpg","type":"image\/jpeg"}],"twitter_card":"summary_large_image","schema":{"@context":"https:\/\/schema.org","@graph":[{"@type":"WebPage","@id":"https:\/\/hobstop.ee\/lv\/produkts\/indeksi-apli-zig-zag\/","url":"https:\/\/hobstop.ee\/lv\/produkts\/indeksi-apli-zig-zag\/","name":"Indeksi Apli Zig-Zag &#8211; Skizze","isPartOf":{"@id":"https:\/\/hobstop.ee\/lv\/#website"},"primaryImageOfPage":{"@id":"https:\/\/hobstop.ee\/lv\/produkts\/indeksi-apli-zig-zag\/#primaryimage"},"image":{"@id":"https:\/\/hobstop.ee\/lv\/produkts\/indeksi-apli-zig-zag\/#primaryimage"},"thumbnailUrl":"https:\/\/hobstop.ee\/media\/3173.jpg","datePublished":"2014-12-09T11:03:24+00:00","dateModified":"2019-08-08T10:46:29+00:00","breadcrumb":{"@id":"https:\/\/hobstop.ee\/lv\/produkts\/indeksi-apli-zig-zag\/#breadcrumb"},"inLanguage":"lv-LV","potentialAction":[{"@type":"ReadAction","target":["https:\/\/hobstop.ee\/lv\/produkts\/indeksi-apli-zig-zag\/"]}]},{"@type":"ImageObject","inLanguage":"lv-LV","@id":"https:\/\/hobstop.ee\/lv\/produkts\/indeksi-apli-zig-zag\/#primaryimage","url":"https:\/\/hobstop.ee\/media\/3173.jpg","contentUrl":"https:\/\/hobstop.ee\/media\/3173.jpg","width":1024,"height":768},{"@type":"BreadcrumbList","@id":"https:\/\/hobstop.ee\/lv\/produkts\/indeksi-apli-zig-zag\/#breadcrumb","itemListElement":[{"@type":"ListItem","position":1,"name":"Avaleht","item":"https:\/\/www.hobstop.ee\/lv\/"},{"@type":"ListItem","position":2,"name":"Veikals","item":"https:\/\/www.hobstop.ee\/lv\/veikals\/"},{"@type":"ListItem","position":3,"name":"Indeksi Apli Zig-Zag"}]},{"@type":"WebSite","@id":"https:\/\/hobstop.ee\/lv\/#website","url":"https:\/\/hobstop.ee\/lv\/","name":"Skizze","description":"M\u0101kslas, hobiju un skolas preces","publisher":{"@id":"https:\/\/hobstop.ee\/lv\/#organization"},"potentialAction":[{"@type":"SearchAction","target":{"@type":"EntryPoint","urlTemplate":"https:\/\/hobstop.ee\/lv\/?s={search_term_string}"},"query-input":{"@type":"PropertyValueSpecification","valueRequired":true,"valueName":"search_term_string"}}],"inLanguage":"lv-LV"},{"@type":"Organization","@id":"https:\/\/hobstop.ee\/lv\/#organization","name":"Vunder AS","url":"https:\/\/hobstop.ee\/lv\/","logo":{"@type":"ImageObject","inLanguage":"lv-LV","@id":"https:\/\/hobstop.ee\/lv\/#\/schema\/logo\/image\/","url":"https:\/\/hobstop.ee\/media\/vunder-logo.png","contentUrl":"https:\/\/hobstop.ee\/media\/vunder-logo.png","width":127,"height":55,"caption":"Vunder AS"},"image":{"@id":"https:\/\/hobstop.ee\/lv\/#\/schema\/logo\/image\/"},"sameAs":["http:\/\/www.facebook.com\/VunderSkizze"]}]}},"_links":{"self":[{"href":"https:\/\/hobstop.ee\/lv\/wp-json\/wp\/v2\/product\/62296","targetHints":{"allow":["GET"]}}],"collection":[{"href":"https:\/\/hobstop.ee\/lv\/wp-json\/wp\/v2\/product"}],"about":[{"href":"https:\/\/hobstop.ee\/lv\/wp-json\/wp\/v2\/types\/product"}],"replies":[{"embeddable":true,"href":"https:\/\/hobstop.ee\/lv\/wp-json\/wp\/v2\/comments?post=62296"}],"wp:featuredmedia":[{"embeddable":true,"href":"https:\/\/hobstop.ee\/lv\/wp-json\/wp\/v2\/media\/106210"}],"wp:attachment":[{"href":"https:\/\/hobstop.ee\/lv\/wp-json\/wp\/v2\/media?parent=62296"}],"wp:term":[{"taxonomy":"product_cat","embeddable":true,"href":"https:\/\/hobstop.ee\/lv\/wp-json\/wp\/v2\/product_cat?post=62296"},{"taxonomy":"product_tag","embeddable":true,"href":"https:\/\/hobstop.ee\/lv\/wp-json\/wp\/v2\/product_tag?post=62296"}],"curies":[{"name":"wp","href":"https:\/\/api.w.org\/{rel}","templated":true}]}}