{"id":62329,"date":"2014-12-09T13:03:31","date_gmt":"2014-12-09T11:03:31","guid":{"rendered":"https:\/\/sharks.ee\/vunder_2019.klient.veebimajutus.ee\/?post_type=product&p=62329"},"modified":"2014-12-09T13:03:31","modified_gmt":"2014-12-09T10:03:31","slug":"sejas-krasu-komplekts-snazaroo","status":"publish","type":"product","link":"https:\/\/hobstop.ee\/lv\/produkts\/sejas-krasu-komplekts-snazaroo\/","title":{"rendered":"Sejas kr\u0101su komplekts Snazaroo"},"content":{"rendered":"<p>Snazaroo tematiskais komplekts pal\u012bdz\u0113s Jums realiz\u0113t visas J\u016bsu ieceres, lai var\u0113tu jautri pavad\u012bt laiku da\u017e\u0101dos pas\u0101kumos. Snazaroo sejas kr\u0101sas \u013caus izskat\u012bties neatk\u0101rtojami, bet to lieto\u0161ana ir dro\u0161a un vienk\u0101r\u0161a. Paredz\u0113ts l\u012bdz pat 50 seju apglezno\u0161anai.<\/p>\n<p>Komplekt\u0101 ietilpst:<br \/>\nSejas kr\u0101sa 2ml (8gab.)<br \/>\nOti\u0146a<br \/>\nS\u016bkl\u012btis<br \/>\nIzsme\u013co\u0161a sejas apglezno\u0161anas pam\u0101c\u012bba (ang\u013cu valod\u0101)<\/p>\n","protected":false},"excerpt":{"rendered":"<p>Snazaroo tematiskais komplekts pal\u012bdz\u0113s Jums realiz\u0113t visas J\u016bsu ieceres, lai var\u0113tu jautri pavad\u012bt laiku da\u017e\u0101dos pas\u0101kumos. Snazaroo sejas kr\u0101sas \u013caus izskat\u012bties neatk\u0101rtojami, bet to lieto\u0161ana ir dro\u0161a un vienk\u0101r\u0161a. Paredz\u0113ts l\u012bdz pat 50 seju apglezno\u0161anai. Komplekt\u0101 ietilpst: Sejas kr\u0101sa 2ml (8gab.) Oti\u0146a S\u016bkl\u012btis Izsme\u013co\u0161a sejas apglezno\u0161anas pam\u0101c\u012bba (ang\u013cu valod\u0101)<\/p>\n","protected":false},"featured_media":355099,"comment_status":"closed","ping_status":"closed","template":"","meta":{"_acf_changed":false,"ep_exclude_from_search":false},"product_cat":[18225,18928,17918],"product_tag":[],"class_list":{"0":"post-62329","1":"product","2":"type-product","3":"status-publish","4":"has-post-thumbnail","6":"product_cat-komplekti-2","7":"product_cat-krasas-kermena-apgleznosanai","8":"product_cat-preces-hobijiem","10":"first","11":"instock","12":"taxable","13":"shipping-taxable","14":"purchasable","15":"product-type-variable"},"acf":[],"yoast_head":"<!-- This site is optimized with the Yoast SEO plugin v24.1 - https:\/\/yoast.com\/wordpress\/plugins\/seo\/ -->\n<title>Sejas kr\u0101su komplekts Snazaroo &#8211; Skizze<\/title>\n<meta name=\"robots\" content=\"noindex, follow, max-snippet:-1, max-image-preview:large, max-video-preview:-1\" \/>\n<meta property=\"og:locale\" content=\"lv_LV\" \/>\n<meta property=\"og:type\" content=\"article\" \/>\n<meta property=\"og:title\" content=\"Sejas kr\u0101su komplekts Snazaroo &#8211; Skizze\" \/>\n<meta property=\"og:description\" content=\"Snazaroo tematiskais komplekts pal\u012bdz\u0113s Jums realiz\u0113t visas J\u016bsu ieceres, lai var\u0113tu jautri pavad\u012bt laiku da\u017e\u0101dos pas\u0101kumos. Snazaroo sejas kr\u0101sas \u013caus izskat\u012bties neatk\u0101rtojami, bet to lieto\u0161ana ir dro\u0161a un vienk\u0101r\u0161a. Paredz\u0113ts l\u012bdz pat 50 seju apglezno\u0161anai. Komplekt\u0101 ietilpst: Sejas kr\u0101sa 2ml (8gab.) Oti\u0146a S\u016bkl\u012btis Izsme\u013co\u0161a sejas apglezno\u0161anas pam\u0101c\u012bba (ang\u013cu valod\u0101)\" \/>\n<meta property=\"og:url\" content=\"https:\/\/hobstop.ee\/lv\/produkts\/sejas-krasu-komplekts-snazaroo\/\" \/>\n<meta property=\"og:site_name\" content=\"Skizze\" \/>\n<meta property=\"article:publisher\" content=\"http:\/\/www.facebook.com\/VunderSkizze\" \/>\n<meta property=\"article:modified_time\" content=\"-0001-11-30T00:00:00+00:00\" \/>\n<meta property=\"og:image\" content=\"https:\/\/hobstop.ee\/media\/3185.jpg\" \/>\n\t<meta property=\"og:image:width\" content=\"1024\" \/>\n\t<meta property=\"og:image:height\" content=\"768\" \/>\n\t<meta property=\"og:image:type\" content=\"image\/jpeg\" \/>\n<meta name=\"twitter:card\" content=\"summary_large_image\" \/>\n<script type=\"application\/ld+json\" class=\"yoast-schema-graph\">{\"@context\":\"https:\/\/schema.org\",\"@graph\":[{\"@type\":\"WebPage\",\"@id\":\"https:\/\/hobstop.ee\/lv\/produkts\/sejas-krasu-komplekts-snazaroo\/\",\"url\":\"https:\/\/hobstop.ee\/lv\/produkts\/sejas-krasu-komplekts-snazaroo\/\",\"name\":\"Sejas kr\u0101su komplekts Snazaroo &#8211; Skizze\",\"isPartOf\":{\"@id\":\"https:\/\/hobstop.ee\/lv\/#website\"},\"primaryImageOfPage\":{\"@id\":\"https:\/\/hobstop.ee\/lv\/produkts\/sejas-krasu-komplekts-snazaroo\/#primaryimage\"},\"image\":{\"@id\":\"https:\/\/hobstop.ee\/lv\/produkts\/sejas-krasu-komplekts-snazaroo\/#primaryimage\"},\"thumbnailUrl\":\"https:\/\/hobstop.ee\/media\/3185.jpg\",\"datePublished\":\"2014-12-09T11:03:31+00:00\",\"dateModified\":\"-0001-11-30T00:00:00+00:00\",\"breadcrumb\":{\"@id\":\"https:\/\/hobstop.ee\/lv\/produkts\/sejas-krasu-komplekts-snazaroo\/#breadcrumb\"},\"inLanguage\":\"lv-LV\",\"potentialAction\":[{\"@type\":\"ReadAction\",\"target\":[\"https:\/\/hobstop.ee\/lv\/produkts\/sejas-krasu-komplekts-snazaroo\/\"]}]},{\"@type\":\"ImageObject\",\"inLanguage\":\"lv-LV\",\"@id\":\"https:\/\/hobstop.ee\/lv\/produkts\/sejas-krasu-komplekts-snazaroo\/#primaryimage\",\"url\":\"https:\/\/hobstop.ee\/media\/3185.jpg\",\"contentUrl\":\"https:\/\/hobstop.ee\/media\/3185.jpg\",\"width\":1024,\"height\":768},{\"@type\":\"BreadcrumbList\",\"@id\":\"https:\/\/hobstop.ee\/lv\/produkts\/sejas-krasu-komplekts-snazaroo\/#breadcrumb\",\"itemListElement\":[{\"@type\":\"ListItem\",\"position\":1,\"name\":\"Avaleht\",\"item\":\"https:\/\/hobstop.ee\/lv\/\"},{\"@type\":\"ListItem\",\"position\":2,\"name\":\"Veikals\",\"item\":\"https:\/\/hobstop.ee\/lv\/veikals\/\"},{\"@type\":\"ListItem\",\"position\":3,\"name\":\"Sejas kr\u0101su komplekts Snazaroo\"}]},{\"@type\":\"WebSite\",\"@id\":\"https:\/\/hobstop.ee\/lv\/#website\",\"url\":\"https:\/\/hobstop.ee\/lv\/\",\"name\":\"Skizze\",\"description\":\"M\u0101kslas, hobiju un skolas preces\",\"publisher\":{\"@id\":\"https:\/\/hobstop.ee\/lv\/#organization\"},\"potentialAction\":[{\"@type\":\"SearchAction\",\"target\":{\"@type\":\"EntryPoint\",\"urlTemplate\":\"https:\/\/hobstop.ee\/lv\/?s={search_term_string}\"},\"query-input\":{\"@type\":\"PropertyValueSpecification\",\"valueRequired\":true,\"valueName\":\"search_term_string\"}}],\"inLanguage\":\"lv-LV\"},{\"@type\":\"Organization\",\"@id\":\"https:\/\/hobstop.ee\/lv\/#organization\",\"name\":\"Vunder AS\",\"url\":\"https:\/\/hobstop.ee\/lv\/\",\"logo\":{\"@type\":\"ImageObject\",\"inLanguage\":\"lv-LV\",\"@id\":\"https:\/\/hobstop.ee\/lv\/#\/schema\/logo\/image\/\",\"url\":\"https:\/\/hobstop.ee\/media\/vunder-logo.png\",\"contentUrl\":\"https:\/\/hobstop.ee\/media\/vunder-logo.png\",\"width\":127,\"height\":55,\"caption\":\"Vunder AS\"},\"image\":{\"@id\":\"https:\/\/hobstop.ee\/lv\/#\/schema\/logo\/image\/\"},\"sameAs\":[\"http:\/\/www.facebook.com\/VunderSkizze\"]}]}<\/script>\n<!-- \/ Yoast SEO plugin. -->","yoast_head_json":{"title":"Sejas kr\u0101su komplekts Snazaroo &#8211; Skizze","robots":{"index":"noindex","follow":"follow","max-snippet":"max-snippet:-1","max-image-preview":"max-image-preview:large","max-video-preview":"max-video-preview:-1"},"og_locale":"lv_LV","og_type":"article","og_title":"Sejas kr\u0101su komplekts Snazaroo &#8211; Skizze","og_description":"Snazaroo tematiskais komplekts pal\u012bdz\u0113s Jums realiz\u0113t visas J\u016bsu ieceres, lai var\u0113tu jautri pavad\u012bt laiku da\u017e\u0101dos pas\u0101kumos. Snazaroo sejas kr\u0101sas \u013caus izskat\u012bties neatk\u0101rtojami, bet to lieto\u0161ana ir dro\u0161a un vienk\u0101r\u0161a. Paredz\u0113ts l\u012bdz pat 50 seju apglezno\u0161anai. Komplekt\u0101 ietilpst: Sejas kr\u0101sa 2ml (8gab.) Oti\u0146a S\u016bkl\u012btis Izsme\u013co\u0161a sejas apglezno\u0161anas pam\u0101c\u012bba (ang\u013cu valod\u0101)","og_url":"https:\/\/hobstop.ee\/lv\/produkts\/sejas-krasu-komplekts-snazaroo\/","og_site_name":"Skizze","article_publisher":"http:\/\/www.facebook.com\/VunderSkizze","article_modified_time":"-0001-11-30T00:00:00+00:00","og_image":[{"width":1024,"height":768,"url":"https:\/\/hobstop.ee\/media\/3185.jpg","type":"image\/jpeg"}],"twitter_card":"summary_large_image","schema":{"@context":"https:\/\/schema.org","@graph":[{"@type":"WebPage","@id":"https:\/\/hobstop.ee\/lv\/produkts\/sejas-krasu-komplekts-snazaroo\/","url":"https:\/\/hobstop.ee\/lv\/produkts\/sejas-krasu-komplekts-snazaroo\/","name":"Sejas kr\u0101su komplekts Snazaroo &#8211; Skizze","isPartOf":{"@id":"https:\/\/hobstop.ee\/lv\/#website"},"primaryImageOfPage":{"@id":"https:\/\/hobstop.ee\/lv\/produkts\/sejas-krasu-komplekts-snazaroo\/#primaryimage"},"image":{"@id":"https:\/\/hobstop.ee\/lv\/produkts\/sejas-krasu-komplekts-snazaroo\/#primaryimage"},"thumbnailUrl":"https:\/\/hobstop.ee\/media\/3185.jpg","datePublished":"2014-12-09T11:03:31+00:00","dateModified":"-0001-11-30T00:00:00+00:00","breadcrumb":{"@id":"https:\/\/hobstop.ee\/lv\/produkts\/sejas-krasu-komplekts-snazaroo\/#breadcrumb"},"inLanguage":"lv-LV","potentialAction":[{"@type":"ReadAction","target":["https:\/\/hobstop.ee\/lv\/produkts\/sejas-krasu-komplekts-snazaroo\/"]}]},{"@type":"ImageObject","inLanguage":"lv-LV","@id":"https:\/\/hobstop.ee\/lv\/produkts\/sejas-krasu-komplekts-snazaroo\/#primaryimage","url":"https:\/\/hobstop.ee\/media\/3185.jpg","contentUrl":"https:\/\/hobstop.ee\/media\/3185.jpg","width":1024,"height":768},{"@type":"BreadcrumbList","@id":"https:\/\/hobstop.ee\/lv\/produkts\/sejas-krasu-komplekts-snazaroo\/#breadcrumb","itemListElement":[{"@type":"ListItem","position":1,"name":"Avaleht","item":"https:\/\/hobstop.ee\/lv\/"},{"@type":"ListItem","position":2,"name":"Veikals","item":"https:\/\/hobstop.ee\/lv\/veikals\/"},{"@type":"ListItem","position":3,"name":"Sejas kr\u0101su komplekts Snazaroo"}]},{"@type":"WebSite","@id":"https:\/\/hobstop.ee\/lv\/#website","url":"https:\/\/hobstop.ee\/lv\/","name":"Skizze","description":"M\u0101kslas, hobiju un skolas preces","publisher":{"@id":"https:\/\/hobstop.ee\/lv\/#organization"},"potentialAction":[{"@type":"SearchAction","target":{"@type":"EntryPoint","urlTemplate":"https:\/\/hobstop.ee\/lv\/?s={search_term_string}"},"query-input":{"@type":"PropertyValueSpecification","valueRequired":true,"valueName":"search_term_string"}}],"inLanguage":"lv-LV"},{"@type":"Organization","@id":"https:\/\/hobstop.ee\/lv\/#organization","name":"Vunder AS","url":"https:\/\/hobstop.ee\/lv\/","logo":{"@type":"ImageObject","inLanguage":"lv-LV","@id":"https:\/\/hobstop.ee\/lv\/#\/schema\/logo\/image\/","url":"https:\/\/hobstop.ee\/media\/vunder-logo.png","contentUrl":"https:\/\/hobstop.ee\/media\/vunder-logo.png","width":127,"height":55,"caption":"Vunder AS"},"image":{"@id":"https:\/\/hobstop.ee\/lv\/#\/schema\/logo\/image\/"},"sameAs":["http:\/\/www.facebook.com\/VunderSkizze"]}]}},"_links":{"self":[{"href":"https:\/\/hobstop.ee\/lv\/wp-json\/wp\/v2\/product\/62329","targetHints":{"allow":["GET"]}}],"collection":[{"href":"https:\/\/hobstop.ee\/lv\/wp-json\/wp\/v2\/product"}],"about":[{"href":"https:\/\/hobstop.ee\/lv\/wp-json\/wp\/v2\/types\/product"}],"replies":[{"embeddable":true,"href":"https:\/\/hobstop.ee\/lv\/wp-json\/wp\/v2\/comments?post=62329"}],"wp:featuredmedia":[{"embeddable":true,"href":"https:\/\/hobstop.ee\/lv\/wp-json\/wp\/v2\/media\/355099"}],"wp:attachment":[{"href":"https:\/\/hobstop.ee\/lv\/wp-json\/wp\/v2\/media?parent=62329"}],"wp:term":[{"taxonomy":"product_cat","embeddable":true,"href":"https:\/\/hobstop.ee\/lv\/wp-json\/wp\/v2\/product_cat?post=62329"},{"taxonomy":"product_tag","embeddable":true,"href":"https:\/\/hobstop.ee\/lv\/wp-json\/wp\/v2\/product_tag?post=62329"}],"curies":[{"name":"wp","href":"https:\/\/api.w.org\/{rel}","templated":true}]}}