{"id":62332,"date":"2014-12-09T13:03:31","date_gmt":"2014-12-09T11:03:31","guid":{"rendered":"https:\/\/sharks.ee\/vunder_2019.klient.veebimajutus.ee\/?post_type=product&p=62332"},"modified":"2014-12-09T13:03:31","modified_gmt":"2014-12-09T10:03:31","slug":"sejas-krasu-zimulu-komplekts","status":"publish","type":"product","link":"https:\/\/hobstop.ee\/lv\/produkts\/sejas-krasu-zimulu-komplekts\/","title":{"rendered":"Sejas kr\u0101su z\u012bmu\u013cu komplekts"},"content":{"rendered":"<p>Snazaroo sejas kr\u0101su kr\u012bti\u0146us var kl\u0101t nemitrinot tie\u0161i uz sejas. Ide\u0101li piem\u0113roti l\u012bdzi \u0146em\u0161anai. Glu\u017ei k\u0101 visas Snazaroo kr\u0101sas, ar\u012b \u0161\u012bs var viegli nomazg\u0101t (ar \u016bdeni un ziep\u0113m), t\u0101s ir sejas \u0101dai draudz\u012bgas un nesatur toksiskas vielas.<\/p>\n","protected":false},"excerpt":{"rendered":"<p>Snazaroo sejas kr\u0101su kr\u012bti\u0146us var kl\u0101t nemitrinot tie\u0161i uz sejas. Ide\u0101li piem\u0113roti l\u012bdzi \u0146em\u0161anai. Glu\u017ei k\u0101 visas Snazaroo kr\u0101sas, ar\u012b \u0161\u012bs var viegli nomazg\u0101t (ar \u016bdeni un ziep\u0113m), t\u0101s ir sejas \u0101dai draudz\u012bgas un nesatur toksiskas vielas.<\/p>\n","protected":false},"featured_media":106258,"comment_status":"closed","ping_status":"closed","template":"","meta":{"_acf_changed":false,"ep_exclude_from_search":false},"product_cat":[18967,18928,17918],"product_tag":[],"class_list":{"0":"post-62332","1":"product","2":"type-product","3":"status-publish","4":"has-post-thumbnail","6":"product_cat-dazadi-7","7":"product_cat-krasas-kermena-apgleznosanai","8":"product_cat-preces-hobijiem","10":"first","11":"instock","12":"taxable","13":"shipping-taxable","14":"purchasable","15":"product-type-variable"},"acf":[],"yoast_head":"<!-- This site is optimized with the Yoast SEO plugin v24.1 - https:\/\/yoast.com\/wordpress\/plugins\/seo\/ -->\n<title>Sejas kr\u0101su z\u012bmu\u013cu komplekts &#8211; Skizze<\/title>\n<meta name=\"robots\" content=\"noindex, follow, max-snippet:-1, max-image-preview:large, max-video-preview:-1\" \/>\n<meta property=\"og:locale\" content=\"lv_LV\" \/>\n<meta property=\"og:type\" content=\"article\" \/>\n<meta property=\"og:title\" content=\"Sejas kr\u0101su z\u012bmu\u013cu komplekts &#8211; Skizze\" \/>\n<meta property=\"og:description\" content=\"Snazaroo sejas kr\u0101su kr\u012bti\u0146us var kl\u0101t nemitrinot tie\u0161i uz sejas. Ide\u0101li piem\u0113roti l\u012bdzi \u0146em\u0161anai. Glu\u017ei k\u0101 visas Snazaroo kr\u0101sas, ar\u012b \u0161\u012bs var viegli nomazg\u0101t (ar \u016bdeni un ziep\u0113m), t\u0101s ir sejas \u0101dai draudz\u012bgas un nesatur toksiskas vielas.\" \/>\n<meta property=\"og:url\" content=\"https:\/\/hobstop.ee\/lv\/produkts\/sejas-krasu-zimulu-komplekts\/\" \/>\n<meta property=\"og:site_name\" content=\"Skizze\" \/>\n<meta property=\"article:publisher\" content=\"http:\/\/www.facebook.com\/VunderSkizze\" \/>\n<meta property=\"article:modified_time\" content=\"-0001-11-30T00:00:00+00:00\" \/>\n<meta property=\"og:image\" content=\"https:\/\/hobstop.ee\/media\/3186.jpg\" \/>\n\t<meta property=\"og:image:width\" content=\"1024\" \/>\n\t<meta property=\"og:image:height\" content=\"768\" \/>\n\t<meta property=\"og:image:type\" content=\"image\/jpeg\" \/>\n<meta name=\"twitter:card\" content=\"summary_large_image\" \/>\n<script type=\"application\/ld+json\" class=\"yoast-schema-graph\">{\"@context\":\"https:\/\/schema.org\",\"@graph\":[{\"@type\":\"WebPage\",\"@id\":\"https:\/\/hobstop.ee\/lv\/produkts\/sejas-krasu-zimulu-komplekts\/\",\"url\":\"https:\/\/hobstop.ee\/lv\/produkts\/sejas-krasu-zimulu-komplekts\/\",\"name\":\"Sejas kr\u0101su z\u012bmu\u013cu komplekts &#8211; Skizze\",\"isPartOf\":{\"@id\":\"https:\/\/hobstop.ee\/lv\/#website\"},\"primaryImageOfPage\":{\"@id\":\"https:\/\/hobstop.ee\/lv\/produkts\/sejas-krasu-zimulu-komplekts\/#primaryimage\"},\"image\":{\"@id\":\"https:\/\/hobstop.ee\/lv\/produkts\/sejas-krasu-zimulu-komplekts\/#primaryimage\"},\"thumbnailUrl\":\"https:\/\/hobstop.ee\/media\/3186.jpg\",\"datePublished\":\"2014-12-09T11:03:31+00:00\",\"dateModified\":\"-0001-11-30T00:00:00+00:00\",\"breadcrumb\":{\"@id\":\"https:\/\/hobstop.ee\/lv\/produkts\/sejas-krasu-zimulu-komplekts\/#breadcrumb\"},\"inLanguage\":\"lv-LV\",\"potentialAction\":[{\"@type\":\"ReadAction\",\"target\":[\"https:\/\/hobstop.ee\/lv\/produkts\/sejas-krasu-zimulu-komplekts\/\"]}]},{\"@type\":\"ImageObject\",\"inLanguage\":\"lv-LV\",\"@id\":\"https:\/\/hobstop.ee\/lv\/produkts\/sejas-krasu-zimulu-komplekts\/#primaryimage\",\"url\":\"https:\/\/hobstop.ee\/media\/3186.jpg\",\"contentUrl\":\"https:\/\/hobstop.ee\/media\/3186.jpg\",\"width\":1024,\"height\":768},{\"@type\":\"BreadcrumbList\",\"@id\":\"https:\/\/hobstop.ee\/lv\/produkts\/sejas-krasu-zimulu-komplekts\/#breadcrumb\",\"itemListElement\":[{\"@type\":\"ListItem\",\"position\":1,\"name\":\"Avaleht\",\"item\":\"https:\/\/hobstop.ee\/lv\/\"},{\"@type\":\"ListItem\",\"position\":2,\"name\":\"Veikals\",\"item\":\"https:\/\/hobstop.ee\/lv\/veikals\/\"},{\"@type\":\"ListItem\",\"position\":3,\"name\":\"Sejas kr\u0101su z\u012bmu\u013cu komplekts\"}]},{\"@type\":\"WebSite\",\"@id\":\"https:\/\/hobstop.ee\/lv\/#website\",\"url\":\"https:\/\/hobstop.ee\/lv\/\",\"name\":\"Skizze\",\"description\":\"M\u0101kslas, hobiju un skolas preces\",\"publisher\":{\"@id\":\"https:\/\/hobstop.ee\/lv\/#organization\"},\"potentialAction\":[{\"@type\":\"SearchAction\",\"target\":{\"@type\":\"EntryPoint\",\"urlTemplate\":\"https:\/\/hobstop.ee\/lv\/?s={search_term_string}\"},\"query-input\":{\"@type\":\"PropertyValueSpecification\",\"valueRequired\":true,\"valueName\":\"search_term_string\"}}],\"inLanguage\":\"lv-LV\"},{\"@type\":\"Organization\",\"@id\":\"https:\/\/hobstop.ee\/lv\/#organization\",\"name\":\"Vunder AS\",\"url\":\"https:\/\/hobstop.ee\/lv\/\",\"logo\":{\"@type\":\"ImageObject\",\"inLanguage\":\"lv-LV\",\"@id\":\"https:\/\/hobstop.ee\/lv\/#\/schema\/logo\/image\/\",\"url\":\"https:\/\/hobstop.ee\/media\/vunder-logo.png\",\"contentUrl\":\"https:\/\/hobstop.ee\/media\/vunder-logo.png\",\"width\":127,\"height\":55,\"caption\":\"Vunder AS\"},\"image\":{\"@id\":\"https:\/\/hobstop.ee\/lv\/#\/schema\/logo\/image\/\"},\"sameAs\":[\"http:\/\/www.facebook.com\/VunderSkizze\"]}]}<\/script>\n<!-- \/ Yoast SEO plugin. -->","yoast_head_json":{"title":"Sejas kr\u0101su z\u012bmu\u013cu komplekts &#8211; Skizze","robots":{"index":"noindex","follow":"follow","max-snippet":"max-snippet:-1","max-image-preview":"max-image-preview:large","max-video-preview":"max-video-preview:-1"},"og_locale":"lv_LV","og_type":"article","og_title":"Sejas kr\u0101su z\u012bmu\u013cu komplekts &#8211; Skizze","og_description":"Snazaroo sejas kr\u0101su kr\u012bti\u0146us var kl\u0101t nemitrinot tie\u0161i uz sejas. Ide\u0101li piem\u0113roti l\u012bdzi \u0146em\u0161anai. Glu\u017ei k\u0101 visas Snazaroo kr\u0101sas, ar\u012b \u0161\u012bs var viegli nomazg\u0101t (ar \u016bdeni un ziep\u0113m), t\u0101s ir sejas \u0101dai draudz\u012bgas un nesatur toksiskas vielas.","og_url":"https:\/\/hobstop.ee\/lv\/produkts\/sejas-krasu-zimulu-komplekts\/","og_site_name":"Skizze","article_publisher":"http:\/\/www.facebook.com\/VunderSkizze","article_modified_time":"-0001-11-30T00:00:00+00:00","og_image":[{"width":1024,"height":768,"url":"https:\/\/hobstop.ee\/media\/3186.jpg","type":"image\/jpeg"}],"twitter_card":"summary_large_image","schema":{"@context":"https:\/\/schema.org","@graph":[{"@type":"WebPage","@id":"https:\/\/hobstop.ee\/lv\/produkts\/sejas-krasu-zimulu-komplekts\/","url":"https:\/\/hobstop.ee\/lv\/produkts\/sejas-krasu-zimulu-komplekts\/","name":"Sejas kr\u0101su z\u012bmu\u013cu komplekts &#8211; Skizze","isPartOf":{"@id":"https:\/\/hobstop.ee\/lv\/#website"},"primaryImageOfPage":{"@id":"https:\/\/hobstop.ee\/lv\/produkts\/sejas-krasu-zimulu-komplekts\/#primaryimage"},"image":{"@id":"https:\/\/hobstop.ee\/lv\/produkts\/sejas-krasu-zimulu-komplekts\/#primaryimage"},"thumbnailUrl":"https:\/\/hobstop.ee\/media\/3186.jpg","datePublished":"2014-12-09T11:03:31+00:00","dateModified":"-0001-11-30T00:00:00+00:00","breadcrumb":{"@id":"https:\/\/hobstop.ee\/lv\/produkts\/sejas-krasu-zimulu-komplekts\/#breadcrumb"},"inLanguage":"lv-LV","potentialAction":[{"@type":"ReadAction","target":["https:\/\/hobstop.ee\/lv\/produkts\/sejas-krasu-zimulu-komplekts\/"]}]},{"@type":"ImageObject","inLanguage":"lv-LV","@id":"https:\/\/hobstop.ee\/lv\/produkts\/sejas-krasu-zimulu-komplekts\/#primaryimage","url":"https:\/\/hobstop.ee\/media\/3186.jpg","contentUrl":"https:\/\/hobstop.ee\/media\/3186.jpg","width":1024,"height":768},{"@type":"BreadcrumbList","@id":"https:\/\/hobstop.ee\/lv\/produkts\/sejas-krasu-zimulu-komplekts\/#breadcrumb","itemListElement":[{"@type":"ListItem","position":1,"name":"Avaleht","item":"https:\/\/hobstop.ee\/lv\/"},{"@type":"ListItem","position":2,"name":"Veikals","item":"https:\/\/hobstop.ee\/lv\/veikals\/"},{"@type":"ListItem","position":3,"name":"Sejas kr\u0101su z\u012bmu\u013cu komplekts"}]},{"@type":"WebSite","@id":"https:\/\/hobstop.ee\/lv\/#website","url":"https:\/\/hobstop.ee\/lv\/","name":"Skizze","description":"M\u0101kslas, hobiju un skolas preces","publisher":{"@id":"https:\/\/hobstop.ee\/lv\/#organization"},"potentialAction":[{"@type":"SearchAction","target":{"@type":"EntryPoint","urlTemplate":"https:\/\/hobstop.ee\/lv\/?s={search_term_string}"},"query-input":{"@type":"PropertyValueSpecification","valueRequired":true,"valueName":"search_term_string"}}],"inLanguage":"lv-LV"},{"@type":"Organization","@id":"https:\/\/hobstop.ee\/lv\/#organization","name":"Vunder AS","url":"https:\/\/hobstop.ee\/lv\/","logo":{"@type":"ImageObject","inLanguage":"lv-LV","@id":"https:\/\/hobstop.ee\/lv\/#\/schema\/logo\/image\/","url":"https:\/\/hobstop.ee\/media\/vunder-logo.png","contentUrl":"https:\/\/hobstop.ee\/media\/vunder-logo.png","width":127,"height":55,"caption":"Vunder AS"},"image":{"@id":"https:\/\/hobstop.ee\/lv\/#\/schema\/logo\/image\/"},"sameAs":["http:\/\/www.facebook.com\/VunderSkizze"]}]}},"_links":{"self":[{"href":"https:\/\/hobstop.ee\/lv\/wp-json\/wp\/v2\/product\/62332","targetHints":{"allow":["GET"]}}],"collection":[{"href":"https:\/\/hobstop.ee\/lv\/wp-json\/wp\/v2\/product"}],"about":[{"href":"https:\/\/hobstop.ee\/lv\/wp-json\/wp\/v2\/types\/product"}],"replies":[{"embeddable":true,"href":"https:\/\/hobstop.ee\/lv\/wp-json\/wp\/v2\/comments?post=62332"}],"wp:featuredmedia":[{"embeddable":true,"href":"https:\/\/hobstop.ee\/lv\/wp-json\/wp\/v2\/media\/106258"}],"wp:attachment":[{"href":"https:\/\/hobstop.ee\/lv\/wp-json\/wp\/v2\/media?parent=62332"}],"wp:term":[{"taxonomy":"product_cat","embeddable":true,"href":"https:\/\/hobstop.ee\/lv\/wp-json\/wp\/v2\/product_cat?post=62332"},{"taxonomy":"product_tag","embeddable":true,"href":"https:\/\/hobstop.ee\/lv\/wp-json\/wp\/v2\/product_tag?post=62332"}],"curies":[{"name":"wp","href":"https:\/\/api.w.org\/{rel}","templated":true}]}}