{"id":62407,"date":"2014-12-09T13:34:34","date_gmt":"2014-12-09T11:34:34","guid":{"rendered":"https:\/\/sharks.ee\/vunder_2019.klient.veebimajutus.ee\/?post_type=product&p=62407"},"modified":"2014-12-09T13:34:34","modified_gmt":"2014-12-09T10:34:34","slug":"sablons-marabu-17x66cm","status":"publish","type":"product","link":"https:\/\/hobstop.ee\/lv\/produkts\/sablons-marabu-17x66cm\/","title":{"rendered":"\u0160ablons Marabu 17x66cm"},"content":{"rendered":"<p>Pie\u0161\u0137ir sien\u0101m, m\u0113bel\u0113m un tekstilizstr\u0101d\u0101jumiem jaunu izskatu ar Marabu \u0161abloniem!  Marabu studij\u0101 rad\u012btos dizaina elementus var bez p\u016bl\u0113m izmantot da\u017e\u0101du priek\u0161metu vienotam noform\u0113jumam.  Marabu pied\u0101v\u0101 pla\u0161u dizaina produktu kl\u0101stu, kas pal\u012bdz\u0113s \u012bstenot visda\u017e\u0101d\u0101k\u0101s idejas.  Stingrais, ar l\u0101zeru grieztais poliesteris un \u012bpa\u0161i pl\u0101nais materi\u0101ls nodro\u0161ina \u013coti prec\u012bzu malu kont\u016bru.  Spiedogus var izmantot daudzk\u0101rt\u012bgi, tie ir viegli t\u012br\u0101mi un nesatur PVC.<\/p>\n","protected":false},"excerpt":{"rendered":"<p>Pie\u0161\u0137ir sien\u0101m, m\u0113bel\u0113m un tekstilizstr\u0101d\u0101jumiem jaunu izskatu ar Marabu \u0161abloniem! Marabu studij\u0101 rad\u012btos dizaina elementus var bez p\u016bl\u0113m izmantot da\u017e\u0101du priek\u0161metu vienotam noform\u0113jumam. Marabu pied\u0101v\u0101 pla\u0161u dizaina produktu kl\u0101stu, kas pal\u012bdz\u0113s \u012bstenot visda\u017e\u0101d\u0101k\u0101s idejas. Stingrais, ar l\u0101zeru grieztais poliesteris un \u012bpa\u0161i pl\u0101nais materi\u0101ls nodro\u0161ina \u013coti prec\u012bzu malu kont\u016bru. Spiedogus var izmantot daudzk\u0101rt\u012bgi, tie ir viegli t\u012br\u0101mi un nesatur PVC.<\/p>\n","protected":false},"featured_media":106382,"comment_status":"closed","ping_status":"closed","template":"","meta":{"_acf_changed":false,"ep_exclude_from_search":false},"product_cat":[17954,17918,20021],"product_tag":[],"class_list":{"0":"post-62407","1":"product","2":"type-product","3":"status-publish","4":"has-post-thumbnail","6":"product_cat-decor-krasas-un-lakas","7":"product_cat-preces-hobijiem","8":"product_cat-sabloni-un-spiedogi","10":"first","11":"instock","12":"sale","13":"taxable","14":"shipping-taxable","15":"purchasable","16":"product-type-variable"},"acf":[],"yoast_head":"<!-- This site is optimized with the Yoast SEO plugin v24.1 - https:\/\/yoast.com\/wordpress\/plugins\/seo\/ -->\n<title>\u0160ablons Marabu 17x66cm &#8211; Skizze<\/title>\n<meta name=\"robots\" content=\"noindex, follow, max-snippet:-1, max-image-preview:large, max-video-preview:-1\" \/>\n<meta property=\"og:locale\" content=\"lv_LV\" \/>\n<meta property=\"og:type\" content=\"article\" \/>\n<meta property=\"og:title\" content=\"\u0160ablons Marabu 17x66cm &#8211; Skizze\" \/>\n<meta property=\"og:description\" content=\"Pie\u0161\u0137ir sien\u0101m, m\u0113bel\u0113m un tekstilizstr\u0101d\u0101jumiem jaunu izskatu ar Marabu \u0161abloniem! Marabu studij\u0101 rad\u012btos dizaina elementus var bez p\u016bl\u0113m izmantot da\u017e\u0101du priek\u0161metu vienotam noform\u0113jumam. Marabu pied\u0101v\u0101 pla\u0161u dizaina produktu kl\u0101stu, kas pal\u012bdz\u0113s \u012bstenot visda\u017e\u0101d\u0101k\u0101s idejas. Stingrais, ar l\u0101zeru grieztais poliesteris un \u012bpa\u0161i pl\u0101nais materi\u0101ls nodro\u0161ina \u013coti prec\u012bzu malu kont\u016bru. Spiedogus var izmantot daudzk\u0101rt\u012bgi, tie ir viegli t\u012br\u0101mi un nesatur PVC.\" \/>\n<meta property=\"og:url\" content=\"https:\/\/hobstop.ee\/lv\/produkts\/sablons-marabu-17x66cm\/\" \/>\n<meta property=\"og:site_name\" content=\"Skizze\" \/>\n<meta property=\"article:publisher\" content=\"http:\/\/www.facebook.com\/VunderSkizze\" \/>\n<meta property=\"article:modified_time\" content=\"-0001-11-30T00:00:00+00:00\" \/>\n<meta property=\"og:image\" content=\"https:\/\/hobstop.ee\/media\/3224.jpg\" \/>\n\t<meta property=\"og:image:width\" content=\"1024\" \/>\n\t<meta property=\"og:image:height\" content=\"768\" \/>\n\t<meta property=\"og:image:type\" content=\"image\/jpeg\" \/>\n<meta name=\"twitter:card\" content=\"summary_large_image\" \/>\n<script type=\"application\/ld+json\" class=\"yoast-schema-graph\">{\"@context\":\"https:\/\/schema.org\",\"@graph\":[{\"@type\":\"WebPage\",\"@id\":\"https:\/\/hobstop.ee\/lv\/produkts\/sablons-marabu-17x66cm\/\",\"url\":\"https:\/\/hobstop.ee\/lv\/produkts\/sablons-marabu-17x66cm\/\",\"name\":\"\u0160ablons Marabu 17x66cm &#8211; Skizze\",\"isPartOf\":{\"@id\":\"https:\/\/hobstop.ee\/lv\/#website\"},\"primaryImageOfPage\":{\"@id\":\"https:\/\/hobstop.ee\/lv\/produkts\/sablons-marabu-17x66cm\/#primaryimage\"},\"image\":{\"@id\":\"https:\/\/hobstop.ee\/lv\/produkts\/sablons-marabu-17x66cm\/#primaryimage\"},\"thumbnailUrl\":\"https:\/\/hobstop.ee\/media\/3224.jpg\",\"datePublished\":\"2014-12-09T11:34:34+00:00\",\"dateModified\":\"-0001-11-30T00:00:00+00:00\",\"breadcrumb\":{\"@id\":\"https:\/\/hobstop.ee\/lv\/produkts\/sablons-marabu-17x66cm\/#breadcrumb\"},\"inLanguage\":\"lv-LV\",\"potentialAction\":[{\"@type\":\"ReadAction\",\"target\":[\"https:\/\/hobstop.ee\/lv\/produkts\/sablons-marabu-17x66cm\/\"]}]},{\"@type\":\"ImageObject\",\"inLanguage\":\"lv-LV\",\"@id\":\"https:\/\/hobstop.ee\/lv\/produkts\/sablons-marabu-17x66cm\/#primaryimage\",\"url\":\"https:\/\/hobstop.ee\/media\/3224.jpg\",\"contentUrl\":\"https:\/\/hobstop.ee\/media\/3224.jpg\",\"width\":1024,\"height\":768},{\"@type\":\"BreadcrumbList\",\"@id\":\"https:\/\/hobstop.ee\/lv\/produkts\/sablons-marabu-17x66cm\/#breadcrumb\",\"itemListElement\":[{\"@type\":\"ListItem\",\"position\":1,\"name\":\"Avaleht\",\"item\":\"https:\/\/www.hobstop.ee\/lv\/\"},{\"@type\":\"ListItem\",\"position\":2,\"name\":\"Veikals\",\"item\":\"https:\/\/www.hobstop.ee\/lv\/veikals\/\"},{\"@type\":\"ListItem\",\"position\":3,\"name\":\"\u0160ablons Marabu 17x66cm\"}]},{\"@type\":\"WebSite\",\"@id\":\"https:\/\/hobstop.ee\/lv\/#website\",\"url\":\"https:\/\/hobstop.ee\/lv\/\",\"name\":\"Skizze\",\"description\":\"M\u0101kslas, hobiju un skolas preces\",\"publisher\":{\"@id\":\"https:\/\/hobstop.ee\/lv\/#organization\"},\"potentialAction\":[{\"@type\":\"SearchAction\",\"target\":{\"@type\":\"EntryPoint\",\"urlTemplate\":\"https:\/\/hobstop.ee\/lv\/?s={search_term_string}\"},\"query-input\":{\"@type\":\"PropertyValueSpecification\",\"valueRequired\":true,\"valueName\":\"search_term_string\"}}],\"inLanguage\":\"lv-LV\"},{\"@type\":\"Organization\",\"@id\":\"https:\/\/hobstop.ee\/lv\/#organization\",\"name\":\"Vunder AS\",\"url\":\"https:\/\/hobstop.ee\/lv\/\",\"logo\":{\"@type\":\"ImageObject\",\"inLanguage\":\"lv-LV\",\"@id\":\"https:\/\/hobstop.ee\/lv\/#\/schema\/logo\/image\/\",\"url\":\"https:\/\/hobstop.ee\/media\/vunder-logo.png\",\"contentUrl\":\"https:\/\/hobstop.ee\/media\/vunder-logo.png\",\"width\":127,\"height\":55,\"caption\":\"Vunder AS\"},\"image\":{\"@id\":\"https:\/\/hobstop.ee\/lv\/#\/schema\/logo\/image\/\"},\"sameAs\":[\"http:\/\/www.facebook.com\/VunderSkizze\"]}]}<\/script>\n<!-- \/ Yoast SEO plugin. -->","yoast_head_json":{"title":"\u0160ablons Marabu 17x66cm &#8211; Skizze","robots":{"index":"noindex","follow":"follow","max-snippet":"max-snippet:-1","max-image-preview":"max-image-preview:large","max-video-preview":"max-video-preview:-1"},"og_locale":"lv_LV","og_type":"article","og_title":"\u0160ablons Marabu 17x66cm &#8211; Skizze","og_description":"Pie\u0161\u0137ir sien\u0101m, m\u0113bel\u0113m un tekstilizstr\u0101d\u0101jumiem jaunu izskatu ar Marabu \u0161abloniem! Marabu studij\u0101 rad\u012btos dizaina elementus var bez p\u016bl\u0113m izmantot da\u017e\u0101du priek\u0161metu vienotam noform\u0113jumam. Marabu pied\u0101v\u0101 pla\u0161u dizaina produktu kl\u0101stu, kas pal\u012bdz\u0113s \u012bstenot visda\u017e\u0101d\u0101k\u0101s idejas. Stingrais, ar l\u0101zeru grieztais poliesteris un \u012bpa\u0161i pl\u0101nais materi\u0101ls nodro\u0161ina \u013coti prec\u012bzu malu kont\u016bru. Spiedogus var izmantot daudzk\u0101rt\u012bgi, tie ir viegli t\u012br\u0101mi un nesatur PVC.","og_url":"https:\/\/hobstop.ee\/lv\/produkts\/sablons-marabu-17x66cm\/","og_site_name":"Skizze","article_publisher":"http:\/\/www.facebook.com\/VunderSkizze","article_modified_time":"-0001-11-30T00:00:00+00:00","og_image":[{"width":1024,"height":768,"url":"https:\/\/hobstop.ee\/media\/3224.jpg","type":"image\/jpeg"}],"twitter_card":"summary_large_image","schema":{"@context":"https:\/\/schema.org","@graph":[{"@type":"WebPage","@id":"https:\/\/hobstop.ee\/lv\/produkts\/sablons-marabu-17x66cm\/","url":"https:\/\/hobstop.ee\/lv\/produkts\/sablons-marabu-17x66cm\/","name":"\u0160ablons Marabu 17x66cm &#8211; Skizze","isPartOf":{"@id":"https:\/\/hobstop.ee\/lv\/#website"},"primaryImageOfPage":{"@id":"https:\/\/hobstop.ee\/lv\/produkts\/sablons-marabu-17x66cm\/#primaryimage"},"image":{"@id":"https:\/\/hobstop.ee\/lv\/produkts\/sablons-marabu-17x66cm\/#primaryimage"},"thumbnailUrl":"https:\/\/hobstop.ee\/media\/3224.jpg","datePublished":"2014-12-09T11:34:34+00:00","dateModified":"-0001-11-30T00:00:00+00:00","breadcrumb":{"@id":"https:\/\/hobstop.ee\/lv\/produkts\/sablons-marabu-17x66cm\/#breadcrumb"},"inLanguage":"lv-LV","potentialAction":[{"@type":"ReadAction","target":["https:\/\/hobstop.ee\/lv\/produkts\/sablons-marabu-17x66cm\/"]}]},{"@type":"ImageObject","inLanguage":"lv-LV","@id":"https:\/\/hobstop.ee\/lv\/produkts\/sablons-marabu-17x66cm\/#primaryimage","url":"https:\/\/hobstop.ee\/media\/3224.jpg","contentUrl":"https:\/\/hobstop.ee\/media\/3224.jpg","width":1024,"height":768},{"@type":"BreadcrumbList","@id":"https:\/\/hobstop.ee\/lv\/produkts\/sablons-marabu-17x66cm\/#breadcrumb","itemListElement":[{"@type":"ListItem","position":1,"name":"Avaleht","item":"https:\/\/www.hobstop.ee\/lv\/"},{"@type":"ListItem","position":2,"name":"Veikals","item":"https:\/\/www.hobstop.ee\/lv\/veikals\/"},{"@type":"ListItem","position":3,"name":"\u0160ablons Marabu 17x66cm"}]},{"@type":"WebSite","@id":"https:\/\/hobstop.ee\/lv\/#website","url":"https:\/\/hobstop.ee\/lv\/","name":"Skizze","description":"M\u0101kslas, hobiju un skolas preces","publisher":{"@id":"https:\/\/hobstop.ee\/lv\/#organization"},"potentialAction":[{"@type":"SearchAction","target":{"@type":"EntryPoint","urlTemplate":"https:\/\/hobstop.ee\/lv\/?s={search_term_string}"},"query-input":{"@type":"PropertyValueSpecification","valueRequired":true,"valueName":"search_term_string"}}],"inLanguage":"lv-LV"},{"@type":"Organization","@id":"https:\/\/hobstop.ee\/lv\/#organization","name":"Vunder AS","url":"https:\/\/hobstop.ee\/lv\/","logo":{"@type":"ImageObject","inLanguage":"lv-LV","@id":"https:\/\/hobstop.ee\/lv\/#\/schema\/logo\/image\/","url":"https:\/\/hobstop.ee\/media\/vunder-logo.png","contentUrl":"https:\/\/hobstop.ee\/media\/vunder-logo.png","width":127,"height":55,"caption":"Vunder AS"},"image":{"@id":"https:\/\/hobstop.ee\/lv\/#\/schema\/logo\/image\/"},"sameAs":["http:\/\/www.facebook.com\/VunderSkizze"]}]}},"_links":{"self":[{"href":"https:\/\/hobstop.ee\/lv\/wp-json\/wp\/v2\/product\/62407","targetHints":{"allow":["GET"]}}],"collection":[{"href":"https:\/\/hobstop.ee\/lv\/wp-json\/wp\/v2\/product"}],"about":[{"href":"https:\/\/hobstop.ee\/lv\/wp-json\/wp\/v2\/types\/product"}],"replies":[{"embeddable":true,"href":"https:\/\/hobstop.ee\/lv\/wp-json\/wp\/v2\/comments?post=62407"}],"wp:featuredmedia":[{"embeddable":true,"href":"https:\/\/hobstop.ee\/lv\/wp-json\/wp\/v2\/media\/106382"}],"wp:attachment":[{"href":"https:\/\/hobstop.ee\/lv\/wp-json\/wp\/v2\/media?parent=62407"}],"wp:term":[{"taxonomy":"product_cat","embeddable":true,"href":"https:\/\/hobstop.ee\/lv\/wp-json\/wp\/v2\/product_cat?post=62407"},{"taxonomy":"product_tag","embeddable":true,"href":"https:\/\/hobstop.ee\/lv\/wp-json\/wp\/v2\/product_tag?post=62407"}],"curies":[{"name":"wp","href":"https:\/\/api.w.org\/{rel}","templated":true}]}}