{"id":62417,"date":"2014-12-09T13:34:37","date_gmt":"2014-12-09T11:34:37","guid":{"rendered":"https:\/\/sharks.ee\/vunder_2019.klient.veebimajutus.ee\/?post_type=product&p=62417"},"modified":"2014-12-09T13:34:37","modified_gmt":"2014-12-09T10:34:37","slug":"zida-krasa-h-dupont-classique-250ml","status":"publish","type":"product","link":"https:\/\/hobstop.ee\/lv\/produkts\/zida-krasa-h-dupont-classique-250ml\/","title":{"rendered":"Z\u012bda kr\u0101sa H.Dupont Classique 250ml"},"content":{"rendered":"<p>H Dupont Classique z\u012bda kr\u0101s\u0101m ir \u013coti spilgti un intens\u012bvi to\u0146i. P\u0113c kr\u0101sas nostiprin\u0101\u0161anas ar tvaic\u0113\u0161anas metodi t\u0101 k\u013c\u016bst iztur\u012bgas pret apk\u0101rt\u0113j\u0101s vides un gaismas iedarb\u012bbu, k\u0101 ar\u012b piem\u0113rota mazg\u0101\u0161anai. Kr\u0101sas ir \u013coti koncentr\u0113tas, t\u0101d\u0113\u013c t\u0101s var \u0161\u0137aid\u012bt un izmantot vis\u0101s z\u012bda apglezno\u0161anas tehnik\u0101s.  Lieliski piem\u0113rotas ar\u012b z\u012bda un vilnas ton\u0113\u0161anai.  Lai ton\u0113tu audumu, pievienot \u016bdenim 1-5% eti\u0137a un 0.5-15% kr\u0101sas (atbilsto\u0161i v\u0113lamajai kr\u0101sas intensit\u0101tei un ton\u0113jam\u0101 materi\u0101la daudzumam).<\/p>\n","protected":false},"excerpt":{"rendered":"<p>H Dupont Classique z\u012bda kr\u0101s\u0101m ir \u013coti spilgti un intens\u012bvi to\u0146i. P\u0113c kr\u0101sas nostiprin\u0101\u0161anas ar tvaic\u0113\u0161anas metodi t\u0101 k\u013c\u016bst iztur\u012bgas pret apk\u0101rt\u0113j\u0101s vides un gaismas iedarb\u012bbu, k\u0101 ar\u012b piem\u0113rota mazg\u0101\u0161anai. Kr\u0101sas ir \u013coti koncentr\u0113tas, t\u0101d\u0113\u013c t\u0101s var \u0161\u0137aid\u012bt un izmantot vis\u0101s z\u012bda apglezno\u0161anas tehnik\u0101s. Lieliski piem\u0113rotas ar\u012b z\u012bda un vilnas ton\u0113\u0161anai. Lai ton\u0113tu audumu, pievienot \u016bdenim 1-5% eti\u0137a un 0.5-15% kr\u0101sas (atbilsto\u0161i v\u0113lamajai kr\u0101sas intensit\u0101tei un ton\u0113jam\u0101 materi\u0101la daudzumam).<\/p>\n","protected":false},"featured_media":106402,"comment_status":"closed","ping_status":"closed","template":"","meta":{"_acf_changed":false,"ep_exclude_from_search":false},"product_cat":[17918,17956,18211],"product_tag":[],"class_list":{"0":"post-62417","1":"product","2":"type-product","3":"status-publish","4":"has-post-thumbnail","6":"product_cat-preces-hobijiem","7":"product_cat-tekstilam","8":"product_cat-zida-krasas","10":"first","11":"instock","12":"taxable","13":"shipping-taxable","14":"purchasable","15":"product-type-variable"},"acf":[],"yoast_head":"<!-- This site is optimized with the Yoast SEO plugin v24.1 - https:\/\/yoast.com\/wordpress\/plugins\/seo\/ -->\n<title>Z\u012bda kr\u0101sa H.Dupont Classique 250ml &#8211; Skizze<\/title>\n<meta name=\"robots\" content=\"noindex, follow, max-snippet:-1, max-image-preview:large, max-video-preview:-1\" \/>\n<meta property=\"og:locale\" content=\"lv_LV\" \/>\n<meta property=\"og:type\" content=\"article\" \/>\n<meta property=\"og:title\" content=\"Z\u012bda kr\u0101sa H.Dupont Classique 250ml &#8211; Skizze\" \/>\n<meta property=\"og:description\" content=\"H Dupont Classique z\u012bda kr\u0101s\u0101m ir \u013coti spilgti un intens\u012bvi to\u0146i. P\u0113c kr\u0101sas nostiprin\u0101\u0161anas ar tvaic\u0113\u0161anas metodi t\u0101 k\u013c\u016bst iztur\u012bgas pret apk\u0101rt\u0113j\u0101s vides un gaismas iedarb\u012bbu, k\u0101 ar\u012b piem\u0113rota mazg\u0101\u0161anai. Kr\u0101sas ir \u013coti koncentr\u0113tas, t\u0101d\u0113\u013c t\u0101s var \u0161\u0137aid\u012bt un izmantot vis\u0101s z\u012bda apglezno\u0161anas tehnik\u0101s. Lieliski piem\u0113rotas ar\u012b z\u012bda un vilnas ton\u0113\u0161anai. Lai ton\u0113tu audumu, pievienot \u016bdenim 1-5% eti\u0137a un 0.5-15% kr\u0101sas (atbilsto\u0161i v\u0113lamajai kr\u0101sas intensit\u0101tei un ton\u0113jam\u0101 materi\u0101la daudzumam).\" \/>\n<meta property=\"og:url\" content=\"https:\/\/hobstop.ee\/lv\/produkts\/zida-krasa-h-dupont-classique-250ml\/\" \/>\n<meta property=\"og:site_name\" content=\"Skizze\" \/>\n<meta property=\"article:publisher\" content=\"http:\/\/www.facebook.com\/VunderSkizze\" \/>\n<meta property=\"article:modified_time\" content=\"-0001-11-30T00:00:00+00:00\" \/>\n<meta property=\"og:image\" content=\"https:\/\/hobstop.ee\/media\/3229.jpg\" \/>\n\t<meta property=\"og:image:width\" content=\"1024\" \/>\n\t<meta property=\"og:image:height\" content=\"768\" \/>\n\t<meta property=\"og:image:type\" content=\"image\/jpeg\" \/>\n<meta name=\"twitter:card\" content=\"summary_large_image\" \/>\n<meta name=\"twitter:label1\" content=\"Est. reading time\" \/>\n\t<meta name=\"twitter:data1\" content=\"1 min\u016b\u0161u\" \/>\n<script type=\"application\/ld+json\" class=\"yoast-schema-graph\">{\"@context\":\"https:\/\/schema.org\",\"@graph\":[{\"@type\":\"WebPage\",\"@id\":\"https:\/\/hobstop.ee\/lv\/produkts\/zida-krasa-h-dupont-classique-250ml\/\",\"url\":\"https:\/\/hobstop.ee\/lv\/produkts\/zida-krasa-h-dupont-classique-250ml\/\",\"name\":\"Z\u012bda kr\u0101sa H.Dupont Classique 250ml &#8211; Skizze\",\"isPartOf\":{\"@id\":\"https:\/\/hobstop.ee\/lv\/#website\"},\"primaryImageOfPage\":{\"@id\":\"https:\/\/hobstop.ee\/lv\/produkts\/zida-krasa-h-dupont-classique-250ml\/#primaryimage\"},\"image\":{\"@id\":\"https:\/\/hobstop.ee\/lv\/produkts\/zida-krasa-h-dupont-classique-250ml\/#primaryimage\"},\"thumbnailUrl\":\"https:\/\/hobstop.ee\/media\/3229.jpg\",\"datePublished\":\"2014-12-09T11:34:37+00:00\",\"dateModified\":\"-0001-11-30T00:00:00+00:00\",\"breadcrumb\":{\"@id\":\"https:\/\/hobstop.ee\/lv\/produkts\/zida-krasa-h-dupont-classique-250ml\/#breadcrumb\"},\"inLanguage\":\"lv-LV\",\"potentialAction\":[{\"@type\":\"ReadAction\",\"target\":[\"https:\/\/hobstop.ee\/lv\/produkts\/zida-krasa-h-dupont-classique-250ml\/\"]}]},{\"@type\":\"ImageObject\",\"inLanguage\":\"lv-LV\",\"@id\":\"https:\/\/hobstop.ee\/lv\/produkts\/zida-krasa-h-dupont-classique-250ml\/#primaryimage\",\"url\":\"https:\/\/hobstop.ee\/media\/3229.jpg\",\"contentUrl\":\"https:\/\/hobstop.ee\/media\/3229.jpg\",\"width\":1024,\"height\":768},{\"@type\":\"BreadcrumbList\",\"@id\":\"https:\/\/hobstop.ee\/lv\/produkts\/zida-krasa-h-dupont-classique-250ml\/#breadcrumb\",\"itemListElement\":[{\"@type\":\"ListItem\",\"position\":1,\"name\":\"Avaleht\",\"item\":\"https:\/\/hobstop.ee\/lv\/\"},{\"@type\":\"ListItem\",\"position\":2,\"name\":\"Veikals\",\"item\":\"https:\/\/hobstop.ee\/lv\/veikals\/\"},{\"@type\":\"ListItem\",\"position\":3,\"name\":\"Z\u012bda kr\u0101sa H.Dupont Classique 250ml\"}]},{\"@type\":\"WebSite\",\"@id\":\"https:\/\/hobstop.ee\/lv\/#website\",\"url\":\"https:\/\/hobstop.ee\/lv\/\",\"name\":\"Skizze\",\"description\":\"M\u0101kslas, hobiju un skolas preces\",\"publisher\":{\"@id\":\"https:\/\/hobstop.ee\/lv\/#organization\"},\"potentialAction\":[{\"@type\":\"SearchAction\",\"target\":{\"@type\":\"EntryPoint\",\"urlTemplate\":\"https:\/\/hobstop.ee\/lv\/?s={search_term_string}\"},\"query-input\":{\"@type\":\"PropertyValueSpecification\",\"valueRequired\":true,\"valueName\":\"search_term_string\"}}],\"inLanguage\":\"lv-LV\"},{\"@type\":\"Organization\",\"@id\":\"https:\/\/hobstop.ee\/lv\/#organization\",\"name\":\"Vunder AS\",\"url\":\"https:\/\/hobstop.ee\/lv\/\",\"logo\":{\"@type\":\"ImageObject\",\"inLanguage\":\"lv-LV\",\"@id\":\"https:\/\/hobstop.ee\/lv\/#\/schema\/logo\/image\/\",\"url\":\"https:\/\/hobstop.ee\/media\/vunder-logo.png\",\"contentUrl\":\"https:\/\/hobstop.ee\/media\/vunder-logo.png\",\"width\":127,\"height\":55,\"caption\":\"Vunder AS\"},\"image\":{\"@id\":\"https:\/\/hobstop.ee\/lv\/#\/schema\/logo\/image\/\"},\"sameAs\":[\"http:\/\/www.facebook.com\/VunderSkizze\"]}]}<\/script>\n<!-- \/ Yoast SEO plugin. -->","yoast_head_json":{"title":"Z\u012bda kr\u0101sa H.Dupont Classique 250ml &#8211; Skizze","robots":{"index":"noindex","follow":"follow","max-snippet":"max-snippet:-1","max-image-preview":"max-image-preview:large","max-video-preview":"max-video-preview:-1"},"og_locale":"lv_LV","og_type":"article","og_title":"Z\u012bda kr\u0101sa H.Dupont Classique 250ml &#8211; Skizze","og_description":"H Dupont Classique z\u012bda kr\u0101s\u0101m ir \u013coti spilgti un intens\u012bvi to\u0146i. P\u0113c kr\u0101sas nostiprin\u0101\u0161anas ar tvaic\u0113\u0161anas metodi t\u0101 k\u013c\u016bst iztur\u012bgas pret apk\u0101rt\u0113j\u0101s vides un gaismas iedarb\u012bbu, k\u0101 ar\u012b piem\u0113rota mazg\u0101\u0161anai. Kr\u0101sas ir \u013coti koncentr\u0113tas, t\u0101d\u0113\u013c t\u0101s var \u0161\u0137aid\u012bt un izmantot vis\u0101s z\u012bda apglezno\u0161anas tehnik\u0101s. Lieliski piem\u0113rotas ar\u012b z\u012bda un vilnas ton\u0113\u0161anai. Lai ton\u0113tu audumu, pievienot \u016bdenim 1-5% eti\u0137a un 0.5-15% kr\u0101sas (atbilsto\u0161i v\u0113lamajai kr\u0101sas intensit\u0101tei un ton\u0113jam\u0101 materi\u0101la daudzumam).","og_url":"https:\/\/hobstop.ee\/lv\/produkts\/zida-krasa-h-dupont-classique-250ml\/","og_site_name":"Skizze","article_publisher":"http:\/\/www.facebook.com\/VunderSkizze","article_modified_time":"-0001-11-30T00:00:00+00:00","og_image":[{"width":1024,"height":768,"url":"https:\/\/hobstop.ee\/media\/3229.jpg","type":"image\/jpeg"}],"twitter_card":"summary_large_image","twitter_misc":{"Est. reading time":"1 min\u016b\u0161u"},"schema":{"@context":"https:\/\/schema.org","@graph":[{"@type":"WebPage","@id":"https:\/\/hobstop.ee\/lv\/produkts\/zida-krasa-h-dupont-classique-250ml\/","url":"https:\/\/hobstop.ee\/lv\/produkts\/zida-krasa-h-dupont-classique-250ml\/","name":"Z\u012bda kr\u0101sa H.Dupont Classique 250ml &#8211; Skizze","isPartOf":{"@id":"https:\/\/hobstop.ee\/lv\/#website"},"primaryImageOfPage":{"@id":"https:\/\/hobstop.ee\/lv\/produkts\/zida-krasa-h-dupont-classique-250ml\/#primaryimage"},"image":{"@id":"https:\/\/hobstop.ee\/lv\/produkts\/zida-krasa-h-dupont-classique-250ml\/#primaryimage"},"thumbnailUrl":"https:\/\/hobstop.ee\/media\/3229.jpg","datePublished":"2014-12-09T11:34:37+00:00","dateModified":"-0001-11-30T00:00:00+00:00","breadcrumb":{"@id":"https:\/\/hobstop.ee\/lv\/produkts\/zida-krasa-h-dupont-classique-250ml\/#breadcrumb"},"inLanguage":"lv-LV","potentialAction":[{"@type":"ReadAction","target":["https:\/\/hobstop.ee\/lv\/produkts\/zida-krasa-h-dupont-classique-250ml\/"]}]},{"@type":"ImageObject","inLanguage":"lv-LV","@id":"https:\/\/hobstop.ee\/lv\/produkts\/zida-krasa-h-dupont-classique-250ml\/#primaryimage","url":"https:\/\/hobstop.ee\/media\/3229.jpg","contentUrl":"https:\/\/hobstop.ee\/media\/3229.jpg","width":1024,"height":768},{"@type":"BreadcrumbList","@id":"https:\/\/hobstop.ee\/lv\/produkts\/zida-krasa-h-dupont-classique-250ml\/#breadcrumb","itemListElement":[{"@type":"ListItem","position":1,"name":"Avaleht","item":"https:\/\/hobstop.ee\/lv\/"},{"@type":"ListItem","position":2,"name":"Veikals","item":"https:\/\/hobstop.ee\/lv\/veikals\/"},{"@type":"ListItem","position":3,"name":"Z\u012bda kr\u0101sa H.Dupont Classique 250ml"}]},{"@type":"WebSite","@id":"https:\/\/hobstop.ee\/lv\/#website","url":"https:\/\/hobstop.ee\/lv\/","name":"Skizze","description":"M\u0101kslas, hobiju un skolas preces","publisher":{"@id":"https:\/\/hobstop.ee\/lv\/#organization"},"potentialAction":[{"@type":"SearchAction","target":{"@type":"EntryPoint","urlTemplate":"https:\/\/hobstop.ee\/lv\/?s={search_term_string}"},"query-input":{"@type":"PropertyValueSpecification","valueRequired":true,"valueName":"search_term_string"}}],"inLanguage":"lv-LV"},{"@type":"Organization","@id":"https:\/\/hobstop.ee\/lv\/#organization","name":"Vunder AS","url":"https:\/\/hobstop.ee\/lv\/","logo":{"@type":"ImageObject","inLanguage":"lv-LV","@id":"https:\/\/hobstop.ee\/lv\/#\/schema\/logo\/image\/","url":"https:\/\/hobstop.ee\/media\/vunder-logo.png","contentUrl":"https:\/\/hobstop.ee\/media\/vunder-logo.png","width":127,"height":55,"caption":"Vunder AS"},"image":{"@id":"https:\/\/hobstop.ee\/lv\/#\/schema\/logo\/image\/"},"sameAs":["http:\/\/www.facebook.com\/VunderSkizze"]}]}},"_links":{"self":[{"href":"https:\/\/hobstop.ee\/lv\/wp-json\/wp\/v2\/product\/62417","targetHints":{"allow":["GET"]}}],"collection":[{"href":"https:\/\/hobstop.ee\/lv\/wp-json\/wp\/v2\/product"}],"about":[{"href":"https:\/\/hobstop.ee\/lv\/wp-json\/wp\/v2\/types\/product"}],"replies":[{"embeddable":true,"href":"https:\/\/hobstop.ee\/lv\/wp-json\/wp\/v2\/comments?post=62417"}],"wp:featuredmedia":[{"embeddable":true,"href":"https:\/\/hobstop.ee\/lv\/wp-json\/wp\/v2\/media\/106402"}],"wp:attachment":[{"href":"https:\/\/hobstop.ee\/lv\/wp-json\/wp\/v2\/media?parent=62417"}],"wp:term":[{"taxonomy":"product_cat","embeddable":true,"href":"https:\/\/hobstop.ee\/lv\/wp-json\/wp\/v2\/product_cat?post=62417"},{"taxonomy":"product_tag","embeddable":true,"href":"https:\/\/hobstop.ee\/lv\/wp-json\/wp\/v2\/product_tag?post=62417"}],"curies":[{"name":"wp","href":"https:\/\/api.w.org\/{rel}","templated":true}]}}