{"id":62511,"date":"2014-12-09T13:34:53","date_gmt":"2014-12-09T11:34:53","guid":{"rendered":"https:\/\/sharks.ee\/vunder_2019.klient.veebimajutus.ee\/?post_type=product&p=62511"},"modified":"2014-12-09T13:34:53","modified_gmt":"2014-12-09T10:34:53","slug":"vaska-krits-artbar-metala-kaste","status":"publish","type":"product","link":"https:\/\/hobstop.ee\/lv\/produkts\/vaska-krits-artbar-metala-kaste\/","title":{"rendered":"Vaska kr\u012bts Artbar met\u0101la kast\u0113"},"content":{"rendered":"<p>\u0160ie tr\u012bsst\u016bra formas z\u012bmu\u013ci ar kr\u0113mveid\u012bgu konsistenci un augstas pigment\u0101cijas kr\u0101s\u0101m sniedz m\u0101ksliniekiem lieliskas rado\u0161\u0101s iesp\u0113jas. Z\u012bmu\u013ci kl\u0101jas \u013coti gludi, radot bag\u0101t\u012bgu un dzi\u013cu kr\u0101su gammu.  Uz vaska b\u0101zes veidotie z\u012bmu\u013ci ir piln\u012bb\u0101 \u016bden\u012b \u0161\u0137\u012bsto\u0161i un, velkot ar mitru otu,  sausaj\u0101 tehnik\u0101 veidot\u0101s l\u012bnijas \u0101tri izpl\u016bst. Gan izmantojot saus\u0101, gan mitr\u0101 tehnik\u0101, Artbar z\u012bmu\u013ci paver izteiksm\u012bgu z\u012bm\u0113jumu veido\u0161anas pasauli un nodro\u0161ina bag\u0101t\u012bgu, necaursp\u012bd\u012bgu kr\u0101sas kl\u0101jumu.<br \/>\nTrijst\u016bra korpuss, 10mm malas, garums 95mm<\/p>\n","protected":false},"excerpt":{"rendered":"<p>\u0160ie tr\u012bsst\u016bra formas z\u012bmu\u013ci ar kr\u0113mveid\u012bgu konsistenci un augstas pigment\u0101cijas kr\u0101s\u0101m sniedz m\u0101ksliniekiem lieliskas rado\u0161\u0101s iesp\u0113jas. Z\u012bmu\u013ci kl\u0101jas \u013coti gludi, radot bag\u0101t\u012bgu un dzi\u013cu kr\u0101su gammu. Uz vaska b\u0101zes veidotie z\u012bmu\u013ci ir piln\u012bb\u0101 \u016bden\u012b \u0161\u0137\u012bsto\u0161i un, velkot ar mitru otu, sausaj\u0101 tehnik\u0101 veidot\u0101s l\u012bnijas \u0101tri izpl\u016bst. Gan izmantojot saus\u0101, gan mitr\u0101 tehnik\u0101, Artbar z\u012bmu\u013ci paver izteiksm\u012bgu z\u012bm\u0113jumu veido\u0161anas pasauli un nodro\u0161ina bag\u0101t\u012bgu, necaursp\u012bd\u012bgu kr\u0101sas kl\u0101jumu. Trijst\u016bra korpuss, 10mm malas, garums 95mm<\/p>\n","protected":false},"featured_media":142928,"comment_status":"closed","ping_status":"closed","template":"","meta":{"_acf_changed":false,"ep_exclude_from_search":false},"product_cat":[14951,16123,18931],"product_tag":[],"class_list":{"0":"post-62511","1":"product","2":"type-product","3":"status-publish","4":"has-post-thumbnail","6":"product_cat-kritini","7":"product_cat-makslas-piederumi-2","8":"product_cat-zimesanas-piederumi-3","10":"first","11":"instock","12":"sale","13":"taxable","14":"shipping-taxable","15":"purchasable","16":"product-type-variable"},"acf":[],"yoast_head":"<!-- This site is optimized with the Yoast SEO plugin v24.1 - https:\/\/yoast.com\/wordpress\/plugins\/seo\/ -->\n<title>Vaska kr\u012bts Artbar met\u0101la kast\u0113 &#8211; Skizze<\/title>\n<meta name=\"robots\" content=\"noindex, follow, max-snippet:-1, max-image-preview:large, max-video-preview:-1\" \/>\n<meta property=\"og:locale\" content=\"lv_LV\" \/>\n<meta property=\"og:type\" content=\"article\" \/>\n<meta property=\"og:title\" content=\"Vaska kr\u012bts Artbar met\u0101la kast\u0113 &#8211; Skizze\" \/>\n<meta property=\"og:description\" content=\"\u0160ie tr\u012bsst\u016bra formas z\u012bmu\u013ci ar kr\u0113mveid\u012bgu konsistenci un augstas pigment\u0101cijas kr\u0101s\u0101m sniedz m\u0101ksliniekiem lieliskas rado\u0161\u0101s iesp\u0113jas. Z\u012bmu\u013ci kl\u0101jas \u013coti gludi, radot bag\u0101t\u012bgu un dzi\u013cu kr\u0101su gammu. Uz vaska b\u0101zes veidotie z\u012bmu\u013ci ir piln\u012bb\u0101 \u016bden\u012b \u0161\u0137\u012bsto\u0161i un, velkot ar mitru otu, sausaj\u0101 tehnik\u0101 veidot\u0101s l\u012bnijas \u0101tri izpl\u016bst. Gan izmantojot saus\u0101, gan mitr\u0101 tehnik\u0101, Artbar z\u012bmu\u013ci paver izteiksm\u012bgu z\u012bm\u0113jumu veido\u0161anas pasauli un nodro\u0161ina bag\u0101t\u012bgu, necaursp\u012bd\u012bgu kr\u0101sas kl\u0101jumu. Trijst\u016bra korpuss, 10mm malas, garums 95mm\" \/>\n<meta property=\"og:url\" content=\"https:\/\/hobstop.ee\/lv\/produkts\/vaska-krits-artbar-metala-kaste\/\" \/>\n<meta property=\"og:site_name\" content=\"Skizze\" \/>\n<meta property=\"article:publisher\" content=\"http:\/\/www.facebook.com\/VunderSkizze\" \/>\n<meta property=\"article:modified_time\" content=\"-0001-11-30T00:00:00+00:00\" \/>\n<meta property=\"og:image\" content=\"https:\/\/hobstop.ee\/media\/3299.jpg\" \/>\n\t<meta property=\"og:image:width\" content=\"1024\" \/>\n\t<meta property=\"og:image:height\" content=\"768\" \/>\n\t<meta property=\"og:image:type\" content=\"image\/jpeg\" \/>\n<meta name=\"twitter:card\" content=\"summary_large_image\" \/>\n<meta name=\"twitter:label1\" content=\"Est. reading time\" \/>\n\t<meta name=\"twitter:data1\" content=\"1 min\u016b\u0161u\" \/>\n<script type=\"application\/ld+json\" class=\"yoast-schema-graph\">{\"@context\":\"https:\/\/schema.org\",\"@graph\":[{\"@type\":\"WebPage\",\"@id\":\"https:\/\/hobstop.ee\/lv\/produkts\/vaska-krits-artbar-metala-kaste\/\",\"url\":\"https:\/\/hobstop.ee\/lv\/produkts\/vaska-krits-artbar-metala-kaste\/\",\"name\":\"Vaska kr\u012bts Artbar met\u0101la kast\u0113 &#8211; Skizze\",\"isPartOf\":{\"@id\":\"https:\/\/www.hobstop.ee\/lv\/#website\"},\"primaryImageOfPage\":{\"@id\":\"https:\/\/hobstop.ee\/lv\/produkts\/vaska-krits-artbar-metala-kaste\/#primaryimage\"},\"image\":{\"@id\":\"https:\/\/hobstop.ee\/lv\/produkts\/vaska-krits-artbar-metala-kaste\/#primaryimage\"},\"thumbnailUrl\":\"https:\/\/hobstop.ee\/media\/3299.jpg\",\"datePublished\":\"2014-12-09T11:34:53+00:00\",\"dateModified\":\"-0001-11-30T00:00:00+00:00\",\"breadcrumb\":{\"@id\":\"https:\/\/hobstop.ee\/lv\/produkts\/vaska-krits-artbar-metala-kaste\/#breadcrumb\"},\"inLanguage\":\"lv-LV\",\"potentialAction\":[{\"@type\":\"ReadAction\",\"target\":[\"https:\/\/hobstop.ee\/lv\/produkts\/vaska-krits-artbar-metala-kaste\/\"]}]},{\"@type\":\"ImageObject\",\"inLanguage\":\"lv-LV\",\"@id\":\"https:\/\/hobstop.ee\/lv\/produkts\/vaska-krits-artbar-metala-kaste\/#primaryimage\",\"url\":\"https:\/\/hobstop.ee\/media\/3299.jpg\",\"contentUrl\":\"https:\/\/hobstop.ee\/media\/3299.jpg\",\"width\":1024,\"height\":768},{\"@type\":\"BreadcrumbList\",\"@id\":\"https:\/\/hobstop.ee\/lv\/produkts\/vaska-krits-artbar-metala-kaste\/#breadcrumb\",\"itemListElement\":[{\"@type\":\"ListItem\",\"position\":1,\"name\":\"Avaleht\",\"item\":\"https:\/\/www.hobstop.ee\/lv\/\"},{\"@type\":\"ListItem\",\"position\":2,\"name\":\"Veikals\",\"item\":\"https:\/\/www.hobstop.ee\/lv\/veikals\/\"},{\"@type\":\"ListItem\",\"position\":3,\"name\":\"Vaska kr\u012bts Artbar met\u0101la kast\u0113\"}]},{\"@type\":\"WebSite\",\"@id\":\"https:\/\/www.hobstop.ee\/lv\/#website\",\"url\":\"https:\/\/www.hobstop.ee\/lv\/\",\"name\":\"Skizze\",\"description\":\"M\u0101kslas, hobiju un skolas preces\",\"publisher\":{\"@id\":\"https:\/\/www.hobstop.ee\/lv\/#organization\"},\"potentialAction\":[{\"@type\":\"SearchAction\",\"target\":{\"@type\":\"EntryPoint\",\"urlTemplate\":\"https:\/\/www.hobstop.ee\/lv\/?s={search_term_string}\"},\"query-input\":{\"@type\":\"PropertyValueSpecification\",\"valueRequired\":true,\"valueName\":\"search_term_string\"}}],\"inLanguage\":\"lv-LV\"},{\"@type\":\"Organization\",\"@id\":\"https:\/\/www.hobstop.ee\/lv\/#organization\",\"name\":\"Vunder AS\",\"url\":\"https:\/\/www.hobstop.ee\/lv\/\",\"logo\":{\"@type\":\"ImageObject\",\"inLanguage\":\"lv-LV\",\"@id\":\"https:\/\/www.hobstop.ee\/lv\/#\/schema\/logo\/image\/\",\"url\":\"https:\/\/hobstop.ee\/media\/vunder-logo.png\",\"contentUrl\":\"https:\/\/hobstop.ee\/media\/vunder-logo.png\",\"width\":127,\"height\":55,\"caption\":\"Vunder AS\"},\"image\":{\"@id\":\"https:\/\/www.hobstop.ee\/lv\/#\/schema\/logo\/image\/\"},\"sameAs\":[\"http:\/\/www.facebook.com\/VunderSkizze\"]}]}<\/script>\n<!-- \/ Yoast SEO plugin. -->","yoast_head_json":{"title":"Vaska kr\u012bts Artbar met\u0101la kast\u0113 &#8211; Skizze","robots":{"index":"noindex","follow":"follow","max-snippet":"max-snippet:-1","max-image-preview":"max-image-preview:large","max-video-preview":"max-video-preview:-1"},"og_locale":"lv_LV","og_type":"article","og_title":"Vaska kr\u012bts Artbar met\u0101la kast\u0113 &#8211; Skizze","og_description":"\u0160ie tr\u012bsst\u016bra formas z\u012bmu\u013ci ar kr\u0113mveid\u012bgu konsistenci un augstas pigment\u0101cijas kr\u0101s\u0101m sniedz m\u0101ksliniekiem lieliskas rado\u0161\u0101s iesp\u0113jas. Z\u012bmu\u013ci kl\u0101jas \u013coti gludi, radot bag\u0101t\u012bgu un dzi\u013cu kr\u0101su gammu. Uz vaska b\u0101zes veidotie z\u012bmu\u013ci ir piln\u012bb\u0101 \u016bden\u012b \u0161\u0137\u012bsto\u0161i un, velkot ar mitru otu, sausaj\u0101 tehnik\u0101 veidot\u0101s l\u012bnijas \u0101tri izpl\u016bst. Gan izmantojot saus\u0101, gan mitr\u0101 tehnik\u0101, Artbar z\u012bmu\u013ci paver izteiksm\u012bgu z\u012bm\u0113jumu veido\u0161anas pasauli un nodro\u0161ina bag\u0101t\u012bgu, necaursp\u012bd\u012bgu kr\u0101sas kl\u0101jumu. Trijst\u016bra korpuss, 10mm malas, garums 95mm","og_url":"https:\/\/hobstop.ee\/lv\/produkts\/vaska-krits-artbar-metala-kaste\/","og_site_name":"Skizze","article_publisher":"http:\/\/www.facebook.com\/VunderSkizze","article_modified_time":"-0001-11-30T00:00:00+00:00","og_image":[{"width":1024,"height":768,"url":"https:\/\/hobstop.ee\/media\/3299.jpg","type":"image\/jpeg"}],"twitter_card":"summary_large_image","twitter_misc":{"Est. reading time":"1 min\u016b\u0161u"},"schema":{"@context":"https:\/\/schema.org","@graph":[{"@type":"WebPage","@id":"https:\/\/hobstop.ee\/lv\/produkts\/vaska-krits-artbar-metala-kaste\/","url":"https:\/\/hobstop.ee\/lv\/produkts\/vaska-krits-artbar-metala-kaste\/","name":"Vaska kr\u012bts Artbar met\u0101la kast\u0113 &#8211; Skizze","isPartOf":{"@id":"https:\/\/www.hobstop.ee\/lv\/#website"},"primaryImageOfPage":{"@id":"https:\/\/hobstop.ee\/lv\/produkts\/vaska-krits-artbar-metala-kaste\/#primaryimage"},"image":{"@id":"https:\/\/hobstop.ee\/lv\/produkts\/vaska-krits-artbar-metala-kaste\/#primaryimage"},"thumbnailUrl":"https:\/\/hobstop.ee\/media\/3299.jpg","datePublished":"2014-12-09T11:34:53+00:00","dateModified":"-0001-11-30T00:00:00+00:00","breadcrumb":{"@id":"https:\/\/hobstop.ee\/lv\/produkts\/vaska-krits-artbar-metala-kaste\/#breadcrumb"},"inLanguage":"lv-LV","potentialAction":[{"@type":"ReadAction","target":["https:\/\/hobstop.ee\/lv\/produkts\/vaska-krits-artbar-metala-kaste\/"]}]},{"@type":"ImageObject","inLanguage":"lv-LV","@id":"https:\/\/hobstop.ee\/lv\/produkts\/vaska-krits-artbar-metala-kaste\/#primaryimage","url":"https:\/\/hobstop.ee\/media\/3299.jpg","contentUrl":"https:\/\/hobstop.ee\/media\/3299.jpg","width":1024,"height":768},{"@type":"BreadcrumbList","@id":"https:\/\/hobstop.ee\/lv\/produkts\/vaska-krits-artbar-metala-kaste\/#breadcrumb","itemListElement":[{"@type":"ListItem","position":1,"name":"Avaleht","item":"https:\/\/www.hobstop.ee\/lv\/"},{"@type":"ListItem","position":2,"name":"Veikals","item":"https:\/\/www.hobstop.ee\/lv\/veikals\/"},{"@type":"ListItem","position":3,"name":"Vaska kr\u012bts Artbar met\u0101la kast\u0113"}]},{"@type":"WebSite","@id":"https:\/\/www.hobstop.ee\/lv\/#website","url":"https:\/\/www.hobstop.ee\/lv\/","name":"Skizze","description":"M\u0101kslas, hobiju un skolas preces","publisher":{"@id":"https:\/\/www.hobstop.ee\/lv\/#organization"},"potentialAction":[{"@type":"SearchAction","target":{"@type":"EntryPoint","urlTemplate":"https:\/\/www.hobstop.ee\/lv\/?s={search_term_string}"},"query-input":{"@type":"PropertyValueSpecification","valueRequired":true,"valueName":"search_term_string"}}],"inLanguage":"lv-LV"},{"@type":"Organization","@id":"https:\/\/www.hobstop.ee\/lv\/#organization","name":"Vunder AS","url":"https:\/\/www.hobstop.ee\/lv\/","logo":{"@type":"ImageObject","inLanguage":"lv-LV","@id":"https:\/\/www.hobstop.ee\/lv\/#\/schema\/logo\/image\/","url":"https:\/\/hobstop.ee\/media\/vunder-logo.png","contentUrl":"https:\/\/hobstop.ee\/media\/vunder-logo.png","width":127,"height":55,"caption":"Vunder AS"},"image":{"@id":"https:\/\/www.hobstop.ee\/lv\/#\/schema\/logo\/image\/"},"sameAs":["http:\/\/www.facebook.com\/VunderSkizze"]}]}},"_links":{"self":[{"href":"https:\/\/hobstop.ee\/lv\/wp-json\/wp\/v2\/product\/62511","targetHints":{"allow":["GET"]}}],"collection":[{"href":"https:\/\/hobstop.ee\/lv\/wp-json\/wp\/v2\/product"}],"about":[{"href":"https:\/\/hobstop.ee\/lv\/wp-json\/wp\/v2\/types\/product"}],"replies":[{"embeddable":true,"href":"https:\/\/hobstop.ee\/lv\/wp-json\/wp\/v2\/comments?post=62511"}],"wp:featuredmedia":[{"embeddable":true,"href":"https:\/\/hobstop.ee\/lv\/wp-json\/wp\/v2\/media\/142928"}],"wp:attachment":[{"href":"https:\/\/hobstop.ee\/lv\/wp-json\/wp\/v2\/media?parent=62511"}],"wp:term":[{"taxonomy":"product_cat","embeddable":true,"href":"https:\/\/hobstop.ee\/lv\/wp-json\/wp\/v2\/product_cat?post=62511"},{"taxonomy":"product_tag","embeddable":true,"href":"https:\/\/hobstop.ee\/lv\/wp-json\/wp\/v2\/product_tag?post=62511"}],"curies":[{"name":"wp","href":"https:\/\/api.w.org\/{rel}","templated":true}]}}