{"id":62514,"date":"2014-12-09T13:34:53","date_gmt":"2014-12-09T11:34:53","guid":{"rendered":"https:\/\/sharks.ee\/vunder_2019.klient.veebimajutus.ee\/?post_type=product&p=62514"},"modified":"2019-06-17T17:07:20","modified_gmt":"2019-06-17T14:07:20","slug":"metala-kaste-derwent","status":"publish","type":"product","link":"https:\/\/hobstop.ee\/lv\/produkts\/metala-kaste-derwent\/","title":{"rendered":"Met\u0101la kast\u0113 Derwent"},"content":{"rendered":"<p>Vienk\u0101r\u0161a un efekt\u012bva Pencil Tin k\u0101rba ar diviem nodal\u012bjumiem ide\u0101li glab\u0101s un pasarg\u0101s 42 j\u016bsu iecien\u012bt\u0101kos z\u012bmu\u013cus. Iztur\u012bg\u0101 un kompakt\u0101 z\u012bmu\u013cu k\u0101rba ir izgatavota no mat\u0113ta met\u0101la ar reljefu Derwent logo uz t\u0101 v\u0101ka, un t\u0101 ir piem\u0113rota 42x8mm vai 33x9mm z\u012bmu\u013cu glab\u0101\u0161anai.<\/p>\n","protected":false},"excerpt":{"rendered":"<p>Vienk\u0101r\u0161a un efekt\u012bva Pencil Tin k\u0101rba ar diviem nodal\u012bjumiem ide\u0101li glab\u0101s un pasarg\u0101s 42 j\u016bsu iecien\u012bt\u0101kos z\u012bmu\u013cus. Iztur\u012bg\u0101 un kompakt\u0101 z\u012bmu\u013cu k\u0101rba ir izgatavota no mat\u0113ta met\u0101la ar reljefu Derwent logo uz t\u0101 v\u0101ka, un t\u0101 ir piem\u0113rota 42x8mm vai 33x9mm z\u012bmu\u013cu glab\u0101\u0161anai.<\/p>\n","protected":false},"featured_media":100787,"comment_status":"closed","ping_status":"closed","template":"","meta":{"_acf_changed":false,"ep_exclude_from_search":false},"product_cat":[18072,17916,17930],"product_tag":[],"class_list":{"0":"post-62514","1":"product","2":"type-product","3":"status-publish","4":"has-post-thumbnail","6":"product_cat-penali","7":"product_cat-preces-skolai","8":"product_cat-skolas-somas-un-penali","10":"first","11":"instock","12":"taxable","13":"shipping-taxable","14":"purchasable","15":"product-type-variable"},"acf":[],"yoast_head":"<!-- This site is optimized with the Yoast SEO plugin v24.1 - https:\/\/yoast.com\/wordpress\/plugins\/seo\/ -->\n<title>Met\u0101la kast\u0113 Derwent &#8211; Skizze<\/title>\n<meta name=\"robots\" content=\"noindex, follow, max-snippet:-1, max-image-preview:large, max-video-preview:-1\" \/>\n<meta property=\"og:locale\" content=\"lv_LV\" \/>\n<meta property=\"og:type\" content=\"article\" \/>\n<meta property=\"og:title\" content=\"Met\u0101la kast\u0113 Derwent &#8211; Skizze\" \/>\n<meta property=\"og:description\" content=\"Vienk\u0101r\u0161a un efekt\u012bva Pencil Tin k\u0101rba ar diviem nodal\u012bjumiem ide\u0101li glab\u0101s un pasarg\u0101s 42 j\u016bsu iecien\u012bt\u0101kos z\u012bmu\u013cus. Iztur\u012bg\u0101 un kompakt\u0101 z\u012bmu\u013cu k\u0101rba ir izgatavota no mat\u0113ta met\u0101la ar reljefu Derwent logo uz t\u0101 v\u0101ka, un t\u0101 ir piem\u0113rota 42x8mm vai 33x9mm z\u012bmu\u013cu glab\u0101\u0161anai.\" \/>\n<meta property=\"og:url\" content=\"https:\/\/hobstop.ee\/lv\/produkts\/metala-kaste-derwent\/\" \/>\n<meta property=\"og:site_name\" content=\"Skizze\" \/>\n<meta property=\"article:publisher\" content=\"http:\/\/www.facebook.com\/VunderSkizze\" \/>\n<meta property=\"article:modified_time\" content=\"2019-06-17T14:07:20+00:00\" \/>\n<meta property=\"og:image\" content=\"https:\/\/hobstop.ee\/media\/3300.jpg\" \/>\n\t<meta property=\"og:image:width\" content=\"1024\" \/>\n\t<meta property=\"og:image:height\" content=\"768\" \/>\n\t<meta property=\"og:image:type\" content=\"image\/jpeg\" \/>\n<meta name=\"twitter:card\" content=\"summary_large_image\" \/>\n<script type=\"application\/ld+json\" class=\"yoast-schema-graph\">{\"@context\":\"https:\/\/schema.org\",\"@graph\":[{\"@type\":\"WebPage\",\"@id\":\"https:\/\/hobstop.ee\/lv\/produkts\/metala-kaste-derwent\/\",\"url\":\"https:\/\/hobstop.ee\/lv\/produkts\/metala-kaste-derwent\/\",\"name\":\"Met\u0101la kast\u0113 Derwent &#8211; Skizze\",\"isPartOf\":{\"@id\":\"https:\/\/hobstop.ee\/lv\/#website\"},\"primaryImageOfPage\":{\"@id\":\"https:\/\/hobstop.ee\/lv\/produkts\/metala-kaste-derwent\/#primaryimage\"},\"image\":{\"@id\":\"https:\/\/hobstop.ee\/lv\/produkts\/metala-kaste-derwent\/#primaryimage\"},\"thumbnailUrl\":\"https:\/\/hobstop.ee\/media\/3300.jpg\",\"datePublished\":\"2014-12-09T11:34:53+00:00\",\"dateModified\":\"2019-06-17T14:07:20+00:00\",\"breadcrumb\":{\"@id\":\"https:\/\/hobstop.ee\/lv\/produkts\/metala-kaste-derwent\/#breadcrumb\"},\"inLanguage\":\"lv-LV\",\"potentialAction\":[{\"@type\":\"ReadAction\",\"target\":[\"https:\/\/hobstop.ee\/lv\/produkts\/metala-kaste-derwent\/\"]}]},{\"@type\":\"ImageObject\",\"inLanguage\":\"lv-LV\",\"@id\":\"https:\/\/hobstop.ee\/lv\/produkts\/metala-kaste-derwent\/#primaryimage\",\"url\":\"https:\/\/hobstop.ee\/media\/3300.jpg\",\"contentUrl\":\"https:\/\/hobstop.ee\/media\/3300.jpg\",\"width\":1024,\"height\":768},{\"@type\":\"BreadcrumbList\",\"@id\":\"https:\/\/hobstop.ee\/lv\/produkts\/metala-kaste-derwent\/#breadcrumb\",\"itemListElement\":[{\"@type\":\"ListItem\",\"position\":1,\"name\":\"Avaleht\",\"item\":\"https:\/\/www.hobstop.ee\/lv\/\"},{\"@type\":\"ListItem\",\"position\":2,\"name\":\"Veikals\",\"item\":\"https:\/\/www.hobstop.ee\/lv\/veikals\/\"},{\"@type\":\"ListItem\",\"position\":3,\"name\":\"Met\u0101la kast\u0113 Derwent\"}]},{\"@type\":\"WebSite\",\"@id\":\"https:\/\/hobstop.ee\/lv\/#website\",\"url\":\"https:\/\/hobstop.ee\/lv\/\",\"name\":\"Skizze\",\"description\":\"M\u0101kslas, hobiju un skolas preces\",\"publisher\":{\"@id\":\"https:\/\/hobstop.ee\/lv\/#organization\"},\"potentialAction\":[{\"@type\":\"SearchAction\",\"target\":{\"@type\":\"EntryPoint\",\"urlTemplate\":\"https:\/\/hobstop.ee\/lv\/?s={search_term_string}\"},\"query-input\":{\"@type\":\"PropertyValueSpecification\",\"valueRequired\":true,\"valueName\":\"search_term_string\"}}],\"inLanguage\":\"lv-LV\"},{\"@type\":\"Organization\",\"@id\":\"https:\/\/hobstop.ee\/lv\/#organization\",\"name\":\"Vunder AS\",\"url\":\"https:\/\/hobstop.ee\/lv\/\",\"logo\":{\"@type\":\"ImageObject\",\"inLanguage\":\"lv-LV\",\"@id\":\"https:\/\/hobstop.ee\/lv\/#\/schema\/logo\/image\/\",\"url\":\"https:\/\/hobstop.ee\/media\/vunder-logo.png\",\"contentUrl\":\"https:\/\/hobstop.ee\/media\/vunder-logo.png\",\"width\":127,\"height\":55,\"caption\":\"Vunder AS\"},\"image\":{\"@id\":\"https:\/\/hobstop.ee\/lv\/#\/schema\/logo\/image\/\"},\"sameAs\":[\"http:\/\/www.facebook.com\/VunderSkizze\"]}]}<\/script>\n<!-- \/ Yoast SEO plugin. -->","yoast_head_json":{"title":"Met\u0101la kast\u0113 Derwent &#8211; Skizze","robots":{"index":"noindex","follow":"follow","max-snippet":"max-snippet:-1","max-image-preview":"max-image-preview:large","max-video-preview":"max-video-preview:-1"},"og_locale":"lv_LV","og_type":"article","og_title":"Met\u0101la kast\u0113 Derwent &#8211; Skizze","og_description":"Vienk\u0101r\u0161a un efekt\u012bva Pencil Tin k\u0101rba ar diviem nodal\u012bjumiem ide\u0101li glab\u0101s un pasarg\u0101s 42 j\u016bsu iecien\u012bt\u0101kos z\u012bmu\u013cus. Iztur\u012bg\u0101 un kompakt\u0101 z\u012bmu\u013cu k\u0101rba ir izgatavota no mat\u0113ta met\u0101la ar reljefu Derwent logo uz t\u0101 v\u0101ka, un t\u0101 ir piem\u0113rota 42x8mm vai 33x9mm z\u012bmu\u013cu glab\u0101\u0161anai.","og_url":"https:\/\/hobstop.ee\/lv\/produkts\/metala-kaste-derwent\/","og_site_name":"Skizze","article_publisher":"http:\/\/www.facebook.com\/VunderSkizze","article_modified_time":"2019-06-17T14:07:20+00:00","og_image":[{"width":1024,"height":768,"url":"https:\/\/hobstop.ee\/media\/3300.jpg","type":"image\/jpeg"}],"twitter_card":"summary_large_image","schema":{"@context":"https:\/\/schema.org","@graph":[{"@type":"WebPage","@id":"https:\/\/hobstop.ee\/lv\/produkts\/metala-kaste-derwent\/","url":"https:\/\/hobstop.ee\/lv\/produkts\/metala-kaste-derwent\/","name":"Met\u0101la kast\u0113 Derwent &#8211; Skizze","isPartOf":{"@id":"https:\/\/hobstop.ee\/lv\/#website"},"primaryImageOfPage":{"@id":"https:\/\/hobstop.ee\/lv\/produkts\/metala-kaste-derwent\/#primaryimage"},"image":{"@id":"https:\/\/hobstop.ee\/lv\/produkts\/metala-kaste-derwent\/#primaryimage"},"thumbnailUrl":"https:\/\/hobstop.ee\/media\/3300.jpg","datePublished":"2014-12-09T11:34:53+00:00","dateModified":"2019-06-17T14:07:20+00:00","breadcrumb":{"@id":"https:\/\/hobstop.ee\/lv\/produkts\/metala-kaste-derwent\/#breadcrumb"},"inLanguage":"lv-LV","potentialAction":[{"@type":"ReadAction","target":["https:\/\/hobstop.ee\/lv\/produkts\/metala-kaste-derwent\/"]}]},{"@type":"ImageObject","inLanguage":"lv-LV","@id":"https:\/\/hobstop.ee\/lv\/produkts\/metala-kaste-derwent\/#primaryimage","url":"https:\/\/hobstop.ee\/media\/3300.jpg","contentUrl":"https:\/\/hobstop.ee\/media\/3300.jpg","width":1024,"height":768},{"@type":"BreadcrumbList","@id":"https:\/\/hobstop.ee\/lv\/produkts\/metala-kaste-derwent\/#breadcrumb","itemListElement":[{"@type":"ListItem","position":1,"name":"Avaleht","item":"https:\/\/www.hobstop.ee\/lv\/"},{"@type":"ListItem","position":2,"name":"Veikals","item":"https:\/\/www.hobstop.ee\/lv\/veikals\/"},{"@type":"ListItem","position":3,"name":"Met\u0101la kast\u0113 Derwent"}]},{"@type":"WebSite","@id":"https:\/\/hobstop.ee\/lv\/#website","url":"https:\/\/hobstop.ee\/lv\/","name":"Skizze","description":"M\u0101kslas, hobiju un skolas preces","publisher":{"@id":"https:\/\/hobstop.ee\/lv\/#organization"},"potentialAction":[{"@type":"SearchAction","target":{"@type":"EntryPoint","urlTemplate":"https:\/\/hobstop.ee\/lv\/?s={search_term_string}"},"query-input":{"@type":"PropertyValueSpecification","valueRequired":true,"valueName":"search_term_string"}}],"inLanguage":"lv-LV"},{"@type":"Organization","@id":"https:\/\/hobstop.ee\/lv\/#organization","name":"Vunder AS","url":"https:\/\/hobstop.ee\/lv\/","logo":{"@type":"ImageObject","inLanguage":"lv-LV","@id":"https:\/\/hobstop.ee\/lv\/#\/schema\/logo\/image\/","url":"https:\/\/hobstop.ee\/media\/vunder-logo.png","contentUrl":"https:\/\/hobstop.ee\/media\/vunder-logo.png","width":127,"height":55,"caption":"Vunder AS"},"image":{"@id":"https:\/\/hobstop.ee\/lv\/#\/schema\/logo\/image\/"},"sameAs":["http:\/\/www.facebook.com\/VunderSkizze"]}]}},"_links":{"self":[{"href":"https:\/\/hobstop.ee\/lv\/wp-json\/wp\/v2\/product\/62514","targetHints":{"allow":["GET"]}}],"collection":[{"href":"https:\/\/hobstop.ee\/lv\/wp-json\/wp\/v2\/product"}],"about":[{"href":"https:\/\/hobstop.ee\/lv\/wp-json\/wp\/v2\/types\/product"}],"replies":[{"embeddable":true,"href":"https:\/\/hobstop.ee\/lv\/wp-json\/wp\/v2\/comments?post=62514"}],"wp:featuredmedia":[{"embeddable":true,"href":"https:\/\/hobstop.ee\/lv\/wp-json\/wp\/v2\/media\/100787"}],"wp:attachment":[{"href":"https:\/\/hobstop.ee\/lv\/wp-json\/wp\/v2\/media?parent=62514"}],"wp:term":[{"taxonomy":"product_cat","embeddable":true,"href":"https:\/\/hobstop.ee\/lv\/wp-json\/wp\/v2\/product_cat?post=62514"},{"taxonomy":"product_tag","embeddable":true,"href":"https:\/\/hobstop.ee\/lv\/wp-json\/wp\/v2\/product_tag?post=62514"}],"curies":[{"name":"wp","href":"https:\/\/api.w.org\/{rel}","templated":true}]}}