{"id":62517,"date":"2014-12-09T13:34:54","date_gmt":"2014-12-09T11:34:54","guid":{"rendered":"https:\/\/sharks.ee\/vunder_2019.klient.veebimajutus.ee\/?post_type=product&p=62517"},"modified":"2014-12-09T13:34:54","modified_gmt":"2014-12-09T10:34:54","slug":"skrapis-derwent-artbar","status":"publish","type":"product","link":"https:\/\/hobstop.ee\/lv\/produkts\/skrapis-derwent-artbar\/","title":{"rendered":"Skr\u0101pis Derwent Artbar"},"content":{"rendered":"<p>Sgraffito &#8211; skr\u0101p\u0113\u0161anas tehnika apak\u0161\u0113j\u0101 sl\u0101n\u012b eso\u0161\u0101s kr\u0101sas izcel\u0161anai, ir sens pa\u0146\u0113miens, ar kura pal\u012bdz\u012bbu var rad\u012bt interesantu un neparastu efektu. \u0160is skr\u0101pis ir veidots, lai nodro\u0161in\u0101tu m\u0101ksliniekam pla\u0161u skr\u0101p\u0113juma formu izv\u0113li. Ide\u0101li piem\u0113rots lieto\u0161anai kop\u0101 ar Derwent Artbar un citiem uz vaska b\u0101zes veidotiem l\u012bdzek\u013ciem vai e\u013c\u013cas kr\u012bti\u0146iem, k\u0101 ar\u012b  var tikt izmantots ar uz \u016bdens b\u0101zes veidot\u0101m kr\u0101s\u0101m, piem\u0113ram, e\u013c\u013cu un akrilu.<\/p>\n","protected":false},"excerpt":{"rendered":"<p>Sgraffito &#8211; skr\u0101p\u0113\u0161anas tehnika apak\u0161\u0113j\u0101 sl\u0101n\u012b eso\u0161\u0101s kr\u0101sas izcel\u0161anai, ir sens pa\u0146\u0113miens, ar kura pal\u012bdz\u012bbu var rad\u012bt interesantu un neparastu efektu. \u0160is skr\u0101pis ir veidots, lai nodro\u0161in\u0101tu m\u0101ksliniekam pla\u0161u skr\u0101p\u0113juma formu izv\u0113li. Ide\u0101li piem\u0113rots lieto\u0161anai kop\u0101 ar Derwent Artbar un citiem uz vaska b\u0101zes veidotiem l\u012bdzek\u013ciem vai e\u013c\u013cas kr\u012bti\u0146iem, k\u0101 ar\u012b var tikt izmantots ar uz \u016bdens b\u0101zes veidot\u0101m kr\u0101s\u0101m, piem\u0113ram, e\u013c\u013cu un akrilu.<\/p>\n","protected":false},"featured_media":148345,"comment_status":"closed","ping_status":"closed","template":"","meta":{"_acf_changed":false,"ep_exclude_from_search":false},"product_cat":[16123,18754,18931],"product_tag":[],"class_list":{"0":"post-62517","1":"product","2":"type-product","3":"status-publish","4":"has-post-thumbnail","6":"product_cat-makslas-piederumi-2","7":"product_cat-papildus-piederumi","8":"product_cat-zimesanas-piederumi-3","10":"first","11":"instock","12":"taxable","13":"shipping-taxable","14":"purchasable","15":"product-type-variable"},"acf":[],"yoast_head":"<!-- This site is optimized with the Yoast SEO plugin v24.1 - https:\/\/yoast.com\/wordpress\/plugins\/seo\/ -->\n<title>Skr\u0101pis Derwent Artbar &#8211; Skizze<\/title>\n<meta name=\"robots\" content=\"noindex, follow, max-snippet:-1, max-image-preview:large, max-video-preview:-1\" \/>\n<meta property=\"og:locale\" content=\"lv_LV\" \/>\n<meta property=\"og:type\" content=\"article\" \/>\n<meta property=\"og:title\" content=\"Skr\u0101pis Derwent Artbar &#8211; Skizze\" \/>\n<meta property=\"og:description\" content=\"Sgraffito &#8211; skr\u0101p\u0113\u0161anas tehnika apak\u0161\u0113j\u0101 sl\u0101n\u012b eso\u0161\u0101s kr\u0101sas izcel\u0161anai, ir sens pa\u0146\u0113miens, ar kura pal\u012bdz\u012bbu var rad\u012bt interesantu un neparastu efektu. \u0160is skr\u0101pis ir veidots, lai nodro\u0161in\u0101tu m\u0101ksliniekam pla\u0161u skr\u0101p\u0113juma formu izv\u0113li. Ide\u0101li piem\u0113rots lieto\u0161anai kop\u0101 ar Derwent Artbar un citiem uz vaska b\u0101zes veidotiem l\u012bdzek\u013ciem vai e\u013c\u013cas kr\u012bti\u0146iem, k\u0101 ar\u012b var tikt izmantots ar uz \u016bdens b\u0101zes veidot\u0101m kr\u0101s\u0101m, piem\u0113ram, e\u013c\u013cu un akrilu.\" \/>\n<meta property=\"og:url\" content=\"https:\/\/hobstop.ee\/lv\/produkts\/skrapis-derwent-artbar\/\" \/>\n<meta property=\"og:site_name\" content=\"Skizze\" \/>\n<meta property=\"article:publisher\" content=\"http:\/\/www.facebook.com\/VunderSkizze\" \/>\n<meta property=\"article:modified_time\" content=\"-0001-11-30T00:00:00+00:00\" \/>\n<meta property=\"og:image\" content=\"https:\/\/hobstop.ee\/media\/3301.jpg\" \/>\n\t<meta property=\"og:image:width\" content=\"1024\" \/>\n\t<meta property=\"og:image:height\" content=\"768\" \/>\n\t<meta property=\"og:image:type\" content=\"image\/jpeg\" \/>\n<meta name=\"twitter:card\" content=\"summary_large_image\" \/>\n<script type=\"application\/ld+json\" class=\"yoast-schema-graph\">{\"@context\":\"https:\/\/schema.org\",\"@graph\":[{\"@type\":\"WebPage\",\"@id\":\"https:\/\/hobstop.ee\/lv\/produkts\/skrapis-derwent-artbar\/\",\"url\":\"https:\/\/hobstop.ee\/lv\/produkts\/skrapis-derwent-artbar\/\",\"name\":\"Skr\u0101pis Derwent Artbar &#8211; Skizze\",\"isPartOf\":{\"@id\":\"https:\/\/hobstop.ee\/lv\/#website\"},\"primaryImageOfPage\":{\"@id\":\"https:\/\/hobstop.ee\/lv\/produkts\/skrapis-derwent-artbar\/#primaryimage\"},\"image\":{\"@id\":\"https:\/\/hobstop.ee\/lv\/produkts\/skrapis-derwent-artbar\/#primaryimage\"},\"thumbnailUrl\":\"https:\/\/hobstop.ee\/media\/3301.jpg\",\"datePublished\":\"2014-12-09T11:34:54+00:00\",\"dateModified\":\"-0001-11-30T00:00:00+00:00\",\"breadcrumb\":{\"@id\":\"https:\/\/hobstop.ee\/lv\/produkts\/skrapis-derwent-artbar\/#breadcrumb\"},\"inLanguage\":\"lv-LV\",\"potentialAction\":[{\"@type\":\"ReadAction\",\"target\":[\"https:\/\/hobstop.ee\/lv\/produkts\/skrapis-derwent-artbar\/\"]}]},{\"@type\":\"ImageObject\",\"inLanguage\":\"lv-LV\",\"@id\":\"https:\/\/hobstop.ee\/lv\/produkts\/skrapis-derwent-artbar\/#primaryimage\",\"url\":\"https:\/\/hobstop.ee\/media\/3301.jpg\",\"contentUrl\":\"https:\/\/hobstop.ee\/media\/3301.jpg\",\"width\":1024,\"height\":768},{\"@type\":\"BreadcrumbList\",\"@id\":\"https:\/\/hobstop.ee\/lv\/produkts\/skrapis-derwent-artbar\/#breadcrumb\",\"itemListElement\":[{\"@type\":\"ListItem\",\"position\":1,\"name\":\"Avaleht\",\"item\":\"https:\/\/hobstop.ee\/lv\/\"},{\"@type\":\"ListItem\",\"position\":2,\"name\":\"Veikals\",\"item\":\"https:\/\/hobstop.ee\/lv\/veikals\/\"},{\"@type\":\"ListItem\",\"position\":3,\"name\":\"Skr\u0101pis Derwent Artbar\"}]},{\"@type\":\"WebSite\",\"@id\":\"https:\/\/hobstop.ee\/lv\/#website\",\"url\":\"https:\/\/hobstop.ee\/lv\/\",\"name\":\"Skizze\",\"description\":\"M\u0101kslas, hobiju un skolas preces\",\"publisher\":{\"@id\":\"https:\/\/hobstop.ee\/lv\/#organization\"},\"potentialAction\":[{\"@type\":\"SearchAction\",\"target\":{\"@type\":\"EntryPoint\",\"urlTemplate\":\"https:\/\/hobstop.ee\/lv\/?s={search_term_string}\"},\"query-input\":{\"@type\":\"PropertyValueSpecification\",\"valueRequired\":true,\"valueName\":\"search_term_string\"}}],\"inLanguage\":\"lv-LV\"},{\"@type\":\"Organization\",\"@id\":\"https:\/\/hobstop.ee\/lv\/#organization\",\"name\":\"Vunder AS\",\"url\":\"https:\/\/hobstop.ee\/lv\/\",\"logo\":{\"@type\":\"ImageObject\",\"inLanguage\":\"lv-LV\",\"@id\":\"https:\/\/hobstop.ee\/lv\/#\/schema\/logo\/image\/\",\"url\":\"https:\/\/hobstop.ee\/media\/vunder-logo.png\",\"contentUrl\":\"https:\/\/hobstop.ee\/media\/vunder-logo.png\",\"width\":127,\"height\":55,\"caption\":\"Vunder AS\"},\"image\":{\"@id\":\"https:\/\/hobstop.ee\/lv\/#\/schema\/logo\/image\/\"},\"sameAs\":[\"http:\/\/www.facebook.com\/VunderSkizze\"]}]}<\/script>\n<!-- \/ Yoast SEO plugin. -->","yoast_head_json":{"title":"Skr\u0101pis Derwent Artbar &#8211; Skizze","robots":{"index":"noindex","follow":"follow","max-snippet":"max-snippet:-1","max-image-preview":"max-image-preview:large","max-video-preview":"max-video-preview:-1"},"og_locale":"lv_LV","og_type":"article","og_title":"Skr\u0101pis Derwent Artbar &#8211; Skizze","og_description":"Sgraffito &#8211; skr\u0101p\u0113\u0161anas tehnika apak\u0161\u0113j\u0101 sl\u0101n\u012b eso\u0161\u0101s kr\u0101sas izcel\u0161anai, ir sens pa\u0146\u0113miens, ar kura pal\u012bdz\u012bbu var rad\u012bt interesantu un neparastu efektu. \u0160is skr\u0101pis ir veidots, lai nodro\u0161in\u0101tu m\u0101ksliniekam pla\u0161u skr\u0101p\u0113juma formu izv\u0113li. Ide\u0101li piem\u0113rots lieto\u0161anai kop\u0101 ar Derwent Artbar un citiem uz vaska b\u0101zes veidotiem l\u012bdzek\u013ciem vai e\u013c\u013cas kr\u012bti\u0146iem, k\u0101 ar\u012b var tikt izmantots ar uz \u016bdens b\u0101zes veidot\u0101m kr\u0101s\u0101m, piem\u0113ram, e\u013c\u013cu un akrilu.","og_url":"https:\/\/hobstop.ee\/lv\/produkts\/skrapis-derwent-artbar\/","og_site_name":"Skizze","article_publisher":"http:\/\/www.facebook.com\/VunderSkizze","article_modified_time":"-0001-11-30T00:00:00+00:00","og_image":[{"width":1024,"height":768,"url":"https:\/\/hobstop.ee\/media\/3301.jpg","type":"image\/jpeg"}],"twitter_card":"summary_large_image","schema":{"@context":"https:\/\/schema.org","@graph":[{"@type":"WebPage","@id":"https:\/\/hobstop.ee\/lv\/produkts\/skrapis-derwent-artbar\/","url":"https:\/\/hobstop.ee\/lv\/produkts\/skrapis-derwent-artbar\/","name":"Skr\u0101pis Derwent Artbar &#8211; Skizze","isPartOf":{"@id":"https:\/\/hobstop.ee\/lv\/#website"},"primaryImageOfPage":{"@id":"https:\/\/hobstop.ee\/lv\/produkts\/skrapis-derwent-artbar\/#primaryimage"},"image":{"@id":"https:\/\/hobstop.ee\/lv\/produkts\/skrapis-derwent-artbar\/#primaryimage"},"thumbnailUrl":"https:\/\/hobstop.ee\/media\/3301.jpg","datePublished":"2014-12-09T11:34:54+00:00","dateModified":"-0001-11-30T00:00:00+00:00","breadcrumb":{"@id":"https:\/\/hobstop.ee\/lv\/produkts\/skrapis-derwent-artbar\/#breadcrumb"},"inLanguage":"lv-LV","potentialAction":[{"@type":"ReadAction","target":["https:\/\/hobstop.ee\/lv\/produkts\/skrapis-derwent-artbar\/"]}]},{"@type":"ImageObject","inLanguage":"lv-LV","@id":"https:\/\/hobstop.ee\/lv\/produkts\/skrapis-derwent-artbar\/#primaryimage","url":"https:\/\/hobstop.ee\/media\/3301.jpg","contentUrl":"https:\/\/hobstop.ee\/media\/3301.jpg","width":1024,"height":768},{"@type":"BreadcrumbList","@id":"https:\/\/hobstop.ee\/lv\/produkts\/skrapis-derwent-artbar\/#breadcrumb","itemListElement":[{"@type":"ListItem","position":1,"name":"Avaleht","item":"https:\/\/hobstop.ee\/lv\/"},{"@type":"ListItem","position":2,"name":"Veikals","item":"https:\/\/hobstop.ee\/lv\/veikals\/"},{"@type":"ListItem","position":3,"name":"Skr\u0101pis Derwent Artbar"}]},{"@type":"WebSite","@id":"https:\/\/hobstop.ee\/lv\/#website","url":"https:\/\/hobstop.ee\/lv\/","name":"Skizze","description":"M\u0101kslas, hobiju un skolas preces","publisher":{"@id":"https:\/\/hobstop.ee\/lv\/#organization"},"potentialAction":[{"@type":"SearchAction","target":{"@type":"EntryPoint","urlTemplate":"https:\/\/hobstop.ee\/lv\/?s={search_term_string}"},"query-input":{"@type":"PropertyValueSpecification","valueRequired":true,"valueName":"search_term_string"}}],"inLanguage":"lv-LV"},{"@type":"Organization","@id":"https:\/\/hobstop.ee\/lv\/#organization","name":"Vunder AS","url":"https:\/\/hobstop.ee\/lv\/","logo":{"@type":"ImageObject","inLanguage":"lv-LV","@id":"https:\/\/hobstop.ee\/lv\/#\/schema\/logo\/image\/","url":"https:\/\/hobstop.ee\/media\/vunder-logo.png","contentUrl":"https:\/\/hobstop.ee\/media\/vunder-logo.png","width":127,"height":55,"caption":"Vunder AS"},"image":{"@id":"https:\/\/hobstop.ee\/lv\/#\/schema\/logo\/image\/"},"sameAs":["http:\/\/www.facebook.com\/VunderSkizze"]}]}},"_links":{"self":[{"href":"https:\/\/hobstop.ee\/lv\/wp-json\/wp\/v2\/product\/62517","targetHints":{"allow":["GET"]}}],"collection":[{"href":"https:\/\/hobstop.ee\/lv\/wp-json\/wp\/v2\/product"}],"about":[{"href":"https:\/\/hobstop.ee\/lv\/wp-json\/wp\/v2\/types\/product"}],"replies":[{"embeddable":true,"href":"https:\/\/hobstop.ee\/lv\/wp-json\/wp\/v2\/comments?post=62517"}],"wp:featuredmedia":[{"embeddable":true,"href":"https:\/\/hobstop.ee\/lv\/wp-json\/wp\/v2\/media\/148345"}],"wp:attachment":[{"href":"https:\/\/hobstop.ee\/lv\/wp-json\/wp\/v2\/media?parent=62517"}],"wp:term":[{"taxonomy":"product_cat","embeddable":true,"href":"https:\/\/hobstop.ee\/lv\/wp-json\/wp\/v2\/product_cat?post=62517"},{"taxonomy":"product_tag","embeddable":true,"href":"https:\/\/hobstop.ee\/lv\/wp-json\/wp\/v2\/product_tag?post=62517"}],"curies":[{"name":"wp","href":"https:\/\/api.w.org\/{rel}","templated":true}]}}