{"id":62532,"date":"2014-12-08T23:05:40","date_gmt":"2014-12-08T21:05:40","guid":{"rendered":"https:\/\/sharks.ee\/vunder_2019.klient.veebimajutus.ee\/?post_type=product&p=62532"},"modified":"2019-05-30T16:04:40","modified_gmt":"2019-05-30T13:04:40","slug":"nepalas-papirs-51x76cm-ornamenti","status":"publish","type":"product","link":"https:\/\/hobstop.ee\/lv\/produkts\/nepalas-papirs-51x76cm-ornamenti\/","title":{"rendered":"Nep\u0101las pap\u012brs 51x76cm ornamenti"},"content":{"rendered":"<p>\u0160is pap\u012brs l\u012bdz pat \u0161odienai  tiek izgatavots ar rok\u0101m Nep\u0101l\u0101,  p\u0113c senas un tradicion\u0101las tehnikas.  Tas izce\u013cas ar augstu kvalit\u0101ti, iztur\u012bbu un izteiktu tekst\u016bru.  Nep\u0101las pap\u012brs ir 100% dab\u012bgs un nesatur sk\u0101bes.   Katra lapa ir izgatavota ar rok\u0101m un ir piln\u012bb\u0101 neatk\u0101rtojama.<\/p>\n","protected":false},"excerpt":{"rendered":"<p>\u0160is pap\u012brs l\u012bdz pat \u0161odienai tiek izgatavots ar rok\u0101m Nep\u0101l\u0101, p\u0113c senas un tradicion\u0101las tehnikas. Tas izce\u013cas ar augstu kvalit\u0101ti, iztur\u012bbu un izteiktu tekst\u016bru. Nep\u0101las pap\u012brs ir 100% dab\u012bgs un nesatur sk\u0101bes. Katra lapa ir izgatavota ar rok\u0101m un ir piln\u012bb\u0101 neatk\u0101rtojama.<\/p>\n","protected":false},"featured_media":148361,"comment_status":"closed","ping_status":"closed","template":"","meta":{"_acf_changed":false,"ep_exclude_from_search":false},"product_cat":[17921,17990,18482],"product_tag":[],"class_list":{"0":"post-62532","1":"product","2":"type-product","3":"status-publish","4":"has-post-thumbnail","6":"product_cat-papira-izstradajumi","7":"product_cat-rokdarbu-papirs","8":"product_cat-roku-darbs","9":"pa_kma-7775","10":"pa_kma-7776","12":"first","13":"instock","14":"sale","15":"taxable","16":"shipping-taxable","17":"purchasable","18":"product-type-variable"},"acf":[],"yoast_head":"<!-- This site is optimized with the Yoast SEO plugin v24.1 - https:\/\/yoast.com\/wordpress\/plugins\/seo\/ -->\n<title>Nep\u0101las pap\u012brs 51x76cm ornamenti &#8211; Skizze<\/title>\n<meta name=\"robots\" content=\"noindex, follow, max-snippet:-1, max-image-preview:large, max-video-preview:-1\" \/>\n<meta property=\"og:locale\" content=\"lv_LV\" \/>\n<meta property=\"og:type\" content=\"article\" \/>\n<meta property=\"og:title\" content=\"Nep\u0101las pap\u012brs 51x76cm ornamenti &#8211; Skizze\" \/>\n<meta property=\"og:description\" content=\"\u0160is pap\u012brs l\u012bdz pat \u0161odienai tiek izgatavots ar rok\u0101m Nep\u0101l\u0101, p\u0113c senas un tradicion\u0101las tehnikas. Tas izce\u013cas ar augstu kvalit\u0101ti, iztur\u012bbu un izteiktu tekst\u016bru. Nep\u0101las pap\u012brs ir 100% dab\u012bgs un nesatur sk\u0101bes. Katra lapa ir izgatavota ar rok\u0101m un ir piln\u012bb\u0101 neatk\u0101rtojama.\" \/>\n<meta property=\"og:url\" content=\"https:\/\/hobstop.ee\/lv\/produkts\/nepalas-papirs-51x76cm-ornamenti\/\" \/>\n<meta property=\"og:site_name\" content=\"Skizze\" \/>\n<meta property=\"article:publisher\" content=\"http:\/\/www.facebook.com\/VunderSkizze\" \/>\n<meta property=\"article:modified_time\" content=\"2019-05-30T13:04:40+00:00\" \/>\n<meta property=\"og:image\" content=\"https:\/\/www.hobstop.ee\/media\/3308.jpg\" \/>\n\t<meta property=\"og:image:width\" content=\"586\" \/>\n\t<meta property=\"og:image:height\" content=\"480\" \/>\n\t<meta property=\"og:image:type\" content=\"image\/jpeg\" \/>\n<meta name=\"twitter:card\" content=\"summary_large_image\" \/>\n<script type=\"application\/ld+json\" class=\"yoast-schema-graph\">{\"@context\":\"https:\/\/schema.org\",\"@graph\":[{\"@type\":\"WebPage\",\"@id\":\"https:\/\/hobstop.ee\/lv\/produkts\/nepalas-papirs-51x76cm-ornamenti\/\",\"url\":\"https:\/\/hobstop.ee\/lv\/produkts\/nepalas-papirs-51x76cm-ornamenti\/\",\"name\":\"Nep\u0101las pap\u012brs 51x76cm ornamenti &#8211; Skizze\",\"isPartOf\":{\"@id\":\"https:\/\/hobstop.ee\/lv\/#website\"},\"primaryImageOfPage\":{\"@id\":\"https:\/\/hobstop.ee\/lv\/produkts\/nepalas-papirs-51x76cm-ornamenti\/#primaryimage\"},\"image\":{\"@id\":\"https:\/\/hobstop.ee\/lv\/produkts\/nepalas-papirs-51x76cm-ornamenti\/#primaryimage\"},\"thumbnailUrl\":\"https:\/\/hobstop.ee\/media\/3308.jpg\",\"datePublished\":\"-0001-11-30T00:00:00+00:00\",\"dateModified\":\"2019-05-30T13:04:40+00:00\",\"breadcrumb\":{\"@id\":\"https:\/\/hobstop.ee\/lv\/produkts\/nepalas-papirs-51x76cm-ornamenti\/#breadcrumb\"},\"inLanguage\":\"lv-LV\",\"potentialAction\":[{\"@type\":\"ReadAction\",\"target\":[\"https:\/\/hobstop.ee\/lv\/produkts\/nepalas-papirs-51x76cm-ornamenti\/\"]}]},{\"@type\":\"ImageObject\",\"inLanguage\":\"lv-LV\",\"@id\":\"https:\/\/hobstop.ee\/lv\/produkts\/nepalas-papirs-51x76cm-ornamenti\/#primaryimage\",\"url\":\"https:\/\/hobstop.ee\/media\/3308.jpg\",\"contentUrl\":\"https:\/\/hobstop.ee\/media\/3308.jpg\",\"width\":586,\"height\":480},{\"@type\":\"BreadcrumbList\",\"@id\":\"https:\/\/hobstop.ee\/lv\/produkts\/nepalas-papirs-51x76cm-ornamenti\/#breadcrumb\",\"itemListElement\":[{\"@type\":\"ListItem\",\"position\":1,\"name\":\"Avaleht\",\"item\":\"https:\/\/hobstop.ee\/lv\/\"},{\"@type\":\"ListItem\",\"position\":2,\"name\":\"Veikals\",\"item\":\"https:\/\/hobstop.ee\/lv\/veikals\/\"},{\"@type\":\"ListItem\",\"position\":3,\"name\":\"Nep\u0101las pap\u012brs 51x76cm ornamenti\"}]},{\"@type\":\"WebSite\",\"@id\":\"https:\/\/hobstop.ee\/lv\/#website\",\"url\":\"https:\/\/hobstop.ee\/lv\/\",\"name\":\"Skizze\",\"description\":\"M\u0101kslas, hobiju un skolas preces\",\"publisher\":{\"@id\":\"https:\/\/hobstop.ee\/lv\/#organization\"},\"potentialAction\":[{\"@type\":\"SearchAction\",\"target\":{\"@type\":\"EntryPoint\",\"urlTemplate\":\"https:\/\/hobstop.ee\/lv\/?s={search_term_string}\"},\"query-input\":{\"@type\":\"PropertyValueSpecification\",\"valueRequired\":true,\"valueName\":\"search_term_string\"}}],\"inLanguage\":\"lv-LV\"},{\"@type\":\"Organization\",\"@id\":\"https:\/\/hobstop.ee\/lv\/#organization\",\"name\":\"Vunder AS\",\"url\":\"https:\/\/hobstop.ee\/lv\/\",\"logo\":{\"@type\":\"ImageObject\",\"inLanguage\":\"lv-LV\",\"@id\":\"https:\/\/hobstop.ee\/lv\/#\/schema\/logo\/image\/\",\"url\":\"https:\/\/hobstop.ee\/media\/vunder-logo.png\",\"contentUrl\":\"https:\/\/hobstop.ee\/media\/vunder-logo.png\",\"width\":127,\"height\":55,\"caption\":\"Vunder AS\"},\"image\":{\"@id\":\"https:\/\/hobstop.ee\/lv\/#\/schema\/logo\/image\/\"},\"sameAs\":[\"http:\/\/www.facebook.com\/VunderSkizze\"]}]}<\/script>\n<!-- \/ Yoast SEO plugin. -->","yoast_head_json":{"title":"Nep\u0101las pap\u012brs 51x76cm ornamenti &#8211; Skizze","robots":{"index":"noindex","follow":"follow","max-snippet":"max-snippet:-1","max-image-preview":"max-image-preview:large","max-video-preview":"max-video-preview:-1"},"og_locale":"lv_LV","og_type":"article","og_title":"Nep\u0101las pap\u012brs 51x76cm ornamenti &#8211; Skizze","og_description":"\u0160is pap\u012brs l\u012bdz pat \u0161odienai tiek izgatavots ar rok\u0101m Nep\u0101l\u0101, p\u0113c senas un tradicion\u0101las tehnikas. Tas izce\u013cas ar augstu kvalit\u0101ti, iztur\u012bbu un izteiktu tekst\u016bru. Nep\u0101las pap\u012brs ir 100% dab\u012bgs un nesatur sk\u0101bes. Katra lapa ir izgatavota ar rok\u0101m un ir piln\u012bb\u0101 neatk\u0101rtojama.","og_url":"https:\/\/hobstop.ee\/lv\/produkts\/nepalas-papirs-51x76cm-ornamenti\/","og_site_name":"Skizze","article_publisher":"http:\/\/www.facebook.com\/VunderSkizze","article_modified_time":"2019-05-30T13:04:40+00:00","og_image":[{"width":586,"height":480,"url":"https:\/\/www.hobstop.ee\/media\/3308.jpg","type":"image\/jpeg"}],"twitter_card":"summary_large_image","schema":{"@context":"https:\/\/schema.org","@graph":[{"@type":"WebPage","@id":"https:\/\/hobstop.ee\/lv\/produkts\/nepalas-papirs-51x76cm-ornamenti\/","url":"https:\/\/hobstop.ee\/lv\/produkts\/nepalas-papirs-51x76cm-ornamenti\/","name":"Nep\u0101las pap\u012brs 51x76cm ornamenti &#8211; Skizze","isPartOf":{"@id":"https:\/\/hobstop.ee\/lv\/#website"},"primaryImageOfPage":{"@id":"https:\/\/hobstop.ee\/lv\/produkts\/nepalas-papirs-51x76cm-ornamenti\/#primaryimage"},"image":{"@id":"https:\/\/hobstop.ee\/lv\/produkts\/nepalas-papirs-51x76cm-ornamenti\/#primaryimage"},"thumbnailUrl":"https:\/\/hobstop.ee\/media\/3308.jpg","datePublished":"-0001-11-30T00:00:00+00:00","dateModified":"2019-05-30T13:04:40+00:00","breadcrumb":{"@id":"https:\/\/hobstop.ee\/lv\/produkts\/nepalas-papirs-51x76cm-ornamenti\/#breadcrumb"},"inLanguage":"lv-LV","potentialAction":[{"@type":"ReadAction","target":["https:\/\/hobstop.ee\/lv\/produkts\/nepalas-papirs-51x76cm-ornamenti\/"]}]},{"@type":"ImageObject","inLanguage":"lv-LV","@id":"https:\/\/hobstop.ee\/lv\/produkts\/nepalas-papirs-51x76cm-ornamenti\/#primaryimage","url":"https:\/\/hobstop.ee\/media\/3308.jpg","contentUrl":"https:\/\/hobstop.ee\/media\/3308.jpg","width":586,"height":480},{"@type":"BreadcrumbList","@id":"https:\/\/hobstop.ee\/lv\/produkts\/nepalas-papirs-51x76cm-ornamenti\/#breadcrumb","itemListElement":[{"@type":"ListItem","position":1,"name":"Avaleht","item":"https:\/\/hobstop.ee\/lv\/"},{"@type":"ListItem","position":2,"name":"Veikals","item":"https:\/\/hobstop.ee\/lv\/veikals\/"},{"@type":"ListItem","position":3,"name":"Nep\u0101las pap\u012brs 51x76cm ornamenti"}]},{"@type":"WebSite","@id":"https:\/\/hobstop.ee\/lv\/#website","url":"https:\/\/hobstop.ee\/lv\/","name":"Skizze","description":"M\u0101kslas, hobiju un skolas preces","publisher":{"@id":"https:\/\/hobstop.ee\/lv\/#organization"},"potentialAction":[{"@type":"SearchAction","target":{"@type":"EntryPoint","urlTemplate":"https:\/\/hobstop.ee\/lv\/?s={search_term_string}"},"query-input":{"@type":"PropertyValueSpecification","valueRequired":true,"valueName":"search_term_string"}}],"inLanguage":"lv-LV"},{"@type":"Organization","@id":"https:\/\/hobstop.ee\/lv\/#organization","name":"Vunder AS","url":"https:\/\/hobstop.ee\/lv\/","logo":{"@type":"ImageObject","inLanguage":"lv-LV","@id":"https:\/\/hobstop.ee\/lv\/#\/schema\/logo\/image\/","url":"https:\/\/hobstop.ee\/media\/vunder-logo.png","contentUrl":"https:\/\/hobstop.ee\/media\/vunder-logo.png","width":127,"height":55,"caption":"Vunder AS"},"image":{"@id":"https:\/\/hobstop.ee\/lv\/#\/schema\/logo\/image\/"},"sameAs":["http:\/\/www.facebook.com\/VunderSkizze"]}]}},"_links":{"self":[{"href":"https:\/\/hobstop.ee\/lv\/wp-json\/wp\/v2\/product\/62532","targetHints":{"allow":["GET"]}}],"collection":[{"href":"https:\/\/hobstop.ee\/lv\/wp-json\/wp\/v2\/product"}],"about":[{"href":"https:\/\/hobstop.ee\/lv\/wp-json\/wp\/v2\/types\/product"}],"replies":[{"embeddable":true,"href":"https:\/\/hobstop.ee\/lv\/wp-json\/wp\/v2\/comments?post=62532"}],"wp:featuredmedia":[{"embeddable":true,"href":"https:\/\/hobstop.ee\/lv\/wp-json\/wp\/v2\/media\/148361"}],"wp:attachment":[{"href":"https:\/\/hobstop.ee\/lv\/wp-json\/wp\/v2\/media?parent=62532"}],"wp:term":[{"taxonomy":"product_cat","embeddable":true,"href":"https:\/\/hobstop.ee\/lv\/wp-json\/wp\/v2\/product_cat?post=62532"},{"taxonomy":"product_tag","embeddable":true,"href":"https:\/\/hobstop.ee\/lv\/wp-json\/wp\/v2\/product_tag?post=62532"}],"curies":[{"name":"wp","href":"https:\/\/api.w.org\/{rel}","templated":true}]}}