{"id":62562,"date":"2014-12-09T13:35:04","date_gmt":"2014-12-09T11:35:04","guid":{"rendered":"https:\/\/sharks.ee\/vunder_2019.klient.veebimajutus.ee\/?post_type=product&p=62562"},"modified":"2014-12-09T13:35:04","modified_gmt":"2014-12-09T10:35:04","slug":"ellas-krasa-artisan-37ml","status":"publish","type":"product","link":"https:\/\/hobstop.ee\/lv\/produkts\/ellas-krasa-artisan-37ml\/","title":{"rendered":"E\u013c\u013cas kr\u0101sa Artisan 37ml"},"content":{"rendered":"<p>\u0160\u012bs br\u012bni\u0161\u0137\u012bg\u0101s kr\u0101sas ir veidotas, lai t\u0101s izskat\u012btos un str\u0101d\u0101tu glu\u017ei k\u0101 ierast\u0101s e\u013c\u013cas kr\u0101sas, tom\u0113r t\u0101s ir nedaudz \u012bpa\u0161ak\u0101s. T\u0101s var izmantot bez kait\u012bgiem \u0161\u0137\u012bdin\u0101t\u0101jiem, jo piln\u012bgi pietiek ar \u016bdeni gan \u0161\u0137idrin\u0101\u0161anai, gan t\u012br\u012b\u0161anai. \u0160\u012bs kr\u0101sas ir \u012bpa\u0161i piem\u0113rotas m\u0101ksliniekiem, kas izmanto vienu darba vietu kop\u0101 ar citiem vai ar\u012b nev\u0113las izmantot \u0161\u0137\u012bdin\u0101t\u0101jus skol\u0101 vai m\u0101j\u0101s. Artisan ar \u016bdeni jaucam\u0101s e\u013c\u013cas kr\u0101sas ir spilgtos to\u0146os, biezu, sviestam l\u012bdz\u012bgu konsistenci, t\u0101d\u0113\u013c t\u0101s var izmantot da\u017e\u0101dos veidos. Artisan produktu kl\u0101st\u0101 ietilpst ar\u012b \u012bpa\u0161u \u0161\u0137idrin\u0101t\u0101ju, e\u013c\u013cu un mediju sortiments.<\/p>\n","protected":false},"excerpt":{"rendered":"<p>\u0160\u012bs br\u012bni\u0161\u0137\u012bg\u0101s kr\u0101sas ir veidotas, lai t\u0101s izskat\u012btos un str\u0101d\u0101tu glu\u017ei k\u0101 ierast\u0101s e\u013c\u013cas kr\u0101sas, tom\u0113r t\u0101s ir nedaudz \u012bpa\u0161ak\u0101s. T\u0101s var izmantot bez kait\u012bgiem \u0161\u0137\u012bdin\u0101t\u0101jiem, jo piln\u012bgi pietiek ar \u016bdeni gan \u0161\u0137idrin\u0101\u0161anai, gan t\u012br\u012b\u0161anai. \u0160\u012bs kr\u0101sas ir \u012bpa\u0161i piem\u0113rotas m\u0101ksliniekiem, kas izmanto vienu darba vietu kop\u0101 ar citiem vai ar\u012b nev\u0113las izmantot \u0161\u0137\u012bdin\u0101t\u0101jus skol\u0101 vai m\u0101j\u0101s. Artisan ar \u016bdeni jaucam\u0101s e\u013c\u013cas kr\u0101sas ir spilgtos to\u0146os, biezu, sviestam l\u012bdz\u012bgu konsistenci, t\u0101d\u0113\u013c t\u0101s var izmantot da\u017e\u0101dos veidos. Artisan produktu kl\u0101st\u0101 ietilpst ar\u012b \u012bpa\u0161u \u0161\u0137idrin\u0101t\u0101ju, e\u013c\u013cu un mediju sortiments.<\/p>\n","protected":false},"featured_media":106690,"comment_status":"closed","ping_status":"closed","template":"","meta":{"_acf_changed":false,"ep_exclude_from_search":false},"product_cat":[18165,17980,16123],"product_tag":[],"class_list":{"0":"post-62562","1":"product","2":"type-product","3":"status-publish","4":"has-post-thumbnail","6":"product_cat-ellas-krasas-3","7":"product_cat-krasas-un-gleznosanas-paligmateriali","8":"product_cat-makslas-piederumi-2","10":"first","11":"instock","12":"taxable","13":"shipping-taxable","14":"purchasable","15":"product-type-variable"},"acf":[],"yoast_head":"<!-- This site is optimized with the Yoast SEO plugin v24.1 - https:\/\/yoast.com\/wordpress\/plugins\/seo\/ -->\n<title>E\u013c\u013cas kr\u0101sa Artisan 37ml &#8211; Skizze<\/title>\n<meta name=\"robots\" content=\"noindex, follow, max-snippet:-1, max-image-preview:large, max-video-preview:-1\" \/>\n<meta property=\"og:locale\" content=\"lv_LV\" \/>\n<meta property=\"og:type\" content=\"article\" \/>\n<meta property=\"og:title\" content=\"E\u013c\u013cas kr\u0101sa Artisan 37ml &#8211; Skizze\" \/>\n<meta property=\"og:description\" content=\"\u0160\u012bs br\u012bni\u0161\u0137\u012bg\u0101s kr\u0101sas ir veidotas, lai t\u0101s izskat\u012btos un str\u0101d\u0101tu glu\u017ei k\u0101 ierast\u0101s e\u013c\u013cas kr\u0101sas, tom\u0113r t\u0101s ir nedaudz \u012bpa\u0161ak\u0101s. T\u0101s var izmantot bez kait\u012bgiem \u0161\u0137\u012bdin\u0101t\u0101jiem, jo piln\u012bgi pietiek ar \u016bdeni gan \u0161\u0137idrin\u0101\u0161anai, gan t\u012br\u012b\u0161anai. \u0160\u012bs kr\u0101sas ir \u012bpa\u0161i piem\u0113rotas m\u0101ksliniekiem, kas izmanto vienu darba vietu kop\u0101 ar citiem vai ar\u012b nev\u0113las izmantot \u0161\u0137\u012bdin\u0101t\u0101jus skol\u0101 vai m\u0101j\u0101s. Artisan ar \u016bdeni jaucam\u0101s e\u013c\u013cas kr\u0101sas ir spilgtos to\u0146os, biezu, sviestam l\u012bdz\u012bgu konsistenci, t\u0101d\u0113\u013c t\u0101s var izmantot da\u017e\u0101dos veidos. Artisan produktu kl\u0101st\u0101 ietilpst ar\u012b \u012bpa\u0161u \u0161\u0137idrin\u0101t\u0101ju, e\u013c\u013cu un mediju sortiments.\" \/>\n<meta property=\"og:url\" content=\"https:\/\/hobstop.ee\/lv\/produkts\/ellas-krasa-artisan-37ml\/\" \/>\n<meta property=\"og:site_name\" content=\"Skizze\" \/>\n<meta property=\"article:publisher\" content=\"http:\/\/www.facebook.com\/VunderSkizze\" \/>\n<meta property=\"article:modified_time\" content=\"-0001-11-30T00:00:00+00:00\" \/>\n<meta property=\"og:image\" content=\"https:\/\/hobstop.ee\/media\/3329.jpg\" \/>\n\t<meta property=\"og:image:width\" content=\"1024\" \/>\n\t<meta property=\"og:image:height\" content=\"768\" \/>\n\t<meta property=\"og:image:type\" content=\"image\/jpeg\" \/>\n<meta name=\"twitter:card\" content=\"summary_large_image\" \/>\n<meta name=\"twitter:label1\" content=\"Est. reading time\" \/>\n\t<meta name=\"twitter:data1\" content=\"1 min\u016b\u0161u\" \/>\n<script type=\"application\/ld+json\" class=\"yoast-schema-graph\">{\"@context\":\"https:\/\/schema.org\",\"@graph\":[{\"@type\":\"WebPage\",\"@id\":\"https:\/\/hobstop.ee\/lv\/produkts\/ellas-krasa-artisan-37ml\/\",\"url\":\"https:\/\/hobstop.ee\/lv\/produkts\/ellas-krasa-artisan-37ml\/\",\"name\":\"E\u013c\u013cas kr\u0101sa Artisan 37ml &#8211; Skizze\",\"isPartOf\":{\"@id\":\"https:\/\/hobstop.ee\/lv\/#website\"},\"primaryImageOfPage\":{\"@id\":\"https:\/\/hobstop.ee\/lv\/produkts\/ellas-krasa-artisan-37ml\/#primaryimage\"},\"image\":{\"@id\":\"https:\/\/hobstop.ee\/lv\/produkts\/ellas-krasa-artisan-37ml\/#primaryimage\"},\"thumbnailUrl\":\"https:\/\/hobstop.ee\/media\/3329.jpg\",\"datePublished\":\"2014-12-09T11:35:04+00:00\",\"dateModified\":\"-0001-11-30T00:00:00+00:00\",\"breadcrumb\":{\"@id\":\"https:\/\/hobstop.ee\/lv\/produkts\/ellas-krasa-artisan-37ml\/#breadcrumb\"},\"inLanguage\":\"lv-LV\",\"potentialAction\":[{\"@type\":\"ReadAction\",\"target\":[\"https:\/\/hobstop.ee\/lv\/produkts\/ellas-krasa-artisan-37ml\/\"]}]},{\"@type\":\"ImageObject\",\"inLanguage\":\"lv-LV\",\"@id\":\"https:\/\/hobstop.ee\/lv\/produkts\/ellas-krasa-artisan-37ml\/#primaryimage\",\"url\":\"https:\/\/hobstop.ee\/media\/3329.jpg\",\"contentUrl\":\"https:\/\/hobstop.ee\/media\/3329.jpg\",\"width\":1024,\"height\":768},{\"@type\":\"BreadcrumbList\",\"@id\":\"https:\/\/hobstop.ee\/lv\/produkts\/ellas-krasa-artisan-37ml\/#breadcrumb\",\"itemListElement\":[{\"@type\":\"ListItem\",\"position\":1,\"name\":\"Avaleht\",\"item\":\"https:\/\/www.hobstop.ee\/lv\/\"},{\"@type\":\"ListItem\",\"position\":2,\"name\":\"Veikals\",\"item\":\"https:\/\/www.hobstop.ee\/lv\/veikals\/\"},{\"@type\":\"ListItem\",\"position\":3,\"name\":\"E\u013c\u013cas kr\u0101sa Artisan 37ml\"}]},{\"@type\":\"WebSite\",\"@id\":\"https:\/\/hobstop.ee\/lv\/#website\",\"url\":\"https:\/\/hobstop.ee\/lv\/\",\"name\":\"Skizze\",\"description\":\"M\u0101kslas, hobiju un skolas preces\",\"publisher\":{\"@id\":\"https:\/\/hobstop.ee\/lv\/#organization\"},\"potentialAction\":[{\"@type\":\"SearchAction\",\"target\":{\"@type\":\"EntryPoint\",\"urlTemplate\":\"https:\/\/hobstop.ee\/lv\/?s={search_term_string}\"},\"query-input\":{\"@type\":\"PropertyValueSpecification\",\"valueRequired\":true,\"valueName\":\"search_term_string\"}}],\"inLanguage\":\"lv-LV\"},{\"@type\":\"Organization\",\"@id\":\"https:\/\/hobstop.ee\/lv\/#organization\",\"name\":\"Vunder AS\",\"url\":\"https:\/\/hobstop.ee\/lv\/\",\"logo\":{\"@type\":\"ImageObject\",\"inLanguage\":\"lv-LV\",\"@id\":\"https:\/\/hobstop.ee\/lv\/#\/schema\/logo\/image\/\",\"url\":\"https:\/\/hobstop.ee\/media\/vunder-logo.png\",\"contentUrl\":\"https:\/\/hobstop.ee\/media\/vunder-logo.png\",\"width\":127,\"height\":55,\"caption\":\"Vunder AS\"},\"image\":{\"@id\":\"https:\/\/hobstop.ee\/lv\/#\/schema\/logo\/image\/\"},\"sameAs\":[\"http:\/\/www.facebook.com\/VunderSkizze\"]}]}<\/script>\n<!-- \/ Yoast SEO plugin. -->","yoast_head_json":{"title":"E\u013c\u013cas kr\u0101sa Artisan 37ml &#8211; Skizze","robots":{"index":"noindex","follow":"follow","max-snippet":"max-snippet:-1","max-image-preview":"max-image-preview:large","max-video-preview":"max-video-preview:-1"},"og_locale":"lv_LV","og_type":"article","og_title":"E\u013c\u013cas kr\u0101sa Artisan 37ml &#8211; Skizze","og_description":"\u0160\u012bs br\u012bni\u0161\u0137\u012bg\u0101s kr\u0101sas ir veidotas, lai t\u0101s izskat\u012btos un str\u0101d\u0101tu glu\u017ei k\u0101 ierast\u0101s e\u013c\u013cas kr\u0101sas, tom\u0113r t\u0101s ir nedaudz \u012bpa\u0161ak\u0101s. T\u0101s var izmantot bez kait\u012bgiem \u0161\u0137\u012bdin\u0101t\u0101jiem, jo piln\u012bgi pietiek ar \u016bdeni gan \u0161\u0137idrin\u0101\u0161anai, gan t\u012br\u012b\u0161anai. \u0160\u012bs kr\u0101sas ir \u012bpa\u0161i piem\u0113rotas m\u0101ksliniekiem, kas izmanto vienu darba vietu kop\u0101 ar citiem vai ar\u012b nev\u0113las izmantot \u0161\u0137\u012bdin\u0101t\u0101jus skol\u0101 vai m\u0101j\u0101s. Artisan ar \u016bdeni jaucam\u0101s e\u013c\u013cas kr\u0101sas ir spilgtos to\u0146os, biezu, sviestam l\u012bdz\u012bgu konsistenci, t\u0101d\u0113\u013c t\u0101s var izmantot da\u017e\u0101dos veidos. Artisan produktu kl\u0101st\u0101 ietilpst ar\u012b \u012bpa\u0161u \u0161\u0137idrin\u0101t\u0101ju, e\u013c\u013cu un mediju sortiments.","og_url":"https:\/\/hobstop.ee\/lv\/produkts\/ellas-krasa-artisan-37ml\/","og_site_name":"Skizze","article_publisher":"http:\/\/www.facebook.com\/VunderSkizze","article_modified_time":"-0001-11-30T00:00:00+00:00","og_image":[{"width":1024,"height":768,"url":"https:\/\/hobstop.ee\/media\/3329.jpg","type":"image\/jpeg"}],"twitter_card":"summary_large_image","twitter_misc":{"Est. reading time":"1 min\u016b\u0161u"},"schema":{"@context":"https:\/\/schema.org","@graph":[{"@type":"WebPage","@id":"https:\/\/hobstop.ee\/lv\/produkts\/ellas-krasa-artisan-37ml\/","url":"https:\/\/hobstop.ee\/lv\/produkts\/ellas-krasa-artisan-37ml\/","name":"E\u013c\u013cas kr\u0101sa Artisan 37ml &#8211; Skizze","isPartOf":{"@id":"https:\/\/hobstop.ee\/lv\/#website"},"primaryImageOfPage":{"@id":"https:\/\/hobstop.ee\/lv\/produkts\/ellas-krasa-artisan-37ml\/#primaryimage"},"image":{"@id":"https:\/\/hobstop.ee\/lv\/produkts\/ellas-krasa-artisan-37ml\/#primaryimage"},"thumbnailUrl":"https:\/\/hobstop.ee\/media\/3329.jpg","datePublished":"2014-12-09T11:35:04+00:00","dateModified":"-0001-11-30T00:00:00+00:00","breadcrumb":{"@id":"https:\/\/hobstop.ee\/lv\/produkts\/ellas-krasa-artisan-37ml\/#breadcrumb"},"inLanguage":"lv-LV","potentialAction":[{"@type":"ReadAction","target":["https:\/\/hobstop.ee\/lv\/produkts\/ellas-krasa-artisan-37ml\/"]}]},{"@type":"ImageObject","inLanguage":"lv-LV","@id":"https:\/\/hobstop.ee\/lv\/produkts\/ellas-krasa-artisan-37ml\/#primaryimage","url":"https:\/\/hobstop.ee\/media\/3329.jpg","contentUrl":"https:\/\/hobstop.ee\/media\/3329.jpg","width":1024,"height":768},{"@type":"BreadcrumbList","@id":"https:\/\/hobstop.ee\/lv\/produkts\/ellas-krasa-artisan-37ml\/#breadcrumb","itemListElement":[{"@type":"ListItem","position":1,"name":"Avaleht","item":"https:\/\/www.hobstop.ee\/lv\/"},{"@type":"ListItem","position":2,"name":"Veikals","item":"https:\/\/www.hobstop.ee\/lv\/veikals\/"},{"@type":"ListItem","position":3,"name":"E\u013c\u013cas kr\u0101sa Artisan 37ml"}]},{"@type":"WebSite","@id":"https:\/\/hobstop.ee\/lv\/#website","url":"https:\/\/hobstop.ee\/lv\/","name":"Skizze","description":"M\u0101kslas, hobiju un skolas preces","publisher":{"@id":"https:\/\/hobstop.ee\/lv\/#organization"},"potentialAction":[{"@type":"SearchAction","target":{"@type":"EntryPoint","urlTemplate":"https:\/\/hobstop.ee\/lv\/?s={search_term_string}"},"query-input":{"@type":"PropertyValueSpecification","valueRequired":true,"valueName":"search_term_string"}}],"inLanguage":"lv-LV"},{"@type":"Organization","@id":"https:\/\/hobstop.ee\/lv\/#organization","name":"Vunder AS","url":"https:\/\/hobstop.ee\/lv\/","logo":{"@type":"ImageObject","inLanguage":"lv-LV","@id":"https:\/\/hobstop.ee\/lv\/#\/schema\/logo\/image\/","url":"https:\/\/hobstop.ee\/media\/vunder-logo.png","contentUrl":"https:\/\/hobstop.ee\/media\/vunder-logo.png","width":127,"height":55,"caption":"Vunder AS"},"image":{"@id":"https:\/\/hobstop.ee\/lv\/#\/schema\/logo\/image\/"},"sameAs":["http:\/\/www.facebook.com\/VunderSkizze"]}]}},"_links":{"self":[{"href":"https:\/\/hobstop.ee\/lv\/wp-json\/wp\/v2\/product\/62562","targetHints":{"allow":["GET"]}}],"collection":[{"href":"https:\/\/hobstop.ee\/lv\/wp-json\/wp\/v2\/product"}],"about":[{"href":"https:\/\/hobstop.ee\/lv\/wp-json\/wp\/v2\/types\/product"}],"replies":[{"embeddable":true,"href":"https:\/\/hobstop.ee\/lv\/wp-json\/wp\/v2\/comments?post=62562"}],"wp:featuredmedia":[{"embeddable":true,"href":"https:\/\/hobstop.ee\/lv\/wp-json\/wp\/v2\/media\/106690"}],"wp:attachment":[{"href":"https:\/\/hobstop.ee\/lv\/wp-json\/wp\/v2\/media?parent=62562"}],"wp:term":[{"taxonomy":"product_cat","embeddable":true,"href":"https:\/\/hobstop.ee\/lv\/wp-json\/wp\/v2\/product_cat?post=62562"},{"taxonomy":"product_tag","embeddable":true,"href":"https:\/\/hobstop.ee\/lv\/wp-json\/wp\/v2\/product_tag?post=62562"}],"curies":[{"name":"wp","href":"https:\/\/api.w.org\/{rel}","templated":true}]}}