{"id":62565,"date":"2014-12-09T13:35:05","date_gmt":"2014-12-09T11:35:05","guid":{"rendered":"https:\/\/sharks.ee\/vunder_2019.klient.veebimajutus.ee\/?post_type=product&p=62565"},"modified":"2014-12-09T13:35:05","modified_gmt":"2014-12-09T10:35:05","slug":"zimogs-vasku-manuscript","status":"publish","type":"product","link":"https:\/\/hobstop.ee\/lv\/produkts\/zimogs-vasku-manuscript\/","title":{"rendered":"Z\u012bmogs + vasku Manuscript"},"content":{"rendered":"<p>Z\u012bmogo\u0161anas m\u0101kslas pirms\u0101kumi ir mekl\u0113jami sen\u0101 pag\u0101tn\u0113, kad z\u012bmogs pild\u012bja personas paraksta funkcijas.  Mazais, dekorat\u012bvais inici\u0101\u013cu vaska z\u012bmogs \u013caus saglab\u0101t \u0161o seno trad\u012bciju ar\u012b \u0161odien.  Tas ir lielisks l\u012bdzeklis, ar ko uzlikt savus inici\u0101\u013cus v\u0113stul\u0113m un citiem s\u016bt\u012bjumiem. Komplekt\u0101 ietilpst ar\u012b z\u012bmogu vasks un lieto\u0161anas pam\u0101c\u012bba. <\/p>\n<p>Komplekt\u0101 ietilpst:<br \/>\nSarkanas kr\u0101sas mazais rokturis<br \/>\nZ\u012bmogs ar inici\u0101\u013ciem<br \/>\nSarkanas kr\u0101sas z\u012bmogu vasks<\/p>\n","protected":false},"excerpt":{"rendered":"<p>Z\u012bmogo\u0161anas m\u0101kslas pirms\u0101kumi ir mekl\u0113jami sen\u0101 pag\u0101tn\u0113, kad z\u012bmogs pild\u012bja personas paraksta funkcijas. Mazais, dekorat\u012bvais inici\u0101\u013cu vaska z\u012bmogs \u013caus saglab\u0101t \u0161o seno trad\u012bciju ar\u012b \u0161odien. Tas ir lielisks l\u012bdzeklis, ar ko uzlikt savus inici\u0101\u013cus v\u0113stul\u0113m un citiem s\u016bt\u012bjumiem. Komplekt\u0101 ietilpst ar\u012b z\u012bmogu vasks un lieto\u0161anas pam\u0101c\u012bba. Komplekt\u0101 ietilpst: Sarkanas kr\u0101sas mazais rokturis Z\u012bmogs ar inici\u0101\u013ciem Sarkanas kr\u0101sas z\u012bmogu vasks<\/p>\n","protected":false},"featured_media":295069,"comment_status":"closed","ping_status":"closed","template":"","meta":{"_acf_changed":false,"ep_exclude_from_search":false},"product_cat":[19838,17918,18332],"product_tag":[],"class_list":{"0":"post-62565","1":"product","2":"type-product","3":"status-publish","4":"has-post-thumbnail","6":"product_cat-papirmaksla","7":"product_cat-preces-hobijiem","8":"product_cat-spiedogi-un-vasks-2","10":"first","11":"instock","12":"sale","13":"taxable","14":"shipping-taxable","15":"purchasable","16":"product-type-variable"},"acf":[],"yoast_head":"<!-- This site is optimized with the Yoast SEO plugin v24.1 - https:\/\/yoast.com\/wordpress\/plugins\/seo\/ -->\n<title>Z\u012bmogs + vasku Manuscript &#8211; Skizze<\/title>\n<meta name=\"robots\" content=\"noindex, follow, max-snippet:-1, max-image-preview:large, max-video-preview:-1\" \/>\n<meta property=\"og:locale\" content=\"lv_LV\" \/>\n<meta property=\"og:type\" content=\"article\" \/>\n<meta property=\"og:title\" content=\"Z\u012bmogs + vasku Manuscript &#8211; Skizze\" \/>\n<meta property=\"og:description\" content=\"Z\u012bmogo\u0161anas m\u0101kslas pirms\u0101kumi ir mekl\u0113jami sen\u0101 pag\u0101tn\u0113, kad z\u012bmogs pild\u012bja personas paraksta funkcijas. Mazais, dekorat\u012bvais inici\u0101\u013cu vaska z\u012bmogs \u013caus saglab\u0101t \u0161o seno trad\u012bciju ar\u012b \u0161odien. Tas ir lielisks l\u012bdzeklis, ar ko uzlikt savus inici\u0101\u013cus v\u0113stul\u0113m un citiem s\u016bt\u012bjumiem. Komplekt\u0101 ietilpst ar\u012b z\u012bmogu vasks un lieto\u0161anas pam\u0101c\u012bba. Komplekt\u0101 ietilpst: Sarkanas kr\u0101sas mazais rokturis Z\u012bmogs ar inici\u0101\u013ciem Sarkanas kr\u0101sas z\u012bmogu vasks\" \/>\n<meta property=\"og:url\" content=\"https:\/\/hobstop.ee\/lv\/produkts\/zimogs-vasku-manuscript\/\" \/>\n<meta property=\"og:site_name\" content=\"Skizze\" \/>\n<meta property=\"article:publisher\" content=\"http:\/\/www.facebook.com\/VunderSkizze\" \/>\n<meta property=\"article:modified_time\" content=\"-0001-11-30T00:00:00+00:00\" \/>\n<meta property=\"og:image\" content=\"https:\/\/hobstop.ee\/media\/3331.jpg\" \/>\n\t<meta property=\"og:image:width\" content=\"1024\" \/>\n\t<meta property=\"og:image:height\" content=\"768\" \/>\n\t<meta property=\"og:image:type\" content=\"image\/jpeg\" \/>\n<meta name=\"twitter:card\" content=\"summary_large_image\" \/>\n<script type=\"application\/ld+json\" class=\"yoast-schema-graph\">{\"@context\":\"https:\/\/schema.org\",\"@graph\":[{\"@type\":\"WebPage\",\"@id\":\"https:\/\/hobstop.ee\/lv\/produkts\/zimogs-vasku-manuscript\/\",\"url\":\"https:\/\/hobstop.ee\/lv\/produkts\/zimogs-vasku-manuscript\/\",\"name\":\"Z\u012bmogs + vasku Manuscript &#8211; Skizze\",\"isPartOf\":{\"@id\":\"https:\/\/hobstop.ee\/lv\/#website\"},\"primaryImageOfPage\":{\"@id\":\"https:\/\/hobstop.ee\/lv\/produkts\/zimogs-vasku-manuscript\/#primaryimage\"},\"image\":{\"@id\":\"https:\/\/hobstop.ee\/lv\/produkts\/zimogs-vasku-manuscript\/#primaryimage\"},\"thumbnailUrl\":\"https:\/\/hobstop.ee\/media\/3331.jpg\",\"datePublished\":\"2014-12-09T11:35:05+00:00\",\"dateModified\":\"-0001-11-30T00:00:00+00:00\",\"breadcrumb\":{\"@id\":\"https:\/\/hobstop.ee\/lv\/produkts\/zimogs-vasku-manuscript\/#breadcrumb\"},\"inLanguage\":\"lv-LV\",\"potentialAction\":[{\"@type\":\"ReadAction\",\"target\":[\"https:\/\/hobstop.ee\/lv\/produkts\/zimogs-vasku-manuscript\/\"]}]},{\"@type\":\"ImageObject\",\"inLanguage\":\"lv-LV\",\"@id\":\"https:\/\/hobstop.ee\/lv\/produkts\/zimogs-vasku-manuscript\/#primaryimage\",\"url\":\"https:\/\/hobstop.ee\/media\/3331.jpg\",\"contentUrl\":\"https:\/\/hobstop.ee\/media\/3331.jpg\",\"width\":1024,\"height\":768},{\"@type\":\"BreadcrumbList\",\"@id\":\"https:\/\/hobstop.ee\/lv\/produkts\/zimogs-vasku-manuscript\/#breadcrumb\",\"itemListElement\":[{\"@type\":\"ListItem\",\"position\":1,\"name\":\"Avaleht\",\"item\":\"https:\/\/www.hobstop.ee\/lv\/\"},{\"@type\":\"ListItem\",\"position\":2,\"name\":\"Veikals\",\"item\":\"https:\/\/www.hobstop.ee\/lv\/veikals\/\"},{\"@type\":\"ListItem\",\"position\":3,\"name\":\"Z\u012bmogs + vasku Manuscript\"}]},{\"@type\":\"WebSite\",\"@id\":\"https:\/\/hobstop.ee\/lv\/#website\",\"url\":\"https:\/\/hobstop.ee\/lv\/\",\"name\":\"Skizze\",\"description\":\"M\u0101kslas, hobiju un skolas preces\",\"publisher\":{\"@id\":\"https:\/\/hobstop.ee\/lv\/#organization\"},\"potentialAction\":[{\"@type\":\"SearchAction\",\"target\":{\"@type\":\"EntryPoint\",\"urlTemplate\":\"https:\/\/hobstop.ee\/lv\/?s={search_term_string}\"},\"query-input\":{\"@type\":\"PropertyValueSpecification\",\"valueRequired\":true,\"valueName\":\"search_term_string\"}}],\"inLanguage\":\"lv-LV\"},{\"@type\":\"Organization\",\"@id\":\"https:\/\/hobstop.ee\/lv\/#organization\",\"name\":\"Vunder AS\",\"url\":\"https:\/\/hobstop.ee\/lv\/\",\"logo\":{\"@type\":\"ImageObject\",\"inLanguage\":\"lv-LV\",\"@id\":\"https:\/\/hobstop.ee\/lv\/#\/schema\/logo\/image\/\",\"url\":\"https:\/\/hobstop.ee\/media\/vunder-logo.png\",\"contentUrl\":\"https:\/\/hobstop.ee\/media\/vunder-logo.png\",\"width\":127,\"height\":55,\"caption\":\"Vunder AS\"},\"image\":{\"@id\":\"https:\/\/hobstop.ee\/lv\/#\/schema\/logo\/image\/\"},\"sameAs\":[\"http:\/\/www.facebook.com\/VunderSkizze\"]}]}<\/script>\n<!-- \/ Yoast SEO plugin. -->","yoast_head_json":{"title":"Z\u012bmogs + vasku Manuscript &#8211; Skizze","robots":{"index":"noindex","follow":"follow","max-snippet":"max-snippet:-1","max-image-preview":"max-image-preview:large","max-video-preview":"max-video-preview:-1"},"og_locale":"lv_LV","og_type":"article","og_title":"Z\u012bmogs + vasku Manuscript &#8211; Skizze","og_description":"Z\u012bmogo\u0161anas m\u0101kslas pirms\u0101kumi ir mekl\u0113jami sen\u0101 pag\u0101tn\u0113, kad z\u012bmogs pild\u012bja personas paraksta funkcijas. Mazais, dekorat\u012bvais inici\u0101\u013cu vaska z\u012bmogs \u013caus saglab\u0101t \u0161o seno trad\u012bciju ar\u012b \u0161odien. Tas ir lielisks l\u012bdzeklis, ar ko uzlikt savus inici\u0101\u013cus v\u0113stul\u0113m un citiem s\u016bt\u012bjumiem. Komplekt\u0101 ietilpst ar\u012b z\u012bmogu vasks un lieto\u0161anas pam\u0101c\u012bba. Komplekt\u0101 ietilpst: Sarkanas kr\u0101sas mazais rokturis Z\u012bmogs ar inici\u0101\u013ciem Sarkanas kr\u0101sas z\u012bmogu vasks","og_url":"https:\/\/hobstop.ee\/lv\/produkts\/zimogs-vasku-manuscript\/","og_site_name":"Skizze","article_publisher":"http:\/\/www.facebook.com\/VunderSkizze","article_modified_time":"-0001-11-30T00:00:00+00:00","og_image":[{"width":1024,"height":768,"url":"https:\/\/hobstop.ee\/media\/3331.jpg","type":"image\/jpeg"}],"twitter_card":"summary_large_image","schema":{"@context":"https:\/\/schema.org","@graph":[{"@type":"WebPage","@id":"https:\/\/hobstop.ee\/lv\/produkts\/zimogs-vasku-manuscript\/","url":"https:\/\/hobstop.ee\/lv\/produkts\/zimogs-vasku-manuscript\/","name":"Z\u012bmogs + vasku Manuscript &#8211; Skizze","isPartOf":{"@id":"https:\/\/hobstop.ee\/lv\/#website"},"primaryImageOfPage":{"@id":"https:\/\/hobstop.ee\/lv\/produkts\/zimogs-vasku-manuscript\/#primaryimage"},"image":{"@id":"https:\/\/hobstop.ee\/lv\/produkts\/zimogs-vasku-manuscript\/#primaryimage"},"thumbnailUrl":"https:\/\/hobstop.ee\/media\/3331.jpg","datePublished":"2014-12-09T11:35:05+00:00","dateModified":"-0001-11-30T00:00:00+00:00","breadcrumb":{"@id":"https:\/\/hobstop.ee\/lv\/produkts\/zimogs-vasku-manuscript\/#breadcrumb"},"inLanguage":"lv-LV","potentialAction":[{"@type":"ReadAction","target":["https:\/\/hobstop.ee\/lv\/produkts\/zimogs-vasku-manuscript\/"]}]},{"@type":"ImageObject","inLanguage":"lv-LV","@id":"https:\/\/hobstop.ee\/lv\/produkts\/zimogs-vasku-manuscript\/#primaryimage","url":"https:\/\/hobstop.ee\/media\/3331.jpg","contentUrl":"https:\/\/hobstop.ee\/media\/3331.jpg","width":1024,"height":768},{"@type":"BreadcrumbList","@id":"https:\/\/hobstop.ee\/lv\/produkts\/zimogs-vasku-manuscript\/#breadcrumb","itemListElement":[{"@type":"ListItem","position":1,"name":"Avaleht","item":"https:\/\/www.hobstop.ee\/lv\/"},{"@type":"ListItem","position":2,"name":"Veikals","item":"https:\/\/www.hobstop.ee\/lv\/veikals\/"},{"@type":"ListItem","position":3,"name":"Z\u012bmogs + vasku Manuscript"}]},{"@type":"WebSite","@id":"https:\/\/hobstop.ee\/lv\/#website","url":"https:\/\/hobstop.ee\/lv\/","name":"Skizze","description":"M\u0101kslas, hobiju un skolas preces","publisher":{"@id":"https:\/\/hobstop.ee\/lv\/#organization"},"potentialAction":[{"@type":"SearchAction","target":{"@type":"EntryPoint","urlTemplate":"https:\/\/hobstop.ee\/lv\/?s={search_term_string}"},"query-input":{"@type":"PropertyValueSpecification","valueRequired":true,"valueName":"search_term_string"}}],"inLanguage":"lv-LV"},{"@type":"Organization","@id":"https:\/\/hobstop.ee\/lv\/#organization","name":"Vunder AS","url":"https:\/\/hobstop.ee\/lv\/","logo":{"@type":"ImageObject","inLanguage":"lv-LV","@id":"https:\/\/hobstop.ee\/lv\/#\/schema\/logo\/image\/","url":"https:\/\/hobstop.ee\/media\/vunder-logo.png","contentUrl":"https:\/\/hobstop.ee\/media\/vunder-logo.png","width":127,"height":55,"caption":"Vunder AS"},"image":{"@id":"https:\/\/hobstop.ee\/lv\/#\/schema\/logo\/image\/"},"sameAs":["http:\/\/www.facebook.com\/VunderSkizze"]}]}},"_links":{"self":[{"href":"https:\/\/hobstop.ee\/lv\/wp-json\/wp\/v2\/product\/62565","targetHints":{"allow":["GET"]}}],"collection":[{"href":"https:\/\/hobstop.ee\/lv\/wp-json\/wp\/v2\/product"}],"about":[{"href":"https:\/\/hobstop.ee\/lv\/wp-json\/wp\/v2\/types\/product"}],"replies":[{"embeddable":true,"href":"https:\/\/hobstop.ee\/lv\/wp-json\/wp\/v2\/comments?post=62565"}],"wp:featuredmedia":[{"embeddable":true,"href":"https:\/\/hobstop.ee\/lv\/wp-json\/wp\/v2\/media\/295069"}],"wp:attachment":[{"href":"https:\/\/hobstop.ee\/lv\/wp-json\/wp\/v2\/media?parent=62565"}],"wp:term":[{"taxonomy":"product_cat","embeddable":true,"href":"https:\/\/hobstop.ee\/lv\/wp-json\/wp\/v2\/product_cat?post=62565"},{"taxonomy":"product_tag","embeddable":true,"href":"https:\/\/hobstop.ee\/lv\/wp-json\/wp\/v2\/product_tag?post=62565"}],"curies":[{"name":"wp","href":"https:\/\/api.w.org\/{rel}","templated":true}]}}