{"id":62645,"date":"2014-12-09T13:35:23","date_gmt":"2014-12-09T11:35:23","guid":{"rendered":"https:\/\/sharks.ee\/vunder_2019.klient.veebimajutus.ee\/?post_type=product&p=62645"},"modified":"2014-12-09T13:35:23","modified_gmt":"2014-12-09T10:35:23","slug":"medijs-ellas-krasam-artisan-thinner","status":"publish","type":"product","link":"https:\/\/hobstop.ee\/lv\/produkts\/medijs-ellas-krasam-artisan-thinner\/","title":{"rendered":"M\u0113dijs e\u013c\u013cas kr\u0101s\u0101m Artisan Thinner"},"content":{"rendered":"<p>Artisan ar \u016bdeni sajaucam\u0101m e\u013c\u013cas kr\u0101s\u0101m izmanto speci\u0101lu at\u0161\u0137aid\u012bt\u0101ju. Artisan tika izstr\u0101d\u0101tas, lai neizmantotu kait\u012bgus \u0161\u0137\u012bdin\u0101t\u0101jus. Lai gan \u016bdeni var izmantot kr\u0101su \u0161\u0137aid\u012b\u0161anai, tam \u0101tri iztvaikojot, kr\u0101sa sabiez\u0113 uz paletes daudz \u0101tr\u0101k nek\u0101, ja parast\u0101 e\u013c\u013cas kr\u0101sa tiek lietota kop\u0101 ar terpent\u012bnu. T\u0101d\u0113\u013c ir izveidots jauns at\u0161\u0137aid\u012bt\u0101js, kas saglab\u0101 e\u013c\u013cainu izskatu, uzlabo pabeigta darba kvalit\u0101ti un uztur kr\u0101su svaigu ilg\u0101k k\u0101 kombin\u0101cij\u0101 ar \u016bdeni.<\/p>\n","protected":false},"excerpt":{"rendered":"<p>Artisan ar \u016bdeni sajaucam\u0101m e\u013c\u013cas kr\u0101s\u0101m izmanto speci\u0101lu at\u0161\u0137aid\u012bt\u0101ju. Artisan tika izstr\u0101d\u0101tas, lai neizmantotu kait\u012bgus \u0161\u0137\u012bdin\u0101t\u0101jus. Lai gan \u016bdeni var izmantot kr\u0101su \u0161\u0137aid\u012b\u0161anai, tam \u0101tri iztvaikojot, kr\u0101sa sabiez\u0113 uz paletes daudz \u0101tr\u0101k nek\u0101, ja parast\u0101 e\u013c\u013cas kr\u0101sa tiek lietota kop\u0101 ar terpent\u012bnu. T\u0101d\u0113\u013c ir izveidots jauns at\u0161\u0137aid\u012bt\u0101js, kas saglab\u0101 e\u013c\u013cainu izskatu, uzlabo pabeigta darba kvalit\u0101ti un uztur kr\u0101su svaigu ilg\u0101k k\u0101 kombin\u0101cij\u0101 ar \u016bdeni.<\/p>\n","protected":false},"featured_media":106826,"comment_status":"closed","ping_status":"closed","template":"","meta":{"_acf_changed":false,"ep_exclude_from_search":false},"product_cat":[18364,17980,16123],"product_tag":[],"class_list":{"0":"post-62645","1":"product","2":"type-product","3":"status-publish","4":"has-post-thumbnail","6":"product_cat-ellas-krasu-piedevas","7":"product_cat-krasas-un-gleznosanas-paligmateriali","8":"product_cat-makslas-piederumi-2","10":"first","11":"instock","12":"taxable","13":"shipping-taxable","14":"purchasable","15":"product-type-variable"},"acf":[],"yoast_head":"<!-- This site is optimized with the Yoast SEO plugin v24.1 - https:\/\/yoast.com\/wordpress\/plugins\/seo\/ -->\n<title>M\u0113dijs e\u013c\u013cas kr\u0101s\u0101m Artisan Thinner &#8211; Skizze<\/title>\n<meta name=\"robots\" content=\"noindex, follow, max-snippet:-1, max-image-preview:large, max-video-preview:-1\" \/>\n<meta property=\"og:locale\" content=\"lv_LV\" \/>\n<meta property=\"og:type\" content=\"article\" \/>\n<meta property=\"og:title\" content=\"M\u0113dijs e\u013c\u013cas kr\u0101s\u0101m Artisan Thinner &#8211; Skizze\" \/>\n<meta property=\"og:description\" content=\"Artisan ar \u016bdeni sajaucam\u0101m e\u013c\u013cas kr\u0101s\u0101m izmanto speci\u0101lu at\u0161\u0137aid\u012bt\u0101ju. Artisan tika izstr\u0101d\u0101tas, lai neizmantotu kait\u012bgus \u0161\u0137\u012bdin\u0101t\u0101jus. Lai gan \u016bdeni var izmantot kr\u0101su \u0161\u0137aid\u012b\u0161anai, tam \u0101tri iztvaikojot, kr\u0101sa sabiez\u0113 uz paletes daudz \u0101tr\u0101k nek\u0101, ja parast\u0101 e\u013c\u013cas kr\u0101sa tiek lietota kop\u0101 ar terpent\u012bnu. T\u0101d\u0113\u013c ir izveidots jauns at\u0161\u0137aid\u012bt\u0101js, kas saglab\u0101 e\u013c\u013cainu izskatu, uzlabo pabeigta darba kvalit\u0101ti un uztur kr\u0101su svaigu ilg\u0101k k\u0101 kombin\u0101cij\u0101 ar \u016bdeni.\" \/>\n<meta property=\"og:url\" content=\"https:\/\/hobstop.ee\/lv\/produkts\/medijs-ellas-krasam-artisan-thinner\/\" \/>\n<meta property=\"og:site_name\" content=\"Skizze\" \/>\n<meta property=\"article:publisher\" content=\"http:\/\/www.facebook.com\/VunderSkizze\" \/>\n<meta property=\"article:modified_time\" content=\"-0001-11-30T00:00:00+00:00\" \/>\n<meta property=\"og:image\" content=\"https:\/\/hobstop.ee\/media\/3373.jpg\" \/>\n\t<meta property=\"og:image:width\" content=\"1024\" \/>\n\t<meta property=\"og:image:height\" content=\"768\" \/>\n\t<meta property=\"og:image:type\" content=\"image\/jpeg\" \/>\n<meta name=\"twitter:card\" content=\"summary_large_image\" \/>\n<script type=\"application\/ld+json\" class=\"yoast-schema-graph\">{\"@context\":\"https:\/\/schema.org\",\"@graph\":[{\"@type\":\"WebPage\",\"@id\":\"https:\/\/hobstop.ee\/lv\/produkts\/medijs-ellas-krasam-artisan-thinner\/\",\"url\":\"https:\/\/hobstop.ee\/lv\/produkts\/medijs-ellas-krasam-artisan-thinner\/\",\"name\":\"M\u0113dijs e\u013c\u013cas kr\u0101s\u0101m Artisan Thinner &#8211; Skizze\",\"isPartOf\":{\"@id\":\"https:\/\/hobstop.ee\/lv\/#website\"},\"primaryImageOfPage\":{\"@id\":\"https:\/\/hobstop.ee\/lv\/produkts\/medijs-ellas-krasam-artisan-thinner\/#primaryimage\"},\"image\":{\"@id\":\"https:\/\/hobstop.ee\/lv\/produkts\/medijs-ellas-krasam-artisan-thinner\/#primaryimage\"},\"thumbnailUrl\":\"https:\/\/hobstop.ee\/media\/3373.jpg\",\"datePublished\":\"2014-12-09T11:35:23+00:00\",\"dateModified\":\"-0001-11-30T00:00:00+00:00\",\"breadcrumb\":{\"@id\":\"https:\/\/hobstop.ee\/lv\/produkts\/medijs-ellas-krasam-artisan-thinner\/#breadcrumb\"},\"inLanguage\":\"lv-LV\",\"potentialAction\":[{\"@type\":\"ReadAction\",\"target\":[\"https:\/\/hobstop.ee\/lv\/produkts\/medijs-ellas-krasam-artisan-thinner\/\"]}]},{\"@type\":\"ImageObject\",\"inLanguage\":\"lv-LV\",\"@id\":\"https:\/\/hobstop.ee\/lv\/produkts\/medijs-ellas-krasam-artisan-thinner\/#primaryimage\",\"url\":\"https:\/\/hobstop.ee\/media\/3373.jpg\",\"contentUrl\":\"https:\/\/hobstop.ee\/media\/3373.jpg\",\"width\":1024,\"height\":768},{\"@type\":\"BreadcrumbList\",\"@id\":\"https:\/\/hobstop.ee\/lv\/produkts\/medijs-ellas-krasam-artisan-thinner\/#breadcrumb\",\"itemListElement\":[{\"@type\":\"ListItem\",\"position\":1,\"name\":\"Avaleht\",\"item\":\"https:\/\/hobstop.ee\/lv\/\"},{\"@type\":\"ListItem\",\"position\":2,\"name\":\"Veikals\",\"item\":\"https:\/\/hobstop.ee\/lv\/veikals\/\"},{\"@type\":\"ListItem\",\"position\":3,\"name\":\"M\u0113dijs e\u013c\u013cas kr\u0101s\u0101m Artisan Thinner\"}]},{\"@type\":\"WebSite\",\"@id\":\"https:\/\/hobstop.ee\/lv\/#website\",\"url\":\"https:\/\/hobstop.ee\/lv\/\",\"name\":\"Skizze\",\"description\":\"M\u0101kslas, hobiju un skolas preces\",\"publisher\":{\"@id\":\"https:\/\/hobstop.ee\/lv\/#organization\"},\"potentialAction\":[{\"@type\":\"SearchAction\",\"target\":{\"@type\":\"EntryPoint\",\"urlTemplate\":\"https:\/\/hobstop.ee\/lv\/?s={search_term_string}\"},\"query-input\":{\"@type\":\"PropertyValueSpecification\",\"valueRequired\":true,\"valueName\":\"search_term_string\"}}],\"inLanguage\":\"lv-LV\"},{\"@type\":\"Organization\",\"@id\":\"https:\/\/hobstop.ee\/lv\/#organization\",\"name\":\"Vunder AS\",\"url\":\"https:\/\/hobstop.ee\/lv\/\",\"logo\":{\"@type\":\"ImageObject\",\"inLanguage\":\"lv-LV\",\"@id\":\"https:\/\/hobstop.ee\/lv\/#\/schema\/logo\/image\/\",\"url\":\"https:\/\/hobstop.ee\/media\/vunder-logo.png\",\"contentUrl\":\"https:\/\/hobstop.ee\/media\/vunder-logo.png\",\"width\":127,\"height\":55,\"caption\":\"Vunder AS\"},\"image\":{\"@id\":\"https:\/\/hobstop.ee\/lv\/#\/schema\/logo\/image\/\"},\"sameAs\":[\"http:\/\/www.facebook.com\/VunderSkizze\"]}]}<\/script>\n<!-- \/ Yoast SEO plugin. -->","yoast_head_json":{"title":"M\u0113dijs e\u013c\u013cas kr\u0101s\u0101m Artisan Thinner &#8211; Skizze","robots":{"index":"noindex","follow":"follow","max-snippet":"max-snippet:-1","max-image-preview":"max-image-preview:large","max-video-preview":"max-video-preview:-1"},"og_locale":"lv_LV","og_type":"article","og_title":"M\u0113dijs e\u013c\u013cas kr\u0101s\u0101m Artisan Thinner &#8211; Skizze","og_description":"Artisan ar \u016bdeni sajaucam\u0101m e\u013c\u013cas kr\u0101s\u0101m izmanto speci\u0101lu at\u0161\u0137aid\u012bt\u0101ju. Artisan tika izstr\u0101d\u0101tas, lai neizmantotu kait\u012bgus \u0161\u0137\u012bdin\u0101t\u0101jus. Lai gan \u016bdeni var izmantot kr\u0101su \u0161\u0137aid\u012b\u0161anai, tam \u0101tri iztvaikojot, kr\u0101sa sabiez\u0113 uz paletes daudz \u0101tr\u0101k nek\u0101, ja parast\u0101 e\u013c\u013cas kr\u0101sa tiek lietota kop\u0101 ar terpent\u012bnu. T\u0101d\u0113\u013c ir izveidots jauns at\u0161\u0137aid\u012bt\u0101js, kas saglab\u0101 e\u013c\u013cainu izskatu, uzlabo pabeigta darba kvalit\u0101ti un uztur kr\u0101su svaigu ilg\u0101k k\u0101 kombin\u0101cij\u0101 ar \u016bdeni.","og_url":"https:\/\/hobstop.ee\/lv\/produkts\/medijs-ellas-krasam-artisan-thinner\/","og_site_name":"Skizze","article_publisher":"http:\/\/www.facebook.com\/VunderSkizze","article_modified_time":"-0001-11-30T00:00:00+00:00","og_image":[{"width":1024,"height":768,"url":"https:\/\/hobstop.ee\/media\/3373.jpg","type":"image\/jpeg"}],"twitter_card":"summary_large_image","schema":{"@context":"https:\/\/schema.org","@graph":[{"@type":"WebPage","@id":"https:\/\/hobstop.ee\/lv\/produkts\/medijs-ellas-krasam-artisan-thinner\/","url":"https:\/\/hobstop.ee\/lv\/produkts\/medijs-ellas-krasam-artisan-thinner\/","name":"M\u0113dijs e\u013c\u013cas kr\u0101s\u0101m Artisan Thinner &#8211; Skizze","isPartOf":{"@id":"https:\/\/hobstop.ee\/lv\/#website"},"primaryImageOfPage":{"@id":"https:\/\/hobstop.ee\/lv\/produkts\/medijs-ellas-krasam-artisan-thinner\/#primaryimage"},"image":{"@id":"https:\/\/hobstop.ee\/lv\/produkts\/medijs-ellas-krasam-artisan-thinner\/#primaryimage"},"thumbnailUrl":"https:\/\/hobstop.ee\/media\/3373.jpg","datePublished":"2014-12-09T11:35:23+00:00","dateModified":"-0001-11-30T00:00:00+00:00","breadcrumb":{"@id":"https:\/\/hobstop.ee\/lv\/produkts\/medijs-ellas-krasam-artisan-thinner\/#breadcrumb"},"inLanguage":"lv-LV","potentialAction":[{"@type":"ReadAction","target":["https:\/\/hobstop.ee\/lv\/produkts\/medijs-ellas-krasam-artisan-thinner\/"]}]},{"@type":"ImageObject","inLanguage":"lv-LV","@id":"https:\/\/hobstop.ee\/lv\/produkts\/medijs-ellas-krasam-artisan-thinner\/#primaryimage","url":"https:\/\/hobstop.ee\/media\/3373.jpg","contentUrl":"https:\/\/hobstop.ee\/media\/3373.jpg","width":1024,"height":768},{"@type":"BreadcrumbList","@id":"https:\/\/hobstop.ee\/lv\/produkts\/medijs-ellas-krasam-artisan-thinner\/#breadcrumb","itemListElement":[{"@type":"ListItem","position":1,"name":"Avaleht","item":"https:\/\/hobstop.ee\/lv\/"},{"@type":"ListItem","position":2,"name":"Veikals","item":"https:\/\/hobstop.ee\/lv\/veikals\/"},{"@type":"ListItem","position":3,"name":"M\u0113dijs e\u013c\u013cas kr\u0101s\u0101m Artisan Thinner"}]},{"@type":"WebSite","@id":"https:\/\/hobstop.ee\/lv\/#website","url":"https:\/\/hobstop.ee\/lv\/","name":"Skizze","description":"M\u0101kslas, hobiju un skolas preces","publisher":{"@id":"https:\/\/hobstop.ee\/lv\/#organization"},"potentialAction":[{"@type":"SearchAction","target":{"@type":"EntryPoint","urlTemplate":"https:\/\/hobstop.ee\/lv\/?s={search_term_string}"},"query-input":{"@type":"PropertyValueSpecification","valueRequired":true,"valueName":"search_term_string"}}],"inLanguage":"lv-LV"},{"@type":"Organization","@id":"https:\/\/hobstop.ee\/lv\/#organization","name":"Vunder AS","url":"https:\/\/hobstop.ee\/lv\/","logo":{"@type":"ImageObject","inLanguage":"lv-LV","@id":"https:\/\/hobstop.ee\/lv\/#\/schema\/logo\/image\/","url":"https:\/\/hobstop.ee\/media\/vunder-logo.png","contentUrl":"https:\/\/hobstop.ee\/media\/vunder-logo.png","width":127,"height":55,"caption":"Vunder AS"},"image":{"@id":"https:\/\/hobstop.ee\/lv\/#\/schema\/logo\/image\/"},"sameAs":["http:\/\/www.facebook.com\/VunderSkizze"]}]}},"_links":{"self":[{"href":"https:\/\/hobstop.ee\/lv\/wp-json\/wp\/v2\/product\/62645","targetHints":{"allow":["GET"]}}],"collection":[{"href":"https:\/\/hobstop.ee\/lv\/wp-json\/wp\/v2\/product"}],"about":[{"href":"https:\/\/hobstop.ee\/lv\/wp-json\/wp\/v2\/types\/product"}],"replies":[{"embeddable":true,"href":"https:\/\/hobstop.ee\/lv\/wp-json\/wp\/v2\/comments?post=62645"}],"wp:featuredmedia":[{"embeddable":true,"href":"https:\/\/hobstop.ee\/lv\/wp-json\/wp\/v2\/media\/106826"}],"wp:attachment":[{"href":"https:\/\/hobstop.ee\/lv\/wp-json\/wp\/v2\/media?parent=62645"}],"wp:term":[{"taxonomy":"product_cat","embeddable":true,"href":"https:\/\/hobstop.ee\/lv\/wp-json\/wp\/v2\/product_cat?post=62645"},{"taxonomy":"product_tag","embeddable":true,"href":"https:\/\/hobstop.ee\/lv\/wp-json\/wp\/v2\/product_tag?post=62645"}],"curies":[{"name":"wp","href":"https:\/\/api.w.org\/{rel}","templated":true}]}}